{"id":35819,"date":"2020-12-09T06:14:25","date_gmt":"2020-12-09T06:14:25","guid":{"rendered":"https:\/\/bien-etreiris.ch\/?page_id=35819"},"modified":"2021-05-28T13:18:07","modified_gmt":"2021-05-28T11:18:07","slug":"mimikaki-cure-oreilles-japonais","status":"publish","type":"page","link":"https:\/\/bien-etreiris.ch\/de\/produktpraesentation\/hygiene\/koerperpflege\/zubehoer-fuer-die-koerperpflege\/zubehoer-fuer-die-ohrenpflege\/mimikaki-cure-oreilles-japonais\/","title":{"rendered":"MIMIKAKI"},"content":{"rendered":"\n<h2 class=\"wp-block-heading\"><strong>Japanischer Ohrenl\u00f6ffel<\/strong><\/h2>\n\n\n<p><a href=\"https:\/\/decoiris.ch\/wp-content\/uploads\/2020\/09\/Le-Mimikaki-2.png\"><img loading=\"lazy\" decoding=\"async\" class=\"size-medium wp-image-32243 alignleft\" src=\"https:\/\/decoiris.ch\/wp-content\/uploads\/2020\/09\/Le-Mimikaki-2-300x235.png\" alt=\"\" width=\"300\" height=\"235\" srcset=\"https:\/\/bien-etreiris.ch\/wp-content\/uploads\/2020\/09\/Le-Mimikaki-2-300x235.png 300w, https:\/\/bien-etreiris.ch\/wp-content\/uploads\/2020\/09\/Le-Mimikaki-2.png 500w\" sizes=\"auto, (max-width: 300px) 100vw, 300px\" \/><\/a><\/p>\n<div class=\"vee_shop_page_excerpt\">\n<ul style=\"list-style-type: disc;\">\n<li>DURABLE<\/li>\n<li>WASCHBAR<\/li>\n<li>REDUZIERT ABFALL<\/li>\n<li>LEBENSLANG WIEDERVERWENDBAR<\/li>\n<li>\u00d6KOLOGISCH ABMESSUNG : 12cm x 4mm<\/li>\n<li>AUS ROSTFREIEM STAHL<\/li>\n<\/ul>\n<p>&nbsp;<\/p>\n<p>1 St\u00fcck CHF 6.70<\/p>\n<\/div>\n<p>&nbsp;<\/p>\n<p>&nbsp;<\/p>\n<p>&nbsp;<\/p>\n<div class=\"vee_shop_page_excerpt\">\n<p>&nbsp;<\/p>\n<p><strong>Mimi bedeutet Ohren auf Japanisch und MimiKaki ist der Name des traditionellen japanischen Ohrreinigungsrituals.<\/strong><\/p>\n<\/div>\n<p><a href=\"https:\/\/decoiris.ch\/wp-content\/uploads\/2020\/09\/Le-Mimikaki-photo.jpg\"><img loading=\"lazy\" decoding=\"async\" class=\"alignnone size-medium wp-image-32246\" src=\"https:\/\/decoiris.ch\/wp-content\/uploads\/2020\/09\/Le-Mimikaki-photo-300x157.jpg\" alt=\"\" width=\"300\" height=\"157\"><\/a><\/p>\n<p>&nbsp;<\/p>\n<p>&nbsp;<\/p>\n<ul style=\"list-style-type: disc;\">\n<li>Unser MimiKaki ersetzt viele Wattest\u00e4bchen<\/li>\n<li>Diese Ohrmarke ist aus rostfreiem Stahl gefertigt und hat eine lange Lebensdauer<\/li>\n<li>An seinen Enden befinden sich zwei kleine Spatel zum Auffangen von Ohrenschmalz<\/li>\n<li>Unser MimiKaki wird zwischen jedem Gebrauch mit Seifenwasser gereinigt, bevor man es trocknen l\u00e4sst<\/li>\n<li>Es erm\u00f6glicht auch sch\u00f6ne Einsparungen und vor allem erzeugt seine Verwendung keine Umweltverschmutzung.<\/li>\n<\/ul>\n<p>&nbsp;<\/p>\n<h4>VORSICHTSMASSNAHMEN F\u00dcR DEN GEBRAUCH <\/h4>\n<p><br>Nicht zu weit in den Geh\u00f6rgang schieben, um Verletzungen zu vermeiden! Achten Sie bei der Anwendung darauf, dass Sie sich vorher in einer ruhigen Umgebung befinden, um nicht angerempelt zu werden.<\/p>","protected":false},"excerpt":{"rendered":"<p>Japanischer Ohrenl\u00f6ffel DURABLE WASCHBAR REDUZIERT ABFALL LEBENSLANG WIEDERVERWENDBAR \u00d6KOLOGISCH ABMESSUNG : 12cm x 4mm AUS ROSTFREIEM STAHL &nbsp; 1 St\u00fcck CHF 6.70 &nbsp; &nbsp; &nbsp; &nbsp; Mimi bedeutet Ohren auf Japanisch und MimiKaki ist der Name des traditionellen japanischen Ohrreinigungsrituals. &nbsp; &nbsp; Unser MimiKaki ersetzt viele Wattest\u00e4bchen Diese Ohrmarke ist aus rostfreiem Stahl gefertigt und hat eine lange Lebensdauer An&nbsp;<a href=\"https:\/\/bien-etreiris.ch\/de\/produktpraesentation\/hygiene\/koerperpflege\/zubehoer-fuer-die-koerperpflege\/zubehoer-fuer-die-ohrenpflege\/mimikaki-cure-oreilles-japonais\/\" class=\"read-more\">Weiter lesen<\/a><\/p>\n","protected":false},"author":1,"featured_media":43581,"parent":43574,"menu_order":6643,"comment_status":"closed","ping_status":"closed","template":"page-with-child.php","meta":{"_acf_changed":false,"ngg_post_thumbnail":0,"footnotes":""},"class_list":["post-35819","page","type-page","status-publish","has-post-thumbnail","hentry"],"acf":[],"yoast_head":"<!-- This site is optimized with the Yoast SEO plugin v27.5 - https:\/\/yoast.com\/product\/yoast-seo-wordpress\/ -->\n<title>MIMIKAKI - WOHLBEFINDEN<\/title>\n<meta name=\"robots\" content=\"index, follow, max-snippet:-1, max-image-preview:large, max-video-preview:-1\" \/>\n<link rel=\"canonical\" href=\"https:\/\/bien-etreiris.ch\/de\/produktpraesentation\/hygiene\/koerperpflege\/zubehoer-fuer-die-koerperpflege\/zubehoer-fuer-die-ohrenpflege\/mimikaki-cure-oreilles-japonais\/\" \/>\n<meta property=\"og:locale\" content=\"de_DE\" \/>\n<meta property=\"og:type\" content=\"article\" \/>\n<meta property=\"og:title\" content=\"MIMIKAKI - WOHLBEFINDEN\" \/>\n<meta property=\"og:description\" content=\"Japanischer Ohrenl\u00f6ffel DURABLE WASCHBAR REDUZIERT ABFALL LEBENSLANG WIEDERVERWENDBAR \u00d6KOLOGISCH ABMESSUNG : 12cm x 4mm AUS ROSTFREIEM STAHL &nbsp; 1 St\u00fcck CHF 6.70 &nbsp; &nbsp; &nbsp; &nbsp; Mimi bedeutet Ohren auf Japanisch und MimiKaki ist der Name des traditionellen japanischen Ohrreinigungsrituals. &nbsp; &nbsp; Unser MimiKaki ersetzt viele Wattest\u00e4bchen Diese Ohrmarke ist aus rostfreiem Stahl gefertigt und hat eine lange Lebensdauer An&nbsp;Weiter lesen\" \/>\n<meta property=\"og:url\" content=\"https:\/\/bien-etreiris.ch\/de\/produktpraesentation\/hygiene\/koerperpflege\/zubehoer-fuer-die-koerperpflege\/zubehoer-fuer-die-ohrenpflege\/mimikaki-cure-oreilles-japonais\/\" \/>\n<meta property=\"og:site_name\" content=\"WOHLBEFINDEN\" \/>\n<meta property=\"article:publisher\" content=\"https:\/\/www.facebook.com\/bienetreiris\/\" \/>\n<meta property=\"article:modified_time\" content=\"2021-05-28T11:18:07+00:00\" \/>\n<meta property=\"og:image\" content=\"https:\/\/bien-etreiris.ch\/wp-content\/uploads\/2021\/05\/Le-Mimikaki-photo.jpg\" \/>\n\t<meta property=\"og:image:width\" content=\"500\" \/>\n\t<meta property=\"og:image:height\" content=\"262\" \/>\n\t<meta property=\"og:image:type\" content=\"image\/jpeg\" \/>\n<meta name=\"twitter:label1\" content=\"Gesch\u00e4tzte Lesezeit\" \/>\n\t<meta name=\"twitter:data1\" content=\"1\u00a0Minute\" \/>\n<script type=\"application\/ld+json\" class=\"yoast-schema-graph\">{\"@context\":\"https:\\\/\\\/schema.org\",\"@graph\":[{\"@type\":\"WebPage\",\"@id\":\"https:\\\/\\\/bien-etreiris.ch\\\/de\\\/produktpraesentation\\\/hygiene\\\/koerperpflege\\\/zubehoer-fuer-die-koerperpflege\\\/zubehoer-fuer-die-ohrenpflege\\\/mimikaki-cure-oreilles-japonais\\\/\",\"url\":\"https:\\\/\\\/bien-etreiris.ch\\\/de\\\/produktpraesentation\\\/hygiene\\\/koerperpflege\\\/zubehoer-fuer-die-koerperpflege\\\/zubehoer-fuer-die-ohrenpflege\\\/mimikaki-cure-oreilles-japonais\\\/\",\"name\":\"MIMIKAKI - WOHLBEFINDEN\",\"isPartOf\":{\"@id\":\"https:\\\/\\\/bien-etreiris.ch\\\/de\\\/#website\"},\"primaryImageOfPage\":{\"@id\":\"https:\\\/\\\/bien-etreiris.ch\\\/de\\\/produktpraesentation\\\/hygiene\\\/koerperpflege\\\/zubehoer-fuer-die-koerperpflege\\\/zubehoer-fuer-die-ohrenpflege\\\/mimikaki-cure-oreilles-japonais\\\/#primaryimage\"},\"image\":{\"@id\":\"https:\\\/\\\/bien-etreiris.ch\\\/de\\\/produktpraesentation\\\/hygiene\\\/koerperpflege\\\/zubehoer-fuer-die-koerperpflege\\\/zubehoer-fuer-die-ohrenpflege\\\/mimikaki-cure-oreilles-japonais\\\/#primaryimage\"},\"thumbnailUrl\":\"https:\\\/\\\/bien-etreiris.ch\\\/wp-content\\\/uploads\\\/2021\\\/05\\\/Le-Mimikaki-photo.jpg\",\"datePublished\":\"2020-12-09T06:14:25+00:00\",\"dateModified\":\"2021-05-28T11:18:07+00:00\",\"breadcrumb\":{\"@id\":\"https:\\\/\\\/bien-etreiris.ch\\\/de\\\/produktpraesentation\\\/hygiene\\\/koerperpflege\\\/zubehoer-fuer-die-koerperpflege\\\/zubehoer-fuer-die-ohrenpflege\\\/mimikaki-cure-oreilles-japonais\\\/#breadcrumb\"},\"inLanguage\":\"de\",\"potentialAction\":[{\"@type\":\"ReadAction\",\"target\":[\"https:\\\/\\\/bien-etreiris.ch\\\/de\\\/produktpraesentation\\\/hygiene\\\/koerperpflege\\\/zubehoer-fuer-die-koerperpflege\\\/zubehoer-fuer-die-ohrenpflege\\\/mimikaki-cure-oreilles-japonais\\\/\"]}]},{\"@type\":\"ImageObject\",\"inLanguage\":\"de\",\"@id\":\"https:\\\/\\\/bien-etreiris.ch\\\/de\\\/produktpraesentation\\\/hygiene\\\/koerperpflege\\\/zubehoer-fuer-die-koerperpflege\\\/zubehoer-fuer-die-ohrenpflege\\\/mimikaki-cure-oreilles-japonais\\\/#primaryimage\",\"url\":\"https:\\\/\\\/bien-etreiris.ch\\\/wp-content\\\/uploads\\\/2021\\\/05\\\/Le-Mimikaki-photo.jpg\",\"contentUrl\":\"https:\\\/\\\/bien-etreiris.ch\\\/wp-content\\\/uploads\\\/2021\\\/05\\\/Le-Mimikaki-photo.jpg\",\"width\":500,\"height\":262},{\"@type\":\"BreadcrumbList\",\"@id\":\"https:\\\/\\\/bien-etreiris.ch\\\/de\\\/produktpraesentation\\\/hygiene\\\/koerperpflege\\\/zubehoer-fuer-die-koerperpflege\\\/zubehoer-fuer-die-ohrenpflege\\\/mimikaki-cure-oreilles-japonais\\\/#breadcrumb\",\"itemListElement\":[{\"@type\":\"ListItem\",\"position\":1,\"name\":\"Home\",\"item\":\"https:\\\/\\\/bien-etreiris.ch\\\/de\\\/\"},{\"@type\":\"ListItem\",\"position\":2,\"name\":\"PRODUKTPR\u00c4SENTATION\",\"item\":\"https:\\\/\\\/bien-etreiris.ch\\\/de\\\/produktpraesentation\\\/\"},{\"@type\":\"ListItem\",\"position\":3,\"name\":\"HYGIENE\",\"item\":\"https:\\\/\\\/bien-etreiris.ch\\\/de\\\/produktpraesentation\\\/hygiene\\\/\"},{\"@type\":\"ListItem\",\"position\":4,\"name\":\"K\u00d6RPERPFLEGE\",\"item\":\"https:\\\/\\\/bien-etreiris.ch\\\/de\\\/produktpraesentation\\\/hygiene\\\/koerperpflege\\\/\"},{\"@type\":\"ListItem\",\"position\":5,\"name\":\"ZUBEH\u00d6R\",\"item\":\"https:\\\/\\\/bien-etreiris.ch\\\/de\\\/produktpraesentation\\\/hygiene\\\/koerperpflege\\\/zubehoer-fuer-die-koerperpflege\\\/\"},{\"@type\":\"ListItem\",\"position\":6,\"name\":\"OHREN\",\"item\":\"https:\\\/\\\/bien-etreiris.ch\\\/de\\\/produktpraesentation\\\/hygiene\\\/koerperpflege\\\/zubehoer-fuer-die-koerperpflege\\\/zubehoer-fuer-die-ohrenpflege\\\/\"},{\"@type\":\"ListItem\",\"position\":7,\"name\":\"MIMIKAKI\"}]},{\"@type\":\"WebSite\",\"@id\":\"https:\\\/\\\/bien-etreiris.ch\\\/de\\\/#website\",\"url\":\"https:\\\/\\\/bien-etreiris.ch\\\/de\\\/\",\"name\":\"Bien-\u00eatre Iris\",\"description\":\"IHRE Gesundheit ist uns wichtig\",\"potentialAction\":[{\"@type\":\"SearchAction\",\"target\":{\"@type\":\"EntryPoint\",\"urlTemplate\":\"https:\\\/\\\/bien-etreiris.ch\\\/de\\\/?s={search_term_string}\"},\"query-input\":{\"@type\":\"PropertyValueSpecification\",\"valueRequired\":true,\"valueName\":\"search_term_string\"}}],\"inLanguage\":\"de\"}]}<\/script>\n<!-- \/ Yoast SEO plugin. -->","yoast_head_json":{"title":"MIMIKAKI - WOHLBEFINDEN","robots":{"index":"index","follow":"follow","max-snippet":"max-snippet:-1","max-image-preview":"max-image-preview:large","max-video-preview":"max-video-preview:-1"},"canonical":"https:\/\/bien-etreiris.ch\/de\/produktpraesentation\/hygiene\/koerperpflege\/zubehoer-fuer-die-koerperpflege\/zubehoer-fuer-die-ohrenpflege\/mimikaki-cure-oreilles-japonais\/","og_locale":"de_DE","og_type":"article","og_title":"MIMIKAKI - WOHLBEFINDEN","og_description":"Japanischer Ohrenl\u00f6ffel DURABLE WASCHBAR REDUZIERT ABFALL LEBENSLANG WIEDERVERWENDBAR \u00d6KOLOGISCH ABMESSUNG : 12cm x 4mm AUS ROSTFREIEM STAHL &nbsp; 1 St\u00fcck CHF 6.70 &nbsp; &nbsp; &nbsp; &nbsp; Mimi bedeutet Ohren auf Japanisch und MimiKaki ist der Name des traditionellen japanischen Ohrreinigungsrituals. &nbsp; &nbsp; Unser MimiKaki ersetzt viele Wattest\u00e4bchen Diese Ohrmarke ist aus rostfreiem Stahl gefertigt und hat eine lange Lebensdauer An&nbsp;Weiter lesen","og_url":"https:\/\/bien-etreiris.ch\/de\/produktpraesentation\/hygiene\/koerperpflege\/zubehoer-fuer-die-koerperpflege\/zubehoer-fuer-die-ohrenpflege\/mimikaki-cure-oreilles-japonais\/","og_site_name":"WOHLBEFINDEN","article_publisher":"https:\/\/www.facebook.com\/bienetreiris\/","article_modified_time":"2021-05-28T11:18:07+00:00","og_image":[{"width":500,"height":262,"url":"https:\/\/bien-etreiris.ch\/wp-content\/uploads\/2021\/05\/Le-Mimikaki-photo.jpg","type":"image\/jpeg"}],"twitter_misc":{"Gesch\u00e4tzte Lesezeit":"1\u00a0Minute"},"schema":{"@context":"https:\/\/schema.org","@graph":[{"@type":"WebPage","@id":"https:\/\/bien-etreiris.ch\/de\/produktpraesentation\/hygiene\/koerperpflege\/zubehoer-fuer-die-koerperpflege\/zubehoer-fuer-die-ohrenpflege\/mimikaki-cure-oreilles-japonais\/","url":"https:\/\/bien-etreiris.ch\/de\/produktpraesentation\/hygiene\/koerperpflege\/zubehoer-fuer-die-koerperpflege\/zubehoer-fuer-die-ohrenpflege\/mimikaki-cure-oreilles-japonais\/","name":"MIMIKAKI - WOHLBEFINDEN","isPartOf":{"@id":"https:\/\/bien-etreiris.ch\/de\/#website"},"primaryImageOfPage":{"@id":"https:\/\/bien-etreiris.ch\/de\/produktpraesentation\/hygiene\/koerperpflege\/zubehoer-fuer-die-koerperpflege\/zubehoer-fuer-die-ohrenpflege\/mimikaki-cure-oreilles-japonais\/#primaryimage"},"image":{"@id":"https:\/\/bien-etreiris.ch\/de\/produktpraesentation\/hygiene\/koerperpflege\/zubehoer-fuer-die-koerperpflege\/zubehoer-fuer-die-ohrenpflege\/mimikaki-cure-oreilles-japonais\/#primaryimage"},"thumbnailUrl":"https:\/\/bien-etreiris.ch\/wp-content\/uploads\/2021\/05\/Le-Mimikaki-photo.jpg","datePublished":"2020-12-09T06:14:25+00:00","dateModified":"2021-05-28T11:18:07+00:00","breadcrumb":{"@id":"https:\/\/bien-etreiris.ch\/de\/produktpraesentation\/hygiene\/koerperpflege\/zubehoer-fuer-die-koerperpflege\/zubehoer-fuer-die-ohrenpflege\/mimikaki-cure-oreilles-japonais\/#breadcrumb"},"inLanguage":"de","potentialAction":[{"@type":"ReadAction","target":["https:\/\/bien-etreiris.ch\/de\/produktpraesentation\/hygiene\/koerperpflege\/zubehoer-fuer-die-koerperpflege\/zubehoer-fuer-die-ohrenpflege\/mimikaki-cure-oreilles-japonais\/"]}]},{"@type":"ImageObject","inLanguage":"de","@id":"https:\/\/bien-etreiris.ch\/de\/produktpraesentation\/hygiene\/koerperpflege\/zubehoer-fuer-die-koerperpflege\/zubehoer-fuer-die-ohrenpflege\/mimikaki-cure-oreilles-japonais\/#primaryimage","url":"https:\/\/bien-etreiris.ch\/wp-content\/uploads\/2021\/05\/Le-Mimikaki-photo.jpg","contentUrl":"https:\/\/bien-etreiris.ch\/wp-content\/uploads\/2021\/05\/Le-Mimikaki-photo.jpg","width":500,"height":262},{"@type":"BreadcrumbList","@id":"https:\/\/bien-etreiris.ch\/de\/produktpraesentation\/hygiene\/koerperpflege\/zubehoer-fuer-die-koerperpflege\/zubehoer-fuer-die-ohrenpflege\/mimikaki-cure-oreilles-japonais\/#breadcrumb","itemListElement":[{"@type":"ListItem","position":1,"name":"Home","item":"https:\/\/bien-etreiris.ch\/de\/"},{"@type":"ListItem","position":2,"name":"PRODUKTPR\u00c4SENTATION","item":"https:\/\/bien-etreiris.ch\/de\/produktpraesentation\/"},{"@type":"ListItem","position":3,"name":"HYGIENE","item":"https:\/\/bien-etreiris.ch\/de\/produktpraesentation\/hygiene\/"},{"@type":"ListItem","position":4,"name":"K\u00d6RPERPFLEGE","item":"https:\/\/bien-etreiris.ch\/de\/produktpraesentation\/hygiene\/koerperpflege\/"},{"@type":"ListItem","position":5,"name":"ZUBEH\u00d6R","item":"https:\/\/bien-etreiris.ch\/de\/produktpraesentation\/hygiene\/koerperpflege\/zubehoer-fuer-die-koerperpflege\/"},{"@type":"ListItem","position":6,"name":"OHREN","item":"https:\/\/bien-etreiris.ch\/de\/produktpraesentation\/hygiene\/koerperpflege\/zubehoer-fuer-die-koerperpflege\/zubehoer-fuer-die-ohrenpflege\/"},{"@type":"ListItem","position":7,"name":"MIMIKAKI"}]},{"@type":"WebSite","@id":"https:\/\/bien-etreiris.ch\/de\/#website","url":"https:\/\/bien-etreiris.ch\/de\/","name":"Bien-\u00eatre Iris","description":"IHRE Gesundheit ist uns wichtig","potentialAction":[{"@type":"SearchAction","target":{"@type":"EntryPoint","urlTemplate":"https:\/\/bien-etreiris.ch\/de\/?s={search_term_string}"},"query-input":{"@type":"PropertyValueSpecification","valueRequired":true,"valueName":"search_term_string"}}],"inLanguage":"de"}]}},"_links":{"self":[{"href":"https:\/\/bien-etreiris.ch\/de\/wp-json\/wp\/v2\/pages\/35819","targetHints":{"allow":["GET"]}}],"collection":[{"href":"https:\/\/bien-etreiris.ch\/de\/wp-json\/wp\/v2\/pages"}],"about":[{"href":"https:\/\/bien-etreiris.ch\/de\/wp-json\/wp\/v2\/types\/page"}],"author":[{"embeddable":true,"href":"https:\/\/bien-etreiris.ch\/de\/wp-json\/wp\/v2\/users\/1"}],"replies":[{"embeddable":true,"href":"https:\/\/bien-etreiris.ch\/de\/wp-json\/wp\/v2\/comments?post=35819"}],"version-history":[{"count":3,"href":"https:\/\/bien-etreiris.ch\/de\/wp-json\/wp\/v2\/pages\/35819\/revisions"}],"predecessor-version":[{"id":47812,"href":"https:\/\/bien-etreiris.ch\/de\/wp-json\/wp\/v2\/pages\/35819\/revisions\/47812"}],"up":[{"embeddable":true,"href":"https:\/\/bien-etreiris.ch\/de\/wp-json\/wp\/v2\/pages\/43574"}],"wp:featuredmedia":[{"embeddable":true,"href":"https:\/\/bien-etreiris.ch\/de\/wp-json\/wp\/v2\/media\/43581"}],"wp:attachment":[{"href":"https:\/\/bien-etreiris.ch\/de\/wp-json\/wp\/v2\/media?parent=35819"}],"curies":[{"name":"wp","href":"https:\/\/api.w.org\/{rel}","templated":true}]}}