{"id":35650,"date":"2020-12-08T07:28:52","date_gmt":"2020-12-08T07:28:52","guid":{"rendered":"https:\/\/bien-etreiris.ch\/?page_id=35650"},"modified":"2021-03-05T21:29:45","modified_gmt":"2021-03-05T21:29:45","slug":"brotmischungen","status":"publish","type":"page","link":"https:\/\/bien-etreiris.ch\/de\/produktpraesentation\/gesundes-leben\/gesunde-lebensmittel\/intoleranz\/ohne-gluten\/brotmischungen\/","title":{"rendered":"BROTMISCHUNGEN"},"content":{"rendered":"\n<h2 class=\"wp-block-heading\"> <br>\u201aMehlfreibrot\u2018 Buchweizen \u2013 die Vergangenheit holt die Zukunft ein! <\/h2>\n\n\n<p><a href=\"https:\/\/decoiris.ch\/wp-content\/uploads\/2021\/03\/Mehlfreie-Brotmischungen.jpg\"><img loading=\"lazy\" decoding=\"async\" class=\"wp-image-39466 size-full alignleft\" src=\"https:\/\/decoiris.ch\/wp-content\/uploads\/2021\/03\/Mehlfreie-Brotmischungen.jpg\" alt=\"\" width=\"800\" height=\"323\" srcset=\"https:\/\/bien-etreiris.ch\/wp-content\/uploads\/2021\/03\/Mehlfreie-Brotmischungen.jpg 800w, https:\/\/bien-etreiris.ch\/wp-content\/uploads\/2021\/03\/Mehlfreie-Brotmischungen-300x121.jpg 300w, https:\/\/bien-etreiris.ch\/wp-content\/uploads\/2021\/03\/Mehlfreie-Brotmischungen-768x310.jpg 768w\" sizes=\"auto, (max-width: 800px) 100vw, 800px\" \/><\/a><\/p>\n<h3>&nbsp;<\/h3>\n<h3>&nbsp;<\/h3>\n<p>&nbsp;<\/p>\n<p>&nbsp;<\/p>\n<h3>&nbsp;<\/h3>\n<p>&nbsp;<\/p>\n<p>&nbsp;<\/p>\n<p>&nbsp;<\/p>\n<p>&nbsp;<\/p>\n<p><strong>'Mehlfreibrot\u2018 Buchweizen<\/strong> -Ganzkorn- Brotbackmischung 550g<br><strong>Rezeptur:<\/strong> B\u00e4ckermeister Hermann Stein<\/p>\n<p>Wir tauchen mit unseren Zutaten ein in eine Zeit, als die Menschen noch keine Bauern waren und als J\u00e4ger und Sammler haupts\u00e4chlich von Samen lebten. <br>Wir kombinieren solche bew\u00e4hrten \u201aGesundheitssamen\u2019 zu einer Rezeptur, die, nach ihrer Zeit im Backofen, ein wohlschmeckendes und schnittfestes Gesundheitsbrot ergeben, pflanzlich vollwertig eben. Und das sch\u00f6ne daran ist, dass das gebackene Brot ohne Zusatzstoffe ca. 1 Woche frisch bleibt.<\/p>\n<p><strong>Alle Vorteile in K\u00fcrze:<\/strong><\/p>\n<ul>\n<li>Ohne Mehl, ohne Hefe, ohne Soja, vegan, glutenfrei und frei von sonstigen Zusatzstoffen.<\/li>\n<li>Extrem reich an Ballaststoffen.<\/li>\n<li>Quelle von Eiwei\u00df und Omega 3 Fetts\u00e4uren (nicht nur) zum Schutz der Herz-Kreislauf-Gesundheit.<\/li>\n<li>100% biologisch.<\/li>\n<li>Ideal f\u00fcr eine gesunde Verdauung und eine optimale Darmfunktion.<\/li>\n<li>F\u00f6rderlich f\u00fcr k\u00f6rperliches Wohlbefinden.<\/li>\n<li>Langanhaltendes S\u00e4ttigungsgef\u00fchl, gut geeignet zum Abnehmen.<\/li>\n<li>Einfachste Herstellung.<\/li>\n<li>Extrem schmackhaft.<\/li>\n<li>Nat\u00fcrliche Fermentation (Aufschlie\u00dfung der Rohstoffe) durch lange Teigf\u00fchrung bis zu 12 Stunden.<\/li>\n<\/ul>\n<p>Wir verzichten auf Mehl- und Hefezugabe, verwenden nur feinste und glutenfreie Zutaten aus bestem Bio-Anbau.<\/p>\n<ul>\n<li>Bio-Buchweizen,<\/li>\n<li>Bio-Brotklee,<\/li>\n<li>Bio-Flohsamen,<\/li>\n<li>Bio-Hafer,<\/li>\n<li>Bio-Hanfsamen,<\/li>\n<li>Bio-K\u00fcrbiskerne,<\/li>\n<li>Bio-Kurkuma,<\/li>\n<li>Bio-Leinsamen,<\/li>\n<li>Bio-\u00d6lsaaten,<\/li>\n<li>Bio-Sonnenblumenkerne,<\/li>\n<\/ul>\n<p>sind nicht nur optimale Ballaststoffe, sondern auch ganz wertvolle Lieferanten von Omega-3- Fetts\u00e4uren, Mineralstoffen, Spurenelementen und Proteinen.<\/p>\n<p>Dazu gesellt sich bestes nicht raffiniertes Bischofit-Steinsalz (ohne Rieselhilfen)!<\/p>\n<p>Wir verzichten bei diesen Broten ganz bewusst auf glutenhaltige Zutaten, die aufgrund von modernen \u00dcberz\u00fcchtungen verschiedene Gesundheitsprobleme hervorrufen k\u00f6nnen.<\/p>\n<p><strong>Liebe zum Leben steckt in jedem Mehlfreibrot! Jedes dient einer bewussten, modernen und ausgewogenen Ern\u00e4hrung - zu jeder Zeit, an jedem Ort und problemlos und schnell herzustellen. <\/strong><\/p>\n<p>Es ist selbstverst\u00e4ndlich, dass keinerlei versteckte Zusatzstoffen enthalten sind, auch wenn die EU dies erlauben w\u00fcrde. <strong>Es ist nur drin was draufsteht!&nbsp;<\/strong>&nbsp;<\/p>\n<p><strong>Faz'l Backstudio - Backanleitung:<\/strong><\/p>\n<p><iframe loading=\"lazy\" src=\"https:\/\/www.youtube.com\/embed\/YvqsHCwlApM\" allowfullscreen=\"allowfullscreen\" data-mce-fragment=\"1\" width=\"560\" height=\"314\"><\/iframe><\/p>\n<p><span class=\"tlid-translation translation\" lang=\"fr\"><span class=\"\" title=\"\">&nbsp;<\/span><\/span><\/p>\n<h4>Alle 6 Mischungen, die im Offen-verkauf&nbsp; 100 gr. <strong>CHF 1.10<\/strong><\/h4>\n<p>&nbsp;<\/p>\n<p><strong>Einfache Zubereitung f\u00fcr alle Mischungen<\/strong><\/p>\n<p>600 g der Mischung in eine Sch\u00fcssel geben und gut vermischen.<\/p>\n<p>12 Gramm Steinsalz entsprechen 2 Teel\u00f6ffeln.<\/p>\n<p>550 ml kaltes Wasser zugeben und mit einem Spatel gut verr\u00fchren, bis ein fester, zusammenh\u00e4ngender Teig entsteht.<\/p>\n<p>Nun die Backform gleichm\u00e4\u00dfig mit Backpapier auslegen, fest andr\u00fccken und glattstreichen.mit einem feuchten Tuch abdecken.den Teig mindestens 4 Stunden oder besser noch bis zu 12 Stunden im K\u00fchlschrank ruhen lassen.<\/p>\n<p>Den Backofen zum Backen auf 190\u00b0 vorheizen. Das Brot in den Ofen schieben, ggf. etwas Dampf erzeugen und bei 180 \u00b0 ca. 70 Minuten backen.<\/p>\n<p>Nun das Brot auf ein Gitter st\u00fcrzen, das Backpapier entfernen und mit der Oberseite nach unten weitere 20 Minuten fertigbacken.<\/p>\n<p>Vor dem Anschneiden gut auf einem Gitter abk\u00fchlen lassen. Guten Appetit. Bitte lagern Sie das Brot luftdurchl\u00e4ssig, z.B. in einem Steinglas, einem Brotkasten oder stellen Sie die Tasse einfach auf einen Holzteller. Tipp: Einmal getoastet, schmeckt es besonders aromatisch und lecker.<\/p>\n<p>&nbsp;<\/p>\n<p>&nbsp;<\/p>\n\n\n<h2 class=\"wp-block-heading\">Chanvre et Lin<\/h2>\n\n\n<p><a href=\"https:\/\/decoiris.ch\/wp-content\/uploads\/2020\/12\/Chanvre-et-lin.jpg\"><img loading=\"lazy\" decoding=\"async\" class=\"size-medium wp-image-35654 alignleft\" src=\"https:\/\/decoiris.ch\/wp-content\/uploads\/2020\/12\/Chanvre-et-lin-202x300.jpg\" alt=\"\" width=\"202\" height=\"300\" srcset=\"https:\/\/bien-etreiris.ch\/wp-content\/uploads\/2020\/12\/Chanvre-et-lin-202x300.jpg 202w, https:\/\/bien-etreiris.ch\/wp-content\/uploads\/2020\/12\/Chanvre-et-lin.jpg 656w\" sizes=\"auto, (max-width: 202px) 100vw, 202px\" \/><\/a><\/p>\n<p>&nbsp;<\/p>\n<p>&nbsp;<\/p>\n<p><span class=\"VIiyi\" lang=\"fr\"><span class=\"JLqJ4b ChMk0b\" data-language-for-alternatives=\"fr\" data-language-to-translate-into=\"de\" data-phrase-index=\"0\">Sans farine Chanvre et lin<\/span><\/span><\/p>\n<p><span class=\"VIiyi\" lang=\"fr\"><span class=\"JLqJ4b ChMk0b\" data-language-for-alternatives=\"fr\" data-language-to-translate-into=\"de\" data-phrase-index=\"0\">Ingr\u00e9dients :<\/span> <\/span><\/p>\n<p><span class=\"VIiyi\" lang=\"fr\"><span class=\"JLqJ4b ChMk0b\" data-language-for-alternatives=\"fr\" data-language-to-translate-into=\"de\" data-phrase-index=\"2\">Flocons d'avoine (sans gluten) *<\/span> <span class=\"JLqJ4b ChMk0b\" data-language-for-alternatives=\"fr\" data-language-to-translate-into=\"de\" data-phrase-index=\"4\">Or de lin *<\/span> <span class=\"JLqJ4b ChMk0b\" data-language-for-alternatives=\"fr\" data-language-to-translate-into=\"de\" data-phrase-index=\"6\">Marc de lin *<\/span> <span class=\"JLqJ4b ChMk0b\" data-language-for-alternatives=\"fr\" data-language-to-translate-into=\"de\" data-phrase-index=\"8\">Coques de psyllium *<\/span> <span class=\"JLqJ4b ChMk0b\" data-language-for-alternatives=\"fr\" data-language-to-translate-into=\"de\" data-phrase-index=\"10\">Graines de chanvre pel\u00e9es *<\/span> <span class=\"JLqJ4b ChMk0b\" data-language-for-alternatives=\"fr\" data-language-to-translate-into=\"de\" data-phrase-index=\"12\">Sel gemme<\/span><\/span><\/p>\n<p><span class=\"VIiyi\" lang=\"fr\"> <span class=\"JLqJ4b ChMk0b\" data-language-for-alternatives=\"fr\" data-language-to-translate-into=\"de\" data-phrase-index=\"14\">* issu de la culture biologique contr\u00f4l\u00e9e<\/span><\/span><\/p>\n<p>600 gr. <strong>CHF 7.00<\/strong><\/p>\n<p>en vrac&nbsp; le 100 gr. <strong>CHF 1.10<\/strong><\/p>\n<p>&nbsp;<\/p>\n\n\n<hr class=\"wp-block-separator\"\/>\n\n\n\n<h2 class=\"wp-block-heading\">Curcuma<\/h2>\n\n\n<p><a href=\"https:\/\/decoiris.ch\/wp-content\/uploads\/2020\/12\/Curcuma.png\"><img loading=\"lazy\" decoding=\"async\" class=\"alignnone size-medium wp-image-35651\" src=\"https:\/\/decoiris.ch\/wp-content\/uploads\/2020\/12\/Curcuma-201x300.png\" alt=\"\" width=\"201\" height=\"300\" srcset=\"https:\/\/bien-etreiris.ch\/wp-content\/uploads\/2020\/12\/Curcuma-201x300.png 201w, https:\/\/bien-etreiris.ch\/wp-content\/uploads\/2020\/12\/Curcuma.png 402w\" sizes=\"auto, (max-width: 201px) 100vw, 201px\" \/><\/a><\/p>\n<p>&nbsp;<\/p>\n<p>&nbsp;<\/p>\n\n\n<hr class=\"wp-block-separator\"\/>\n\n\n\n<h2 class=\"wp-block-heading\">Multi-grain<\/h2>\n\n\n<p><a href=\"https:\/\/decoiris.ch\/wp-content\/uploads\/2020\/12\/Multigrain.jpg\"><img loading=\"lazy\" decoding=\"async\" class=\"alignnone size-medium wp-image-35657\" src=\"https:\/\/decoiris.ch\/wp-content\/uploads\/2020\/12\/Multigrain-198x300.jpg\" alt=\"\" width=\"198\" height=\"300\" srcset=\"https:\/\/bien-etreiris.ch\/wp-content\/uploads\/2020\/12\/Multigrain-198x300.jpg 198w, https:\/\/bien-etreiris.ch\/wp-content\/uploads\/2020\/12\/Multigrain-768x1162.jpg 768w, https:\/\/bien-etreiris.ch\/wp-content\/uploads\/2020\/12\/Multigrain-677x1024.jpg 677w, https:\/\/bien-etreiris.ch\/wp-content\/uploads\/2020\/12\/Multigrain.jpg 1000w\" sizes=\"auto, (max-width: 198px) 100vw, 198px\" \/><\/a><\/p>\n\n\n<hr class=\"wp-block-separator\"\/>\n\n\n\n<h2 class=\"wp-block-heading\">Multi-noix<\/h2>\n\n\n<p><a href=\"https:\/\/decoiris.ch\/wp-content\/uploads\/2020\/12\/Multi-noix.jpg\"><img loading=\"lazy\" decoding=\"async\" class=\"size-medium wp-image-35669 alignleft\" src=\"https:\/\/decoiris.ch\/wp-content\/uploads\/2020\/12\/Multi-noix-201x300.jpg\" alt=\"\" width=\"201\" height=\"300\" srcset=\"https:\/\/bien-etreiris.ch\/wp-content\/uploads\/2020\/12\/Multi-noix-201x300.jpg 201w, https:\/\/bien-etreiris.ch\/wp-content\/uploads\/2020\/12\/Multi-noix-768x1147.jpg 768w, https:\/\/bien-etreiris.ch\/wp-content\/uploads\/2020\/12\/Multi-noix-686x1024.jpg 686w, https:\/\/bien-etreiris.ch\/wp-content\/uploads\/2020\/12\/Multi-noix.jpg 800w\" sizes=\"auto, (max-width: 201px) 100vw, 201px\" \/><\/a><\/p>\n<p>&nbsp;<\/p>\n<p><span class=\"VIiyi\" lang=\"fr\"><span class=\"JLqJ4b ChMk0b\" data-language-for-alternatives=\"fr\" data-language-to-translate-into=\"de\" data-phrase-index=\"0\">Ingr\u00e9dients :<\/span><\/span><\/p>\n<p><span class=\"VIiyi\" lang=\"fr\"> <span class=\"JLqJ4b ChMk0b\" data-language-for-alternatives=\"fr\" data-language-to-translate-into=\"de\" data-phrase-index=\"2\">Flocons d'avoine (sans gluten *<\/span> <span class=\"JLqJ4b ChMk0b\" data-language-for-alternatives=\"fr\" data-language-to-translate-into=\"de\" data-phrase-index=\"4\">Graines de tournesol *<\/span> <span class=\"JLqJ4b ChMk0b\" data-language-for-alternatives=\"fr\" data-language-to-translate-into=\"de\" data-phrase-index=\"6\">Marc de lin *<\/span> <span class=\"JLqJ4b ChMk0b\" data-language-for-alternatives=\"fr\" data-language-to-translate-into=\"de\" data-phrase-index=\"8\">Coques de psyllium *<\/span> <span class=\"JLqJ4b ChMk0b\" data-language-for-alternatives=\"fr\" data-language-to-translate-into=\"de\" data-phrase-index=\"10\">Noix de cajou *<\/span> <span class=\"JLqJ4b ChMk0b\" data-language-for-alternatives=\"fr\" data-language-to-translate-into=\"de\" data-phrase-index=\"12\">Noisettes *<\/span> <span class=\"JLqJ4b ChMk0b\" data-language-for-alternatives=\"fr\" data-language-to-translate-into=\"de\" data-phrase-index=\"14\">Noix *<\/span> <\/span><\/p>\n<p><span class=\"VIiyi\" lang=\"fr\"><span class=\"JLqJ4b ChMk0b\" data-language-for-alternatives=\"fr\" data-language-to-translate-into=\"de\" data-phrase-index=\"16\">* issu d'une culture biologique contr\u00f4l\u00e9e<\/span><\/span><\/p>\n<p>600 gr. <strong>CHF 7.00<\/strong><\/p>\n<p>en vrac&nbsp; le 100 gr. <strong>CHF 1.10<\/strong><\/p>\n<p>&nbsp;<\/p>\n<p>&nbsp;<\/p>\n\n\n<hr class=\"wp-block-separator\"\/>\n\n\n\n<h2 class=\"wp-block-heading\">Sarrasin<\/h2>\n\n\n<p><a href=\"https:\/\/decoiris.ch\/wp-content\/uploads\/2020\/12\/Sarrasin-1.png\"><img loading=\"lazy\" decoding=\"async\" class=\"alignnone size-medium wp-image-35673\" src=\"https:\/\/decoiris.ch\/wp-content\/uploads\/2020\/12\/Sarrasin-1-201x300.png\" alt=\"\" width=\"201\" height=\"300\" srcset=\"https:\/\/bien-etreiris.ch\/wp-content\/uploads\/2020\/12\/Sarrasin-1-201x300.png 201w, https:\/\/bien-etreiris.ch\/wp-content\/uploads\/2020\/12\/Sarrasin-1.png 288w\" sizes=\"auto, (max-width: 201px) 100vw, 201px\" \/><\/a><\/p>\n<p>&nbsp;<\/p>\n<p><!--StartFragment--><\/p>\n<hr class=\"wp-block-separator\">\n<p><!-- \/wp:post-content --> <!-- wp:heading --><\/p>\n<h2><!--EndFragment--><\/h2>\n<p><!-- wp:heading --><\/p>\n<h2>&nbsp;<\/h2>\n<p><!-- \/wp:heading --><\/p>\n<p>&nbsp;<\/p>\n<p><!-- wp:paragraph --><\/p>\n<p>&nbsp;<\/p>\n<p><!-- \/wp:paragraph --><\/p>\n<h2>&nbsp;<\/h2>\n<p><!--EndFragment--><\/p>\n<p>&nbsp;<\/p>\n<p><!-- wp:paragraph --><\/p>\n<p>&nbsp;<\/p>\n<p><!-- \/wp:paragraph --><\/p>\n<h4>&nbsp;<\/h4>\n<p><span class=\"tlid-translation translation\" lang=\"fr\"><span class=\"\" title=\"\">&nbsp;<\/span><\/span><\/p>\n<p>&nbsp;<\/p>\n<p>&nbsp;<\/p>\n<p>&nbsp;<\/p>\n<p>&nbsp;<\/p>\n<p>&nbsp;<\/p>\n<p>&nbsp;<\/p>\n<p>&nbsp;<\/p>\n<p>&nbsp;<\/p>\n<h4><strong><span class=\"tlid-translation translation\" lang=\"fr\"><span class=\"\" title=\"\">&nbsp;<\/span><\/span><\/strong><\/h4>\n<p>&nbsp;<\/p>\n<p>&nbsp;<\/p>\n<p>&nbsp;<\/p>\n<p>&nbsp;<\/p>\n<p>&nbsp;<\/p>\n<p>&nbsp;<\/p>\n<p>&nbsp;<\/p>\n<p>&nbsp;<\/p>\n<p>&nbsp;<\/p>\n<p>&nbsp;<\/p>\n<p>&nbsp;<\/p>\n<p>&nbsp;<\/p>\n<p>&nbsp;<\/p>\n<p><!-- wp:separator --><\/p>\n<p>&nbsp;<\/p>\n<p><!-- \/wp:separator --><\/p>\n<p>&nbsp;<\/p>\n<p>&nbsp;<\/p>\n<p>&nbsp;<\/p>\n<p>&nbsp;<\/p>\n<p>&nbsp;<\/p>\n<p>&nbsp;<\/p>\n<p>&nbsp;<\/p>\n<p>&nbsp;<\/p>\n<p>&nbsp;<\/p>\n<p><!-- wp:separator --><\/p>\n<hr class=\"wp-block-separator\"><!-- \/wp:separator --><p><\/p>\n<p><\/p>\n<p><\/p>\n<p><\/p>\n<p><\/p>\n<p><\/p>\n<p><\/p>\n<p>&nbsp;<\/p>\n<p>&nbsp;<\/p>","protected":false},"excerpt":{"rendered":"<p>\u201aMehlfreibrot\u2018 Buchweizen \u2013 die Vergangenheit holt die Zukunft ein! &nbsp; &nbsp; &nbsp; &nbsp; &nbsp; &nbsp; &nbsp; &nbsp; &nbsp; 'Mehlfreibrot\u2018 Buchweizen -Ganzkorn- Brotbackmischung 550gRezeptur: B\u00e4ckermeister Hermann Stein Wir tauchen mit unseren Zutaten ein in eine Zeit, als die Menschen noch keine Bauern waren und als J\u00e4ger und Sammler haupts\u00e4chlich von Samen lebten. Wir kombinieren solche bew\u00e4hrten \u201aGesundheitssamen\u2019 zu einer Rezeptur, die,&nbsp;<a href=\"https:\/\/bien-etreiris.ch\/de\/produktpraesentation\/gesundes-leben\/gesunde-lebensmittel\/intoleranz\/ohne-gluten\/brotmischungen\/\" class=\"read-more\">Weiter lesen<\/a><\/p>\n","protected":false},"author":1,"featured_media":35648,"parent":51531,"menu_order":6649,"comment_status":"closed","ping_status":"closed","template":"page-with-child.php","meta":{"_acf_changed":false,"ngg_post_thumbnail":0,"footnotes":""},"class_list":["post-35650","page","type-page","status-publish","has-post-thumbnail","hentry"],"acf":[],"yoast_head":"<!-- This site is optimized with the Yoast SEO plugin v27.4 - https:\/\/yoast.com\/product\/yoast-seo-wordpress\/ -->\n<title>BROTMISCHUNGEN - WOHLBEFINDEN<\/title>\n<meta name=\"robots\" content=\"index, follow, max-snippet:-1, max-image-preview:large, max-video-preview:-1\" \/>\n<link rel=\"canonical\" href=\"https:\/\/bien-etreiris.ch\/de\/produktpraesentation\/gesundes-leben\/gesunde-lebensmittel\/intoleranz\/ohne-gluten\/brotmischungen\/\" \/>\n<meta property=\"og:locale\" content=\"de_DE\" \/>\n<meta property=\"og:type\" content=\"article\" \/>\n<meta property=\"og:title\" content=\"BROTMISCHUNGEN - WOHLBEFINDEN\" \/>\n<meta property=\"og:description\" content=\"\u201aMehlfreibrot\u2018 Buchweizen \u2013 die Vergangenheit holt die Zukunft ein! &nbsp; &nbsp; &nbsp; &nbsp; &nbsp; &nbsp; &nbsp; &nbsp; &nbsp; &#039;Mehlfreibrot\u2018 Buchweizen -Ganzkorn- Brotbackmischung 550gRezeptur: B\u00e4ckermeister Hermann Stein Wir tauchen mit unseren Zutaten ein in eine Zeit, als die Menschen noch keine Bauern waren und als J\u00e4ger und Sammler haupts\u00e4chlich von Samen lebten. Wir kombinieren solche bew\u00e4hrten \u201aGesundheitssamen\u2019 zu einer Rezeptur, die,&nbsp;Weiter lesen\" \/>\n<meta property=\"og:url\" content=\"https:\/\/bien-etreiris.ch\/de\/produktpraesentation\/gesundes-leben\/gesunde-lebensmittel\/intoleranz\/ohne-gluten\/brotmischungen\/\" \/>\n<meta property=\"og:site_name\" content=\"WOHLBEFINDEN\" \/>\n<meta property=\"article:publisher\" content=\"https:\/\/www.facebook.com\/bienetreiris\/\" \/>\n<meta property=\"article:modified_time\" content=\"2021-03-05T21:29:45+00:00\" \/>\n<meta property=\"og:image\" content=\"https:\/\/bien-etreiris.ch\/wp-content\/uploads\/2020\/12\/tous.jpg\" \/>\n\t<meta property=\"og:image:width\" content=\"665\" \/>\n\t<meta property=\"og:image:height\" content=\"426\" \/>\n\t<meta property=\"og:image:type\" content=\"image\/jpeg\" \/>\n<meta name=\"twitter:label1\" content=\"Gesch\u00e4tzte Lesezeit\" \/>\n\t<meta name=\"twitter:data1\" content=\"3\u00a0Minuten\" \/>\n<script type=\"application\/ld+json\" class=\"yoast-schema-graph\">{\"@context\":\"https:\\\/\\\/schema.org\",\"@graph\":[{\"@type\":\"WebPage\",\"@id\":\"https:\\\/\\\/bien-etreiris.ch\\\/de\\\/produktpraesentation\\\/gesundes-leben\\\/gesunde-lebensmittel\\\/intoleranz\\\/ohne-gluten\\\/brotmischungen\\\/\",\"url\":\"https:\\\/\\\/bien-etreiris.ch\\\/de\\\/produktpraesentation\\\/gesundes-leben\\\/gesunde-lebensmittel\\\/intoleranz\\\/ohne-gluten\\\/brotmischungen\\\/\",\"name\":\"BROTMISCHUNGEN - WOHLBEFINDEN\",\"isPartOf\":{\"@id\":\"https:\\\/\\\/bien-etreiris.ch\\\/de\\\/#website\"},\"primaryImageOfPage\":{\"@id\":\"https:\\\/\\\/bien-etreiris.ch\\\/de\\\/produktpraesentation\\\/gesundes-leben\\\/gesunde-lebensmittel\\\/intoleranz\\\/ohne-gluten\\\/brotmischungen\\\/#primaryimage\"},\"image\":{\"@id\":\"https:\\\/\\\/bien-etreiris.ch\\\/de\\\/produktpraesentation\\\/gesundes-leben\\\/gesunde-lebensmittel\\\/intoleranz\\\/ohne-gluten\\\/brotmischungen\\\/#primaryimage\"},\"thumbnailUrl\":\"https:\\\/\\\/bien-etreiris.ch\\\/wp-content\\\/uploads\\\/2020\\\/12\\\/tous.jpg\",\"datePublished\":\"2020-12-08T07:28:52+00:00\",\"dateModified\":\"2021-03-05T21:29:45+00:00\",\"breadcrumb\":{\"@id\":\"https:\\\/\\\/bien-etreiris.ch\\\/de\\\/produktpraesentation\\\/gesundes-leben\\\/gesunde-lebensmittel\\\/intoleranz\\\/ohne-gluten\\\/brotmischungen\\\/#breadcrumb\"},\"inLanguage\":\"de\",\"potentialAction\":[{\"@type\":\"ReadAction\",\"target\":[\"https:\\\/\\\/bien-etreiris.ch\\\/de\\\/produktpraesentation\\\/gesundes-leben\\\/gesunde-lebensmittel\\\/intoleranz\\\/ohne-gluten\\\/brotmischungen\\\/\"]}]},{\"@type\":\"ImageObject\",\"inLanguage\":\"de\",\"@id\":\"https:\\\/\\\/bien-etreiris.ch\\\/de\\\/produktpraesentation\\\/gesundes-leben\\\/gesunde-lebensmittel\\\/intoleranz\\\/ohne-gluten\\\/brotmischungen\\\/#primaryimage\",\"url\":\"https:\\\/\\\/bien-etreiris.ch\\\/wp-content\\\/uploads\\\/2020\\\/12\\\/tous.jpg\",\"contentUrl\":\"https:\\\/\\\/bien-etreiris.ch\\\/wp-content\\\/uploads\\\/2020\\\/12\\\/tous.jpg\",\"width\":665,\"height\":426},{\"@type\":\"BreadcrumbList\",\"@id\":\"https:\\\/\\\/bien-etreiris.ch\\\/de\\\/produktpraesentation\\\/gesundes-leben\\\/gesunde-lebensmittel\\\/intoleranz\\\/ohne-gluten\\\/brotmischungen\\\/#breadcrumb\",\"itemListElement\":[{\"@type\":\"ListItem\",\"position\":1,\"name\":\"Home\",\"item\":\"https:\\\/\\\/bien-etreiris.ch\\\/de\\\/\"},{\"@type\":\"ListItem\",\"position\":2,\"name\":\"PRODUKTPR\u00c4SENTATION\",\"item\":\"https:\\\/\\\/bien-etreiris.ch\\\/de\\\/produktpraesentation\\\/\"},{\"@type\":\"ListItem\",\"position\":3,\"name\":\"GESUNDES LEBEN\",\"item\":\"https:\\\/\\\/bien-etreiris.ch\\\/de\\\/produktpraesentation\\\/gesundes-leben\\\/\"},{\"@type\":\"ListItem\",\"position\":4,\"name\":\"GESUNDE LEBENSMITTEL\",\"item\":\"https:\\\/\\\/bien-etreiris.ch\\\/de\\\/produktpraesentation\\\/gesundes-leben\\\/gesunde-lebensmittel\\\/\"},{\"@type\":\"ListItem\",\"position\":5,\"name\":\"INTOLERANZ\",\"item\":\"https:\\\/\\\/bien-etreiris.ch\\\/de\\\/produktpraesentation\\\/gesundes-leben\\\/gesunde-lebensmittel\\\/intoleranz\\\/\"},{\"@type\":\"ListItem\",\"position\":6,\"name\":\"OHNE GLUTEN\",\"item\":\"https:\\\/\\\/bien-etreiris.ch\\\/de\\\/produktpraesentation\\\/gesundes-leben\\\/gesunde-lebensmittel\\\/intoleranz\\\/ohne-gluten\\\/\"},{\"@type\":\"ListItem\",\"position\":7,\"name\":\"BROTMISCHUNGEN\"}]},{\"@type\":\"WebSite\",\"@id\":\"https:\\\/\\\/bien-etreiris.ch\\\/de\\\/#website\",\"url\":\"https:\\\/\\\/bien-etreiris.ch\\\/de\\\/\",\"name\":\"Bien-\u00eatre Iris\",\"description\":\"IHRE Gesundheit ist uns wichtig\",\"potentialAction\":[{\"@type\":\"SearchAction\",\"target\":{\"@type\":\"EntryPoint\",\"urlTemplate\":\"https:\\\/\\\/bien-etreiris.ch\\\/de\\\/?s={search_term_string}\"},\"query-input\":{\"@type\":\"PropertyValueSpecification\",\"valueRequired\":true,\"valueName\":\"search_term_string\"}}],\"inLanguage\":\"de\"}]}<\/script>\n<!-- \/ Yoast SEO plugin. -->","yoast_head_json":{"title":"BROTMISCHUNGEN - WOHLBEFINDEN","robots":{"index":"index","follow":"follow","max-snippet":"max-snippet:-1","max-image-preview":"max-image-preview:large","max-video-preview":"max-video-preview:-1"},"canonical":"https:\/\/bien-etreiris.ch\/de\/produktpraesentation\/gesundes-leben\/gesunde-lebensmittel\/intoleranz\/ohne-gluten\/brotmischungen\/","og_locale":"de_DE","og_type":"article","og_title":"BROTMISCHUNGEN - WOHLBEFINDEN","og_description":"\u201aMehlfreibrot\u2018 Buchweizen \u2013 die Vergangenheit holt die Zukunft ein! &nbsp; &nbsp; &nbsp; &nbsp; &nbsp; &nbsp; &nbsp; &nbsp; &nbsp; 'Mehlfreibrot\u2018 Buchweizen -Ganzkorn- Brotbackmischung 550gRezeptur: B\u00e4ckermeister Hermann Stein Wir tauchen mit unseren Zutaten ein in eine Zeit, als die Menschen noch keine Bauern waren und als J\u00e4ger und Sammler haupts\u00e4chlich von Samen lebten. Wir kombinieren solche bew\u00e4hrten \u201aGesundheitssamen\u2019 zu einer Rezeptur, die,&nbsp;Weiter lesen","og_url":"https:\/\/bien-etreiris.ch\/de\/produktpraesentation\/gesundes-leben\/gesunde-lebensmittel\/intoleranz\/ohne-gluten\/brotmischungen\/","og_site_name":"WOHLBEFINDEN","article_publisher":"https:\/\/www.facebook.com\/bienetreiris\/","article_modified_time":"2021-03-05T21:29:45+00:00","og_image":[{"width":665,"height":426,"url":"https:\/\/bien-etreiris.ch\/wp-content\/uploads\/2020\/12\/tous.jpg","type":"image\/jpeg"}],"twitter_misc":{"Gesch\u00e4tzte Lesezeit":"3\u00a0Minuten"},"schema":{"@context":"https:\/\/schema.org","@graph":[{"@type":"WebPage","@id":"https:\/\/bien-etreiris.ch\/de\/produktpraesentation\/gesundes-leben\/gesunde-lebensmittel\/intoleranz\/ohne-gluten\/brotmischungen\/","url":"https:\/\/bien-etreiris.ch\/de\/produktpraesentation\/gesundes-leben\/gesunde-lebensmittel\/intoleranz\/ohne-gluten\/brotmischungen\/","name":"BROTMISCHUNGEN - WOHLBEFINDEN","isPartOf":{"@id":"https:\/\/bien-etreiris.ch\/de\/#website"},"primaryImageOfPage":{"@id":"https:\/\/bien-etreiris.ch\/de\/produktpraesentation\/gesundes-leben\/gesunde-lebensmittel\/intoleranz\/ohne-gluten\/brotmischungen\/#primaryimage"},"image":{"@id":"https:\/\/bien-etreiris.ch\/de\/produktpraesentation\/gesundes-leben\/gesunde-lebensmittel\/intoleranz\/ohne-gluten\/brotmischungen\/#primaryimage"},"thumbnailUrl":"https:\/\/bien-etreiris.ch\/wp-content\/uploads\/2020\/12\/tous.jpg","datePublished":"2020-12-08T07:28:52+00:00","dateModified":"2021-03-05T21:29:45+00:00","breadcrumb":{"@id":"https:\/\/bien-etreiris.ch\/de\/produktpraesentation\/gesundes-leben\/gesunde-lebensmittel\/intoleranz\/ohne-gluten\/brotmischungen\/#breadcrumb"},"inLanguage":"de","potentialAction":[{"@type":"ReadAction","target":["https:\/\/bien-etreiris.ch\/de\/produktpraesentation\/gesundes-leben\/gesunde-lebensmittel\/intoleranz\/ohne-gluten\/brotmischungen\/"]}]},{"@type":"ImageObject","inLanguage":"de","@id":"https:\/\/bien-etreiris.ch\/de\/produktpraesentation\/gesundes-leben\/gesunde-lebensmittel\/intoleranz\/ohne-gluten\/brotmischungen\/#primaryimage","url":"https:\/\/bien-etreiris.ch\/wp-content\/uploads\/2020\/12\/tous.jpg","contentUrl":"https:\/\/bien-etreiris.ch\/wp-content\/uploads\/2020\/12\/tous.jpg","width":665,"height":426},{"@type":"BreadcrumbList","@id":"https:\/\/bien-etreiris.ch\/de\/produktpraesentation\/gesundes-leben\/gesunde-lebensmittel\/intoleranz\/ohne-gluten\/brotmischungen\/#breadcrumb","itemListElement":[{"@type":"ListItem","position":1,"name":"Home","item":"https:\/\/bien-etreiris.ch\/de\/"},{"@type":"ListItem","position":2,"name":"PRODUKTPR\u00c4SENTATION","item":"https:\/\/bien-etreiris.ch\/de\/produktpraesentation\/"},{"@type":"ListItem","position":3,"name":"GESUNDES LEBEN","item":"https:\/\/bien-etreiris.ch\/de\/produktpraesentation\/gesundes-leben\/"},{"@type":"ListItem","position":4,"name":"GESUNDE LEBENSMITTEL","item":"https:\/\/bien-etreiris.ch\/de\/produktpraesentation\/gesundes-leben\/gesunde-lebensmittel\/"},{"@type":"ListItem","position":5,"name":"INTOLERANZ","item":"https:\/\/bien-etreiris.ch\/de\/produktpraesentation\/gesundes-leben\/gesunde-lebensmittel\/intoleranz\/"},{"@type":"ListItem","position":6,"name":"OHNE GLUTEN","item":"https:\/\/bien-etreiris.ch\/de\/produktpraesentation\/gesundes-leben\/gesunde-lebensmittel\/intoleranz\/ohne-gluten\/"},{"@type":"ListItem","position":7,"name":"BROTMISCHUNGEN"}]},{"@type":"WebSite","@id":"https:\/\/bien-etreiris.ch\/de\/#website","url":"https:\/\/bien-etreiris.ch\/de\/","name":"Bien-\u00eatre Iris","description":"IHRE Gesundheit ist uns wichtig","potentialAction":[{"@type":"SearchAction","target":{"@type":"EntryPoint","urlTemplate":"https:\/\/bien-etreiris.ch\/de\/?s={search_term_string}"},"query-input":{"@type":"PropertyValueSpecification","valueRequired":true,"valueName":"search_term_string"}}],"inLanguage":"de"}]}},"_links":{"self":[{"href":"https:\/\/bien-etreiris.ch\/de\/wp-json\/wp\/v2\/pages\/35650","targetHints":{"allow":["GET"]}}],"collection":[{"href":"https:\/\/bien-etreiris.ch\/de\/wp-json\/wp\/v2\/pages"}],"about":[{"href":"https:\/\/bien-etreiris.ch\/de\/wp-json\/wp\/v2\/types\/page"}],"author":[{"embeddable":true,"href":"https:\/\/bien-etreiris.ch\/de\/wp-json\/wp\/v2\/users\/1"}],"replies":[{"embeddable":true,"href":"https:\/\/bien-etreiris.ch\/de\/wp-json\/wp\/v2\/comments?post=35650"}],"version-history":[{"count":13,"href":"https:\/\/bien-etreiris.ch\/de\/wp-json\/wp\/v2\/pages\/35650\/revisions"}],"predecessor-version":[{"id":39472,"href":"https:\/\/bien-etreiris.ch\/de\/wp-json\/wp\/v2\/pages\/35650\/revisions\/39472"}],"up":[{"embeddable":true,"href":"https:\/\/bien-etreiris.ch\/de\/wp-json\/wp\/v2\/pages\/51531"}],"wp:featuredmedia":[{"embeddable":true,"href":"https:\/\/bien-etreiris.ch\/de\/wp-json\/wp\/v2\/media\/35648"}],"wp:attachment":[{"href":"https:\/\/bien-etreiris.ch\/de\/wp-json\/wp\/v2\/media?parent=35650"}],"curies":[{"name":"wp","href":"https:\/\/api.w.org\/{rel}","templated":true}]}}