{"id":35619,"date":"2020-12-07T17:31:34","date_gmt":"2020-12-07T17:31:34","guid":{"rendered":"https:\/\/bien-etreiris.ch\/?page_id=35619"},"modified":"2020-12-07T17:34:45","modified_gmt":"2020-12-07T17:34:45","slug":"savon-dalep-en-poudre","status":"publish","type":"page","link":"https:\/\/bien-etreiris.ch\/de\/produktpraesentation\/hygiene\/haushaltsreinigung\/haushaltsseifen\/waesche-waschen\/alepia\/savon-dalep-en-poudre\/","title":{"rendered":"SAVON D&#8217;ALEP EN POUDRE"},"content":{"rendered":"\n<h2 class=\"wp-block-heading\"> <br>Lessive de savon d'Alep en poudre <\/h2>\n\n\n<h2 id=\"mce_33\" class=\"editor-rich-text__tinymce mce-content-body\" role=\"textbox\" aria-label=\"Write heading\u2026\" aria-autocomplete=\"list\" aria-multiline=\"true\" data-is-placeholder-visible=\"false\" contenteditable=\"true\"><a href=\"https:\/\/decoiris.ch\/wp-content\/uploads\/2020\/12\/savon.png\"><img loading=\"lazy\" decoding=\"async\" class=\"size-medium wp-image-35612 alignleft\" src=\"https:\/\/decoiris.ch\/wp-content\/uploads\/2020\/12\/savon-225x300.png\" alt=\"\" width=\"225\" height=\"300\" srcset=\"https:\/\/bien-etreiris.ch\/wp-content\/uploads\/2020\/12\/savon-225x300.png 225w, https:\/\/bien-etreiris.ch\/wp-content\/uploads\/2020\/12\/savon.png 452w\" sizes=\"auto, (max-width: 225px) 100vw, 225px\" \/><\/a><\/h2>\n<p>&nbsp;<\/p>\n<p>La lessive de Savon d\u2019Alep, exclusivement compos\u00e9e de savon d'Alep en poudre<\/p>\n<p>800 g pour <strong>40 lavage CHF 10.20<\/strong><\/p>\n<p>&nbsp;<\/p>\n<p>&nbsp;<\/p>\n<p>&nbsp;<\/p>\n<p>&nbsp;<\/p>\n<p>Beaucoup de personnes ont la peau irrit\u00e9e sans savoir pourquoi, rougeurs, petits boutons, d\u00e9mangeaisons. Souvent, cela provient de la lessive du commerce et\/ou de l'assouplissant !<\/p>\n<p>40 lavages pour un linge moyennement sale. (Et m\u00eame davantage: lire nos conseils ci dessous).<\/p>\n<p><strong>Un lavage \u00e0 la lessive de savon d'Alep (100% pur savon d'Alep surpuissant) ne co\u00fbte pas plus cher qu'avec une lessive chimique.<\/strong><\/p>\n<p>PROPRIETES DE LA LESSIVE DE&nbsp; :<\/p>\n<p>1\u00b0 Formule 100% Savon d\u2019Alep<\/p>\n<p>La lessive de Savon d\u2019Alep ne contient aucun parfum (souvent source d\u2019allergie), ni aucun tensioactifs chimiques (souvent agressifs pour la peau). &nbsp;Sans conservateurs, sans colorants, cette lessive associe simplicit\u00e9 et authenticit\u00e9.<\/p>\n<p>2\u00b0 Adapt\u00e9s \u00e0 tous les types de linge, m\u00eame les plus d\u00e9licats<\/p>\n<p>Utilisable \u00e0 la main ou en machine : 3 cuill\u00e8res \u00e0 soupe suffisent pour une machine.<br>La lessive de savon d\u2019Alep en poudre (paillettes) est particuli\u00e8rement indiqu\u00e9e pour le linge de B\u00e9b\u00e9.<br>Sans glyc\u00e9rine, elle convient parfaitement au lavage des couches lavables.<\/p>\n<p>3\u00b0 Pr\u00e9serve l'environnement<\/p>\n<p>Bien entendu sans phosphates sans d\u00e9tergents sans produits chimiques, 100% biod\u00e9gradable, c'est le produit \u00e9cologique par excellence.<\/p>\n<h4>Pr\u00e9sentation :<\/h4>\n<p>Un sachet de 800 g de lessive de savon d'Alep en poudre (paillettes).<\/p>\n<p>Ingr\u00e9dients : Sodium Olivate, Aqua (Water), Sodium Laurus Nobilate, Sodium Hydroxide<\/p>\n<p>&nbsp;<\/p>\n<h4>CONSEILS D'UTILISATION :<\/h4>\n<p><strong>Dosage<\/strong>&nbsp;pour un cycle de lavage entre 30\u00b0C et 90\u00b0C (4 \u00e0 5 kg de linge):<\/p>\n<ul style=\"list-style-type: disc;\">\n<li>linge peu sale (c'est souvent le cas de nos jours) = 2 cuill\u00e8res \u00e0 soupe de lessive soit 60 lavages<\/li>\n<li>linge moyennement sale = 3 cuill\u00e8res \u00e0 soupe de lessive soit 40 lavages<\/li>\n<li>linge tr\u00e8s sale = 4 cuill\u00e8res \u00e0 soupe de lessive&nbsp; soit 30 lavages<\/li>\n<\/ul>\n<p>Ajouter 1 cuill\u00e8re \u00e0 soupe de lessive pour l\u2019eau moyennement dure et 2 cuill\u00e8res \u00e0 soupe de lessive pour l\u2019eau dure.<\/p>\n<p><strong>Mode d\u2019emploi<\/strong>&nbsp;: S'utilise comme une lessive poudre classique, dans le bac \u00e0 lessive ou directement sur le linge dans le tambour. En cas de lavage \u00e0 froid ou basse temp\u00e9rature, il est conseill\u00e9 de dissoudre la dose de lessive dans 1L d\u2019eau chaude et proc\u00e9der au lavage \u00e0 la main ou verser dans le tambour de la machine.<\/p>\n<p>&nbsp;<\/p>\n<p>Nos conseils pour diminuer la quantit\u00e9 de lessive et augmenter encore le nombre de lavages :<\/p>\n<ul style=\"list-style-type: disc;\">\n<li>Ne pas surcharger la machine : Vous laverez beaucoup mieux et vous froisserez beaucoup moins.<\/li>\n<li>Pr\u00e9 traitez lez taches difficiles : Tout simplement avec un savon d'Alep, le plus efficace des d\u00e9tachants. Celui que nous conseillons pour d\u00e9tacher est le savon d'Alep pur olive.<\/li>\n<li>V\u00e9rifier la duret\u00e9 de votre eau : Si votre eau est douce, alors vous pouvez r\u00e9duire la dose, et par cons\u00e9quent faire plus de lavages.<\/li>\n<\/ul>\n<p>&nbsp;<\/p>\n<p>Si vous suivez ces conseils, le lavage au savon d'Alep ne vous co\u00fbtera moins cher qu'avec une lessive chimique, qui pr\u00e9sente une \u00e9cotoxicit\u00e9 \u00e9lev\u00e9e et qui est responsable d'allergies, chez l'adulte et notamment chez l'enfant.<\/p>\n<p>Dites non aux phosphates, aux phophonates, aux EDTA, aux azurants optiques, aux parfums, aux colorants...<\/p>\n<p>Revenez \u00e0 la nature elle vous le rendra de la plus belle mani\u00e8re.<\/p>\n<p>&nbsp;<\/p>\n<h4>LE COIN DU CONSOM'ACTEUR :<\/h4>\n<p>La lessive poudre de savon d'Alep se suffit \u00e0 elle-m\u00eame, mais voici quelques conseils pour celles et ceux qui souhaitent faire de grandes \u00e9conomies pour diminuer encore la quantit\u00e9 de lessive pour un linge encore plus doux, plus propre, et un blanc \u00e9clatant :<\/p>\n<ul style=\"list-style-type: disc;\">\n<li>Un assouplissant agr\u00e9able et sans risque d'allergie (Les assouplissants du commerce peuvent \u00eatre tr\u00e8s allergisants) : Mettre du vinaigre blanc et si vous souhaitez que votre linge soit parfum\u00e9, quelques gouttes d'huile essentielle de lavande dans le compartiment \u00e0 adoucissant.<\/li>\n<li>Pour obtenir un blanc \u00e9clatant : Ajouter 4 CS de percarbonate de Soude dans le compartiment lessive.<\/li>\n<\/ul>\n<p>Si votre eau est trop calcaire: Mettre 4 CS de carbonate de soude dans le tambour<\/p>\n<p><em>Le saviez-vous? Pour anecdote, \u00e0 Alep, il existe une fabuleuse soupe au pain (appel\u00e9e Tesseqieh), \u00e0 l'huile d'olive avec une pinc\u00e9e de carbonate de soude, qui se d\u00e9guste au petit d\u00e9jeuner accompagn\u00e9e d'une assiette d'oignons crus, de radis, et de cornichons au vinaigre!<\/em><\/p>\n<ul style=\"list-style-type: disc;\">\n<li>Pour augmenter le pouvoir d\u00e9tachant sur les textiles couleurs d\u00e8s les basses temp\u00e9ratures: Ajouter 4 CS de bicarbonate de soude dans le compartiment lessive<\/li>\n<\/ul>\n<p>Enfin une derni\u00e8re astuce pour diminuer encore la quantit\u00e9 de lessive : neutralisez le calcaire de l'eau par deux dispositifs :<\/p>\n<ul style=\"list-style-type: disc;\">\n<li>Mettre deux balles de lavage magn\u00e9tiques dans le tambour de la machine.<\/li>\n<li>et\/ou Fixer un dispositif anticalcaire sur votre canalisation<\/li>\n<\/ul>\n<p>&nbsp;<\/p>\n<p>Si ces solutions peuvent para\u00eetre \u00e0 certains fastidieuses car elles n\u00e9cessitent une pr\u00e9paration, ou un changement d'habitude, elles ne sont pas obligatoires. La lessive s'utilise tr\u00e8s bien seule.<\/p>\n<p>&nbsp;<\/p>","protected":false},"excerpt":{"rendered":"<p>Lessive de savon d'Alep en poudre &nbsp; La lessive de Savon d\u2019Alep, exclusivement compos\u00e9e de savon d'Alep en poudre 800 g pour 40 lavage CHF 10.20 &nbsp; &nbsp; &nbsp; &nbsp; Beaucoup de personnes ont la peau irrit\u00e9e sans savoir pourquoi, rougeurs, petits boutons, d\u00e9mangeaisons. Souvent, cela provient de la lessive du commerce et\/ou de l'assouplissant ! 40 lavages pour un&nbsp;<a href=\"https:\/\/bien-etreiris.ch\/de\/produktpraesentation\/hygiene\/haushaltsreinigung\/haushaltsseifen\/waesche-waschen\/alepia\/savon-dalep-en-poudre\/\" class=\"read-more\">Weiter lesen<\/a><\/p>\n","protected":false},"author":1,"featured_media":35617,"parent":35607,"menu_order":6652,"comment_status":"closed","ping_status":"closed","template":"page-with-child.php","meta":{"_acf_changed":false,"ngg_post_thumbnail":0,"footnotes":""},"class_list":["post-35619","page","type-page","status-publish","has-post-thumbnail","hentry"],"acf":[],"yoast_head":"<!-- This site is optimized with the Yoast SEO plugin v27.4 - https:\/\/yoast.com\/product\/yoast-seo-wordpress\/ -->\n<title>SAVON D&#039;ALEP EN POUDRE - WOHLBEFINDEN<\/title>\n<meta name=\"robots\" content=\"index, follow, max-snippet:-1, max-image-preview:large, max-video-preview:-1\" \/>\n<link rel=\"canonical\" href=\"https:\/\/bien-etreiris.ch\/de\/produktpraesentation\/hygiene\/haushaltsreinigung\/haushaltsseifen\/waesche-waschen\/alepia\/savon-dalep-en-poudre\/\" \/>\n<meta property=\"og:locale\" content=\"de_DE\" \/>\n<meta property=\"og:type\" content=\"article\" \/>\n<meta property=\"og:title\" content=\"SAVON D&#039;ALEP EN POUDRE - WOHLBEFINDEN\" \/>\n<meta property=\"og:description\" content=\"Lessive de savon d&#039;Alep en poudre &nbsp; La lessive de Savon d\u2019Alep, exclusivement compos\u00e9e de savon d&#039;Alep en poudre 800 g pour 40 lavage CHF 10.20 &nbsp; &nbsp; &nbsp; &nbsp; Beaucoup de personnes ont la peau irrit\u00e9e sans savoir pourquoi, rougeurs, petits boutons, d\u00e9mangeaisons. Souvent, cela provient de la lessive du commerce et\/ou de l&#039;assouplissant ! 40 lavages pour un&nbsp;Weiter lesen\" \/>\n<meta property=\"og:url\" content=\"https:\/\/bien-etreiris.ch\/de\/produktpraesentation\/hygiene\/haushaltsreinigung\/haushaltsseifen\/waesche-waschen\/alepia\/savon-dalep-en-poudre\/\" \/>\n<meta property=\"og:site_name\" content=\"WOHLBEFINDEN\" \/>\n<meta property=\"article:publisher\" content=\"https:\/\/www.facebook.com\/bienetreiris\/\" \/>\n<meta property=\"article:modified_time\" content=\"2020-12-07T17:34:45+00:00\" \/>\n<meta property=\"og:image\" content=\"https:\/\/bien-etreiris.ch\/wp-content\/uploads\/2020\/12\/savon-alep.png\" \/>\n\t<meta property=\"og:image:width\" content=\"500\" \/>\n\t<meta property=\"og:image:height\" content=\"333\" \/>\n\t<meta property=\"og:image:type\" content=\"image\/png\" \/>\n<meta name=\"twitter:label1\" content=\"Gesch\u00e4tzte Lesezeit\" \/>\n\t<meta name=\"twitter:data1\" content=\"4\u00a0Minuten\" \/>\n<script type=\"application\/ld+json\" class=\"yoast-schema-graph\">{\"@context\":\"https:\\\/\\\/schema.org\",\"@graph\":[{\"@type\":\"WebPage\",\"@id\":\"https:\\\/\\\/bien-etreiris.ch\\\/de\\\/produktpraesentation\\\/hygiene\\\/haushaltsreinigung\\\/haushaltsseifen\\\/waesche-waschen\\\/alepia\\\/savon-dalep-en-poudre\\\/\",\"url\":\"https:\\\/\\\/bien-etreiris.ch\\\/de\\\/produktpraesentation\\\/hygiene\\\/haushaltsreinigung\\\/haushaltsseifen\\\/waesche-waschen\\\/alepia\\\/savon-dalep-en-poudre\\\/\",\"name\":\"SAVON D'ALEP EN POUDRE - WOHLBEFINDEN\",\"isPartOf\":{\"@id\":\"https:\\\/\\\/bien-etreiris.ch\\\/de\\\/#website\"},\"primaryImageOfPage\":{\"@id\":\"https:\\\/\\\/bien-etreiris.ch\\\/de\\\/produktpraesentation\\\/hygiene\\\/haushaltsreinigung\\\/haushaltsseifen\\\/waesche-waschen\\\/alepia\\\/savon-dalep-en-poudre\\\/#primaryimage\"},\"image\":{\"@id\":\"https:\\\/\\\/bien-etreiris.ch\\\/de\\\/produktpraesentation\\\/hygiene\\\/haushaltsreinigung\\\/haushaltsseifen\\\/waesche-waschen\\\/alepia\\\/savon-dalep-en-poudre\\\/#primaryimage\"},\"thumbnailUrl\":\"https:\\\/\\\/bien-etreiris.ch\\\/wp-content\\\/uploads\\\/2020\\\/12\\\/savon-alep.png\",\"datePublished\":\"2020-12-07T17:31:34+00:00\",\"dateModified\":\"2020-12-07T17:34:45+00:00\",\"breadcrumb\":{\"@id\":\"https:\\\/\\\/bien-etreiris.ch\\\/de\\\/produktpraesentation\\\/hygiene\\\/haushaltsreinigung\\\/haushaltsseifen\\\/waesche-waschen\\\/alepia\\\/savon-dalep-en-poudre\\\/#breadcrumb\"},\"inLanguage\":\"de\",\"potentialAction\":[{\"@type\":\"ReadAction\",\"target\":[\"https:\\\/\\\/bien-etreiris.ch\\\/de\\\/produktpraesentation\\\/hygiene\\\/haushaltsreinigung\\\/haushaltsseifen\\\/waesche-waschen\\\/alepia\\\/savon-dalep-en-poudre\\\/\"]}]},{\"@type\":\"ImageObject\",\"inLanguage\":\"de\",\"@id\":\"https:\\\/\\\/bien-etreiris.ch\\\/de\\\/produktpraesentation\\\/hygiene\\\/haushaltsreinigung\\\/haushaltsseifen\\\/waesche-waschen\\\/alepia\\\/savon-dalep-en-poudre\\\/#primaryimage\",\"url\":\"https:\\\/\\\/bien-etreiris.ch\\\/wp-content\\\/uploads\\\/2020\\\/12\\\/savon-alep.png\",\"contentUrl\":\"https:\\\/\\\/bien-etreiris.ch\\\/wp-content\\\/uploads\\\/2020\\\/12\\\/savon-alep.png\",\"width\":500,\"height\":333},{\"@type\":\"BreadcrumbList\",\"@id\":\"https:\\\/\\\/bien-etreiris.ch\\\/de\\\/produktpraesentation\\\/hygiene\\\/haushaltsreinigung\\\/haushaltsseifen\\\/waesche-waschen\\\/alepia\\\/savon-dalep-en-poudre\\\/#breadcrumb\",\"itemListElement\":[{\"@type\":\"ListItem\",\"position\":1,\"name\":\"Home\",\"item\":\"https:\\\/\\\/bien-etreiris.ch\\\/de\\\/\"},{\"@type\":\"ListItem\",\"position\":2,\"name\":\"PRODUKTPR\u00c4SENTATION\",\"item\":\"https:\\\/\\\/bien-etreiris.ch\\\/de\\\/produktpraesentation\\\/\"},{\"@type\":\"ListItem\",\"position\":3,\"name\":\"HYGIENE\",\"item\":\"https:\\\/\\\/bien-etreiris.ch\\\/de\\\/produktpraesentation\\\/hygiene\\\/\"},{\"@type\":\"ListItem\",\"position\":4,\"name\":\"HAUSHALTSREINIGUNG\",\"item\":\"https:\\\/\\\/bien-etreiris.ch\\\/de\\\/produktpraesentation\\\/hygiene\\\/haushaltsreinigung\\\/\"},{\"@type\":\"ListItem\",\"position\":5,\"name\":\"HAUSHALTSSEIFEN\",\"item\":\"https:\\\/\\\/bien-etreiris.ch\\\/de\\\/produktpraesentation\\\/hygiene\\\/haushaltsreinigung\\\/haushaltsseifen\\\/\"},{\"@type\":\"ListItem\",\"position\":6,\"name\":\"W\u00c4SCHE WASCHEN\",\"item\":\"https:\\\/\\\/bien-etreiris.ch\\\/de\\\/produktpraesentation\\\/hygiene\\\/haushaltsreinigung\\\/haushaltsseifen\\\/waesche-waschen\\\/\"},{\"@type\":\"ListItem\",\"position\":7,\"name\":\"ALEPIA\",\"item\":\"https:\\\/\\\/bien-etreiris.ch\\\/de\\\/produktpraesentation\\\/hygiene\\\/haushaltsreinigung\\\/haushaltsseifen\\\/waesche-waschen\\\/alepia\\\/\"},{\"@type\":\"ListItem\",\"position\":8,\"name\":\"SAVON D&#8217;ALEP EN POUDRE\"}]},{\"@type\":\"WebSite\",\"@id\":\"https:\\\/\\\/bien-etreiris.ch\\\/de\\\/#website\",\"url\":\"https:\\\/\\\/bien-etreiris.ch\\\/de\\\/\",\"name\":\"Bien-\u00eatre Iris\",\"description\":\"IHRE Gesundheit ist uns wichtig\",\"potentialAction\":[{\"@type\":\"SearchAction\",\"target\":{\"@type\":\"EntryPoint\",\"urlTemplate\":\"https:\\\/\\\/bien-etreiris.ch\\\/de\\\/?s={search_term_string}\"},\"query-input\":{\"@type\":\"PropertyValueSpecification\",\"valueRequired\":true,\"valueName\":\"search_term_string\"}}],\"inLanguage\":\"de\"}]}<\/script>\n<!-- \/ Yoast SEO plugin. -->","yoast_head_json":{"title":"SAVON D'ALEP EN POUDRE - WOHLBEFINDEN","robots":{"index":"index","follow":"follow","max-snippet":"max-snippet:-1","max-image-preview":"max-image-preview:large","max-video-preview":"max-video-preview:-1"},"canonical":"https:\/\/bien-etreiris.ch\/de\/produktpraesentation\/hygiene\/haushaltsreinigung\/haushaltsseifen\/waesche-waschen\/alepia\/savon-dalep-en-poudre\/","og_locale":"de_DE","og_type":"article","og_title":"SAVON D'ALEP EN POUDRE - WOHLBEFINDEN","og_description":"Lessive de savon d'Alep en poudre &nbsp; La lessive de Savon d\u2019Alep, exclusivement compos\u00e9e de savon d'Alep en poudre 800 g pour 40 lavage CHF 10.20 &nbsp; &nbsp; &nbsp; &nbsp; Beaucoup de personnes ont la peau irrit\u00e9e sans savoir pourquoi, rougeurs, petits boutons, d\u00e9mangeaisons. Souvent, cela provient de la lessive du commerce et\/ou de l'assouplissant ! 40 lavages pour un&nbsp;Weiter lesen","og_url":"https:\/\/bien-etreiris.ch\/de\/produktpraesentation\/hygiene\/haushaltsreinigung\/haushaltsseifen\/waesche-waschen\/alepia\/savon-dalep-en-poudre\/","og_site_name":"WOHLBEFINDEN","article_publisher":"https:\/\/www.facebook.com\/bienetreiris\/","article_modified_time":"2020-12-07T17:34:45+00:00","og_image":[{"width":500,"height":333,"url":"https:\/\/bien-etreiris.ch\/wp-content\/uploads\/2020\/12\/savon-alep.png","type":"image\/png"}],"twitter_misc":{"Gesch\u00e4tzte Lesezeit":"4\u00a0Minuten"},"schema":{"@context":"https:\/\/schema.org","@graph":[{"@type":"WebPage","@id":"https:\/\/bien-etreiris.ch\/de\/produktpraesentation\/hygiene\/haushaltsreinigung\/haushaltsseifen\/waesche-waschen\/alepia\/savon-dalep-en-poudre\/","url":"https:\/\/bien-etreiris.ch\/de\/produktpraesentation\/hygiene\/haushaltsreinigung\/haushaltsseifen\/waesche-waschen\/alepia\/savon-dalep-en-poudre\/","name":"SAVON D'ALEP EN POUDRE - WOHLBEFINDEN","isPartOf":{"@id":"https:\/\/bien-etreiris.ch\/de\/#website"},"primaryImageOfPage":{"@id":"https:\/\/bien-etreiris.ch\/de\/produktpraesentation\/hygiene\/haushaltsreinigung\/haushaltsseifen\/waesche-waschen\/alepia\/savon-dalep-en-poudre\/#primaryimage"},"image":{"@id":"https:\/\/bien-etreiris.ch\/de\/produktpraesentation\/hygiene\/haushaltsreinigung\/haushaltsseifen\/waesche-waschen\/alepia\/savon-dalep-en-poudre\/#primaryimage"},"thumbnailUrl":"https:\/\/bien-etreiris.ch\/wp-content\/uploads\/2020\/12\/savon-alep.png","datePublished":"2020-12-07T17:31:34+00:00","dateModified":"2020-12-07T17:34:45+00:00","breadcrumb":{"@id":"https:\/\/bien-etreiris.ch\/de\/produktpraesentation\/hygiene\/haushaltsreinigung\/haushaltsseifen\/waesche-waschen\/alepia\/savon-dalep-en-poudre\/#breadcrumb"},"inLanguage":"de","potentialAction":[{"@type":"ReadAction","target":["https:\/\/bien-etreiris.ch\/de\/produktpraesentation\/hygiene\/haushaltsreinigung\/haushaltsseifen\/waesche-waschen\/alepia\/savon-dalep-en-poudre\/"]}]},{"@type":"ImageObject","inLanguage":"de","@id":"https:\/\/bien-etreiris.ch\/de\/produktpraesentation\/hygiene\/haushaltsreinigung\/haushaltsseifen\/waesche-waschen\/alepia\/savon-dalep-en-poudre\/#primaryimage","url":"https:\/\/bien-etreiris.ch\/wp-content\/uploads\/2020\/12\/savon-alep.png","contentUrl":"https:\/\/bien-etreiris.ch\/wp-content\/uploads\/2020\/12\/savon-alep.png","width":500,"height":333},{"@type":"BreadcrumbList","@id":"https:\/\/bien-etreiris.ch\/de\/produktpraesentation\/hygiene\/haushaltsreinigung\/haushaltsseifen\/waesche-waschen\/alepia\/savon-dalep-en-poudre\/#breadcrumb","itemListElement":[{"@type":"ListItem","position":1,"name":"Home","item":"https:\/\/bien-etreiris.ch\/de\/"},{"@type":"ListItem","position":2,"name":"PRODUKTPR\u00c4SENTATION","item":"https:\/\/bien-etreiris.ch\/de\/produktpraesentation\/"},{"@type":"ListItem","position":3,"name":"HYGIENE","item":"https:\/\/bien-etreiris.ch\/de\/produktpraesentation\/hygiene\/"},{"@type":"ListItem","position":4,"name":"HAUSHALTSREINIGUNG","item":"https:\/\/bien-etreiris.ch\/de\/produktpraesentation\/hygiene\/haushaltsreinigung\/"},{"@type":"ListItem","position":5,"name":"HAUSHALTSSEIFEN","item":"https:\/\/bien-etreiris.ch\/de\/produktpraesentation\/hygiene\/haushaltsreinigung\/haushaltsseifen\/"},{"@type":"ListItem","position":6,"name":"W\u00c4SCHE WASCHEN","item":"https:\/\/bien-etreiris.ch\/de\/produktpraesentation\/hygiene\/haushaltsreinigung\/haushaltsseifen\/waesche-waschen\/"},{"@type":"ListItem","position":7,"name":"ALEPIA","item":"https:\/\/bien-etreiris.ch\/de\/produktpraesentation\/hygiene\/haushaltsreinigung\/haushaltsseifen\/waesche-waschen\/alepia\/"},{"@type":"ListItem","position":8,"name":"SAVON D&#8217;ALEP EN POUDRE"}]},{"@type":"WebSite","@id":"https:\/\/bien-etreiris.ch\/de\/#website","url":"https:\/\/bien-etreiris.ch\/de\/","name":"Bien-\u00eatre Iris","description":"IHRE Gesundheit ist uns wichtig","potentialAction":[{"@type":"SearchAction","target":{"@type":"EntryPoint","urlTemplate":"https:\/\/bien-etreiris.ch\/de\/?s={search_term_string}"},"query-input":{"@type":"PropertyValueSpecification","valueRequired":true,"valueName":"search_term_string"}}],"inLanguage":"de"}]}},"_links":{"self":[{"href":"https:\/\/bien-etreiris.ch\/de\/wp-json\/wp\/v2\/pages\/35619","targetHints":{"allow":["GET"]}}],"collection":[{"href":"https:\/\/bien-etreiris.ch\/de\/wp-json\/wp\/v2\/pages"}],"about":[{"href":"https:\/\/bien-etreiris.ch\/de\/wp-json\/wp\/v2\/types\/page"}],"author":[{"embeddable":true,"href":"https:\/\/bien-etreiris.ch\/de\/wp-json\/wp\/v2\/users\/1"}],"replies":[{"embeddable":true,"href":"https:\/\/bien-etreiris.ch\/de\/wp-json\/wp\/v2\/comments?post=35619"}],"version-history":[{"count":2,"href":"https:\/\/bien-etreiris.ch\/de\/wp-json\/wp\/v2\/pages\/35619\/revisions"}],"predecessor-version":[{"id":35625,"href":"https:\/\/bien-etreiris.ch\/de\/wp-json\/wp\/v2\/pages\/35619\/revisions\/35625"}],"up":[{"embeddable":true,"href":"https:\/\/bien-etreiris.ch\/de\/wp-json\/wp\/v2\/pages\/35607"}],"wp:featuredmedia":[{"embeddable":true,"href":"https:\/\/bien-etreiris.ch\/de\/wp-json\/wp\/v2\/media\/35617"}],"wp:attachment":[{"href":"https:\/\/bien-etreiris.ch\/de\/wp-json\/wp\/v2\/media?parent=35619"}],"curies":[{"name":"wp","href":"https:\/\/api.w.org\/{rel}","templated":true}]}}