{"id":35563,"date":"2020-12-07T09:29:55","date_gmt":"2020-12-07T09:29:55","guid":{"rendered":"https:\/\/bien-etreiris.ch\/helvetia-natura\/shampoing-douche\/"},"modified":"2021-05-29T13:15:13","modified_gmt":"2021-05-29T11:15:13","slug":"shampoo-duschbad","status":"publish","type":"page","link":"https:\/\/bien-etreiris.ch\/de\/produktpraesentation\/hygiene\/koerperpflege\/natuerliche-haar-und-kopfhautpflege\/shampoo\/shampoo-helvetia-natura\/shampoo-duschbad\/","title":{"rendered":"SHAMPOO-DUSCHBAD"},"content":{"rendered":"\n<h2 class=\"wp-block-heading\"> <br><strong>Helvetia Natura Eisenkraut Dusch-Shampoo:<\/strong><\/h2>\n\n\n<p>&nbsp;<a href=\"https:\/\/decoiris.ch\/wp-content\/uploads\/2020\/12\/Shampoing-douche-Verveine.png\"><img loading=\"lazy\" decoding=\"async\" class=\"size-medium wp-image-35557 alignleft\" src=\"https:\/\/decoiris.ch\/wp-content\/uploads\/2020\/12\/Shampoing-douche-Verveine-300x300.png\" alt=\"\" width=\"300\" height=\"300\" srcset=\"https:\/\/bien-etreiris.ch\/wp-content\/uploads\/2020\/12\/Shampoing-douche-Verveine-300x300.png 300w, https:\/\/bien-etreiris.ch\/wp-content\/uploads\/2020\/12\/Shampoing-douche-Verveine-150x150.png 150w, https:\/\/bien-etreiris.ch\/wp-content\/uploads\/2020\/12\/Shampoing-douche-Verveine.png 600w\" sizes=\"auto, (max-width: 300px) 100vw, 300px\" \/><\/a><\/p>\n<p>Es ist ein Shampoo und Duschgel in einem. Die 2-in-1-Formel wurde f\u00fcr die t\u00e4gliche Anwendung entwickelt. Der dezente Duft von Eisenkraut macht es ideal f\u00fcr die ganze Familie.<\/p>\n<p>1000 ml CHF 15.00<\/p>\n<p>Nachf\u00fcllung 100 ml CHF 1.35<\/p>\n<p>&nbsp;<\/p>\n<p>&nbsp;<\/p>\n<p>&nbsp;<\/p>\n<p>Versuchen Sie, das Eisenkraut-Dusch-Shampoo zu gewinnen, perfekt f\u00fcr ein Wochenende weg!<br>Er ist nicht nur praktisch, sondern auch f\u00fcr die ganze Familie geeignet!<br>Ein frisches Shampoo mit einer weichen und angenehmen Textur f\u00fcr das Gl\u00fcck aller.<\/p>\n<p>&nbsp;<\/p>\n<p>Hergestellt in der Schweiz<br>Kurzer Verteilerkreis zur Begrenzung der Umweltbelastung<br>Frei von Sulfaten, Erd\u00f6l und Parabenen<br>Frei von Palm\u00f6l und synthetischen Duftstoffen<br>GVO-frei<br>Nicht an Tieren getestet<br>Natur &amp; Progr\u00e8s Erw\u00e4hnung<\/p>\n<p>&nbsp;<\/p>\n<h4>Zusammensetzung<\/h4>\n<p>Die Waschmittel sind auf pflanzlicher Basis. Waschmittel hergestellt von Laboratoires Scientia Natura f\u00fcr Helvetia Natura. \u00c4therische \u00d6le aus biologischem Anbau. 1-\u2460Essentielles \u00d6l (Inhaltsstoff aus biologischem Anbau). 2-Enth\u00e4lt allergenen Stoff: Limonen (nat\u00fcrliche Zusammensetzung des \u00e4therischen \u00d6ls).<\/p>\n<h4>Inhaltsstoffe \/ INCI<\/h4>\n<p>AQUA (WASSER), COCO-GLUCOSIDE, COCO-BETAINE, XANTAM GUM, BEHENAMIDOPROPYL DIMETHYLAMINE,PARFUM1 (ORGANISCHES \u00c4THERISCHES \u00d6L: LISTSEA CUBEBA, CITRUS SINENSIS), CITRIC ACID, POTASSIUM SORBATE, LIMONENE, CITRAL, LINALOOL<\/p>\n<p>&nbsp;<\/p>\n<p>&nbsp;<\/p>\n<p>&nbsp;<\/p>\n<p>&nbsp;<\/p>","protected":false},"excerpt":{"rendered":"<p>Helvetia Natura Eisenkraut Dusch-Shampoo: &nbsp; Es ist ein Shampoo und Duschgel in einem. Die 2-in-1-Formel wurde f\u00fcr die t\u00e4gliche Anwendung entwickelt. Der dezente Duft von Eisenkraut macht es ideal f\u00fcr die ganze Familie. 1000 ml CHF 15.00 Nachf\u00fcllung 100 ml CHF 1.35 &nbsp; &nbsp; &nbsp; Versuchen Sie, das Eisenkraut-Dusch-Shampoo zu gewinnen, perfekt f\u00fcr ein Wochenende weg!Er ist nicht nur praktisch,&nbsp;<a href=\"https:\/\/bien-etreiris.ch\/de\/produktpraesentation\/hygiene\/koerperpflege\/natuerliche-haar-und-kopfhautpflege\/shampoo\/shampoo-helvetia-natura\/shampoo-duschbad\/\" class=\"read-more\">Weiter lesen<\/a><\/p>\n","protected":false},"author":1,"featured_media":35556,"parent":35517,"menu_order":6664,"comment_status":"closed","ping_status":"closed","template":"page-with-child.php","meta":{"_acf_changed":false,"ngg_post_thumbnail":0,"footnotes":""},"class_list":["post-35563","page","type-page","status-publish","has-post-thumbnail","hentry"],"acf":[],"yoast_head":"<!-- This site is optimized with the Yoast SEO plugin v27.5 - https:\/\/yoast.com\/product\/yoast-seo-wordpress\/ -->\n<title>SHAMPOO-DUSCHBAD - WOHLBEFINDEN<\/title>\n<meta name=\"robots\" content=\"index, follow, max-snippet:-1, max-image-preview:large, max-video-preview:-1\" \/>\n<link rel=\"canonical\" href=\"https:\/\/bien-etreiris.ch\/de\/produktpraesentation\/hygiene\/koerperpflege\/natuerliche-haar-und-kopfhautpflege\/shampoo\/shampoo-helvetia-natura\/shampoo-duschbad\/\" \/>\n<meta property=\"og:locale\" content=\"de_DE\" \/>\n<meta property=\"og:type\" content=\"article\" \/>\n<meta property=\"og:title\" content=\"SHAMPOO-DUSCHBAD - WOHLBEFINDEN\" \/>\n<meta property=\"og:description\" content=\"Helvetia Natura Eisenkraut Dusch-Shampoo: &nbsp; Es ist ein Shampoo und Duschgel in einem. Die 2-in-1-Formel wurde f\u00fcr die t\u00e4gliche Anwendung entwickelt. Der dezente Duft von Eisenkraut macht es ideal f\u00fcr die ganze Familie. 1000 ml CHF 15.00 Nachf\u00fcllung 100 ml CHF 1.35 &nbsp; &nbsp; &nbsp; Versuchen Sie, das Eisenkraut-Dusch-Shampoo zu gewinnen, perfekt f\u00fcr ein Wochenende weg!Er ist nicht nur praktisch,&nbsp;Weiter lesen\" \/>\n<meta property=\"og:url\" content=\"https:\/\/bien-etreiris.ch\/de\/produktpraesentation\/hygiene\/koerperpflege\/natuerliche-haar-und-kopfhautpflege\/shampoo\/shampoo-helvetia-natura\/shampoo-duschbad\/\" \/>\n<meta property=\"og:site_name\" content=\"WOHLBEFINDEN\" \/>\n<meta property=\"article:publisher\" content=\"https:\/\/www.facebook.com\/bienetreiris\/\" \/>\n<meta property=\"article:modified_time\" content=\"2021-05-29T11:15:13+00:00\" \/>\n<meta property=\"og:image\" content=\"https:\/\/bien-etreiris.ch\/wp-content\/uploads\/2020\/12\/Shampoing-douche-Verveine.jpg\" \/>\n\t<meta property=\"og:image:width\" content=\"500\" \/>\n\t<meta property=\"og:image:height\" content=\"347\" \/>\n\t<meta property=\"og:image:type\" content=\"image\/jpeg\" \/>\n<meta name=\"twitter:label1\" content=\"Gesch\u00e4tzte Lesezeit\" \/>\n\t<meta name=\"twitter:data1\" content=\"1\u00a0Minute\" \/>\n<script type=\"application\/ld+json\" class=\"yoast-schema-graph\">{\"@context\":\"https:\\\/\\\/schema.org\",\"@graph\":[{\"@type\":\"WebPage\",\"@id\":\"https:\\\/\\\/bien-etreiris.ch\\\/de\\\/produktpraesentation\\\/hygiene\\\/koerperpflege\\\/natuerliche-haar-und-kopfhautpflege\\\/shampoo\\\/shampoo-helvetia-natura\\\/shampoo-duschbad\\\/\",\"url\":\"https:\\\/\\\/bien-etreiris.ch\\\/de\\\/produktpraesentation\\\/hygiene\\\/koerperpflege\\\/natuerliche-haar-und-kopfhautpflege\\\/shampoo\\\/shampoo-helvetia-natura\\\/shampoo-duschbad\\\/\",\"name\":\"SHAMPOO-DUSCHBAD - WOHLBEFINDEN\",\"isPartOf\":{\"@id\":\"https:\\\/\\\/bien-etreiris.ch\\\/de\\\/#website\"},\"primaryImageOfPage\":{\"@id\":\"https:\\\/\\\/bien-etreiris.ch\\\/de\\\/produktpraesentation\\\/hygiene\\\/koerperpflege\\\/natuerliche-haar-und-kopfhautpflege\\\/shampoo\\\/shampoo-helvetia-natura\\\/shampoo-duschbad\\\/#primaryimage\"},\"image\":{\"@id\":\"https:\\\/\\\/bien-etreiris.ch\\\/de\\\/produktpraesentation\\\/hygiene\\\/koerperpflege\\\/natuerliche-haar-und-kopfhautpflege\\\/shampoo\\\/shampoo-helvetia-natura\\\/shampoo-duschbad\\\/#primaryimage\"},\"thumbnailUrl\":\"https:\\\/\\\/bien-etreiris.ch\\\/wp-content\\\/uploads\\\/2020\\\/12\\\/Shampoing-douche-Verveine.jpg\",\"datePublished\":\"2020-12-07T09:29:55+00:00\",\"dateModified\":\"2021-05-29T11:15:13+00:00\",\"breadcrumb\":{\"@id\":\"https:\\\/\\\/bien-etreiris.ch\\\/de\\\/produktpraesentation\\\/hygiene\\\/koerperpflege\\\/natuerliche-haar-und-kopfhautpflege\\\/shampoo\\\/shampoo-helvetia-natura\\\/shampoo-duschbad\\\/#breadcrumb\"},\"inLanguage\":\"de\",\"potentialAction\":[{\"@type\":\"ReadAction\",\"target\":[\"https:\\\/\\\/bien-etreiris.ch\\\/de\\\/produktpraesentation\\\/hygiene\\\/koerperpflege\\\/natuerliche-haar-und-kopfhautpflege\\\/shampoo\\\/shampoo-helvetia-natura\\\/shampoo-duschbad\\\/\"]}]},{\"@type\":\"ImageObject\",\"inLanguage\":\"de\",\"@id\":\"https:\\\/\\\/bien-etreiris.ch\\\/de\\\/produktpraesentation\\\/hygiene\\\/koerperpflege\\\/natuerliche-haar-und-kopfhautpflege\\\/shampoo\\\/shampoo-helvetia-natura\\\/shampoo-duschbad\\\/#primaryimage\",\"url\":\"https:\\\/\\\/bien-etreiris.ch\\\/wp-content\\\/uploads\\\/2020\\\/12\\\/Shampoing-douche-Verveine.jpg\",\"contentUrl\":\"https:\\\/\\\/bien-etreiris.ch\\\/wp-content\\\/uploads\\\/2020\\\/12\\\/Shampoing-douche-Verveine.jpg\",\"width\":500,\"height\":347},{\"@type\":\"BreadcrumbList\",\"@id\":\"https:\\\/\\\/bien-etreiris.ch\\\/de\\\/produktpraesentation\\\/hygiene\\\/koerperpflege\\\/natuerliche-haar-und-kopfhautpflege\\\/shampoo\\\/shampoo-helvetia-natura\\\/shampoo-duschbad\\\/#breadcrumb\",\"itemListElement\":[{\"@type\":\"ListItem\",\"position\":1,\"name\":\"Home\",\"item\":\"https:\\\/\\\/bien-etreiris.ch\\\/de\\\/\"},{\"@type\":\"ListItem\",\"position\":2,\"name\":\"PRODUKTPR\u00c4SENTATION\",\"item\":\"https:\\\/\\\/bien-etreiris.ch\\\/de\\\/produktpraesentation\\\/\"},{\"@type\":\"ListItem\",\"position\":3,\"name\":\"HYGIENE\",\"item\":\"https:\\\/\\\/bien-etreiris.ch\\\/de\\\/produktpraesentation\\\/hygiene\\\/\"},{\"@type\":\"ListItem\",\"position\":4,\"name\":\"K\u00d6RPERPFLEGE\",\"item\":\"https:\\\/\\\/bien-etreiris.ch\\\/de\\\/produktpraesentation\\\/hygiene\\\/koerperpflege\\\/\"},{\"@type\":\"ListItem\",\"position\":5,\"name\":\"HAAR UND KOPFHAUT\",\"item\":\"https:\\\/\\\/bien-etreiris.ch\\\/de\\\/produktpraesentation\\\/hygiene\\\/koerperpflege\\\/natuerliche-haar-und-kopfhautpflege\\\/\"},{\"@type\":\"ListItem\",\"position\":6,\"name\":\"SHAMPOO\",\"item\":\"https:\\\/\\\/bien-etreiris.ch\\\/de\\\/produktpraesentation\\\/hygiene\\\/koerperpflege\\\/natuerliche-haar-und-kopfhautpflege\\\/shampoo\\\/\"},{\"@type\":\"ListItem\",\"position\":7,\"name\":\"HELVETIA NATURA\",\"item\":\"https:\\\/\\\/bien-etreiris.ch\\\/de\\\/produktpraesentation\\\/hygiene\\\/koerperpflege\\\/natuerliche-haar-und-kopfhautpflege\\\/shampoo\\\/shampoo-helvetia-natura\\\/\"},{\"@type\":\"ListItem\",\"position\":8,\"name\":\"SHAMPOO-DUSCHBAD\"}]},{\"@type\":\"WebSite\",\"@id\":\"https:\\\/\\\/bien-etreiris.ch\\\/de\\\/#website\",\"url\":\"https:\\\/\\\/bien-etreiris.ch\\\/de\\\/\",\"name\":\"Bien-\u00eatre Iris\",\"description\":\"IHRE Gesundheit ist uns wichtig\",\"potentialAction\":[{\"@type\":\"SearchAction\",\"target\":{\"@type\":\"EntryPoint\",\"urlTemplate\":\"https:\\\/\\\/bien-etreiris.ch\\\/de\\\/?s={search_term_string}\"},\"query-input\":{\"@type\":\"PropertyValueSpecification\",\"valueRequired\":true,\"valueName\":\"search_term_string\"}}],\"inLanguage\":\"de\"}]}<\/script>\n<!-- \/ Yoast SEO plugin. -->","yoast_head_json":{"title":"SHAMPOO-DUSCHBAD - WOHLBEFINDEN","robots":{"index":"index","follow":"follow","max-snippet":"max-snippet:-1","max-image-preview":"max-image-preview:large","max-video-preview":"max-video-preview:-1"},"canonical":"https:\/\/bien-etreiris.ch\/de\/produktpraesentation\/hygiene\/koerperpflege\/natuerliche-haar-und-kopfhautpflege\/shampoo\/shampoo-helvetia-natura\/shampoo-duschbad\/","og_locale":"de_DE","og_type":"article","og_title":"SHAMPOO-DUSCHBAD - WOHLBEFINDEN","og_description":"Helvetia Natura Eisenkraut Dusch-Shampoo: &nbsp; Es ist ein Shampoo und Duschgel in einem. Die 2-in-1-Formel wurde f\u00fcr die t\u00e4gliche Anwendung entwickelt. Der dezente Duft von Eisenkraut macht es ideal f\u00fcr die ganze Familie. 1000 ml CHF 15.00 Nachf\u00fcllung 100 ml CHF 1.35 &nbsp; &nbsp; &nbsp; Versuchen Sie, das Eisenkraut-Dusch-Shampoo zu gewinnen, perfekt f\u00fcr ein Wochenende weg!Er ist nicht nur praktisch,&nbsp;Weiter lesen","og_url":"https:\/\/bien-etreiris.ch\/de\/produktpraesentation\/hygiene\/koerperpflege\/natuerliche-haar-und-kopfhautpflege\/shampoo\/shampoo-helvetia-natura\/shampoo-duschbad\/","og_site_name":"WOHLBEFINDEN","article_publisher":"https:\/\/www.facebook.com\/bienetreiris\/","article_modified_time":"2021-05-29T11:15:13+00:00","og_image":[{"width":500,"height":347,"url":"https:\/\/bien-etreiris.ch\/wp-content\/uploads\/2020\/12\/Shampoing-douche-Verveine.jpg","type":"image\/jpeg"}],"twitter_misc":{"Gesch\u00e4tzte Lesezeit":"1\u00a0Minute"},"schema":{"@context":"https:\/\/schema.org","@graph":[{"@type":"WebPage","@id":"https:\/\/bien-etreiris.ch\/de\/produktpraesentation\/hygiene\/koerperpflege\/natuerliche-haar-und-kopfhautpflege\/shampoo\/shampoo-helvetia-natura\/shampoo-duschbad\/","url":"https:\/\/bien-etreiris.ch\/de\/produktpraesentation\/hygiene\/koerperpflege\/natuerliche-haar-und-kopfhautpflege\/shampoo\/shampoo-helvetia-natura\/shampoo-duschbad\/","name":"SHAMPOO-DUSCHBAD - WOHLBEFINDEN","isPartOf":{"@id":"https:\/\/bien-etreiris.ch\/de\/#website"},"primaryImageOfPage":{"@id":"https:\/\/bien-etreiris.ch\/de\/produktpraesentation\/hygiene\/koerperpflege\/natuerliche-haar-und-kopfhautpflege\/shampoo\/shampoo-helvetia-natura\/shampoo-duschbad\/#primaryimage"},"image":{"@id":"https:\/\/bien-etreiris.ch\/de\/produktpraesentation\/hygiene\/koerperpflege\/natuerliche-haar-und-kopfhautpflege\/shampoo\/shampoo-helvetia-natura\/shampoo-duschbad\/#primaryimage"},"thumbnailUrl":"https:\/\/bien-etreiris.ch\/wp-content\/uploads\/2020\/12\/Shampoing-douche-Verveine.jpg","datePublished":"2020-12-07T09:29:55+00:00","dateModified":"2021-05-29T11:15:13+00:00","breadcrumb":{"@id":"https:\/\/bien-etreiris.ch\/de\/produktpraesentation\/hygiene\/koerperpflege\/natuerliche-haar-und-kopfhautpflege\/shampoo\/shampoo-helvetia-natura\/shampoo-duschbad\/#breadcrumb"},"inLanguage":"de","potentialAction":[{"@type":"ReadAction","target":["https:\/\/bien-etreiris.ch\/de\/produktpraesentation\/hygiene\/koerperpflege\/natuerliche-haar-und-kopfhautpflege\/shampoo\/shampoo-helvetia-natura\/shampoo-duschbad\/"]}]},{"@type":"ImageObject","inLanguage":"de","@id":"https:\/\/bien-etreiris.ch\/de\/produktpraesentation\/hygiene\/koerperpflege\/natuerliche-haar-und-kopfhautpflege\/shampoo\/shampoo-helvetia-natura\/shampoo-duschbad\/#primaryimage","url":"https:\/\/bien-etreiris.ch\/wp-content\/uploads\/2020\/12\/Shampoing-douche-Verveine.jpg","contentUrl":"https:\/\/bien-etreiris.ch\/wp-content\/uploads\/2020\/12\/Shampoing-douche-Verveine.jpg","width":500,"height":347},{"@type":"BreadcrumbList","@id":"https:\/\/bien-etreiris.ch\/de\/produktpraesentation\/hygiene\/koerperpflege\/natuerliche-haar-und-kopfhautpflege\/shampoo\/shampoo-helvetia-natura\/shampoo-duschbad\/#breadcrumb","itemListElement":[{"@type":"ListItem","position":1,"name":"Home","item":"https:\/\/bien-etreiris.ch\/de\/"},{"@type":"ListItem","position":2,"name":"PRODUKTPR\u00c4SENTATION","item":"https:\/\/bien-etreiris.ch\/de\/produktpraesentation\/"},{"@type":"ListItem","position":3,"name":"HYGIENE","item":"https:\/\/bien-etreiris.ch\/de\/produktpraesentation\/hygiene\/"},{"@type":"ListItem","position":4,"name":"K\u00d6RPERPFLEGE","item":"https:\/\/bien-etreiris.ch\/de\/produktpraesentation\/hygiene\/koerperpflege\/"},{"@type":"ListItem","position":5,"name":"HAAR UND KOPFHAUT","item":"https:\/\/bien-etreiris.ch\/de\/produktpraesentation\/hygiene\/koerperpflege\/natuerliche-haar-und-kopfhautpflege\/"},{"@type":"ListItem","position":6,"name":"SHAMPOO","item":"https:\/\/bien-etreiris.ch\/de\/produktpraesentation\/hygiene\/koerperpflege\/natuerliche-haar-und-kopfhautpflege\/shampoo\/"},{"@type":"ListItem","position":7,"name":"HELVETIA NATURA","item":"https:\/\/bien-etreiris.ch\/de\/produktpraesentation\/hygiene\/koerperpflege\/natuerliche-haar-und-kopfhautpflege\/shampoo\/shampoo-helvetia-natura\/"},{"@type":"ListItem","position":8,"name":"SHAMPOO-DUSCHBAD"}]},{"@type":"WebSite","@id":"https:\/\/bien-etreiris.ch\/de\/#website","url":"https:\/\/bien-etreiris.ch\/de\/","name":"Bien-\u00eatre Iris","description":"IHRE Gesundheit ist uns wichtig","potentialAction":[{"@type":"SearchAction","target":{"@type":"EntryPoint","urlTemplate":"https:\/\/bien-etreiris.ch\/de\/?s={search_term_string}"},"query-input":{"@type":"PropertyValueSpecification","valueRequired":true,"valueName":"search_term_string"}}],"inLanguage":"de"}]}},"_links":{"self":[{"href":"https:\/\/bien-etreiris.ch\/de\/wp-json\/wp\/v2\/pages\/35563","targetHints":{"allow":["GET"]}}],"collection":[{"href":"https:\/\/bien-etreiris.ch\/de\/wp-json\/wp\/v2\/pages"}],"about":[{"href":"https:\/\/bien-etreiris.ch\/de\/wp-json\/wp\/v2\/types\/page"}],"author":[{"embeddable":true,"href":"https:\/\/bien-etreiris.ch\/de\/wp-json\/wp\/v2\/users\/1"}],"replies":[{"embeddable":true,"href":"https:\/\/bien-etreiris.ch\/de\/wp-json\/wp\/v2\/comments?post=35563"}],"version-history":[{"count":12,"href":"https:\/\/bien-etreiris.ch\/de\/wp-json\/wp\/v2\/pages\/35563\/revisions"}],"predecessor-version":[{"id":48130,"href":"https:\/\/bien-etreiris.ch\/de\/wp-json\/wp\/v2\/pages\/35563\/revisions\/48130"}],"up":[{"embeddable":true,"href":"https:\/\/bien-etreiris.ch\/de\/wp-json\/wp\/v2\/pages\/35517"}],"wp:featuredmedia":[{"embeddable":true,"href":"https:\/\/bien-etreiris.ch\/de\/wp-json\/wp\/v2\/media\/35556"}],"wp:attachment":[{"href":"https:\/\/bien-etreiris.ch\/de\/wp-json\/wp\/v2\/media?parent=35563"}],"curies":[{"name":"wp","href":"https:\/\/api.w.org\/{rel}","templated":true}]}}