{"id":35527,"date":"2020-12-07T08:24:34","date_gmt":"2020-12-07T08:24:34","guid":{"rendered":"https:\/\/bien-etreiris.ch\/shampoing-douceur\/"},"modified":"2021-05-29T13:14:27","modified_gmt":"2021-05-29T11:14:27","slug":"mildes-shampoo","status":"publish","type":"page","link":"https:\/\/bien-etreiris.ch\/de\/produktpraesentation\/hygiene\/koerperpflege\/natuerliche-haar-und-kopfhautpflege\/shampoo\/shampoo-helvetia-natura\/mildes-shampoo\/","title":{"rendered":"MILDES SHAMPOO"},"content":{"rendered":"\n<h2 class=\"wp-block-heading\"> <br>Ylang Ylang Sanftes Pflanzen-Keratin-Shampoo<\/h2>\n\n\n<div class=\"elementor-element elementor-element-58c1b705 elementor-widget elementor-widget-woocommerce-product-title elementor-page-title elementor-widget-heading\" data-id=\"58c1b705\" data-element_type=\"widget\" data-widget_type=\"woocommerce-product-title.default\">\n<div class=\"elementor-widget-container\">\n<h4 class=\"product_title entry-title elementor-heading-title elementor-size-default\"><span class=\"d2edcug0 hpfvmrgz qv66sw1b c1et5uql rrkovp55 a8c37x1j keod5gw0 nxhoafnm aigsh9s9 d3f4x2em fe6kdd0r mau55g9w c8b282yb iv3no6db jq4qci2q a3bd9o3v knj5qynh oo9gr5id\" dir=\"auto\">DAS SHAMPOO, DAS IHR HAAR RESPEKTIERT<\/span><\/h4>\n<p><a href=\"https:\/\/decoiris.ch\/wp-content\/uploads\/2020\/12\/Shampoing-doux-\u00e0-la-Keratine.png\"><img loading=\"lazy\" decoding=\"async\" class=\"size-medium wp-image-35535 alignleft\" src=\"https:\/\/decoiris.ch\/wp-content\/uploads\/2020\/12\/Shampoing-doux-\u00e0-la-Keratine-300x300.png\" alt=\"\" width=\"300\" height=\"300\" srcset=\"https:\/\/bien-etreiris.ch\/wp-content\/uploads\/2020\/12\/Shampoing-doux-\u00e0-la-Keratine-300x300.png 300w, https:\/\/bien-etreiris.ch\/wp-content\/uploads\/2020\/12\/Shampoing-doux-\u00e0-la-Keratine-150x150.png 150w, https:\/\/bien-etreiris.ch\/wp-content\/uploads\/2020\/12\/Shampoing-doux-\u00e0-la-Keratine.png 600w\" sizes=\"auto, (max-width: 300px) 100vw, 300px\" \/><\/a><\/p>\n<\/div>\n<\/div>\n<p>&nbsp;<\/p>\n<p>&nbsp;<\/p>\n<div class=\"elementor-element elementor-element-22294c9 elementor-widget elementor-widget-woocommerce-product-content\" data-id=\"22294c9\" data-element_type=\"widget\" data-widget_type=\"woocommerce-product-content.default\">\n<div class=\"elementor-widget-container\">\n<p>Dieses Shampoo pflegt das Haar sanft und macht es weicher dank der Verst\u00e4rkung mit pflanzlichem Keratin aus Bio-Weizenproteinen. Es ist zart duftend mit \u00e4therischem Ylang-Ylang-\u00d6l. Dieses Shampoo ist f\u00fcr Veganer geeignet.<\/p>\n<\/div>\n<p>1000 ml&nbsp; <strong>CHF 14.00<\/strong><\/p>\n<p>Nachf\u00fcllung <strong>100 ml CHF 1.35<\/strong><\/p>\n<\/div>\n<p>&nbsp;<\/p>\n<p>&nbsp;<\/p>\n<p>&nbsp;<\/p>\n<p>&nbsp;<\/p>\n<p>Wir haben Bio-Shampoos mit pflanzlichem Keratin entwickelt. Unsere Formel wurde von unseren Teams entwickelt, um das Haar in der Tiefe zu behandeln.<br>F\u00fcr trockenes, fettiges oder stumpfes Haar haben wir das nat\u00fcrliche Shampoo geschaffen, das Ihr Haar pflegt.<\/p>\n<p>Pflanzliches Keratin hat mehrere Vorz\u00fcge f\u00fcr Ihr Haar:<\/p>\n<p>Kr\u00e4ftigt Ihr Haar auf nat\u00fcrliche Weise<br>Behandelt die Schichten des Haares in der Tiefe<br>Repariert und restrukturiert Ihr Haar<br>Verbesserte Z\u00e4higkeit<br>Erm\u00f6glicht die Erneuerung der Haarstruktur<br>Sch\u00fctzt vor \u00e4usseren Angriffen<br>Verhindert nat\u00fcrliche Sch\u00e4den<\/p>\n<p>&nbsp;<\/p>\n<p>Helvetia Natura ist eine Schweizer Marke f\u00fcr biologische Reinigungs- und Hygieneprodukte unter dem Label Nature et Progr\u00e8s, basierend auf echter Schweizer weisser Seife.<br>Es wird eine ganze Reihe von nat\u00fcrlichen, gesunden und handwerklich hergestellten Produkten angeboten.<\/p>\n<p>Helvetia Natura setzt sich sowohl bei der Qualit\u00e4t der Produkte als auch bei der Herstellung f\u00fcr den Schutz Ihrer Gesundheit und des Planeten ein!<\/p>\n<p>Entdecken Sie das sanfte Keratin-Pflanzen-Shampoo von Helvetia Natura: Das ideale Shampoo f\u00fcr die ganze Familie!<br>Seine Inhaltsstoffe sind nat\u00fcrlich und biologisch. Sie wurden wegen ihrer Weichheit und ihres Glanzeffekts auf dem Haar ausgew\u00e4hlt!<\/p>\n<p>&nbsp;<\/p>","protected":false},"excerpt":{"rendered":"<p>Ylang Ylang Sanftes Pflanzen-Keratin-Shampoo DAS SHAMPOO, DAS IHR HAAR RESPEKTIERT &nbsp; &nbsp; Dieses Shampoo pflegt das Haar sanft und macht es weicher dank der Verst\u00e4rkung mit pflanzlichem Keratin aus Bio-Weizenproteinen. Es ist zart duftend mit \u00e4therischem Ylang-Ylang-\u00d6l. Dieses Shampoo ist f\u00fcr Veganer geeignet. 1000 ml&nbsp; CHF 14.00 Nachf\u00fcllung 100 ml CHF 1.35 &nbsp; &nbsp; &nbsp; &nbsp; Wir haben Bio-Shampoos mit&nbsp;<a href=\"https:\/\/bien-etreiris.ch\/de\/produktpraesentation\/hygiene\/koerperpflege\/natuerliche-haar-und-kopfhautpflege\/shampoo\/shampoo-helvetia-natura\/mildes-shampoo\/\" class=\"read-more\">Weiter lesen<\/a><\/p>\n","protected":false},"author":1,"featured_media":35525,"parent":35517,"menu_order":6670,"comment_status":"closed","ping_status":"closed","template":"page-with-child.php","meta":{"_acf_changed":false,"ngg_post_thumbnail":0,"footnotes":""},"class_list":["post-35527","page","type-page","status-publish","has-post-thumbnail","hentry"],"acf":[],"yoast_head":"<!-- This site is optimized with the Yoast SEO plugin v27.5 - https:\/\/yoast.com\/product\/yoast-seo-wordpress\/ -->\n<title>MILDES SHAMPOO - WOHLBEFINDEN<\/title>\n<meta name=\"robots\" content=\"index, follow, max-snippet:-1, max-image-preview:large, max-video-preview:-1\" \/>\n<link rel=\"canonical\" href=\"https:\/\/bien-etreiris.ch\/de\/produktpraesentation\/hygiene\/koerperpflege\/natuerliche-haar-und-kopfhautpflege\/shampoo\/shampoo-helvetia-natura\/mildes-shampoo\/\" \/>\n<meta property=\"og:locale\" content=\"de_DE\" \/>\n<meta property=\"og:type\" content=\"article\" \/>\n<meta property=\"og:title\" content=\"MILDES SHAMPOO - WOHLBEFINDEN\" \/>\n<meta property=\"og:description\" content=\"Ylang Ylang Sanftes Pflanzen-Keratin-Shampoo DAS SHAMPOO, DAS IHR HAAR RESPEKTIERT &nbsp; &nbsp; Dieses Shampoo pflegt das Haar sanft und macht es weicher dank der Verst\u00e4rkung mit pflanzlichem Keratin aus Bio-Weizenproteinen. Es ist zart duftend mit \u00e4therischem Ylang-Ylang-\u00d6l. Dieses Shampoo ist f\u00fcr Veganer geeignet. 1000 ml&nbsp; CHF 14.00 Nachf\u00fcllung 100 ml CHF 1.35 &nbsp; &nbsp; &nbsp; &nbsp; Wir haben Bio-Shampoos mit&nbsp;Weiter lesen\" \/>\n<meta property=\"og:url\" content=\"https:\/\/bien-etreiris.ch\/de\/produktpraesentation\/hygiene\/koerperpflege\/natuerliche-haar-und-kopfhautpflege\/shampoo\/shampoo-helvetia-natura\/mildes-shampoo\/\" \/>\n<meta property=\"og:site_name\" content=\"WOHLBEFINDEN\" \/>\n<meta property=\"article:publisher\" content=\"https:\/\/www.facebook.com\/bienetreiris\/\" \/>\n<meta property=\"article:modified_time\" content=\"2021-05-29T11:14:27+00:00\" \/>\n<meta property=\"og:image\" content=\"https:\/\/bien-etreiris.ch\/wp-content\/uploads\/2020\/12\/Shampoing-doux.jpg\" \/>\n\t<meta property=\"og:image:width\" content=\"762\" \/>\n\t<meta property=\"og:image:height\" content=\"508\" \/>\n\t<meta property=\"og:image:type\" content=\"image\/jpeg\" \/>\n<meta name=\"twitter:label1\" content=\"Gesch\u00e4tzte Lesezeit\" \/>\n\t<meta name=\"twitter:data1\" content=\"2\u00a0Minuten\" \/>\n<script type=\"application\/ld+json\" class=\"yoast-schema-graph\">{\"@context\":\"https:\\\/\\\/schema.org\",\"@graph\":[{\"@type\":\"WebPage\",\"@id\":\"https:\\\/\\\/bien-etreiris.ch\\\/de\\\/produktpraesentation\\\/hygiene\\\/koerperpflege\\\/natuerliche-haar-und-kopfhautpflege\\\/shampoo\\\/shampoo-helvetia-natura\\\/mildes-shampoo\\\/\",\"url\":\"https:\\\/\\\/bien-etreiris.ch\\\/de\\\/produktpraesentation\\\/hygiene\\\/koerperpflege\\\/natuerliche-haar-und-kopfhautpflege\\\/shampoo\\\/shampoo-helvetia-natura\\\/mildes-shampoo\\\/\",\"name\":\"MILDES SHAMPOO - WOHLBEFINDEN\",\"isPartOf\":{\"@id\":\"https:\\\/\\\/bien-etreiris.ch\\\/de\\\/#website\"},\"primaryImageOfPage\":{\"@id\":\"https:\\\/\\\/bien-etreiris.ch\\\/de\\\/produktpraesentation\\\/hygiene\\\/koerperpflege\\\/natuerliche-haar-und-kopfhautpflege\\\/shampoo\\\/shampoo-helvetia-natura\\\/mildes-shampoo\\\/#primaryimage\"},\"image\":{\"@id\":\"https:\\\/\\\/bien-etreiris.ch\\\/de\\\/produktpraesentation\\\/hygiene\\\/koerperpflege\\\/natuerliche-haar-und-kopfhautpflege\\\/shampoo\\\/shampoo-helvetia-natura\\\/mildes-shampoo\\\/#primaryimage\"},\"thumbnailUrl\":\"https:\\\/\\\/bien-etreiris.ch\\\/wp-content\\\/uploads\\\/2020\\\/12\\\/Shampoing-doux.jpg\",\"datePublished\":\"2020-12-07T08:24:34+00:00\",\"dateModified\":\"2021-05-29T11:14:27+00:00\",\"breadcrumb\":{\"@id\":\"https:\\\/\\\/bien-etreiris.ch\\\/de\\\/produktpraesentation\\\/hygiene\\\/koerperpflege\\\/natuerliche-haar-und-kopfhautpflege\\\/shampoo\\\/shampoo-helvetia-natura\\\/mildes-shampoo\\\/#breadcrumb\"},\"inLanguage\":\"de\",\"potentialAction\":[{\"@type\":\"ReadAction\",\"target\":[\"https:\\\/\\\/bien-etreiris.ch\\\/de\\\/produktpraesentation\\\/hygiene\\\/koerperpflege\\\/natuerliche-haar-und-kopfhautpflege\\\/shampoo\\\/shampoo-helvetia-natura\\\/mildes-shampoo\\\/\"]}]},{\"@type\":\"ImageObject\",\"inLanguage\":\"de\",\"@id\":\"https:\\\/\\\/bien-etreiris.ch\\\/de\\\/produktpraesentation\\\/hygiene\\\/koerperpflege\\\/natuerliche-haar-und-kopfhautpflege\\\/shampoo\\\/shampoo-helvetia-natura\\\/mildes-shampoo\\\/#primaryimage\",\"url\":\"https:\\\/\\\/bien-etreiris.ch\\\/wp-content\\\/uploads\\\/2020\\\/12\\\/Shampoing-doux.jpg\",\"contentUrl\":\"https:\\\/\\\/bien-etreiris.ch\\\/wp-content\\\/uploads\\\/2020\\\/12\\\/Shampoing-doux.jpg\",\"width\":762,\"height\":508},{\"@type\":\"BreadcrumbList\",\"@id\":\"https:\\\/\\\/bien-etreiris.ch\\\/de\\\/produktpraesentation\\\/hygiene\\\/koerperpflege\\\/natuerliche-haar-und-kopfhautpflege\\\/shampoo\\\/shampoo-helvetia-natura\\\/mildes-shampoo\\\/#breadcrumb\",\"itemListElement\":[{\"@type\":\"ListItem\",\"position\":1,\"name\":\"Home\",\"item\":\"https:\\\/\\\/bien-etreiris.ch\\\/de\\\/\"},{\"@type\":\"ListItem\",\"position\":2,\"name\":\"PRODUKTPR\u00c4SENTATION\",\"item\":\"https:\\\/\\\/bien-etreiris.ch\\\/de\\\/produktpraesentation\\\/\"},{\"@type\":\"ListItem\",\"position\":3,\"name\":\"HYGIENE\",\"item\":\"https:\\\/\\\/bien-etreiris.ch\\\/de\\\/produktpraesentation\\\/hygiene\\\/\"},{\"@type\":\"ListItem\",\"position\":4,\"name\":\"K\u00d6RPERPFLEGE\",\"item\":\"https:\\\/\\\/bien-etreiris.ch\\\/de\\\/produktpraesentation\\\/hygiene\\\/koerperpflege\\\/\"},{\"@type\":\"ListItem\",\"position\":5,\"name\":\"HAAR UND KOPFHAUT\",\"item\":\"https:\\\/\\\/bien-etreiris.ch\\\/de\\\/produktpraesentation\\\/hygiene\\\/koerperpflege\\\/natuerliche-haar-und-kopfhautpflege\\\/\"},{\"@type\":\"ListItem\",\"position\":6,\"name\":\"SHAMPOO\",\"item\":\"https:\\\/\\\/bien-etreiris.ch\\\/de\\\/produktpraesentation\\\/hygiene\\\/koerperpflege\\\/natuerliche-haar-und-kopfhautpflege\\\/shampoo\\\/\"},{\"@type\":\"ListItem\",\"position\":7,\"name\":\"HELVETIA NATURA\",\"item\":\"https:\\\/\\\/bien-etreiris.ch\\\/de\\\/produktpraesentation\\\/hygiene\\\/koerperpflege\\\/natuerliche-haar-und-kopfhautpflege\\\/shampoo\\\/shampoo-helvetia-natura\\\/\"},{\"@type\":\"ListItem\",\"position\":8,\"name\":\"MILDES SHAMPOO\"}]},{\"@type\":\"WebSite\",\"@id\":\"https:\\\/\\\/bien-etreiris.ch\\\/de\\\/#website\",\"url\":\"https:\\\/\\\/bien-etreiris.ch\\\/de\\\/\",\"name\":\"Bien-\u00eatre Iris\",\"description\":\"IHRE Gesundheit ist uns wichtig\",\"potentialAction\":[{\"@type\":\"SearchAction\",\"target\":{\"@type\":\"EntryPoint\",\"urlTemplate\":\"https:\\\/\\\/bien-etreiris.ch\\\/de\\\/?s={search_term_string}\"},\"query-input\":{\"@type\":\"PropertyValueSpecification\",\"valueRequired\":true,\"valueName\":\"search_term_string\"}}],\"inLanguage\":\"de\"}]}<\/script>\n<!-- \/ Yoast SEO plugin. -->","yoast_head_json":{"title":"MILDES SHAMPOO - WOHLBEFINDEN","robots":{"index":"index","follow":"follow","max-snippet":"max-snippet:-1","max-image-preview":"max-image-preview:large","max-video-preview":"max-video-preview:-1"},"canonical":"https:\/\/bien-etreiris.ch\/de\/produktpraesentation\/hygiene\/koerperpflege\/natuerliche-haar-und-kopfhautpflege\/shampoo\/shampoo-helvetia-natura\/mildes-shampoo\/","og_locale":"de_DE","og_type":"article","og_title":"MILDES SHAMPOO - WOHLBEFINDEN","og_description":"Ylang Ylang Sanftes Pflanzen-Keratin-Shampoo DAS SHAMPOO, DAS IHR HAAR RESPEKTIERT &nbsp; &nbsp; Dieses Shampoo pflegt das Haar sanft und macht es weicher dank der Verst\u00e4rkung mit pflanzlichem Keratin aus Bio-Weizenproteinen. Es ist zart duftend mit \u00e4therischem Ylang-Ylang-\u00d6l. Dieses Shampoo ist f\u00fcr Veganer geeignet. 1000 ml&nbsp; CHF 14.00 Nachf\u00fcllung 100 ml CHF 1.35 &nbsp; &nbsp; &nbsp; &nbsp; Wir haben Bio-Shampoos mit&nbsp;Weiter lesen","og_url":"https:\/\/bien-etreiris.ch\/de\/produktpraesentation\/hygiene\/koerperpflege\/natuerliche-haar-und-kopfhautpflege\/shampoo\/shampoo-helvetia-natura\/mildes-shampoo\/","og_site_name":"WOHLBEFINDEN","article_publisher":"https:\/\/www.facebook.com\/bienetreiris\/","article_modified_time":"2021-05-29T11:14:27+00:00","og_image":[{"width":762,"height":508,"url":"https:\/\/bien-etreiris.ch\/wp-content\/uploads\/2020\/12\/Shampoing-doux.jpg","type":"image\/jpeg"}],"twitter_misc":{"Gesch\u00e4tzte Lesezeit":"2\u00a0Minuten"},"schema":{"@context":"https:\/\/schema.org","@graph":[{"@type":"WebPage","@id":"https:\/\/bien-etreiris.ch\/de\/produktpraesentation\/hygiene\/koerperpflege\/natuerliche-haar-und-kopfhautpflege\/shampoo\/shampoo-helvetia-natura\/mildes-shampoo\/","url":"https:\/\/bien-etreiris.ch\/de\/produktpraesentation\/hygiene\/koerperpflege\/natuerliche-haar-und-kopfhautpflege\/shampoo\/shampoo-helvetia-natura\/mildes-shampoo\/","name":"MILDES SHAMPOO - WOHLBEFINDEN","isPartOf":{"@id":"https:\/\/bien-etreiris.ch\/de\/#website"},"primaryImageOfPage":{"@id":"https:\/\/bien-etreiris.ch\/de\/produktpraesentation\/hygiene\/koerperpflege\/natuerliche-haar-und-kopfhautpflege\/shampoo\/shampoo-helvetia-natura\/mildes-shampoo\/#primaryimage"},"image":{"@id":"https:\/\/bien-etreiris.ch\/de\/produktpraesentation\/hygiene\/koerperpflege\/natuerliche-haar-und-kopfhautpflege\/shampoo\/shampoo-helvetia-natura\/mildes-shampoo\/#primaryimage"},"thumbnailUrl":"https:\/\/bien-etreiris.ch\/wp-content\/uploads\/2020\/12\/Shampoing-doux.jpg","datePublished":"2020-12-07T08:24:34+00:00","dateModified":"2021-05-29T11:14:27+00:00","breadcrumb":{"@id":"https:\/\/bien-etreiris.ch\/de\/produktpraesentation\/hygiene\/koerperpflege\/natuerliche-haar-und-kopfhautpflege\/shampoo\/shampoo-helvetia-natura\/mildes-shampoo\/#breadcrumb"},"inLanguage":"de","potentialAction":[{"@type":"ReadAction","target":["https:\/\/bien-etreiris.ch\/de\/produktpraesentation\/hygiene\/koerperpflege\/natuerliche-haar-und-kopfhautpflege\/shampoo\/shampoo-helvetia-natura\/mildes-shampoo\/"]}]},{"@type":"ImageObject","inLanguage":"de","@id":"https:\/\/bien-etreiris.ch\/de\/produktpraesentation\/hygiene\/koerperpflege\/natuerliche-haar-und-kopfhautpflege\/shampoo\/shampoo-helvetia-natura\/mildes-shampoo\/#primaryimage","url":"https:\/\/bien-etreiris.ch\/wp-content\/uploads\/2020\/12\/Shampoing-doux.jpg","contentUrl":"https:\/\/bien-etreiris.ch\/wp-content\/uploads\/2020\/12\/Shampoing-doux.jpg","width":762,"height":508},{"@type":"BreadcrumbList","@id":"https:\/\/bien-etreiris.ch\/de\/produktpraesentation\/hygiene\/koerperpflege\/natuerliche-haar-und-kopfhautpflege\/shampoo\/shampoo-helvetia-natura\/mildes-shampoo\/#breadcrumb","itemListElement":[{"@type":"ListItem","position":1,"name":"Home","item":"https:\/\/bien-etreiris.ch\/de\/"},{"@type":"ListItem","position":2,"name":"PRODUKTPR\u00c4SENTATION","item":"https:\/\/bien-etreiris.ch\/de\/produktpraesentation\/"},{"@type":"ListItem","position":3,"name":"HYGIENE","item":"https:\/\/bien-etreiris.ch\/de\/produktpraesentation\/hygiene\/"},{"@type":"ListItem","position":4,"name":"K\u00d6RPERPFLEGE","item":"https:\/\/bien-etreiris.ch\/de\/produktpraesentation\/hygiene\/koerperpflege\/"},{"@type":"ListItem","position":5,"name":"HAAR UND KOPFHAUT","item":"https:\/\/bien-etreiris.ch\/de\/produktpraesentation\/hygiene\/koerperpflege\/natuerliche-haar-und-kopfhautpflege\/"},{"@type":"ListItem","position":6,"name":"SHAMPOO","item":"https:\/\/bien-etreiris.ch\/de\/produktpraesentation\/hygiene\/koerperpflege\/natuerliche-haar-und-kopfhautpflege\/shampoo\/"},{"@type":"ListItem","position":7,"name":"HELVETIA NATURA","item":"https:\/\/bien-etreiris.ch\/de\/produktpraesentation\/hygiene\/koerperpflege\/natuerliche-haar-und-kopfhautpflege\/shampoo\/shampoo-helvetia-natura\/"},{"@type":"ListItem","position":8,"name":"MILDES SHAMPOO"}]},{"@type":"WebSite","@id":"https:\/\/bien-etreiris.ch\/de\/#website","url":"https:\/\/bien-etreiris.ch\/de\/","name":"Bien-\u00eatre Iris","description":"IHRE Gesundheit ist uns wichtig","potentialAction":[{"@type":"SearchAction","target":{"@type":"EntryPoint","urlTemplate":"https:\/\/bien-etreiris.ch\/de\/?s={search_term_string}"},"query-input":{"@type":"PropertyValueSpecification","valueRequired":true,"valueName":"search_term_string"}}],"inLanguage":"de"}]}},"_links":{"self":[{"href":"https:\/\/bien-etreiris.ch\/de\/wp-json\/wp\/v2\/pages\/35527","targetHints":{"allow":["GET"]}}],"collection":[{"href":"https:\/\/bien-etreiris.ch\/de\/wp-json\/wp\/v2\/pages"}],"about":[{"href":"https:\/\/bien-etreiris.ch\/de\/wp-json\/wp\/v2\/types\/page"}],"author":[{"embeddable":true,"href":"https:\/\/bien-etreiris.ch\/de\/wp-json\/wp\/v2\/users\/1"}],"replies":[{"embeddable":true,"href":"https:\/\/bien-etreiris.ch\/de\/wp-json\/wp\/v2\/comments?post=35527"}],"version-history":[{"count":9,"href":"https:\/\/bien-etreiris.ch\/de\/wp-json\/wp\/v2\/pages\/35527\/revisions"}],"predecessor-version":[{"id":48129,"href":"https:\/\/bien-etreiris.ch\/de\/wp-json\/wp\/v2\/pages\/35527\/revisions\/48129"}],"up":[{"embeddable":true,"href":"https:\/\/bien-etreiris.ch\/de\/wp-json\/wp\/v2\/pages\/35517"}],"wp:featuredmedia":[{"embeddable":true,"href":"https:\/\/bien-etreiris.ch\/de\/wp-json\/wp\/v2\/media\/35525"}],"wp:attachment":[{"href":"https:\/\/bien-etreiris.ch\/de\/wp-json\/wp\/v2\/media?parent=35527"}],"curies":[{"name":"wp","href":"https:\/\/api.w.org\/{rel}","templated":true}]}}