{"id":35489,"date":"2020-12-07T08:04:19","date_gmt":"2020-12-07T08:04:19","guid":{"rendered":"https:\/\/bien-etreiris.ch\/?page_id=35489"},"modified":"2021-05-29T18:26:56","modified_gmt":"2021-05-29T16:26:56","slug":"gel-douche-basilic-pamplemousse","status":"publish","type":"page","link":"https:\/\/bien-etreiris.ch\/de\/produktpraesentation\/hygiene\/koerperpflege\/seifen\/seife-helvetia-natura\/gel-douche-basilic-pamplemousse\/","title":{"rendered":"DUSCHGEL BASILIKUM&#8230;"},"content":{"rendered":"<p><span class=\"d2edcug0 hpfvmrgz qv66sw1b c1et5uql rrkovp55 a8c37x1j keod5gw0 nxhoafnm aigsh9s9 d3f4x2em fe6kdd0r mau55g9w c8b282yb iv3no6db jq4qci2q a3bd9o3v knj5qynh oo9gr5id\" dir=\"auto\"><a href=\"https:\/\/decoiris.ch\/wp-content\/uploads\/2020\/12\/Gel-douche-Basilic-pamplemousse.png\"><img loading=\"lazy\" decoding=\"async\" class=\"size-medium wp-image-35485 alignleft\" src=\"https:\/\/decoiris.ch\/wp-content\/uploads\/2020\/12\/Gel-douche-Basilic-pamplemousse-300x300.png\" alt=\"\" width=\"300\" height=\"300\" srcset=\"https:\/\/bien-etreiris.ch\/wp-content\/uploads\/2020\/12\/Gel-douche-Basilic-pamplemousse-300x300.png 300w, https:\/\/bien-etreiris.ch\/wp-content\/uploads\/2020\/12\/Gel-douche-Basilic-pamplemousse-150x150.png 150w, https:\/\/bien-etreiris.ch\/wp-content\/uploads\/2020\/12\/Gel-douche-Basilic-pamplemousse.png 600w\" sizes=\"auto, (max-width: 300px) 100vw, 300px\" \/><\/a><\/span><\/p>\n<p>&nbsp;<\/p>\n<p>Lassen Sie sich zu einem Moment der Frische verf\u00fchren!<br \/>\nDie cremige Textur und der frische Duft mit \u00e4therischem Bio-Grapefruit- und Basilikum\u00f6l reinigen Ihre Haut sanft.<br \/>\nUnsere Seifenmacher-Meister verwenden uraltes Know-how, um hochwertige, wirksame und biologische Produkte herzustellen.<br \/>\nUnter dem Label Nature et Progr\u00e8s ist dieses Duschgel nat\u00fcrlich, ohne Palm\u00f6l oder dessen Derivate, ohne Sulfate und ohne GVOs.<\/p>\n<p>Lassen Sie sich von diesem subtilen blumigen Duft verf\u00fchren.<\/p>\n<p>1000ml CHF 16.00<\/p>\n<p>F\u00fcllung 100 ml 1,40<\/p>\n<p>&nbsp;<\/p>\n<p>&nbsp;<\/p>\n<p>&nbsp;<\/p>\n<h4>Zusammensetzung<\/h4>\n<p>aqua (Wasser), coco-betaine, coco-glucoside, xantam gum, parfum (organisches \u00e4therisches \u00d6l), Zitronens\u00e4ure, Kaliumsorbat, Limonen, Linalool<\/p>\n<p>Das Labor Scientia Natura, das die Marke Helvetia Natura herstellt, ist ein junges Unternehmen, das seit 2009 am Ufer des Genfer Sees, in der N\u00e4he der Stadt Nyon in der Schweiz, ans\u00e4ssig ist.<\/p>\n<p>Unter dem Label Nature et Progr\u00e8s stellen wir Fl\u00fcssigseifen und Waschmittel nach einer handwerklichen Methode namens \"au cauldron\" her:<\/p>\n<ul style=\"list-style-type: disc;\">\n<li>Alles, was im Produkt biologisch sein kann, muss es auch sein.<\/li>\n<li>Alle Tenside sind pflanzlichen Ursprungs.<\/li>\n<li>Alle Inhaltsstoffe pflanzlichen Ursprungs sind 100% biologisch.<\/li>\n<\/ul>\n<p>Die Marke Helvetia Natura stellt nach einer handwerklichen Methode, die als \"au cauldron\" bekannt ist, eine hochwertige Seife her, eine echte wei\u00dfe Schweizer Seife, nach einem \u00fcberlieferten Rezept (aus Sonnenblumen\u00f6l), ohne jeglichen Zusatz, weder von Sequestriermittel (Filter) noch von Gummi (Verdickungsmittel), was eine reine Verseifung schafft, mit einer nat\u00fcrlichen Viskosit\u00e4t, f\u00fcr ein optimales Vergn\u00fcgen der Anwendung.<br \/>\nWarum Bio-Sonnenblumen\u00f6l?<br \/>\nDenn es hat feuchtigkeitsspendende, weichmachende und n\u00e4hrende Eigenschaften, dank seines hohen Gehalts an essentiellen Omega-6-Fetts\u00e4uren und antioxidativem Vitamin E.<\/p>\n<p>Alle Helvetia Natura Produkte tragen das Label Nature et Progr\u00e8s.<\/p>\n<p>&nbsp;<\/p>\n","protected":false},"excerpt":{"rendered":"<p>&nbsp; Lassen Sie sich zu einem Moment der Frische verf\u00fchren! Die cremige Textur und der frische Duft mit \u00e4therischem Bio-Grapefruit- und Basilikum\u00f6l reinigen Ihre Haut sanft. Unsere Seifenmacher-Meister verwenden uraltes Know-how, um hochwertige, wirksame und biologische Produkte herzustellen. Unter dem Label Nature et Progr\u00e8s ist dieses Duschgel nat\u00fcrlich, ohne Palm\u00f6l oder dessen Derivate, ohne Sulfate und ohne GVOs. Lassen Sie&nbsp;<a href=\"https:\/\/bien-etreiris.ch\/de\/produktpraesentation\/hygiene\/koerperpflege\/seifen\/seife-helvetia-natura\/gel-douche-basilic-pamplemousse\/\" class=\"read-more\">Weiter lesen<\/a><\/p>\n","protected":false},"author":1,"featured_media":35483,"parent":35424,"menu_order":6673,"comment_status":"closed","ping_status":"closed","template":"page-with-child.php","meta":{"_acf_changed":false,"ngg_post_thumbnail":0,"footnotes":""},"class_list":["post-35489","page","type-page","status-publish","has-post-thumbnail","hentry"],"acf":[],"yoast_head":"<!-- This site is optimized with the Yoast SEO plugin v27.5 - https:\/\/yoast.com\/product\/yoast-seo-wordpress\/ -->\n<title>DUSCHGEL BASILIKUM... - WOHLBEFINDEN<\/title>\n<meta name=\"robots\" content=\"index, follow, max-snippet:-1, max-image-preview:large, max-video-preview:-1\" \/>\n<link rel=\"canonical\" href=\"https:\/\/bien-etreiris.ch\/de\/produktpraesentation\/hygiene\/koerperpflege\/seifen\/seife-helvetia-natura\/gel-douche-basilic-pamplemousse\/\" \/>\n<meta property=\"og:locale\" content=\"de_DE\" \/>\n<meta property=\"og:type\" content=\"article\" \/>\n<meta property=\"og:title\" content=\"DUSCHGEL BASILIKUM... - WOHLBEFINDEN\" \/>\n<meta property=\"og:description\" content=\"&nbsp; Lassen Sie sich zu einem Moment der Frische verf\u00fchren! Die cremige Textur und der frische Duft mit \u00e4therischem Bio-Grapefruit- und Basilikum\u00f6l reinigen Ihre Haut sanft. Unsere Seifenmacher-Meister verwenden uraltes Know-how, um hochwertige, wirksame und biologische Produkte herzustellen. Unter dem Label Nature et Progr\u00e8s ist dieses Duschgel nat\u00fcrlich, ohne Palm\u00f6l oder dessen Derivate, ohne Sulfate und ohne GVOs. Lassen Sie&nbsp;Weiter lesen\" \/>\n<meta property=\"og:url\" content=\"https:\/\/bien-etreiris.ch\/de\/produktpraesentation\/hygiene\/koerperpflege\/seifen\/seife-helvetia-natura\/gel-douche-basilic-pamplemousse\/\" \/>\n<meta property=\"og:site_name\" content=\"WOHLBEFINDEN\" \/>\n<meta property=\"article:publisher\" content=\"https:\/\/www.facebook.com\/bienetreiris\/\" \/>\n<meta property=\"article:modified_time\" content=\"2021-05-29T16:26:56+00:00\" \/>\n<meta property=\"og:image\" content=\"https:\/\/bien-etreiris.ch\/wp-content\/uploads\/2020\/12\/acceuil-Gel-douche-Basilic-pamplemousse.png\" \/>\n\t<meta property=\"og:image:width\" content=\"500\" \/>\n\t<meta property=\"og:image:height\" content=\"323\" \/>\n\t<meta property=\"og:image:type\" content=\"image\/png\" \/>\n<meta name=\"twitter:label1\" content=\"Gesch\u00e4tzte Lesezeit\" \/>\n\t<meta name=\"twitter:data1\" content=\"2\u00a0Minuten\" \/>\n<script type=\"application\/ld+json\" class=\"yoast-schema-graph\">{\"@context\":\"https:\\\/\\\/schema.org\",\"@graph\":[{\"@type\":\"WebPage\",\"@id\":\"https:\\\/\\\/bien-etreiris.ch\\\/de\\\/produktpraesentation\\\/hygiene\\\/koerperpflege\\\/seifen\\\/seife-helvetia-natura\\\/gel-douche-basilic-pamplemousse\\\/\",\"url\":\"https:\\\/\\\/bien-etreiris.ch\\\/de\\\/produktpraesentation\\\/hygiene\\\/koerperpflege\\\/seifen\\\/seife-helvetia-natura\\\/gel-douche-basilic-pamplemousse\\\/\",\"name\":\"DUSCHGEL BASILIKUM... - WOHLBEFINDEN\",\"isPartOf\":{\"@id\":\"https:\\\/\\\/bien-etreiris.ch\\\/de\\\/#website\"},\"primaryImageOfPage\":{\"@id\":\"https:\\\/\\\/bien-etreiris.ch\\\/de\\\/produktpraesentation\\\/hygiene\\\/koerperpflege\\\/seifen\\\/seife-helvetia-natura\\\/gel-douche-basilic-pamplemousse\\\/#primaryimage\"},\"image\":{\"@id\":\"https:\\\/\\\/bien-etreiris.ch\\\/de\\\/produktpraesentation\\\/hygiene\\\/koerperpflege\\\/seifen\\\/seife-helvetia-natura\\\/gel-douche-basilic-pamplemousse\\\/#primaryimage\"},\"thumbnailUrl\":\"https:\\\/\\\/bien-etreiris.ch\\\/wp-content\\\/uploads\\\/2020\\\/12\\\/acceuil-Gel-douche-Basilic-pamplemousse.png\",\"datePublished\":\"2020-12-07T08:04:19+00:00\",\"dateModified\":\"2021-05-29T16:26:56+00:00\",\"breadcrumb\":{\"@id\":\"https:\\\/\\\/bien-etreiris.ch\\\/de\\\/produktpraesentation\\\/hygiene\\\/koerperpflege\\\/seifen\\\/seife-helvetia-natura\\\/gel-douche-basilic-pamplemousse\\\/#breadcrumb\"},\"inLanguage\":\"de\",\"potentialAction\":[{\"@type\":\"ReadAction\",\"target\":[\"https:\\\/\\\/bien-etreiris.ch\\\/de\\\/produktpraesentation\\\/hygiene\\\/koerperpflege\\\/seifen\\\/seife-helvetia-natura\\\/gel-douche-basilic-pamplemousse\\\/\"]}]},{\"@type\":\"ImageObject\",\"inLanguage\":\"de\",\"@id\":\"https:\\\/\\\/bien-etreiris.ch\\\/de\\\/produktpraesentation\\\/hygiene\\\/koerperpflege\\\/seifen\\\/seife-helvetia-natura\\\/gel-douche-basilic-pamplemousse\\\/#primaryimage\",\"url\":\"https:\\\/\\\/bien-etreiris.ch\\\/wp-content\\\/uploads\\\/2020\\\/12\\\/acceuil-Gel-douche-Basilic-pamplemousse.png\",\"contentUrl\":\"https:\\\/\\\/bien-etreiris.ch\\\/wp-content\\\/uploads\\\/2020\\\/12\\\/acceuil-Gel-douche-Basilic-pamplemousse.png\",\"width\":500,\"height\":323},{\"@type\":\"BreadcrumbList\",\"@id\":\"https:\\\/\\\/bien-etreiris.ch\\\/de\\\/produktpraesentation\\\/hygiene\\\/koerperpflege\\\/seifen\\\/seife-helvetia-natura\\\/gel-douche-basilic-pamplemousse\\\/#breadcrumb\",\"itemListElement\":[{\"@type\":\"ListItem\",\"position\":1,\"name\":\"Home\",\"item\":\"https:\\\/\\\/bien-etreiris.ch\\\/de\\\/\"},{\"@type\":\"ListItem\",\"position\":2,\"name\":\"PRODUKTPR\u00c4SENTATION\",\"item\":\"https:\\\/\\\/bien-etreiris.ch\\\/de\\\/produktpraesentation\\\/\"},{\"@type\":\"ListItem\",\"position\":3,\"name\":\"HYGIENE\",\"item\":\"https:\\\/\\\/bien-etreiris.ch\\\/de\\\/produktpraesentation\\\/hygiene\\\/\"},{\"@type\":\"ListItem\",\"position\":4,\"name\":\"K\u00d6RPERPFLEGE\",\"item\":\"https:\\\/\\\/bien-etreiris.ch\\\/de\\\/produktpraesentation\\\/hygiene\\\/koerperpflege\\\/\"},{\"@type\":\"ListItem\",\"position\":5,\"name\":\"SEIFEN\",\"item\":\"https:\\\/\\\/bien-etreiris.ch\\\/de\\\/produktpraesentation\\\/hygiene\\\/koerperpflege\\\/seifen\\\/\"},{\"@type\":\"ListItem\",\"position\":6,\"name\":\"HELVETIA NATURA\",\"item\":\"https:\\\/\\\/bien-etreiris.ch\\\/de\\\/produktpraesentation\\\/hygiene\\\/koerperpflege\\\/seifen\\\/seife-helvetia-natura\\\/\"},{\"@type\":\"ListItem\",\"position\":7,\"name\":\"DUSCHGEL BASILIKUM&#8230;\"}]},{\"@type\":\"WebSite\",\"@id\":\"https:\\\/\\\/bien-etreiris.ch\\\/de\\\/#website\",\"url\":\"https:\\\/\\\/bien-etreiris.ch\\\/de\\\/\",\"name\":\"Bien-\u00eatre Iris\",\"description\":\"IHRE Gesundheit ist uns wichtig\",\"potentialAction\":[{\"@type\":\"SearchAction\",\"target\":{\"@type\":\"EntryPoint\",\"urlTemplate\":\"https:\\\/\\\/bien-etreiris.ch\\\/de\\\/?s={search_term_string}\"},\"query-input\":{\"@type\":\"PropertyValueSpecification\",\"valueRequired\":true,\"valueName\":\"search_term_string\"}}],\"inLanguage\":\"de\"}]}<\/script>\n<!-- \/ Yoast SEO plugin. -->","yoast_head_json":{"title":"DUSCHGEL BASILIKUM... - WOHLBEFINDEN","robots":{"index":"index","follow":"follow","max-snippet":"max-snippet:-1","max-image-preview":"max-image-preview:large","max-video-preview":"max-video-preview:-1"},"canonical":"https:\/\/bien-etreiris.ch\/de\/produktpraesentation\/hygiene\/koerperpflege\/seifen\/seife-helvetia-natura\/gel-douche-basilic-pamplemousse\/","og_locale":"de_DE","og_type":"article","og_title":"DUSCHGEL BASILIKUM... - WOHLBEFINDEN","og_description":"&nbsp; Lassen Sie sich zu einem Moment der Frische verf\u00fchren! Die cremige Textur und der frische Duft mit \u00e4therischem Bio-Grapefruit- und Basilikum\u00f6l reinigen Ihre Haut sanft. Unsere Seifenmacher-Meister verwenden uraltes Know-how, um hochwertige, wirksame und biologische Produkte herzustellen. Unter dem Label Nature et Progr\u00e8s ist dieses Duschgel nat\u00fcrlich, ohne Palm\u00f6l oder dessen Derivate, ohne Sulfate und ohne GVOs. Lassen Sie&nbsp;Weiter lesen","og_url":"https:\/\/bien-etreiris.ch\/de\/produktpraesentation\/hygiene\/koerperpflege\/seifen\/seife-helvetia-natura\/gel-douche-basilic-pamplemousse\/","og_site_name":"WOHLBEFINDEN","article_publisher":"https:\/\/www.facebook.com\/bienetreiris\/","article_modified_time":"2021-05-29T16:26:56+00:00","og_image":[{"width":500,"height":323,"url":"https:\/\/bien-etreiris.ch\/wp-content\/uploads\/2020\/12\/acceuil-Gel-douche-Basilic-pamplemousse.png","type":"image\/png"}],"twitter_misc":{"Gesch\u00e4tzte Lesezeit":"2\u00a0Minuten"},"schema":{"@context":"https:\/\/schema.org","@graph":[{"@type":"WebPage","@id":"https:\/\/bien-etreiris.ch\/de\/produktpraesentation\/hygiene\/koerperpflege\/seifen\/seife-helvetia-natura\/gel-douche-basilic-pamplemousse\/","url":"https:\/\/bien-etreiris.ch\/de\/produktpraesentation\/hygiene\/koerperpflege\/seifen\/seife-helvetia-natura\/gel-douche-basilic-pamplemousse\/","name":"DUSCHGEL BASILIKUM... - WOHLBEFINDEN","isPartOf":{"@id":"https:\/\/bien-etreiris.ch\/de\/#website"},"primaryImageOfPage":{"@id":"https:\/\/bien-etreiris.ch\/de\/produktpraesentation\/hygiene\/koerperpflege\/seifen\/seife-helvetia-natura\/gel-douche-basilic-pamplemousse\/#primaryimage"},"image":{"@id":"https:\/\/bien-etreiris.ch\/de\/produktpraesentation\/hygiene\/koerperpflege\/seifen\/seife-helvetia-natura\/gel-douche-basilic-pamplemousse\/#primaryimage"},"thumbnailUrl":"https:\/\/bien-etreiris.ch\/wp-content\/uploads\/2020\/12\/acceuil-Gel-douche-Basilic-pamplemousse.png","datePublished":"2020-12-07T08:04:19+00:00","dateModified":"2021-05-29T16:26:56+00:00","breadcrumb":{"@id":"https:\/\/bien-etreiris.ch\/de\/produktpraesentation\/hygiene\/koerperpflege\/seifen\/seife-helvetia-natura\/gel-douche-basilic-pamplemousse\/#breadcrumb"},"inLanguage":"de","potentialAction":[{"@type":"ReadAction","target":["https:\/\/bien-etreiris.ch\/de\/produktpraesentation\/hygiene\/koerperpflege\/seifen\/seife-helvetia-natura\/gel-douche-basilic-pamplemousse\/"]}]},{"@type":"ImageObject","inLanguage":"de","@id":"https:\/\/bien-etreiris.ch\/de\/produktpraesentation\/hygiene\/koerperpflege\/seifen\/seife-helvetia-natura\/gel-douche-basilic-pamplemousse\/#primaryimage","url":"https:\/\/bien-etreiris.ch\/wp-content\/uploads\/2020\/12\/acceuil-Gel-douche-Basilic-pamplemousse.png","contentUrl":"https:\/\/bien-etreiris.ch\/wp-content\/uploads\/2020\/12\/acceuil-Gel-douche-Basilic-pamplemousse.png","width":500,"height":323},{"@type":"BreadcrumbList","@id":"https:\/\/bien-etreiris.ch\/de\/produktpraesentation\/hygiene\/koerperpflege\/seifen\/seife-helvetia-natura\/gel-douche-basilic-pamplemousse\/#breadcrumb","itemListElement":[{"@type":"ListItem","position":1,"name":"Home","item":"https:\/\/bien-etreiris.ch\/de\/"},{"@type":"ListItem","position":2,"name":"PRODUKTPR\u00c4SENTATION","item":"https:\/\/bien-etreiris.ch\/de\/produktpraesentation\/"},{"@type":"ListItem","position":3,"name":"HYGIENE","item":"https:\/\/bien-etreiris.ch\/de\/produktpraesentation\/hygiene\/"},{"@type":"ListItem","position":4,"name":"K\u00d6RPERPFLEGE","item":"https:\/\/bien-etreiris.ch\/de\/produktpraesentation\/hygiene\/koerperpflege\/"},{"@type":"ListItem","position":5,"name":"SEIFEN","item":"https:\/\/bien-etreiris.ch\/de\/produktpraesentation\/hygiene\/koerperpflege\/seifen\/"},{"@type":"ListItem","position":6,"name":"HELVETIA NATURA","item":"https:\/\/bien-etreiris.ch\/de\/produktpraesentation\/hygiene\/koerperpflege\/seifen\/seife-helvetia-natura\/"},{"@type":"ListItem","position":7,"name":"DUSCHGEL BASILIKUM&#8230;"}]},{"@type":"WebSite","@id":"https:\/\/bien-etreiris.ch\/de\/#website","url":"https:\/\/bien-etreiris.ch\/de\/","name":"Bien-\u00eatre Iris","description":"IHRE Gesundheit ist uns wichtig","potentialAction":[{"@type":"SearchAction","target":{"@type":"EntryPoint","urlTemplate":"https:\/\/bien-etreiris.ch\/de\/?s={search_term_string}"},"query-input":{"@type":"PropertyValueSpecification","valueRequired":true,"valueName":"search_term_string"}}],"inLanguage":"de"}]}},"_links":{"self":[{"href":"https:\/\/bien-etreiris.ch\/de\/wp-json\/wp\/v2\/pages\/35489","targetHints":{"allow":["GET"]}}],"collection":[{"href":"https:\/\/bien-etreiris.ch\/de\/wp-json\/wp\/v2\/pages"}],"about":[{"href":"https:\/\/bien-etreiris.ch\/de\/wp-json\/wp\/v2\/types\/page"}],"author":[{"embeddable":true,"href":"https:\/\/bien-etreiris.ch\/de\/wp-json\/wp\/v2\/users\/1"}],"replies":[{"embeddable":true,"href":"https:\/\/bien-etreiris.ch\/de\/wp-json\/wp\/v2\/comments?post=35489"}],"version-history":[{"count":4,"href":"https:\/\/bien-etreiris.ch\/de\/wp-json\/wp\/v2\/pages\/35489\/revisions"}],"predecessor-version":[{"id":48212,"href":"https:\/\/bien-etreiris.ch\/de\/wp-json\/wp\/v2\/pages\/35489\/revisions\/48212"}],"up":[{"embeddable":true,"href":"https:\/\/bien-etreiris.ch\/de\/wp-json\/wp\/v2\/pages\/35424"}],"wp:featuredmedia":[{"embeddable":true,"href":"https:\/\/bien-etreiris.ch\/de\/wp-json\/wp\/v2\/media\/35483"}],"wp:attachment":[{"href":"https:\/\/bien-etreiris.ch\/de\/wp-json\/wp\/v2\/media?parent=35489"}],"curies":[{"name":"wp","href":"https:\/\/api.w.org\/{rel}","templated":true}]}}