{"id":35464,"date":"2020-12-07T07:16:12","date_gmt":"2020-12-07T07:16:12","guid":{"rendered":"https:\/\/bien-etreiris.ch\/?page_id=35464"},"modified":"2021-05-29T18:24:31","modified_gmt":"2021-05-29T16:24:31","slug":"gel-douche-orange-citron","status":"publish","type":"page","link":"https:\/\/bien-etreiris.ch\/de\/produktpraesentation\/hygiene\/koerperpflege\/seifen\/seife-helvetia-natura\/gel-douche-orange-citron\/","title":{"rendered":"DUSCHGEL &#8211; ZITRONE-ORANGE"},"content":{"rendered":"\n<h2>Duschgel - Zitrone - Orange<\/h2>\n\n\n<p><a href=\"https:\/\/decoiris.ch\/wp-content\/uploads\/2020\/12\/Gel-douche-orange-citron.png\"><img loading=\"lazy\" decoding=\"async\" class=\"size-medium wp-image-35465 alignleft\" src=\"https:\/\/decoiris.ch\/wp-content\/uploads\/2020\/12\/Gel-douche-orange-citron-300x300.png\" alt=\"\" width=\"300\" height=\"300\" srcset=\"https:\/\/bien-etreiris.ch\/wp-content\/uploads\/2020\/12\/Gel-douche-orange-citron-300x300.png 300w, https:\/\/bien-etreiris.ch\/wp-content\/uploads\/2020\/12\/Gel-douche-orange-citron-150x150.png 150w, https:\/\/bien-etreiris.ch\/wp-content\/uploads\/2020\/12\/Gel-douche-orange-citron-768x768.png 768w, https:\/\/bien-etreiris.ch\/wp-content\/uploads\/2020\/12\/Gel-douche-orange-citron.png 800w\" sizes=\"auto, (max-width: 300px) 100vw, 300px\" \/><\/a><\/p>\n<p>&nbsp;<\/p>\n<p>&nbsp;<\/p>\n<p>&nbsp;<\/p>\n<p>Das Duschgel mit Orange und Zitrone reinigt die Haut in der Tiefe und respektiert dabei das Gleichgewicht der Epidermis. Mit seinen sanften Waschsubstanzen aus Kokosnuss und seinen \u00e4therischen \u00d6len aus Orange und Zitrone hinterl\u00e4sst es auf der Haut einen angenehmen Duft und ein weiches Gef\u00fchl.<\/p>\n<p>1000ml CHF 16.00<\/p>\n<p>&nbsp;<\/p>\n<p>remplissage <strong>100 ml 1.40<\/strong><\/p>\n<p>&nbsp;<\/p>\n<p>&nbsp;<\/p>\n<p>&nbsp;<\/p>\n<h4>Zusammensetzung<\/h4>\n<p>aqua (Wasser), coco-betaine, coco-glucoside, xantam gum, parfum1 (\u00e4therisches \u00d6l aus biologischem Anbau), Zitronens\u00e4ure, Kaliumsorbat, linalool2.<\/p>\n<p>&nbsp;<\/p>\n<p><br>Das Labor Scientia Natura, das die Marke Helvetia Natura herstellt, ist ein junges Unternehmen, das seit 2009 am Ufer des Genfer Sees, in der N\u00e4he der Stadt Nyon in der Schweiz, ans\u00e4ssig ist.<\/p>\n<p>Unter dem Label Nature et Progr\u00e8s stellen wir Fl\u00fcssigseifen und Waschmittel nach einer handwerklichen Methode namens \"au cauldron\" her:<\/p>\n<ul style=\"list-style-type: disc;\">\n<li>Alles, was im Produkt biologisch sein kann, muss es auch sein<\/li>\n<li>Alle Tenside sind pflanzlichen Ursprungs<\/li>\n<li>Alle Inhaltsstoffe pflanzlichen Ursprungs sind 100% biologisch.<\/li>\n<\/ul>\n<p>Die Marke Helvetia Natura stellt nach einer handwerklichen Methode, die als \"au cauldron\" bekannt ist, eine hochwertige Seife her, eine echte wei\u00dfe Schweizer Seife, nach einem \u00fcberlieferten Rezept (aus Sonnenblumen\u00f6l), ohne jeglichen Zusatz, weder von Sequestriermittel (Filter) noch von Gummi (Verdickungsmittel), was eine reine Verseifung schafft, mit einer nat\u00fcrlichen Viskosit\u00e4t, f\u00fcr ein optimales Vergn\u00fcgen der Anwendung.<br>Warum Bio-Sonnenblumen\u00f6l?<br>Denn es hat feuchtigkeitsspendende, weichmachende und n\u00e4hrende Eigenschaften, dank seines hohen Gehalts an essentiellen Omega-6-Fetts\u00e4uren und antioxidativem Vitamin E.<\/p>\n<p>Alle Helvetia Natura Produkte tragen das Label Nature et Progr\u00e8s.<\/p>\n<p>&nbsp;<\/p>","protected":false},"excerpt":{"rendered":"<p>Duschgel - Zitrone - Orange &nbsp; &nbsp; &nbsp; Das Duschgel mit Orange und Zitrone reinigt die Haut in der Tiefe und respektiert dabei das Gleichgewicht der Epidermis. Mit seinen sanften Waschsubstanzen aus Kokosnuss und seinen \u00e4therischen \u00d6len aus Orange und Zitrone hinterl\u00e4sst es auf der Haut einen angenehmen Duft und ein weiches Gef\u00fchl. 1000ml CHF 16.00 &nbsp; remplissage 100 ml&nbsp;<a href=\"https:\/\/bien-etreiris.ch\/de\/produktpraesentation\/hygiene\/koerperpflege\/seifen\/seife-helvetia-natura\/gel-douche-orange-citron\/\" class=\"read-more\">Weiter lesen<\/a><\/p>\n","protected":false},"author":1,"featured_media":35461,"parent":35424,"menu_order":6675,"comment_status":"closed","ping_status":"closed","template":"page-with-child.php","meta":{"_acf_changed":false,"ngg_post_thumbnail":0,"footnotes":""},"class_list":["post-35464","page","type-page","status-publish","has-post-thumbnail","hentry"],"acf":[],"yoast_head":"<!-- This site is optimized with the Yoast SEO plugin v27.5 - https:\/\/yoast.com\/product\/yoast-seo-wordpress\/ -->\n<title>DUSCHGEL - ZITRONE-ORANGE - WOHLBEFINDEN<\/title>\n<meta name=\"robots\" content=\"index, follow, max-snippet:-1, max-image-preview:large, max-video-preview:-1\" \/>\n<link rel=\"canonical\" href=\"https:\/\/bien-etreiris.ch\/de\/produktpraesentation\/hygiene\/koerperpflege\/seifen\/seife-helvetia-natura\/gel-douche-orange-citron\/\" \/>\n<meta property=\"og:locale\" content=\"de_DE\" \/>\n<meta property=\"og:type\" content=\"article\" \/>\n<meta property=\"og:title\" content=\"DUSCHGEL - ZITRONE-ORANGE - WOHLBEFINDEN\" \/>\n<meta property=\"og:description\" content=\"Duschgel - Zitrone - Orange &nbsp; &nbsp; &nbsp; Das Duschgel mit Orange und Zitrone reinigt die Haut in der Tiefe und respektiert dabei das Gleichgewicht der Epidermis. Mit seinen sanften Waschsubstanzen aus Kokosnuss und seinen \u00e4therischen \u00d6len aus Orange und Zitrone hinterl\u00e4sst es auf der Haut einen angenehmen Duft und ein weiches Gef\u00fchl. 1000ml CHF 16.00 &nbsp; remplissage 100 ml&nbsp;Weiter lesen\" \/>\n<meta property=\"og:url\" content=\"https:\/\/bien-etreiris.ch\/de\/produktpraesentation\/hygiene\/koerperpflege\/seifen\/seife-helvetia-natura\/gel-douche-orange-citron\/\" \/>\n<meta property=\"og:site_name\" content=\"WOHLBEFINDEN\" \/>\n<meta property=\"article:publisher\" content=\"https:\/\/www.facebook.com\/bienetreiris\/\" \/>\n<meta property=\"article:modified_time\" content=\"2021-05-29T16:24:31+00:00\" \/>\n<meta property=\"og:image\" content=\"https:\/\/bien-etreiris.ch\/wp-content\/uploads\/2020\/12\/Gel-douche-orange-citron.jpg\" \/>\n\t<meta property=\"og:image:width\" content=\"500\" \/>\n\t<meta property=\"og:image:height\" content=\"350\" \/>\n\t<meta property=\"og:image:type\" content=\"image\/jpeg\" \/>\n<meta name=\"twitter:label1\" content=\"Gesch\u00e4tzte Lesezeit\" \/>\n\t<meta name=\"twitter:data1\" content=\"2\u00a0Minuten\" \/>\n<script type=\"application\/ld+json\" class=\"yoast-schema-graph\">{\"@context\":\"https:\\\/\\\/schema.org\",\"@graph\":[{\"@type\":\"WebPage\",\"@id\":\"https:\\\/\\\/bien-etreiris.ch\\\/de\\\/produktpraesentation\\\/hygiene\\\/koerperpflege\\\/seifen\\\/seife-helvetia-natura\\\/gel-douche-orange-citron\\\/\",\"url\":\"https:\\\/\\\/bien-etreiris.ch\\\/de\\\/produktpraesentation\\\/hygiene\\\/koerperpflege\\\/seifen\\\/seife-helvetia-natura\\\/gel-douche-orange-citron\\\/\",\"name\":\"DUSCHGEL - ZITRONE-ORANGE - WOHLBEFINDEN\",\"isPartOf\":{\"@id\":\"https:\\\/\\\/bien-etreiris.ch\\\/de\\\/#website\"},\"primaryImageOfPage\":{\"@id\":\"https:\\\/\\\/bien-etreiris.ch\\\/de\\\/produktpraesentation\\\/hygiene\\\/koerperpflege\\\/seifen\\\/seife-helvetia-natura\\\/gel-douche-orange-citron\\\/#primaryimage\"},\"image\":{\"@id\":\"https:\\\/\\\/bien-etreiris.ch\\\/de\\\/produktpraesentation\\\/hygiene\\\/koerperpflege\\\/seifen\\\/seife-helvetia-natura\\\/gel-douche-orange-citron\\\/#primaryimage\"},\"thumbnailUrl\":\"https:\\\/\\\/bien-etreiris.ch\\\/wp-content\\\/uploads\\\/2020\\\/12\\\/Gel-douche-orange-citron.jpg\",\"datePublished\":\"2020-12-07T07:16:12+00:00\",\"dateModified\":\"2021-05-29T16:24:31+00:00\",\"breadcrumb\":{\"@id\":\"https:\\\/\\\/bien-etreiris.ch\\\/de\\\/produktpraesentation\\\/hygiene\\\/koerperpflege\\\/seifen\\\/seife-helvetia-natura\\\/gel-douche-orange-citron\\\/#breadcrumb\"},\"inLanguage\":\"de\",\"potentialAction\":[{\"@type\":\"ReadAction\",\"target\":[\"https:\\\/\\\/bien-etreiris.ch\\\/de\\\/produktpraesentation\\\/hygiene\\\/koerperpflege\\\/seifen\\\/seife-helvetia-natura\\\/gel-douche-orange-citron\\\/\"]}]},{\"@type\":\"ImageObject\",\"inLanguage\":\"de\",\"@id\":\"https:\\\/\\\/bien-etreiris.ch\\\/de\\\/produktpraesentation\\\/hygiene\\\/koerperpflege\\\/seifen\\\/seife-helvetia-natura\\\/gel-douche-orange-citron\\\/#primaryimage\",\"url\":\"https:\\\/\\\/bien-etreiris.ch\\\/wp-content\\\/uploads\\\/2020\\\/12\\\/Gel-douche-orange-citron.jpg\",\"contentUrl\":\"https:\\\/\\\/bien-etreiris.ch\\\/wp-content\\\/uploads\\\/2020\\\/12\\\/Gel-douche-orange-citron.jpg\",\"width\":500,\"height\":350},{\"@type\":\"BreadcrumbList\",\"@id\":\"https:\\\/\\\/bien-etreiris.ch\\\/de\\\/produktpraesentation\\\/hygiene\\\/koerperpflege\\\/seifen\\\/seife-helvetia-natura\\\/gel-douche-orange-citron\\\/#breadcrumb\",\"itemListElement\":[{\"@type\":\"ListItem\",\"position\":1,\"name\":\"Home\",\"item\":\"https:\\\/\\\/bien-etreiris.ch\\\/de\\\/\"},{\"@type\":\"ListItem\",\"position\":2,\"name\":\"PRODUKTPR\u00c4SENTATION\",\"item\":\"https:\\\/\\\/bien-etreiris.ch\\\/de\\\/produktpraesentation\\\/\"},{\"@type\":\"ListItem\",\"position\":3,\"name\":\"HYGIENE\",\"item\":\"https:\\\/\\\/bien-etreiris.ch\\\/de\\\/produktpraesentation\\\/hygiene\\\/\"},{\"@type\":\"ListItem\",\"position\":4,\"name\":\"K\u00d6RPERPFLEGE\",\"item\":\"https:\\\/\\\/bien-etreiris.ch\\\/de\\\/produktpraesentation\\\/hygiene\\\/koerperpflege\\\/\"},{\"@type\":\"ListItem\",\"position\":5,\"name\":\"SEIFEN\",\"item\":\"https:\\\/\\\/bien-etreiris.ch\\\/de\\\/produktpraesentation\\\/hygiene\\\/koerperpflege\\\/seifen\\\/\"},{\"@type\":\"ListItem\",\"position\":6,\"name\":\"HELVETIA NATURA\",\"item\":\"https:\\\/\\\/bien-etreiris.ch\\\/de\\\/produktpraesentation\\\/hygiene\\\/koerperpflege\\\/seifen\\\/seife-helvetia-natura\\\/\"},{\"@type\":\"ListItem\",\"position\":7,\"name\":\"DUSCHGEL &#8211; ZITRONE-ORANGE\"}]},{\"@type\":\"WebSite\",\"@id\":\"https:\\\/\\\/bien-etreiris.ch\\\/de\\\/#website\",\"url\":\"https:\\\/\\\/bien-etreiris.ch\\\/de\\\/\",\"name\":\"Bien-\u00eatre Iris\",\"description\":\"IHRE Gesundheit ist uns wichtig\",\"potentialAction\":[{\"@type\":\"SearchAction\",\"target\":{\"@type\":\"EntryPoint\",\"urlTemplate\":\"https:\\\/\\\/bien-etreiris.ch\\\/de\\\/?s={search_term_string}\"},\"query-input\":{\"@type\":\"PropertyValueSpecification\",\"valueRequired\":true,\"valueName\":\"search_term_string\"}}],\"inLanguage\":\"de\"}]}<\/script>\n<!-- \/ Yoast SEO plugin. -->","yoast_head_json":{"title":"DUSCHGEL - ZITRONE-ORANGE - WOHLBEFINDEN","robots":{"index":"index","follow":"follow","max-snippet":"max-snippet:-1","max-image-preview":"max-image-preview:large","max-video-preview":"max-video-preview:-1"},"canonical":"https:\/\/bien-etreiris.ch\/de\/produktpraesentation\/hygiene\/koerperpflege\/seifen\/seife-helvetia-natura\/gel-douche-orange-citron\/","og_locale":"de_DE","og_type":"article","og_title":"DUSCHGEL - ZITRONE-ORANGE - WOHLBEFINDEN","og_description":"Duschgel - Zitrone - Orange &nbsp; &nbsp; &nbsp; Das Duschgel mit Orange und Zitrone reinigt die Haut in der Tiefe und respektiert dabei das Gleichgewicht der Epidermis. Mit seinen sanften Waschsubstanzen aus Kokosnuss und seinen \u00e4therischen \u00d6len aus Orange und Zitrone hinterl\u00e4sst es auf der Haut einen angenehmen Duft und ein weiches Gef\u00fchl. 1000ml CHF 16.00 &nbsp; remplissage 100 ml&nbsp;Weiter lesen","og_url":"https:\/\/bien-etreiris.ch\/de\/produktpraesentation\/hygiene\/koerperpflege\/seifen\/seife-helvetia-natura\/gel-douche-orange-citron\/","og_site_name":"WOHLBEFINDEN","article_publisher":"https:\/\/www.facebook.com\/bienetreiris\/","article_modified_time":"2021-05-29T16:24:31+00:00","og_image":[{"width":500,"height":350,"url":"https:\/\/bien-etreiris.ch\/wp-content\/uploads\/2020\/12\/Gel-douche-orange-citron.jpg","type":"image\/jpeg"}],"twitter_misc":{"Gesch\u00e4tzte Lesezeit":"2\u00a0Minuten"},"schema":{"@context":"https:\/\/schema.org","@graph":[{"@type":"WebPage","@id":"https:\/\/bien-etreiris.ch\/de\/produktpraesentation\/hygiene\/koerperpflege\/seifen\/seife-helvetia-natura\/gel-douche-orange-citron\/","url":"https:\/\/bien-etreiris.ch\/de\/produktpraesentation\/hygiene\/koerperpflege\/seifen\/seife-helvetia-natura\/gel-douche-orange-citron\/","name":"DUSCHGEL - ZITRONE-ORANGE - WOHLBEFINDEN","isPartOf":{"@id":"https:\/\/bien-etreiris.ch\/de\/#website"},"primaryImageOfPage":{"@id":"https:\/\/bien-etreiris.ch\/de\/produktpraesentation\/hygiene\/koerperpflege\/seifen\/seife-helvetia-natura\/gel-douche-orange-citron\/#primaryimage"},"image":{"@id":"https:\/\/bien-etreiris.ch\/de\/produktpraesentation\/hygiene\/koerperpflege\/seifen\/seife-helvetia-natura\/gel-douche-orange-citron\/#primaryimage"},"thumbnailUrl":"https:\/\/bien-etreiris.ch\/wp-content\/uploads\/2020\/12\/Gel-douche-orange-citron.jpg","datePublished":"2020-12-07T07:16:12+00:00","dateModified":"2021-05-29T16:24:31+00:00","breadcrumb":{"@id":"https:\/\/bien-etreiris.ch\/de\/produktpraesentation\/hygiene\/koerperpflege\/seifen\/seife-helvetia-natura\/gel-douche-orange-citron\/#breadcrumb"},"inLanguage":"de","potentialAction":[{"@type":"ReadAction","target":["https:\/\/bien-etreiris.ch\/de\/produktpraesentation\/hygiene\/koerperpflege\/seifen\/seife-helvetia-natura\/gel-douche-orange-citron\/"]}]},{"@type":"ImageObject","inLanguage":"de","@id":"https:\/\/bien-etreiris.ch\/de\/produktpraesentation\/hygiene\/koerperpflege\/seifen\/seife-helvetia-natura\/gel-douche-orange-citron\/#primaryimage","url":"https:\/\/bien-etreiris.ch\/wp-content\/uploads\/2020\/12\/Gel-douche-orange-citron.jpg","contentUrl":"https:\/\/bien-etreiris.ch\/wp-content\/uploads\/2020\/12\/Gel-douche-orange-citron.jpg","width":500,"height":350},{"@type":"BreadcrumbList","@id":"https:\/\/bien-etreiris.ch\/de\/produktpraesentation\/hygiene\/koerperpflege\/seifen\/seife-helvetia-natura\/gel-douche-orange-citron\/#breadcrumb","itemListElement":[{"@type":"ListItem","position":1,"name":"Home","item":"https:\/\/bien-etreiris.ch\/de\/"},{"@type":"ListItem","position":2,"name":"PRODUKTPR\u00c4SENTATION","item":"https:\/\/bien-etreiris.ch\/de\/produktpraesentation\/"},{"@type":"ListItem","position":3,"name":"HYGIENE","item":"https:\/\/bien-etreiris.ch\/de\/produktpraesentation\/hygiene\/"},{"@type":"ListItem","position":4,"name":"K\u00d6RPERPFLEGE","item":"https:\/\/bien-etreiris.ch\/de\/produktpraesentation\/hygiene\/koerperpflege\/"},{"@type":"ListItem","position":5,"name":"SEIFEN","item":"https:\/\/bien-etreiris.ch\/de\/produktpraesentation\/hygiene\/koerperpflege\/seifen\/"},{"@type":"ListItem","position":6,"name":"HELVETIA NATURA","item":"https:\/\/bien-etreiris.ch\/de\/produktpraesentation\/hygiene\/koerperpflege\/seifen\/seife-helvetia-natura\/"},{"@type":"ListItem","position":7,"name":"DUSCHGEL &#8211; ZITRONE-ORANGE"}]},{"@type":"WebSite","@id":"https:\/\/bien-etreiris.ch\/de\/#website","url":"https:\/\/bien-etreiris.ch\/de\/","name":"Bien-\u00eatre Iris","description":"IHRE Gesundheit ist uns wichtig","potentialAction":[{"@type":"SearchAction","target":{"@type":"EntryPoint","urlTemplate":"https:\/\/bien-etreiris.ch\/de\/?s={search_term_string}"},"query-input":{"@type":"PropertyValueSpecification","valueRequired":true,"valueName":"search_term_string"}}],"inLanguage":"de"}]}},"_links":{"self":[{"href":"https:\/\/bien-etreiris.ch\/de\/wp-json\/wp\/v2\/pages\/35464","targetHints":{"allow":["GET"]}}],"collection":[{"href":"https:\/\/bien-etreiris.ch\/de\/wp-json\/wp\/v2\/pages"}],"about":[{"href":"https:\/\/bien-etreiris.ch\/de\/wp-json\/wp\/v2\/types\/page"}],"author":[{"embeddable":true,"href":"https:\/\/bien-etreiris.ch\/de\/wp-json\/wp\/v2\/users\/1"}],"replies":[{"embeddable":true,"href":"https:\/\/bien-etreiris.ch\/de\/wp-json\/wp\/v2\/comments?post=35464"}],"version-history":[{"count":5,"href":"https:\/\/bien-etreiris.ch\/de\/wp-json\/wp\/v2\/pages\/35464\/revisions"}],"predecessor-version":[{"id":48210,"href":"https:\/\/bien-etreiris.ch\/de\/wp-json\/wp\/v2\/pages\/35464\/revisions\/48210"}],"up":[{"embeddable":true,"href":"https:\/\/bien-etreiris.ch\/de\/wp-json\/wp\/v2\/pages\/35424"}],"wp:featuredmedia":[{"embeddable":true,"href":"https:\/\/bien-etreiris.ch\/de\/wp-json\/wp\/v2\/media\/35461"}],"wp:attachment":[{"href":"https:\/\/bien-etreiris.ch\/de\/wp-json\/wp\/v2\/media?parent=35464"}],"curies":[{"name":"wp","href":"https:\/\/api.w.org\/{rel}","templated":true}]}}