{"id":35343,"date":"2020-12-01T22:07:47","date_gmt":"2020-12-01T22:07:47","guid":{"rendered":"https:\/\/bien-etreiris.ch\/?page_id=35343"},"modified":"2021-07-12T09:00:50","modified_gmt":"2021-07-12T07:00:50","slug":"schuhe","status":"publish","type":"page","link":"https:\/\/bien-etreiris.ch\/de\/produktpraesentation\/hygiene\/haushaltsreinigung\/reinigungskonzept\/schuhe\/","title":{"rendered":"SCHUHE&#8230;"},"content":{"rendered":"\n<h2 class=\"wp-block-heading\"> <br>Wachsen und B\u00fcrsten<\/h2>\n\n\n<section class=\"elementor-section elementor-top-section elementor-element elementor-element-94d6771 elementor-section-boxed elementor-section-height-default elementor-section-height-default\" data-id=\"94d6771\" data-element_type=\"section\">\n<div class=\"elementor-container elementor-column-gap-default\">\n<div class=\"elementor-row\">\n<div class=\"elementor-column elementor-col-100 elementor-top-column elementor-element elementor-element-5e5961f\" data-id=\"5e5961f\" data-element_type=\"column\">\n<div class=\"elementor-column-wrap elementor-element-populated\">\n<div class=\"elementor-widget-wrap\">\n<div class=\"elementor-element elementor-element-ba25f6e elementor-widget elementor-widget-text-editor\" data-id=\"ba25f6e\" data-element_type=\"widget\" data-widget_type=\"text-editor.default\">\n<div class=\"elementor-widget-container\">\n<div class=\"elementor-text-editor elementor-clearfix\">\n<p>Die Lederpflege, insbesondere die Schuhpflege, kann mit La droguerie \u00e9co gr\u00fcn werden! Basierend auf nat\u00fcrlichen, organischen und atmungsaktiven Komponenten erm\u00f6glichen die Produkte von La droguerie \u00e9co den Verzicht auf Wachse auf Mineral\u00f6l-, Paraffin- und Silikonbasis.<\/p>\n<p>&nbsp;<\/p>\n<\/div>\n<\/div>\n<\/div>\n<\/div>\n<\/div>\n<\/div>\n<\/div>\n<\/div>\n<\/section>\n<p><a href=\"https:\/\/decoiris.ch\/wp-content\/uploads\/2020\/12\/Baumes-de-cirage.png\"><img loading=\"lazy\" decoding=\"async\" class=\"wp-image-35344 alignleft\" src=\"https:\/\/decoiris.ch\/wp-content\/uploads\/2020\/12\/Baumes-de-cirage.png\" alt=\"\" width=\"350\" height=\"350\" srcset=\"https:\/\/bien-etreiris.ch\/wp-content\/uploads\/2020\/12\/Baumes-de-cirage.png 200w, https:\/\/bien-etreiris.ch\/wp-content\/uploads\/2020\/12\/Baumes-de-cirage-150x150.png 150w\" sizes=\"auto, (max-width: 350px) 100vw, 350px\" \/><\/a><\/p>\n<p>&nbsp;<\/p>\n<p>&nbsp;<\/p>\n<p>Der Ecological Drugstore\u00ae Shoe Polish Balm ist ideal zum Reinigen, Pflegen, N\u00e4hren, Renovieren und Polieren von Leder: Schuhe, Taschen, Kleidung...<br>Die zu polierende Fl\u00e4che b\u00fcrsten, um Staub zu entfernen, mit einem Pinsel eine d\u00fcnne Schicht Wachsbalsam auftragen, trocknen lassen, dann mit einer weichen Borstenb\u00fcrste durch kr\u00e4ftiges Reiben zum Gl\u00e4nzen bringen.<br>Von Hitze fernhalten. Nicht auf Wildleder verwenden. Au\u00dferhalb der Reichweite von Kindern aufbewahren.<br>Erh\u00e4ltlich in 75-ml-Tiegeln in 3 Farben: schwarz, braun und farblos CHF<\/p>\n<p>Hergestellt in Frankreich mit einem hohen Anteil an Wachsen und \u00d6len aus biologischem Anbau (bis zu 41%), der Rest ist pflanzlichen Ursprungs. Keine Erd\u00f6lderivate. Die Schuhcreme von La droguerie \u00e9cologique\u00ae ist die erste Schuhcreme, die von ECOCERT Greenlife nach dem ECOCERT-Standard auf Basis von biologischen Inhaltsstoffen zertifiziert wurde:<\/p>\n<p>&nbsp;<\/p>\n<p>&nbsp;<\/p>\n<p>&nbsp;<\/p>\n<p>&nbsp;<\/p>\n\n\n<hr class=\"wp-block-separator\"\/>\n\n\n<p><a href=\"https:\/\/decoiris.ch\/wp-content\/uploads\/2020\/12\/Baume-imperm\u00e9abilisant.png\"><img loading=\"lazy\" decoding=\"async\" class=\"wp-image-35347 alignleft\" src=\"https:\/\/decoiris.ch\/wp-content\/uploads\/2020\/12\/Baume-imperm\u00e9abilisant.png\" alt=\"\" width=\"350\" height=\"350\" srcset=\"https:\/\/bien-etreiris.ch\/wp-content\/uploads\/2020\/12\/Baume-imperm\u00e9abilisant.png 200w, https:\/\/bien-etreiris.ch\/wp-content\/uploads\/2020\/12\/Baume-imperm\u00e9abilisant-150x150.png 150w\" sizes=\"auto, (max-width: 350px) 100vw, 350px\" \/><\/a><\/p>\n<p>&nbsp;<\/p>\n<p>&nbsp;<\/p>\n<p>Mit dem Impr\u00e4gnierbalsam von La droguerie \u00e9cologique\u00ae k\u00f6nnen Sie Ihr Leder reinigen, impr\u00e4gnieren und seine Lebensdauer verl\u00e4ngern: Schuhe, Taschen, Kleidung...<br>B\u00fcrsten Sie die zu beschichtende Fl\u00e4che trocken, um Staub zu entfernen, tragen Sie mit einem Pinsel eine d\u00fcnne Schicht Impr\u00e4gnierbalsam auf, wobei Sie besonders auf die N\u00e4hte achten sollten. Trocknen lassen und dann mit einer weichen Borstenb\u00fcrste polieren. Wiederholen Sie den Vorgang regelm\u00e4\u00dfig alle drei bis vier Wachsperioden und im Winter h\u00e4ufiger.<br>Von Hitze fernhalten. Nicht auf Wildleder und Nubuk verwenden. Au\u00dferhalb der Reichweite von Kindern aufbewahren.<\/p>","protected":false},"excerpt":{"rendered":"<p>Wachsen und B\u00fcrsten Die Lederpflege, insbesondere die Schuhpflege, kann mit La droguerie \u00e9co gr\u00fcn werden! Basierend auf nat\u00fcrlichen, organischen und atmungsaktiven Komponenten erm\u00f6glichen die Produkte von La droguerie \u00e9co den Verzicht auf Wachse auf Mineral\u00f6l-, Paraffin- und Silikonbasis. &nbsp; &nbsp; &nbsp; Der Ecological Drugstore\u00ae Shoe Polish Balm ist ideal zum Reinigen, Pflegen, N\u00e4hren, Renovieren und Polieren von Leder: Schuhe, Taschen,&nbsp;<a href=\"https:\/\/bien-etreiris.ch\/de\/produktpraesentation\/hygiene\/haushaltsreinigung\/reinigungskonzept\/schuhe\/\" class=\"read-more\">Weiter lesen<\/a><\/p>\n","protected":false},"author":1,"featured_media":35340,"parent":35067,"menu_order":6679,"comment_status":"closed","ping_status":"closed","template":"page-with-child.php","meta":{"_acf_changed":false,"ngg_post_thumbnail":0,"footnotes":""},"class_list":["post-35343","page","type-page","status-publish","has-post-thumbnail","hentry"],"acf":[],"yoast_head":"<!-- This site is optimized with the Yoast SEO plugin v27.3 - https:\/\/yoast.com\/product\/yoast-seo-wordpress\/ -->\n<title>SCHUHE... - WOHLBEFINDEN<\/title>\n<meta name=\"robots\" content=\"index, follow, max-snippet:-1, max-image-preview:large, max-video-preview:-1\" \/>\n<link rel=\"canonical\" href=\"https:\/\/bien-etreiris.ch\/de\/produktpraesentation\/hygiene\/haushaltsreinigung\/reinigungskonzept\/schuhe\/\" \/>\n<meta property=\"og:locale\" content=\"de_DE\" \/>\n<meta property=\"og:type\" content=\"article\" \/>\n<meta property=\"og:title\" content=\"SCHUHE... - WOHLBEFINDEN\" \/>\n<meta property=\"og:description\" content=\"Wachsen und B\u00fcrsten Die Lederpflege, insbesondere die Schuhpflege, kann mit La droguerie \u00e9co gr\u00fcn werden! Basierend auf nat\u00fcrlichen, organischen und atmungsaktiven Komponenten erm\u00f6glichen die Produkte von La droguerie \u00e9co den Verzicht auf Wachse auf Mineral\u00f6l-, Paraffin- und Silikonbasis. &nbsp; &nbsp; &nbsp; Der Ecological Drugstore\u00ae Shoe Polish Balm ist ideal zum Reinigen, Pflegen, N\u00e4hren, Renovieren und Polieren von Leder: Schuhe, Taschen,&nbsp;Weiter lesen\" \/>\n<meta property=\"og:url\" content=\"https:\/\/bien-etreiris.ch\/de\/produktpraesentation\/hygiene\/haushaltsreinigung\/reinigungskonzept\/schuhe\/\" \/>\n<meta property=\"og:site_name\" content=\"WOHLBEFINDEN\" \/>\n<meta property=\"article:publisher\" content=\"https:\/\/www.facebook.com\/bienetreiris\/\" \/>\n<meta property=\"article:modified_time\" content=\"2021-07-12T07:00:50+00:00\" \/>\n<meta property=\"og:image\" content=\"https:\/\/bien-etreiris.ch\/wp-content\/uploads\/2020\/12\/acceuil-chaussures-sac-v\u00eatement.png\" \/>\n\t<meta property=\"og:image:width\" content=\"500\" \/>\n\t<meta property=\"og:image:height\" content=\"305\" \/>\n\t<meta property=\"og:image:type\" content=\"image\/png\" \/>\n<meta name=\"twitter:label1\" content=\"Gesch\u00e4tzte Lesezeit\" \/>\n\t<meta name=\"twitter:data1\" content=\"2\u00a0Minuten\" \/>\n<script type=\"application\/ld+json\" class=\"yoast-schema-graph\">{\"@context\":\"https:\\\/\\\/schema.org\",\"@graph\":[{\"@type\":\"WebPage\",\"@id\":\"https:\\\/\\\/bien-etreiris.ch\\\/de\\\/produktpraesentation\\\/hygiene\\\/haushaltsreinigung\\\/reinigungskonzept\\\/schuhe\\\/\",\"url\":\"https:\\\/\\\/bien-etreiris.ch\\\/de\\\/produktpraesentation\\\/hygiene\\\/haushaltsreinigung\\\/reinigungskonzept\\\/schuhe\\\/\",\"name\":\"SCHUHE... - WOHLBEFINDEN\",\"isPartOf\":{\"@id\":\"https:\\\/\\\/bien-etreiris.ch\\\/de\\\/#website\"},\"primaryImageOfPage\":{\"@id\":\"https:\\\/\\\/bien-etreiris.ch\\\/de\\\/produktpraesentation\\\/hygiene\\\/haushaltsreinigung\\\/reinigungskonzept\\\/schuhe\\\/#primaryimage\"},\"image\":{\"@id\":\"https:\\\/\\\/bien-etreiris.ch\\\/de\\\/produktpraesentation\\\/hygiene\\\/haushaltsreinigung\\\/reinigungskonzept\\\/schuhe\\\/#primaryimage\"},\"thumbnailUrl\":\"https:\\\/\\\/bien-etreiris.ch\\\/wp-content\\\/uploads\\\/2020\\\/12\\\/acceuil-chaussures-sac-v\u00eatement.png\",\"datePublished\":\"2020-12-01T22:07:47+00:00\",\"dateModified\":\"2021-07-12T07:00:50+00:00\",\"breadcrumb\":{\"@id\":\"https:\\\/\\\/bien-etreiris.ch\\\/de\\\/produktpraesentation\\\/hygiene\\\/haushaltsreinigung\\\/reinigungskonzept\\\/schuhe\\\/#breadcrumb\"},\"inLanguage\":\"de\",\"potentialAction\":[{\"@type\":\"ReadAction\",\"target\":[\"https:\\\/\\\/bien-etreiris.ch\\\/de\\\/produktpraesentation\\\/hygiene\\\/haushaltsreinigung\\\/reinigungskonzept\\\/schuhe\\\/\"]}]},{\"@type\":\"ImageObject\",\"inLanguage\":\"de\",\"@id\":\"https:\\\/\\\/bien-etreiris.ch\\\/de\\\/produktpraesentation\\\/hygiene\\\/haushaltsreinigung\\\/reinigungskonzept\\\/schuhe\\\/#primaryimage\",\"url\":\"https:\\\/\\\/bien-etreiris.ch\\\/wp-content\\\/uploads\\\/2020\\\/12\\\/acceuil-chaussures-sac-v\u00eatement.png\",\"contentUrl\":\"https:\\\/\\\/bien-etreiris.ch\\\/wp-content\\\/uploads\\\/2020\\\/12\\\/acceuil-chaussures-sac-v\u00eatement.png\",\"width\":500,\"height\":305},{\"@type\":\"BreadcrumbList\",\"@id\":\"https:\\\/\\\/bien-etreiris.ch\\\/de\\\/produktpraesentation\\\/hygiene\\\/haushaltsreinigung\\\/reinigungskonzept\\\/schuhe\\\/#breadcrumb\",\"itemListElement\":[{\"@type\":\"ListItem\",\"position\":1,\"name\":\"Home\",\"item\":\"https:\\\/\\\/bien-etreiris.ch\\\/de\\\/\"},{\"@type\":\"ListItem\",\"position\":2,\"name\":\"PRODUKTPR\u00c4SENTATION\",\"item\":\"https:\\\/\\\/bien-etreiris.ch\\\/de\\\/produktpraesentation\\\/\"},{\"@type\":\"ListItem\",\"position\":3,\"name\":\"HYGIENE\",\"item\":\"https:\\\/\\\/bien-etreiris.ch\\\/de\\\/produktpraesentation\\\/hygiene\\\/\"},{\"@type\":\"ListItem\",\"position\":4,\"name\":\"HAUSHALTSREINIGUNG\",\"item\":\"https:\\\/\\\/bien-etreiris.ch\\\/de\\\/produktpraesentation\\\/hygiene\\\/haushaltsreinigung\\\/\"},{\"@type\":\"ListItem\",\"position\":5,\"name\":\"REINIGUNGSKONZEPT\",\"item\":\"https:\\\/\\\/bien-etreiris.ch\\\/de\\\/produktpraesentation\\\/hygiene\\\/haushaltsreinigung\\\/reinigungskonzept\\\/\"},{\"@type\":\"ListItem\",\"position\":6,\"name\":\"SCHUHE&#8230;\"}]},{\"@type\":\"WebSite\",\"@id\":\"https:\\\/\\\/bien-etreiris.ch\\\/de\\\/#website\",\"url\":\"https:\\\/\\\/bien-etreiris.ch\\\/de\\\/\",\"name\":\"Bien-\u00eatre Iris\",\"description\":\"IHRE Gesundheit ist uns wichtig\",\"potentialAction\":[{\"@type\":\"SearchAction\",\"target\":{\"@type\":\"EntryPoint\",\"urlTemplate\":\"https:\\\/\\\/bien-etreiris.ch\\\/de\\\/?s={search_term_string}\"},\"query-input\":{\"@type\":\"PropertyValueSpecification\",\"valueRequired\":true,\"valueName\":\"search_term_string\"}}],\"inLanguage\":\"de\"}]}<\/script>\n<!-- \/ Yoast SEO plugin. -->","yoast_head_json":{"title":"SCHUHE... - WOHLBEFINDEN","robots":{"index":"index","follow":"follow","max-snippet":"max-snippet:-1","max-image-preview":"max-image-preview:large","max-video-preview":"max-video-preview:-1"},"canonical":"https:\/\/bien-etreiris.ch\/de\/produktpraesentation\/hygiene\/haushaltsreinigung\/reinigungskonzept\/schuhe\/","og_locale":"de_DE","og_type":"article","og_title":"SCHUHE... - WOHLBEFINDEN","og_description":"Wachsen und B\u00fcrsten Die Lederpflege, insbesondere die Schuhpflege, kann mit La droguerie \u00e9co gr\u00fcn werden! Basierend auf nat\u00fcrlichen, organischen und atmungsaktiven Komponenten erm\u00f6glichen die Produkte von La droguerie \u00e9co den Verzicht auf Wachse auf Mineral\u00f6l-, Paraffin- und Silikonbasis. &nbsp; &nbsp; &nbsp; Der Ecological Drugstore\u00ae Shoe Polish Balm ist ideal zum Reinigen, Pflegen, N\u00e4hren, Renovieren und Polieren von Leder: Schuhe, Taschen,&nbsp;Weiter lesen","og_url":"https:\/\/bien-etreiris.ch\/de\/produktpraesentation\/hygiene\/haushaltsreinigung\/reinigungskonzept\/schuhe\/","og_site_name":"WOHLBEFINDEN","article_publisher":"https:\/\/www.facebook.com\/bienetreiris\/","article_modified_time":"2021-07-12T07:00:50+00:00","og_image":[{"width":500,"height":305,"url":"https:\/\/bien-etreiris.ch\/wp-content\/uploads\/2020\/12\/acceuil-chaussures-sac-v\u00eatement.png","type":"image\/png"}],"twitter_misc":{"Gesch\u00e4tzte Lesezeit":"2\u00a0Minuten"},"schema":{"@context":"https:\/\/schema.org","@graph":[{"@type":"WebPage","@id":"https:\/\/bien-etreiris.ch\/de\/produktpraesentation\/hygiene\/haushaltsreinigung\/reinigungskonzept\/schuhe\/","url":"https:\/\/bien-etreiris.ch\/de\/produktpraesentation\/hygiene\/haushaltsreinigung\/reinigungskonzept\/schuhe\/","name":"SCHUHE... - WOHLBEFINDEN","isPartOf":{"@id":"https:\/\/bien-etreiris.ch\/de\/#website"},"primaryImageOfPage":{"@id":"https:\/\/bien-etreiris.ch\/de\/produktpraesentation\/hygiene\/haushaltsreinigung\/reinigungskonzept\/schuhe\/#primaryimage"},"image":{"@id":"https:\/\/bien-etreiris.ch\/de\/produktpraesentation\/hygiene\/haushaltsreinigung\/reinigungskonzept\/schuhe\/#primaryimage"},"thumbnailUrl":"https:\/\/bien-etreiris.ch\/wp-content\/uploads\/2020\/12\/acceuil-chaussures-sac-v\u00eatement.png","datePublished":"2020-12-01T22:07:47+00:00","dateModified":"2021-07-12T07:00:50+00:00","breadcrumb":{"@id":"https:\/\/bien-etreiris.ch\/de\/produktpraesentation\/hygiene\/haushaltsreinigung\/reinigungskonzept\/schuhe\/#breadcrumb"},"inLanguage":"de","potentialAction":[{"@type":"ReadAction","target":["https:\/\/bien-etreiris.ch\/de\/produktpraesentation\/hygiene\/haushaltsreinigung\/reinigungskonzept\/schuhe\/"]}]},{"@type":"ImageObject","inLanguage":"de","@id":"https:\/\/bien-etreiris.ch\/de\/produktpraesentation\/hygiene\/haushaltsreinigung\/reinigungskonzept\/schuhe\/#primaryimage","url":"https:\/\/bien-etreiris.ch\/wp-content\/uploads\/2020\/12\/acceuil-chaussures-sac-v\u00eatement.png","contentUrl":"https:\/\/bien-etreiris.ch\/wp-content\/uploads\/2020\/12\/acceuil-chaussures-sac-v\u00eatement.png","width":500,"height":305},{"@type":"BreadcrumbList","@id":"https:\/\/bien-etreiris.ch\/de\/produktpraesentation\/hygiene\/haushaltsreinigung\/reinigungskonzept\/schuhe\/#breadcrumb","itemListElement":[{"@type":"ListItem","position":1,"name":"Home","item":"https:\/\/bien-etreiris.ch\/de\/"},{"@type":"ListItem","position":2,"name":"PRODUKTPR\u00c4SENTATION","item":"https:\/\/bien-etreiris.ch\/de\/produktpraesentation\/"},{"@type":"ListItem","position":3,"name":"HYGIENE","item":"https:\/\/bien-etreiris.ch\/de\/produktpraesentation\/hygiene\/"},{"@type":"ListItem","position":4,"name":"HAUSHALTSREINIGUNG","item":"https:\/\/bien-etreiris.ch\/de\/produktpraesentation\/hygiene\/haushaltsreinigung\/"},{"@type":"ListItem","position":5,"name":"REINIGUNGSKONZEPT","item":"https:\/\/bien-etreiris.ch\/de\/produktpraesentation\/hygiene\/haushaltsreinigung\/reinigungskonzept\/"},{"@type":"ListItem","position":6,"name":"SCHUHE&#8230;"}]},{"@type":"WebSite","@id":"https:\/\/bien-etreiris.ch\/de\/#website","url":"https:\/\/bien-etreiris.ch\/de\/","name":"Bien-\u00eatre Iris","description":"IHRE Gesundheit ist uns wichtig","potentialAction":[{"@type":"SearchAction","target":{"@type":"EntryPoint","urlTemplate":"https:\/\/bien-etreiris.ch\/de\/?s={search_term_string}"},"query-input":{"@type":"PropertyValueSpecification","valueRequired":true,"valueName":"search_term_string"}}],"inLanguage":"de"}]}},"_links":{"self":[{"href":"https:\/\/bien-etreiris.ch\/de\/wp-json\/wp\/v2\/pages\/35343","targetHints":{"allow":["GET"]}}],"collection":[{"href":"https:\/\/bien-etreiris.ch\/de\/wp-json\/wp\/v2\/pages"}],"about":[{"href":"https:\/\/bien-etreiris.ch\/de\/wp-json\/wp\/v2\/types\/page"}],"author":[{"embeddable":true,"href":"https:\/\/bien-etreiris.ch\/de\/wp-json\/wp\/v2\/users\/1"}],"replies":[{"embeddable":true,"href":"https:\/\/bien-etreiris.ch\/de\/wp-json\/wp\/v2\/comments?post=35343"}],"version-history":[{"count":6,"href":"https:\/\/bien-etreiris.ch\/de\/wp-json\/wp\/v2\/pages\/35343\/revisions"}],"predecessor-version":[{"id":52001,"href":"https:\/\/bien-etreiris.ch\/de\/wp-json\/wp\/v2\/pages\/35343\/revisions\/52001"}],"up":[{"embeddable":true,"href":"https:\/\/bien-etreiris.ch\/de\/wp-json\/wp\/v2\/pages\/35067"}],"wp:featuredmedia":[{"embeddable":true,"href":"https:\/\/bien-etreiris.ch\/de\/wp-json\/wp\/v2\/media\/35340"}],"wp:attachment":[{"href":"https:\/\/bien-etreiris.ch\/de\/wp-json\/wp\/v2\/media?parent=35343"}],"curies":[{"name":"wp","href":"https:\/\/api.w.org\/{rel}","templated":true}]}}