{"id":35326,"date":"2020-12-01T12:38:42","date_gmt":"2020-12-01T12:38:42","guid":{"rendered":"https:\/\/bien-etreiris.ch\/?page_id=35326"},"modified":"2021-06-02T16:22:38","modified_gmt":"2021-06-02T14:22:38","slug":"plissees","status":"publish","type":"page","link":"https:\/\/bien-etreiris.ch\/de\/produktpraesentation\/hygiene\/haushaltsreinigung\/reinigungskonzept\/sonnenschutz-gewebe\/plissees\/","title":{"rendered":"PLISSEES"},"content":{"rendered":"<p><img loading=\"lazy\" decoding=\"async\" class=\"wp-image-23104 alignleft\" src=\"https:\/\/decoiris.ch\/wp-content\/uploads\/2019\/07\/Etiquette.jpg\" alt=\"\" width=\"74\" height=\"72\">Vous trouverez les conseils d'entretien a l\u2019arri\u00e8re droite de la barre de lestage.<\/p>\n<p>&nbsp;<\/p>\n<p>&nbsp;<\/p>\n<hr class=\"wp-block-separator\">\n<p><a href=\"https:\/\/decoiris.ch\/wp-content\/uploads\/2019\/07\/symbole-de-lavage.jpg\"><img loading=\"lazy\" decoding=\"async\" class=\"alignleft wp-image-23109\" src=\"https:\/\/decoiris.ch\/wp-content\/uploads\/2019\/07\/symbole-de-lavage.jpg\" alt=\"\" width=\"69\" height=\"72\"><\/a><\/p>\n<p>Les stores plisses portant ce symbole sont<br \/>\nlavables.<\/p>\n<p>Retirer le store plisse de ses supports. Plonger le store<br \/>\ncomplet avec les rails dans de l'eau ti\u00e8de (env. 30\u00b0C) additionn\u00e9e d'un peu de produit pour linge d\u00e9licat. Laisser tremper env. 15 minutes, rincer<br \/>\nensuite a l'eau claire, replier le paquet de tissu puis l'essorer. Suspendre le store encore mouille, l'ouvrir et le fermer a plusieurs reprises pour \u00e9viter que les plis ne restent colles. Laisser s\u00e9cher sur fen\u00eatre ferme. Ne pas repasser.<\/p>\n<p>&nbsp;<\/p>\n<hr class=\"wp-block-separator\">\n<p><a href=\"https:\/\/decoiris.ch\/wp-content\/uploads\/2019\/07\/symbole-chiffon-humide.jpg\"><img loading=\"lazy\" decoding=\"async\" class=\"wp-image-23111 alignleft\" src=\"https:\/\/decoiris.ch\/wp-content\/uploads\/2019\/07\/symbole-chiffon-humide.jpg\" alt=\"\" width=\"74\" height=\"72\"><\/a>Les stores plisses portant ce symbole ne sont pas lavables. Les taches peuvent \u00eatre enlev\u00e9es en les frottant d\u00e9licatement avec un chiffon humide.<\/p>\n<p>&nbsp;<\/p>\n<p>&nbsp;<\/p>\n<hr class=\"wp-block-separator\">\n<p><a href=\"https:\/\/decoiris.ch\/wp-content\/uploads\/2019\/07\/Symbole-brosse.jpg\"><img loading=\"lazy\" decoding=\"async\" class=\"wp-image-23113 alignleft\" src=\"https:\/\/decoiris.ch\/wp-content\/uploads\/2019\/07\/Symbole-brosse.jpg\" alt=\"\" width=\"73\" height=\"72\"><\/a>Les stores plisses portant ce symbole doivent \u00eatre seulement brosses d\u00e9licatement a sec a l'aide d'une brosse souple.<\/p>\n<p>&nbsp;<\/p>\n<p>&nbsp;<\/p>\n<hr class=\"wp-block-separator\">\n<p><strong>Veuillez noter les remarques suivantes:<\/strong><\/p>\n<p><a href=\"https:\/\/decoiris.ch\/wp-content\/uploads\/2019\/07\/remarque.jpg\"><img loading=\"lazy\" decoding=\"async\" class=\"wp-image-23115 alignleft\" src=\"https:\/\/decoiris.ch\/wp-content\/uploads\/2019\/07\/remarque.jpg\" alt=\"\" width=\"73\" height=\"72\"><\/a>Pour ces tissus aluminis\u00e9s sur l'envers, il convient de tenir compte des diff\u00e9rents symboles d'entretien. Le rev\u00eatement des tissus aluminis\u00e9s qui n'ont pas \u00e9t\u00e9 nettoy\u00e9s pendant longtemps peut, apr\u00e8s plusieurs ann\u00e9es, avoir subi des dommages susceptibles d\u2019\u00eatre amplifies apr\u00e8s nettoyage. En pr\u00e9sence de salissures d' insectes, le rev\u00eatement peut se d\u00e9tacher a certains endroits. C'est pourquoi, nous ne pouvons donner aucune garantie sur le nettoyage de ce type de tissu .<\/p>\n<p>&nbsp;<\/p>\n<hr class=\"wp-block-separator\">\n<p>Les pi\u00e8ces m\u00e9caniques des stores \u00e9lectriques, moteur radio avec accu, des stores a man\u0153uvre cha\u00eenette ou manivelle ainsi que des stores plisses \u00e9quipes du dis\u00adpositif de compensation ou des aimants de fermeture (R\u00e9f. 11-8320) ne doivent pas entrer en contact avec de la lessive ou de l'eau.<\/p>\n<p>Pour nettoyer les cadres des fen\u00eatres et les vitres, ne pas utiliser de produits abra\u00adsifs ou alcalins qui pourraient \u00eatre en contact direct ou indirect avec le store (con\u00addensation ). Une a\u00e9ration et une ventilation insuffisantes des lieux peu t favoriser la formation d'eau d e condensation. Nous d\u00e9clinons toute responsabilit\u00e9 dans le cas de dommages aux tissus provenant de gouttes d'eau ou de salissures d' insectes.<\/p>\n<p>Le nettoyage par ultrasons n'est pas adapte aux stores plisses.<\/p>\n<p>Pour conserver le plisse initial de vos stores, nous vous recommandons de les ouvrir et de les fermer r\u00e9guli\u00e8rement.<\/p>\n","protected":false},"excerpt":{"rendered":"<p>Vous trouverez les conseils d'entretien a l\u2019arri\u00e8re droite de la barre de lestage. &nbsp; &nbsp; Les stores plisses portant ce symbole sont lavables. Retirer le store plisse de ses supports. Plonger le store complet avec les rails dans de l'eau ti\u00e8de (env. 30\u00b0C) additionn\u00e9e d'un peu de produit pour linge d\u00e9licat. Laisser tremper env. 15 minutes, rincer ensuite a l'eau&nbsp;<a href=\"https:\/\/bien-etreiris.ch\/de\/produktpraesentation\/hygiene\/haushaltsreinigung\/reinigungskonzept\/sonnenschutz-gewebe\/plissees\/\" class=\"read-more\">Weiter lesen<\/a><\/p>\n","protected":false},"author":1,"featured_media":35180,"parent":35173,"menu_order":6688,"comment_status":"closed","ping_status":"closed","template":"page-with-child.php","meta":{"_acf_changed":false,"ngg_post_thumbnail":0,"footnotes":""},"class_list":["post-35326","page","type-page","status-publish","has-post-thumbnail","hentry"],"acf":[],"yoast_head":"<!-- This site is optimized with the Yoast SEO plugin v27.5 - https:\/\/yoast.com\/product\/yoast-seo-wordpress\/ -->\n<title>PLISSEES - WOHLBEFINDEN<\/title>\n<meta name=\"robots\" content=\"index, follow, max-snippet:-1, max-image-preview:large, max-video-preview:-1\" \/>\n<link rel=\"canonical\" href=\"https:\/\/bien-etreiris.ch\/de\/produktpraesentation\/hygiene\/haushaltsreinigung\/reinigungskonzept\/sonnenschutz-gewebe\/plissees\/\" \/>\n<meta property=\"og:locale\" content=\"de_DE\" \/>\n<meta property=\"og:type\" content=\"article\" \/>\n<meta property=\"og:title\" content=\"PLISSEES - WOHLBEFINDEN\" \/>\n<meta property=\"og:description\" content=\"Vous trouverez les conseils d&#039;entretien a l\u2019arri\u00e8re droite de la barre de lestage. &nbsp; &nbsp; Les stores plisses portant ce symbole sont lavables. Retirer le store plisse de ses supports. Plonger le store complet avec les rails dans de l&#039;eau ti\u00e8de (env. 30\u00b0C) additionn\u00e9e d&#039;un peu de produit pour linge d\u00e9licat. Laisser tremper env. 15 minutes, rincer ensuite a l&#039;eau&nbsp;Weiter lesen\" \/>\n<meta property=\"og:url\" content=\"https:\/\/bien-etreiris.ch\/de\/produktpraesentation\/hygiene\/haushaltsreinigung\/reinigungskonzept\/sonnenschutz-gewebe\/plissees\/\" \/>\n<meta property=\"og:site_name\" content=\"WOHLBEFINDEN\" \/>\n<meta property=\"article:publisher\" content=\"https:\/\/www.facebook.com\/bienetreiris\/\" \/>\n<meta property=\"article:modified_time\" content=\"2021-06-02T14:22:38+00:00\" \/>\n<meta property=\"og:image\" content=\"https:\/\/bien-etreiris.ch\/wp-content\/uploads\/2020\/11\/titel-4.jpg\" \/>\n\t<meta property=\"og:image:width\" content=\"550\" \/>\n\t<meta property=\"og:image:height\" content=\"399\" \/>\n\t<meta property=\"og:image:type\" content=\"image\/jpeg\" \/>\n<meta name=\"twitter:label1\" content=\"Gesch\u00e4tzte Lesezeit\" \/>\n\t<meta name=\"twitter:data1\" content=\"3\u00a0Minuten\" \/>\n<script type=\"application\/ld+json\" class=\"yoast-schema-graph\">{\"@context\":\"https:\\\/\\\/schema.org\",\"@graph\":[{\"@type\":\"WebPage\",\"@id\":\"https:\\\/\\\/bien-etreiris.ch\\\/de\\\/produktpraesentation\\\/hygiene\\\/haushaltsreinigung\\\/reinigungskonzept\\\/sonnenschutz-gewebe\\\/plissees\\\/\",\"url\":\"https:\\\/\\\/bien-etreiris.ch\\\/de\\\/produktpraesentation\\\/hygiene\\\/haushaltsreinigung\\\/reinigungskonzept\\\/sonnenschutz-gewebe\\\/plissees\\\/\",\"name\":\"PLISSEES - WOHLBEFINDEN\",\"isPartOf\":{\"@id\":\"https:\\\/\\\/bien-etreiris.ch\\\/de\\\/#website\"},\"primaryImageOfPage\":{\"@id\":\"https:\\\/\\\/bien-etreiris.ch\\\/de\\\/produktpraesentation\\\/hygiene\\\/haushaltsreinigung\\\/reinigungskonzept\\\/sonnenschutz-gewebe\\\/plissees\\\/#primaryimage\"},\"image\":{\"@id\":\"https:\\\/\\\/bien-etreiris.ch\\\/de\\\/produktpraesentation\\\/hygiene\\\/haushaltsreinigung\\\/reinigungskonzept\\\/sonnenschutz-gewebe\\\/plissees\\\/#primaryimage\"},\"thumbnailUrl\":\"https:\\\/\\\/bien-etreiris.ch\\\/wp-content\\\/uploads\\\/2020\\\/11\\\/titel-4.jpg\",\"datePublished\":\"2020-12-01T12:38:42+00:00\",\"dateModified\":\"2021-06-02T14:22:38+00:00\",\"breadcrumb\":{\"@id\":\"https:\\\/\\\/bien-etreiris.ch\\\/de\\\/produktpraesentation\\\/hygiene\\\/haushaltsreinigung\\\/reinigungskonzept\\\/sonnenschutz-gewebe\\\/plissees\\\/#breadcrumb\"},\"inLanguage\":\"de\",\"potentialAction\":[{\"@type\":\"ReadAction\",\"target\":[\"https:\\\/\\\/bien-etreiris.ch\\\/de\\\/produktpraesentation\\\/hygiene\\\/haushaltsreinigung\\\/reinigungskonzept\\\/sonnenschutz-gewebe\\\/plissees\\\/\"]}]},{\"@type\":\"ImageObject\",\"inLanguage\":\"de\",\"@id\":\"https:\\\/\\\/bien-etreiris.ch\\\/de\\\/produktpraesentation\\\/hygiene\\\/haushaltsreinigung\\\/reinigungskonzept\\\/sonnenschutz-gewebe\\\/plissees\\\/#primaryimage\",\"url\":\"https:\\\/\\\/bien-etreiris.ch\\\/wp-content\\\/uploads\\\/2020\\\/11\\\/titel-4.jpg\",\"contentUrl\":\"https:\\\/\\\/bien-etreiris.ch\\\/wp-content\\\/uploads\\\/2020\\\/11\\\/titel-4.jpg\",\"width\":550,\"height\":399},{\"@type\":\"BreadcrumbList\",\"@id\":\"https:\\\/\\\/bien-etreiris.ch\\\/de\\\/produktpraesentation\\\/hygiene\\\/haushaltsreinigung\\\/reinigungskonzept\\\/sonnenschutz-gewebe\\\/plissees\\\/#breadcrumb\",\"itemListElement\":[{\"@type\":\"ListItem\",\"position\":1,\"name\":\"Home\",\"item\":\"https:\\\/\\\/bien-etreiris.ch\\\/de\\\/\"},{\"@type\":\"ListItem\",\"position\":2,\"name\":\"PRODUKTPR\u00c4SENTATION\",\"item\":\"https:\\\/\\\/bien-etreiris.ch\\\/de\\\/produktpraesentation\\\/\"},{\"@type\":\"ListItem\",\"position\":3,\"name\":\"HYGIENE\",\"item\":\"https:\\\/\\\/bien-etreiris.ch\\\/de\\\/produktpraesentation\\\/hygiene\\\/\"},{\"@type\":\"ListItem\",\"position\":4,\"name\":\"HAUSHALTSREINIGUNG\",\"item\":\"https:\\\/\\\/bien-etreiris.ch\\\/de\\\/produktpraesentation\\\/hygiene\\\/haushaltsreinigung\\\/\"},{\"@type\":\"ListItem\",\"position\":5,\"name\":\"REINIGUNGSKONZEPT\",\"item\":\"https:\\\/\\\/bien-etreiris.ch\\\/de\\\/produktpraesentation\\\/hygiene\\\/haushaltsreinigung\\\/reinigungskonzept\\\/\"},{\"@type\":\"ListItem\",\"position\":6,\"name\":\"SONNENSCHUTZ GEWEBE\",\"item\":\"https:\\\/\\\/bien-etreiris.ch\\\/de\\\/produktpraesentation\\\/hygiene\\\/haushaltsreinigung\\\/reinigungskonzept\\\/sonnenschutz-gewebe\\\/\"},{\"@type\":\"ListItem\",\"position\":7,\"name\":\"PLISSEES\"}]},{\"@type\":\"WebSite\",\"@id\":\"https:\\\/\\\/bien-etreiris.ch\\\/de\\\/#website\",\"url\":\"https:\\\/\\\/bien-etreiris.ch\\\/de\\\/\",\"name\":\"Bien-\u00eatre Iris\",\"description\":\"IHRE Gesundheit ist uns wichtig\",\"potentialAction\":[{\"@type\":\"SearchAction\",\"target\":{\"@type\":\"EntryPoint\",\"urlTemplate\":\"https:\\\/\\\/bien-etreiris.ch\\\/de\\\/?s={search_term_string}\"},\"query-input\":{\"@type\":\"PropertyValueSpecification\",\"valueRequired\":true,\"valueName\":\"search_term_string\"}}],\"inLanguage\":\"de\"}]}<\/script>\n<!-- \/ Yoast SEO plugin. -->","yoast_head_json":{"title":"PLISSEES - WOHLBEFINDEN","robots":{"index":"index","follow":"follow","max-snippet":"max-snippet:-1","max-image-preview":"max-image-preview:large","max-video-preview":"max-video-preview:-1"},"canonical":"https:\/\/bien-etreiris.ch\/de\/produktpraesentation\/hygiene\/haushaltsreinigung\/reinigungskonzept\/sonnenschutz-gewebe\/plissees\/","og_locale":"de_DE","og_type":"article","og_title":"PLISSEES - WOHLBEFINDEN","og_description":"Vous trouverez les conseils d'entretien a l\u2019arri\u00e8re droite de la barre de lestage. &nbsp; &nbsp; Les stores plisses portant ce symbole sont lavables. Retirer le store plisse de ses supports. Plonger le store complet avec les rails dans de l'eau ti\u00e8de (env. 30\u00b0C) additionn\u00e9e d'un peu de produit pour linge d\u00e9licat. Laisser tremper env. 15 minutes, rincer ensuite a l'eau&nbsp;Weiter lesen","og_url":"https:\/\/bien-etreiris.ch\/de\/produktpraesentation\/hygiene\/haushaltsreinigung\/reinigungskonzept\/sonnenschutz-gewebe\/plissees\/","og_site_name":"WOHLBEFINDEN","article_publisher":"https:\/\/www.facebook.com\/bienetreiris\/","article_modified_time":"2021-06-02T14:22:38+00:00","og_image":[{"width":550,"height":399,"url":"https:\/\/bien-etreiris.ch\/wp-content\/uploads\/2020\/11\/titel-4.jpg","type":"image\/jpeg"}],"twitter_misc":{"Gesch\u00e4tzte Lesezeit":"3\u00a0Minuten"},"schema":{"@context":"https:\/\/schema.org","@graph":[{"@type":"WebPage","@id":"https:\/\/bien-etreiris.ch\/de\/produktpraesentation\/hygiene\/haushaltsreinigung\/reinigungskonzept\/sonnenschutz-gewebe\/plissees\/","url":"https:\/\/bien-etreiris.ch\/de\/produktpraesentation\/hygiene\/haushaltsreinigung\/reinigungskonzept\/sonnenschutz-gewebe\/plissees\/","name":"PLISSEES - WOHLBEFINDEN","isPartOf":{"@id":"https:\/\/bien-etreiris.ch\/de\/#website"},"primaryImageOfPage":{"@id":"https:\/\/bien-etreiris.ch\/de\/produktpraesentation\/hygiene\/haushaltsreinigung\/reinigungskonzept\/sonnenschutz-gewebe\/plissees\/#primaryimage"},"image":{"@id":"https:\/\/bien-etreiris.ch\/de\/produktpraesentation\/hygiene\/haushaltsreinigung\/reinigungskonzept\/sonnenschutz-gewebe\/plissees\/#primaryimage"},"thumbnailUrl":"https:\/\/bien-etreiris.ch\/wp-content\/uploads\/2020\/11\/titel-4.jpg","datePublished":"2020-12-01T12:38:42+00:00","dateModified":"2021-06-02T14:22:38+00:00","breadcrumb":{"@id":"https:\/\/bien-etreiris.ch\/de\/produktpraesentation\/hygiene\/haushaltsreinigung\/reinigungskonzept\/sonnenschutz-gewebe\/plissees\/#breadcrumb"},"inLanguage":"de","potentialAction":[{"@type":"ReadAction","target":["https:\/\/bien-etreiris.ch\/de\/produktpraesentation\/hygiene\/haushaltsreinigung\/reinigungskonzept\/sonnenschutz-gewebe\/plissees\/"]}]},{"@type":"ImageObject","inLanguage":"de","@id":"https:\/\/bien-etreiris.ch\/de\/produktpraesentation\/hygiene\/haushaltsreinigung\/reinigungskonzept\/sonnenschutz-gewebe\/plissees\/#primaryimage","url":"https:\/\/bien-etreiris.ch\/wp-content\/uploads\/2020\/11\/titel-4.jpg","contentUrl":"https:\/\/bien-etreiris.ch\/wp-content\/uploads\/2020\/11\/titel-4.jpg","width":550,"height":399},{"@type":"BreadcrumbList","@id":"https:\/\/bien-etreiris.ch\/de\/produktpraesentation\/hygiene\/haushaltsreinigung\/reinigungskonzept\/sonnenschutz-gewebe\/plissees\/#breadcrumb","itemListElement":[{"@type":"ListItem","position":1,"name":"Home","item":"https:\/\/bien-etreiris.ch\/de\/"},{"@type":"ListItem","position":2,"name":"PRODUKTPR\u00c4SENTATION","item":"https:\/\/bien-etreiris.ch\/de\/produktpraesentation\/"},{"@type":"ListItem","position":3,"name":"HYGIENE","item":"https:\/\/bien-etreiris.ch\/de\/produktpraesentation\/hygiene\/"},{"@type":"ListItem","position":4,"name":"HAUSHALTSREINIGUNG","item":"https:\/\/bien-etreiris.ch\/de\/produktpraesentation\/hygiene\/haushaltsreinigung\/"},{"@type":"ListItem","position":5,"name":"REINIGUNGSKONZEPT","item":"https:\/\/bien-etreiris.ch\/de\/produktpraesentation\/hygiene\/haushaltsreinigung\/reinigungskonzept\/"},{"@type":"ListItem","position":6,"name":"SONNENSCHUTZ GEWEBE","item":"https:\/\/bien-etreiris.ch\/de\/produktpraesentation\/hygiene\/haushaltsreinigung\/reinigungskonzept\/sonnenschutz-gewebe\/"},{"@type":"ListItem","position":7,"name":"PLISSEES"}]},{"@type":"WebSite","@id":"https:\/\/bien-etreiris.ch\/de\/#website","url":"https:\/\/bien-etreiris.ch\/de\/","name":"Bien-\u00eatre Iris","description":"IHRE Gesundheit ist uns wichtig","potentialAction":[{"@type":"SearchAction","target":{"@type":"EntryPoint","urlTemplate":"https:\/\/bien-etreiris.ch\/de\/?s={search_term_string}"},"query-input":{"@type":"PropertyValueSpecification","valueRequired":true,"valueName":"search_term_string"}}],"inLanguage":"de"}]}},"_links":{"self":[{"href":"https:\/\/bien-etreiris.ch\/de\/wp-json\/wp\/v2\/pages\/35326","targetHints":{"allow":["GET"]}}],"collection":[{"href":"https:\/\/bien-etreiris.ch\/de\/wp-json\/wp\/v2\/pages"}],"about":[{"href":"https:\/\/bien-etreiris.ch\/de\/wp-json\/wp\/v2\/types\/page"}],"author":[{"embeddable":true,"href":"https:\/\/bien-etreiris.ch\/de\/wp-json\/wp\/v2\/users\/1"}],"replies":[{"embeddable":true,"href":"https:\/\/bien-etreiris.ch\/de\/wp-json\/wp\/v2\/comments?post=35326"}],"version-history":[{"count":3,"href":"https:\/\/bien-etreiris.ch\/de\/wp-json\/wp\/v2\/pages\/35326\/revisions"}],"predecessor-version":[{"id":49016,"href":"https:\/\/bien-etreiris.ch\/de\/wp-json\/wp\/v2\/pages\/35326\/revisions\/49016"}],"up":[{"embeddable":true,"href":"https:\/\/bien-etreiris.ch\/de\/wp-json\/wp\/v2\/pages\/35173"}],"wp:featuredmedia":[{"embeddable":true,"href":"https:\/\/bien-etreiris.ch\/de\/wp-json\/wp\/v2\/media\/35180"}],"wp:attachment":[{"href":"https:\/\/bien-etreiris.ch\/de\/wp-json\/wp\/v2\/media?parent=35326"}],"curies":[{"name":"wp","href":"https:\/\/api.w.org\/{rel}","templated":true}]}}