{"id":35308,"date":"2020-12-01T11:48:37","date_gmt":"2020-12-01T11:48:37","guid":{"rendered":"https:\/\/bien-etreiris.ch\/?page_id=35308"},"modified":"2020-12-01T11:48:37","modified_gmt":"2020-12-01T11:48:37","slug":"wash-dry","status":"publish","type":"page","link":"https:\/\/bien-etreiris.ch\/de\/produktpraesentation\/hygiene\/haushaltsreinigung\/reinigungskonzept\/textilien-mit-veredelung\/wash-dry\/","title":{"rendered":"WASH + DRY"},"content":{"rendered":"<p>De beaux tapis conf\u00e8rent \u00e0 votre maison style et confort. Pour les pr\u00e9server, veuillez consulter les conseils d'entretien pour les lignes de produits wash+dry Design, wash+dry Licences et Special Art ainsi que wash+dry Monocolour.<br \/>\n<strong><br \/>\nAvant la premi\u00e8re utilisation et \u00e0 chaque nettoyage: <\/strong><\/p>\n<p>Les tapis wash+dry sont lavables \u00e0 60\u00b0C en utilisant de la lessive pour linge d\u00e9licat.<br \/>\nPlacez ensuite le tapis dans le s\u00e8che-linge et choisissez le programme pour les mati\u00e8res synth\u00e9tiques.<br \/>\nSi vous ne souhaitez pas utiliser de s\u00e8che-linge, vous pouvez \u00e9galement faire s\u00e9cher le tapis \u00e0 plat.<\/p>\n<p>Lavez r\u00e9guli\u00e8rement votre tapis wash+dry et la long\u00e9vit\u00e9 de sa qualit\u00e9 et de ses couleurs vous surprendra. De plus, le lavage r\u00e9gulier de votre tapis permet de garder une compl\u00e8te absorption des liquides et des salet\u00e9s.<\/p>\n<p><strong>Conseil d\u2019expert pour tapis avec bords:<br \/>\n<\/strong>Lavez le tapis s\u00e9par\u00e9ment avant la premi\u00e8re utilisation. Apr\u00e8s lavage, les fibres se redressent et les ondulations dues \u00e0 l\u2019emballage et au transport disparaissent.<\/p>\n<p><strong>Conseils d'entretien sp\u00e9cifiquement destin\u00e9s aux produits suivants:<br \/>\n<\/strong>La collection wash+dry Decor est lavable \u00e0 60 \u00b0C avec une lessive adapt\u00e9e aux textiles d\u00e9licats. Utilisez un d\u00e9tergent doux et faites tourner le tapis au niveau le plus bas. Etendez-le ensuite \u00e0 plat. Pour les tapis plus grands, faites attention \u00e0 la charge maximale de votre machine \u00e0 laver. Pour les tapis wash+dry Decor de dimension 140 x 200 cm et 170 x 240 cm, nous recommandons un nettoyage sp\u00e9cialement adapt\u00e9 aux tapis (utilisation de shampooings pour tapis et aspirateur).<\/p>\n<p><em>\u00c0 noter:<br \/>\n<\/em><em>Veuillez noter notre tol\u00e9rance de dimension de +\/- 5 %. En cas de sols en PVC, une modification de la couleur de la surface peut se produire par une interaction avec des tapis rev\u00eatus de caoutchouc.<\/em><\/p>\n","protected":false},"excerpt":{"rendered":"<p>De beaux tapis conf\u00e8rent \u00e0 votre maison style et confort. Pour les pr\u00e9server, veuillez consulter les conseils d'entretien pour les lignes de produits wash+dry Design, wash+dry Licences et Special Art ainsi que wash+dry Monocolour. Avant la premi\u00e8re utilisation et \u00e0 chaque nettoyage: Les tapis wash+dry sont lavables \u00e0 60\u00b0C en utilisant de la lessive pour linge d\u00e9licat. Placez ensuite le&nbsp;<a href=\"https:\/\/bien-etreiris.ch\/de\/produktpraesentation\/hygiene\/haushaltsreinigung\/reinigungskonzept\/textilien-mit-veredelung\/wash-dry\/\" class=\"read-more\">Weiter lesen<\/a><\/p>\n","protected":false},"author":1,"featured_media":35305,"parent":48973,"menu_order":6693,"comment_status":"closed","ping_status":"closed","template":"page-with-child.php","meta":{"_acf_changed":false,"ngg_post_thumbnail":0,"footnotes":""},"class_list":["post-35308","page","type-page","status-publish","has-post-thumbnail","hentry"],"acf":[],"yoast_head":"<!-- This site is optimized with the Yoast SEO plugin v27.5 - https:\/\/yoast.com\/product\/yoast-seo-wordpress\/ -->\n<title>WASH + DRY - WOHLBEFINDEN<\/title>\n<meta name=\"robots\" content=\"index, follow, max-snippet:-1, max-image-preview:large, max-video-preview:-1\" \/>\n<link rel=\"canonical\" href=\"https:\/\/bien-etreiris.ch\/de\/produktpraesentation\/hygiene\/haushaltsreinigung\/reinigungskonzept\/textilien-mit-veredelung\/wash-dry\/\" \/>\n<meta property=\"og:locale\" content=\"de_DE\" \/>\n<meta property=\"og:type\" content=\"article\" \/>\n<meta property=\"og:title\" content=\"WASH + DRY - WOHLBEFINDEN\" \/>\n<meta property=\"og:description\" content=\"De beaux tapis conf\u00e8rent \u00e0 votre maison style et confort. Pour les pr\u00e9server, veuillez consulter les conseils d&#039;entretien pour les lignes de produits wash+dry Design, wash+dry Licences et Special Art ainsi que wash+dry Monocolour. Avant la premi\u00e8re utilisation et \u00e0 chaque nettoyage: Les tapis wash+dry sont lavables \u00e0 60\u00b0C en utilisant de la lessive pour linge d\u00e9licat. Placez ensuite le&nbsp;Weiter lesen\" \/>\n<meta property=\"og:url\" content=\"https:\/\/bien-etreiris.ch\/de\/produktpraesentation\/hygiene\/haushaltsreinigung\/reinigungskonzept\/textilien-mit-veredelung\/wash-dry\/\" \/>\n<meta property=\"og:site_name\" content=\"WOHLBEFINDEN\" \/>\n<meta property=\"article:publisher\" content=\"https:\/\/www.facebook.com\/bienetreiris\/\" \/>\n<meta property=\"og:image\" content=\"https:\/\/bien-etreiris.ch\/wp-content\/uploads\/2020\/12\/titel-1.jpg\" \/>\n\t<meta property=\"og:image:width\" content=\"450\" \/>\n\t<meta property=\"og:image:height\" content=\"252\" \/>\n\t<meta property=\"og:image:type\" content=\"image\/jpeg\" \/>\n<meta name=\"twitter:label1\" content=\"Gesch\u00e4tzte Lesezeit\" \/>\n\t<meta name=\"twitter:data1\" content=\"2\u00a0Minuten\" \/>\n<script type=\"application\/ld+json\" class=\"yoast-schema-graph\">{\"@context\":\"https:\\\/\\\/schema.org\",\"@graph\":[{\"@type\":\"WebPage\",\"@id\":\"https:\\\/\\\/bien-etreiris.ch\\\/de\\\/produktpraesentation\\\/hygiene\\\/haushaltsreinigung\\\/reinigungskonzept\\\/textilien-mit-veredelung\\\/wash-dry\\\/\",\"url\":\"https:\\\/\\\/bien-etreiris.ch\\\/de\\\/produktpraesentation\\\/hygiene\\\/haushaltsreinigung\\\/reinigungskonzept\\\/textilien-mit-veredelung\\\/wash-dry\\\/\",\"name\":\"WASH + DRY - WOHLBEFINDEN\",\"isPartOf\":{\"@id\":\"https:\\\/\\\/bien-etreiris.ch\\\/de\\\/#website\"},\"primaryImageOfPage\":{\"@id\":\"https:\\\/\\\/bien-etreiris.ch\\\/de\\\/produktpraesentation\\\/hygiene\\\/haushaltsreinigung\\\/reinigungskonzept\\\/textilien-mit-veredelung\\\/wash-dry\\\/#primaryimage\"},\"image\":{\"@id\":\"https:\\\/\\\/bien-etreiris.ch\\\/de\\\/produktpraesentation\\\/hygiene\\\/haushaltsreinigung\\\/reinigungskonzept\\\/textilien-mit-veredelung\\\/wash-dry\\\/#primaryimage\"},\"thumbnailUrl\":\"https:\\\/\\\/bien-etreiris.ch\\\/wp-content\\\/uploads\\\/2020\\\/12\\\/titel-1.jpg\",\"datePublished\":\"2020-12-01T11:48:37+00:00\",\"breadcrumb\":{\"@id\":\"https:\\\/\\\/bien-etreiris.ch\\\/de\\\/produktpraesentation\\\/hygiene\\\/haushaltsreinigung\\\/reinigungskonzept\\\/textilien-mit-veredelung\\\/wash-dry\\\/#breadcrumb\"},\"inLanguage\":\"de\",\"potentialAction\":[{\"@type\":\"ReadAction\",\"target\":[\"https:\\\/\\\/bien-etreiris.ch\\\/de\\\/produktpraesentation\\\/hygiene\\\/haushaltsreinigung\\\/reinigungskonzept\\\/textilien-mit-veredelung\\\/wash-dry\\\/\"]}]},{\"@type\":\"ImageObject\",\"inLanguage\":\"de\",\"@id\":\"https:\\\/\\\/bien-etreiris.ch\\\/de\\\/produktpraesentation\\\/hygiene\\\/haushaltsreinigung\\\/reinigungskonzept\\\/textilien-mit-veredelung\\\/wash-dry\\\/#primaryimage\",\"url\":\"https:\\\/\\\/bien-etreiris.ch\\\/wp-content\\\/uploads\\\/2020\\\/12\\\/titel-1.jpg\",\"contentUrl\":\"https:\\\/\\\/bien-etreiris.ch\\\/wp-content\\\/uploads\\\/2020\\\/12\\\/titel-1.jpg\",\"width\":450,\"height\":252},{\"@type\":\"BreadcrumbList\",\"@id\":\"https:\\\/\\\/bien-etreiris.ch\\\/de\\\/produktpraesentation\\\/hygiene\\\/haushaltsreinigung\\\/reinigungskonzept\\\/textilien-mit-veredelung\\\/wash-dry\\\/#breadcrumb\",\"itemListElement\":[{\"@type\":\"ListItem\",\"position\":1,\"name\":\"Home\",\"item\":\"https:\\\/\\\/bien-etreiris.ch\\\/de\\\/\"},{\"@type\":\"ListItem\",\"position\":2,\"name\":\"PRODUKTPR\u00c4SENTATION\",\"item\":\"https:\\\/\\\/bien-etreiris.ch\\\/de\\\/produktpraesentation\\\/\"},{\"@type\":\"ListItem\",\"position\":3,\"name\":\"HYGIENE\",\"item\":\"https:\\\/\\\/bien-etreiris.ch\\\/de\\\/produktpraesentation\\\/hygiene\\\/\"},{\"@type\":\"ListItem\",\"position\":4,\"name\":\"HAUSHALTSREINIGUNG\",\"item\":\"https:\\\/\\\/bien-etreiris.ch\\\/de\\\/produktpraesentation\\\/hygiene\\\/haushaltsreinigung\\\/\"},{\"@type\":\"ListItem\",\"position\":5,\"name\":\"REINIGUNGSKONZEPT\",\"item\":\"https:\\\/\\\/bien-etreiris.ch\\\/de\\\/produktpraesentation\\\/hygiene\\\/haushaltsreinigung\\\/reinigungskonzept\\\/\"},{\"@type\":\"ListItem\",\"position\":6,\"name\":\"TEXTILIEN MIT VEREDELUNG\",\"item\":\"https:\\\/\\\/bien-etreiris.ch\\\/de\\\/produktpraesentation\\\/hygiene\\\/haushaltsreinigung\\\/reinigungskonzept\\\/textilien-mit-veredelung\\\/\"},{\"@type\":\"ListItem\",\"position\":7,\"name\":\"WASH + DRY\"}]},{\"@type\":\"WebSite\",\"@id\":\"https:\\\/\\\/bien-etreiris.ch\\\/de\\\/#website\",\"url\":\"https:\\\/\\\/bien-etreiris.ch\\\/de\\\/\",\"name\":\"Bien-\u00eatre Iris\",\"description\":\"IHRE Gesundheit ist uns wichtig\",\"potentialAction\":[{\"@type\":\"SearchAction\",\"target\":{\"@type\":\"EntryPoint\",\"urlTemplate\":\"https:\\\/\\\/bien-etreiris.ch\\\/de\\\/?s={search_term_string}\"},\"query-input\":{\"@type\":\"PropertyValueSpecification\",\"valueRequired\":true,\"valueName\":\"search_term_string\"}}],\"inLanguage\":\"de\"}]}<\/script>\n<!-- \/ Yoast SEO plugin. -->","yoast_head_json":{"title":"WASH + DRY - WOHLBEFINDEN","robots":{"index":"index","follow":"follow","max-snippet":"max-snippet:-1","max-image-preview":"max-image-preview:large","max-video-preview":"max-video-preview:-1"},"canonical":"https:\/\/bien-etreiris.ch\/de\/produktpraesentation\/hygiene\/haushaltsreinigung\/reinigungskonzept\/textilien-mit-veredelung\/wash-dry\/","og_locale":"de_DE","og_type":"article","og_title":"WASH + DRY - WOHLBEFINDEN","og_description":"De beaux tapis conf\u00e8rent \u00e0 votre maison style et confort. Pour les pr\u00e9server, veuillez consulter les conseils d'entretien pour les lignes de produits wash+dry Design, wash+dry Licences et Special Art ainsi que wash+dry Monocolour. Avant la premi\u00e8re utilisation et \u00e0 chaque nettoyage: Les tapis wash+dry sont lavables \u00e0 60\u00b0C en utilisant de la lessive pour linge d\u00e9licat. Placez ensuite le&nbsp;Weiter lesen","og_url":"https:\/\/bien-etreiris.ch\/de\/produktpraesentation\/hygiene\/haushaltsreinigung\/reinigungskonzept\/textilien-mit-veredelung\/wash-dry\/","og_site_name":"WOHLBEFINDEN","article_publisher":"https:\/\/www.facebook.com\/bienetreiris\/","og_image":[{"width":450,"height":252,"url":"https:\/\/bien-etreiris.ch\/wp-content\/uploads\/2020\/12\/titel-1.jpg","type":"image\/jpeg"}],"twitter_misc":{"Gesch\u00e4tzte Lesezeit":"2\u00a0Minuten"},"schema":{"@context":"https:\/\/schema.org","@graph":[{"@type":"WebPage","@id":"https:\/\/bien-etreiris.ch\/de\/produktpraesentation\/hygiene\/haushaltsreinigung\/reinigungskonzept\/textilien-mit-veredelung\/wash-dry\/","url":"https:\/\/bien-etreiris.ch\/de\/produktpraesentation\/hygiene\/haushaltsreinigung\/reinigungskonzept\/textilien-mit-veredelung\/wash-dry\/","name":"WASH + DRY - WOHLBEFINDEN","isPartOf":{"@id":"https:\/\/bien-etreiris.ch\/de\/#website"},"primaryImageOfPage":{"@id":"https:\/\/bien-etreiris.ch\/de\/produktpraesentation\/hygiene\/haushaltsreinigung\/reinigungskonzept\/textilien-mit-veredelung\/wash-dry\/#primaryimage"},"image":{"@id":"https:\/\/bien-etreiris.ch\/de\/produktpraesentation\/hygiene\/haushaltsreinigung\/reinigungskonzept\/textilien-mit-veredelung\/wash-dry\/#primaryimage"},"thumbnailUrl":"https:\/\/bien-etreiris.ch\/wp-content\/uploads\/2020\/12\/titel-1.jpg","datePublished":"2020-12-01T11:48:37+00:00","breadcrumb":{"@id":"https:\/\/bien-etreiris.ch\/de\/produktpraesentation\/hygiene\/haushaltsreinigung\/reinigungskonzept\/textilien-mit-veredelung\/wash-dry\/#breadcrumb"},"inLanguage":"de","potentialAction":[{"@type":"ReadAction","target":["https:\/\/bien-etreiris.ch\/de\/produktpraesentation\/hygiene\/haushaltsreinigung\/reinigungskonzept\/textilien-mit-veredelung\/wash-dry\/"]}]},{"@type":"ImageObject","inLanguage":"de","@id":"https:\/\/bien-etreiris.ch\/de\/produktpraesentation\/hygiene\/haushaltsreinigung\/reinigungskonzept\/textilien-mit-veredelung\/wash-dry\/#primaryimage","url":"https:\/\/bien-etreiris.ch\/wp-content\/uploads\/2020\/12\/titel-1.jpg","contentUrl":"https:\/\/bien-etreiris.ch\/wp-content\/uploads\/2020\/12\/titel-1.jpg","width":450,"height":252},{"@type":"BreadcrumbList","@id":"https:\/\/bien-etreiris.ch\/de\/produktpraesentation\/hygiene\/haushaltsreinigung\/reinigungskonzept\/textilien-mit-veredelung\/wash-dry\/#breadcrumb","itemListElement":[{"@type":"ListItem","position":1,"name":"Home","item":"https:\/\/bien-etreiris.ch\/de\/"},{"@type":"ListItem","position":2,"name":"PRODUKTPR\u00c4SENTATION","item":"https:\/\/bien-etreiris.ch\/de\/produktpraesentation\/"},{"@type":"ListItem","position":3,"name":"HYGIENE","item":"https:\/\/bien-etreiris.ch\/de\/produktpraesentation\/hygiene\/"},{"@type":"ListItem","position":4,"name":"HAUSHALTSREINIGUNG","item":"https:\/\/bien-etreiris.ch\/de\/produktpraesentation\/hygiene\/haushaltsreinigung\/"},{"@type":"ListItem","position":5,"name":"REINIGUNGSKONZEPT","item":"https:\/\/bien-etreiris.ch\/de\/produktpraesentation\/hygiene\/haushaltsreinigung\/reinigungskonzept\/"},{"@type":"ListItem","position":6,"name":"TEXTILIEN MIT VEREDELUNG","item":"https:\/\/bien-etreiris.ch\/de\/produktpraesentation\/hygiene\/haushaltsreinigung\/reinigungskonzept\/textilien-mit-veredelung\/"},{"@type":"ListItem","position":7,"name":"WASH + DRY"}]},{"@type":"WebSite","@id":"https:\/\/bien-etreiris.ch\/de\/#website","url":"https:\/\/bien-etreiris.ch\/de\/","name":"Bien-\u00eatre Iris","description":"IHRE Gesundheit ist uns wichtig","potentialAction":[{"@type":"SearchAction","target":{"@type":"EntryPoint","urlTemplate":"https:\/\/bien-etreiris.ch\/de\/?s={search_term_string}"},"query-input":{"@type":"PropertyValueSpecification","valueRequired":true,"valueName":"search_term_string"}}],"inLanguage":"de"}]}},"_links":{"self":[{"href":"https:\/\/bien-etreiris.ch\/de\/wp-json\/wp\/v2\/pages\/35308","targetHints":{"allow":["GET"]}}],"collection":[{"href":"https:\/\/bien-etreiris.ch\/de\/wp-json\/wp\/v2\/pages"}],"about":[{"href":"https:\/\/bien-etreiris.ch\/de\/wp-json\/wp\/v2\/types\/page"}],"author":[{"embeddable":true,"href":"https:\/\/bien-etreiris.ch\/de\/wp-json\/wp\/v2\/users\/1"}],"replies":[{"embeddable":true,"href":"https:\/\/bien-etreiris.ch\/de\/wp-json\/wp\/v2\/comments?post=35308"}],"version-history":[{"count":1,"href":"https:\/\/bien-etreiris.ch\/de\/wp-json\/wp\/v2\/pages\/35308\/revisions"}],"predecessor-version":[{"id":35311,"href":"https:\/\/bien-etreiris.ch\/de\/wp-json\/wp\/v2\/pages\/35308\/revisions\/35311"}],"up":[{"embeddable":true,"href":"https:\/\/bien-etreiris.ch\/de\/wp-json\/wp\/v2\/pages\/48973"}],"wp:featuredmedia":[{"embeddable":true,"href":"https:\/\/bien-etreiris.ch\/de\/wp-json\/wp\/v2\/media\/35305"}],"wp:attachment":[{"href":"https:\/\/bien-etreiris.ch\/de\/wp-json\/wp\/v2\/media?parent=35308"}],"curies":[{"name":"wp","href":"https:\/\/api.w.org\/{rel}","templated":true}]}}