{"id":35297,"date":"2020-12-01T11:42:06","date_gmt":"2020-12-01T11:42:06","guid":{"rendered":"https:\/\/bien-etreiris.ch\/?page_id=35297"},"modified":"2020-12-01T11:45:19","modified_gmt":"2020-12-01T11:45:19","slug":"teflon","status":"publish","type":"page","link":"https:\/\/bien-etreiris.ch\/de\/produktpraesentation\/hygiene\/haushaltsreinigung\/reinigungskonzept\/textilien-mit-veredelung\/teflon\/","title":{"rendered":"TEFLON"},"content":{"rendered":"<div id=\"content\" class=\"span8 right right\" data-motopress-type=\"loop\" data-motopress-loop-file=\"loop\/loop-page.php\">\n<div id=\"post-18519\" class=\"page post-18519 type-page status-publish has-post-thumbnail hentry\">\n<p><strong>Conseils g\u00e9n\u00e9raux pour le nettoyage des textiles trait\u00e9s avec Teflon &#x2122;<\/strong><\/p>\n<p>Les textiles trait\u00e9s avec la protection en tissu Teflon &#x2122; ne n\u00e9cessitent aucun soin particulier. Il suffit de suivre les instructions d\u2019entretien du fabricant pour tirer le meilleur parti de la protection du tissu Teflon &#x2122;. Vous trouverez des informations sur le nettoyage des tissus d'ameublement ici.<\/p>\n<p><strong>Questions g\u00e9n\u00e9rales:<\/strong><br \/>\nLe Teflon &#x2122; \u00e9limine-t-il la protection du tissu? Combien de temps dure l'effet?<br \/>\nA. Le Teflon &#x2122; est incorpor\u00e9 directement dans le tissu. C\u2019est pourquoi l\u2019effet est conserv\u00e9 - lessive contre lessive.<\/p>\n<p>Pourquoi les textiles trait\u00e9s au Teflon &#x2122; restent-ils doux?<br \/>\nA. La protection en tissu Teflon &#x2122; est sp\u00e9cialement con\u00e7ue pour les textiles. C'est pourquoi cela n'affecte pas la respirabilit\u00e9 ni le toucher d'un tissu.<\/p>\n<p>Puis-je acheter un produit de protection pour tissu Teflon &#x2122; en spray pour traiter mes propres textiles?Pour un effet durable, la protection en tissu Teflon &#x2122; est appliqu\u00e9e directement sur le tissage ou l\u2019\u00e9quipement textile et n\u2019est donc pas disponible en spray. Pour le rembourrage et les tapis, il existe le protecteur avanc\u00e9 de tapis et de rembourrage Teflon &#x2122;, qui peut \u00eatre appliqu\u00e9 par du personnel qualifi\u00e9.<\/p>\n<p><strong>Avantages \u00e9cologiques de la protection en tissu Teflon &#x2122;<\/strong><\/p>\n<p>Gr\u00e2ce \u00e0 sa fonction antitache et dissolvante, la protection du tissu en T\u00e9flon &#x2122; peut rendre les produits moins susceptibles d'\u00eatre lav\u00e9s ou nettoy\u00e9s chimiquement. Cela permet de gagner du temps, d'abaisser les temp\u00e9ratures de lavage et de s\u00e9chage, de r\u00e9duire l'usure des tissus et de r\u00e9duire les risques de fissures. Ce t\u00e9flon &#x2122; vous aide \u00e0 \u00e9conomiser de l'eau et de l'\u00e9nergie et \u00e0 prolonger la dur\u00e9e de vie de vos textiles.<br \/>\nLors des tests, les produits trait\u00e9s avec une protection en tissu Teflon &#x2122; ont montr\u00e9 que:<br \/>\n\u2022 Les lavages complets ou l'\u00e9limination des taches \u00e9taient moins fr\u00e9quents, car les liquides perlent.<br \/>\n\u2022 les bords du col \u00e9tant moins prononc\u00e9s, moins de lessive et moins de d\u00e9tergent pourraient \u00eatre lav\u00e9s.<br \/>\n\u2022 les taches sont dissoutes \u00e0 des temp\u00e9ratures de lavage inf\u00e9rieures \u00e0 celles des tissus non trait\u00e9s.<br \/>\n\u2022 Les tissus en suspension dans l'air et les tissus pour s\u00e8che-linge ont s\u00e9ch\u00e9 jusqu'\u00e0 25% plus rapidement que les tissus non trait\u00e9s.<\/p>\n<div class=\"clear\">&nbsp;<\/div>\n<\/div>\n<\/div>\n<div id=\"sidebar\" class=\"span4 sidebar\" data-motopress-type=\"static-sidebar\" data-motopress-sidebar-file=\"sidebar.php\">\n<div id=\"text-4\" class=\"widget\">\n<div class=\"textwidget\">&nbsp;<\/div>\n<\/div>\n<\/div>\n","protected":false},"excerpt":{"rendered":"<p>Conseils g\u00e9n\u00e9raux pour le nettoyage des textiles trait\u00e9s avec Teflon &#x2122; Les textiles trait\u00e9s avec la protection en tissu Teflon &#x2122; ne n\u00e9cessitent aucun soin particulier. Il suffit de suivre les instructions d\u2019entretien du fabricant pour tirer le meilleur parti de la protection du tissu Teflon &#x2122;. Vous trouverez des informations sur le nettoyage des tissus d'ameublement ici. Questions g\u00e9n\u00e9rales:&nbsp;<a href=\"https:\/\/bien-etreiris.ch\/de\/produktpraesentation\/hygiene\/haushaltsreinigung\/reinigungskonzept\/textilien-mit-veredelung\/teflon\/\" class=\"read-more\">Weiter lesen<\/a><\/p>\n","protected":false},"author":1,"featured_media":35295,"parent":48973,"menu_order":6695,"comment_status":"closed","ping_status":"closed","template":"page-with-child.php","meta":{"_acf_changed":false,"ngg_post_thumbnail":0,"footnotes":""},"class_list":["post-35297","page","type-page","status-publish","has-post-thumbnail","hentry"],"acf":[],"yoast_head":"<!-- This site is optimized with the Yoast SEO plugin v27.5 - https:\/\/yoast.com\/product\/yoast-seo-wordpress\/ -->\n<title>TEFLON - WOHLBEFINDEN<\/title>\n<meta name=\"robots\" content=\"index, follow, max-snippet:-1, max-image-preview:large, max-video-preview:-1\" \/>\n<link rel=\"canonical\" href=\"https:\/\/bien-etreiris.ch\/de\/produktpraesentation\/hygiene\/haushaltsreinigung\/reinigungskonzept\/textilien-mit-veredelung\/teflon\/\" \/>\n<meta property=\"og:locale\" content=\"de_DE\" \/>\n<meta property=\"og:type\" content=\"article\" \/>\n<meta property=\"og:title\" content=\"TEFLON - WOHLBEFINDEN\" \/>\n<meta property=\"og:description\" content=\"Conseils g\u00e9n\u00e9raux pour le nettoyage des textiles trait\u00e9s avec Teflon &#x2122; Les textiles trait\u00e9s avec la protection en tissu Teflon &#x2122; ne n\u00e9cessitent aucun soin particulier. Il suffit de suivre les instructions d\u2019entretien du fabricant pour tirer le meilleur parti de la protection du tissu Teflon &#x2122;. Vous trouverez des informations sur le nettoyage des tissus d&#039;ameublement ici. Questions g\u00e9n\u00e9rales:&nbsp;Weiter lesen\" \/>\n<meta property=\"og:url\" content=\"https:\/\/bien-etreiris.ch\/de\/produktpraesentation\/hygiene\/haushaltsreinigung\/reinigungskonzept\/textilien-mit-veredelung\/teflon\/\" \/>\n<meta property=\"og:site_name\" content=\"WOHLBEFINDEN\" \/>\n<meta property=\"article:publisher\" content=\"https:\/\/www.facebook.com\/bienetreiris\/\" \/>\n<meta property=\"article:modified_time\" content=\"2020-12-01T11:45:19+00:00\" \/>\n<meta property=\"og:image\" content=\"https:\/\/bien-etreiris.ch\/wp-content\/uploads\/2020\/12\/titel-3.jpg\" \/>\n\t<meta property=\"og:image:width\" content=\"450\" \/>\n\t<meta property=\"og:image:height\" content=\"450\" \/>\n\t<meta property=\"og:image:type\" content=\"image\/jpeg\" \/>\n<meta name=\"twitter:label1\" content=\"Gesch\u00e4tzte Lesezeit\" \/>\n\t<meta name=\"twitter:data1\" content=\"2\u00a0Minuten\" \/>\n<script type=\"application\/ld+json\" class=\"yoast-schema-graph\">{\"@context\":\"https:\\\/\\\/schema.org\",\"@graph\":[{\"@type\":\"WebPage\",\"@id\":\"https:\\\/\\\/bien-etreiris.ch\\\/de\\\/produktpraesentation\\\/hygiene\\\/haushaltsreinigung\\\/reinigungskonzept\\\/textilien-mit-veredelung\\\/teflon\\\/\",\"url\":\"https:\\\/\\\/bien-etreiris.ch\\\/de\\\/produktpraesentation\\\/hygiene\\\/haushaltsreinigung\\\/reinigungskonzept\\\/textilien-mit-veredelung\\\/teflon\\\/\",\"name\":\"TEFLON - WOHLBEFINDEN\",\"isPartOf\":{\"@id\":\"https:\\\/\\\/bien-etreiris.ch\\\/de\\\/#website\"},\"primaryImageOfPage\":{\"@id\":\"https:\\\/\\\/bien-etreiris.ch\\\/de\\\/produktpraesentation\\\/hygiene\\\/haushaltsreinigung\\\/reinigungskonzept\\\/textilien-mit-veredelung\\\/teflon\\\/#primaryimage\"},\"image\":{\"@id\":\"https:\\\/\\\/bien-etreiris.ch\\\/de\\\/produktpraesentation\\\/hygiene\\\/haushaltsreinigung\\\/reinigungskonzept\\\/textilien-mit-veredelung\\\/teflon\\\/#primaryimage\"},\"thumbnailUrl\":\"https:\\\/\\\/bien-etreiris.ch\\\/wp-content\\\/uploads\\\/2020\\\/12\\\/titel-3.jpg\",\"datePublished\":\"2020-12-01T11:42:06+00:00\",\"dateModified\":\"2020-12-01T11:45:19+00:00\",\"breadcrumb\":{\"@id\":\"https:\\\/\\\/bien-etreiris.ch\\\/de\\\/produktpraesentation\\\/hygiene\\\/haushaltsreinigung\\\/reinigungskonzept\\\/textilien-mit-veredelung\\\/teflon\\\/#breadcrumb\"},\"inLanguage\":\"de\",\"potentialAction\":[{\"@type\":\"ReadAction\",\"target\":[\"https:\\\/\\\/bien-etreiris.ch\\\/de\\\/produktpraesentation\\\/hygiene\\\/haushaltsreinigung\\\/reinigungskonzept\\\/textilien-mit-veredelung\\\/teflon\\\/\"]}]},{\"@type\":\"ImageObject\",\"inLanguage\":\"de\",\"@id\":\"https:\\\/\\\/bien-etreiris.ch\\\/de\\\/produktpraesentation\\\/hygiene\\\/haushaltsreinigung\\\/reinigungskonzept\\\/textilien-mit-veredelung\\\/teflon\\\/#primaryimage\",\"url\":\"https:\\\/\\\/bien-etreiris.ch\\\/wp-content\\\/uploads\\\/2020\\\/12\\\/titel-3.jpg\",\"contentUrl\":\"https:\\\/\\\/bien-etreiris.ch\\\/wp-content\\\/uploads\\\/2020\\\/12\\\/titel-3.jpg\",\"width\":450,\"height\":450},{\"@type\":\"BreadcrumbList\",\"@id\":\"https:\\\/\\\/bien-etreiris.ch\\\/de\\\/produktpraesentation\\\/hygiene\\\/haushaltsreinigung\\\/reinigungskonzept\\\/textilien-mit-veredelung\\\/teflon\\\/#breadcrumb\",\"itemListElement\":[{\"@type\":\"ListItem\",\"position\":1,\"name\":\"Home\",\"item\":\"https:\\\/\\\/bien-etreiris.ch\\\/de\\\/\"},{\"@type\":\"ListItem\",\"position\":2,\"name\":\"PRODUKTPR\u00c4SENTATION\",\"item\":\"https:\\\/\\\/bien-etreiris.ch\\\/de\\\/produktpraesentation\\\/\"},{\"@type\":\"ListItem\",\"position\":3,\"name\":\"HYGIENE\",\"item\":\"https:\\\/\\\/bien-etreiris.ch\\\/de\\\/produktpraesentation\\\/hygiene\\\/\"},{\"@type\":\"ListItem\",\"position\":4,\"name\":\"HAUSHALTSREINIGUNG\",\"item\":\"https:\\\/\\\/bien-etreiris.ch\\\/de\\\/produktpraesentation\\\/hygiene\\\/haushaltsreinigung\\\/\"},{\"@type\":\"ListItem\",\"position\":5,\"name\":\"REINIGUNGSKONZEPT\",\"item\":\"https:\\\/\\\/bien-etreiris.ch\\\/de\\\/produktpraesentation\\\/hygiene\\\/haushaltsreinigung\\\/reinigungskonzept\\\/\"},{\"@type\":\"ListItem\",\"position\":6,\"name\":\"TEXTILIEN MIT VEREDELUNG\",\"item\":\"https:\\\/\\\/bien-etreiris.ch\\\/de\\\/produktpraesentation\\\/hygiene\\\/haushaltsreinigung\\\/reinigungskonzept\\\/textilien-mit-veredelung\\\/\"},{\"@type\":\"ListItem\",\"position\":7,\"name\":\"TEFLON\"}]},{\"@type\":\"WebSite\",\"@id\":\"https:\\\/\\\/bien-etreiris.ch\\\/de\\\/#website\",\"url\":\"https:\\\/\\\/bien-etreiris.ch\\\/de\\\/\",\"name\":\"Bien-\u00eatre Iris\",\"description\":\"IHRE Gesundheit ist uns wichtig\",\"potentialAction\":[{\"@type\":\"SearchAction\",\"target\":{\"@type\":\"EntryPoint\",\"urlTemplate\":\"https:\\\/\\\/bien-etreiris.ch\\\/de\\\/?s={search_term_string}\"},\"query-input\":{\"@type\":\"PropertyValueSpecification\",\"valueRequired\":true,\"valueName\":\"search_term_string\"}}],\"inLanguage\":\"de\"}]}<\/script>\n<!-- \/ Yoast SEO plugin. -->","yoast_head_json":{"title":"TEFLON - WOHLBEFINDEN","robots":{"index":"index","follow":"follow","max-snippet":"max-snippet:-1","max-image-preview":"max-image-preview:large","max-video-preview":"max-video-preview:-1"},"canonical":"https:\/\/bien-etreiris.ch\/de\/produktpraesentation\/hygiene\/haushaltsreinigung\/reinigungskonzept\/textilien-mit-veredelung\/teflon\/","og_locale":"de_DE","og_type":"article","og_title":"TEFLON - WOHLBEFINDEN","og_description":"Conseils g\u00e9n\u00e9raux pour le nettoyage des textiles trait\u00e9s avec Teflon &#x2122; Les textiles trait\u00e9s avec la protection en tissu Teflon &#x2122; ne n\u00e9cessitent aucun soin particulier. Il suffit de suivre les instructions d\u2019entretien du fabricant pour tirer le meilleur parti de la protection du tissu Teflon &#x2122;. Vous trouverez des informations sur le nettoyage des tissus d'ameublement ici. Questions g\u00e9n\u00e9rales:&nbsp;Weiter lesen","og_url":"https:\/\/bien-etreiris.ch\/de\/produktpraesentation\/hygiene\/haushaltsreinigung\/reinigungskonzept\/textilien-mit-veredelung\/teflon\/","og_site_name":"WOHLBEFINDEN","article_publisher":"https:\/\/www.facebook.com\/bienetreiris\/","article_modified_time":"2020-12-01T11:45:19+00:00","og_image":[{"width":450,"height":450,"url":"https:\/\/bien-etreiris.ch\/wp-content\/uploads\/2020\/12\/titel-3.jpg","type":"image\/jpeg"}],"twitter_misc":{"Gesch\u00e4tzte Lesezeit":"2\u00a0Minuten"},"schema":{"@context":"https:\/\/schema.org","@graph":[{"@type":"WebPage","@id":"https:\/\/bien-etreiris.ch\/de\/produktpraesentation\/hygiene\/haushaltsreinigung\/reinigungskonzept\/textilien-mit-veredelung\/teflon\/","url":"https:\/\/bien-etreiris.ch\/de\/produktpraesentation\/hygiene\/haushaltsreinigung\/reinigungskonzept\/textilien-mit-veredelung\/teflon\/","name":"TEFLON - WOHLBEFINDEN","isPartOf":{"@id":"https:\/\/bien-etreiris.ch\/de\/#website"},"primaryImageOfPage":{"@id":"https:\/\/bien-etreiris.ch\/de\/produktpraesentation\/hygiene\/haushaltsreinigung\/reinigungskonzept\/textilien-mit-veredelung\/teflon\/#primaryimage"},"image":{"@id":"https:\/\/bien-etreiris.ch\/de\/produktpraesentation\/hygiene\/haushaltsreinigung\/reinigungskonzept\/textilien-mit-veredelung\/teflon\/#primaryimage"},"thumbnailUrl":"https:\/\/bien-etreiris.ch\/wp-content\/uploads\/2020\/12\/titel-3.jpg","datePublished":"2020-12-01T11:42:06+00:00","dateModified":"2020-12-01T11:45:19+00:00","breadcrumb":{"@id":"https:\/\/bien-etreiris.ch\/de\/produktpraesentation\/hygiene\/haushaltsreinigung\/reinigungskonzept\/textilien-mit-veredelung\/teflon\/#breadcrumb"},"inLanguage":"de","potentialAction":[{"@type":"ReadAction","target":["https:\/\/bien-etreiris.ch\/de\/produktpraesentation\/hygiene\/haushaltsreinigung\/reinigungskonzept\/textilien-mit-veredelung\/teflon\/"]}]},{"@type":"ImageObject","inLanguage":"de","@id":"https:\/\/bien-etreiris.ch\/de\/produktpraesentation\/hygiene\/haushaltsreinigung\/reinigungskonzept\/textilien-mit-veredelung\/teflon\/#primaryimage","url":"https:\/\/bien-etreiris.ch\/wp-content\/uploads\/2020\/12\/titel-3.jpg","contentUrl":"https:\/\/bien-etreiris.ch\/wp-content\/uploads\/2020\/12\/titel-3.jpg","width":450,"height":450},{"@type":"BreadcrumbList","@id":"https:\/\/bien-etreiris.ch\/de\/produktpraesentation\/hygiene\/haushaltsreinigung\/reinigungskonzept\/textilien-mit-veredelung\/teflon\/#breadcrumb","itemListElement":[{"@type":"ListItem","position":1,"name":"Home","item":"https:\/\/bien-etreiris.ch\/de\/"},{"@type":"ListItem","position":2,"name":"PRODUKTPR\u00c4SENTATION","item":"https:\/\/bien-etreiris.ch\/de\/produktpraesentation\/"},{"@type":"ListItem","position":3,"name":"HYGIENE","item":"https:\/\/bien-etreiris.ch\/de\/produktpraesentation\/hygiene\/"},{"@type":"ListItem","position":4,"name":"HAUSHALTSREINIGUNG","item":"https:\/\/bien-etreiris.ch\/de\/produktpraesentation\/hygiene\/haushaltsreinigung\/"},{"@type":"ListItem","position":5,"name":"REINIGUNGSKONZEPT","item":"https:\/\/bien-etreiris.ch\/de\/produktpraesentation\/hygiene\/haushaltsreinigung\/reinigungskonzept\/"},{"@type":"ListItem","position":6,"name":"TEXTILIEN MIT VEREDELUNG","item":"https:\/\/bien-etreiris.ch\/de\/produktpraesentation\/hygiene\/haushaltsreinigung\/reinigungskonzept\/textilien-mit-veredelung\/"},{"@type":"ListItem","position":7,"name":"TEFLON"}]},{"@type":"WebSite","@id":"https:\/\/bien-etreiris.ch\/de\/#website","url":"https:\/\/bien-etreiris.ch\/de\/","name":"Bien-\u00eatre Iris","description":"IHRE Gesundheit ist uns wichtig","potentialAction":[{"@type":"SearchAction","target":{"@type":"EntryPoint","urlTemplate":"https:\/\/bien-etreiris.ch\/de\/?s={search_term_string}"},"query-input":{"@type":"PropertyValueSpecification","valueRequired":true,"valueName":"search_term_string"}}],"inLanguage":"de"}]}},"_links":{"self":[{"href":"https:\/\/bien-etreiris.ch\/de\/wp-json\/wp\/v2\/pages\/35297","targetHints":{"allow":["GET"]}}],"collection":[{"href":"https:\/\/bien-etreiris.ch\/de\/wp-json\/wp\/v2\/pages"}],"about":[{"href":"https:\/\/bien-etreiris.ch\/de\/wp-json\/wp\/v2\/types\/page"}],"author":[{"embeddable":true,"href":"https:\/\/bien-etreiris.ch\/de\/wp-json\/wp\/v2\/users\/1"}],"replies":[{"embeddable":true,"href":"https:\/\/bien-etreiris.ch\/de\/wp-json\/wp\/v2\/comments?post=35297"}],"version-history":[{"count":1,"href":"https:\/\/bien-etreiris.ch\/de\/wp-json\/wp\/v2\/pages\/35297\/revisions"}],"predecessor-version":[{"id":35300,"href":"https:\/\/bien-etreiris.ch\/de\/wp-json\/wp\/v2\/pages\/35297\/revisions\/35300"}],"up":[{"embeddable":true,"href":"https:\/\/bien-etreiris.ch\/de\/wp-json\/wp\/v2\/pages\/48973"}],"wp:featuredmedia":[{"embeddable":true,"href":"https:\/\/bien-etreiris.ch\/de\/wp-json\/wp\/v2\/media\/35295"}],"wp:attachment":[{"href":"https:\/\/bien-etreiris.ch\/de\/wp-json\/wp\/v2\/media?parent=35297"}],"curies":[{"name":"wp","href":"https:\/\/api.w.org\/{rel}","templated":true}]}}