{"id":35288,"date":"2020-12-01T08:39:40","date_gmt":"2020-12-01T08:39:40","guid":{"rendered":"https:\/\/bien-etreiris.ch\/?page_id=35288"},"modified":"2020-12-01T08:39:40","modified_gmt":"2020-12-01T08:39:40","slug":"fibre","status":"publish","type":"page","link":"https:\/\/bien-etreiris.ch\/de\/produktpraesentation\/hygiene\/haushaltsreinigung\/reinigungskonzept\/textilien-mit-veredelung\/fibre\/","title":{"rendered":"FIBRE"},"content":{"rendered":"<div class=\"span12\" data-motopress-wrapper-file=\"page.php\" data-motopress-wrapper-type=\"content\">\n<div class=\"row\">\n<div id=\"content\" class=\"span8 right right\" data-motopress-type=\"loop\" data-motopress-loop-file=\"loop\/loop-page.php\">\n<div id=\"post-18576\" class=\"page post-18576 type-page status-publish has-post-thumbnail hentry\">\n<p><strong>La recette \u00ab haute technologie \u00bb anti-taches<\/strong><\/p>\n<p>La technologie r\u00e9volutionnaire \u00ab anti-taches \u00bb prot\u00e8ge les tissus si\u00e8ge de fa\u00e7on fiable contre les salissures et garantit ainsi que le plaisir trouv\u00e9 aux canap\u00e9s, fauteuils, etc. reste particuli\u00e8rement longtemps. Que ce soit du caf\u00e9, du vin rouge, du stylo \u00e0 bille ou du ketchup \u2013 les taches sont \u00e9limin\u00e9es en toute facilit\u00e9. Avec un peu de l\u2019eau, de savon et un minimum d\u2019effort le tissu FibreGuard r\u00e9appara\u00eet imm\u00e9diatement comme neuf apr\u00e8s avoir subi des petits ou grands malheurs. La collection FibreGuard offre une multitude de dessins et textures diff\u00e9rents. Les tissus sont \u00e9galement tr\u00e8s \u00e9cologiques : Tous les tissus FibreGuard sont certifi\u00e9s Oekotex de sorte qu\u2019ils s\u2019utilisent sans aucun souci dans n\u2019importe quelle pi\u00e8ce.<\/p>\n<figure class=\"wp-block-image is-resized\"><img loading=\"lazy\" decoding=\"async\" src=\"https:\/\/www.jab.de\/medias\/sys_master\/images\/images\/h70\/had\/8809694134302\/img-jab-anstoetz-fabrics-fibre-guard-01.jpg\" alt=\"\" width=\"370\" height=\"265\"><\/figure>\n<p><strong>Acheter des produits<\/strong><\/p>\n<p>A acheter aupr\u00e8s de votre tapissier-d\u00e9corateur ou d\u00e9corateur d\u2019int\u00e9rieurs de votre choix!&nbsp;&nbsp;<\/p>\n<p>&nbsp;&nbsp;&nbsp;&nbsp;&nbsp;&nbsp;&nbsp;&nbsp;&nbsp;&nbsp;&nbsp;&nbsp;&nbsp;&nbsp;&nbsp;&nbsp;&nbsp;&nbsp;&nbsp;&nbsp;&nbsp;&nbsp;&nbsp;&nbsp;&nbsp;&nbsp;&nbsp;&nbsp;&nbsp;&nbsp;&nbsp;&nbsp;&nbsp;&nbsp;&nbsp;&nbsp;&nbsp;&nbsp;&nbsp;&nbsp;&nbsp;&nbsp;&nbsp;&nbsp;&nbsp;&nbsp;&nbsp;&nbsp;&nbsp;&nbsp;&nbsp;&nbsp;&nbsp;&nbsp;&nbsp;&nbsp;&nbsp;&nbsp;&nbsp;&nbsp;&nbsp;&nbsp;&nbsp;&nbsp;&nbsp;&nbsp;&nbsp;&nbsp;&nbsp;&nbsp;&nbsp;&nbsp;&nbsp;&nbsp;&nbsp;&nbsp;&nbsp;&nbsp;&nbsp;&nbsp;&nbsp;&nbsp;&nbsp;&nbsp;&nbsp;&nbsp;&nbsp;&nbsp;&nbsp;&nbsp;&nbsp;&nbsp;&nbsp;&nbsp;&nbsp;&nbsp;&nbsp;&nbsp;&nbsp;&nbsp;&nbsp;&nbsp;&nbsp;&nbsp;&nbsp;&nbsp;&nbsp;&nbsp;&nbsp;&nbsp;&nbsp;&nbsp;&nbsp;&nbsp;&nbsp;&nbsp;&nbsp;&nbsp;&nbsp;&nbsp;&nbsp;&nbsp;&nbsp;&nbsp;&nbsp;&nbsp;&nbsp;&nbsp;&nbsp;&nbsp;&nbsp;&nbsp;&nbsp;&nbsp;&nbsp;&nbsp;&nbsp;&nbsp;&nbsp;&nbsp;&nbsp;&nbsp;&nbsp;&nbsp;&nbsp;&nbsp;&nbsp;&nbsp;&nbsp;&nbsp;&nbsp;&nbsp;&nbsp;&nbsp;&nbsp;&nbsp;&nbsp;&nbsp;&nbsp;&nbsp;&nbsp;&nbsp;&nbsp;&nbsp;&nbsp;&nbsp;&nbsp;&nbsp;&nbsp;&nbsp;&nbsp;&nbsp;&nbsp;&nbsp;&nbsp;&nbsp;&nbsp;&nbsp;&nbsp;&nbsp;&nbsp;&nbsp;&nbsp;&nbsp;&nbsp;&nbsp;&nbsp;&nbsp;&nbsp;&nbsp;&nbsp;&nbsp;&nbsp;&nbsp;&nbsp;&nbsp;&nbsp;&nbsp;&nbsp;&nbsp;&nbsp;&nbsp;&nbsp;&nbsp;&nbsp;&nbsp;&nbsp;&nbsp;&nbsp;&nbsp;&nbsp;&nbsp;&nbsp;&nbsp;&nbsp;&nbsp;&nbsp;&nbsp;&nbsp;&nbsp;&nbsp;&nbsp;&nbsp;&nbsp;&nbsp;&nbsp;&nbsp;&nbsp;&nbsp;&nbsp;&nbsp;&nbsp;&nbsp;&nbsp;&nbsp;&nbsp;&nbsp;&nbsp;&nbsp;&nbsp;&nbsp;&nbsp;&nbsp;&nbsp;&nbsp;&nbsp;&nbsp;&nbsp;&nbsp;&nbsp;&nbsp;&nbsp;&nbsp;&nbsp;&nbsp;&nbsp;&nbsp;&nbsp;&nbsp;&nbsp;&nbsp;&nbsp;&nbsp;&nbsp;&nbsp;&nbsp;&nbsp;&nbsp;&nbsp;&nbsp;&nbsp;&nbsp;&nbsp;&nbsp;&nbsp;&nbsp;&nbsp;<br \/>\n<strong>Quatre avantages pour des tissus d\u2019une beaut\u00e9 durable&nbsp;&nbsp;<\/strong><\/p>\n<p><strong>&nbsp;&nbsp;&nbsp;&nbsp;&nbsp;&nbsp;&nbsp;&nbsp;&nbsp;&nbsp;&nbsp;&nbsp;&nbsp;&nbsp;&nbsp;&nbsp;&nbsp;&nbsp;&nbsp;&nbsp;&nbsp;&nbsp;&nbsp;&nbsp;&nbsp;&nbsp;&nbsp;&nbsp;&nbsp;&nbsp;&nbsp;&nbsp;&nbsp;&nbsp;&nbsp;&nbsp;&nbsp;&nbsp;&nbsp;&nbsp;&nbsp;&nbsp;&nbsp;&nbsp;&nbsp;&nbsp;&nbsp;&nbsp;&nbsp;&nbsp;&nbsp;&nbsp;&nbsp;&nbsp;&nbsp;&nbsp;&nbsp;&nbsp;&nbsp;&nbsp;&nbsp;&nbsp;&nbsp;&nbsp;&nbsp;&nbsp;&nbsp;&nbsp;&nbsp;&nbsp;&nbsp;&nbsp;&nbsp;&nbsp;&nbsp;&nbsp;&nbsp;&nbsp;&nbsp;&nbsp;&nbsp;&nbsp;&nbsp;&nbsp;&nbsp;&nbsp;&nbsp;&nbsp;&nbsp;&nbsp;&nbsp;&nbsp;&nbsp;&nbsp;&nbsp;&nbsp;&nbsp;&nbsp;&nbsp;&nbsp;&nbsp;&nbsp;&nbsp;&nbsp;&nbsp;&nbsp;&nbsp;&nbsp;&nbsp;&nbsp;&nbsp;&nbsp;&nbsp;&nbsp;&nbsp;&nbsp;&nbsp;&nbsp;&nbsp;&nbsp;&nbsp;&nbsp;&nbsp;&nbsp;&nbsp;&nbsp;&nbsp;&nbsp;&nbsp;&nbsp;&nbsp;&nbsp;&nbsp;&nbsp;&nbsp;&nbsp;&nbsp;<\/strong><\/p>\n<p><strong> 1. Nettoyage simple<\/strong> Avec les tissus FibreGuard l\u2019entretien des textiles devient tout facile. Les taches s\u2019\u00e9liminent dans la plupart des cas seulement avec de l\u2019eau. Pour les salissures r\u00e9calcitrantes un savon habituel est encore n\u00e9cessaire.<\/p>\n<p><strong>2. Une qualit\u00e9 excellente<\/strong> Pour garantir des r\u00e9sultats toujours optimaux, les tissus FibreGuard sont test\u00e9s en permanence. Gr\u00e2ce aux hauts standards les textiles certifi\u00e9s Oekotex d\u00e9passent m\u00eame les exigences les plus rigides des instituts ind\u00e9pendants s\u2019il s\u2019agit d\u2019efficacit\u00e9 de nettoyage, de durabilit\u00e9 et d\u2019\u00e9cocompatibilit\u00e9.<\/p>\n<figure class=\"wp-block-image is-resized\"><img loading=\"lazy\" decoding=\"async\" src=\"https:\/\/www.jab.de\/medias\/sys_master\/images\/images\/h64\/h63\/8809694265374\/img-jab-anstoetz-fabrics-fibre-guard-02.jpg\" alt=\"\" width=\"365\" height=\"262\"><\/figure>\n<p><strong>3. De la protection durable<\/strong> La finition FibreGuard est permanente et ne s\u2019affaiblit pas non plus au cours du temps. Cela signifie concr\u00e8tement que les tissus FibreGuard gardent pleinement leurs propri\u00e9t\u00e9s exemptes de taches m\u00eame s\u2019ils sont utilis\u00e9s de fa\u00e7on intensive ou souvent lav\u00e9s <strong>4. Utilisation sans soucis<\/strong> Les tissus FibreGuard sont tr\u00e8s pratiques dans les habitats o\u00f9 vivent de petits enfants ou des animaux. La finition haute technologie r\u00e9siste ann\u00e9es apr\u00e8s ann\u00e9es de la grande quantit\u00e9 de taches que l\u2019on y rencontre naturellement.<\/p>\n<figure class=\"wp-block-image is-resized\"><img loading=\"lazy\" decoding=\"async\" src=\"https:\/\/www.jab.de\/medias\/sys_master\/images\/images\/h75\/h70\/8809694199838\/img-jab-anstoetz-fabrics-fibre-guard-04.jpg\" alt=\"\" width=\"374\" height=\"268\"><\/figure>\n<p><strong>Comment nettoyer les tissus fibreguard<\/strong><\/p>\n<ol>\n<li>Enlever les salissures p\u00e2teuses ou incrust\u00e9es telles que la boue tout d\u2019abord avec une petite cuill\u00e8re.<\/li>\n<li>Donner un peu de l\u2019eau sur la tache et la tamponner doucement avec un chiffon de papier blanc. R\u00e9p\u00e9ter cette proc\u00e9dure jusqu\u2019\u00e0 ce que le chiffon de papier cesse de montrer des changements de couleur. Vous obtiendrez ainsi les meilleurs r\u00e9sultats pour des taches simples.<\/li>\n<li>Pour les salissures r\u00e9calcitrantes imbiber un peu de savon sur la tache apr\u00e8s avoir humidifi\u00e9 le tissu. Puis, la frotter doucement en faisant des mouvements circulants avec un chiffon \u00e0 micro fibres. R\u00e9p\u00e9ter la proc\u00e9dure jusqu\u2019\u00e0 ce que la tache soit pleinement \u00e9limin\u00e9e. Utiliser le savon avec parcimonie et terminer la proc\u00e9dure de nettoyage avec de l\u2019eau pour \u00e9viter que des r\u00e9sidus de savon restent dans le tissu.<\/li>\n<li>Laisser s\u00e9cher le tissu doucement. Renoncer \u00e0 l\u2019emploi de sources de chaleur telles que le fer \u00e0 repasser ou le s\u00e8che-cheveux.<\/li>\n<\/ol>\n<figure class=\"wp-block-embed-youtube wp-block-embed is-type-video is-provider-youtube wp-embed-aspect-16-9 wp-has-aspect-ratio\">\n<div class=\"wp-block-embed__wrapper\"><iframe loading=\"lazy\" src=\"https:\/\/www.youtube.com\/embed\/b3FpAqvXJaA?feature=oembed\" allowfullscreen=\"allowfullscreen\" data-mce-fragment=\"1\" width=\"604\" height=\"340\" frameborder=\"0\"><\/iframe><\/div>\n<\/figure>\n<div class=\"clear\">&nbsp;<\/div>\n<\/div>\n<\/div>\n<div id=\"sidebar\" class=\"span4 sidebar\" data-motopress-type=\"static-sidebar\" data-motopress-sidebar-file=\"sidebar.php\">\n<div id=\"text-4\" class=\"widget\">\n<div class=\"textwidget\">&nbsp;<\/div>\n<\/div>\n<\/div>\n<\/div>\n<\/div>\n","protected":false},"excerpt":{"rendered":"<p>La recette \u00ab haute technologie \u00bb anti-taches La technologie r\u00e9volutionnaire \u00ab anti-taches \u00bb prot\u00e8ge les tissus si\u00e8ge de fa\u00e7on fiable contre les salissures et garantit ainsi que le plaisir trouv\u00e9 aux canap\u00e9s, fauteuils, etc. reste particuli\u00e8rement longtemps. Que ce soit du caf\u00e9, du vin rouge, du stylo \u00e0 bille ou du ketchup \u2013 les taches sont \u00e9limin\u00e9es en toute facilit\u00e9.&nbsp;<a href=\"https:\/\/bien-etreiris.ch\/de\/produktpraesentation\/hygiene\/haushaltsreinigung\/reinigungskonzept\/textilien-mit-veredelung\/fibre\/\" class=\"read-more\">Weiter lesen<\/a><\/p>\n","protected":false},"author":1,"featured_media":18593,"parent":48973,"menu_order":6698,"comment_status":"closed","ping_status":"closed","template":"page-with-child.php","meta":{"_acf_changed":false,"ngg_post_thumbnail":0,"footnotes":""},"class_list":["post-35288","page","type-page","status-publish","has-post-thumbnail","hentry"],"acf":[],"yoast_head":"<!-- This site is optimized with the Yoast SEO plugin v27.5 - https:\/\/yoast.com\/product\/yoast-seo-wordpress\/ -->\n<title>FIBRE - WOHLBEFINDEN<\/title>\n<meta name=\"robots\" content=\"index, follow, max-snippet:-1, max-image-preview:large, max-video-preview:-1\" \/>\n<link rel=\"canonical\" href=\"https:\/\/bien-etreiris.ch\/de\/produktpraesentation\/hygiene\/haushaltsreinigung\/reinigungskonzept\/textilien-mit-veredelung\/fibre\/\" \/>\n<meta property=\"og:locale\" content=\"de_DE\" \/>\n<meta property=\"og:type\" content=\"article\" \/>\n<meta property=\"og:title\" content=\"FIBRE - WOHLBEFINDEN\" \/>\n<meta property=\"og:description\" content=\"La recette \u00ab haute technologie \u00bb anti-taches La technologie r\u00e9volutionnaire \u00ab anti-taches \u00bb prot\u00e8ge les tissus si\u00e8ge de fa\u00e7on fiable contre les salissures et garantit ainsi que le plaisir trouv\u00e9 aux canap\u00e9s, fauteuils, etc. reste particuli\u00e8rement longtemps. Que ce soit du caf\u00e9, du vin rouge, du stylo \u00e0 bille ou du ketchup \u2013 les taches sont \u00e9limin\u00e9es en toute facilit\u00e9.&nbsp;Weiter lesen\" \/>\n<meta property=\"og:url\" content=\"https:\/\/bien-etreiris.ch\/de\/produktpraesentation\/hygiene\/haushaltsreinigung\/reinigungskonzept\/textilien-mit-veredelung\/fibre\/\" \/>\n<meta property=\"og:site_name\" content=\"WOHLBEFINDEN\" \/>\n<meta property=\"article:publisher\" content=\"https:\/\/www.facebook.com\/bienetreiris\/\" \/>\n<meta property=\"og:image\" content=\"https:\/\/bien-etreiris.ch\/wp-content\/uploads\/2019\/05\/titel-15.jpg\" \/>\n\t<meta property=\"og:image:width\" content=\"450\" \/>\n\t<meta property=\"og:image:height\" content=\"220\" \/>\n\t<meta property=\"og:image:type\" content=\"image\/jpeg\" \/>\n<meta name=\"twitter:label1\" content=\"Gesch\u00e4tzte Lesezeit\" \/>\n\t<meta name=\"twitter:data1\" content=\"5\u00a0Minuten\" \/>\n<script type=\"application\/ld+json\" class=\"yoast-schema-graph\">{\"@context\":\"https:\\\/\\\/schema.org\",\"@graph\":[{\"@type\":\"WebPage\",\"@id\":\"https:\\\/\\\/bien-etreiris.ch\\\/de\\\/produktpraesentation\\\/hygiene\\\/haushaltsreinigung\\\/reinigungskonzept\\\/textilien-mit-veredelung\\\/fibre\\\/\",\"url\":\"https:\\\/\\\/bien-etreiris.ch\\\/de\\\/produktpraesentation\\\/hygiene\\\/haushaltsreinigung\\\/reinigungskonzept\\\/textilien-mit-veredelung\\\/fibre\\\/\",\"name\":\"FIBRE - WOHLBEFINDEN\",\"isPartOf\":{\"@id\":\"https:\\\/\\\/bien-etreiris.ch\\\/de\\\/#website\"},\"primaryImageOfPage\":{\"@id\":\"https:\\\/\\\/bien-etreiris.ch\\\/de\\\/produktpraesentation\\\/hygiene\\\/haushaltsreinigung\\\/reinigungskonzept\\\/textilien-mit-veredelung\\\/fibre\\\/#primaryimage\"},\"image\":{\"@id\":\"https:\\\/\\\/bien-etreiris.ch\\\/de\\\/produktpraesentation\\\/hygiene\\\/haushaltsreinigung\\\/reinigungskonzept\\\/textilien-mit-veredelung\\\/fibre\\\/#primaryimage\"},\"thumbnailUrl\":\"https:\\\/\\\/bien-etreiris.ch\\\/wp-content\\\/uploads\\\/2019\\\/05\\\/titel-15.jpg\",\"datePublished\":\"2020-12-01T08:39:40+00:00\",\"breadcrumb\":{\"@id\":\"https:\\\/\\\/bien-etreiris.ch\\\/de\\\/produktpraesentation\\\/hygiene\\\/haushaltsreinigung\\\/reinigungskonzept\\\/textilien-mit-veredelung\\\/fibre\\\/#breadcrumb\"},\"inLanguage\":\"de\",\"potentialAction\":[{\"@type\":\"ReadAction\",\"target\":[\"https:\\\/\\\/bien-etreiris.ch\\\/de\\\/produktpraesentation\\\/hygiene\\\/haushaltsreinigung\\\/reinigungskonzept\\\/textilien-mit-veredelung\\\/fibre\\\/\"]}]},{\"@type\":\"ImageObject\",\"inLanguage\":\"de\",\"@id\":\"https:\\\/\\\/bien-etreiris.ch\\\/de\\\/produktpraesentation\\\/hygiene\\\/haushaltsreinigung\\\/reinigungskonzept\\\/textilien-mit-veredelung\\\/fibre\\\/#primaryimage\",\"url\":\"https:\\\/\\\/bien-etreiris.ch\\\/wp-content\\\/uploads\\\/2019\\\/05\\\/titel-15.jpg\",\"contentUrl\":\"https:\\\/\\\/bien-etreiris.ch\\\/wp-content\\\/uploads\\\/2019\\\/05\\\/titel-15.jpg\",\"width\":450,\"height\":220},{\"@type\":\"BreadcrumbList\",\"@id\":\"https:\\\/\\\/bien-etreiris.ch\\\/de\\\/produktpraesentation\\\/hygiene\\\/haushaltsreinigung\\\/reinigungskonzept\\\/textilien-mit-veredelung\\\/fibre\\\/#breadcrumb\",\"itemListElement\":[{\"@type\":\"ListItem\",\"position\":1,\"name\":\"Home\",\"item\":\"https:\\\/\\\/bien-etreiris.ch\\\/de\\\/\"},{\"@type\":\"ListItem\",\"position\":2,\"name\":\"PRODUKTPR\u00c4SENTATION\",\"item\":\"https:\\\/\\\/bien-etreiris.ch\\\/de\\\/produktpraesentation\\\/\"},{\"@type\":\"ListItem\",\"position\":3,\"name\":\"HYGIENE\",\"item\":\"https:\\\/\\\/bien-etreiris.ch\\\/de\\\/produktpraesentation\\\/hygiene\\\/\"},{\"@type\":\"ListItem\",\"position\":4,\"name\":\"HAUSHALTSREINIGUNG\",\"item\":\"https:\\\/\\\/bien-etreiris.ch\\\/de\\\/produktpraesentation\\\/hygiene\\\/haushaltsreinigung\\\/\"},{\"@type\":\"ListItem\",\"position\":5,\"name\":\"REINIGUNGSKONZEPT\",\"item\":\"https:\\\/\\\/bien-etreiris.ch\\\/de\\\/produktpraesentation\\\/hygiene\\\/haushaltsreinigung\\\/reinigungskonzept\\\/\"},{\"@type\":\"ListItem\",\"position\":6,\"name\":\"TEXTILIEN MIT VEREDELUNG\",\"item\":\"https:\\\/\\\/bien-etreiris.ch\\\/de\\\/produktpraesentation\\\/hygiene\\\/haushaltsreinigung\\\/reinigungskonzept\\\/textilien-mit-veredelung\\\/\"},{\"@type\":\"ListItem\",\"position\":7,\"name\":\"FIBRE\"}]},{\"@type\":\"WebSite\",\"@id\":\"https:\\\/\\\/bien-etreiris.ch\\\/de\\\/#website\",\"url\":\"https:\\\/\\\/bien-etreiris.ch\\\/de\\\/\",\"name\":\"Bien-\u00eatre Iris\",\"description\":\"IHRE Gesundheit ist uns wichtig\",\"potentialAction\":[{\"@type\":\"SearchAction\",\"target\":{\"@type\":\"EntryPoint\",\"urlTemplate\":\"https:\\\/\\\/bien-etreiris.ch\\\/de\\\/?s={search_term_string}\"},\"query-input\":{\"@type\":\"PropertyValueSpecification\",\"valueRequired\":true,\"valueName\":\"search_term_string\"}}],\"inLanguage\":\"de\"}]}<\/script>\n<!-- \/ Yoast SEO plugin. -->","yoast_head_json":{"title":"FIBRE - WOHLBEFINDEN","robots":{"index":"index","follow":"follow","max-snippet":"max-snippet:-1","max-image-preview":"max-image-preview:large","max-video-preview":"max-video-preview:-1"},"canonical":"https:\/\/bien-etreiris.ch\/de\/produktpraesentation\/hygiene\/haushaltsreinigung\/reinigungskonzept\/textilien-mit-veredelung\/fibre\/","og_locale":"de_DE","og_type":"article","og_title":"FIBRE - WOHLBEFINDEN","og_description":"La recette \u00ab haute technologie \u00bb anti-taches La technologie r\u00e9volutionnaire \u00ab anti-taches \u00bb prot\u00e8ge les tissus si\u00e8ge de fa\u00e7on fiable contre les salissures et garantit ainsi que le plaisir trouv\u00e9 aux canap\u00e9s, fauteuils, etc. reste particuli\u00e8rement longtemps. Que ce soit du caf\u00e9, du vin rouge, du stylo \u00e0 bille ou du ketchup \u2013 les taches sont \u00e9limin\u00e9es en toute facilit\u00e9.&nbsp;Weiter lesen","og_url":"https:\/\/bien-etreiris.ch\/de\/produktpraesentation\/hygiene\/haushaltsreinigung\/reinigungskonzept\/textilien-mit-veredelung\/fibre\/","og_site_name":"WOHLBEFINDEN","article_publisher":"https:\/\/www.facebook.com\/bienetreiris\/","og_image":[{"width":450,"height":220,"url":"https:\/\/bien-etreiris.ch\/wp-content\/uploads\/2019\/05\/titel-15.jpg","type":"image\/jpeg"}],"twitter_misc":{"Gesch\u00e4tzte Lesezeit":"5\u00a0Minuten"},"schema":{"@context":"https:\/\/schema.org","@graph":[{"@type":"WebPage","@id":"https:\/\/bien-etreiris.ch\/de\/produktpraesentation\/hygiene\/haushaltsreinigung\/reinigungskonzept\/textilien-mit-veredelung\/fibre\/","url":"https:\/\/bien-etreiris.ch\/de\/produktpraesentation\/hygiene\/haushaltsreinigung\/reinigungskonzept\/textilien-mit-veredelung\/fibre\/","name":"FIBRE - WOHLBEFINDEN","isPartOf":{"@id":"https:\/\/bien-etreiris.ch\/de\/#website"},"primaryImageOfPage":{"@id":"https:\/\/bien-etreiris.ch\/de\/produktpraesentation\/hygiene\/haushaltsreinigung\/reinigungskonzept\/textilien-mit-veredelung\/fibre\/#primaryimage"},"image":{"@id":"https:\/\/bien-etreiris.ch\/de\/produktpraesentation\/hygiene\/haushaltsreinigung\/reinigungskonzept\/textilien-mit-veredelung\/fibre\/#primaryimage"},"thumbnailUrl":"https:\/\/bien-etreiris.ch\/wp-content\/uploads\/2019\/05\/titel-15.jpg","datePublished":"2020-12-01T08:39:40+00:00","breadcrumb":{"@id":"https:\/\/bien-etreiris.ch\/de\/produktpraesentation\/hygiene\/haushaltsreinigung\/reinigungskonzept\/textilien-mit-veredelung\/fibre\/#breadcrumb"},"inLanguage":"de","potentialAction":[{"@type":"ReadAction","target":["https:\/\/bien-etreiris.ch\/de\/produktpraesentation\/hygiene\/haushaltsreinigung\/reinigungskonzept\/textilien-mit-veredelung\/fibre\/"]}]},{"@type":"ImageObject","inLanguage":"de","@id":"https:\/\/bien-etreiris.ch\/de\/produktpraesentation\/hygiene\/haushaltsreinigung\/reinigungskonzept\/textilien-mit-veredelung\/fibre\/#primaryimage","url":"https:\/\/bien-etreiris.ch\/wp-content\/uploads\/2019\/05\/titel-15.jpg","contentUrl":"https:\/\/bien-etreiris.ch\/wp-content\/uploads\/2019\/05\/titel-15.jpg","width":450,"height":220},{"@type":"BreadcrumbList","@id":"https:\/\/bien-etreiris.ch\/de\/produktpraesentation\/hygiene\/haushaltsreinigung\/reinigungskonzept\/textilien-mit-veredelung\/fibre\/#breadcrumb","itemListElement":[{"@type":"ListItem","position":1,"name":"Home","item":"https:\/\/bien-etreiris.ch\/de\/"},{"@type":"ListItem","position":2,"name":"PRODUKTPR\u00c4SENTATION","item":"https:\/\/bien-etreiris.ch\/de\/produktpraesentation\/"},{"@type":"ListItem","position":3,"name":"HYGIENE","item":"https:\/\/bien-etreiris.ch\/de\/produktpraesentation\/hygiene\/"},{"@type":"ListItem","position":4,"name":"HAUSHALTSREINIGUNG","item":"https:\/\/bien-etreiris.ch\/de\/produktpraesentation\/hygiene\/haushaltsreinigung\/"},{"@type":"ListItem","position":5,"name":"REINIGUNGSKONZEPT","item":"https:\/\/bien-etreiris.ch\/de\/produktpraesentation\/hygiene\/haushaltsreinigung\/reinigungskonzept\/"},{"@type":"ListItem","position":6,"name":"TEXTILIEN MIT VEREDELUNG","item":"https:\/\/bien-etreiris.ch\/de\/produktpraesentation\/hygiene\/haushaltsreinigung\/reinigungskonzept\/textilien-mit-veredelung\/"},{"@type":"ListItem","position":7,"name":"FIBRE"}]},{"@type":"WebSite","@id":"https:\/\/bien-etreiris.ch\/de\/#website","url":"https:\/\/bien-etreiris.ch\/de\/","name":"Bien-\u00eatre Iris","description":"IHRE Gesundheit ist uns wichtig","potentialAction":[{"@type":"SearchAction","target":{"@type":"EntryPoint","urlTemplate":"https:\/\/bien-etreiris.ch\/de\/?s={search_term_string}"},"query-input":{"@type":"PropertyValueSpecification","valueRequired":true,"valueName":"search_term_string"}}],"inLanguage":"de"}]}},"_links":{"self":[{"href":"https:\/\/bien-etreiris.ch\/de\/wp-json\/wp\/v2\/pages\/35288","targetHints":{"allow":["GET"]}}],"collection":[{"href":"https:\/\/bien-etreiris.ch\/de\/wp-json\/wp\/v2\/pages"}],"about":[{"href":"https:\/\/bien-etreiris.ch\/de\/wp-json\/wp\/v2\/types\/page"}],"author":[{"embeddable":true,"href":"https:\/\/bien-etreiris.ch\/de\/wp-json\/wp\/v2\/users\/1"}],"replies":[{"embeddable":true,"href":"https:\/\/bien-etreiris.ch\/de\/wp-json\/wp\/v2\/comments?post=35288"}],"version-history":[{"count":1,"href":"https:\/\/bien-etreiris.ch\/de\/wp-json\/wp\/v2\/pages\/35288\/revisions"}],"predecessor-version":[{"id":35291,"href":"https:\/\/bien-etreiris.ch\/de\/wp-json\/wp\/v2\/pages\/35288\/revisions\/35291"}],"up":[{"embeddable":true,"href":"https:\/\/bien-etreiris.ch\/de\/wp-json\/wp\/v2\/pages\/48973"}],"wp:featuredmedia":[{"embeddable":true,"href":"https:\/\/bien-etreiris.ch\/de\/wp-json\/wp\/v2\/media\/18593"}],"wp:attachment":[{"href":"https:\/\/bien-etreiris.ch\/de\/wp-json\/wp\/v2\/media?parent=35288"}],"curies":[{"name":"wp","href":"https:\/\/api.w.org\/{rel}","templated":true}]}}