{"id":35222,"date":"2020-12-01T07:30:17","date_gmt":"2020-12-01T07:30:17","guid":{"rendered":"https:\/\/bien-etreiris.ch\/?page_id=35222"},"modified":"2021-06-02T15:41:19","modified_gmt":"2021-06-02T13:41:19","slug":"aehnlich-wie-leder","status":"publish","type":"page","link":"https:\/\/bien-etreiris.ch\/de\/produktpraesentation\/hygiene\/haushaltsreinigung\/reinigungskonzept\/leder-und-aehnliches\/aehnlich-wie-leder\/","title":{"rendered":"\u00c4HNLICH WIE LEDER"},"content":{"rendered":"<h2>\u00c4HNLICH WIE LEDER<\/h2>\n<p>Kunstleder wird auch als Skai, Vinyl, Kunstleder, Pelliccia Artificiale oder Piel Artificial bezeichnet. Auf dem Etikett steht folgende Information: \"Polyamid\" oder \"Polyester\" sind sehr pflegeleicht. Bei regelm\u00e4\u00dfiger und richtiger Pflege wird das Produkt viele Jahre lang gro\u00dfe Freude bereiten.<\/p>\n<p>Zur regelm\u00e4\u00dfigen Reinigung gen\u00fcgt es, das Kunstleder mit einem handels\u00fcblichen Baumwolltuch oder einer weichen B\u00fcrste, beides leicht angefeuchtet, abzuwischen. Bei starker Verschmutzung k\u00f6nnen Sie auch eine leichte Seifenlauge mit neutralem pH-Wert verwenden, wobei Sie die vom Hersteller angegebene Dosierung genau beachten und das Produkt vorher an einer unauff\u00e4lligen Stelle testen sollten. Sp\u00fclen Sie die R\u00fcckst\u00e4nde des Reinigungsmittels mit warmem Wasser ab und trocknen Sie sie mit einem weichen Tuch.<\/p>\n<p>&nbsp;<\/p>\n<p>Ne pas utiliser :<\/p>\n<ul style=\"list-style-type: disc;\">\n<li>alcool pur<\/li>\n<li>ac\u00e9tone&nbsp;<\/li>\n<li>d\u00e9tergents puissants<\/li>\n<li>&nbsp;nettoyants solvants&nbsp;<\/li>\n<li>vernis<\/li>\n<li>cire<\/li>\n<\/ul>\n<p>&nbsp;<\/p>\n<p>Les taches d'huile, de graisse, de caf\u00e9 ou d'encre, ainsi que les t\u00e2ches provoqu\u00e9es par la d\u00e9coloration de textiles teints, doivent \u00eatre imm\u00e9diatement \u00e9limin\u00e9es afin d'\u00e9viter qu'elles ne p\u00e9n\u00e8trent dans la mati\u00e8re qui ne supporte pas le nettoyage chimique \u00e0 sec.<\/p>\n<p>Nos produit en vente:<\/p>\n","protected":false},"excerpt":{"rendered":"<p>\u00c4HNLICH WIE LEDER Kunstleder wird auch als Skai, Vinyl, Kunstleder, Pelliccia Artificiale oder Piel Artificial bezeichnet. Auf dem Etikett steht folgende Information: \"Polyamid\" oder \"Polyester\" sind sehr pflegeleicht. Bei regelm\u00e4\u00dfiger und richtiger Pflege wird das Produkt viele Jahre lang gro\u00dfe Freude bereiten. Zur regelm\u00e4\u00dfigen Reinigung gen\u00fcgt es, das Kunstleder mit einem handels\u00fcblichen Baumwolltuch oder einer weichen B\u00fcrste, beides leicht angefeuchtet,&nbsp;<a href=\"https:\/\/bien-etreiris.ch\/de\/produktpraesentation\/hygiene\/haushaltsreinigung\/reinigungskonzept\/leder-und-aehnliches\/aehnlich-wie-leder\/\" class=\"read-more\">Weiter lesen<\/a><\/p>\n","protected":false},"author":1,"featured_media":35219,"parent":48978,"menu_order":6701,"comment_status":"closed","ping_status":"closed","template":"page-with-child.php","meta":{"_acf_changed":false,"ngg_post_thumbnail":0,"footnotes":""},"class_list":["post-35222","page","type-page","status-publish","has-post-thumbnail","hentry"],"acf":[],"yoast_head":"<!-- This site is optimized with the Yoast SEO plugin v27.5 - https:\/\/yoast.com\/product\/yoast-seo-wordpress\/ -->\n<title>\u00c4HNLICH WIE LEDER - WOHLBEFINDEN<\/title>\n<meta name=\"robots\" content=\"index, follow, max-snippet:-1, max-image-preview:large, max-video-preview:-1\" \/>\n<link rel=\"canonical\" href=\"https:\/\/bien-etreiris.ch\/de\/produktpraesentation\/hygiene\/haushaltsreinigung\/reinigungskonzept\/leder-und-aehnliches\/aehnlich-wie-leder\/\" \/>\n<meta property=\"og:locale\" content=\"de_DE\" \/>\n<meta property=\"og:type\" content=\"article\" \/>\n<meta property=\"og:title\" content=\"\u00c4HNLICH WIE LEDER - WOHLBEFINDEN\" \/>\n<meta property=\"og:description\" content=\"\u00c4HNLICH WIE LEDER Kunstleder wird auch als Skai, Vinyl, Kunstleder, Pelliccia Artificiale oder Piel Artificial bezeichnet. Auf dem Etikett steht folgende Information: &quot;Polyamid&quot; oder &quot;Polyester&quot; sind sehr pflegeleicht. Bei regelm\u00e4\u00dfiger und richtiger Pflege wird das Produkt viele Jahre lang gro\u00dfe Freude bereiten. Zur regelm\u00e4\u00dfigen Reinigung gen\u00fcgt es, das Kunstleder mit einem handels\u00fcblichen Baumwolltuch oder einer weichen B\u00fcrste, beides leicht angefeuchtet,&nbsp;Weiter lesen\" \/>\n<meta property=\"og:url\" content=\"https:\/\/bien-etreiris.ch\/de\/produktpraesentation\/hygiene\/haushaltsreinigung\/reinigungskonzept\/leder-und-aehnliches\/aehnlich-wie-leder\/\" \/>\n<meta property=\"og:site_name\" content=\"WOHLBEFINDEN\" \/>\n<meta property=\"article:publisher\" content=\"https:\/\/www.facebook.com\/bienetreiris\/\" \/>\n<meta property=\"article:modified_time\" content=\"2021-06-02T13:41:19+00:00\" \/>\n<meta property=\"og:image\" content=\"https:\/\/bien-etreiris.ch\/wp-content\/uploads\/2020\/12\/titel-similaire-en-cuir.jpg\" \/>\n\t<meta property=\"og:image:width\" content=\"640\" \/>\n\t<meta property=\"og:image:height\" content=\"394\" \/>\n\t<meta property=\"og:image:type\" content=\"image\/jpeg\" \/>\n<meta name=\"twitter:label1\" content=\"Gesch\u00e4tzte Lesezeit\" \/>\n\t<meta name=\"twitter:data1\" content=\"1\u00a0Minute\" \/>\n<script type=\"application\/ld+json\" class=\"yoast-schema-graph\">{\"@context\":\"https:\\\/\\\/schema.org\",\"@graph\":[{\"@type\":\"WebPage\",\"@id\":\"https:\\\/\\\/bien-etreiris.ch\\\/de\\\/produktpraesentation\\\/hygiene\\\/haushaltsreinigung\\\/reinigungskonzept\\\/leder-und-aehnliches\\\/aehnlich-wie-leder\\\/\",\"url\":\"https:\\\/\\\/bien-etreiris.ch\\\/de\\\/produktpraesentation\\\/hygiene\\\/haushaltsreinigung\\\/reinigungskonzept\\\/leder-und-aehnliches\\\/aehnlich-wie-leder\\\/\",\"name\":\"\u00c4HNLICH WIE LEDER - WOHLBEFINDEN\",\"isPartOf\":{\"@id\":\"https:\\\/\\\/bien-etreiris.ch\\\/de\\\/#website\"},\"primaryImageOfPage\":{\"@id\":\"https:\\\/\\\/bien-etreiris.ch\\\/de\\\/produktpraesentation\\\/hygiene\\\/haushaltsreinigung\\\/reinigungskonzept\\\/leder-und-aehnliches\\\/aehnlich-wie-leder\\\/#primaryimage\"},\"image\":{\"@id\":\"https:\\\/\\\/bien-etreiris.ch\\\/de\\\/produktpraesentation\\\/hygiene\\\/haushaltsreinigung\\\/reinigungskonzept\\\/leder-und-aehnliches\\\/aehnlich-wie-leder\\\/#primaryimage\"},\"thumbnailUrl\":\"https:\\\/\\\/bien-etreiris.ch\\\/wp-content\\\/uploads\\\/2020\\\/12\\\/titel-similaire-en-cuir.jpg\",\"datePublished\":\"2020-12-01T07:30:17+00:00\",\"dateModified\":\"2021-06-02T13:41:19+00:00\",\"breadcrumb\":{\"@id\":\"https:\\\/\\\/bien-etreiris.ch\\\/de\\\/produktpraesentation\\\/hygiene\\\/haushaltsreinigung\\\/reinigungskonzept\\\/leder-und-aehnliches\\\/aehnlich-wie-leder\\\/#breadcrumb\"},\"inLanguage\":\"de\",\"potentialAction\":[{\"@type\":\"ReadAction\",\"target\":[\"https:\\\/\\\/bien-etreiris.ch\\\/de\\\/produktpraesentation\\\/hygiene\\\/haushaltsreinigung\\\/reinigungskonzept\\\/leder-und-aehnliches\\\/aehnlich-wie-leder\\\/\"]}]},{\"@type\":\"ImageObject\",\"inLanguage\":\"de\",\"@id\":\"https:\\\/\\\/bien-etreiris.ch\\\/de\\\/produktpraesentation\\\/hygiene\\\/haushaltsreinigung\\\/reinigungskonzept\\\/leder-und-aehnliches\\\/aehnlich-wie-leder\\\/#primaryimage\",\"url\":\"https:\\\/\\\/bien-etreiris.ch\\\/wp-content\\\/uploads\\\/2020\\\/12\\\/titel-similaire-en-cuir.jpg\",\"contentUrl\":\"https:\\\/\\\/bien-etreiris.ch\\\/wp-content\\\/uploads\\\/2020\\\/12\\\/titel-similaire-en-cuir.jpg\",\"width\":640,\"height\":394},{\"@type\":\"BreadcrumbList\",\"@id\":\"https:\\\/\\\/bien-etreiris.ch\\\/de\\\/produktpraesentation\\\/hygiene\\\/haushaltsreinigung\\\/reinigungskonzept\\\/leder-und-aehnliches\\\/aehnlich-wie-leder\\\/#breadcrumb\",\"itemListElement\":[{\"@type\":\"ListItem\",\"position\":1,\"name\":\"Home\",\"item\":\"https:\\\/\\\/bien-etreiris.ch\\\/de\\\/\"},{\"@type\":\"ListItem\",\"position\":2,\"name\":\"PRODUKTPR\u00c4SENTATION\",\"item\":\"https:\\\/\\\/bien-etreiris.ch\\\/de\\\/produktpraesentation\\\/\"},{\"@type\":\"ListItem\",\"position\":3,\"name\":\"HYGIENE\",\"item\":\"https:\\\/\\\/bien-etreiris.ch\\\/de\\\/produktpraesentation\\\/hygiene\\\/\"},{\"@type\":\"ListItem\",\"position\":4,\"name\":\"HAUSHALTSREINIGUNG\",\"item\":\"https:\\\/\\\/bien-etreiris.ch\\\/de\\\/produktpraesentation\\\/hygiene\\\/haushaltsreinigung\\\/\"},{\"@type\":\"ListItem\",\"position\":5,\"name\":\"REINIGUNGSKONZEPT\",\"item\":\"https:\\\/\\\/bien-etreiris.ch\\\/de\\\/produktpraesentation\\\/hygiene\\\/haushaltsreinigung\\\/reinigungskonzept\\\/\"},{\"@type\":\"ListItem\",\"position\":6,\"name\":\"LEDER UND \u00c4HNLICHES\",\"item\":\"https:\\\/\\\/bien-etreiris.ch\\\/de\\\/produktpraesentation\\\/hygiene\\\/haushaltsreinigung\\\/reinigungskonzept\\\/leder-und-aehnliches\\\/\"},{\"@type\":\"ListItem\",\"position\":7,\"name\":\"\u00c4HNLICH WIE LEDER\"}]},{\"@type\":\"WebSite\",\"@id\":\"https:\\\/\\\/bien-etreiris.ch\\\/de\\\/#website\",\"url\":\"https:\\\/\\\/bien-etreiris.ch\\\/de\\\/\",\"name\":\"Bien-\u00eatre Iris\",\"description\":\"IHRE Gesundheit ist uns wichtig\",\"potentialAction\":[{\"@type\":\"SearchAction\",\"target\":{\"@type\":\"EntryPoint\",\"urlTemplate\":\"https:\\\/\\\/bien-etreiris.ch\\\/de\\\/?s={search_term_string}\"},\"query-input\":{\"@type\":\"PropertyValueSpecification\",\"valueRequired\":true,\"valueName\":\"search_term_string\"}}],\"inLanguage\":\"de\"}]}<\/script>\n<!-- \/ Yoast SEO plugin. -->","yoast_head_json":{"title":"\u00c4HNLICH WIE LEDER - WOHLBEFINDEN","robots":{"index":"index","follow":"follow","max-snippet":"max-snippet:-1","max-image-preview":"max-image-preview:large","max-video-preview":"max-video-preview:-1"},"canonical":"https:\/\/bien-etreiris.ch\/de\/produktpraesentation\/hygiene\/haushaltsreinigung\/reinigungskonzept\/leder-und-aehnliches\/aehnlich-wie-leder\/","og_locale":"de_DE","og_type":"article","og_title":"\u00c4HNLICH WIE LEDER - WOHLBEFINDEN","og_description":"\u00c4HNLICH WIE LEDER Kunstleder wird auch als Skai, Vinyl, Kunstleder, Pelliccia Artificiale oder Piel Artificial bezeichnet. Auf dem Etikett steht folgende Information: \"Polyamid\" oder \"Polyester\" sind sehr pflegeleicht. Bei regelm\u00e4\u00dfiger und richtiger Pflege wird das Produkt viele Jahre lang gro\u00dfe Freude bereiten. Zur regelm\u00e4\u00dfigen Reinigung gen\u00fcgt es, das Kunstleder mit einem handels\u00fcblichen Baumwolltuch oder einer weichen B\u00fcrste, beides leicht angefeuchtet,&nbsp;Weiter lesen","og_url":"https:\/\/bien-etreiris.ch\/de\/produktpraesentation\/hygiene\/haushaltsreinigung\/reinigungskonzept\/leder-und-aehnliches\/aehnlich-wie-leder\/","og_site_name":"WOHLBEFINDEN","article_publisher":"https:\/\/www.facebook.com\/bienetreiris\/","article_modified_time":"2021-06-02T13:41:19+00:00","og_image":[{"width":640,"height":394,"url":"https:\/\/bien-etreiris.ch\/wp-content\/uploads\/2020\/12\/titel-similaire-en-cuir.jpg","type":"image\/jpeg"}],"twitter_misc":{"Gesch\u00e4tzte Lesezeit":"1\u00a0Minute"},"schema":{"@context":"https:\/\/schema.org","@graph":[{"@type":"WebPage","@id":"https:\/\/bien-etreiris.ch\/de\/produktpraesentation\/hygiene\/haushaltsreinigung\/reinigungskonzept\/leder-und-aehnliches\/aehnlich-wie-leder\/","url":"https:\/\/bien-etreiris.ch\/de\/produktpraesentation\/hygiene\/haushaltsreinigung\/reinigungskonzept\/leder-und-aehnliches\/aehnlich-wie-leder\/","name":"\u00c4HNLICH WIE LEDER - WOHLBEFINDEN","isPartOf":{"@id":"https:\/\/bien-etreiris.ch\/de\/#website"},"primaryImageOfPage":{"@id":"https:\/\/bien-etreiris.ch\/de\/produktpraesentation\/hygiene\/haushaltsreinigung\/reinigungskonzept\/leder-und-aehnliches\/aehnlich-wie-leder\/#primaryimage"},"image":{"@id":"https:\/\/bien-etreiris.ch\/de\/produktpraesentation\/hygiene\/haushaltsreinigung\/reinigungskonzept\/leder-und-aehnliches\/aehnlich-wie-leder\/#primaryimage"},"thumbnailUrl":"https:\/\/bien-etreiris.ch\/wp-content\/uploads\/2020\/12\/titel-similaire-en-cuir.jpg","datePublished":"2020-12-01T07:30:17+00:00","dateModified":"2021-06-02T13:41:19+00:00","breadcrumb":{"@id":"https:\/\/bien-etreiris.ch\/de\/produktpraesentation\/hygiene\/haushaltsreinigung\/reinigungskonzept\/leder-und-aehnliches\/aehnlich-wie-leder\/#breadcrumb"},"inLanguage":"de","potentialAction":[{"@type":"ReadAction","target":["https:\/\/bien-etreiris.ch\/de\/produktpraesentation\/hygiene\/haushaltsreinigung\/reinigungskonzept\/leder-und-aehnliches\/aehnlich-wie-leder\/"]}]},{"@type":"ImageObject","inLanguage":"de","@id":"https:\/\/bien-etreiris.ch\/de\/produktpraesentation\/hygiene\/haushaltsreinigung\/reinigungskonzept\/leder-und-aehnliches\/aehnlich-wie-leder\/#primaryimage","url":"https:\/\/bien-etreiris.ch\/wp-content\/uploads\/2020\/12\/titel-similaire-en-cuir.jpg","contentUrl":"https:\/\/bien-etreiris.ch\/wp-content\/uploads\/2020\/12\/titel-similaire-en-cuir.jpg","width":640,"height":394},{"@type":"BreadcrumbList","@id":"https:\/\/bien-etreiris.ch\/de\/produktpraesentation\/hygiene\/haushaltsreinigung\/reinigungskonzept\/leder-und-aehnliches\/aehnlich-wie-leder\/#breadcrumb","itemListElement":[{"@type":"ListItem","position":1,"name":"Home","item":"https:\/\/bien-etreiris.ch\/de\/"},{"@type":"ListItem","position":2,"name":"PRODUKTPR\u00c4SENTATION","item":"https:\/\/bien-etreiris.ch\/de\/produktpraesentation\/"},{"@type":"ListItem","position":3,"name":"HYGIENE","item":"https:\/\/bien-etreiris.ch\/de\/produktpraesentation\/hygiene\/"},{"@type":"ListItem","position":4,"name":"HAUSHALTSREINIGUNG","item":"https:\/\/bien-etreiris.ch\/de\/produktpraesentation\/hygiene\/haushaltsreinigung\/"},{"@type":"ListItem","position":5,"name":"REINIGUNGSKONZEPT","item":"https:\/\/bien-etreiris.ch\/de\/produktpraesentation\/hygiene\/haushaltsreinigung\/reinigungskonzept\/"},{"@type":"ListItem","position":6,"name":"LEDER UND \u00c4HNLICHES","item":"https:\/\/bien-etreiris.ch\/de\/produktpraesentation\/hygiene\/haushaltsreinigung\/reinigungskonzept\/leder-und-aehnliches\/"},{"@type":"ListItem","position":7,"name":"\u00c4HNLICH WIE LEDER"}]},{"@type":"WebSite","@id":"https:\/\/bien-etreiris.ch\/de\/#website","url":"https:\/\/bien-etreiris.ch\/de\/","name":"Bien-\u00eatre Iris","description":"IHRE Gesundheit ist uns wichtig","potentialAction":[{"@type":"SearchAction","target":{"@type":"EntryPoint","urlTemplate":"https:\/\/bien-etreiris.ch\/de\/?s={search_term_string}"},"query-input":{"@type":"PropertyValueSpecification","valueRequired":true,"valueName":"search_term_string"}}],"inLanguage":"de"}]}},"_links":{"self":[{"href":"https:\/\/bien-etreiris.ch\/de\/wp-json\/wp\/v2\/pages\/35222","targetHints":{"allow":["GET"]}}],"collection":[{"href":"https:\/\/bien-etreiris.ch\/de\/wp-json\/wp\/v2\/pages"}],"about":[{"href":"https:\/\/bien-etreiris.ch\/de\/wp-json\/wp\/v2\/types\/page"}],"author":[{"embeddable":true,"href":"https:\/\/bien-etreiris.ch\/de\/wp-json\/wp\/v2\/users\/1"}],"replies":[{"embeddable":true,"href":"https:\/\/bien-etreiris.ch\/de\/wp-json\/wp\/v2\/comments?post=35222"}],"version-history":[{"count":4,"href":"https:\/\/bien-etreiris.ch\/de\/wp-json\/wp\/v2\/pages\/35222\/revisions"}],"predecessor-version":[{"id":49006,"href":"https:\/\/bien-etreiris.ch\/de\/wp-json\/wp\/v2\/pages\/35222\/revisions\/49006"}],"up":[{"embeddable":true,"href":"https:\/\/bien-etreiris.ch\/de\/wp-json\/wp\/v2\/pages\/48978"}],"wp:featuredmedia":[{"embeddable":true,"href":"https:\/\/bien-etreiris.ch\/de\/wp-json\/wp\/v2\/media\/35219"}],"wp:attachment":[{"href":"https:\/\/bien-etreiris.ch\/de\/wp-json\/wp\/v2\/media?parent=35222"}],"curies":[{"name":"wp","href":"https:\/\/api.w.org\/{rel}","templated":true}]}}