{"id":35200,"date":"2020-12-01T07:22:02","date_gmt":"2020-12-01T07:22:02","guid":{"rendered":"https:\/\/bien-etreiris.ch\/?page_id=35200"},"modified":"2021-07-12T09:11:57","modified_gmt":"2021-07-12T07:11:57","slug":"moebelleder-pflegen","status":"publish","type":"page","link":"https:\/\/bien-etreiris.ch\/de\/produktpraesentation\/hygiene\/haushaltsreinigung\/reinigungskonzept\/leder-und-aehnliches\/moebelleder-pflegen\/","title":{"rendered":"M\u00d6BELLEDER PFLEGEN"},"content":{"rendered":"\n<h2 class=\"wp-block-heading\">So bleibt Ihr Leder lange sch\u00f6n<\/h2>\n\n\n\n<p>Bei regelm\u00e4\u00dfiger und richtiger Pflege des Leders werden die M\u00f6bel viele Jahre lang gro\u00dfe Freude bereiten.<\/p>\n\n\n<p>&nbsp;<\/p>\n<p><img loading=\"lazy\" decoding=\"async\" class=\"alignleft wp-image-23618 size-full\" src=\"https:\/\/decoiris.ch\/wp-content\/uploads\/2019\/07\/Bild-1.jpg\" alt=\"\" width=\"150\" height=\"142\"><\/p>\n<p>&nbsp;<\/p>\n<p>&nbsp;<\/p>\n<p>Stellen Sie die Lederm\u00f6bel nach M\u00f6glichkeit mindestens 30 cm entfernt von W\u00e4rmequellen auf. Leder kann austrocknen, spr\u00f6de werden oder sich verh\u00e4rten, wenn es \u00fcber einen l\u00e4ngeren Zeitraum Hitze oder Heizk\u00f6rpern ausgesetzt ist. Bitte kontaktieren Sie uns f\u00fcr ein Enth\u00e4rtungsprodukt.<\/p>\n<p>&nbsp;<\/p>\n<p>&nbsp;<\/p>\n<p>&nbsp;<\/p>\n<p><img loading=\"lazy\" decoding=\"async\" class=\"alignleft wp-image-23622 size-full\" src=\"https:\/\/decoiris.ch\/wp-content\/uploads\/2019\/07\/Bild-2.jpg\" alt=\"\" width=\"150\" height=\"142\"><\/p>\n<p>&nbsp;<\/p>\n<p>&nbsp;<\/p>\n<p>Vermeiden Sie direkte Sonneneinstrahlung oder Halogenlicht. Mit der Zeit wird das Leder verblassen. Anilinleder ist besonders empfindlich gegen\u00fcber Sonnenlicht.<\/p>\n<p><span class=\"tlid-translation translation\" lang=\"fr\">&nbsp;<\/span><\/p>\n<p>&nbsp;<\/p>\n<p>&nbsp;<\/p>\n<p>&nbsp;<\/p>\n<p><a href=\"https:\/\/decoiris.ch\/wp-content\/uploads\/2019\/07\/Bild-3.jpg\"><img loading=\"lazy\" decoding=\"async\" class=\"alignleft wp-image-23640 size-full\" src=\"https:\/\/decoiris.ch\/wp-content\/uploads\/2019\/07\/Bild-3.jpg\" alt=\"\" width=\"150\" height=\"142\"><\/a><\/p>\n<p>&nbsp;<\/p>\n<p>&nbsp;<\/p>\n<p>Es ist ratsam, keine Haustiere auf einer Decke zu lassen, da sie mit ihren scharfen Krallen das Leder zerkratzen k\u00f6nnen. Dar\u00fcber hinaus greifen K\u00f6rpersekrete wie Speichel und \u00d6le das Leder an.<\/p>\n<p>&nbsp;<\/p>\n<p>&nbsp;<\/p>\n<p>&nbsp;<\/p>\n<p><a href=\"https:\/\/decoiris.ch\/wp-content\/uploads\/2019\/07\/Bild-4.jpg\"><img loading=\"lazy\" decoding=\"async\" class=\"size-full wp-image-23645 alignleft\" src=\"https:\/\/decoiris.ch\/wp-content\/uploads\/2019\/07\/Bild-4.jpg\" alt=\"\" width=\"150\" height=\"142\"><\/a><\/p>\n<p>&nbsp;<\/p>\n<p>&nbsp;<\/p>\n<p>Verwenden Sie niemals Chemikalien oder Farbstoffe in der N\u00e4he Ihrer Ledersofas. Halten Sie Produkte wie Nagellack, Nagellackentferner, Chlorbleiche, Klebstoffe und Haushaltsreiniger von diesen M\u00f6belst\u00fccken fern. Wenn Sie diese Produkte dennoch in der N\u00e4he des Sofas verwenden m\u00fcssen, decken Sie sie ab. Vermeiden Sie alle Produkte, die \u00d6le oder L\u00f6sungsmittel enthalten, da diese die Lederoberfl\u00e4che angreifen.<\/p>\n<p>&nbsp;<\/p>\n<p>&nbsp;<\/p>\n<p><a href=\"https:\/\/decoiris.ch\/wp-content\/uploads\/2019\/07\/Bild-5.jpg\"><img loading=\"lazy\" decoding=\"async\" class=\"wp-image-23681 size-full alignleft\" src=\"https:\/\/decoiris.ch\/wp-content\/uploads\/2019\/07\/Bild-5.jpg\" alt=\"\" width=\"150\" height=\"142\"><\/a><\/p>\n<p>&nbsp;<\/p>\n<p>&nbsp;<\/p>\n<p>Stauben Sie Ihr Ledersofa wie jeden anderen Gegenstand in Ihrer Wohnung ab. D\u00e4mpfen Sie einen weichen \"NO MICROFIBER WIPER! \" Tuch und entfernen Sie den Staub einmal pro Woche. Sie k\u00f6nnen auch die weiche B\u00fcrste Ihres Staubsaugers verwenden. Leder ist besonders f\u00fcr Stauballergiker geeignet. Staubpartikel dringen nicht in das Leder ein und k\u00f6nnen vollst\u00e4ndig entfernt werden.<\/p>\n<p>&nbsp;<\/p>\n<p>&nbsp;<\/p>\n<p>&nbsp;<\/p>\n<p><a href=\"https:\/\/decoiris.ch\/wp-content\/uploads\/2019\/07\/Bild-6.jpg\"><img loading=\"lazy\" decoding=\"async\" class=\"size-full wp-image-23654 alignleft\" src=\"https:\/\/decoiris.ch\/wp-content\/uploads\/2019\/07\/Bild-6.jpg\" alt=\"\" width=\"150\" height=\"142\"><\/a><\/p>\n<p>&nbsp;<\/p>\n<p>&nbsp;<\/p>\n<p>Die Lebensdauer aller Leder wird durch vorbeugende Pflege verbessert. Tragen Sie bei Anilin- und pigmentierten Ledern eine Lederschutzcreme auf die Oberfl\u00e4che des Leders auf, um es schmutzabweisender zu machen und um Verschmutzungen generell zu verhindern. Achten Sie besonders auf den Schutz der am st\u00e4rksten beanspruchten Bereiche, wie Armlehnen, Sitze und R\u00fcckenlehnen.<\/p>\n<p>&nbsp;<\/p>\n<p>&nbsp;<\/p>\n<p>&nbsp;<\/p>\n<p><a href=\"https:\/\/decoiris.ch\/wp-content\/uploads\/2019\/07\/Bild-7.jpg\"><img loading=\"lazy\" decoding=\"async\" class=\"size-full wp-image-23657 alignleft\" src=\"https:\/\/decoiris.ch\/wp-content\/uploads\/2019\/07\/Bild-7.jpg\" alt=\"\" width=\"150\" height=\"142\"><\/a><\/p>\n<p>&nbsp;<\/p>\n<p>&nbsp;<\/p>\n<p>Generell sollten Sie Ihre Lederm\u00f6bel mindestens alle sechs Monate mit Leather Soft Cleaner reinigen, um Schmutz und Ablagerungen von K\u00f6rper\u00f6len und Schwei\u00df zu entfernen. Anilinleder ist sehr saugf\u00e4hig und muss m\u00f6glicherweise h\u00e4ufiger gereinigt werden, wenn es in stark beanspruchten Bereichen wie dem Fernsehzimmer verwendet wird. Tragen Sie nach der Reinigung Lederschutzcreme auf das Leder auf, um den Schutz zu erneuern.<\/p>\n<p>&nbsp;<\/p>\n<p>&nbsp;<\/p>\n<p>&nbsp;<\/p>\n\n\n<h2 class=\"wp-block-heading\"><strong>Unsere Lederpflegeprodukte:<\/strong><\/h2>\n\n\n\n<h4 class=\"wp-block-heading\"><strong>&nbsp;<\/strong><\/h4>\n\n\n<p><a href=\"https:\/\/decoiris.ch\/wp-content\/uploads\/2020\/12\/Produids-Royal-Fourniture-1.jpg\"><img loading=\"lazy\" decoding=\"async\" class=\"alignnone wp-image-35362 \" src=\"https:\/\/decoiris.ch\/wp-content\/uploads\/2020\/12\/Produids-Royal-Fourniture-1-300x187.jpg\" alt=\"\" width=\"391\" height=\"244\" srcset=\"https:\/\/bien-etreiris.ch\/wp-content\/uploads\/2020\/12\/Produids-Royal-Fourniture-1-300x187.jpg 300w, https:\/\/bien-etreiris.ch\/wp-content\/uploads\/2020\/12\/Produids-Royal-Fourniture-1.jpg 656w\" sizes=\"auto, (max-width: 391px) 100vw, 391px\" \/><\/a><\/p>","protected":false},"excerpt":{"rendered":"<p>So bleibt Ihr Leder lange sch\u00f6n Bei regelm\u00e4\u00dfiger und richtiger Pflege des Leders werden die M\u00f6bel viele Jahre lang gro\u00dfe Freude bereiten. &nbsp; &nbsp; &nbsp; Stellen Sie die Lederm\u00f6bel nach M\u00f6glichkeit mindestens 30 cm entfernt von W\u00e4rmequellen auf. Leder kann austrocknen, spr\u00f6de werden oder sich verh\u00e4rten, wenn es \u00fcber einen l\u00e4ngeren Zeitraum Hitze oder Heizk\u00f6rpern ausgesetzt ist. Bitte kontaktieren Sie&nbsp;<a href=\"https:\/\/bien-etreiris.ch\/de\/produktpraesentation\/hygiene\/haushaltsreinigung\/reinigungskonzept\/leder-und-aehnliches\/moebelleder-pflegen\/\" class=\"read-more\">Weiter lesen<\/a><\/p>\n","protected":false},"author":1,"featured_media":35197,"parent":48978,"menu_order":6704,"comment_status":"closed","ping_status":"closed","template":"page-with-child.php","meta":{"_acf_changed":false,"ngg_post_thumbnail":0,"footnotes":""},"class_list":["post-35200","page","type-page","status-publish","has-post-thumbnail","hentry"],"acf":[],"yoast_head":"<!-- This site is optimized with the Yoast SEO plugin v27.5 - https:\/\/yoast.com\/product\/yoast-seo-wordpress\/ -->\n<title>M\u00d6BELLEDER PFLEGEN - WOHLBEFINDEN<\/title>\n<meta name=\"robots\" content=\"index, follow, max-snippet:-1, max-image-preview:large, max-video-preview:-1\" \/>\n<link rel=\"canonical\" href=\"https:\/\/bien-etreiris.ch\/de\/produktpraesentation\/hygiene\/haushaltsreinigung\/reinigungskonzept\/leder-und-aehnliches\/moebelleder-pflegen\/\" \/>\n<meta property=\"og:locale\" content=\"de_DE\" \/>\n<meta property=\"og:type\" content=\"article\" \/>\n<meta property=\"og:title\" content=\"M\u00d6BELLEDER PFLEGEN - WOHLBEFINDEN\" \/>\n<meta property=\"og:description\" content=\"So bleibt Ihr Leder lange sch\u00f6n Bei regelm\u00e4\u00dfiger und richtiger Pflege des Leders werden die M\u00f6bel viele Jahre lang gro\u00dfe Freude bereiten. &nbsp; &nbsp; &nbsp; Stellen Sie die Lederm\u00f6bel nach M\u00f6glichkeit mindestens 30 cm entfernt von W\u00e4rmequellen auf. Leder kann austrocknen, spr\u00f6de werden oder sich verh\u00e4rten, wenn es \u00fcber einen l\u00e4ngeren Zeitraum Hitze oder Heizk\u00f6rpern ausgesetzt ist. Bitte kontaktieren Sie&nbsp;Weiter lesen\" \/>\n<meta property=\"og:url\" content=\"https:\/\/bien-etreiris.ch\/de\/produktpraesentation\/hygiene\/haushaltsreinigung\/reinigungskonzept\/leder-und-aehnliches\/moebelleder-pflegen\/\" \/>\n<meta property=\"og:site_name\" content=\"WOHLBEFINDEN\" \/>\n<meta property=\"article:publisher\" content=\"https:\/\/www.facebook.com\/bienetreiris\/\" \/>\n<meta property=\"article:modified_time\" content=\"2021-07-12T07:11:57+00:00\" \/>\n<meta property=\"og:image\" content=\"https:\/\/bien-etreiris.ch\/wp-content\/uploads\/2020\/12\/titel.jpg\" \/>\n\t<meta property=\"og:image:width\" content=\"550\" \/>\n\t<meta property=\"og:image:height\" content=\"335\" \/>\n\t<meta property=\"og:image:type\" content=\"image\/jpeg\" \/>\n<meta name=\"twitter:label1\" content=\"Gesch\u00e4tzte Lesezeit\" \/>\n\t<meta name=\"twitter:data1\" content=\"4\u00a0Minuten\" \/>\n<script type=\"application\/ld+json\" class=\"yoast-schema-graph\">{\"@context\":\"https:\\\/\\\/schema.org\",\"@graph\":[{\"@type\":\"WebPage\",\"@id\":\"https:\\\/\\\/bien-etreiris.ch\\\/de\\\/produktpraesentation\\\/hygiene\\\/haushaltsreinigung\\\/reinigungskonzept\\\/leder-und-aehnliches\\\/moebelleder-pflegen\\\/\",\"url\":\"https:\\\/\\\/bien-etreiris.ch\\\/de\\\/produktpraesentation\\\/hygiene\\\/haushaltsreinigung\\\/reinigungskonzept\\\/leder-und-aehnliches\\\/moebelleder-pflegen\\\/\",\"name\":\"M\u00d6BELLEDER PFLEGEN - WOHLBEFINDEN\",\"isPartOf\":{\"@id\":\"https:\\\/\\\/bien-etreiris.ch\\\/de\\\/#website\"},\"primaryImageOfPage\":{\"@id\":\"https:\\\/\\\/bien-etreiris.ch\\\/de\\\/produktpraesentation\\\/hygiene\\\/haushaltsreinigung\\\/reinigungskonzept\\\/leder-und-aehnliches\\\/moebelleder-pflegen\\\/#primaryimage\"},\"image\":{\"@id\":\"https:\\\/\\\/bien-etreiris.ch\\\/de\\\/produktpraesentation\\\/hygiene\\\/haushaltsreinigung\\\/reinigungskonzept\\\/leder-und-aehnliches\\\/moebelleder-pflegen\\\/#primaryimage\"},\"thumbnailUrl\":\"https:\\\/\\\/bien-etreiris.ch\\\/wp-content\\\/uploads\\\/2020\\\/12\\\/titel.jpg\",\"datePublished\":\"2020-12-01T07:22:02+00:00\",\"dateModified\":\"2021-07-12T07:11:57+00:00\",\"breadcrumb\":{\"@id\":\"https:\\\/\\\/bien-etreiris.ch\\\/de\\\/produktpraesentation\\\/hygiene\\\/haushaltsreinigung\\\/reinigungskonzept\\\/leder-und-aehnliches\\\/moebelleder-pflegen\\\/#breadcrumb\"},\"inLanguage\":\"de\",\"potentialAction\":[{\"@type\":\"ReadAction\",\"target\":[\"https:\\\/\\\/bien-etreiris.ch\\\/de\\\/produktpraesentation\\\/hygiene\\\/haushaltsreinigung\\\/reinigungskonzept\\\/leder-und-aehnliches\\\/moebelleder-pflegen\\\/\"]}]},{\"@type\":\"ImageObject\",\"inLanguage\":\"de\",\"@id\":\"https:\\\/\\\/bien-etreiris.ch\\\/de\\\/produktpraesentation\\\/hygiene\\\/haushaltsreinigung\\\/reinigungskonzept\\\/leder-und-aehnliches\\\/moebelleder-pflegen\\\/#primaryimage\",\"url\":\"https:\\\/\\\/bien-etreiris.ch\\\/wp-content\\\/uploads\\\/2020\\\/12\\\/titel.jpg\",\"contentUrl\":\"https:\\\/\\\/bien-etreiris.ch\\\/wp-content\\\/uploads\\\/2020\\\/12\\\/titel.jpg\",\"width\":550,\"height\":335},{\"@type\":\"BreadcrumbList\",\"@id\":\"https:\\\/\\\/bien-etreiris.ch\\\/de\\\/produktpraesentation\\\/hygiene\\\/haushaltsreinigung\\\/reinigungskonzept\\\/leder-und-aehnliches\\\/moebelleder-pflegen\\\/#breadcrumb\",\"itemListElement\":[{\"@type\":\"ListItem\",\"position\":1,\"name\":\"Home\",\"item\":\"https:\\\/\\\/bien-etreiris.ch\\\/de\\\/\"},{\"@type\":\"ListItem\",\"position\":2,\"name\":\"PRODUKTPR\u00c4SENTATION\",\"item\":\"https:\\\/\\\/bien-etreiris.ch\\\/de\\\/produktpraesentation\\\/\"},{\"@type\":\"ListItem\",\"position\":3,\"name\":\"HYGIENE\",\"item\":\"https:\\\/\\\/bien-etreiris.ch\\\/de\\\/produktpraesentation\\\/hygiene\\\/\"},{\"@type\":\"ListItem\",\"position\":4,\"name\":\"HAUSHALTSREINIGUNG\",\"item\":\"https:\\\/\\\/bien-etreiris.ch\\\/de\\\/produktpraesentation\\\/hygiene\\\/haushaltsreinigung\\\/\"},{\"@type\":\"ListItem\",\"position\":5,\"name\":\"REINIGUNGSKONZEPT\",\"item\":\"https:\\\/\\\/bien-etreiris.ch\\\/de\\\/produktpraesentation\\\/hygiene\\\/haushaltsreinigung\\\/reinigungskonzept\\\/\"},{\"@type\":\"ListItem\",\"position\":6,\"name\":\"LEDER UND \u00c4HNLICHES\",\"item\":\"https:\\\/\\\/bien-etreiris.ch\\\/de\\\/produktpraesentation\\\/hygiene\\\/haushaltsreinigung\\\/reinigungskonzept\\\/leder-und-aehnliches\\\/\"},{\"@type\":\"ListItem\",\"position\":7,\"name\":\"M\u00d6BELLEDER PFLEGEN\"}]},{\"@type\":\"WebSite\",\"@id\":\"https:\\\/\\\/bien-etreiris.ch\\\/de\\\/#website\",\"url\":\"https:\\\/\\\/bien-etreiris.ch\\\/de\\\/\",\"name\":\"Bien-\u00eatre Iris\",\"description\":\"IHRE Gesundheit ist uns wichtig\",\"potentialAction\":[{\"@type\":\"SearchAction\",\"target\":{\"@type\":\"EntryPoint\",\"urlTemplate\":\"https:\\\/\\\/bien-etreiris.ch\\\/de\\\/?s={search_term_string}\"},\"query-input\":{\"@type\":\"PropertyValueSpecification\",\"valueRequired\":true,\"valueName\":\"search_term_string\"}}],\"inLanguage\":\"de\"}]}<\/script>\n<!-- \/ Yoast SEO plugin. -->","yoast_head_json":{"title":"M\u00d6BELLEDER PFLEGEN - WOHLBEFINDEN","robots":{"index":"index","follow":"follow","max-snippet":"max-snippet:-1","max-image-preview":"max-image-preview:large","max-video-preview":"max-video-preview:-1"},"canonical":"https:\/\/bien-etreiris.ch\/de\/produktpraesentation\/hygiene\/haushaltsreinigung\/reinigungskonzept\/leder-und-aehnliches\/moebelleder-pflegen\/","og_locale":"de_DE","og_type":"article","og_title":"M\u00d6BELLEDER PFLEGEN - WOHLBEFINDEN","og_description":"So bleibt Ihr Leder lange sch\u00f6n Bei regelm\u00e4\u00dfiger und richtiger Pflege des Leders werden die M\u00f6bel viele Jahre lang gro\u00dfe Freude bereiten. &nbsp; &nbsp; &nbsp; Stellen Sie die Lederm\u00f6bel nach M\u00f6glichkeit mindestens 30 cm entfernt von W\u00e4rmequellen auf. Leder kann austrocknen, spr\u00f6de werden oder sich verh\u00e4rten, wenn es \u00fcber einen l\u00e4ngeren Zeitraum Hitze oder Heizk\u00f6rpern ausgesetzt ist. Bitte kontaktieren Sie&nbsp;Weiter lesen","og_url":"https:\/\/bien-etreiris.ch\/de\/produktpraesentation\/hygiene\/haushaltsreinigung\/reinigungskonzept\/leder-und-aehnliches\/moebelleder-pflegen\/","og_site_name":"WOHLBEFINDEN","article_publisher":"https:\/\/www.facebook.com\/bienetreiris\/","article_modified_time":"2021-07-12T07:11:57+00:00","og_image":[{"width":550,"height":335,"url":"https:\/\/bien-etreiris.ch\/wp-content\/uploads\/2020\/12\/titel.jpg","type":"image\/jpeg"}],"twitter_misc":{"Gesch\u00e4tzte Lesezeit":"4\u00a0Minuten"},"schema":{"@context":"https:\/\/schema.org","@graph":[{"@type":"WebPage","@id":"https:\/\/bien-etreiris.ch\/de\/produktpraesentation\/hygiene\/haushaltsreinigung\/reinigungskonzept\/leder-und-aehnliches\/moebelleder-pflegen\/","url":"https:\/\/bien-etreiris.ch\/de\/produktpraesentation\/hygiene\/haushaltsreinigung\/reinigungskonzept\/leder-und-aehnliches\/moebelleder-pflegen\/","name":"M\u00d6BELLEDER PFLEGEN - WOHLBEFINDEN","isPartOf":{"@id":"https:\/\/bien-etreiris.ch\/de\/#website"},"primaryImageOfPage":{"@id":"https:\/\/bien-etreiris.ch\/de\/produktpraesentation\/hygiene\/haushaltsreinigung\/reinigungskonzept\/leder-und-aehnliches\/moebelleder-pflegen\/#primaryimage"},"image":{"@id":"https:\/\/bien-etreiris.ch\/de\/produktpraesentation\/hygiene\/haushaltsreinigung\/reinigungskonzept\/leder-und-aehnliches\/moebelleder-pflegen\/#primaryimage"},"thumbnailUrl":"https:\/\/bien-etreiris.ch\/wp-content\/uploads\/2020\/12\/titel.jpg","datePublished":"2020-12-01T07:22:02+00:00","dateModified":"2021-07-12T07:11:57+00:00","breadcrumb":{"@id":"https:\/\/bien-etreiris.ch\/de\/produktpraesentation\/hygiene\/haushaltsreinigung\/reinigungskonzept\/leder-und-aehnliches\/moebelleder-pflegen\/#breadcrumb"},"inLanguage":"de","potentialAction":[{"@type":"ReadAction","target":["https:\/\/bien-etreiris.ch\/de\/produktpraesentation\/hygiene\/haushaltsreinigung\/reinigungskonzept\/leder-und-aehnliches\/moebelleder-pflegen\/"]}]},{"@type":"ImageObject","inLanguage":"de","@id":"https:\/\/bien-etreiris.ch\/de\/produktpraesentation\/hygiene\/haushaltsreinigung\/reinigungskonzept\/leder-und-aehnliches\/moebelleder-pflegen\/#primaryimage","url":"https:\/\/bien-etreiris.ch\/wp-content\/uploads\/2020\/12\/titel.jpg","contentUrl":"https:\/\/bien-etreiris.ch\/wp-content\/uploads\/2020\/12\/titel.jpg","width":550,"height":335},{"@type":"BreadcrumbList","@id":"https:\/\/bien-etreiris.ch\/de\/produktpraesentation\/hygiene\/haushaltsreinigung\/reinigungskonzept\/leder-und-aehnliches\/moebelleder-pflegen\/#breadcrumb","itemListElement":[{"@type":"ListItem","position":1,"name":"Home","item":"https:\/\/bien-etreiris.ch\/de\/"},{"@type":"ListItem","position":2,"name":"PRODUKTPR\u00c4SENTATION","item":"https:\/\/bien-etreiris.ch\/de\/produktpraesentation\/"},{"@type":"ListItem","position":3,"name":"HYGIENE","item":"https:\/\/bien-etreiris.ch\/de\/produktpraesentation\/hygiene\/"},{"@type":"ListItem","position":4,"name":"HAUSHALTSREINIGUNG","item":"https:\/\/bien-etreiris.ch\/de\/produktpraesentation\/hygiene\/haushaltsreinigung\/"},{"@type":"ListItem","position":5,"name":"REINIGUNGSKONZEPT","item":"https:\/\/bien-etreiris.ch\/de\/produktpraesentation\/hygiene\/haushaltsreinigung\/reinigungskonzept\/"},{"@type":"ListItem","position":6,"name":"LEDER UND \u00c4HNLICHES","item":"https:\/\/bien-etreiris.ch\/de\/produktpraesentation\/hygiene\/haushaltsreinigung\/reinigungskonzept\/leder-und-aehnliches\/"},{"@type":"ListItem","position":7,"name":"M\u00d6BELLEDER PFLEGEN"}]},{"@type":"WebSite","@id":"https:\/\/bien-etreiris.ch\/de\/#website","url":"https:\/\/bien-etreiris.ch\/de\/","name":"Bien-\u00eatre Iris","description":"IHRE Gesundheit ist uns wichtig","potentialAction":[{"@type":"SearchAction","target":{"@type":"EntryPoint","urlTemplate":"https:\/\/bien-etreiris.ch\/de\/?s={search_term_string}"},"query-input":{"@type":"PropertyValueSpecification","valueRequired":true,"valueName":"search_term_string"}}],"inLanguage":"de"}]}},"_links":{"self":[{"href":"https:\/\/bien-etreiris.ch\/de\/wp-json\/wp\/v2\/pages\/35200","targetHints":{"allow":["GET"]}}],"collection":[{"href":"https:\/\/bien-etreiris.ch\/de\/wp-json\/wp\/v2\/pages"}],"about":[{"href":"https:\/\/bien-etreiris.ch\/de\/wp-json\/wp\/v2\/types\/page"}],"author":[{"embeddable":true,"href":"https:\/\/bien-etreiris.ch\/de\/wp-json\/wp\/v2\/users\/1"}],"replies":[{"embeddable":true,"href":"https:\/\/bien-etreiris.ch\/de\/wp-json\/wp\/v2\/comments?post=35200"}],"version-history":[{"count":8,"href":"https:\/\/bien-etreiris.ch\/de\/wp-json\/wp\/v2\/pages\/35200\/revisions"}],"predecessor-version":[{"id":52003,"href":"https:\/\/bien-etreiris.ch\/de\/wp-json\/wp\/v2\/pages\/35200\/revisions\/52003"}],"up":[{"embeddable":true,"href":"https:\/\/bien-etreiris.ch\/de\/wp-json\/wp\/v2\/pages\/48978"}],"wp:featuredmedia":[{"embeddable":true,"href":"https:\/\/bien-etreiris.ch\/de\/wp-json\/wp\/v2\/media\/35197"}],"wp:attachment":[{"href":"https:\/\/bien-etreiris.ch\/de\/wp-json\/wp\/v2\/media?parent=35200"}],"curies":[{"name":"wp","href":"https:\/\/api.w.org\/{rel}","templated":true}]}}