{"id":35140,"date":"2020-11-30T15:29:31","date_gmt":"2020-11-30T15:29:31","guid":{"rendered":"https:\/\/bien-etreiris.ch\/?page_id=35140"},"modified":"2020-12-01T08:34:13","modified_gmt":"2020-12-01T08:34:13","slug":"aquaclean","status":"publish","type":"page","link":"https:\/\/bien-etreiris.ch\/de\/produktpraesentation\/hygiene\/haushaltsreinigung\/reinigungskonzept\/textilien-mit-veredelung\/aquaclean\/","title":{"rendered":"AQUACLEAN"},"content":{"rendered":"<p><strong>Aquaclean le tissu qui se nettoie simplement \u00e0 l\u2019eau !<\/strong><\/p>\n<p><!-- \/wp:post-content --> <!-- wp:paragraph --><\/p>\n<p><strong>En trois gestes seulement<\/strong><\/p>\n<p><!-- \/wp:paragraph --> <!-- wp:paragraph --><\/p>\n<p>La Technologie Aquaclean\u00ae permet d\u2019enlever toutes les taches accidentelles courantes sur le tissu de votre canap\u00e9, sans utiliser de d\u00e9tergent ni de machine \u00e0 laver.<\/p>\n<p>&nbsp;<\/p>\n<ol>\n<li>Enlevez l\u2019exc\u00e8s de salet\u00e9 rest\u00e9 sur le tissu.<\/li>\n<li>Appliquez de l\u2019eau sur la tache, soit directement, soit \u00e0 l\u2019aide d\u2019un chiffon absorbant mouill\u00e9 et essor\u00e9. Attendez quelques secondes.<\/li>\n<li>Tamponnez la tache avec le chiffon et frottez doucement le tissu en mouvement circulaire. Si la tache n\u2019est pas partie compl\u00e8tement, recommencez autant de fois que n\u00e9cessaire.<\/li>\n<\/ol>\n<p>&nbsp;<\/p>\n<p>&nbsp;<\/p>\n<div class=\"wp-block-image\"><img loading=\"lazy\" decoding=\"async\" width=\"95\" height=\"95\" class=\"wp-image-3659 aligncenter\" src=\"https:\/\/decoiris.ch\/wp-content\/uploads\/2017\/08\/image1-1.png\" alt=\"\"><\/div>\n<p><!-- \/wp:paragraph --> <!-- wp:image {\"id\":3650,\"align\":\"right\",\"width\":93,\"height\":93} --><\/p>\n<div class=\"wp-block-image\">\n<figure class=\"alignright is-resized\"><img loading=\"lazy\" decoding=\"async\" class=\"wp-image-3650 alignright\" src=\"https:\/\/decoiris.ch\/wp-content\/uploads\/2017\/08\/image3-1.png\" alt=\"\" width=\"93\" height=\"93\"><\/figure>\n<\/div>\n<p><!-- \/wp:image --> <!-- wp:image {\"id\":3647,\"align\":\"left\"} --><\/p>\n<div class=\"wp-block-image\">\n<figure class=\"alignleft\"><img loading=\"lazy\" decoding=\"async\" width=\"95\" height=\"95\" class=\"wp-image-3647 alignleft\" src=\"https:\/\/decoiris.ch\/wp-content\/uploads\/2017\/08\/image2-1.png\" alt=\"\"><\/figure>\n<\/div>\n<p><!-- \/wp:image --> <!-- wp:paragraph --> <!-- \/wp:paragraph --> <!-- wp:paragraph --><\/p>\n<p>&nbsp;<\/p>\n<p><strong>Les canap\u00e9s en tissu trait\u00e9 avec la Technologie Aquaclean\u00ae vous permettent d\u2019enlever les taches juste avec de l\u2019eau.<\/strong><\/p>\n<p>&nbsp;<\/p>\n<p>&nbsp;<\/p>\n<p>&nbsp;<\/p>\n<div class=\"wp-block-image\">&nbsp;<\/div>\n<div class=\"wp-block-image\">&nbsp;<\/div>\n<div>&nbsp;<\/div>\n<div>&nbsp;<\/div>\n<div>&nbsp;<\/div>\n<div>&nbsp;<\/div>\n<div>&nbsp;<\/div>\n<p>&nbsp;<\/p>\n<p>&nbsp;<\/p>\n<p><strong>Comment nettoyer les taches solides sur votre canap\u00e9 ?<\/strong><\/p>\n<p><iframe loading=\"lazy\" title=\"Aquaclean home frances\" width=\"604\" height=\"453\" src=\"https:\/\/www.youtube.com\/embed\/QvQjHUJ3EC0?feature=oembed\" frameborder=\"0\" allow=\"accelerometer; autoplay; clipboard-write; encrypted-media; gyroscope; picture-in-picture; web-share\" referrerpolicy=\"strict-origin-when-cross-origin\" allowfullscreen><\/iframe><\/p>\n<p>&nbsp;<\/p>\n<p>&nbsp;<\/p>\n<p><a href=\"https:\/\/www.youtube.com\/watch?v=uMivxfqJ2Fo\" target=\"_blank\" rel=\"noopener noreferrer\"><strong>TACHE D\u2019EXCR\u00c9MENTS DE CHIEN<\/strong><\/a><strong> &nbsp;<\/strong><\/p>\n<p><iframe loading=\"lazy\" title=\"C\u00f3mo limpiar una mancha de orina de mascota con la Tecnolog\u00eda Aquaclean\u00ae\" width=\"604\" height=\"340\" src=\"https:\/\/www.youtube.com\/embed\/uMivxfqJ2Fo?feature=oembed\" frameborder=\"0\" allow=\"accelerometer; autoplay; clipboard-write; encrypted-media; gyroscope; picture-in-picture; web-share\" referrerpolicy=\"strict-origin-when-cross-origin\" allowfullscreen><\/iframe><\/p>\n<p>&nbsp;<\/p>\n<p>&nbsp;<\/p>\n<p><a href=\"https:\/\/www.youtube.com\/watch?v=hSGvyqPnDLU\" target=\"_blank\" rel=\"noopener noreferrer\"><strong>TACHE DE BEURRE<\/strong><\/a><\/p>\n<p><iframe loading=\"lazy\" title=\"C\u00f3mo limpiar una mancha de mantequilla con la Tecnolog\u00eda Aquaclean\u00ae\" width=\"604\" height=\"340\" src=\"https:\/\/www.youtube.com\/embed\/hSGvyqPnDLU?feature=oembed\" frameborder=\"0\" allow=\"accelerometer; autoplay; clipboard-write; encrypted-media; gyroscope; picture-in-picture; web-share\" referrerpolicy=\"strict-origin-when-cross-origin\" allowfullscreen><\/iframe><\/p>\n<p>&nbsp;<\/p>\n<p>&nbsp;<\/p>\n<p><a href=\"https:\/\/www.youtube.com\/watch?v=npgQ9t--LGw\" target=\"_blank\" rel=\"noopener noreferrer\"><strong>TA<\/strong><strong>CHE DE KETCHUP (SAUCE TOMATE)<\/strong><strong>&nbsp;<\/strong><\/a><\/p>\n<p><iframe loading=\"lazy\" title=\"C\u00f3mo limpiar una mancha de k\u00e9pchup del sof\u00e1 con la Tecnolog\u00eda Aquaclean\u00ae\" width=\"604\" height=\"340\" src=\"https:\/\/www.youtube.com\/embed\/npgQ9t--LGw?feature=oembed\" frameborder=\"0\" allow=\"accelerometer; autoplay; clipboard-write; encrypted-media; gyroscope; picture-in-picture; web-share\" referrerpolicy=\"strict-origin-when-cross-origin\" allowfullscreen><\/iframe><\/p>\n<p>&nbsp;<\/p>\n<p>&nbsp;<\/p>\n<p><a href=\"https:\/\/www.youtube.com\/watch?v=fvLOC10gh7c\" target=\"_blank\" rel=\"noopener noreferrer\"><strong>TACHE DE VIN ROUGE<\/strong><\/a><strong>&nbsp; <\/strong><\/p>\n<p><iframe loading=\"lazy\" title=\"C\u00f3mo limpiar una mancha de vino del sof\u00e1 con la Tecnolog\u00eda Aquaclean\u00ae\" width=\"604\" height=\"340\" src=\"https:\/\/www.youtube.com\/embed\/fvLOC10gh7c?feature=oembed\" frameborder=\"0\" allow=\"accelerometer; autoplay; clipboard-write; encrypted-media; gyroscope; picture-in-picture; web-share\" referrerpolicy=\"strict-origin-when-cross-origin\" allowfullscreen><\/iframe><\/p>\n<p>&nbsp;<\/p>\n<p>&nbsp;<\/p>\n<p>&nbsp;<\/p>\n<p>&nbsp;<\/p>\n<p>&nbsp;<\/p>\n\n<p>TACHE DE CHOCOLAT (CR\u00c8ME AU CACAO)<\/p>\n<p><!-- \/wp:paragraph --> <!-- wp:paragraph --><\/p>\n<p>TACHE DE CHOCOLAT (FONDANT)<\/p>\n<p><!-- \/wp:paragraph --> <!-- wp:paragraph --><\/p>\n<p>TACHE DE CRAYON CIRE<\/p>\n<p><!-- \/wp:paragraph --> <!-- wp:paragraph --><\/p>\n<p>TACHE DE CRAYON PLASTID\u00c9COR<\/p>\n<p><!-- \/wp:paragraph --> <!-- wp:paragraph --><\/p>\n<p>TACHE DE FEUTRE CARIOCA<\/p>\n<p><!-- \/wp:paragraph --> <!-- wp:paragraph --><\/p>\n<p>TACHE DE GLACE<\/p>\n<p><!-- \/wp:paragraph --> <!-- wp:paragraph --><\/p>\n<p>TACHE DE GUACAMOLE<\/p>\n<p><!-- \/wp:paragraph --> <!-- wp:paragraph --><\/p>\n<p>TACHE DE HOUMOUS<\/p>\n<p><!-- \/wp:paragraph --> <!-- wp:paragraph --><\/p>\n<p>TACHE DE MARQUEUR (DE COULEUR)<\/p>\n<p><!-- \/wp:paragraph --> <!-- wp:paragraph --><\/p>\n<p>TACHE DE PIZZA<\/p>\n<p><!-- \/wp:paragraph --> <!-- wp:paragraph --><\/p>\n<p>TACHE DE STYLO \"BIC\"<\/p>\n<p><!-- \/wp:paragraph --> <!-- wp:paragraph --><\/p>\n<p>TACHE D\u2019ESCAB\u00c8CHE DE MOULES<\/p>\n<p><!-- \/wp:paragraph --> <!-- wp:paragraph --><\/p>\n<p>TACHE D\u2019HUILE<\/p>\n<p><!-- \/wp:paragraph --> <!-- wp:paragraph --><\/p>\n<p>TACHE D\u2019URINE<\/p>\n<p><!-- \/wp:paragraph --> <!-- wp:paragraph --><\/p>\n<p>TACHE DE B\u00c9TADINE<\/p>\n<p><!-- \/wp:paragraph --> <!-- wp:paragraph --><\/p>\n<p>TACHE DE BOISSON AU CHOCOLAT<\/p>\n<p><!-- \/wp:paragraph --> <!-- wp:paragraph --><\/p>\n<p>TACHE DE BOUILLON DE POULET<\/p>\n<p><!-- \/wp:paragraph --> <!-- wp:paragraph --><\/p>\n<p>TACHE DE CAF\u00c9<\/p>\n<p><!-- \/wp:paragraph --> <!-- wp:paragraph --><\/p>\n<p>TACHE DE CAF\u00c9<\/p>\n<p><!-- \/wp:paragraph --> <!-- wp:paragraph --><\/p>\n<p>TACHE DE CR\u00c8ME CORPORELLE<\/p>\n<p><!-- \/wp:paragraph --> <!-- wp:paragraph --><\/p>\n<p>TACHE DE LAIT<\/p>\n<p><!-- \/wp:paragraph --> <!-- wp:paragraph --><\/p>\n<p>TACHE DE SANG<\/p>\n<p><!-- \/wp:paragraph --> <!-- wp:paragraph --><\/p>\n<p>TACHE DE SAUCE SOJA<\/p>\n<p><!-- \/wp:paragraph --> <!-- wp:paragraph --><\/p>\n<p>TACHE DE SODA TYPE COLA (SODAS)<\/p>\n<p><!-- \/wp:paragraph --> <!-- wp:paragraph --><\/p>\n<p>TACHE DE TH\u00c9 ROUGE<\/p>\n<p><!-- \/wp:paragraph --> <!-- wp:paragraph --><\/p>\n<p>TACHE DE VINAIGRE BALSAMIQUE<\/p>\n<p><!-- \/wp:paragraph --> <!-- wp:paragraph --><\/p>\n<p>TACHE DE VINAIGRE DE VIN ROUGE<\/p>","protected":false},"excerpt":{"rendered":"<p>Aquaclean le tissu qui se nettoie simplement \u00e0 l\u2019eau ! En trois gestes seulement La Technologie Aquaclean\u00ae permet d\u2019enlever toutes les taches accidentelles courantes sur le tissu de votre canap\u00e9, sans utiliser de d\u00e9tergent ni de machine \u00e0 laver. &nbsp; Enlevez l\u2019exc\u00e8s de salet\u00e9 rest\u00e9 sur le tissu. Appliquez de l\u2019eau sur la tache, soit directement, soit \u00e0 l\u2019aide d\u2019un&nbsp;<a href=\"https:\/\/bien-etreiris.ch\/de\/produktpraesentation\/hygiene\/haushaltsreinigung\/reinigungskonzept\/textilien-mit-veredelung\/aquaclean\/\" class=\"read-more\">Weiter lesen<\/a><\/p>\n","protected":false},"author":1,"featured_media":35134,"parent":48973,"menu_order":6714,"comment_status":"closed","ping_status":"closed","template":"page-with-child.php","meta":{"_acf_changed":false,"ngg_post_thumbnail":0,"footnotes":""},"class_list":["post-35140","page","type-page","status-publish","has-post-thumbnail","hentry"],"acf":[],"yoast_head":"<!-- This site is optimized with the Yoast SEO plugin v27.5 - https:\/\/yoast.com\/product\/yoast-seo-wordpress\/ -->\n<title>AQUACLEAN - WOHLBEFINDEN<\/title>\n<meta name=\"robots\" content=\"index, follow, max-snippet:-1, max-image-preview:large, max-video-preview:-1\" \/>\n<link rel=\"canonical\" href=\"https:\/\/bien-etreiris.ch\/de\/produktpraesentation\/hygiene\/haushaltsreinigung\/reinigungskonzept\/textilien-mit-veredelung\/aquaclean\/\" \/>\n<meta property=\"og:locale\" content=\"de_DE\" \/>\n<meta property=\"og:type\" content=\"article\" \/>\n<meta property=\"og:title\" content=\"AQUACLEAN - WOHLBEFINDEN\" \/>\n<meta property=\"og:description\" content=\"Aquaclean le tissu qui se nettoie simplement \u00e0 l\u2019eau ! En trois gestes seulement La Technologie Aquaclean\u00ae permet d\u2019enlever toutes les taches accidentelles courantes sur le tissu de votre canap\u00e9, sans utiliser de d\u00e9tergent ni de machine \u00e0 laver. &nbsp; Enlevez l\u2019exc\u00e8s de salet\u00e9 rest\u00e9 sur le tissu. Appliquez de l\u2019eau sur la tache, soit directement, soit \u00e0 l\u2019aide d\u2019un&nbsp;Weiter lesen\" \/>\n<meta property=\"og:url\" content=\"https:\/\/bien-etreiris.ch\/de\/produktpraesentation\/hygiene\/haushaltsreinigung\/reinigungskonzept\/textilien-mit-veredelung\/aquaclean\/\" \/>\n<meta property=\"og:site_name\" content=\"WOHLBEFINDEN\" \/>\n<meta property=\"article:publisher\" content=\"https:\/\/www.facebook.com\/bienetreiris\/\" \/>\n<meta property=\"article:modified_time\" content=\"2020-12-01T08:34:13+00:00\" \/>\n<meta property=\"og:image\" content=\"https:\/\/bien-etreiris.ch\/wp-content\/uploads\/2020\/11\/fibre.jpg\" \/>\n\t<meta property=\"og:image:width\" content=\"822\" \/>\n\t<meta property=\"og:image:height\" content=\"594\" \/>\n\t<meta property=\"og:image:type\" content=\"image\/jpeg\" \/>\n<meta name=\"twitter:label1\" content=\"Gesch\u00e4tzte Lesezeit\" \/>\n\t<meta name=\"twitter:data1\" content=\"2\u00a0Minuten\" \/>\n<script type=\"application\/ld+json\" class=\"yoast-schema-graph\">{\"@context\":\"https:\\\/\\\/schema.org\",\"@graph\":[{\"@type\":\"WebPage\",\"@id\":\"https:\\\/\\\/bien-etreiris.ch\\\/de\\\/produktpraesentation\\\/hygiene\\\/haushaltsreinigung\\\/reinigungskonzept\\\/textilien-mit-veredelung\\\/aquaclean\\\/\",\"url\":\"https:\\\/\\\/bien-etreiris.ch\\\/de\\\/produktpraesentation\\\/hygiene\\\/haushaltsreinigung\\\/reinigungskonzept\\\/textilien-mit-veredelung\\\/aquaclean\\\/\",\"name\":\"AQUACLEAN - WOHLBEFINDEN\",\"isPartOf\":{\"@id\":\"https:\\\/\\\/bien-etreiris.ch\\\/de\\\/#website\"},\"primaryImageOfPage\":{\"@id\":\"https:\\\/\\\/bien-etreiris.ch\\\/de\\\/produktpraesentation\\\/hygiene\\\/haushaltsreinigung\\\/reinigungskonzept\\\/textilien-mit-veredelung\\\/aquaclean\\\/#primaryimage\"},\"image\":{\"@id\":\"https:\\\/\\\/bien-etreiris.ch\\\/de\\\/produktpraesentation\\\/hygiene\\\/haushaltsreinigung\\\/reinigungskonzept\\\/textilien-mit-veredelung\\\/aquaclean\\\/#primaryimage\"},\"thumbnailUrl\":\"https:\\\/\\\/bien-etreiris.ch\\\/wp-content\\\/uploads\\\/2020\\\/11\\\/fibre.jpg\",\"datePublished\":\"2020-11-30T15:29:31+00:00\",\"dateModified\":\"2020-12-01T08:34:13+00:00\",\"breadcrumb\":{\"@id\":\"https:\\\/\\\/bien-etreiris.ch\\\/de\\\/produktpraesentation\\\/hygiene\\\/haushaltsreinigung\\\/reinigungskonzept\\\/textilien-mit-veredelung\\\/aquaclean\\\/#breadcrumb\"},\"inLanguage\":\"de\",\"potentialAction\":[{\"@type\":\"ReadAction\",\"target\":[\"https:\\\/\\\/bien-etreiris.ch\\\/de\\\/produktpraesentation\\\/hygiene\\\/haushaltsreinigung\\\/reinigungskonzept\\\/textilien-mit-veredelung\\\/aquaclean\\\/\"]}]},{\"@type\":\"ImageObject\",\"inLanguage\":\"de\",\"@id\":\"https:\\\/\\\/bien-etreiris.ch\\\/de\\\/produktpraesentation\\\/hygiene\\\/haushaltsreinigung\\\/reinigungskonzept\\\/textilien-mit-veredelung\\\/aquaclean\\\/#primaryimage\",\"url\":\"https:\\\/\\\/bien-etreiris.ch\\\/wp-content\\\/uploads\\\/2020\\\/11\\\/fibre.jpg\",\"contentUrl\":\"https:\\\/\\\/bien-etreiris.ch\\\/wp-content\\\/uploads\\\/2020\\\/11\\\/fibre.jpg\",\"width\":822,\"height\":594},{\"@type\":\"BreadcrumbList\",\"@id\":\"https:\\\/\\\/bien-etreiris.ch\\\/de\\\/produktpraesentation\\\/hygiene\\\/haushaltsreinigung\\\/reinigungskonzept\\\/textilien-mit-veredelung\\\/aquaclean\\\/#breadcrumb\",\"itemListElement\":[{\"@type\":\"ListItem\",\"position\":1,\"name\":\"Home\",\"item\":\"https:\\\/\\\/bien-etreiris.ch\\\/de\\\/\"},{\"@type\":\"ListItem\",\"position\":2,\"name\":\"PRODUKTPR\u00c4SENTATION\",\"item\":\"https:\\\/\\\/bien-etreiris.ch\\\/de\\\/produktpraesentation\\\/\"},{\"@type\":\"ListItem\",\"position\":3,\"name\":\"HYGIENE\",\"item\":\"https:\\\/\\\/bien-etreiris.ch\\\/de\\\/produktpraesentation\\\/hygiene\\\/\"},{\"@type\":\"ListItem\",\"position\":4,\"name\":\"HAUSHALTSREINIGUNG\",\"item\":\"https:\\\/\\\/bien-etreiris.ch\\\/de\\\/produktpraesentation\\\/hygiene\\\/haushaltsreinigung\\\/\"},{\"@type\":\"ListItem\",\"position\":5,\"name\":\"REINIGUNGSKONZEPT\",\"item\":\"https:\\\/\\\/bien-etreiris.ch\\\/de\\\/produktpraesentation\\\/hygiene\\\/haushaltsreinigung\\\/reinigungskonzept\\\/\"},{\"@type\":\"ListItem\",\"position\":6,\"name\":\"TEXTILIEN MIT VEREDELUNG\",\"item\":\"https:\\\/\\\/bien-etreiris.ch\\\/de\\\/produktpraesentation\\\/hygiene\\\/haushaltsreinigung\\\/reinigungskonzept\\\/textilien-mit-veredelung\\\/\"},{\"@type\":\"ListItem\",\"position\":7,\"name\":\"AQUACLEAN\"}]},{\"@type\":\"WebSite\",\"@id\":\"https:\\\/\\\/bien-etreiris.ch\\\/de\\\/#website\",\"url\":\"https:\\\/\\\/bien-etreiris.ch\\\/de\\\/\",\"name\":\"Bien-\u00eatre Iris\",\"description\":\"IHRE Gesundheit ist uns wichtig\",\"potentialAction\":[{\"@type\":\"SearchAction\",\"target\":{\"@type\":\"EntryPoint\",\"urlTemplate\":\"https:\\\/\\\/bien-etreiris.ch\\\/de\\\/?s={search_term_string}\"},\"query-input\":{\"@type\":\"PropertyValueSpecification\",\"valueRequired\":true,\"valueName\":\"search_term_string\"}}],\"inLanguage\":\"de\"}]}<\/script>\n<!-- \/ Yoast SEO plugin. -->","yoast_head_json":{"title":"AQUACLEAN - WOHLBEFINDEN","robots":{"index":"index","follow":"follow","max-snippet":"max-snippet:-1","max-image-preview":"max-image-preview:large","max-video-preview":"max-video-preview:-1"},"canonical":"https:\/\/bien-etreiris.ch\/de\/produktpraesentation\/hygiene\/haushaltsreinigung\/reinigungskonzept\/textilien-mit-veredelung\/aquaclean\/","og_locale":"de_DE","og_type":"article","og_title":"AQUACLEAN - WOHLBEFINDEN","og_description":"Aquaclean le tissu qui se nettoie simplement \u00e0 l\u2019eau ! En trois gestes seulement La Technologie Aquaclean\u00ae permet d\u2019enlever toutes les taches accidentelles courantes sur le tissu de votre canap\u00e9, sans utiliser de d\u00e9tergent ni de machine \u00e0 laver. &nbsp; Enlevez l\u2019exc\u00e8s de salet\u00e9 rest\u00e9 sur le tissu. Appliquez de l\u2019eau sur la tache, soit directement, soit \u00e0 l\u2019aide d\u2019un&nbsp;Weiter lesen","og_url":"https:\/\/bien-etreiris.ch\/de\/produktpraesentation\/hygiene\/haushaltsreinigung\/reinigungskonzept\/textilien-mit-veredelung\/aquaclean\/","og_site_name":"WOHLBEFINDEN","article_publisher":"https:\/\/www.facebook.com\/bienetreiris\/","article_modified_time":"2020-12-01T08:34:13+00:00","og_image":[{"width":822,"height":594,"url":"https:\/\/bien-etreiris.ch\/wp-content\/uploads\/2020\/11\/fibre.jpg","type":"image\/jpeg"}],"twitter_misc":{"Gesch\u00e4tzte Lesezeit":"2\u00a0Minuten"},"schema":{"@context":"https:\/\/schema.org","@graph":[{"@type":"WebPage","@id":"https:\/\/bien-etreiris.ch\/de\/produktpraesentation\/hygiene\/haushaltsreinigung\/reinigungskonzept\/textilien-mit-veredelung\/aquaclean\/","url":"https:\/\/bien-etreiris.ch\/de\/produktpraesentation\/hygiene\/haushaltsreinigung\/reinigungskonzept\/textilien-mit-veredelung\/aquaclean\/","name":"AQUACLEAN - WOHLBEFINDEN","isPartOf":{"@id":"https:\/\/bien-etreiris.ch\/de\/#website"},"primaryImageOfPage":{"@id":"https:\/\/bien-etreiris.ch\/de\/produktpraesentation\/hygiene\/haushaltsreinigung\/reinigungskonzept\/textilien-mit-veredelung\/aquaclean\/#primaryimage"},"image":{"@id":"https:\/\/bien-etreiris.ch\/de\/produktpraesentation\/hygiene\/haushaltsreinigung\/reinigungskonzept\/textilien-mit-veredelung\/aquaclean\/#primaryimage"},"thumbnailUrl":"https:\/\/bien-etreiris.ch\/wp-content\/uploads\/2020\/11\/fibre.jpg","datePublished":"2020-11-30T15:29:31+00:00","dateModified":"2020-12-01T08:34:13+00:00","breadcrumb":{"@id":"https:\/\/bien-etreiris.ch\/de\/produktpraesentation\/hygiene\/haushaltsreinigung\/reinigungskonzept\/textilien-mit-veredelung\/aquaclean\/#breadcrumb"},"inLanguage":"de","potentialAction":[{"@type":"ReadAction","target":["https:\/\/bien-etreiris.ch\/de\/produktpraesentation\/hygiene\/haushaltsreinigung\/reinigungskonzept\/textilien-mit-veredelung\/aquaclean\/"]}]},{"@type":"ImageObject","inLanguage":"de","@id":"https:\/\/bien-etreiris.ch\/de\/produktpraesentation\/hygiene\/haushaltsreinigung\/reinigungskonzept\/textilien-mit-veredelung\/aquaclean\/#primaryimage","url":"https:\/\/bien-etreiris.ch\/wp-content\/uploads\/2020\/11\/fibre.jpg","contentUrl":"https:\/\/bien-etreiris.ch\/wp-content\/uploads\/2020\/11\/fibre.jpg","width":822,"height":594},{"@type":"BreadcrumbList","@id":"https:\/\/bien-etreiris.ch\/de\/produktpraesentation\/hygiene\/haushaltsreinigung\/reinigungskonzept\/textilien-mit-veredelung\/aquaclean\/#breadcrumb","itemListElement":[{"@type":"ListItem","position":1,"name":"Home","item":"https:\/\/bien-etreiris.ch\/de\/"},{"@type":"ListItem","position":2,"name":"PRODUKTPR\u00c4SENTATION","item":"https:\/\/bien-etreiris.ch\/de\/produktpraesentation\/"},{"@type":"ListItem","position":3,"name":"HYGIENE","item":"https:\/\/bien-etreiris.ch\/de\/produktpraesentation\/hygiene\/"},{"@type":"ListItem","position":4,"name":"HAUSHALTSREINIGUNG","item":"https:\/\/bien-etreiris.ch\/de\/produktpraesentation\/hygiene\/haushaltsreinigung\/"},{"@type":"ListItem","position":5,"name":"REINIGUNGSKONZEPT","item":"https:\/\/bien-etreiris.ch\/de\/produktpraesentation\/hygiene\/haushaltsreinigung\/reinigungskonzept\/"},{"@type":"ListItem","position":6,"name":"TEXTILIEN MIT VEREDELUNG","item":"https:\/\/bien-etreiris.ch\/de\/produktpraesentation\/hygiene\/haushaltsreinigung\/reinigungskonzept\/textilien-mit-veredelung\/"},{"@type":"ListItem","position":7,"name":"AQUACLEAN"}]},{"@type":"WebSite","@id":"https:\/\/bien-etreiris.ch\/de\/#website","url":"https:\/\/bien-etreiris.ch\/de\/","name":"Bien-\u00eatre Iris","description":"IHRE Gesundheit ist uns wichtig","potentialAction":[{"@type":"SearchAction","target":{"@type":"EntryPoint","urlTemplate":"https:\/\/bien-etreiris.ch\/de\/?s={search_term_string}"},"query-input":{"@type":"PropertyValueSpecification","valueRequired":true,"valueName":"search_term_string"}}],"inLanguage":"de"}]}},"_links":{"self":[{"href":"https:\/\/bien-etreiris.ch\/de\/wp-json\/wp\/v2\/pages\/35140","targetHints":{"allow":["GET"]}}],"collection":[{"href":"https:\/\/bien-etreiris.ch\/de\/wp-json\/wp\/v2\/pages"}],"about":[{"href":"https:\/\/bien-etreiris.ch\/de\/wp-json\/wp\/v2\/types\/page"}],"author":[{"embeddable":true,"href":"https:\/\/bien-etreiris.ch\/de\/wp-json\/wp\/v2\/users\/1"}],"replies":[{"embeddable":true,"href":"https:\/\/bien-etreiris.ch\/de\/wp-json\/wp\/v2\/comments?post=35140"}],"version-history":[{"count":19,"href":"https:\/\/bien-etreiris.ch\/de\/wp-json\/wp\/v2\/pages\/35140\/revisions"}],"predecessor-version":[{"id":35285,"href":"https:\/\/bien-etreiris.ch\/de\/wp-json\/wp\/v2\/pages\/35140\/revisions\/35285"}],"up":[{"embeddable":true,"href":"https:\/\/bien-etreiris.ch\/de\/wp-json\/wp\/v2\/pages\/48973"}],"wp:featuredmedia":[{"embeddable":true,"href":"https:\/\/bien-etreiris.ch\/de\/wp-json\/wp\/v2\/media\/35134"}],"wp:attachment":[{"href":"https:\/\/bien-etreiris.ch\/de\/wp-json\/wp\/v2\/media?parent=35140"}],"curies":[{"name":"wp","href":"https:\/\/api.w.org\/{rel}","templated":true}]}}