{"id":35114,"date":"2020-11-30T14:34:59","date_gmt":"2020-11-30T14:34:59","guid":{"rendered":"https:\/\/bien-etreiris.ch\/?page_id=35114"},"modified":"2021-06-02T15:55:22","modified_gmt":"2021-06-02T13:55:22","slug":"natron-technik","status":"publish","type":"page","link":"https:\/\/bien-etreiris.ch\/de\/produktpraesentation\/hygiene\/haushaltsreinigung\/reinigungskonzept\/fleckenbehandlung\/natron-technik\/","title":{"rendered":"NATRON TECHNIK"},"content":{"rendered":"<div id=\"content\" class=\"row\">\n<div class=\"span12\" data-motopress-type=\"loop\" data-motopress-loop-file=\"loop\/loop-page.php\">\n<div id=\"post-22967\" class=\"page post-22967 type-page status-publish has-post-thumbnail hentry\">\n<h2>Natron Technik<\/h2>\n<p>Stoffe und Leinen<\/p>\n<h4>Weichsp\u00fcler<\/h4>\n<p>Geben Sie 1\/4 Glas Backpulver und 3\/4 Glas Wasser in den Sp\u00fcleinsatz der Maschine.<\/p>\n<h4>W\u00e4schefleckenentferner<\/h4>\n<p>Einige Stunden in einer Sch\u00fcssel mit hei\u00dfem Wasser einweichen. Dann ein wenig aussp\u00fclen und in die Waschmaschine geben.<\/p>\n<h4>Teppichreiniger<\/h4>\n<p>Teppiche und Sofas: mit Natronbestreuen, einreiben, 1 Stunde einwirken lassen, dann absaugen. Der Stoff wird gereinigt und desodoriert.<\/p>\n<h4>Wei\u00dfelt die W\u00e4sche<\/h4>\n<p>Geben Sie NATRON in Ihren W\u00e4schebeh\u00e4lter, wenn Sie eine wei\u00dfe W\u00e4sche waschen. Um die Wirksamkeit Ihrer gr\u00fcnen Waschmittel (z. B. Waschn\u00fcsse) zu erh\u00f6hen, geben Sie w\u00e4hrend des Waschgangs 1 bis 2 Essl\u00f6ffel Backpulver in die Wanne: Es dient als Desodorierungsmittel, belebt die Farben und verhindert die Ansammlung von Kalk auf den Textilien.<\/p>\n<h4>W\u00e4schedesodorierer<\/h4>\n<p>Um den Chlorgeruch aus Ihren Handt\u00fcchern zu entfernen, f\u00fcgen Sie 2 Essl\u00f6ffel Backpulver w\u00e4hrend des Waschvorgangs oder im Sp\u00fclwasser hinzu.<\/p>\n<h4>Entkalkungsmittel f\u00fcr die Waschmaschine&nbsp;<\/h4>\n<p>Um die Bildung von Kesselstein in Ihrer Maschine zu verhindern (gilt auch f\u00fcr die Sp\u00fclmaschine, Kaffeemaschine, Teekanne durch Anpassen der Dosierung), f\u00fchren Sie einmal im Monat eine W\u00e4sche mit 150 gr.<\/p>\n<p><img loading=\"lazy\" decoding=\"async\" class=\"size-medium wp-image-22968 alignleft\" src=\"https:\/\/decoiris.ch\/wp-content\/uploads\/2019\/07\/titel-1-300x225.png\" sizes=\"auto, (max-width: 300px) 100vw, 300px\" srcset=\"https:\/\/decoiris.ch\/wp-content\/uploads\/2019\/07\/titel-1-300x225.png 300w, https:\/\/decoiris.ch\/wp-content\/uploads\/2019\/07\/titel-1-200x150.png 200w, https:\/\/decoiris.ch\/wp-content\/uploads\/2019\/07\/titel-1.png 640w\" alt=\"\" width=\"300\" height=\"225\"><\/p>\n<p>&nbsp;<\/p>\n<p>En vrac<\/p>\n<p><strong>100 gr CHF 0.55<\/strong><br \/>\n&nbsp;<\/p>\n<div class=\"clear\">&nbsp;<\/div>\n<\/div>\n<div class=\"row\">&nbsp;<\/div>\n<\/div>\n<\/div>\n","protected":false},"excerpt":{"rendered":"<p>Natron Technik Stoffe und Leinen Weichsp\u00fcler Geben Sie 1\/4 Glas Backpulver und 3\/4 Glas Wasser in den Sp\u00fcleinsatz der Maschine. W\u00e4schefleckenentferner Einige Stunden in einer Sch\u00fcssel mit hei\u00dfem Wasser einweichen. Dann ein wenig aussp\u00fclen und in die Waschmaschine geben. Teppichreiniger Teppiche und Sofas: mit Natronbestreuen, einreiben, 1 Stunde einwirken lassen, dann absaugen. Der Stoff wird gereinigt und desodoriert. Wei\u00dfelt die&nbsp;<a href=\"https:\/\/bien-etreiris.ch\/de\/produktpraesentation\/hygiene\/haushaltsreinigung\/reinigungskonzept\/fleckenbehandlung\/natron-technik\/\" class=\"read-more\">Weiter lesen<\/a><\/p>\n","protected":false},"author":1,"featured_media":35120,"parent":35107,"menu_order":6717,"comment_status":"closed","ping_status":"closed","template":"page-with-child.php","meta":{"_acf_changed":false,"ngg_post_thumbnail":0,"footnotes":""},"class_list":["post-35114","page","type-page","status-publish","has-post-thumbnail","hentry"],"acf":[],"yoast_head":"<!-- This site is optimized with the Yoast SEO plugin v27.5 - https:\/\/yoast.com\/product\/yoast-seo-wordpress\/ -->\n<title>NATRON TECHNIK - WOHLBEFINDEN<\/title>\n<meta name=\"robots\" content=\"index, follow, max-snippet:-1, max-image-preview:large, max-video-preview:-1\" \/>\n<link rel=\"canonical\" href=\"https:\/\/bien-etreiris.ch\/de\/produktpraesentation\/hygiene\/haushaltsreinigung\/reinigungskonzept\/fleckenbehandlung\/natron-technik\/\" \/>\n<meta property=\"og:locale\" content=\"de_DE\" \/>\n<meta property=\"og:type\" content=\"article\" \/>\n<meta property=\"og:title\" content=\"NATRON TECHNIK - WOHLBEFINDEN\" \/>\n<meta property=\"og:description\" content=\"Natron Technik Stoffe und Leinen Weichsp\u00fcler Geben Sie 1\/4 Glas Backpulver und 3\/4 Glas Wasser in den Sp\u00fcleinsatz der Maschine. W\u00e4schefleckenentferner Einige Stunden in einer Sch\u00fcssel mit hei\u00dfem Wasser einweichen. Dann ein wenig aussp\u00fclen und in die Waschmaschine geben. Teppichreiniger Teppiche und Sofas: mit Natronbestreuen, einreiben, 1 Stunde einwirken lassen, dann absaugen. Der Stoff wird gereinigt und desodoriert. Wei\u00dfelt die&nbsp;Weiter lesen\" \/>\n<meta property=\"og:url\" content=\"https:\/\/bien-etreiris.ch\/de\/produktpraesentation\/hygiene\/haushaltsreinigung\/reinigungskonzept\/fleckenbehandlung\/natron-technik\/\" \/>\n<meta property=\"og:site_name\" content=\"WOHLBEFINDEN\" \/>\n<meta property=\"article:publisher\" content=\"https:\/\/www.facebook.com\/bienetreiris\/\" \/>\n<meta property=\"article:modified_time\" content=\"2021-06-02T13:55:22+00:00\" \/>\n<meta property=\"og:image\" content=\"https:\/\/bien-etreiris.ch\/wp-content\/uploads\/2020\/11\/Bicarbonate-de-soude.png\" \/>\n\t<meta property=\"og:image:width\" content=\"640\" \/>\n\t<meta property=\"og:image:height\" content=\"480\" \/>\n\t<meta property=\"og:image:type\" content=\"image\/png\" \/>\n<meta name=\"twitter:label1\" content=\"Gesch\u00e4tzte Lesezeit\" \/>\n\t<meta name=\"twitter:data1\" content=\"1\u00a0Minute\" \/>\n<script type=\"application\/ld+json\" class=\"yoast-schema-graph\">{\"@context\":\"https:\\\/\\\/schema.org\",\"@graph\":[{\"@type\":\"WebPage\",\"@id\":\"https:\\\/\\\/bien-etreiris.ch\\\/de\\\/produktpraesentation\\\/hygiene\\\/haushaltsreinigung\\\/reinigungskonzept\\\/fleckenbehandlung\\\/natron-technik\\\/\",\"url\":\"https:\\\/\\\/bien-etreiris.ch\\\/de\\\/produktpraesentation\\\/hygiene\\\/haushaltsreinigung\\\/reinigungskonzept\\\/fleckenbehandlung\\\/natron-technik\\\/\",\"name\":\"NATRON TECHNIK - WOHLBEFINDEN\",\"isPartOf\":{\"@id\":\"https:\\\/\\\/bien-etreiris.ch\\\/de\\\/#website\"},\"primaryImageOfPage\":{\"@id\":\"https:\\\/\\\/bien-etreiris.ch\\\/de\\\/produktpraesentation\\\/hygiene\\\/haushaltsreinigung\\\/reinigungskonzept\\\/fleckenbehandlung\\\/natron-technik\\\/#primaryimage\"},\"image\":{\"@id\":\"https:\\\/\\\/bien-etreiris.ch\\\/de\\\/produktpraesentation\\\/hygiene\\\/haushaltsreinigung\\\/reinigungskonzept\\\/fleckenbehandlung\\\/natron-technik\\\/#primaryimage\"},\"thumbnailUrl\":\"https:\\\/\\\/bien-etreiris.ch\\\/wp-content\\\/uploads\\\/2020\\\/11\\\/Bicarbonate-de-soude.png\",\"datePublished\":\"2020-11-30T14:34:59+00:00\",\"dateModified\":\"2021-06-02T13:55:22+00:00\",\"breadcrumb\":{\"@id\":\"https:\\\/\\\/bien-etreiris.ch\\\/de\\\/produktpraesentation\\\/hygiene\\\/haushaltsreinigung\\\/reinigungskonzept\\\/fleckenbehandlung\\\/natron-technik\\\/#breadcrumb\"},\"inLanguage\":\"de\",\"potentialAction\":[{\"@type\":\"ReadAction\",\"target\":[\"https:\\\/\\\/bien-etreiris.ch\\\/de\\\/produktpraesentation\\\/hygiene\\\/haushaltsreinigung\\\/reinigungskonzept\\\/fleckenbehandlung\\\/natron-technik\\\/\"]}]},{\"@type\":\"ImageObject\",\"inLanguage\":\"de\",\"@id\":\"https:\\\/\\\/bien-etreiris.ch\\\/de\\\/produktpraesentation\\\/hygiene\\\/haushaltsreinigung\\\/reinigungskonzept\\\/fleckenbehandlung\\\/natron-technik\\\/#primaryimage\",\"url\":\"https:\\\/\\\/bien-etreiris.ch\\\/wp-content\\\/uploads\\\/2020\\\/11\\\/Bicarbonate-de-soude.png\",\"contentUrl\":\"https:\\\/\\\/bien-etreiris.ch\\\/wp-content\\\/uploads\\\/2020\\\/11\\\/Bicarbonate-de-soude.png\",\"width\":640,\"height\":480},{\"@type\":\"BreadcrumbList\",\"@id\":\"https:\\\/\\\/bien-etreiris.ch\\\/de\\\/produktpraesentation\\\/hygiene\\\/haushaltsreinigung\\\/reinigungskonzept\\\/fleckenbehandlung\\\/natron-technik\\\/#breadcrumb\",\"itemListElement\":[{\"@type\":\"ListItem\",\"position\":1,\"name\":\"Home\",\"item\":\"https:\\\/\\\/bien-etreiris.ch\\\/de\\\/\"},{\"@type\":\"ListItem\",\"position\":2,\"name\":\"PRODUKTPR\u00c4SENTATION\",\"item\":\"https:\\\/\\\/bien-etreiris.ch\\\/de\\\/produktpraesentation\\\/\"},{\"@type\":\"ListItem\",\"position\":3,\"name\":\"HYGIENE\",\"item\":\"https:\\\/\\\/bien-etreiris.ch\\\/de\\\/produktpraesentation\\\/hygiene\\\/\"},{\"@type\":\"ListItem\",\"position\":4,\"name\":\"HAUSHALTSREINIGUNG\",\"item\":\"https:\\\/\\\/bien-etreiris.ch\\\/de\\\/produktpraesentation\\\/hygiene\\\/haushaltsreinigung\\\/\"},{\"@type\":\"ListItem\",\"position\":5,\"name\":\"REINIGUNGSKONZEPT\",\"item\":\"https:\\\/\\\/bien-etreiris.ch\\\/de\\\/produktpraesentation\\\/hygiene\\\/haushaltsreinigung\\\/reinigungskonzept\\\/\"},{\"@type\":\"ListItem\",\"position\":6,\"name\":\"FLECKENBEHANDLUNG\",\"item\":\"https:\\\/\\\/bien-etreiris.ch\\\/de\\\/produktpraesentation\\\/hygiene\\\/haushaltsreinigung\\\/reinigungskonzept\\\/fleckenbehandlung\\\/\"},{\"@type\":\"ListItem\",\"position\":7,\"name\":\"NATRON TECHNIK\"}]},{\"@type\":\"WebSite\",\"@id\":\"https:\\\/\\\/bien-etreiris.ch\\\/de\\\/#website\",\"url\":\"https:\\\/\\\/bien-etreiris.ch\\\/de\\\/\",\"name\":\"Bien-\u00eatre Iris\",\"description\":\"IHRE Gesundheit ist uns wichtig\",\"potentialAction\":[{\"@type\":\"SearchAction\",\"target\":{\"@type\":\"EntryPoint\",\"urlTemplate\":\"https:\\\/\\\/bien-etreiris.ch\\\/de\\\/?s={search_term_string}\"},\"query-input\":{\"@type\":\"PropertyValueSpecification\",\"valueRequired\":true,\"valueName\":\"search_term_string\"}}],\"inLanguage\":\"de\"}]}<\/script>\n<!-- \/ Yoast SEO plugin. -->","yoast_head_json":{"title":"NATRON TECHNIK - WOHLBEFINDEN","robots":{"index":"index","follow":"follow","max-snippet":"max-snippet:-1","max-image-preview":"max-image-preview:large","max-video-preview":"max-video-preview:-1"},"canonical":"https:\/\/bien-etreiris.ch\/de\/produktpraesentation\/hygiene\/haushaltsreinigung\/reinigungskonzept\/fleckenbehandlung\/natron-technik\/","og_locale":"de_DE","og_type":"article","og_title":"NATRON TECHNIK - WOHLBEFINDEN","og_description":"Natron Technik Stoffe und Leinen Weichsp\u00fcler Geben Sie 1\/4 Glas Backpulver und 3\/4 Glas Wasser in den Sp\u00fcleinsatz der Maschine. W\u00e4schefleckenentferner Einige Stunden in einer Sch\u00fcssel mit hei\u00dfem Wasser einweichen. Dann ein wenig aussp\u00fclen und in die Waschmaschine geben. Teppichreiniger Teppiche und Sofas: mit Natronbestreuen, einreiben, 1 Stunde einwirken lassen, dann absaugen. Der Stoff wird gereinigt und desodoriert. Wei\u00dfelt die&nbsp;Weiter lesen","og_url":"https:\/\/bien-etreiris.ch\/de\/produktpraesentation\/hygiene\/haushaltsreinigung\/reinigungskonzept\/fleckenbehandlung\/natron-technik\/","og_site_name":"WOHLBEFINDEN","article_publisher":"https:\/\/www.facebook.com\/bienetreiris\/","article_modified_time":"2021-06-02T13:55:22+00:00","og_image":[{"width":640,"height":480,"url":"https:\/\/bien-etreiris.ch\/wp-content\/uploads\/2020\/11\/Bicarbonate-de-soude.png","type":"image\/png"}],"twitter_misc":{"Gesch\u00e4tzte Lesezeit":"1\u00a0Minute"},"schema":{"@context":"https:\/\/schema.org","@graph":[{"@type":"WebPage","@id":"https:\/\/bien-etreiris.ch\/de\/produktpraesentation\/hygiene\/haushaltsreinigung\/reinigungskonzept\/fleckenbehandlung\/natron-technik\/","url":"https:\/\/bien-etreiris.ch\/de\/produktpraesentation\/hygiene\/haushaltsreinigung\/reinigungskonzept\/fleckenbehandlung\/natron-technik\/","name":"NATRON TECHNIK - WOHLBEFINDEN","isPartOf":{"@id":"https:\/\/bien-etreiris.ch\/de\/#website"},"primaryImageOfPage":{"@id":"https:\/\/bien-etreiris.ch\/de\/produktpraesentation\/hygiene\/haushaltsreinigung\/reinigungskonzept\/fleckenbehandlung\/natron-technik\/#primaryimage"},"image":{"@id":"https:\/\/bien-etreiris.ch\/de\/produktpraesentation\/hygiene\/haushaltsreinigung\/reinigungskonzept\/fleckenbehandlung\/natron-technik\/#primaryimage"},"thumbnailUrl":"https:\/\/bien-etreiris.ch\/wp-content\/uploads\/2020\/11\/Bicarbonate-de-soude.png","datePublished":"2020-11-30T14:34:59+00:00","dateModified":"2021-06-02T13:55:22+00:00","breadcrumb":{"@id":"https:\/\/bien-etreiris.ch\/de\/produktpraesentation\/hygiene\/haushaltsreinigung\/reinigungskonzept\/fleckenbehandlung\/natron-technik\/#breadcrumb"},"inLanguage":"de","potentialAction":[{"@type":"ReadAction","target":["https:\/\/bien-etreiris.ch\/de\/produktpraesentation\/hygiene\/haushaltsreinigung\/reinigungskonzept\/fleckenbehandlung\/natron-technik\/"]}]},{"@type":"ImageObject","inLanguage":"de","@id":"https:\/\/bien-etreiris.ch\/de\/produktpraesentation\/hygiene\/haushaltsreinigung\/reinigungskonzept\/fleckenbehandlung\/natron-technik\/#primaryimage","url":"https:\/\/bien-etreiris.ch\/wp-content\/uploads\/2020\/11\/Bicarbonate-de-soude.png","contentUrl":"https:\/\/bien-etreiris.ch\/wp-content\/uploads\/2020\/11\/Bicarbonate-de-soude.png","width":640,"height":480},{"@type":"BreadcrumbList","@id":"https:\/\/bien-etreiris.ch\/de\/produktpraesentation\/hygiene\/haushaltsreinigung\/reinigungskonzept\/fleckenbehandlung\/natron-technik\/#breadcrumb","itemListElement":[{"@type":"ListItem","position":1,"name":"Home","item":"https:\/\/bien-etreiris.ch\/de\/"},{"@type":"ListItem","position":2,"name":"PRODUKTPR\u00c4SENTATION","item":"https:\/\/bien-etreiris.ch\/de\/produktpraesentation\/"},{"@type":"ListItem","position":3,"name":"HYGIENE","item":"https:\/\/bien-etreiris.ch\/de\/produktpraesentation\/hygiene\/"},{"@type":"ListItem","position":4,"name":"HAUSHALTSREINIGUNG","item":"https:\/\/bien-etreiris.ch\/de\/produktpraesentation\/hygiene\/haushaltsreinigung\/"},{"@type":"ListItem","position":5,"name":"REINIGUNGSKONZEPT","item":"https:\/\/bien-etreiris.ch\/de\/produktpraesentation\/hygiene\/haushaltsreinigung\/reinigungskonzept\/"},{"@type":"ListItem","position":6,"name":"FLECKENBEHANDLUNG","item":"https:\/\/bien-etreiris.ch\/de\/produktpraesentation\/hygiene\/haushaltsreinigung\/reinigungskonzept\/fleckenbehandlung\/"},{"@type":"ListItem","position":7,"name":"NATRON TECHNIK"}]},{"@type":"WebSite","@id":"https:\/\/bien-etreiris.ch\/de\/#website","url":"https:\/\/bien-etreiris.ch\/de\/","name":"Bien-\u00eatre Iris","description":"IHRE Gesundheit ist uns wichtig","potentialAction":[{"@type":"SearchAction","target":{"@type":"EntryPoint","urlTemplate":"https:\/\/bien-etreiris.ch\/de\/?s={search_term_string}"},"query-input":{"@type":"PropertyValueSpecification","valueRequired":true,"valueName":"search_term_string"}}],"inLanguage":"de"}]}},"_links":{"self":[{"href":"https:\/\/bien-etreiris.ch\/de\/wp-json\/wp\/v2\/pages\/35114","targetHints":{"allow":["GET"]}}],"collection":[{"href":"https:\/\/bien-etreiris.ch\/de\/wp-json\/wp\/v2\/pages"}],"about":[{"href":"https:\/\/bien-etreiris.ch\/de\/wp-json\/wp\/v2\/types\/page"}],"author":[{"embeddable":true,"href":"https:\/\/bien-etreiris.ch\/de\/wp-json\/wp\/v2\/users\/1"}],"replies":[{"embeddable":true,"href":"https:\/\/bien-etreiris.ch\/de\/wp-json\/wp\/v2\/comments?post=35114"}],"version-history":[{"count":3,"href":"https:\/\/bien-etreiris.ch\/de\/wp-json\/wp\/v2\/pages\/35114\/revisions"}],"predecessor-version":[{"id":49008,"href":"https:\/\/bien-etreiris.ch\/de\/wp-json\/wp\/v2\/pages\/35114\/revisions\/49008"}],"up":[{"embeddable":true,"href":"https:\/\/bien-etreiris.ch\/de\/wp-json\/wp\/v2\/pages\/35107"}],"wp:featuredmedia":[{"embeddable":true,"href":"https:\/\/bien-etreiris.ch\/de\/wp-json\/wp\/v2\/media\/35120"}],"wp:attachment":[{"href":"https:\/\/bien-etreiris.ch\/de\/wp-json\/wp\/v2\/media?parent=35114"}],"curies":[{"name":"wp","href":"https:\/\/api.w.org\/{rel}","templated":true}]}}