{"id":34740,"date":"2020-11-26T18:42:05","date_gmt":"2020-11-26T18:42:05","guid":{"rendered":"https:\/\/bien-etreiris.ch\/?page_id=34740"},"modified":"2023-02-07T08:13:04","modified_gmt":"2023-02-07T06:13:04","slug":"zuckeralternativen","status":"publish","type":"page","link":"https:\/\/bien-etreiris.ch\/de\/produktpraesentation\/gesundes-leben\/gesunde-lebensmittel\/zutaten-wohlbefinden\/zuckeralternativen\/","title":{"rendered":"ZUCKERALTERNATIVEN"},"content":{"rendered":"\n<h2 class=\"wp-block-heading\">Zuckeralternativen<\/h2>\n\n\n<p>Mit diesen Zuckeraustauschstoffen k\u00f6nnen Sie den weissen Zucker leicht ersetzen :<\/p>\n<p>Erythritol<br>Honig<br>Honigpulver<br>Agavensirup<br>Ahornsirup<br>Kokosbl\u00fctensirup<br>Yacon-Sirup<br>Reissirup<br>Stevia<br>Zucker aus Kokosbl\u00fcten<br>Xylitol (Birkenzucker)<\/p>\n<p>&nbsp;<\/p>\n<p>Abschlie\u00dfend l\u00e4sst sich sagen, dass der beste Zuckerersatz von Ihren Vorlieben und Zielen abh\u00e4ngt:<\/p>\n<p>Erythrit ist kalorienfrei.<br>Honig ist ein Naturprodukt und hat eine etwas h\u00f6here S\u00fc\u00dfkraft als Zucker.<br>Agavensirup enth\u00e4lt wertvolle Mineralien und ist gut l\u00f6slich.<br>Kokosbl\u00fctensirup ist nat\u00fcrlich und unraffiniert.<br>Reissirup ist f\u00fcr Menschen mit Fruktoseintoleranz geeignet.<br>Yacon-Sirup enth\u00e4lt bis zu 50 % weniger Kalorien als Zucker.<br>Stevia hat einen lakritz\u00e4hnlichen Nachgeschmack und ist f\u00fcr Diabetiker geeignet.<br>Kokosbl\u00fctenzucker ist nat\u00fcrlichen Ursprungs und sehr vielseitig einsetzbar.<br>Xylitol hat 40 % weniger Kalorien als Zucker.<\/p>\n<p>&nbsp;<\/p>\n<p>Jeder Zuckerersatz hat seine Vor- und Nachteile. Es kommt darauf an, wie Sie sich f\u00fcr die Verwendung entscheiden und was Sie davon erwarten. F\u00fcr manche wird es entscheidend sein, dass die Alternative f\u00fcr einen Kohlenhydratabbau oder kalorienarme Ern\u00e4hrung geeignet ist. F\u00fcr andere ist es wichtiger, ein nat\u00fcrliches Produkt zu haben oder ein Produkt, das ihren Blutzuckerspiegel aufgrund von Diabetes nicht beeinflusst. In dieser grossen Auswahl finden Sie bestimmt eine Alternative, die zu Ihnen passt!<\/p>\n<p>&nbsp;<\/p>\n<p>&nbsp;<\/p>\n<p>&nbsp;<\/p>","protected":false},"excerpt":{"rendered":"<p>Zuckeralternativen Mit diesen Zuckeraustauschstoffen k\u00f6nnen Sie den weissen Zucker leicht ersetzen : ErythritolHonigHonigpulverAgavensirupAhornsirupKokosbl\u00fctensirupYacon-SirupReissirupSteviaZucker aus Kokosbl\u00fctenXylitol (Birkenzucker) &nbsp; Abschlie\u00dfend l\u00e4sst sich sagen, dass der beste Zuckerersatz von Ihren Vorlieben und Zielen abh\u00e4ngt: Erythrit ist kalorienfrei.Honig ist ein Naturprodukt und hat eine etwas h\u00f6here S\u00fc\u00dfkraft als Zucker.Agavensirup enth\u00e4lt wertvolle Mineralien und ist gut l\u00f6slich.Kokosbl\u00fctensirup ist nat\u00fcrlich und unraffiniert.Reissirup ist f\u00fcr Menschen mit&nbsp;<a href=\"https:\/\/bien-etreiris.ch\/de\/produktpraesentation\/gesundes-leben\/gesunde-lebensmittel\/zutaten-wohlbefinden\/zuckeralternativen\/\" class=\"read-more\">Weiter lesen<\/a><\/p>\n","protected":false},"author":1,"featured_media":34736,"parent":30638,"menu_order":6759,"comment_status":"closed","ping_status":"closed","template":"page-with-child.php","meta":{"_acf_changed":false,"ngg_post_thumbnail":0,"footnotes":""},"class_list":["post-34740","page","type-page","status-publish","has-post-thumbnail","hentry"],"acf":[],"yoast_head":"<!-- This site is optimized with the Yoast SEO plugin v27.4 - https:\/\/yoast.com\/product\/yoast-seo-wordpress\/ -->\n<title>ZUCKERALTERNATIVEN - WOHLBEFINDEN<\/title>\n<meta name=\"robots\" content=\"index, follow, max-snippet:-1, max-image-preview:large, max-video-preview:-1\" \/>\n<link rel=\"canonical\" href=\"https:\/\/bien-etreiris.ch\/de\/produktpraesentation\/gesundes-leben\/gesunde-lebensmittel\/zutaten-wohlbefinden\/zuckeralternativen\/\" \/>\n<meta property=\"og:locale\" content=\"de_DE\" \/>\n<meta property=\"og:type\" content=\"article\" \/>\n<meta property=\"og:title\" content=\"ZUCKERALTERNATIVEN - WOHLBEFINDEN\" \/>\n<meta property=\"og:description\" content=\"Zuckeralternativen Mit diesen Zuckeraustauschstoffen k\u00f6nnen Sie den weissen Zucker leicht ersetzen : ErythritolHonigHonigpulverAgavensirupAhornsirupKokosbl\u00fctensirupYacon-SirupReissirupSteviaZucker aus Kokosbl\u00fctenXylitol (Birkenzucker) &nbsp; Abschlie\u00dfend l\u00e4sst sich sagen, dass der beste Zuckerersatz von Ihren Vorlieben und Zielen abh\u00e4ngt: Erythrit ist kalorienfrei.Honig ist ein Naturprodukt und hat eine etwas h\u00f6here S\u00fc\u00dfkraft als Zucker.Agavensirup enth\u00e4lt wertvolle Mineralien und ist gut l\u00f6slich.Kokosbl\u00fctensirup ist nat\u00fcrlich und unraffiniert.Reissirup ist f\u00fcr Menschen mit&nbsp;Weiter lesen\" \/>\n<meta property=\"og:url\" content=\"https:\/\/bien-etreiris.ch\/de\/produktpraesentation\/gesundes-leben\/gesunde-lebensmittel\/zutaten-wohlbefinden\/zuckeralternativen\/\" \/>\n<meta property=\"og:site_name\" content=\"WOHLBEFINDEN\" \/>\n<meta property=\"article:publisher\" content=\"https:\/\/www.facebook.com\/bienetreiris\/\" \/>\n<meta property=\"article:modified_time\" content=\"2023-02-07T06:13:04+00:00\" \/>\n<meta property=\"og:image\" content=\"https:\/\/bien-etreiris.ch\/wp-content\/uploads\/2020\/11\/acceuil-14.jpg\" \/>\n\t<meta property=\"og:image:width\" content=\"500\" \/>\n\t<meta property=\"og:image:height\" content=\"333\" \/>\n\t<meta property=\"og:image:type\" content=\"image\/jpeg\" \/>\n<meta name=\"twitter:label1\" content=\"Gesch\u00e4tzte Lesezeit\" \/>\n\t<meta name=\"twitter:data1\" content=\"2\u00a0Minuten\" \/>\n<script type=\"application\/ld+json\" class=\"yoast-schema-graph\">{\"@context\":\"https:\\\/\\\/schema.org\",\"@graph\":[{\"@type\":\"WebPage\",\"@id\":\"https:\\\/\\\/bien-etreiris.ch\\\/de\\\/produktpraesentation\\\/gesundes-leben\\\/gesunde-lebensmittel\\\/zutaten-wohlbefinden\\\/zuckeralternativen\\\/\",\"url\":\"https:\\\/\\\/bien-etreiris.ch\\\/de\\\/produktpraesentation\\\/gesundes-leben\\\/gesunde-lebensmittel\\\/zutaten-wohlbefinden\\\/zuckeralternativen\\\/\",\"name\":\"ZUCKERALTERNATIVEN - WOHLBEFINDEN\",\"isPartOf\":{\"@id\":\"https:\\\/\\\/bien-etreiris.ch\\\/de\\\/#website\"},\"primaryImageOfPage\":{\"@id\":\"https:\\\/\\\/bien-etreiris.ch\\\/de\\\/produktpraesentation\\\/gesundes-leben\\\/gesunde-lebensmittel\\\/zutaten-wohlbefinden\\\/zuckeralternativen\\\/#primaryimage\"},\"image\":{\"@id\":\"https:\\\/\\\/bien-etreiris.ch\\\/de\\\/produktpraesentation\\\/gesundes-leben\\\/gesunde-lebensmittel\\\/zutaten-wohlbefinden\\\/zuckeralternativen\\\/#primaryimage\"},\"thumbnailUrl\":\"https:\\\/\\\/bien-etreiris.ch\\\/wp-content\\\/uploads\\\/2020\\\/11\\\/acceuil-14.jpg\",\"datePublished\":\"2020-11-26T18:42:05+00:00\",\"dateModified\":\"2023-02-07T06:13:04+00:00\",\"breadcrumb\":{\"@id\":\"https:\\\/\\\/bien-etreiris.ch\\\/de\\\/produktpraesentation\\\/gesundes-leben\\\/gesunde-lebensmittel\\\/zutaten-wohlbefinden\\\/zuckeralternativen\\\/#breadcrumb\"},\"inLanguage\":\"de\",\"potentialAction\":[{\"@type\":\"ReadAction\",\"target\":[\"https:\\\/\\\/bien-etreiris.ch\\\/de\\\/produktpraesentation\\\/gesundes-leben\\\/gesunde-lebensmittel\\\/zutaten-wohlbefinden\\\/zuckeralternativen\\\/\"]}]},{\"@type\":\"ImageObject\",\"inLanguage\":\"de\",\"@id\":\"https:\\\/\\\/bien-etreiris.ch\\\/de\\\/produktpraesentation\\\/gesundes-leben\\\/gesunde-lebensmittel\\\/zutaten-wohlbefinden\\\/zuckeralternativen\\\/#primaryimage\",\"url\":\"https:\\\/\\\/bien-etreiris.ch\\\/wp-content\\\/uploads\\\/2020\\\/11\\\/acceuil-14.jpg\",\"contentUrl\":\"https:\\\/\\\/bien-etreiris.ch\\\/wp-content\\\/uploads\\\/2020\\\/11\\\/acceuil-14.jpg\",\"width\":500,\"height\":333},{\"@type\":\"BreadcrumbList\",\"@id\":\"https:\\\/\\\/bien-etreiris.ch\\\/de\\\/produktpraesentation\\\/gesundes-leben\\\/gesunde-lebensmittel\\\/zutaten-wohlbefinden\\\/zuckeralternativen\\\/#breadcrumb\",\"itemListElement\":[{\"@type\":\"ListItem\",\"position\":1,\"name\":\"Home\",\"item\":\"https:\\\/\\\/bien-etreiris.ch\\\/de\\\/\"},{\"@type\":\"ListItem\",\"position\":2,\"name\":\"PRODUKTPR\u00c4SENTATION\",\"item\":\"https:\\\/\\\/bien-etreiris.ch\\\/de\\\/produktpraesentation\\\/\"},{\"@type\":\"ListItem\",\"position\":3,\"name\":\"GESUNDES LEBEN\",\"item\":\"https:\\\/\\\/bien-etreiris.ch\\\/de\\\/produktpraesentation\\\/gesundes-leben\\\/\"},{\"@type\":\"ListItem\",\"position\":4,\"name\":\"GESUNDE LEBENSMITTEL\",\"item\":\"https:\\\/\\\/bien-etreiris.ch\\\/de\\\/produktpraesentation\\\/gesundes-leben\\\/gesunde-lebensmittel\\\/\"},{\"@type\":\"ListItem\",\"position\":5,\"name\":\"ZUTATEN\",\"item\":\"https:\\\/\\\/bien-etreiris.ch\\\/de\\\/produktpraesentation\\\/gesundes-leben\\\/gesunde-lebensmittel\\\/zutaten-wohlbefinden\\\/\"},{\"@type\":\"ListItem\",\"position\":6,\"name\":\"ZUCKERALTERNATIVEN\"}]},{\"@type\":\"WebSite\",\"@id\":\"https:\\\/\\\/bien-etreiris.ch\\\/de\\\/#website\",\"url\":\"https:\\\/\\\/bien-etreiris.ch\\\/de\\\/\",\"name\":\"Bien-\u00eatre Iris\",\"description\":\"IHRE Gesundheit ist uns wichtig\",\"potentialAction\":[{\"@type\":\"SearchAction\",\"target\":{\"@type\":\"EntryPoint\",\"urlTemplate\":\"https:\\\/\\\/bien-etreiris.ch\\\/de\\\/?s={search_term_string}\"},\"query-input\":{\"@type\":\"PropertyValueSpecification\",\"valueRequired\":true,\"valueName\":\"search_term_string\"}}],\"inLanguage\":\"de\"}]}<\/script>\n<!-- \/ Yoast SEO plugin. -->","yoast_head_json":{"title":"ZUCKERALTERNATIVEN - WOHLBEFINDEN","robots":{"index":"index","follow":"follow","max-snippet":"max-snippet:-1","max-image-preview":"max-image-preview:large","max-video-preview":"max-video-preview:-1"},"canonical":"https:\/\/bien-etreiris.ch\/de\/produktpraesentation\/gesundes-leben\/gesunde-lebensmittel\/zutaten-wohlbefinden\/zuckeralternativen\/","og_locale":"de_DE","og_type":"article","og_title":"ZUCKERALTERNATIVEN - WOHLBEFINDEN","og_description":"Zuckeralternativen Mit diesen Zuckeraustauschstoffen k\u00f6nnen Sie den weissen Zucker leicht ersetzen : ErythritolHonigHonigpulverAgavensirupAhornsirupKokosbl\u00fctensirupYacon-SirupReissirupSteviaZucker aus Kokosbl\u00fctenXylitol (Birkenzucker) &nbsp; Abschlie\u00dfend l\u00e4sst sich sagen, dass der beste Zuckerersatz von Ihren Vorlieben und Zielen abh\u00e4ngt: Erythrit ist kalorienfrei.Honig ist ein Naturprodukt und hat eine etwas h\u00f6here S\u00fc\u00dfkraft als Zucker.Agavensirup enth\u00e4lt wertvolle Mineralien und ist gut l\u00f6slich.Kokosbl\u00fctensirup ist nat\u00fcrlich und unraffiniert.Reissirup ist f\u00fcr Menschen mit&nbsp;Weiter lesen","og_url":"https:\/\/bien-etreiris.ch\/de\/produktpraesentation\/gesundes-leben\/gesunde-lebensmittel\/zutaten-wohlbefinden\/zuckeralternativen\/","og_site_name":"WOHLBEFINDEN","article_publisher":"https:\/\/www.facebook.com\/bienetreiris\/","article_modified_time":"2023-02-07T06:13:04+00:00","og_image":[{"width":500,"height":333,"url":"https:\/\/bien-etreiris.ch\/wp-content\/uploads\/2020\/11\/acceuil-14.jpg","type":"image\/jpeg"}],"twitter_misc":{"Gesch\u00e4tzte Lesezeit":"2\u00a0Minuten"},"schema":{"@context":"https:\/\/schema.org","@graph":[{"@type":"WebPage","@id":"https:\/\/bien-etreiris.ch\/de\/produktpraesentation\/gesundes-leben\/gesunde-lebensmittel\/zutaten-wohlbefinden\/zuckeralternativen\/","url":"https:\/\/bien-etreiris.ch\/de\/produktpraesentation\/gesundes-leben\/gesunde-lebensmittel\/zutaten-wohlbefinden\/zuckeralternativen\/","name":"ZUCKERALTERNATIVEN - WOHLBEFINDEN","isPartOf":{"@id":"https:\/\/bien-etreiris.ch\/de\/#website"},"primaryImageOfPage":{"@id":"https:\/\/bien-etreiris.ch\/de\/produktpraesentation\/gesundes-leben\/gesunde-lebensmittel\/zutaten-wohlbefinden\/zuckeralternativen\/#primaryimage"},"image":{"@id":"https:\/\/bien-etreiris.ch\/de\/produktpraesentation\/gesundes-leben\/gesunde-lebensmittel\/zutaten-wohlbefinden\/zuckeralternativen\/#primaryimage"},"thumbnailUrl":"https:\/\/bien-etreiris.ch\/wp-content\/uploads\/2020\/11\/acceuil-14.jpg","datePublished":"2020-11-26T18:42:05+00:00","dateModified":"2023-02-07T06:13:04+00:00","breadcrumb":{"@id":"https:\/\/bien-etreiris.ch\/de\/produktpraesentation\/gesundes-leben\/gesunde-lebensmittel\/zutaten-wohlbefinden\/zuckeralternativen\/#breadcrumb"},"inLanguage":"de","potentialAction":[{"@type":"ReadAction","target":["https:\/\/bien-etreiris.ch\/de\/produktpraesentation\/gesundes-leben\/gesunde-lebensmittel\/zutaten-wohlbefinden\/zuckeralternativen\/"]}]},{"@type":"ImageObject","inLanguage":"de","@id":"https:\/\/bien-etreiris.ch\/de\/produktpraesentation\/gesundes-leben\/gesunde-lebensmittel\/zutaten-wohlbefinden\/zuckeralternativen\/#primaryimage","url":"https:\/\/bien-etreiris.ch\/wp-content\/uploads\/2020\/11\/acceuil-14.jpg","contentUrl":"https:\/\/bien-etreiris.ch\/wp-content\/uploads\/2020\/11\/acceuil-14.jpg","width":500,"height":333},{"@type":"BreadcrumbList","@id":"https:\/\/bien-etreiris.ch\/de\/produktpraesentation\/gesundes-leben\/gesunde-lebensmittel\/zutaten-wohlbefinden\/zuckeralternativen\/#breadcrumb","itemListElement":[{"@type":"ListItem","position":1,"name":"Home","item":"https:\/\/bien-etreiris.ch\/de\/"},{"@type":"ListItem","position":2,"name":"PRODUKTPR\u00c4SENTATION","item":"https:\/\/bien-etreiris.ch\/de\/produktpraesentation\/"},{"@type":"ListItem","position":3,"name":"GESUNDES LEBEN","item":"https:\/\/bien-etreiris.ch\/de\/produktpraesentation\/gesundes-leben\/"},{"@type":"ListItem","position":4,"name":"GESUNDE LEBENSMITTEL","item":"https:\/\/bien-etreiris.ch\/de\/produktpraesentation\/gesundes-leben\/gesunde-lebensmittel\/"},{"@type":"ListItem","position":5,"name":"ZUTATEN","item":"https:\/\/bien-etreiris.ch\/de\/produktpraesentation\/gesundes-leben\/gesunde-lebensmittel\/zutaten-wohlbefinden\/"},{"@type":"ListItem","position":6,"name":"ZUCKERALTERNATIVEN"}]},{"@type":"WebSite","@id":"https:\/\/bien-etreiris.ch\/de\/#website","url":"https:\/\/bien-etreiris.ch\/de\/","name":"Bien-\u00eatre Iris","description":"IHRE Gesundheit ist uns wichtig","potentialAction":[{"@type":"SearchAction","target":{"@type":"EntryPoint","urlTemplate":"https:\/\/bien-etreiris.ch\/de\/?s={search_term_string}"},"query-input":{"@type":"PropertyValueSpecification","valueRequired":true,"valueName":"search_term_string"}}],"inLanguage":"de"}]}},"_links":{"self":[{"href":"https:\/\/bien-etreiris.ch\/de\/wp-json\/wp\/v2\/pages\/34740","targetHints":{"allow":["GET"]}}],"collection":[{"href":"https:\/\/bien-etreiris.ch\/de\/wp-json\/wp\/v2\/pages"}],"about":[{"href":"https:\/\/bien-etreiris.ch\/de\/wp-json\/wp\/v2\/types\/page"}],"author":[{"embeddable":true,"href":"https:\/\/bien-etreiris.ch\/de\/wp-json\/wp\/v2\/users\/1"}],"replies":[{"embeddable":true,"href":"https:\/\/bien-etreiris.ch\/de\/wp-json\/wp\/v2\/comments?post=34740"}],"version-history":[{"count":9,"href":"https:\/\/bien-etreiris.ch\/de\/wp-json\/wp\/v2\/pages\/34740\/revisions"}],"predecessor-version":[{"id":66294,"href":"https:\/\/bien-etreiris.ch\/de\/wp-json\/wp\/v2\/pages\/34740\/revisions\/66294"}],"up":[{"embeddable":true,"href":"https:\/\/bien-etreiris.ch\/de\/wp-json\/wp\/v2\/pages\/30638"}],"wp:featuredmedia":[{"embeddable":true,"href":"https:\/\/bien-etreiris.ch\/de\/wp-json\/wp\/v2\/media\/34736"}],"wp:attachment":[{"href":"https:\/\/bien-etreiris.ch\/de\/wp-json\/wp\/v2\/media?parent=34740"}],"curies":[{"name":"wp","href":"https:\/\/api.w.org\/{rel}","templated":true}]}}