{"id":34492,"date":"2020-11-13T21:22:13","date_gmt":"2020-11-13T21:22:13","guid":{"rendered":"https:\/\/bien-etreiris.ch\/?page_id=34492"},"modified":"2022-09-04T17:17:23","modified_gmt":"2022-09-04T15:17:23","slug":"tsesite","status":"publish","type":"page","link":"https:\/\/bien-etreiris.ch\/de\/produktpraesentation\/natuerliche-heilmittel\/heilsteine\/tsesite\/","title":{"rendered":"TSESIT"},"content":{"rendered":"\n<h2>Tsesit<\/h2>\n\n\n\n<h2 class=\"wp-block-heading\">                                                 <\/h2>\n\n\n<div>&nbsp;<\/div>\n<div style=\"text-align: center;\"><a href=\"https:\/\/bien-etreiris.ch\/wp-content\/uploads\/2022\/09\/Titre.png\"><img loading=\"lazy\" decoding=\"async\" class=\"wp-image-58947 size-medium alignleft\" src=\"https:\/\/bien-etreiris.ch\/wp-content\/uploads\/2022\/09\/Titre-300x300.png\" alt=\"TSESITE\" width=\"300\" height=\"300\" srcset=\"https:\/\/bien-etreiris.ch\/wp-content\/uploads\/2022\/09\/Titre-300x300.png 300w, https:\/\/bien-etreiris.ch\/wp-content\/uploads\/2022\/09\/Titre-150x150.png 150w, https:\/\/bien-etreiris.ch\/wp-content\/uploads\/2022\/09\/Titre.png 374w\" sizes=\"auto, (max-width: 300px) 100vw, 300px\" \/><\/a><\/div>\n<div>&nbsp;<\/div>\n<div>&nbsp;<\/div>\n<div>&nbsp;<\/div>\n<div>&nbsp;<\/div>\n<div>Ein gro\u00dfes Dankesch\u00f6n an die Tsesit, ein Dankesch\u00f6n an die Natur, ein Dankesch\u00f6n an die San und ein gro\u00dfes Dankesch\u00f6n an Hans Feiersinger, dass er die Tsesit 2010 gefunden, getauft und importiert hat.<\/div>\n<div>&nbsp;<\/div>\n<h2><a href=\"https:\/\/bien-etreiris.ch\/de\/tsesite\/\" target=\"_blank\" rel=\"noopener\"><em><span style=\"color: #ff9900;\">Lesen Sie mehr unter diesem Artikel<\/span><\/em><\/a><\/h2>\n<p>&nbsp;<\/p>\n<p>&nbsp;<\/p>\n<p>&nbsp;<\/p>\n<div>&nbsp;<\/div>\n<div>&nbsp;<\/div>\n<div>&nbsp;<\/div>\n<div>&nbsp;<\/div>\n<div>&nbsp;<\/div>\n<div><a href=\"https:\/\/bien-etreiris.ch\/wp-content\/uploads\/2022\/09\/ganzes-Bild.jpg\"><img loading=\"lazy\" decoding=\"async\" class=\"alignnone wp-image-58976 size-full\" src=\"https:\/\/bien-etreiris.ch\/wp-content\/uploads\/2022\/09\/ganzes-Bild.jpg\" alt=\"\" width=\"1088\" height=\"379\" srcset=\"https:\/\/bien-etreiris.ch\/wp-content\/uploads\/2022\/09\/ganzes-Bild.jpg 1088w, https:\/\/bien-etreiris.ch\/wp-content\/uploads\/2022\/09\/ganzes-Bild-300x105.jpg 300w, https:\/\/bien-etreiris.ch\/wp-content\/uploads\/2022\/09\/ganzes-Bild-1024x357.jpg 1024w, https:\/\/bien-etreiris.ch\/wp-content\/uploads\/2022\/09\/ganzes-Bild-768x268.jpg 768w\" sizes=\"auto, (max-width: 1088px) 100vw, 1088px\" \/><\/a><\/div>\n<div>&nbsp;<\/div>\n<h4>Ungef\u00e4hre Form des Steins ohne Loch <strong>CHF 20.00<\/strong><\/h4>\n<div>&nbsp;<\/div>\n<div>&nbsp;<\/div>\n<div>&nbsp;<\/div>\n<div>&nbsp;<\/div>\n<div><hr><\/div>\n<div>&nbsp;<\/div>\n<div><a href=\"https:\/\/bien-etreiris.ch\/wp-content\/uploads\/2022\/09\/tsesit.png\"><img loading=\"lazy\" decoding=\"async\" class=\"size-medium wp-image-58987 alignleft\" src=\"https:\/\/bien-etreiris.ch\/wp-content\/uploads\/2022\/09\/tsesit-300x223.png\" alt=\"\" width=\"300\" height=\"223\" srcset=\"https:\/\/bien-etreiris.ch\/wp-content\/uploads\/2022\/09\/tsesit-300x223.png 300w, https:\/\/bien-etreiris.ch\/wp-content\/uploads\/2022\/09\/tsesit-200x150.png 200w, https:\/\/bien-etreiris.ch\/wp-content\/uploads\/2022\/09\/tsesit.png 500w\" sizes=\"auto, (max-width: 300px) 100vw, 300px\" \/><\/a><\/div>\n<div>&nbsp;<\/div>\n<div>&nbsp;<\/div>\n<div>&nbsp;<\/div>\n<div>&nbsp;<\/div>\n<div>&nbsp;<\/div>\n<div>&nbsp;<\/div>\n<div>&nbsp;<\/div>\n<div>&nbsp;<\/div>\n<h4>Tsesit - durchbohrt mit Baumwollband <strong>CHF 25.00<\/strong><\/h4>\n<div>&nbsp;<\/div>\n<div>&nbsp;<\/div>\n<div>&nbsp;<\/div>\n<div>&nbsp;<\/div>\n<div>&nbsp;<\/div>\n<div>&nbsp;<\/div>\n<div><hr><\/div>\n<div>&nbsp;<\/div>\n<div>&nbsp;<a href=\"https:\/\/bien-etreiris.ch\/wp-content\/uploads\/2022\/09\/Tsesit-avec-monture-en-argent-925-2.jpg\"><img loading=\"lazy\" decoding=\"async\" class=\"alignnone  wp-image-59000\" src=\"https:\/\/bien-etreiris.ch\/wp-content\/uploads\/2022\/09\/Tsesit-avec-monture-en-argent-925-2-259x300.jpg\" alt=\"\" width=\"264\" height=\"306\" srcset=\"https:\/\/bien-etreiris.ch\/wp-content\/uploads\/2022\/09\/Tsesit-avec-monture-en-argent-925-2-259x300.jpg 259w, https:\/\/bien-etreiris.ch\/wp-content\/uploads\/2022\/09\/Tsesit-avec-monture-en-argent-925-2.jpg 490w\" sizes=\"auto, (max-width: 264px) 100vw, 264px\" \/><\/a><a href=\"https:\/\/bien-etreiris.ch\/wp-content\/uploads\/2022\/09\/Tsesit-avec-monture-en-argent-925.jpg\"><img loading=\"lazy\" decoding=\"async\" class=\"size-medium wp-image-58997 alignleft\" src=\"https:\/\/bien-etreiris.ch\/wp-content\/uploads\/2022\/09\/Tsesit-avec-monture-en-argent-925-229x300.jpg\" alt=\"\" width=\"229\" height=\"300\" srcset=\"https:\/\/bien-etreiris.ch\/wp-content\/uploads\/2022\/09\/Tsesit-avec-monture-en-argent-925-229x300.jpg 229w, https:\/\/bien-etreiris.ch\/wp-content\/uploads\/2022\/09\/Tsesit-avec-monture-en-argent-925.jpg 455w\" sizes=\"auto, (max-width: 229px) 100vw, 229px\" \/><\/a><\/div>\n<div>&nbsp;<\/div>\n<div>&nbsp;<\/div>\n<div>&nbsp;<\/div>\n<div>&nbsp;<\/div>\n<div>&nbsp;<\/div>\n<h4>Tsesit mit Fassung aus Silber 925 CHF (ohne Kette) CHF 45.00<\/h4>\n<p>Kette aus 925er Sterlingsilber (eckig) oder (flach) <strong>CHF 25,00<\/strong><\/p>\n<p>&nbsp;<\/p>\n\n","protected":false},"excerpt":{"rendered":"<p>Tsesit &nbsp; &nbsp; &nbsp; &nbsp; &nbsp; Ein gro\u00dfes Dankesch\u00f6n an die Tsesit, ein Dankesch\u00f6n an die Natur, ein Dankesch\u00f6n an die San und ein gro\u00dfes Dankesch\u00f6n an Hans Feiersinger, dass er die Tsesit 2010 gefunden, getauft und importiert hat. &nbsp; Lesen Sie mehr unter diesem Artikel &nbsp; &nbsp; &nbsp; &nbsp; &nbsp; &nbsp; &nbsp; &nbsp; &nbsp; Ungef\u00e4hre Form des Steins ohne&nbsp;<a href=\"https:\/\/bien-etreiris.ch\/de\/produktpraesentation\/natuerliche-heilmittel\/heilsteine\/tsesite\/\" class=\"read-more\">Weiter lesen<\/a><\/p>\n","protected":false},"author":1,"featured_media":34485,"parent":34466,"menu_order":6786,"comment_status":"closed","ping_status":"closed","template":"page-with-child.php","meta":{"_acf_changed":false,"ngg_post_thumbnail":0,"footnotes":""},"class_list":["post-34492","page","type-page","status-publish","has-post-thumbnail","hentry"],"acf":[],"yoast_head":"<!-- This site is optimized with the Yoast SEO plugin v27.5 - https:\/\/yoast.com\/product\/yoast-seo-wordpress\/ -->\n<title>TSESIT - WOHLBEFINDEN<\/title>\n<meta name=\"robots\" content=\"index, follow, max-snippet:-1, max-image-preview:large, max-video-preview:-1\" \/>\n<link rel=\"canonical\" href=\"https:\/\/bien-etreiris.ch\/de\/produktpraesentation\/natuerliche-heilmittel\/heilsteine\/tsesite\/\" \/>\n<meta property=\"og:locale\" content=\"de_DE\" \/>\n<meta property=\"og:type\" content=\"article\" \/>\n<meta property=\"og:title\" content=\"TSESIT - WOHLBEFINDEN\" \/>\n<meta property=\"og:description\" content=\"Tsesit &nbsp; &nbsp; &nbsp; &nbsp; &nbsp; Ein gro\u00dfes Dankesch\u00f6n an die Tsesit, ein Dankesch\u00f6n an die Natur, ein Dankesch\u00f6n an die San und ein gro\u00dfes Dankesch\u00f6n an Hans Feiersinger, dass er die Tsesit 2010 gefunden, getauft und importiert hat. &nbsp; Lesen Sie mehr unter diesem Artikel &nbsp; &nbsp; &nbsp; &nbsp; &nbsp; &nbsp; &nbsp; &nbsp; &nbsp; Ungef\u00e4hre Form des Steins ohne&nbsp;Weiter lesen\" \/>\n<meta property=\"og:url\" content=\"https:\/\/bien-etreiris.ch\/de\/produktpraesentation\/natuerliche-heilmittel\/heilsteine\/tsesite\/\" \/>\n<meta property=\"og:site_name\" content=\"WOHLBEFINDEN\" \/>\n<meta property=\"article:publisher\" content=\"https:\/\/www.facebook.com\/bienetreiris\/\" \/>\n<meta property=\"article:modified_time\" content=\"2022-09-04T15:17:23+00:00\" \/>\n<meta property=\"og:image\" content=\"https:\/\/bien-etreiris.ch\/wp-content\/uploads\/2020\/11\/acceuil-11.jpg\" \/>\n\t<meta property=\"og:image:width\" content=\"500\" \/>\n\t<meta property=\"og:image:height\" content=\"375\" \/>\n\t<meta property=\"og:image:type\" content=\"image\/jpeg\" \/>\n<meta name=\"twitter:label1\" content=\"Gesch\u00e4tzte Lesezeit\" \/>\n\t<meta name=\"twitter:data1\" content=\"2\u00a0Minuten\" \/>\n<script type=\"application\/ld+json\" class=\"yoast-schema-graph\">{\"@context\":\"https:\\\/\\\/schema.org\",\"@graph\":[{\"@type\":\"WebPage\",\"@id\":\"https:\\\/\\\/bien-etreiris.ch\\\/de\\\/produktpraesentation\\\/natuerliche-heilmittel\\\/heilsteine\\\/tsesite\\\/\",\"url\":\"https:\\\/\\\/bien-etreiris.ch\\\/de\\\/produktpraesentation\\\/natuerliche-heilmittel\\\/heilsteine\\\/tsesite\\\/\",\"name\":\"TSESIT - WOHLBEFINDEN\",\"isPartOf\":{\"@id\":\"https:\\\/\\\/bien-etreiris.ch\\\/de\\\/#website\"},\"primaryImageOfPage\":{\"@id\":\"https:\\\/\\\/bien-etreiris.ch\\\/de\\\/produktpraesentation\\\/natuerliche-heilmittel\\\/heilsteine\\\/tsesite\\\/#primaryimage\"},\"image\":{\"@id\":\"https:\\\/\\\/bien-etreiris.ch\\\/de\\\/produktpraesentation\\\/natuerliche-heilmittel\\\/heilsteine\\\/tsesite\\\/#primaryimage\"},\"thumbnailUrl\":\"https:\\\/\\\/bien-etreiris.ch\\\/wp-content\\\/uploads\\\/2020\\\/11\\\/acceuil-11.jpg\",\"datePublished\":\"2020-11-13T21:22:13+00:00\",\"dateModified\":\"2022-09-04T15:17:23+00:00\",\"breadcrumb\":{\"@id\":\"https:\\\/\\\/bien-etreiris.ch\\\/de\\\/produktpraesentation\\\/natuerliche-heilmittel\\\/heilsteine\\\/tsesite\\\/#breadcrumb\"},\"inLanguage\":\"de\",\"potentialAction\":[{\"@type\":\"ReadAction\",\"target\":[\"https:\\\/\\\/bien-etreiris.ch\\\/de\\\/produktpraesentation\\\/natuerliche-heilmittel\\\/heilsteine\\\/tsesite\\\/\"]}]},{\"@type\":\"ImageObject\",\"inLanguage\":\"de\",\"@id\":\"https:\\\/\\\/bien-etreiris.ch\\\/de\\\/produktpraesentation\\\/natuerliche-heilmittel\\\/heilsteine\\\/tsesite\\\/#primaryimage\",\"url\":\"https:\\\/\\\/bien-etreiris.ch\\\/wp-content\\\/uploads\\\/2020\\\/11\\\/acceuil-11.jpg\",\"contentUrl\":\"https:\\\/\\\/bien-etreiris.ch\\\/wp-content\\\/uploads\\\/2020\\\/11\\\/acceuil-11.jpg\",\"width\":500,\"height\":375},{\"@type\":\"BreadcrumbList\",\"@id\":\"https:\\\/\\\/bien-etreiris.ch\\\/de\\\/produktpraesentation\\\/natuerliche-heilmittel\\\/heilsteine\\\/tsesite\\\/#breadcrumb\",\"itemListElement\":[{\"@type\":\"ListItem\",\"position\":1,\"name\":\"Home\",\"item\":\"https:\\\/\\\/bien-etreiris.ch\\\/de\\\/\"},{\"@type\":\"ListItem\",\"position\":2,\"name\":\"PRODUKTPR\u00c4SENTATION\",\"item\":\"https:\\\/\\\/bien-etreiris.ch\\\/de\\\/produktpraesentation\\\/\"},{\"@type\":\"ListItem\",\"position\":3,\"name\":\"NAT\u00dcRLICHE HEILMITTEL\",\"item\":\"https:\\\/\\\/bien-etreiris.ch\\\/de\\\/produktpraesentation\\\/natuerliche-heilmittel\\\/\"},{\"@type\":\"ListItem\",\"position\":4,\"name\":\"HEILSTEINE\",\"item\":\"https:\\\/\\\/bien-etreiris.ch\\\/de\\\/produktpraesentation\\\/natuerliche-heilmittel\\\/heilsteine\\\/\"},{\"@type\":\"ListItem\",\"position\":5,\"name\":\"TSESIT\"}]},{\"@type\":\"WebSite\",\"@id\":\"https:\\\/\\\/bien-etreiris.ch\\\/de\\\/#website\",\"url\":\"https:\\\/\\\/bien-etreiris.ch\\\/de\\\/\",\"name\":\"Bien-\u00eatre Iris\",\"description\":\"IHRE Gesundheit ist uns wichtig\",\"potentialAction\":[{\"@type\":\"SearchAction\",\"target\":{\"@type\":\"EntryPoint\",\"urlTemplate\":\"https:\\\/\\\/bien-etreiris.ch\\\/de\\\/?s={search_term_string}\"},\"query-input\":{\"@type\":\"PropertyValueSpecification\",\"valueRequired\":true,\"valueName\":\"search_term_string\"}}],\"inLanguage\":\"de\"}]}<\/script>\n<!-- \/ Yoast SEO plugin. -->","yoast_head_json":{"title":"TSESIT - WOHLBEFINDEN","robots":{"index":"index","follow":"follow","max-snippet":"max-snippet:-1","max-image-preview":"max-image-preview:large","max-video-preview":"max-video-preview:-1"},"canonical":"https:\/\/bien-etreiris.ch\/de\/produktpraesentation\/natuerliche-heilmittel\/heilsteine\/tsesite\/","og_locale":"de_DE","og_type":"article","og_title":"TSESIT - WOHLBEFINDEN","og_description":"Tsesit &nbsp; &nbsp; &nbsp; &nbsp; &nbsp; Ein gro\u00dfes Dankesch\u00f6n an die Tsesit, ein Dankesch\u00f6n an die Natur, ein Dankesch\u00f6n an die San und ein gro\u00dfes Dankesch\u00f6n an Hans Feiersinger, dass er die Tsesit 2010 gefunden, getauft und importiert hat. &nbsp; Lesen Sie mehr unter diesem Artikel &nbsp; &nbsp; &nbsp; &nbsp; &nbsp; &nbsp; &nbsp; &nbsp; &nbsp; Ungef\u00e4hre Form des Steins ohne&nbsp;Weiter lesen","og_url":"https:\/\/bien-etreiris.ch\/de\/produktpraesentation\/natuerliche-heilmittel\/heilsteine\/tsesite\/","og_site_name":"WOHLBEFINDEN","article_publisher":"https:\/\/www.facebook.com\/bienetreiris\/","article_modified_time":"2022-09-04T15:17:23+00:00","og_image":[{"width":500,"height":375,"url":"https:\/\/bien-etreiris.ch\/wp-content\/uploads\/2020\/11\/acceuil-11.jpg","type":"image\/jpeg"}],"twitter_misc":{"Gesch\u00e4tzte Lesezeit":"2\u00a0Minuten"},"schema":{"@context":"https:\/\/schema.org","@graph":[{"@type":"WebPage","@id":"https:\/\/bien-etreiris.ch\/de\/produktpraesentation\/natuerliche-heilmittel\/heilsteine\/tsesite\/","url":"https:\/\/bien-etreiris.ch\/de\/produktpraesentation\/natuerliche-heilmittel\/heilsteine\/tsesite\/","name":"TSESIT - WOHLBEFINDEN","isPartOf":{"@id":"https:\/\/bien-etreiris.ch\/de\/#website"},"primaryImageOfPage":{"@id":"https:\/\/bien-etreiris.ch\/de\/produktpraesentation\/natuerliche-heilmittel\/heilsteine\/tsesite\/#primaryimage"},"image":{"@id":"https:\/\/bien-etreiris.ch\/de\/produktpraesentation\/natuerliche-heilmittel\/heilsteine\/tsesite\/#primaryimage"},"thumbnailUrl":"https:\/\/bien-etreiris.ch\/wp-content\/uploads\/2020\/11\/acceuil-11.jpg","datePublished":"2020-11-13T21:22:13+00:00","dateModified":"2022-09-04T15:17:23+00:00","breadcrumb":{"@id":"https:\/\/bien-etreiris.ch\/de\/produktpraesentation\/natuerliche-heilmittel\/heilsteine\/tsesite\/#breadcrumb"},"inLanguage":"de","potentialAction":[{"@type":"ReadAction","target":["https:\/\/bien-etreiris.ch\/de\/produktpraesentation\/natuerliche-heilmittel\/heilsteine\/tsesite\/"]}]},{"@type":"ImageObject","inLanguage":"de","@id":"https:\/\/bien-etreiris.ch\/de\/produktpraesentation\/natuerliche-heilmittel\/heilsteine\/tsesite\/#primaryimage","url":"https:\/\/bien-etreiris.ch\/wp-content\/uploads\/2020\/11\/acceuil-11.jpg","contentUrl":"https:\/\/bien-etreiris.ch\/wp-content\/uploads\/2020\/11\/acceuil-11.jpg","width":500,"height":375},{"@type":"BreadcrumbList","@id":"https:\/\/bien-etreiris.ch\/de\/produktpraesentation\/natuerliche-heilmittel\/heilsteine\/tsesite\/#breadcrumb","itemListElement":[{"@type":"ListItem","position":1,"name":"Home","item":"https:\/\/bien-etreiris.ch\/de\/"},{"@type":"ListItem","position":2,"name":"PRODUKTPR\u00c4SENTATION","item":"https:\/\/bien-etreiris.ch\/de\/produktpraesentation\/"},{"@type":"ListItem","position":3,"name":"NAT\u00dcRLICHE HEILMITTEL","item":"https:\/\/bien-etreiris.ch\/de\/produktpraesentation\/natuerliche-heilmittel\/"},{"@type":"ListItem","position":4,"name":"HEILSTEINE","item":"https:\/\/bien-etreiris.ch\/de\/produktpraesentation\/natuerliche-heilmittel\/heilsteine\/"},{"@type":"ListItem","position":5,"name":"TSESIT"}]},{"@type":"WebSite","@id":"https:\/\/bien-etreiris.ch\/de\/#website","url":"https:\/\/bien-etreiris.ch\/de\/","name":"Bien-\u00eatre Iris","description":"IHRE Gesundheit ist uns wichtig","potentialAction":[{"@type":"SearchAction","target":{"@type":"EntryPoint","urlTemplate":"https:\/\/bien-etreiris.ch\/de\/?s={search_term_string}"},"query-input":{"@type":"PropertyValueSpecification","valueRequired":true,"valueName":"search_term_string"}}],"inLanguage":"de"}]}},"_links":{"self":[{"href":"https:\/\/bien-etreiris.ch\/de\/wp-json\/wp\/v2\/pages\/34492","targetHints":{"allow":["GET"]}}],"collection":[{"href":"https:\/\/bien-etreiris.ch\/de\/wp-json\/wp\/v2\/pages"}],"about":[{"href":"https:\/\/bien-etreiris.ch\/de\/wp-json\/wp\/v2\/types\/page"}],"author":[{"embeddable":true,"href":"https:\/\/bien-etreiris.ch\/de\/wp-json\/wp\/v2\/users\/1"}],"replies":[{"embeddable":true,"href":"https:\/\/bien-etreiris.ch\/de\/wp-json\/wp\/v2\/comments?post=34492"}],"version-history":[{"count":7,"href":"https:\/\/bien-etreiris.ch\/de\/wp-json\/wp\/v2\/pages\/34492\/revisions"}],"predecessor-version":[{"id":59091,"href":"https:\/\/bien-etreiris.ch\/de\/wp-json\/wp\/v2\/pages\/34492\/revisions\/59091"}],"up":[{"embeddable":true,"href":"https:\/\/bien-etreiris.ch\/de\/wp-json\/wp\/v2\/pages\/34466"}],"wp:featuredmedia":[{"embeddable":true,"href":"https:\/\/bien-etreiris.ch\/de\/wp-json\/wp\/v2\/media\/34485"}],"wp:attachment":[{"href":"https:\/\/bien-etreiris.ch\/de\/wp-json\/wp\/v2\/media?parent=34492"}],"curies":[{"name":"wp","href":"https:\/\/api.w.org\/{rel}","templated":true}]}}