{"id":34124,"date":"2020-11-08T07:40:34","date_gmt":"2020-11-08T07:40:34","guid":{"rendered":"https:\/\/bien-etreiris.ch\/wohlbefinden\/gesundes-leben\/complements-alimentaires\/analysen-selbst-test\/omega-analyse-swissmedicalplus\/"},"modified":"2021-06-23T11:24:09","modified_gmt":"2021-06-23T09:24:09","slug":"omega-analyse","status":"publish","type":"page","link":"https:\/\/bien-etreiris.ch\/de\/produktpraesentation\/gesundes-leben\/nahrungsergaenzungsmittel\/selbsttests\/omega-analyse\/","title":{"rendered":"OMEGA ANALYSE"},"content":{"rendered":"\n<h2 class=\"wp-block-heading\">FETTS\u00c4UREANALYSE<\/h2>\n\n\n<p><span style=\"color: #ff0000;\">Ein einziger Blutstropfen<\/span> reicht aus, um 26 verschiedene Fetts\u00e4uren zu messen. So wissen Sie genau, wie viel Omega-3-, -6-, -7- und Omega-9-Fetts\u00e4uren, ges\u00e4ttigte und Transfette Sie zu sich nehmen. Der wichtigste ist der Omega-3-Index: F\u00fcr ein gesundes Herz sollte Ihr Blut mindestens 8% Omega-3-Fetts\u00e4uren enthalten.<\/p>\n<p>&nbsp;<\/p>\n<p><a href=\"https:\/\/decoiris.ch\/wp-content\/uploads\/2020\/11\/Omega-analyse.png\"><img loading=\"lazy\" decoding=\"async\" class=\"size-medium wp-image-33896 alignleft\" src=\"https:\/\/decoiris.ch\/wp-content\/uploads\/2020\/11\/Omega-analyse-230x300.png\" alt=\"\" width=\"230\" height=\"300\" srcset=\"https:\/\/bien-etreiris.ch\/wp-content\/uploads\/2020\/11\/Omega-analyse-230x300.png 230w, https:\/\/bien-etreiris.ch\/wp-content\/uploads\/2020\/11\/Omega-analyse.png 614w\" sizes=\"auto, (max-width: 230px) 100vw, 230px\" \/><\/a><\/p>\n<p>&nbsp;<\/p>\n<p><span class=\"tlid-translation translation\" lang=\"fr\"><span class=\"\" title=\"\">Le besoin individuel en om\u00e9ga-3 peut \u00eatre aid\u00e9 avec <\/span><span class=\"\" title=\"\">l'auto-test pour<\/span><\/span><\/p>\n<p><span class=\"tlid-translation translation\" lang=\"fr\"><span class=\"\" title=\"\"> l'analyse des acides gras.<\/span><\/span><\/p>\n<p><span class=\"\" title=\"\">1 Audio-test&nbsp; <strong>120,00 CHF<\/strong><\/span><\/p>\n<p><span class=\"tlid-translation translation\" lang=\"fr\"><span class=\"\" title=\"\">Les r\u00e9sultats nous seront envoy\u00e9s.<\/span><br><span class=\"\" title=\"\">Ensuite, nous analysons le r\u00e9sultat de l'analyse avec vous<\/span><\/span><\/p>\n<p>&nbsp;<\/p>\n<p>&nbsp;<\/p>\n<p>&nbsp;<\/p>\n<p>&nbsp;<\/p>\n<p>&nbsp;<\/p>\n<p>Notre analyse des acides gras mesure un total de 26 acides gras (correspond \u00e0 plus de 99% de tous les acides gras du corps) et sert de base \u00e0 diverses analyses de sant\u00e9. L'analyse est effectu\u00e9e dans le principal laboratoire ind\u00e9pendant sp\u00e9cialis\u00e9 dans l'analyse des acides gras. Nos consultants accr\u00e9dit\u00e9s se feront un plaisir de vous aider avec des conseils personnalis\u00e9s et une explication de vos r\u00e9sultats d'analyse.<\/p>\n<p>&nbsp;<\/p>\n<div class=\"text-wrap tlid-copy-target\">\n<div class=\"result-shield-container tlid-copy-target\" tabindex=\"0\"><span class=\"tlid-translation translation\" lang=\"fr\"><span class=\"tlid-translation translation\" lang=\"fr\">Avec l'analyse des acides gras <span class=\"aCOpRe\">Omega Metrix<\/span>, vous pouvez d\u00e9terminer vos niveaux d'acides gras dans le confort de votre foyer. Le rapport om\u00e9ga-6\/3, l'indice om\u00e9ga-3 et 26 acides gras sont mesur\u00e9s. Votre sang sera \u00e9valu\u00e9 par un laboratoire ind\u00e9pendant.<\/span><\/span>\n<p>&nbsp;<\/p>\n<p>Le besoin individuel en om\u00e9ga-3 peut \u00eatre prouv\u00e9 \u00e0 l'aide de l'autotest d'analyse du profil d'acides gras et d'<span class=\"aCOpRe\">Omega Metrix<\/span>. Avec quelques gouttes de sang du bout du doigt, votre profil d'acides gras sera analys\u00e9 et vous recevrez des informations d\u00e9taill\u00e9es sur les sujets suivants, entre autres:<\/p>\n<p><strong>Indice Om\u00e9ga-3:<\/strong><\/p>\n<p>Indique la proportion d'acides <a href=\"https:\/\/fr.wikipedia.org\/wiki\/Om%C3%A9ga-3\" target=\"_blank\" rel=\"noopener noreferrer\">gras om\u00e9ga-3<\/a> marins EPA et DHA par rapport aux acides gras total. <span class=\"aCOpRe\">Omega Metrix<\/span> recommande une part de plus de 8%.<\/p>\n<p><strong>Rapport om\u00e9ga-6\/3:<\/strong><\/p>\n<p>Indique le rapport entre les acides gras om\u00e9ga-6 et om\u00e9ga-3, qui jouent un r\u00f4le d\u00e9cisif dans la formation et<a href=\"https:\/\/fr.wikipedia.org\/wiki\/Anti-inflammatoire\" target=\"_blank\" rel=\"noopener noreferrer\"> l'inhibition de l'inflammation<\/a>. Un rapport om\u00e9ga-6\/3 trop \u00e9lev\u00e9 (rapport om\u00e9ga-3) conduit \u00e0 un niveau d'inflammation ind\u00e9sirable dans le corps.<\/p>\n<p><strong>Pourcentage de acide gras trans <\/strong><strong>:<\/strong><\/p>\n<p><a href=\"https:\/\/fr.wikipedia.org\/wiki\/Acide_gras_trans\" target=\"_blank\" rel=\"noopener noreferrer\">les acides gras trans<\/a> sont des corps gras qui n'appartiennent pas naturellement \u00e0 l'organisme. Les gras trans endommagent les cellules. Le pourcentage de gras trans doit \u00eatre faible. Il est recommand\u00e9 que les gras trans industriels repr\u00e9sentent moins de 0,50% des acides gras totaux.<\/p>\n<p>L'analyse des acides gras est une m\u00e9thode d'analyse test\u00e9e et document\u00e9e avec une stabilit\u00e9 \u00e9lev\u00e9e des valeurs d'analyse (valeurs approximatives des \u00e9rythrocytes). Il est r\u00e9alis\u00e9 dans le premier laboratoire sp\u00e9cialis\u00e9 ind\u00e9pendant en Europe pour l'analyse des acides gras et fournit des informations sur un total de 26 acides gras (correspondant \u00e0 plus de 99% de tous les acides gras du corps) et sert de base \u00e0 diverses analyses de sant\u00e9.<\/p>\n<\/div>\n<\/div>\n<div class=\"tlid-result-transliteration-container result-transliteration-container transliteration-container\">\n<div class=\"tlid-transliteration-content transliteration-content full\">&nbsp;<\/div>\n<\/div>","protected":false},"excerpt":{"rendered":"<p>FETTS\u00c4UREANALYSE Ein einziger Blutstropfen reicht aus, um 26 verschiedene Fetts\u00e4uren zu messen. So wissen Sie genau, wie viel Omega-3-, -6-, -7- und Omega-9-Fetts\u00e4uren, ges\u00e4ttigte und Transfette Sie zu sich nehmen. Der wichtigste ist der Omega-3-Index: F\u00fcr ein gesundes Herz sollte Ihr Blut mindestens 8% Omega-3-Fetts\u00e4uren enthalten. &nbsp; &nbsp; Le besoin individuel en om\u00e9ga-3 peut \u00eatre aid\u00e9 avec l'auto-test pour l'analyse&nbsp;<a href=\"https:\/\/bien-etreiris.ch\/de\/produktpraesentation\/gesundes-leben\/nahrungsergaenzungsmittel\/selbsttests\/omega-analyse\/\" class=\"read-more\">Weiter lesen<\/a><\/p>\n","protected":false},"author":1,"featured_media":33901,"parent":34112,"menu_order":6838,"comment_status":"closed","ping_status":"closed","template":"page-with-child.php","meta":{"_acf_changed":false,"ngg_post_thumbnail":0,"footnotes":""},"class_list":["post-34124","page","type-page","status-publish","has-post-thumbnail","hentry"],"acf":[],"yoast_head":"<!-- This site is optimized with the Yoast SEO plugin v27.5 - https:\/\/yoast.com\/product\/yoast-seo-wordpress\/ -->\n<title>OMEGA ANALYSE - WOHLBEFINDEN<\/title>\n<meta name=\"robots\" content=\"index, follow, max-snippet:-1, max-image-preview:large, max-video-preview:-1\" \/>\n<link rel=\"canonical\" href=\"https:\/\/bien-etreiris.ch\/de\/produktpraesentation\/gesundes-leben\/nahrungsergaenzungsmittel\/selbsttests\/omega-analyse\/\" \/>\n<meta property=\"og:locale\" content=\"de_DE\" \/>\n<meta property=\"og:type\" content=\"article\" \/>\n<meta property=\"og:title\" content=\"OMEGA ANALYSE - WOHLBEFINDEN\" \/>\n<meta property=\"og:description\" content=\"FETTS\u00c4UREANALYSE Ein einziger Blutstropfen reicht aus, um 26 verschiedene Fetts\u00e4uren zu messen. So wissen Sie genau, wie viel Omega-3-, -6-, -7- und Omega-9-Fetts\u00e4uren, ges\u00e4ttigte und Transfette Sie zu sich nehmen. Der wichtigste ist der Omega-3-Index: F\u00fcr ein gesundes Herz sollte Ihr Blut mindestens 8% Omega-3-Fetts\u00e4uren enthalten. &nbsp; &nbsp; Le besoin individuel en om\u00e9ga-3 peut \u00eatre aid\u00e9 avec l&#039;auto-test pour l&#039;analyse&nbsp;Weiter lesen\" \/>\n<meta property=\"og:url\" content=\"https:\/\/bien-etreiris.ch\/de\/produktpraesentation\/gesundes-leben\/nahrungsergaenzungsmittel\/selbsttests\/omega-analyse\/\" \/>\n<meta property=\"og:site_name\" content=\"WOHLBEFINDEN\" \/>\n<meta property=\"article:publisher\" content=\"https:\/\/www.facebook.com\/bienetreiris\/\" \/>\n<meta property=\"article:modified_time\" content=\"2021-06-23T09:24:09+00:00\" \/>\n<meta property=\"og:image\" content=\"https:\/\/bien-etreiris.ch\/wp-content\/uploads\/2020\/11\/acceuil-6.png\" \/>\n\t<meta property=\"og:image:width\" content=\"500\" \/>\n\t<meta property=\"og:image:height\" content=\"357\" \/>\n\t<meta property=\"og:image:type\" content=\"image\/png\" \/>\n<meta name=\"twitter:label1\" content=\"Gesch\u00e4tzte Lesezeit\" \/>\n\t<meta name=\"twitter:data1\" content=\"3\u00a0Minuten\" \/>\n<script type=\"application\/ld+json\" class=\"yoast-schema-graph\">{\"@context\":\"https:\\\/\\\/schema.org\",\"@graph\":[{\"@type\":\"WebPage\",\"@id\":\"https:\\\/\\\/bien-etreiris.ch\\\/de\\\/produktpraesentation\\\/gesundes-leben\\\/nahrungsergaenzungsmittel\\\/selbsttests\\\/omega-analyse\\\/\",\"url\":\"https:\\\/\\\/bien-etreiris.ch\\\/de\\\/produktpraesentation\\\/gesundes-leben\\\/nahrungsergaenzungsmittel\\\/selbsttests\\\/omega-analyse\\\/\",\"name\":\"OMEGA ANALYSE - WOHLBEFINDEN\",\"isPartOf\":{\"@id\":\"https:\\\/\\\/bien-etreiris.ch\\\/de\\\/#website\"},\"primaryImageOfPage\":{\"@id\":\"https:\\\/\\\/bien-etreiris.ch\\\/de\\\/produktpraesentation\\\/gesundes-leben\\\/nahrungsergaenzungsmittel\\\/selbsttests\\\/omega-analyse\\\/#primaryimage\"},\"image\":{\"@id\":\"https:\\\/\\\/bien-etreiris.ch\\\/de\\\/produktpraesentation\\\/gesundes-leben\\\/nahrungsergaenzungsmittel\\\/selbsttests\\\/omega-analyse\\\/#primaryimage\"},\"thumbnailUrl\":\"https:\\\/\\\/bien-etreiris.ch\\\/wp-content\\\/uploads\\\/2020\\\/11\\\/acceuil-6.png\",\"datePublished\":\"2020-11-08T07:40:34+00:00\",\"dateModified\":\"2021-06-23T09:24:09+00:00\",\"breadcrumb\":{\"@id\":\"https:\\\/\\\/bien-etreiris.ch\\\/de\\\/produktpraesentation\\\/gesundes-leben\\\/nahrungsergaenzungsmittel\\\/selbsttests\\\/omega-analyse\\\/#breadcrumb\"},\"inLanguage\":\"de\",\"potentialAction\":[{\"@type\":\"ReadAction\",\"target\":[\"https:\\\/\\\/bien-etreiris.ch\\\/de\\\/produktpraesentation\\\/gesundes-leben\\\/nahrungsergaenzungsmittel\\\/selbsttests\\\/omega-analyse\\\/\"]}]},{\"@type\":\"ImageObject\",\"inLanguage\":\"de\",\"@id\":\"https:\\\/\\\/bien-etreiris.ch\\\/de\\\/produktpraesentation\\\/gesundes-leben\\\/nahrungsergaenzungsmittel\\\/selbsttests\\\/omega-analyse\\\/#primaryimage\",\"url\":\"https:\\\/\\\/bien-etreiris.ch\\\/wp-content\\\/uploads\\\/2020\\\/11\\\/acceuil-6.png\",\"contentUrl\":\"https:\\\/\\\/bien-etreiris.ch\\\/wp-content\\\/uploads\\\/2020\\\/11\\\/acceuil-6.png\",\"width\":500,\"height\":357},{\"@type\":\"BreadcrumbList\",\"@id\":\"https:\\\/\\\/bien-etreiris.ch\\\/de\\\/produktpraesentation\\\/gesundes-leben\\\/nahrungsergaenzungsmittel\\\/selbsttests\\\/omega-analyse\\\/#breadcrumb\",\"itemListElement\":[{\"@type\":\"ListItem\",\"position\":1,\"name\":\"Home\",\"item\":\"https:\\\/\\\/bien-etreiris.ch\\\/de\\\/\"},{\"@type\":\"ListItem\",\"position\":2,\"name\":\"PRODUKTPR\u00c4SENTATION\",\"item\":\"https:\\\/\\\/bien-etreiris.ch\\\/de\\\/produktpraesentation\\\/\"},{\"@type\":\"ListItem\",\"position\":3,\"name\":\"GESUNDES LEBEN\",\"item\":\"https:\\\/\\\/bien-etreiris.ch\\\/de\\\/produktpraesentation\\\/gesundes-leben\\\/\"},{\"@type\":\"ListItem\",\"position\":4,\"name\":\"NAHRUNGSERG\u00c4NZUNG\",\"item\":\"https:\\\/\\\/bien-etreiris.ch\\\/de\\\/produktpraesentation\\\/gesundes-leben\\\/nahrungsergaenzungsmittel\\\/\"},{\"@type\":\"ListItem\",\"position\":5,\"name\":\"&#8211; SELBSTTESTS\",\"item\":\"https:\\\/\\\/bien-etreiris.ch\\\/de\\\/produktpraesentation\\\/gesundes-leben\\\/nahrungsergaenzungsmittel\\\/selbsttests\\\/\"},{\"@type\":\"ListItem\",\"position\":6,\"name\":\"OMEGA ANALYSE\"}]},{\"@type\":\"WebSite\",\"@id\":\"https:\\\/\\\/bien-etreiris.ch\\\/de\\\/#website\",\"url\":\"https:\\\/\\\/bien-etreiris.ch\\\/de\\\/\",\"name\":\"Bien-\u00eatre Iris\",\"description\":\"IHRE Gesundheit ist uns wichtig\",\"potentialAction\":[{\"@type\":\"SearchAction\",\"target\":{\"@type\":\"EntryPoint\",\"urlTemplate\":\"https:\\\/\\\/bien-etreiris.ch\\\/de\\\/?s={search_term_string}\"},\"query-input\":{\"@type\":\"PropertyValueSpecification\",\"valueRequired\":true,\"valueName\":\"search_term_string\"}}],\"inLanguage\":\"de\"}]}<\/script>\n<!-- \/ Yoast SEO plugin. -->","yoast_head_json":{"title":"OMEGA ANALYSE - WOHLBEFINDEN","robots":{"index":"index","follow":"follow","max-snippet":"max-snippet:-1","max-image-preview":"max-image-preview:large","max-video-preview":"max-video-preview:-1"},"canonical":"https:\/\/bien-etreiris.ch\/de\/produktpraesentation\/gesundes-leben\/nahrungsergaenzungsmittel\/selbsttests\/omega-analyse\/","og_locale":"de_DE","og_type":"article","og_title":"OMEGA ANALYSE - WOHLBEFINDEN","og_description":"FETTS\u00c4UREANALYSE Ein einziger Blutstropfen reicht aus, um 26 verschiedene Fetts\u00e4uren zu messen. So wissen Sie genau, wie viel Omega-3-, -6-, -7- und Omega-9-Fetts\u00e4uren, ges\u00e4ttigte und Transfette Sie zu sich nehmen. Der wichtigste ist der Omega-3-Index: F\u00fcr ein gesundes Herz sollte Ihr Blut mindestens 8% Omega-3-Fetts\u00e4uren enthalten. &nbsp; &nbsp; Le besoin individuel en om\u00e9ga-3 peut \u00eatre aid\u00e9 avec l'auto-test pour l'analyse&nbsp;Weiter lesen","og_url":"https:\/\/bien-etreiris.ch\/de\/produktpraesentation\/gesundes-leben\/nahrungsergaenzungsmittel\/selbsttests\/omega-analyse\/","og_site_name":"WOHLBEFINDEN","article_publisher":"https:\/\/www.facebook.com\/bienetreiris\/","article_modified_time":"2021-06-23T09:24:09+00:00","og_image":[{"width":500,"height":357,"url":"https:\/\/bien-etreiris.ch\/wp-content\/uploads\/2020\/11\/acceuil-6.png","type":"image\/png"}],"twitter_misc":{"Gesch\u00e4tzte Lesezeit":"3\u00a0Minuten"},"schema":{"@context":"https:\/\/schema.org","@graph":[{"@type":"WebPage","@id":"https:\/\/bien-etreiris.ch\/de\/produktpraesentation\/gesundes-leben\/nahrungsergaenzungsmittel\/selbsttests\/omega-analyse\/","url":"https:\/\/bien-etreiris.ch\/de\/produktpraesentation\/gesundes-leben\/nahrungsergaenzungsmittel\/selbsttests\/omega-analyse\/","name":"OMEGA ANALYSE - WOHLBEFINDEN","isPartOf":{"@id":"https:\/\/bien-etreiris.ch\/de\/#website"},"primaryImageOfPage":{"@id":"https:\/\/bien-etreiris.ch\/de\/produktpraesentation\/gesundes-leben\/nahrungsergaenzungsmittel\/selbsttests\/omega-analyse\/#primaryimage"},"image":{"@id":"https:\/\/bien-etreiris.ch\/de\/produktpraesentation\/gesundes-leben\/nahrungsergaenzungsmittel\/selbsttests\/omega-analyse\/#primaryimage"},"thumbnailUrl":"https:\/\/bien-etreiris.ch\/wp-content\/uploads\/2020\/11\/acceuil-6.png","datePublished":"2020-11-08T07:40:34+00:00","dateModified":"2021-06-23T09:24:09+00:00","breadcrumb":{"@id":"https:\/\/bien-etreiris.ch\/de\/produktpraesentation\/gesundes-leben\/nahrungsergaenzungsmittel\/selbsttests\/omega-analyse\/#breadcrumb"},"inLanguage":"de","potentialAction":[{"@type":"ReadAction","target":["https:\/\/bien-etreiris.ch\/de\/produktpraesentation\/gesundes-leben\/nahrungsergaenzungsmittel\/selbsttests\/omega-analyse\/"]}]},{"@type":"ImageObject","inLanguage":"de","@id":"https:\/\/bien-etreiris.ch\/de\/produktpraesentation\/gesundes-leben\/nahrungsergaenzungsmittel\/selbsttests\/omega-analyse\/#primaryimage","url":"https:\/\/bien-etreiris.ch\/wp-content\/uploads\/2020\/11\/acceuil-6.png","contentUrl":"https:\/\/bien-etreiris.ch\/wp-content\/uploads\/2020\/11\/acceuil-6.png","width":500,"height":357},{"@type":"BreadcrumbList","@id":"https:\/\/bien-etreiris.ch\/de\/produktpraesentation\/gesundes-leben\/nahrungsergaenzungsmittel\/selbsttests\/omega-analyse\/#breadcrumb","itemListElement":[{"@type":"ListItem","position":1,"name":"Home","item":"https:\/\/bien-etreiris.ch\/de\/"},{"@type":"ListItem","position":2,"name":"PRODUKTPR\u00c4SENTATION","item":"https:\/\/bien-etreiris.ch\/de\/produktpraesentation\/"},{"@type":"ListItem","position":3,"name":"GESUNDES LEBEN","item":"https:\/\/bien-etreiris.ch\/de\/produktpraesentation\/gesundes-leben\/"},{"@type":"ListItem","position":4,"name":"NAHRUNGSERG\u00c4NZUNG","item":"https:\/\/bien-etreiris.ch\/de\/produktpraesentation\/gesundes-leben\/nahrungsergaenzungsmittel\/"},{"@type":"ListItem","position":5,"name":"&#8211; SELBSTTESTS","item":"https:\/\/bien-etreiris.ch\/de\/produktpraesentation\/gesundes-leben\/nahrungsergaenzungsmittel\/selbsttests\/"},{"@type":"ListItem","position":6,"name":"OMEGA ANALYSE"}]},{"@type":"WebSite","@id":"https:\/\/bien-etreiris.ch\/de\/#website","url":"https:\/\/bien-etreiris.ch\/de\/","name":"Bien-\u00eatre Iris","description":"IHRE Gesundheit ist uns wichtig","potentialAction":[{"@type":"SearchAction","target":{"@type":"EntryPoint","urlTemplate":"https:\/\/bien-etreiris.ch\/de\/?s={search_term_string}"},"query-input":{"@type":"PropertyValueSpecification","valueRequired":true,"valueName":"search_term_string"}}],"inLanguage":"de"}]}},"_links":{"self":[{"href":"https:\/\/bien-etreiris.ch\/de\/wp-json\/wp\/v2\/pages\/34124","targetHints":{"allow":["GET"]}}],"collection":[{"href":"https:\/\/bien-etreiris.ch\/de\/wp-json\/wp\/v2\/pages"}],"about":[{"href":"https:\/\/bien-etreiris.ch\/de\/wp-json\/wp\/v2\/types\/page"}],"author":[{"embeddable":true,"href":"https:\/\/bien-etreiris.ch\/de\/wp-json\/wp\/v2\/users\/1"}],"replies":[{"embeddable":true,"href":"https:\/\/bien-etreiris.ch\/de\/wp-json\/wp\/v2\/comments?post=34124"}],"version-history":[{"count":3,"href":"https:\/\/bien-etreiris.ch\/de\/wp-json\/wp\/v2\/pages\/34124\/revisions"}],"predecessor-version":[{"id":51337,"href":"https:\/\/bien-etreiris.ch\/de\/wp-json\/wp\/v2\/pages\/34124\/revisions\/51337"}],"up":[{"embeddable":true,"href":"https:\/\/bien-etreiris.ch\/de\/wp-json\/wp\/v2\/pages\/34112"}],"wp:featuredmedia":[{"embeddable":true,"href":"https:\/\/bien-etreiris.ch\/de\/wp-json\/wp\/v2\/media\/33901"}],"wp:attachment":[{"href":"https:\/\/bien-etreiris.ch\/de\/wp-json\/wp\/v2\/media?parent=34124"}],"curies":[{"name":"wp","href":"https:\/\/api.w.org\/{rel}","templated":true}]}}