{"id":33724,"date":"2020-11-05T06:16:19","date_gmt":"2020-11-05T06:16:19","guid":{"rendered":"https:\/\/bien-etreiris.ch\/wohlbefinden\/aromatherapie\/raumbeduftung\/lampe-aromatique\/filligree\/"},"modified":"2026-02-28T15:29:08","modified_gmt":"2026-02-28T13:29:08","slug":"lampe-aromatique-fleur","status":"publish","type":"page","link":"https:\/\/bien-etreiris.ch\/de\/produktpraesentation\/aromatherapie\/raumbeduftung\/duftlampen\/lampe-aromatique-fleur\/","title":{"rendered":"FLEUR"},"content":{"rendered":"<h2>Lampe aromatique Fleur \u2013 Edition sp\u00e9ciale<\/h2>\n<p>&nbsp;<\/p>\n<p><img loading=\"lazy\" decoding=\"async\" class=\"wp-image-97606 alignleft\" src=\"https:\/\/bien-etreiris.ch\/wp-content\/uploads\/2026\/02\/Aromalampe-Blume-mit-licht.png\" alt=\"\" width=\"382\" height=\"382\" srcset=\"https:\/\/bien-etreiris.ch\/wp-content\/uploads\/2026\/02\/Aromalampe-Blume-mit-licht.png 700w, https:\/\/bien-etreiris.ch\/wp-content\/uploads\/2026\/02\/Aromalampe-Blume-mit-licht-300x300.png 300w, https:\/\/bien-etreiris.ch\/wp-content\/uploads\/2026\/02\/Aromalampe-Blume-mit-licht-150x150.png 150w\" sizes=\"auto, (max-width: 382px) 100vw, 382px\" \/><\/p>\n\n\n<p>&nbsp;<\/p>\n<p>&nbsp;<\/p>\n<p>Fabriqu\u00e9 \u00e0 partir de <b>bois de pin cembro suisse*<\/b> dans la magnifique r\u00e9gion de l'Oberland zurichois.<\/p>\n<p>&nbsp;<\/p>\n<p>1 pi\u00e8ce CHF 52.90<\/p>\n\n\n<p>&nbsp;<\/p>\n<h4><strong>Une touche de chaleur qui envahit la pi\u00e8ce<\/strong><\/h4>\n<p>Parfois, il suffit d'une petite lumi\u00e8re pour envelopper toute une pi\u00e8ce d'une atmosph\u00e8re chaleureuse. La lampe aromatique \u00ab Fleur \u2013 \u00c9dition sp\u00e9ciale \u00bb est exactement cette lumi\u00e8re : une combinaison d\u00e9licate de bois d'arolle naturel et de douce lueur de bougie qui transforme les moments en merveilleux rituels de bien-\u00eatre.<\/p>\n<p>Fabriqu\u00e9e \u00e0 la main dans l'Oberland zurichois \u00e0 partir de bois d'arolle suisse, elle incarne la chaleur tranquille de l'artisanat authentique. Le bois, finement huil\u00e9 et vivant dans son grain, conf\u00e8re \u00e0 chaque pi\u00e8ce son caract\u00e8re propre. La coupelle en c\u00e9ramique, simple et \u00e9l\u00e9gante, capte la lumi\u00e8re de la flamme et laisse le parfum se r\u00e9pandre lentement, presque po\u00e9tiquement, dans la pi\u00e8ce.<\/p>\n<p>Quelques gouttes de votre huile essentielle pr\u00e9f\u00e9r\u00e9e suffisent pour que se d\u00e9gage un parfum d\u00e9licat qui, tel un salut discret, \u00e9gaye l'ambiance, apaise ou revigore. Que ce soit pour des soir\u00e9es tranquilles, des moments de d\u00e9tente ou comme rituel quotidien, cette lampe aromatique n'apporte pas seulement un parfum, mais aussi un sentiment de bien-\u00eatre.<\/p>\n<p>La \u00ab Fleur \u2013 \u00c9dition sp\u00e9ciale \u00bb est plus qu'un simple accessoire de d\u00e9coration.<\/p>\n<p>C'est un petit cadeau pour les sens et pour l'\u00e2me.<\/p>\n<p>Hauteur : 15 cm \u2013 Largeur : 12 cm \u2013 Longueur : 12 cm<\/p>\n<p><em>*Produit certifi\u00e9 FSC 100 %<\/em><\/p>","protected":false},"excerpt":{"rendered":"<p>Lampe aromatique Fleur \u2013 Edition sp\u00e9ciale &nbsp; &nbsp; &nbsp; Fabriqu\u00e9 \u00e0 partir de bois de pin cembro suisse* dans la magnifique r\u00e9gion de l'Oberland zurichois. &nbsp; 1 pi\u00e8ce CHF 52.90 &nbsp; Une touche de chaleur qui envahit la pi\u00e8ce Parfois, il suffit d'une petite lumi\u00e8re pour envelopper toute une pi\u00e8ce d'une atmosph\u00e8re chaleureuse. La lampe aromatique \u00ab Fleur \u2013 \u00c9dition&nbsp;<a href=\"https:\/\/bien-etreiris.ch\/de\/produktpraesentation\/aromatherapie\/raumbeduftung\/duftlampen\/lampe-aromatique-fleur\/\" class=\"read-more\">Weiter lesen<\/a><\/p>\n","protected":false},"author":1,"featured_media":97800,"parent":17777,"menu_order":6856,"comment_status":"closed","ping_status":"closed","template":"page-with-child.php","meta":{"_acf_changed":false,"ngg_post_thumbnail":0,"footnotes":""},"class_list":["post-33724","page","type-page","status-publish","has-post-thumbnail","hentry"],"acf":[],"yoast_head":"<!-- This site is optimized with the Yoast SEO plugin v27.4 - https:\/\/yoast.com\/product\/yoast-seo-wordpress\/ -->\n<title>FLEUR - WOHLBEFINDEN<\/title>\n<meta name=\"robots\" content=\"index, follow, max-snippet:-1, max-image-preview:large, max-video-preview:-1\" \/>\n<link rel=\"canonical\" href=\"https:\/\/bien-etreiris.ch\/de\/produktpraesentation\/aromatherapie\/raumbeduftung\/duftlampen\/lampe-aromatique-fleur\/\" \/>\n<meta property=\"og:locale\" content=\"de_DE\" \/>\n<meta property=\"og:type\" content=\"article\" \/>\n<meta property=\"og:title\" content=\"FLEUR - WOHLBEFINDEN\" \/>\n<meta property=\"og:description\" content=\"Lampe aromatique Fleur \u2013 Edition sp\u00e9ciale &nbsp; &nbsp; &nbsp; Fabriqu\u00e9 \u00e0 partir de bois de pin cembro suisse* dans la magnifique r\u00e9gion de l&#039;Oberland zurichois. &nbsp; 1 pi\u00e8ce CHF 52.90 &nbsp; Une touche de chaleur qui envahit la pi\u00e8ce Parfois, il suffit d&#039;une petite lumi\u00e8re pour envelopper toute une pi\u00e8ce d&#039;une atmosph\u00e8re chaleureuse. La lampe aromatique \u00ab Fleur \u2013 \u00c9dition&nbsp;Weiter lesen\" \/>\n<meta property=\"og:url\" content=\"https:\/\/bien-etreiris.ch\/de\/produktpraesentation\/aromatherapie\/raumbeduftung\/duftlampen\/lampe-aromatique-fleur\/\" \/>\n<meta property=\"og:site_name\" content=\"WOHLBEFINDEN\" \/>\n<meta property=\"article:publisher\" content=\"https:\/\/www.facebook.com\/bienetreiris\/\" \/>\n<meta property=\"article:modified_time\" content=\"2026-02-28T13:29:08+00:00\" \/>\n<meta property=\"og:image\" content=\"https:\/\/bien-etreiris.ch\/wp-content\/uploads\/2026\/02\/Acceuil-Fleursj.png\" \/>\n\t<meta property=\"og:image:width\" content=\"370\" \/>\n\t<meta property=\"og:image:height\" content=\"226\" \/>\n\t<meta property=\"og:image:type\" content=\"image\/png\" \/>\n<meta name=\"twitter:label1\" content=\"Gesch\u00e4tzte Lesezeit\" \/>\n\t<meta name=\"twitter:data1\" content=\"2\u00a0Minuten\" \/>\n<script type=\"application\/ld+json\" class=\"yoast-schema-graph\">{\"@context\":\"https:\\\/\\\/schema.org\",\"@graph\":[{\"@type\":\"WebPage\",\"@id\":\"https:\\\/\\\/bien-etreiris.ch\\\/de\\\/produktpraesentation\\\/aromatherapie\\\/raumbeduftung\\\/duftlampen\\\/lampe-aromatique-fleur\\\/\",\"url\":\"https:\\\/\\\/bien-etreiris.ch\\\/de\\\/produktpraesentation\\\/aromatherapie\\\/raumbeduftung\\\/duftlampen\\\/lampe-aromatique-fleur\\\/\",\"name\":\"FLEUR - WOHLBEFINDEN\",\"isPartOf\":{\"@id\":\"https:\\\/\\\/bien-etreiris.ch\\\/de\\\/#website\"},\"primaryImageOfPage\":{\"@id\":\"https:\\\/\\\/bien-etreiris.ch\\\/de\\\/produktpraesentation\\\/aromatherapie\\\/raumbeduftung\\\/duftlampen\\\/lampe-aromatique-fleur\\\/#primaryimage\"},\"image\":{\"@id\":\"https:\\\/\\\/bien-etreiris.ch\\\/de\\\/produktpraesentation\\\/aromatherapie\\\/raumbeduftung\\\/duftlampen\\\/lampe-aromatique-fleur\\\/#primaryimage\"},\"thumbnailUrl\":\"https:\\\/\\\/bien-etreiris.ch\\\/wp-content\\\/uploads\\\/2026\\\/02\\\/Acceuil-Fleursj.png\",\"datePublished\":\"2020-11-05T06:16:19+00:00\",\"dateModified\":\"2026-02-28T13:29:08+00:00\",\"breadcrumb\":{\"@id\":\"https:\\\/\\\/bien-etreiris.ch\\\/de\\\/produktpraesentation\\\/aromatherapie\\\/raumbeduftung\\\/duftlampen\\\/lampe-aromatique-fleur\\\/#breadcrumb\"},\"inLanguage\":\"de\",\"potentialAction\":[{\"@type\":\"ReadAction\",\"target\":[\"https:\\\/\\\/bien-etreiris.ch\\\/de\\\/produktpraesentation\\\/aromatherapie\\\/raumbeduftung\\\/duftlampen\\\/lampe-aromatique-fleur\\\/\"]}]},{\"@type\":\"ImageObject\",\"inLanguage\":\"de\",\"@id\":\"https:\\\/\\\/bien-etreiris.ch\\\/de\\\/produktpraesentation\\\/aromatherapie\\\/raumbeduftung\\\/duftlampen\\\/lampe-aromatique-fleur\\\/#primaryimage\",\"url\":\"https:\\\/\\\/bien-etreiris.ch\\\/wp-content\\\/uploads\\\/2026\\\/02\\\/Acceuil-Fleursj.png\",\"contentUrl\":\"https:\\\/\\\/bien-etreiris.ch\\\/wp-content\\\/uploads\\\/2026\\\/02\\\/Acceuil-Fleursj.png\",\"width\":370,\"height\":226},{\"@type\":\"BreadcrumbList\",\"@id\":\"https:\\\/\\\/bien-etreiris.ch\\\/de\\\/produktpraesentation\\\/aromatherapie\\\/raumbeduftung\\\/duftlampen\\\/lampe-aromatique-fleur\\\/#breadcrumb\",\"itemListElement\":[{\"@type\":\"ListItem\",\"position\":1,\"name\":\"Home\",\"item\":\"https:\\\/\\\/bien-etreiris.ch\\\/de\\\/\"},{\"@type\":\"ListItem\",\"position\":2,\"name\":\"PRODUKTPR\u00c4SENTATION\",\"item\":\"https:\\\/\\\/bien-etreiris.ch\\\/de\\\/produktpraesentation\\\/\"},{\"@type\":\"ListItem\",\"position\":3,\"name\":\"AROMATHERAPIE\",\"item\":\"https:\\\/\\\/bien-etreiris.ch\\\/de\\\/produktpraesentation\\\/aromatherapie\\\/\"},{\"@type\":\"ListItem\",\"position\":4,\"name\":\"RAUMBEDUFTUNG\",\"item\":\"https:\\\/\\\/bien-etreiris.ch\\\/de\\\/produktpraesentation\\\/aromatherapie\\\/raumbeduftung\\\/\"},{\"@type\":\"ListItem\",\"position\":5,\"name\":\"DUFTLAMPEN\",\"item\":\"https:\\\/\\\/bien-etreiris.ch\\\/de\\\/produktpraesentation\\\/aromatherapie\\\/raumbeduftung\\\/duftlampen\\\/\"},{\"@type\":\"ListItem\",\"position\":6,\"name\":\"FLEUR\"}]},{\"@type\":\"WebSite\",\"@id\":\"https:\\\/\\\/bien-etreiris.ch\\\/de\\\/#website\",\"url\":\"https:\\\/\\\/bien-etreiris.ch\\\/de\\\/\",\"name\":\"Bien-\u00eatre Iris\",\"description\":\"IHRE Gesundheit ist uns wichtig\",\"potentialAction\":[{\"@type\":\"SearchAction\",\"target\":{\"@type\":\"EntryPoint\",\"urlTemplate\":\"https:\\\/\\\/bien-etreiris.ch\\\/de\\\/?s={search_term_string}\"},\"query-input\":{\"@type\":\"PropertyValueSpecification\",\"valueRequired\":true,\"valueName\":\"search_term_string\"}}],\"inLanguage\":\"de\"}]}<\/script>\n<!-- \/ Yoast SEO plugin. -->","yoast_head_json":{"title":"FLEUR - WOHLBEFINDEN","robots":{"index":"index","follow":"follow","max-snippet":"max-snippet:-1","max-image-preview":"max-image-preview:large","max-video-preview":"max-video-preview:-1"},"canonical":"https:\/\/bien-etreiris.ch\/de\/produktpraesentation\/aromatherapie\/raumbeduftung\/duftlampen\/lampe-aromatique-fleur\/","og_locale":"de_DE","og_type":"article","og_title":"FLEUR - WOHLBEFINDEN","og_description":"Lampe aromatique Fleur \u2013 Edition sp\u00e9ciale &nbsp; &nbsp; &nbsp; Fabriqu\u00e9 \u00e0 partir de bois de pin cembro suisse* dans la magnifique r\u00e9gion de l'Oberland zurichois. &nbsp; 1 pi\u00e8ce CHF 52.90 &nbsp; Une touche de chaleur qui envahit la pi\u00e8ce Parfois, il suffit d'une petite lumi\u00e8re pour envelopper toute une pi\u00e8ce d'une atmosph\u00e8re chaleureuse. La lampe aromatique \u00ab Fleur \u2013 \u00c9dition&nbsp;Weiter lesen","og_url":"https:\/\/bien-etreiris.ch\/de\/produktpraesentation\/aromatherapie\/raumbeduftung\/duftlampen\/lampe-aromatique-fleur\/","og_site_name":"WOHLBEFINDEN","article_publisher":"https:\/\/www.facebook.com\/bienetreiris\/","article_modified_time":"2026-02-28T13:29:08+00:00","og_image":[{"width":370,"height":226,"url":"https:\/\/bien-etreiris.ch\/wp-content\/uploads\/2026\/02\/Acceuil-Fleursj.png","type":"image\/png"}],"twitter_misc":{"Gesch\u00e4tzte Lesezeit":"2\u00a0Minuten"},"schema":{"@context":"https:\/\/schema.org","@graph":[{"@type":"WebPage","@id":"https:\/\/bien-etreiris.ch\/de\/produktpraesentation\/aromatherapie\/raumbeduftung\/duftlampen\/lampe-aromatique-fleur\/","url":"https:\/\/bien-etreiris.ch\/de\/produktpraesentation\/aromatherapie\/raumbeduftung\/duftlampen\/lampe-aromatique-fleur\/","name":"FLEUR - WOHLBEFINDEN","isPartOf":{"@id":"https:\/\/bien-etreiris.ch\/de\/#website"},"primaryImageOfPage":{"@id":"https:\/\/bien-etreiris.ch\/de\/produktpraesentation\/aromatherapie\/raumbeduftung\/duftlampen\/lampe-aromatique-fleur\/#primaryimage"},"image":{"@id":"https:\/\/bien-etreiris.ch\/de\/produktpraesentation\/aromatherapie\/raumbeduftung\/duftlampen\/lampe-aromatique-fleur\/#primaryimage"},"thumbnailUrl":"https:\/\/bien-etreiris.ch\/wp-content\/uploads\/2026\/02\/Acceuil-Fleursj.png","datePublished":"2020-11-05T06:16:19+00:00","dateModified":"2026-02-28T13:29:08+00:00","breadcrumb":{"@id":"https:\/\/bien-etreiris.ch\/de\/produktpraesentation\/aromatherapie\/raumbeduftung\/duftlampen\/lampe-aromatique-fleur\/#breadcrumb"},"inLanguage":"de","potentialAction":[{"@type":"ReadAction","target":["https:\/\/bien-etreiris.ch\/de\/produktpraesentation\/aromatherapie\/raumbeduftung\/duftlampen\/lampe-aromatique-fleur\/"]}]},{"@type":"ImageObject","inLanguage":"de","@id":"https:\/\/bien-etreiris.ch\/de\/produktpraesentation\/aromatherapie\/raumbeduftung\/duftlampen\/lampe-aromatique-fleur\/#primaryimage","url":"https:\/\/bien-etreiris.ch\/wp-content\/uploads\/2026\/02\/Acceuil-Fleursj.png","contentUrl":"https:\/\/bien-etreiris.ch\/wp-content\/uploads\/2026\/02\/Acceuil-Fleursj.png","width":370,"height":226},{"@type":"BreadcrumbList","@id":"https:\/\/bien-etreiris.ch\/de\/produktpraesentation\/aromatherapie\/raumbeduftung\/duftlampen\/lampe-aromatique-fleur\/#breadcrumb","itemListElement":[{"@type":"ListItem","position":1,"name":"Home","item":"https:\/\/bien-etreiris.ch\/de\/"},{"@type":"ListItem","position":2,"name":"PRODUKTPR\u00c4SENTATION","item":"https:\/\/bien-etreiris.ch\/de\/produktpraesentation\/"},{"@type":"ListItem","position":3,"name":"AROMATHERAPIE","item":"https:\/\/bien-etreiris.ch\/de\/produktpraesentation\/aromatherapie\/"},{"@type":"ListItem","position":4,"name":"RAUMBEDUFTUNG","item":"https:\/\/bien-etreiris.ch\/de\/produktpraesentation\/aromatherapie\/raumbeduftung\/"},{"@type":"ListItem","position":5,"name":"DUFTLAMPEN","item":"https:\/\/bien-etreiris.ch\/de\/produktpraesentation\/aromatherapie\/raumbeduftung\/duftlampen\/"},{"@type":"ListItem","position":6,"name":"FLEUR"}]},{"@type":"WebSite","@id":"https:\/\/bien-etreiris.ch\/de\/#website","url":"https:\/\/bien-etreiris.ch\/de\/","name":"Bien-\u00eatre Iris","description":"IHRE Gesundheit ist uns wichtig","potentialAction":[{"@type":"SearchAction","target":{"@type":"EntryPoint","urlTemplate":"https:\/\/bien-etreiris.ch\/de\/?s={search_term_string}"},"query-input":{"@type":"PropertyValueSpecification","valueRequired":true,"valueName":"search_term_string"}}],"inLanguage":"de"}]}},"_links":{"self":[{"href":"https:\/\/bien-etreiris.ch\/de\/wp-json\/wp\/v2\/pages\/33724","targetHints":{"allow":["GET"]}}],"collection":[{"href":"https:\/\/bien-etreiris.ch\/de\/wp-json\/wp\/v2\/pages"}],"about":[{"href":"https:\/\/bien-etreiris.ch\/de\/wp-json\/wp\/v2\/types\/page"}],"author":[{"embeddable":true,"href":"https:\/\/bien-etreiris.ch\/de\/wp-json\/wp\/v2\/users\/1"}],"replies":[{"embeddable":true,"href":"https:\/\/bien-etreiris.ch\/de\/wp-json\/wp\/v2\/comments?post=33724"}],"version-history":[{"count":6,"href":"https:\/\/bien-etreiris.ch\/de\/wp-json\/wp\/v2\/pages\/33724\/revisions"}],"predecessor-version":[{"id":97633,"href":"https:\/\/bien-etreiris.ch\/de\/wp-json\/wp\/v2\/pages\/33724\/revisions\/97633"}],"up":[{"embeddable":true,"href":"https:\/\/bien-etreiris.ch\/de\/wp-json\/wp\/v2\/pages\/17777"}],"wp:featuredmedia":[{"embeddable":true,"href":"https:\/\/bien-etreiris.ch\/de\/wp-json\/wp\/v2\/media\/97800"}],"wp:attachment":[{"href":"https:\/\/bien-etreiris.ch\/de\/wp-json\/wp\/v2\/media?parent=33724"}],"curies":[{"name":"wp","href":"https:\/\/api.w.org\/{rel}","templated":true}]}}