{"id":33681,"date":"2020-11-05T04:39:05","date_gmt":"2020-11-05T04:39:05","guid":{"rendered":"https:\/\/bien-etreiris.ch\/?page_id=33681"},"modified":"2020-11-06T06:03:15","modified_gmt":"2020-11-06T06:03:15","slug":"zoe-le-diffuseur-daromes-lumineux","status":"publish","type":"page","link":"https:\/\/bien-etreiris.ch\/de\/produktpraesentation\/aromatherapie\/raumbeduftung\/vernebler\/zoe-le-diffuseur-daromes-lumineux\/","title":{"rendered":"ZOE"},"content":{"rendered":"<h2 class=\"product-slogan\">Le diffuseur d\u2019ar\u00f4mes lumineux<\/h2>\n<div class=\"product-feedback\"><a href=\"https:\/\/decoiris.ch\/wp-content\/uploads\/2020\/11\/Zoe-diffuseur.jpg\"><img loading=\"lazy\" decoding=\"async\" class=\"wp-image-33740 size-medium alignleft\" src=\"https:\/\/decoiris.ch\/wp-content\/uploads\/2020\/11\/Zoe-diffuseur-300x240.jpg\" alt=\"\" width=\"300\" height=\"240\" srcset=\"https:\/\/bien-etreiris.ch\/wp-content\/uploads\/2020\/11\/Zoe-diffuseur-300x240.jpg 300w, https:\/\/bien-etreiris.ch\/wp-content\/uploads\/2020\/11\/Zoe-diffuseur.jpg 600w\" sizes=\"auto, (max-width: 300px) 100vw, 300px\" \/><\/a><\/div>\n<ul class=\"product-features\">\n<li>\n<p class=\"bodytext\">La lumi\u00e8re ambr\u00e9e cr\u00e9e une atmosph\u00e8re de bien-\u00eatre<\/p>\n<\/li>\n<li>\n<p class=\"bodytext\">Enveloppe l\u2019atmosph\u00e8re avec une brume de fragrance d\u00e9licate<\/p>\n<\/li>\n<li>\n<p class=\"bodytext\">Utilisable partout gr\u00e2ce \u00e0 son cable USB<\/p>\n<\/li>\n<\/ul>\n<p>1 pi\u00e8ce&nbsp; CHF 69.00 (inclus&nbsp; 5ml huile essentiel Eucalyptus Radia <strong>DAMASCENA<\/strong>)<\/p>\n<p>&nbsp;<\/p>\n<p>&nbsp;<\/p>\n<p>&nbsp;<\/p>\n<div class=\"product-description js-expand-text is-shown\" data-count=\"200\" data-js-expand-more=\"plus\" data-js-expand-less=\"moins\">\n<p class=\"bodytext\">Le diffuseur d\u2019ar\u00f4mes avec sa fonction Amber Light<sup>TM<\/sup> cr\u00e9e des moments d\u2019ambiance inoubliables. La brume rafra\u00eechissante de Zoe est rendue visible par une lumi\u00e8re ambr\u00e9e. Un spectacle de flammes couleur bronze transforme la pi\u00e8ce en une oasis de bien-\u00eatre. Gr\u00e2ce \u00e0 sa technologie ultrasonique, le diffuseur d\u2019ar\u00f4me r\u00e9partit dans la pi\u00e8ce vos huiles essentielles pr\u00e9f\u00e9r\u00e9es sous forme de brume fine de mani\u00e8re optimale, silencieuse et \u00e9conome en \u00e9nergie, et cela jusqu\u2019\u00e0 dix heures. Zoe convainc sur tous les plans : les fonctionnalit\u00e9s comme la prise USB pour l\u2019utilisation mobile, l\u2019adaptateur pour la maison et l\u2019arr\u00eat automatique viennent compl\u00e9ter ses aptitudes. Et pour que vous ne soyez pas d\u00e9rang\u00e9 lors de votre repos nocturne, vous pouvez diminuer l\u2019intensit\u00e9 de la lumi\u00e8re d\u2019ambiance Amber Light<sup>TM<\/sup> ou l\u2019\u00e9teindre compl\u00e8tement. Zoe, le diffuseur d\u2019ar\u00f4mes noble, offre par sa pr\u00e9sence remarquable des moments de bien-\u00eatre en tout lieu!<span class=\"expand-toggle\"> <span class=\"txt\">moins<\/span><\/span><\/p>\n<\/div>\n","protected":false},"excerpt":{"rendered":"<p>Le diffuseur d\u2019ar\u00f4mes lumineux La lumi\u00e8re ambr\u00e9e cr\u00e9e une atmosph\u00e8re de bien-\u00eatre Enveloppe l\u2019atmosph\u00e8re avec une brume de fragrance d\u00e9licate Utilisable partout gr\u00e2ce \u00e0 son cable USB 1 pi\u00e8ce&nbsp; CHF 69.00 (inclus&nbsp; 5ml huile essentiel Eucalyptus Radia DAMASCENA) &nbsp; &nbsp; &nbsp; Le diffuseur d\u2019ar\u00f4mes avec sa fonction Amber LightTM cr\u00e9e des moments d\u2019ambiance inoubliables. La brume rafra\u00eechissante de Zoe est&nbsp;<a href=\"https:\/\/bien-etreiris.ch\/de\/produktpraesentation\/aromatherapie\/raumbeduftung\/vernebler\/zoe-le-diffuseur-daromes-lumineux\/\" class=\"read-more\">Weiter lesen<\/a><\/p>\n","protected":false},"author":1,"featured_media":33788,"parent":18415,"menu_order":6867,"comment_status":"closed","ping_status":"closed","template":"page-with-child.php","meta":{"_acf_changed":false,"ngg_post_thumbnail":0,"footnotes":""},"class_list":["post-33681","page","type-page","status-publish","has-post-thumbnail","hentry"],"acf":[],"yoast_head":"<!-- This site is optimized with the Yoast SEO plugin v27.5 - https:\/\/yoast.com\/product\/yoast-seo-wordpress\/ -->\n<title>ZOE - WOHLBEFINDEN<\/title>\n<meta name=\"robots\" content=\"index, follow, max-snippet:-1, max-image-preview:large, max-video-preview:-1\" \/>\n<link rel=\"canonical\" href=\"https:\/\/bien-etreiris.ch\/de\/produktpraesentation\/aromatherapie\/raumbeduftung\/vernebler\/zoe-le-diffuseur-daromes-lumineux\/\" \/>\n<meta property=\"og:locale\" content=\"de_DE\" \/>\n<meta property=\"og:type\" content=\"article\" \/>\n<meta property=\"og:title\" content=\"ZOE - WOHLBEFINDEN\" \/>\n<meta property=\"og:description\" content=\"Le diffuseur d\u2019ar\u00f4mes lumineux La lumi\u00e8re ambr\u00e9e cr\u00e9e une atmosph\u00e8re de bien-\u00eatre Enveloppe l\u2019atmosph\u00e8re avec une brume de fragrance d\u00e9licate Utilisable partout gr\u00e2ce \u00e0 son cable USB 1 pi\u00e8ce&nbsp; CHF 69.00 (inclus&nbsp; 5ml huile essentiel Eucalyptus Radia DAMASCENA) &nbsp; &nbsp; &nbsp; Le diffuseur d\u2019ar\u00f4mes avec sa fonction Amber LightTM cr\u00e9e des moments d\u2019ambiance inoubliables. La brume rafra\u00eechissante de Zoe est&nbsp;Weiter lesen\" \/>\n<meta property=\"og:url\" content=\"https:\/\/bien-etreiris.ch\/de\/produktpraesentation\/aromatherapie\/raumbeduftung\/vernebler\/zoe-le-diffuseur-daromes-lumineux\/\" \/>\n<meta property=\"og:site_name\" content=\"WOHLBEFINDEN\" \/>\n<meta property=\"article:publisher\" content=\"https:\/\/www.facebook.com\/bienetreiris\/\" \/>\n<meta property=\"article:modified_time\" content=\"2020-11-06T06:03:15+00:00\" \/>\n<meta property=\"og:image\" content=\"https:\/\/bien-etreiris.ch\/wp-content\/uploads\/2020\/11\/Acceuil-1.png\" \/>\n\t<meta property=\"og:image:width\" content=\"800\" \/>\n\t<meta property=\"og:image:height\" content=\"581\" \/>\n\t<meta property=\"og:image:type\" content=\"image\/png\" \/>\n<meta name=\"twitter:label1\" content=\"Gesch\u00e4tzte Lesezeit\" \/>\n\t<meta name=\"twitter:data1\" content=\"1\u00a0Minute\" \/>\n<script type=\"application\/ld+json\" class=\"yoast-schema-graph\">{\"@context\":\"https:\\\/\\\/schema.org\",\"@graph\":[{\"@type\":\"WebPage\",\"@id\":\"https:\\\/\\\/bien-etreiris.ch\\\/de\\\/produktpraesentation\\\/aromatherapie\\\/raumbeduftung\\\/vernebler\\\/zoe-le-diffuseur-daromes-lumineux\\\/\",\"url\":\"https:\\\/\\\/bien-etreiris.ch\\\/de\\\/produktpraesentation\\\/aromatherapie\\\/raumbeduftung\\\/vernebler\\\/zoe-le-diffuseur-daromes-lumineux\\\/\",\"name\":\"ZOE - WOHLBEFINDEN\",\"isPartOf\":{\"@id\":\"https:\\\/\\\/bien-etreiris.ch\\\/de\\\/#website\"},\"primaryImageOfPage\":{\"@id\":\"https:\\\/\\\/bien-etreiris.ch\\\/de\\\/produktpraesentation\\\/aromatherapie\\\/raumbeduftung\\\/vernebler\\\/zoe-le-diffuseur-daromes-lumineux\\\/#primaryimage\"},\"image\":{\"@id\":\"https:\\\/\\\/bien-etreiris.ch\\\/de\\\/produktpraesentation\\\/aromatherapie\\\/raumbeduftung\\\/vernebler\\\/zoe-le-diffuseur-daromes-lumineux\\\/#primaryimage\"},\"thumbnailUrl\":\"https:\\\/\\\/bien-etreiris.ch\\\/wp-content\\\/uploads\\\/2020\\\/11\\\/Acceuil-1.png\",\"datePublished\":\"2020-11-05T04:39:05+00:00\",\"dateModified\":\"2020-11-06T06:03:15+00:00\",\"breadcrumb\":{\"@id\":\"https:\\\/\\\/bien-etreiris.ch\\\/de\\\/produktpraesentation\\\/aromatherapie\\\/raumbeduftung\\\/vernebler\\\/zoe-le-diffuseur-daromes-lumineux\\\/#breadcrumb\"},\"inLanguage\":\"de\",\"potentialAction\":[{\"@type\":\"ReadAction\",\"target\":[\"https:\\\/\\\/bien-etreiris.ch\\\/de\\\/produktpraesentation\\\/aromatherapie\\\/raumbeduftung\\\/vernebler\\\/zoe-le-diffuseur-daromes-lumineux\\\/\"]}]},{\"@type\":\"ImageObject\",\"inLanguage\":\"de\",\"@id\":\"https:\\\/\\\/bien-etreiris.ch\\\/de\\\/produktpraesentation\\\/aromatherapie\\\/raumbeduftung\\\/vernebler\\\/zoe-le-diffuseur-daromes-lumineux\\\/#primaryimage\",\"url\":\"https:\\\/\\\/bien-etreiris.ch\\\/wp-content\\\/uploads\\\/2020\\\/11\\\/Acceuil-1.png\",\"contentUrl\":\"https:\\\/\\\/bien-etreiris.ch\\\/wp-content\\\/uploads\\\/2020\\\/11\\\/Acceuil-1.png\",\"width\":800,\"height\":581},{\"@type\":\"BreadcrumbList\",\"@id\":\"https:\\\/\\\/bien-etreiris.ch\\\/de\\\/produktpraesentation\\\/aromatherapie\\\/raumbeduftung\\\/vernebler\\\/zoe-le-diffuseur-daromes-lumineux\\\/#breadcrumb\",\"itemListElement\":[{\"@type\":\"ListItem\",\"position\":1,\"name\":\"Home\",\"item\":\"https:\\\/\\\/bien-etreiris.ch\\\/de\\\/\"},{\"@type\":\"ListItem\",\"position\":2,\"name\":\"PRODUKTPR\u00c4SENTATION\",\"item\":\"https:\\\/\\\/bien-etreiris.ch\\\/de\\\/produktpraesentation\\\/\"},{\"@type\":\"ListItem\",\"position\":3,\"name\":\"AROMATHERAPIE\",\"item\":\"https:\\\/\\\/bien-etreiris.ch\\\/de\\\/produktpraesentation\\\/aromatherapie\\\/\"},{\"@type\":\"ListItem\",\"position\":4,\"name\":\"RAUMBEDUFTUNG\",\"item\":\"https:\\\/\\\/bien-etreiris.ch\\\/de\\\/produktpraesentation\\\/aromatherapie\\\/raumbeduftung\\\/\"},{\"@type\":\"ListItem\",\"position\":5,\"name\":\"VERNEBLER\",\"item\":\"https:\\\/\\\/bien-etreiris.ch\\\/de\\\/produktpraesentation\\\/aromatherapie\\\/raumbeduftung\\\/vernebler\\\/\"},{\"@type\":\"ListItem\",\"position\":6,\"name\":\"ZOE\"}]},{\"@type\":\"WebSite\",\"@id\":\"https:\\\/\\\/bien-etreiris.ch\\\/de\\\/#website\",\"url\":\"https:\\\/\\\/bien-etreiris.ch\\\/de\\\/\",\"name\":\"Bien-\u00eatre Iris\",\"description\":\"IHRE Gesundheit ist uns wichtig\",\"potentialAction\":[{\"@type\":\"SearchAction\",\"target\":{\"@type\":\"EntryPoint\",\"urlTemplate\":\"https:\\\/\\\/bien-etreiris.ch\\\/de\\\/?s={search_term_string}\"},\"query-input\":{\"@type\":\"PropertyValueSpecification\",\"valueRequired\":true,\"valueName\":\"search_term_string\"}}],\"inLanguage\":\"de\"}]}<\/script>\n<!-- \/ Yoast SEO plugin. -->","yoast_head_json":{"title":"ZOE - WOHLBEFINDEN","robots":{"index":"index","follow":"follow","max-snippet":"max-snippet:-1","max-image-preview":"max-image-preview:large","max-video-preview":"max-video-preview:-1"},"canonical":"https:\/\/bien-etreiris.ch\/de\/produktpraesentation\/aromatherapie\/raumbeduftung\/vernebler\/zoe-le-diffuseur-daromes-lumineux\/","og_locale":"de_DE","og_type":"article","og_title":"ZOE - WOHLBEFINDEN","og_description":"Le diffuseur d\u2019ar\u00f4mes lumineux La lumi\u00e8re ambr\u00e9e cr\u00e9e une atmosph\u00e8re de bien-\u00eatre Enveloppe l\u2019atmosph\u00e8re avec une brume de fragrance d\u00e9licate Utilisable partout gr\u00e2ce \u00e0 son cable USB 1 pi\u00e8ce&nbsp; CHF 69.00 (inclus&nbsp; 5ml huile essentiel Eucalyptus Radia DAMASCENA) &nbsp; &nbsp; &nbsp; Le diffuseur d\u2019ar\u00f4mes avec sa fonction Amber LightTM cr\u00e9e des moments d\u2019ambiance inoubliables. La brume rafra\u00eechissante de Zoe est&nbsp;Weiter lesen","og_url":"https:\/\/bien-etreiris.ch\/de\/produktpraesentation\/aromatherapie\/raumbeduftung\/vernebler\/zoe-le-diffuseur-daromes-lumineux\/","og_site_name":"WOHLBEFINDEN","article_publisher":"https:\/\/www.facebook.com\/bienetreiris\/","article_modified_time":"2020-11-06T06:03:15+00:00","og_image":[{"width":800,"height":581,"url":"https:\/\/bien-etreiris.ch\/wp-content\/uploads\/2020\/11\/Acceuil-1.png","type":"image\/png"}],"twitter_misc":{"Gesch\u00e4tzte Lesezeit":"1\u00a0Minute"},"schema":{"@context":"https:\/\/schema.org","@graph":[{"@type":"WebPage","@id":"https:\/\/bien-etreiris.ch\/de\/produktpraesentation\/aromatherapie\/raumbeduftung\/vernebler\/zoe-le-diffuseur-daromes-lumineux\/","url":"https:\/\/bien-etreiris.ch\/de\/produktpraesentation\/aromatherapie\/raumbeduftung\/vernebler\/zoe-le-diffuseur-daromes-lumineux\/","name":"ZOE - WOHLBEFINDEN","isPartOf":{"@id":"https:\/\/bien-etreiris.ch\/de\/#website"},"primaryImageOfPage":{"@id":"https:\/\/bien-etreiris.ch\/de\/produktpraesentation\/aromatherapie\/raumbeduftung\/vernebler\/zoe-le-diffuseur-daromes-lumineux\/#primaryimage"},"image":{"@id":"https:\/\/bien-etreiris.ch\/de\/produktpraesentation\/aromatherapie\/raumbeduftung\/vernebler\/zoe-le-diffuseur-daromes-lumineux\/#primaryimage"},"thumbnailUrl":"https:\/\/bien-etreiris.ch\/wp-content\/uploads\/2020\/11\/Acceuil-1.png","datePublished":"2020-11-05T04:39:05+00:00","dateModified":"2020-11-06T06:03:15+00:00","breadcrumb":{"@id":"https:\/\/bien-etreiris.ch\/de\/produktpraesentation\/aromatherapie\/raumbeduftung\/vernebler\/zoe-le-diffuseur-daromes-lumineux\/#breadcrumb"},"inLanguage":"de","potentialAction":[{"@type":"ReadAction","target":["https:\/\/bien-etreiris.ch\/de\/produktpraesentation\/aromatherapie\/raumbeduftung\/vernebler\/zoe-le-diffuseur-daromes-lumineux\/"]}]},{"@type":"ImageObject","inLanguage":"de","@id":"https:\/\/bien-etreiris.ch\/de\/produktpraesentation\/aromatherapie\/raumbeduftung\/vernebler\/zoe-le-diffuseur-daromes-lumineux\/#primaryimage","url":"https:\/\/bien-etreiris.ch\/wp-content\/uploads\/2020\/11\/Acceuil-1.png","contentUrl":"https:\/\/bien-etreiris.ch\/wp-content\/uploads\/2020\/11\/Acceuil-1.png","width":800,"height":581},{"@type":"BreadcrumbList","@id":"https:\/\/bien-etreiris.ch\/de\/produktpraesentation\/aromatherapie\/raumbeduftung\/vernebler\/zoe-le-diffuseur-daromes-lumineux\/#breadcrumb","itemListElement":[{"@type":"ListItem","position":1,"name":"Home","item":"https:\/\/bien-etreiris.ch\/de\/"},{"@type":"ListItem","position":2,"name":"PRODUKTPR\u00c4SENTATION","item":"https:\/\/bien-etreiris.ch\/de\/produktpraesentation\/"},{"@type":"ListItem","position":3,"name":"AROMATHERAPIE","item":"https:\/\/bien-etreiris.ch\/de\/produktpraesentation\/aromatherapie\/"},{"@type":"ListItem","position":4,"name":"RAUMBEDUFTUNG","item":"https:\/\/bien-etreiris.ch\/de\/produktpraesentation\/aromatherapie\/raumbeduftung\/"},{"@type":"ListItem","position":5,"name":"VERNEBLER","item":"https:\/\/bien-etreiris.ch\/de\/produktpraesentation\/aromatherapie\/raumbeduftung\/vernebler\/"},{"@type":"ListItem","position":6,"name":"ZOE"}]},{"@type":"WebSite","@id":"https:\/\/bien-etreiris.ch\/de\/#website","url":"https:\/\/bien-etreiris.ch\/de\/","name":"Bien-\u00eatre Iris","description":"IHRE Gesundheit ist uns wichtig","potentialAction":[{"@type":"SearchAction","target":{"@type":"EntryPoint","urlTemplate":"https:\/\/bien-etreiris.ch\/de\/?s={search_term_string}"},"query-input":{"@type":"PropertyValueSpecification","valueRequired":true,"valueName":"search_term_string"}}],"inLanguage":"de"}]}},"_links":{"self":[{"href":"https:\/\/bien-etreiris.ch\/de\/wp-json\/wp\/v2\/pages\/33681","targetHints":{"allow":["GET"]}}],"collection":[{"href":"https:\/\/bien-etreiris.ch\/de\/wp-json\/wp\/v2\/pages"}],"about":[{"href":"https:\/\/bien-etreiris.ch\/de\/wp-json\/wp\/v2\/types\/page"}],"author":[{"embeddable":true,"href":"https:\/\/bien-etreiris.ch\/de\/wp-json\/wp\/v2\/users\/1"}],"replies":[{"embeddable":true,"href":"https:\/\/bien-etreiris.ch\/de\/wp-json\/wp\/v2\/comments?post=33681"}],"version-history":[{"count":3,"href":"https:\/\/bien-etreiris.ch\/de\/wp-json\/wp\/v2\/pages\/33681\/revisions"}],"predecessor-version":[{"id":33745,"href":"https:\/\/bien-etreiris.ch\/de\/wp-json\/wp\/v2\/pages\/33681\/revisions\/33745"}],"up":[{"embeddable":true,"href":"https:\/\/bien-etreiris.ch\/de\/wp-json\/wp\/v2\/pages\/18415"}],"wp:featuredmedia":[{"embeddable":true,"href":"https:\/\/bien-etreiris.ch\/de\/wp-json\/wp\/v2\/media\/33788"}],"wp:attachment":[{"href":"https:\/\/bien-etreiris.ch\/de\/wp-json\/wp\/v2\/media?parent=33681"}],"curies":[{"name":"wp","href":"https:\/\/api.w.org\/{rel}","templated":true}]}}