{"id":33611,"date":"2020-05-30T20:15:29","date_gmt":"2020-05-30T20:15:29","guid":{"rendered":"https:\/\/bien-etreiris.ch\/wohlbefinden\/aromatherapie\/"},"modified":"2025-08-05T09:49:26","modified_gmt":"2025-08-05T07:49:26","slug":"aromatherapie","status":"publish","type":"page","link":"https:\/\/bien-etreiris.ch\/de\/produktpraesentation\/aromatherapie\/","title":{"rendered":"AROMATHERAPIE"},"content":{"rendered":"\n<p>L\u2019usage aromatique des plantes est tr\u00e8s ancien - les Egyptiens y avaient d\u00e9j\u00e0 recours en 4 000 av. J.C. pour l\u2019embaumement des morts. <\/p>\n\n\n\n<p>Depuis des si\u00e8cles, les \u00e9pices et les r\u00e9sines sont utilis\u00e9es dans les c\u00e9r\u00e9monies religieuses, les offrandes et l'embaumement des d\u00e9funts, mais il est difficile de d\u00e9terminer avec pr\u00e9cision quand l'huile essentielle a \u00e9t\u00e9 extraite pour la premi\u00e8re fois.<\/p>\n\n\n\n<p>Les Hindous connaissaient la fermentation et obtenaient ainsi, par distillation, des produits tels que l'essence de calamus ou l'essence de ngras (Andropogon). Il s'agissait toutefois de solutions alcooliques : les premiers distillats servaient \u00e0 extraire l'alcool du vin et \u00e0 obtenir de l'eau-de-vie \u00e0 partir de miel ferment\u00e9.<\/p>\n<p><br>Les \u00c9gyptiens et les Perses \u00e9taient pass\u00e9s ma\u00eetres dans l'art de la distillation. Ils isolaient les parfums et connaissaient l'essence de t\u00e9r\u00e9benthine, issue de la r\u00e9sine du \u00ab Pistacia terebenthus \u00bb. Il s'agit sans aucun doute de la premi\u00e8re huile essentielle obtenue par distillation \u00e0 sec.<\/p>\n<p><br>Les Grecs tiraient un grand profit des huiles parfum\u00e9es. Ils les utilisaient \u00e0 des fins curatives. Pendant l'\u00e9pid\u00e9mie de peste \u00e0 Ath\u00e8nes, Hippocrate (377 av. J.-C.) prescrivait de grands feux de gen\u00e9vrier, de c\u00e8dre, de bois odorants et de plantes parfum\u00e9es. Au Ier si\u00e8cle de notre \u00e8re, Discoride, un m\u00e9decin grec d'Asie Mineure, r\u00e9digeait un ouvrage intitul\u00e9 \u00ab De la m\u00e9decine \u00bb, qui \u00e9voquait l'usage m\u00e9dical des eaux distill\u00e9es.<\/p>\n<p>Les Romains, grands utilisateurs de parfums, utilisaient des \u00e9pices sous forme de graisses odorantes ou d'huiles parfum\u00e9es. Ils connaissaient les propri\u00e9t\u00e9s antibact\u00e9riennes et antiseptiques des plantes aromatiques qu'ils cultivaient. Pendant la grande \u00e9pid\u00e9mie de peste, Esculape aurait conseill\u00e9 de proc\u00e9der \u00e0 des fumigations avec des plantes aromatiques telles que le romarin, le laurier, la sauge ou le clou de girofle.<\/p>\n<p>Les Arabes, experts en \u00ab alchimie \u00bb, au X\u00e8me si\u00e8cle, qu\u2019appara\u00eetra l\u2019id\u00e9e d\u2019extraire les principes actifs des plantes par distillation. Le principe de la <strong>distillation est<\/strong> d\u00e9couvert par <strong>Avicenne<\/strong>, m\u00e9decin et philosophe perse, qui mit au point le 1<sup>er<\/sup> alambic . La <strong>distillation<\/strong> par vapeur d'eau permet d'extraire les mol\u00e9cules composant les huiles essentielles<\/p>\n\n\n\n<p>Au XVIIe si\u00e8cle, les huiles essentielles sont utilis\u00e9es pour la premi\u00e8re fois en tant que telles. En Provence (France) notamment, les pharmaciens et les herboristes prescrivent de plus en plus souvent des huiles essentielles de romarin.<\/p>\n\n\n\n<p>Les huiles v\u00e9g\u00e9tales  seront aussi tr\u00e8s utiles en aromath\u00e9rapie avec des propri\u00e9t\u00e9s  th\u00e9rapeutiques sp\u00e9cifiques, ou tout simplement parce qu'elles font  d'excellentes bases de dilution des huiles essentielles. Certaines  poss\u00e8dent \u00e9galement de nombreux bienfaits nutritionnels et seront donc  id\u00e9ales en cuisine. L'objectif de ce guide est de vous aider \u00e0 vous y  retrouver entre les huiles v\u00e9g\u00e9tales d\u00e9di\u00e9es \u00e0 la cosm\u00e9tique, \u00e0  l'aromath\u00e9rapie et \u00e0 la nutrition : <\/p>\n","protected":false},"excerpt":{"rendered":"<p>L\u2019usage aromatique des plantes est tr\u00e8s ancien - les Egyptiens y avaient d\u00e9j\u00e0 recours en 4 000 av. J.C. pour l\u2019embaumement des morts. Depuis des si\u00e8cles, les \u00e9pices et les r\u00e9sines sont utilis\u00e9es dans les c\u00e9r\u00e9monies religieuses, les offrandes et l'embaumement des d\u00e9funts, mais il est difficile de d\u00e9terminer avec pr\u00e9cision quand l'huile essentielle a \u00e9t\u00e9 extraite pour la premi\u00e8re&nbsp;<a href=\"https:\/\/bien-etreiris.ch\/de\/produktpraesentation\/aromatherapie\/\" class=\"read-more\">Weiter lesen<\/a><\/p>\n","protected":false},"author":1,"featured_media":31205,"parent":13332,"menu_order":7094,"comment_status":"closed","ping_status":"closed","template":"page-with-child.php","meta":{"_acf_changed":false,"ngg_post_thumbnail":0,"footnotes":""},"class_list":["post-33611","page","type-page","status-publish","has-post-thumbnail","hentry"],"acf":[],"yoast_head":"<!-- This site is optimized with the Yoast SEO plugin v27.4 - https:\/\/yoast.com\/product\/yoast-seo-wordpress\/ -->\n<title>AROMATHERAPIE - WOHLBEFINDEN<\/title>\n<meta name=\"robots\" content=\"index, follow, max-snippet:-1, max-image-preview:large, max-video-preview:-1\" \/>\n<link rel=\"canonical\" href=\"https:\/\/bien-etreiris.ch\/de\/produktpraesentation\/aromatherapie\/\" \/>\n<meta property=\"og:locale\" content=\"de_DE\" \/>\n<meta property=\"og:type\" content=\"article\" \/>\n<meta property=\"og:title\" content=\"AROMATHERAPIE - WOHLBEFINDEN\" \/>\n<meta property=\"og:description\" content=\"L\u2019usage aromatique des plantes est tr\u00e8s ancien - les Egyptiens y avaient d\u00e9j\u00e0 recours en 4 000 av. J.C. pour l\u2019embaumement des morts. Depuis des si\u00e8cles, les \u00e9pices et les r\u00e9sines sont utilis\u00e9es dans les c\u00e9r\u00e9monies religieuses, les offrandes et l&#039;embaumement des d\u00e9funts, mais il est difficile de d\u00e9terminer avec pr\u00e9cision quand l&#039;huile essentielle a \u00e9t\u00e9 extraite pour la premi\u00e8re&nbsp;Weiter lesen\" \/>\n<meta property=\"og:url\" content=\"https:\/\/bien-etreiris.ch\/de\/produktpraesentation\/aromatherapie\/\" \/>\n<meta property=\"og:site_name\" content=\"WOHLBEFINDEN\" \/>\n<meta property=\"article:publisher\" content=\"https:\/\/www.facebook.com\/bienetreiris\/\" \/>\n<meta property=\"article:modified_time\" content=\"2025-08-05T07:49:26+00:00\" \/>\n<meta property=\"og:image\" content=\"https:\/\/bien-etreiris.ch\/wp-content\/uploads\/2020\/05\/Acceuil.jpg\" \/>\n\t<meta property=\"og:image:width\" content=\"500\" \/>\n\t<meta property=\"og:image:height\" content=\"333\" \/>\n\t<meta property=\"og:image:type\" content=\"image\/jpeg\" \/>\n<meta name=\"twitter:label1\" content=\"Gesch\u00e4tzte Lesezeit\" \/>\n\t<meta name=\"twitter:data1\" content=\"1\u00a0Minute\" \/>\n<script type=\"application\/ld+json\" class=\"yoast-schema-graph\">{\"@context\":\"https:\\\/\\\/schema.org\",\"@graph\":[{\"@type\":\"WebPage\",\"@id\":\"https:\\\/\\\/bien-etreiris.ch\\\/de\\\/produktpraesentation\\\/aromatherapie\\\/\",\"url\":\"https:\\\/\\\/bien-etreiris.ch\\\/de\\\/produktpraesentation\\\/aromatherapie\\\/\",\"name\":\"AROMATHERAPIE - WOHLBEFINDEN\",\"isPartOf\":{\"@id\":\"https:\\\/\\\/bien-etreiris.ch\\\/de\\\/#website\"},\"primaryImageOfPage\":{\"@id\":\"https:\\\/\\\/bien-etreiris.ch\\\/de\\\/produktpraesentation\\\/aromatherapie\\\/#primaryimage\"},\"image\":{\"@id\":\"https:\\\/\\\/bien-etreiris.ch\\\/de\\\/produktpraesentation\\\/aromatherapie\\\/#primaryimage\"},\"thumbnailUrl\":\"https:\\\/\\\/bien-etreiris.ch\\\/wp-content\\\/uploads\\\/2020\\\/05\\\/Acceuil.jpg\",\"datePublished\":\"2020-05-30T20:15:29+00:00\",\"dateModified\":\"2025-08-05T07:49:26+00:00\",\"breadcrumb\":{\"@id\":\"https:\\\/\\\/bien-etreiris.ch\\\/de\\\/produktpraesentation\\\/aromatherapie\\\/#breadcrumb\"},\"inLanguage\":\"de\",\"potentialAction\":[{\"@type\":\"ReadAction\",\"target\":[\"https:\\\/\\\/bien-etreiris.ch\\\/de\\\/produktpraesentation\\\/aromatherapie\\\/\"]}]},{\"@type\":\"ImageObject\",\"inLanguage\":\"de\",\"@id\":\"https:\\\/\\\/bien-etreiris.ch\\\/de\\\/produktpraesentation\\\/aromatherapie\\\/#primaryimage\",\"url\":\"https:\\\/\\\/bien-etreiris.ch\\\/wp-content\\\/uploads\\\/2020\\\/05\\\/Acceuil.jpg\",\"contentUrl\":\"https:\\\/\\\/bien-etreiris.ch\\\/wp-content\\\/uploads\\\/2020\\\/05\\\/Acceuil.jpg\",\"width\":500,\"height\":333},{\"@type\":\"BreadcrumbList\",\"@id\":\"https:\\\/\\\/bien-etreiris.ch\\\/de\\\/produktpraesentation\\\/aromatherapie\\\/#breadcrumb\",\"itemListElement\":[{\"@type\":\"ListItem\",\"position\":1,\"name\":\"Home\",\"item\":\"https:\\\/\\\/bien-etreiris.ch\\\/de\\\/\"},{\"@type\":\"ListItem\",\"position\":2,\"name\":\"PRODUKTPR\u00c4SENTATION\",\"item\":\"https:\\\/\\\/bien-etreiris.ch\\\/de\\\/produktpraesentation\\\/\"},{\"@type\":\"ListItem\",\"position\":3,\"name\":\"AROMATHERAPIE\"}]},{\"@type\":\"WebSite\",\"@id\":\"https:\\\/\\\/bien-etreiris.ch\\\/de\\\/#website\",\"url\":\"https:\\\/\\\/bien-etreiris.ch\\\/de\\\/\",\"name\":\"Bien-\u00eatre Iris\",\"description\":\"IHRE Gesundheit ist uns wichtig\",\"potentialAction\":[{\"@type\":\"SearchAction\",\"target\":{\"@type\":\"EntryPoint\",\"urlTemplate\":\"https:\\\/\\\/bien-etreiris.ch\\\/de\\\/?s={search_term_string}\"},\"query-input\":{\"@type\":\"PropertyValueSpecification\",\"valueRequired\":true,\"valueName\":\"search_term_string\"}}],\"inLanguage\":\"de\"}]}<\/script>\n<!-- \/ Yoast SEO plugin. -->","yoast_head_json":{"title":"AROMATHERAPIE - WOHLBEFINDEN","robots":{"index":"index","follow":"follow","max-snippet":"max-snippet:-1","max-image-preview":"max-image-preview:large","max-video-preview":"max-video-preview:-1"},"canonical":"https:\/\/bien-etreiris.ch\/de\/produktpraesentation\/aromatherapie\/","og_locale":"de_DE","og_type":"article","og_title":"AROMATHERAPIE - WOHLBEFINDEN","og_description":"L\u2019usage aromatique des plantes est tr\u00e8s ancien - les Egyptiens y avaient d\u00e9j\u00e0 recours en 4 000 av. J.C. pour l\u2019embaumement des morts. Depuis des si\u00e8cles, les \u00e9pices et les r\u00e9sines sont utilis\u00e9es dans les c\u00e9r\u00e9monies religieuses, les offrandes et l'embaumement des d\u00e9funts, mais il est difficile de d\u00e9terminer avec pr\u00e9cision quand l'huile essentielle a \u00e9t\u00e9 extraite pour la premi\u00e8re&nbsp;Weiter lesen","og_url":"https:\/\/bien-etreiris.ch\/de\/produktpraesentation\/aromatherapie\/","og_site_name":"WOHLBEFINDEN","article_publisher":"https:\/\/www.facebook.com\/bienetreiris\/","article_modified_time":"2025-08-05T07:49:26+00:00","og_image":[{"width":500,"height":333,"url":"https:\/\/bien-etreiris.ch\/wp-content\/uploads\/2020\/05\/Acceuil.jpg","type":"image\/jpeg"}],"twitter_misc":{"Gesch\u00e4tzte Lesezeit":"1\u00a0Minute"},"schema":{"@context":"https:\/\/schema.org","@graph":[{"@type":"WebPage","@id":"https:\/\/bien-etreiris.ch\/de\/produktpraesentation\/aromatherapie\/","url":"https:\/\/bien-etreiris.ch\/de\/produktpraesentation\/aromatherapie\/","name":"AROMATHERAPIE - WOHLBEFINDEN","isPartOf":{"@id":"https:\/\/bien-etreiris.ch\/de\/#website"},"primaryImageOfPage":{"@id":"https:\/\/bien-etreiris.ch\/de\/produktpraesentation\/aromatherapie\/#primaryimage"},"image":{"@id":"https:\/\/bien-etreiris.ch\/de\/produktpraesentation\/aromatherapie\/#primaryimage"},"thumbnailUrl":"https:\/\/bien-etreiris.ch\/wp-content\/uploads\/2020\/05\/Acceuil.jpg","datePublished":"2020-05-30T20:15:29+00:00","dateModified":"2025-08-05T07:49:26+00:00","breadcrumb":{"@id":"https:\/\/bien-etreiris.ch\/de\/produktpraesentation\/aromatherapie\/#breadcrumb"},"inLanguage":"de","potentialAction":[{"@type":"ReadAction","target":["https:\/\/bien-etreiris.ch\/de\/produktpraesentation\/aromatherapie\/"]}]},{"@type":"ImageObject","inLanguage":"de","@id":"https:\/\/bien-etreiris.ch\/de\/produktpraesentation\/aromatherapie\/#primaryimage","url":"https:\/\/bien-etreiris.ch\/wp-content\/uploads\/2020\/05\/Acceuil.jpg","contentUrl":"https:\/\/bien-etreiris.ch\/wp-content\/uploads\/2020\/05\/Acceuil.jpg","width":500,"height":333},{"@type":"BreadcrumbList","@id":"https:\/\/bien-etreiris.ch\/de\/produktpraesentation\/aromatherapie\/#breadcrumb","itemListElement":[{"@type":"ListItem","position":1,"name":"Home","item":"https:\/\/bien-etreiris.ch\/de\/"},{"@type":"ListItem","position":2,"name":"PRODUKTPR\u00c4SENTATION","item":"https:\/\/bien-etreiris.ch\/de\/produktpraesentation\/"},{"@type":"ListItem","position":3,"name":"AROMATHERAPIE"}]},{"@type":"WebSite","@id":"https:\/\/bien-etreiris.ch\/de\/#website","url":"https:\/\/bien-etreiris.ch\/de\/","name":"Bien-\u00eatre Iris","description":"IHRE Gesundheit ist uns wichtig","potentialAction":[{"@type":"SearchAction","target":{"@type":"EntryPoint","urlTemplate":"https:\/\/bien-etreiris.ch\/de\/?s={search_term_string}"},"query-input":{"@type":"PropertyValueSpecification","valueRequired":true,"valueName":"search_term_string"}}],"inLanguage":"de"}]}},"_links":{"self":[{"href":"https:\/\/bien-etreiris.ch\/de\/wp-json\/wp\/v2\/pages\/33611","targetHints":{"allow":["GET"]}}],"collection":[{"href":"https:\/\/bien-etreiris.ch\/de\/wp-json\/wp\/v2\/pages"}],"about":[{"href":"https:\/\/bien-etreiris.ch\/de\/wp-json\/wp\/v2\/types\/page"}],"author":[{"embeddable":true,"href":"https:\/\/bien-etreiris.ch\/de\/wp-json\/wp\/v2\/users\/1"}],"replies":[{"embeddable":true,"href":"https:\/\/bien-etreiris.ch\/de\/wp-json\/wp\/v2\/comments?post=33611"}],"version-history":[{"count":9,"href":"https:\/\/bien-etreiris.ch\/de\/wp-json\/wp\/v2\/pages\/33611\/revisions"}],"predecessor-version":[{"id":97242,"href":"https:\/\/bien-etreiris.ch\/de\/wp-json\/wp\/v2\/pages\/33611\/revisions\/97242"}],"up":[{"embeddable":true,"href":"https:\/\/bien-etreiris.ch\/de\/wp-json\/wp\/v2\/pages\/13332"}],"wp:featuredmedia":[{"embeddable":true,"href":"https:\/\/bien-etreiris.ch\/de\/wp-json\/wp\/v2\/media\/31205"}],"wp:attachment":[{"href":"https:\/\/bien-etreiris.ch\/de\/wp-json\/wp\/v2\/media?parent=33611"}],"curies":[{"name":"wp","href":"https:\/\/api.w.org\/{rel}","templated":true}]}}