{"id":33601,"date":"2020-11-03T05:14:00","date_gmt":"2020-11-03T05:14:00","guid":{"rendered":"https:\/\/bien-etreiris.ch\/wohlbefinden\/aetherische-oele\/raumbeduftung\/vernebler\/yun\/"},"modified":"2026-02-28T01:00:10","modified_gmt":"2026-02-27T23:00:10","slug":"yun","status":"publish","type":"page","link":"https:\/\/bien-etreiris.ch\/de\/produktpraesentation\/aromatherapie\/raumbeduftung\/vernebler\/yun\/","title":{"rendered":"YUN"},"content":{"rendered":"<h2><strong>Yun - Bois\/verre - BN<\/strong><\/h2>\n<p><a href=\"https:\/\/bien-etreiris.ch\/wp-content\/uploads\/2021\/06\/Yun-1.jpg\"><img loading=\"lazy\" decoding=\"async\" class=\"wp-image-50281  alignleft\" src=\"https:\/\/bien-etreiris.ch\/wp-content\/uploads\/2021\/06\/Yun-1-300x247.jpg\" alt=\"\" width=\"510\" height=\"420\" srcset=\"https:\/\/bien-etreiris.ch\/wp-content\/uploads\/2021\/06\/Yun-1-300x247.jpg 300w, https:\/\/bien-etreiris.ch\/wp-content\/uploads\/2021\/06\/Yun-1.jpg 500w\" sizes=\"auto, (max-width: 510px) 100vw, 510px\" \/><\/a><\/p>\n<p>&nbsp;<\/p>\n<p>&nbsp;<\/p>\n<p>&nbsp;<\/p>\n<p>&nbsp;<\/p>\n<p>&nbsp;<\/p>\n<p>&nbsp;<\/p>\n<p>&nbsp;<\/p>\n<p><strong>1 pi\u00e8ce CHF 249.00<\/strong><\/p>\n<p><img loading=\"lazy\" decoding=\"async\" class=\"alignnone  wp-image-97625\" src=\"https:\/\/bien-etreiris.ch\/wp-content\/uploads\/2026\/02\/Yun-vert.png\" alt=\"\" width=\"243\" height=\"243\" srcset=\"https:\/\/bien-etreiris.ch\/wp-content\/uploads\/2026\/02\/Yun-vert.png 700w, https:\/\/bien-etreiris.ch\/wp-content\/uploads\/2026\/02\/Yun-vert-300x300.png 300w, https:\/\/bien-etreiris.ch\/wp-content\/uploads\/2026\/02\/Yun-vert-150x150.png 150w\" sizes=\"auto, (max-width: 243px) 100vw, 243px\" \/><\/p>\n<p>&nbsp;<\/p>\n<p>&nbsp;<\/p>\n<h4><strong>&nbsp;<\/strong><\/h4>\n<div class=\"box\">\n<p>D\u00e9couvrez la puissance de la Th\u00e9rapie des Cinq Sens, qui combine la musique fusionnelle, la luminoth\u00e9rapie et l'aromath\u00e9rapie, et l'utilisation de mat\u00e9riaux nobles (bois et verre). Retrouvez l'\u00e9quilibre \u00e9motionnel et la relaxation de l'esprit, symboles d'harmonie et d'unit\u00e9 de la vie et de la nature<\/p>\n<ul>\n<li>Alimentation: 24V continu, 650mA<\/li>\n<\/ul>\n<\/div>\n<ul>\n<li>Puisssance: 15W<\/li>\n<li>D\u00e9bit de brume: 70 \u00b1 10 ml\/h<\/li>\n<li>Eau conseill\u00e9e: eau du robinet ou eau min\u00e9rale \u00e0 temp\u00e9rature ambiante<\/li>\n<li>Musique: 12 minutes \/ Option musique apaisante : on\/off. R\u00e9glage du volume.<\/li>\n<li>Prise d'arriv\u00e9e de la musique pour brancher un lecteur MP3\/MP4\/CD\/VCD\/DVD.<\/li>\n<li>Option couleurs LED : lumi\u00e8re bleue, lumi\u00e8re blanche, lumi\u00e8re violette, aucune lumi\u00e8re.<\/li>\n<li>Taille du diffuseur : diam\u00e8tre&nbsp;20 cm \/ hauteur 16 cm<\/li>\n<\/ul>\n<p><strong>Conseil d'utilisation :<\/strong><br \/>\nRecommand\u00e9 pour un espace de 20m2<br \/>\nTemps de fonctionnement avant l\u2019arr\u00eat automatique de l\u2019appareil :<br \/>\n1 heure, 2 heures, 3 heures.<\/p>\n","protected":false},"excerpt":{"rendered":"<p>Yun - Bois\/verre - BN &nbsp; &nbsp; &nbsp; &nbsp; &nbsp; &nbsp; &nbsp; 1 pi\u00e8ce CHF 249.00 &nbsp; &nbsp; &nbsp; D\u00e9couvrez la puissance de la Th\u00e9rapie des Cinq Sens, qui combine la musique fusionnelle, la luminoth\u00e9rapie et l'aromath\u00e9rapie, et l'utilisation de mat\u00e9riaux nobles (bois et verre). Retrouvez l'\u00e9quilibre \u00e9motionnel et la relaxation de l'esprit, symboles d'harmonie et d'unit\u00e9 de la vie&nbsp;<a href=\"https:\/\/bien-etreiris.ch\/de\/produktpraesentation\/aromatherapie\/raumbeduftung\/vernebler\/yun\/\" class=\"read-more\">Weiter lesen<\/a><\/p>\n","protected":false},"author":1,"featured_media":33598,"parent":18415,"menu_order":6870,"comment_status":"closed","ping_status":"closed","template":"page-with-child.php","meta":{"_acf_changed":false,"ngg_post_thumbnail":0,"footnotes":""},"class_list":["post-33601","page","type-page","status-publish","has-post-thumbnail","hentry"],"acf":[],"yoast_head":"<!-- This site is optimized with the Yoast SEO plugin v27.5 - https:\/\/yoast.com\/product\/yoast-seo-wordpress\/ -->\n<title>YUN - WOHLBEFINDEN<\/title>\n<meta name=\"robots\" content=\"index, follow, max-snippet:-1, max-image-preview:large, max-video-preview:-1\" \/>\n<link rel=\"canonical\" href=\"https:\/\/bien-etreiris.ch\/de\/produktpraesentation\/aromatherapie\/raumbeduftung\/vernebler\/yun\/\" \/>\n<meta property=\"og:locale\" content=\"de_DE\" \/>\n<meta property=\"og:type\" content=\"article\" \/>\n<meta property=\"og:title\" content=\"YUN - WOHLBEFINDEN\" \/>\n<meta property=\"og:description\" content=\"Yun - Bois\/verre - BN &nbsp; &nbsp; &nbsp; &nbsp; &nbsp; &nbsp; &nbsp; 1 pi\u00e8ce CHF 249.00 &nbsp; &nbsp; &nbsp; D\u00e9couvrez la puissance de la Th\u00e9rapie des Cinq Sens, qui combine la musique fusionnelle, la luminoth\u00e9rapie et l&#039;aromath\u00e9rapie, et l&#039;utilisation de mat\u00e9riaux nobles (bois et verre). Retrouvez l&#039;\u00e9quilibre \u00e9motionnel et la relaxation de l&#039;esprit, symboles d&#039;harmonie et d&#039;unit\u00e9 de la vie&nbsp;Weiter lesen\" \/>\n<meta property=\"og:url\" content=\"https:\/\/bien-etreiris.ch\/de\/produktpraesentation\/aromatherapie\/raumbeduftung\/vernebler\/yun\/\" \/>\n<meta property=\"og:site_name\" content=\"WOHLBEFINDEN\" \/>\n<meta property=\"article:publisher\" content=\"https:\/\/www.facebook.com\/bienetreiris\/\" \/>\n<meta property=\"article:modified_time\" content=\"2026-02-27T23:00:10+00:00\" \/>\n<meta property=\"og:image\" content=\"https:\/\/bien-etreiris.ch\/wp-content\/uploads\/2020\/11\/acceuil.png\" \/>\n\t<meta property=\"og:image:width\" content=\"490\" \/>\n\t<meta property=\"og:image:height\" content=\"327\" \/>\n\t<meta property=\"og:image:type\" content=\"image\/png\" \/>\n<meta name=\"twitter:label1\" content=\"Gesch\u00e4tzte Lesezeit\" \/>\n\t<meta name=\"twitter:data1\" content=\"1\u00a0Minute\" \/>\n<script type=\"application\/ld+json\" class=\"yoast-schema-graph\">{\"@context\":\"https:\\\/\\\/schema.org\",\"@graph\":[{\"@type\":\"WebPage\",\"@id\":\"https:\\\/\\\/bien-etreiris.ch\\\/de\\\/produktpraesentation\\\/aromatherapie\\\/raumbeduftung\\\/vernebler\\\/yun\\\/\",\"url\":\"https:\\\/\\\/bien-etreiris.ch\\\/de\\\/produktpraesentation\\\/aromatherapie\\\/raumbeduftung\\\/vernebler\\\/yun\\\/\",\"name\":\"YUN - WOHLBEFINDEN\",\"isPartOf\":{\"@id\":\"https:\\\/\\\/bien-etreiris.ch\\\/de\\\/#website\"},\"primaryImageOfPage\":{\"@id\":\"https:\\\/\\\/bien-etreiris.ch\\\/de\\\/produktpraesentation\\\/aromatherapie\\\/raumbeduftung\\\/vernebler\\\/yun\\\/#primaryimage\"},\"image\":{\"@id\":\"https:\\\/\\\/bien-etreiris.ch\\\/de\\\/produktpraesentation\\\/aromatherapie\\\/raumbeduftung\\\/vernebler\\\/yun\\\/#primaryimage\"},\"thumbnailUrl\":\"https:\\\/\\\/bien-etreiris.ch\\\/wp-content\\\/uploads\\\/2020\\\/11\\\/acceuil.png\",\"datePublished\":\"2020-11-03T05:14:00+00:00\",\"dateModified\":\"2026-02-27T23:00:10+00:00\",\"breadcrumb\":{\"@id\":\"https:\\\/\\\/bien-etreiris.ch\\\/de\\\/produktpraesentation\\\/aromatherapie\\\/raumbeduftung\\\/vernebler\\\/yun\\\/#breadcrumb\"},\"inLanguage\":\"de\",\"potentialAction\":[{\"@type\":\"ReadAction\",\"target\":[\"https:\\\/\\\/bien-etreiris.ch\\\/de\\\/produktpraesentation\\\/aromatherapie\\\/raumbeduftung\\\/vernebler\\\/yun\\\/\"]}]},{\"@type\":\"ImageObject\",\"inLanguage\":\"de\",\"@id\":\"https:\\\/\\\/bien-etreiris.ch\\\/de\\\/produktpraesentation\\\/aromatherapie\\\/raumbeduftung\\\/vernebler\\\/yun\\\/#primaryimage\",\"url\":\"https:\\\/\\\/bien-etreiris.ch\\\/wp-content\\\/uploads\\\/2020\\\/11\\\/acceuil.png\",\"contentUrl\":\"https:\\\/\\\/bien-etreiris.ch\\\/wp-content\\\/uploads\\\/2020\\\/11\\\/acceuil.png\",\"width\":490,\"height\":327},{\"@type\":\"BreadcrumbList\",\"@id\":\"https:\\\/\\\/bien-etreiris.ch\\\/de\\\/produktpraesentation\\\/aromatherapie\\\/raumbeduftung\\\/vernebler\\\/yun\\\/#breadcrumb\",\"itemListElement\":[{\"@type\":\"ListItem\",\"position\":1,\"name\":\"Home\",\"item\":\"https:\\\/\\\/bien-etreiris.ch\\\/de\\\/\"},{\"@type\":\"ListItem\",\"position\":2,\"name\":\"PRODUKTPR\u00c4SENTATION\",\"item\":\"https:\\\/\\\/bien-etreiris.ch\\\/de\\\/produktpraesentation\\\/\"},{\"@type\":\"ListItem\",\"position\":3,\"name\":\"AROMATHERAPIE\",\"item\":\"https:\\\/\\\/bien-etreiris.ch\\\/de\\\/produktpraesentation\\\/aromatherapie\\\/\"},{\"@type\":\"ListItem\",\"position\":4,\"name\":\"RAUMBEDUFTUNG\",\"item\":\"https:\\\/\\\/bien-etreiris.ch\\\/de\\\/produktpraesentation\\\/aromatherapie\\\/raumbeduftung\\\/\"},{\"@type\":\"ListItem\",\"position\":5,\"name\":\"VERNEBLER\",\"item\":\"https:\\\/\\\/bien-etreiris.ch\\\/de\\\/produktpraesentation\\\/aromatherapie\\\/raumbeduftung\\\/vernebler\\\/\"},{\"@type\":\"ListItem\",\"position\":6,\"name\":\"YUN\"}]},{\"@type\":\"WebSite\",\"@id\":\"https:\\\/\\\/bien-etreiris.ch\\\/de\\\/#website\",\"url\":\"https:\\\/\\\/bien-etreiris.ch\\\/de\\\/\",\"name\":\"Bien-\u00eatre Iris\",\"description\":\"IHRE Gesundheit ist uns wichtig\",\"potentialAction\":[{\"@type\":\"SearchAction\",\"target\":{\"@type\":\"EntryPoint\",\"urlTemplate\":\"https:\\\/\\\/bien-etreiris.ch\\\/de\\\/?s={search_term_string}\"},\"query-input\":{\"@type\":\"PropertyValueSpecification\",\"valueRequired\":true,\"valueName\":\"search_term_string\"}}],\"inLanguage\":\"de\"}]}<\/script>\n<!-- \/ Yoast SEO plugin. -->","yoast_head_json":{"title":"YUN - WOHLBEFINDEN","robots":{"index":"index","follow":"follow","max-snippet":"max-snippet:-1","max-image-preview":"max-image-preview:large","max-video-preview":"max-video-preview:-1"},"canonical":"https:\/\/bien-etreiris.ch\/de\/produktpraesentation\/aromatherapie\/raumbeduftung\/vernebler\/yun\/","og_locale":"de_DE","og_type":"article","og_title":"YUN - WOHLBEFINDEN","og_description":"Yun - Bois\/verre - BN &nbsp; &nbsp; &nbsp; &nbsp; &nbsp; &nbsp; &nbsp; 1 pi\u00e8ce CHF 249.00 &nbsp; &nbsp; &nbsp; D\u00e9couvrez la puissance de la Th\u00e9rapie des Cinq Sens, qui combine la musique fusionnelle, la luminoth\u00e9rapie et l'aromath\u00e9rapie, et l'utilisation de mat\u00e9riaux nobles (bois et verre). Retrouvez l'\u00e9quilibre \u00e9motionnel et la relaxation de l'esprit, symboles d'harmonie et d'unit\u00e9 de la vie&nbsp;Weiter lesen","og_url":"https:\/\/bien-etreiris.ch\/de\/produktpraesentation\/aromatherapie\/raumbeduftung\/vernebler\/yun\/","og_site_name":"WOHLBEFINDEN","article_publisher":"https:\/\/www.facebook.com\/bienetreiris\/","article_modified_time":"2026-02-27T23:00:10+00:00","og_image":[{"width":490,"height":327,"url":"https:\/\/bien-etreiris.ch\/wp-content\/uploads\/2020\/11\/acceuil.png","type":"image\/png"}],"twitter_misc":{"Gesch\u00e4tzte Lesezeit":"1\u00a0Minute"},"schema":{"@context":"https:\/\/schema.org","@graph":[{"@type":"WebPage","@id":"https:\/\/bien-etreiris.ch\/de\/produktpraesentation\/aromatherapie\/raumbeduftung\/vernebler\/yun\/","url":"https:\/\/bien-etreiris.ch\/de\/produktpraesentation\/aromatherapie\/raumbeduftung\/vernebler\/yun\/","name":"YUN - WOHLBEFINDEN","isPartOf":{"@id":"https:\/\/bien-etreiris.ch\/de\/#website"},"primaryImageOfPage":{"@id":"https:\/\/bien-etreiris.ch\/de\/produktpraesentation\/aromatherapie\/raumbeduftung\/vernebler\/yun\/#primaryimage"},"image":{"@id":"https:\/\/bien-etreiris.ch\/de\/produktpraesentation\/aromatherapie\/raumbeduftung\/vernebler\/yun\/#primaryimage"},"thumbnailUrl":"https:\/\/bien-etreiris.ch\/wp-content\/uploads\/2020\/11\/acceuil.png","datePublished":"2020-11-03T05:14:00+00:00","dateModified":"2026-02-27T23:00:10+00:00","breadcrumb":{"@id":"https:\/\/bien-etreiris.ch\/de\/produktpraesentation\/aromatherapie\/raumbeduftung\/vernebler\/yun\/#breadcrumb"},"inLanguage":"de","potentialAction":[{"@type":"ReadAction","target":["https:\/\/bien-etreiris.ch\/de\/produktpraesentation\/aromatherapie\/raumbeduftung\/vernebler\/yun\/"]}]},{"@type":"ImageObject","inLanguage":"de","@id":"https:\/\/bien-etreiris.ch\/de\/produktpraesentation\/aromatherapie\/raumbeduftung\/vernebler\/yun\/#primaryimage","url":"https:\/\/bien-etreiris.ch\/wp-content\/uploads\/2020\/11\/acceuil.png","contentUrl":"https:\/\/bien-etreiris.ch\/wp-content\/uploads\/2020\/11\/acceuil.png","width":490,"height":327},{"@type":"BreadcrumbList","@id":"https:\/\/bien-etreiris.ch\/de\/produktpraesentation\/aromatherapie\/raumbeduftung\/vernebler\/yun\/#breadcrumb","itemListElement":[{"@type":"ListItem","position":1,"name":"Home","item":"https:\/\/bien-etreiris.ch\/de\/"},{"@type":"ListItem","position":2,"name":"PRODUKTPR\u00c4SENTATION","item":"https:\/\/bien-etreiris.ch\/de\/produktpraesentation\/"},{"@type":"ListItem","position":3,"name":"AROMATHERAPIE","item":"https:\/\/bien-etreiris.ch\/de\/produktpraesentation\/aromatherapie\/"},{"@type":"ListItem","position":4,"name":"RAUMBEDUFTUNG","item":"https:\/\/bien-etreiris.ch\/de\/produktpraesentation\/aromatherapie\/raumbeduftung\/"},{"@type":"ListItem","position":5,"name":"VERNEBLER","item":"https:\/\/bien-etreiris.ch\/de\/produktpraesentation\/aromatherapie\/raumbeduftung\/vernebler\/"},{"@type":"ListItem","position":6,"name":"YUN"}]},{"@type":"WebSite","@id":"https:\/\/bien-etreiris.ch\/de\/#website","url":"https:\/\/bien-etreiris.ch\/de\/","name":"Bien-\u00eatre Iris","description":"IHRE Gesundheit ist uns wichtig","potentialAction":[{"@type":"SearchAction","target":{"@type":"EntryPoint","urlTemplate":"https:\/\/bien-etreiris.ch\/de\/?s={search_term_string}"},"query-input":{"@type":"PropertyValueSpecification","valueRequired":true,"valueName":"search_term_string"}}],"inLanguage":"de"}]}},"_links":{"self":[{"href":"https:\/\/bien-etreiris.ch\/de\/wp-json\/wp\/v2\/pages\/33601","targetHints":{"allow":["GET"]}}],"collection":[{"href":"https:\/\/bien-etreiris.ch\/de\/wp-json\/wp\/v2\/pages"}],"about":[{"href":"https:\/\/bien-etreiris.ch\/de\/wp-json\/wp\/v2\/types\/page"}],"author":[{"embeddable":true,"href":"https:\/\/bien-etreiris.ch\/de\/wp-json\/wp\/v2\/users\/1"}],"replies":[{"embeddable":true,"href":"https:\/\/bien-etreiris.ch\/de\/wp-json\/wp\/v2\/comments?post=33601"}],"version-history":[{"count":6,"href":"https:\/\/bien-etreiris.ch\/de\/wp-json\/wp\/v2\/pages\/33601\/revisions"}],"predecessor-version":[{"id":97630,"href":"https:\/\/bien-etreiris.ch\/de\/wp-json\/wp\/v2\/pages\/33601\/revisions\/97630"}],"up":[{"embeddable":true,"href":"https:\/\/bien-etreiris.ch\/de\/wp-json\/wp\/v2\/pages\/18415"}],"wp:featuredmedia":[{"embeddable":true,"href":"https:\/\/bien-etreiris.ch\/de\/wp-json\/wp\/v2\/media\/33598"}],"wp:attachment":[{"href":"https:\/\/bien-etreiris.ch\/de\/wp-json\/wp\/v2\/media?parent=33601"}],"curies":[{"name":"wp","href":"https:\/\/api.w.org\/{rel}","templated":true}]}}