{"id":33582,"date":"2020-11-03T04:40:42","date_gmt":"2020-11-03T04:40:42","guid":{"rendered":"https:\/\/bien-etreiris.ch\/wohlbefinden\/aetherische-oele\/raumbeduftung\/vernebler\/lila\/"},"modified":"2021-07-18T20:33:04","modified_gmt":"2021-07-18T18:33:04","slug":"lila","status":"publish","type":"page","link":"https:\/\/bien-etreiris.ch\/de\/produktpraesentation\/aromatherapie\/raumbeduftung\/vernebler\/lila\/","title":{"rendered":"LILIA"},"content":{"rendered":"<h2>Aromavernebler LILIA<\/h2>\n<p><a href=\"https:\/\/bien-etreiris.ch\/wp-content\/uploads\/2021\/07\/lila.png\"><img loading=\"lazy\" decoding=\"async\" class=\"size-medium wp-image-52565 alignleft\" src=\"https:\/\/bien-etreiris.ch\/wp-content\/uploads\/2021\/07\/lila-300x300.png\" alt=\"\" width=\"300\" height=\"300\" srcset=\"https:\/\/bien-etreiris.ch\/wp-content\/uploads\/2021\/07\/lila-300x300.png 300w, https:\/\/bien-etreiris.ch\/wp-content\/uploads\/2021\/07\/lila-150x150.png 150w, https:\/\/bien-etreiris.ch\/wp-content\/uploads\/2021\/07\/lila-768x768.png 768w, https:\/\/bien-etreiris.ch\/wp-content\/uploads\/2021\/07\/lila.png 800w\" sizes=\"auto, (max-width: 300px) 100vw, 300px\" \/><\/a><\/p>\n<p>&nbsp;<\/p>\n<p>Pratique et mobile !<\/p>\n<p>Lilia est un n\u00e9buliseur mobile avec batterie rechargeable, diffuse directement \u00e0 partir du flacon des huiles essentielles, jusqu'\u00e0 60 m2 de port\u00e9e, technologie ultrasonique de pointe, pr\u00eat \u00e0 l'emploi pendant plusieurs heures avec la batterie !<\/p>\n<p>1 pi\u00e8ce <strong>CHF 34.00<\/strong><\/p>\n<p>&nbsp;<\/p>\n<p>&nbsp;<\/p>\n<p>&nbsp;<\/p>\n<p>&nbsp;<\/p>\n<p>&nbsp;<\/p>\n<h2><a href=\"https:\/\/youtu.be\/HTlB5NePOyU\" target=\"_blank\" rel=\"noopener noreferrer\">LILA und sein video<\/a><\/h2>\n<p>&nbsp;<\/p>\n<h2><a href=\"https:\/\/bien-etreiris.ch\/de\/produktpraesentation\/aromatherapie\/raumbeduftung\/gebrauchsanleitungen-fuer-raumbedufter\/gebrauchsanleitung-lila\/\" target=\"_blank\" rel=\"noopener\">GEBRAUCHSANLEITUNG<\/a><\/h2>\n<p>&nbsp;<\/p>\n<p>&nbsp;<\/p>\n","protected":false},"excerpt":{"rendered":"<p>Aromavernebler LILIA &nbsp; Pratique et mobile ! Lilia est un n\u00e9buliseur mobile avec batterie rechargeable, diffuse directement \u00e0 partir du flacon des huiles essentielles, jusqu'\u00e0 60 m2 de port\u00e9e, technologie ultrasonique de pointe, pr\u00eat \u00e0 l'emploi pendant plusieurs heures avec la batterie ! 1 pi\u00e8ce CHF 34.00 &nbsp; &nbsp; &nbsp; &nbsp; &nbsp; LILA und sein video &nbsp; GEBRAUCHSANLEITUNG &nbsp; &nbsp;<\/p>\n","protected":false},"author":1,"featured_media":97642,"parent":18415,"menu_order":6874,"comment_status":"closed","ping_status":"closed","template":"page-with-child.php","meta":{"_acf_changed":false,"ngg_post_thumbnail":0,"footnotes":""},"class_list":["post-33582","page","type-page","status-publish","has-post-thumbnail","hentry"],"acf":[],"yoast_head":"<!-- This site is optimized with the Yoast SEO plugin v27.5 - https:\/\/yoast.com\/product\/yoast-seo-wordpress\/ -->\n<title>LILIA - WOHLBEFINDEN<\/title>\n<meta name=\"robots\" content=\"index, follow, max-snippet:-1, max-image-preview:large, max-video-preview:-1\" \/>\n<link rel=\"canonical\" href=\"https:\/\/bien-etreiris.ch\/de\/produktpraesentation\/aromatherapie\/raumbeduftung\/vernebler\/lila\/\" \/>\n<meta property=\"og:locale\" content=\"de_DE\" \/>\n<meta property=\"og:type\" content=\"article\" \/>\n<meta property=\"og:title\" content=\"LILIA - WOHLBEFINDEN\" \/>\n<meta property=\"og:description\" content=\"Aromavernebler LILIA &nbsp; Pratique et mobile ! Lilia est un n\u00e9buliseur mobile avec batterie rechargeable, diffuse directement \u00e0 partir du flacon des huiles essentielles, jusqu&#039;\u00e0 60 m2 de port\u00e9e, technologie ultrasonique de pointe, pr\u00eat \u00e0 l&#039;emploi pendant plusieurs heures avec la batterie ! 1 pi\u00e8ce CHF 34.00 &nbsp; &nbsp; &nbsp; &nbsp; &nbsp; LILA und sein video &nbsp; GEBRAUCHSANLEITUNG &nbsp; &nbsp;\" \/>\n<meta property=\"og:url\" content=\"https:\/\/bien-etreiris.ch\/de\/produktpraesentation\/aromatherapie\/raumbeduftung\/vernebler\/lila\/\" \/>\n<meta property=\"og:site_name\" content=\"WOHLBEFINDEN\" \/>\n<meta property=\"article:publisher\" content=\"https:\/\/www.facebook.com\/bienetreiris\/\" \/>\n<meta property=\"article:modified_time\" content=\"2021-07-18T18:33:04+00:00\" \/>\n<meta property=\"og:image\" content=\"https:\/\/bien-etreiris.ch\/wp-content\/uploads\/2020\/11\/acceuil-1-2.png\" \/>\n\t<meta property=\"og:image:width\" content=\"450\" \/>\n\t<meta property=\"og:image:height\" content=\"405\" \/>\n\t<meta property=\"og:image:type\" content=\"image\/png\" \/>\n<meta name=\"twitter:label1\" content=\"Gesch\u00e4tzte Lesezeit\" \/>\n\t<meta name=\"twitter:data1\" content=\"1\u00a0Minute\" \/>\n<script type=\"application\/ld+json\" class=\"yoast-schema-graph\">{\"@context\":\"https:\\\/\\\/schema.org\",\"@graph\":[{\"@type\":\"WebPage\",\"@id\":\"https:\\\/\\\/bien-etreiris.ch\\\/de\\\/produktpraesentation\\\/aromatherapie\\\/raumbeduftung\\\/vernebler\\\/lila\\\/\",\"url\":\"https:\\\/\\\/bien-etreiris.ch\\\/de\\\/produktpraesentation\\\/aromatherapie\\\/raumbeduftung\\\/vernebler\\\/lila\\\/\",\"name\":\"LILIA - WOHLBEFINDEN\",\"isPartOf\":{\"@id\":\"https:\\\/\\\/bien-etreiris.ch\\\/de\\\/#website\"},\"primaryImageOfPage\":{\"@id\":\"https:\\\/\\\/bien-etreiris.ch\\\/de\\\/produktpraesentation\\\/aromatherapie\\\/raumbeduftung\\\/vernebler\\\/lila\\\/#primaryimage\"},\"image\":{\"@id\":\"https:\\\/\\\/bien-etreiris.ch\\\/de\\\/produktpraesentation\\\/aromatherapie\\\/raumbeduftung\\\/vernebler\\\/lila\\\/#primaryimage\"},\"thumbnailUrl\":\"https:\\\/\\\/bien-etreiris.ch\\\/wp-content\\\/uploads\\\/2026\\\/02\\\/acceuil-Volcan-2.jpg\",\"datePublished\":\"2020-11-03T04:40:42+00:00\",\"dateModified\":\"2021-07-18T18:33:04+00:00\",\"breadcrumb\":{\"@id\":\"https:\\\/\\\/bien-etreiris.ch\\\/de\\\/produktpraesentation\\\/aromatherapie\\\/raumbeduftung\\\/vernebler\\\/lila\\\/#breadcrumb\"},\"inLanguage\":\"de\",\"potentialAction\":[{\"@type\":\"ReadAction\",\"target\":[\"https:\\\/\\\/bien-etreiris.ch\\\/de\\\/produktpraesentation\\\/aromatherapie\\\/raumbeduftung\\\/vernebler\\\/lila\\\/\"]}]},{\"@type\":\"ImageObject\",\"inLanguage\":\"de\",\"@id\":\"https:\\\/\\\/bien-etreiris.ch\\\/de\\\/produktpraesentation\\\/aromatherapie\\\/raumbeduftung\\\/vernebler\\\/lila\\\/#primaryimage\",\"url\":\"https:\\\/\\\/bien-etreiris.ch\\\/wp-content\\\/uploads\\\/2026\\\/02\\\/acceuil-Volcan-2.jpg\",\"contentUrl\":\"https:\\\/\\\/bien-etreiris.ch\\\/wp-content\\\/uploads\\\/2026\\\/02\\\/acceuil-Volcan-2.jpg\",\"width\":370,\"height\":226},{\"@type\":\"BreadcrumbList\",\"@id\":\"https:\\\/\\\/bien-etreiris.ch\\\/de\\\/produktpraesentation\\\/aromatherapie\\\/raumbeduftung\\\/vernebler\\\/lila\\\/#breadcrumb\",\"itemListElement\":[{\"@type\":\"ListItem\",\"position\":1,\"name\":\"Home\",\"item\":\"https:\\\/\\\/bien-etreiris.ch\\\/de\\\/\"},{\"@type\":\"ListItem\",\"position\":2,\"name\":\"PRODUKTPR\u00c4SENTATION\",\"item\":\"https:\\\/\\\/bien-etreiris.ch\\\/de\\\/produktpraesentation\\\/\"},{\"@type\":\"ListItem\",\"position\":3,\"name\":\"AROMATHERAPIE\",\"item\":\"https:\\\/\\\/bien-etreiris.ch\\\/de\\\/produktpraesentation\\\/aromatherapie\\\/\"},{\"@type\":\"ListItem\",\"position\":4,\"name\":\"RAUMBEDUFTUNG\",\"item\":\"https:\\\/\\\/bien-etreiris.ch\\\/de\\\/produktpraesentation\\\/aromatherapie\\\/raumbeduftung\\\/\"},{\"@type\":\"ListItem\",\"position\":5,\"name\":\"VERNEBLER\",\"item\":\"https:\\\/\\\/bien-etreiris.ch\\\/de\\\/produktpraesentation\\\/aromatherapie\\\/raumbeduftung\\\/vernebler\\\/\"},{\"@type\":\"ListItem\",\"position\":6,\"name\":\"LILIA\"}]},{\"@type\":\"WebSite\",\"@id\":\"https:\\\/\\\/bien-etreiris.ch\\\/de\\\/#website\",\"url\":\"https:\\\/\\\/bien-etreiris.ch\\\/de\\\/\",\"name\":\"Bien-\u00eatre Iris\",\"description\":\"IHRE Gesundheit ist uns wichtig\",\"potentialAction\":[{\"@type\":\"SearchAction\",\"target\":{\"@type\":\"EntryPoint\",\"urlTemplate\":\"https:\\\/\\\/bien-etreiris.ch\\\/de\\\/?s={search_term_string}\"},\"query-input\":{\"@type\":\"PropertyValueSpecification\",\"valueRequired\":true,\"valueName\":\"search_term_string\"}}],\"inLanguage\":\"de\"}]}<\/script>\n<!-- \/ Yoast SEO plugin. -->","yoast_head_json":{"title":"LILIA - WOHLBEFINDEN","robots":{"index":"index","follow":"follow","max-snippet":"max-snippet:-1","max-image-preview":"max-image-preview:large","max-video-preview":"max-video-preview:-1"},"canonical":"https:\/\/bien-etreiris.ch\/de\/produktpraesentation\/aromatherapie\/raumbeduftung\/vernebler\/lila\/","og_locale":"de_DE","og_type":"article","og_title":"LILIA - WOHLBEFINDEN","og_description":"Aromavernebler LILIA &nbsp; Pratique et mobile ! Lilia est un n\u00e9buliseur mobile avec batterie rechargeable, diffuse directement \u00e0 partir du flacon des huiles essentielles, jusqu'\u00e0 60 m2 de port\u00e9e, technologie ultrasonique de pointe, pr\u00eat \u00e0 l'emploi pendant plusieurs heures avec la batterie ! 1 pi\u00e8ce CHF 34.00 &nbsp; &nbsp; &nbsp; &nbsp; &nbsp; LILA und sein video &nbsp; GEBRAUCHSANLEITUNG &nbsp; &nbsp;","og_url":"https:\/\/bien-etreiris.ch\/de\/produktpraesentation\/aromatherapie\/raumbeduftung\/vernebler\/lila\/","og_site_name":"WOHLBEFINDEN","article_publisher":"https:\/\/www.facebook.com\/bienetreiris\/","article_modified_time":"2021-07-18T18:33:04+00:00","og_image":[{"width":450,"height":405,"url":"https:\/\/bien-etreiris.ch\/wp-content\/uploads\/2020\/11\/acceuil-1-2.png","type":"image\/png"}],"twitter_misc":{"Gesch\u00e4tzte Lesezeit":"1\u00a0Minute"},"schema":{"@context":"https:\/\/schema.org","@graph":[{"@type":"WebPage","@id":"https:\/\/bien-etreiris.ch\/de\/produktpraesentation\/aromatherapie\/raumbeduftung\/vernebler\/lila\/","url":"https:\/\/bien-etreiris.ch\/de\/produktpraesentation\/aromatherapie\/raumbeduftung\/vernebler\/lila\/","name":"LILIA - WOHLBEFINDEN","isPartOf":{"@id":"https:\/\/bien-etreiris.ch\/de\/#website"},"primaryImageOfPage":{"@id":"https:\/\/bien-etreiris.ch\/de\/produktpraesentation\/aromatherapie\/raumbeduftung\/vernebler\/lila\/#primaryimage"},"image":{"@id":"https:\/\/bien-etreiris.ch\/de\/produktpraesentation\/aromatherapie\/raumbeduftung\/vernebler\/lila\/#primaryimage"},"thumbnailUrl":"https:\/\/bien-etreiris.ch\/wp-content\/uploads\/2026\/02\/acceuil-Volcan-2.jpg","datePublished":"2020-11-03T04:40:42+00:00","dateModified":"2021-07-18T18:33:04+00:00","breadcrumb":{"@id":"https:\/\/bien-etreiris.ch\/de\/produktpraesentation\/aromatherapie\/raumbeduftung\/vernebler\/lila\/#breadcrumb"},"inLanguage":"de","potentialAction":[{"@type":"ReadAction","target":["https:\/\/bien-etreiris.ch\/de\/produktpraesentation\/aromatherapie\/raumbeduftung\/vernebler\/lila\/"]}]},{"@type":"ImageObject","inLanguage":"de","@id":"https:\/\/bien-etreiris.ch\/de\/produktpraesentation\/aromatherapie\/raumbeduftung\/vernebler\/lila\/#primaryimage","url":"https:\/\/bien-etreiris.ch\/wp-content\/uploads\/2026\/02\/acceuil-Volcan-2.jpg","contentUrl":"https:\/\/bien-etreiris.ch\/wp-content\/uploads\/2026\/02\/acceuil-Volcan-2.jpg","width":370,"height":226},{"@type":"BreadcrumbList","@id":"https:\/\/bien-etreiris.ch\/de\/produktpraesentation\/aromatherapie\/raumbeduftung\/vernebler\/lila\/#breadcrumb","itemListElement":[{"@type":"ListItem","position":1,"name":"Home","item":"https:\/\/bien-etreiris.ch\/de\/"},{"@type":"ListItem","position":2,"name":"PRODUKTPR\u00c4SENTATION","item":"https:\/\/bien-etreiris.ch\/de\/produktpraesentation\/"},{"@type":"ListItem","position":3,"name":"AROMATHERAPIE","item":"https:\/\/bien-etreiris.ch\/de\/produktpraesentation\/aromatherapie\/"},{"@type":"ListItem","position":4,"name":"RAUMBEDUFTUNG","item":"https:\/\/bien-etreiris.ch\/de\/produktpraesentation\/aromatherapie\/raumbeduftung\/"},{"@type":"ListItem","position":5,"name":"VERNEBLER","item":"https:\/\/bien-etreiris.ch\/de\/produktpraesentation\/aromatherapie\/raumbeduftung\/vernebler\/"},{"@type":"ListItem","position":6,"name":"LILIA"}]},{"@type":"WebSite","@id":"https:\/\/bien-etreiris.ch\/de\/#website","url":"https:\/\/bien-etreiris.ch\/de\/","name":"Bien-\u00eatre Iris","description":"IHRE Gesundheit ist uns wichtig","potentialAction":[{"@type":"SearchAction","target":{"@type":"EntryPoint","urlTemplate":"https:\/\/bien-etreiris.ch\/de\/?s={search_term_string}"},"query-input":{"@type":"PropertyValueSpecification","valueRequired":true,"valueName":"search_term_string"}}],"inLanguage":"de"}]}},"_links":{"self":[{"href":"https:\/\/bien-etreiris.ch\/de\/wp-json\/wp\/v2\/pages\/33582","targetHints":{"allow":["GET"]}}],"collection":[{"href":"https:\/\/bien-etreiris.ch\/de\/wp-json\/wp\/v2\/pages"}],"about":[{"href":"https:\/\/bien-etreiris.ch\/de\/wp-json\/wp\/v2\/types\/page"}],"author":[{"embeddable":true,"href":"https:\/\/bien-etreiris.ch\/de\/wp-json\/wp\/v2\/users\/1"}],"replies":[{"embeddable":true,"href":"https:\/\/bien-etreiris.ch\/de\/wp-json\/wp\/v2\/comments?post=33582"}],"version-history":[{"count":16,"href":"https:\/\/bien-etreiris.ch\/de\/wp-json\/wp\/v2\/pages\/33582\/revisions"}],"predecessor-version":[{"id":52599,"href":"https:\/\/bien-etreiris.ch\/de\/wp-json\/wp\/v2\/pages\/33582\/revisions\/52599"}],"up":[{"embeddable":true,"href":"https:\/\/bien-etreiris.ch\/de\/wp-json\/wp\/v2\/pages\/18415"}],"wp:featuredmedia":[{"embeddable":true,"href":"https:\/\/bien-etreiris.ch\/de\/wp-json\/wp\/v2\/media\/97642"}],"wp:attachment":[{"href":"https:\/\/bien-etreiris.ch\/de\/wp-json\/wp\/v2\/media?parent=33582"}],"curies":[{"name":"wp","href":"https:\/\/api.w.org\/{rel}","templated":true}]}}