{"id":33543,"date":"2020-11-02T21:48:58","date_gmt":"2020-11-02T21:48:58","guid":{"rendered":"https:\/\/bien-etreiris.ch\/?page_id=33543"},"modified":"2021-06-02T09:44:57","modified_gmt":"2021-06-02T07:44:57","slug":"ventilator","status":"publish","type":"page","link":"https:\/\/bien-etreiris.ch\/de\/produktpraesentation\/aromatherapie\/raumbeduftung\/ventilator\/","title":{"rendered":"VENTILATOR"},"content":{"rendered":"<p><span class=\"tlid-translation translation\" lang=\"fr\"><span class=\"\" title=\"\"><a href=\"https:\/\/decoiris.ch\/wp-content\/uploads\/2020\/11\/OFFICE-Ventilator.jpg\"><img loading=\"lazy\" decoding=\"async\" class=\"size-medium wp-image-33556 alignleft\" src=\"https:\/\/decoiris.ch\/wp-content\/uploads\/2020\/11\/OFFICE-Ventilator-300x202.jpg\" alt=\"\" width=\"300\" height=\"202\" srcset=\"https:\/\/bien-etreiris.ch\/wp-content\/uploads\/2020\/11\/OFFICE-Ventilator-300x202.jpg 300w, https:\/\/bien-etreiris.ch\/wp-content\/uploads\/2020\/11\/OFFICE-Ventilator-768x518.jpg 768w, https:\/\/bien-etreiris.ch\/wp-content\/uploads\/2020\/11\/OFFICE-Ventilator.jpg 799w\" sizes=\"auto, (max-width: 300px) 100vw, 300px\" \/><\/a>Le ventilateur sur pied Kamome Office est extr\u00eamement silencieux (max. 40 d\u00e9cibels) et poss\u00e8de une oscillation horizontale et verticale avec un flux d'air continu jusqu'\u00e0 17 m.<\/span> <span class=\"\" title=\"\">Il dispose \u00e9galement d'une minuterie et d'un arr\u00eat automatique, d'un compartiment pour l'huile essentielle et d'une t\u00e9l\u00e9commande.<\/span><\/span><\/p>\n<p>1 pi\u00e8ce <strong>CHF 185.00<\/strong><\/p>\n<p><a href=\"https:\/\/decoiris.ch\/wp-content\/uploads\/2020\/11\/OFFICE-Ventilator-utelisation.jpg\"><img loading=\"lazy\" decoding=\"async\" class=\"wp-image-33559 size-thumbnail alignleft\" src=\"https:\/\/decoiris.ch\/wp-content\/uploads\/2020\/11\/OFFICE-Ventilator-utelisation-150x150.jpg\" alt=\"\" width=\"150\" height=\"150\"><\/a><span class=\"tlid-translation translation\" lang=\"fr\"><strong>Fonction ar\u00f4me<\/strong><br \/>\nDonnez \u00e0 vos pi\u00e8ces un parfum agr\u00e9able. Mettez simplement quelques gouttes de votre parfum pr\u00e9f\u00e9r\u00e9 sur le feutre, ins\u00e9rez l'adaptateur et l'ar\u00f4me se r\u00e9pandra dans toute la pi\u00e8ce.<\/span><\/p>\n<p>&nbsp;<\/p>\n<p>&nbsp;<\/p>\n<p>&nbsp;<\/p>\n<p>&nbsp;<\/p>\n<div class=\"text-wrap tlid-copy-target\">\n<div class=\"result-shield-container tlid-copy-target\" tabindex=\"0\"><span class=\"tlid-translation translation\" lang=\"fr\"><span class=\"tlid-translation translation\" lang=\"fr\">Quand il s'agit d'un design parfait, les gens sont inspir\u00e9s par la nature.<br \/>\nDesign attrayant et technologie unique pour les meilleures performances et efficacit\u00e9 possibles. Gr\u00e2ce \u00e0 la s\u00e9lection minutieuse de diff\u00e9rents mat\u00e9riaux et \u00e0 la conception inspir\u00e9e du biomim\u00e9tisme, Kamome cr\u00e9e des vents doux pour votre environnement.<br \/>\nLes pales de rotor uniques, inspir\u00e9es de la construction navale, transportent l'air frais silencieusement \u00e0 travers le ventilateur au design \u00e9l\u00e9gant. En m\u00eame temps, ils g\u00e9n\u00e8rent un flux d'air puissant et uniforme sur une port\u00e9e allant jusqu'\u00e0 17 m\u00e8tres. Avec des mouvements horizontaux et verticaux automatis\u00e9s, Kamome r\u00e9partit l'air doucement et uniform\u00e9ment dans la pi\u00e8ce.<\/span><\/span>&nbsp;&nbsp;<\/p>\n<ul style=\"list-style-type: disc;\">\n<li><strong>Vitesse en continu<\/strong><br \/>\nLe d\u00e9bit d'air et les oscillations horizontales peuvent \u00eatre r\u00e9gl\u00e9s via l'\u00e9cran ou la t\u00e9l\u00e9commande fournie.<\/li>\n<li><span class=\"tlid-translation translation\" lang=\"fr\"><strong><span class=\"\" title=\"\">Mode variateur<\/span><\/strong><br \/>\n<span class=\"\" title=\"\">Pour att\u00e9nuer les voyants lumineux, id\u00e9al pour une utilisation dans la chambre.<\/span><\/span><\/li>\n<li><strong>Minuterie marche-arr\u00eat et arr\u00eat automatique<\/strong><br \/>\nPeut \u00eatre r\u00e9gl\u00e9 sur 1, 2, 4 ou 8 heures. Kamome s'arr\u00eate automatiquement 12 heures apr\u00e8s la derni\u00e8re pression sur un bouton.<\/li>\n<li><strong>Mode rythme<\/strong><br \/>\nVent naturel pour une r\u00e9partition optimale de l'air dans la pi\u00e8ce ou comme une brise douce pour dormir.<\/li>\n<li><strong>Sp\u00e9cifications techniques<\/strong><br \/>\nPoids net: 2,5 kg<br \/>\nLargeur: 280 mm<br \/>\nHauteur: 575 mm<br \/>\nProfondeur: 230 mm<br \/>\nVolume (d\u00e9cibels): 9,3 - 39,9 db<\/li>\n<\/ul>\n<\/div>\n<\/div>\n<div class=\"tlid-result-transliteration-container result-transliteration-container transliteration-container\">\n<div class=\"tlid-transliteration-content transliteration-content full\">&nbsp;<\/div>\n<\/div>\n<div class=\"result-footer source-or-target-footer tlid-copy-target\">&nbsp;<\/div>\n","protected":false},"excerpt":{"rendered":"<p>Le ventilateur sur pied Kamome Office est extr\u00eamement silencieux (max. 40 d\u00e9cibels) et poss\u00e8de une oscillation horizontale et verticale avec un flux d'air continu jusqu'\u00e0 17 m. Il dispose \u00e9galement d'une minuterie et d'un arr\u00eat automatique, d'un compartiment pour l'huile essentielle et d'une t\u00e9l\u00e9commande. 1 pi\u00e8ce CHF 185.00 Fonction ar\u00f4me Donnez \u00e0 vos pi\u00e8ces un parfum agr\u00e9able. Mettez simplement quelques&nbsp;<a href=\"https:\/\/bien-etreiris.ch\/de\/produktpraesentation\/aromatherapie\/raumbeduftung\/ventilator\/\" class=\"read-more\">Weiter lesen<\/a><\/p>\n","protected":false},"author":1,"featured_media":97743,"parent":19409,"menu_order":6877,"comment_status":"closed","ping_status":"closed","template":"page-with-child.php","meta":{"_acf_changed":false,"ngg_post_thumbnail":0,"footnotes":""},"class_list":["post-33543","page","type-page","status-publish","has-post-thumbnail","hentry"],"acf":[],"yoast_head":"<!-- This site is optimized with the Yoast SEO plugin v27.5 - https:\/\/yoast.com\/product\/yoast-seo-wordpress\/ -->\n<title>VENTILATOR - WOHLBEFINDEN<\/title>\n<meta name=\"robots\" content=\"index, follow, max-snippet:-1, max-image-preview:large, max-video-preview:-1\" \/>\n<link rel=\"canonical\" href=\"https:\/\/bien-etreiris.ch\/de\/produktpraesentation\/aromatherapie\/raumbeduftung\/ventilator\/\" \/>\n<meta property=\"og:locale\" content=\"de_DE\" \/>\n<meta property=\"og:type\" content=\"article\" \/>\n<meta property=\"og:title\" content=\"VENTILATOR - WOHLBEFINDEN\" \/>\n<meta property=\"og:description\" content=\"Le ventilateur sur pied Kamome Office est extr\u00eamement silencieux (max. 40 d\u00e9cibels) et poss\u00e8de une oscillation horizontale et verticale avec un flux d&#039;air continu jusqu&#039;\u00e0 17 m. Il dispose \u00e9galement d&#039;une minuterie et d&#039;un arr\u00eat automatique, d&#039;un compartiment pour l&#039;huile essentielle et d&#039;une t\u00e9l\u00e9commande. 1 pi\u00e8ce CHF 185.00 Fonction ar\u00f4me Donnez \u00e0 vos pi\u00e8ces un parfum agr\u00e9able. Mettez simplement quelques&nbsp;Weiter lesen\" \/>\n<meta property=\"og:url\" content=\"https:\/\/bien-etreiris.ch\/de\/produktpraesentation\/aromatherapie\/raumbeduftung\/ventilator\/\" \/>\n<meta property=\"og:site_name\" content=\"WOHLBEFINDEN\" \/>\n<meta property=\"article:publisher\" content=\"https:\/\/www.facebook.com\/bienetreiris\/\" \/>\n<meta property=\"article:modified_time\" content=\"2021-06-02T07:44:57+00:00\" \/>\n<meta property=\"og:image\" content=\"https:\/\/bien-etreiris.ch\/wp-content\/uploads\/2021\/04\/Acceuil-ventilateur.jpg\" \/>\n\t<meta property=\"og:image:width\" content=\"500\" \/>\n\t<meta property=\"og:image:height\" content=\"305\" \/>\n\t<meta property=\"og:image:type\" content=\"image\/jpeg\" \/>\n<meta name=\"twitter:label1\" content=\"Gesch\u00e4tzte Lesezeit\" \/>\n\t<meta name=\"twitter:data1\" content=\"2\u00a0Minuten\" \/>\n<script type=\"application\/ld+json\" class=\"yoast-schema-graph\">{\"@context\":\"https:\\\/\\\/schema.org\",\"@graph\":[{\"@type\":\"WebPage\",\"@id\":\"https:\\\/\\\/bien-etreiris.ch\\\/de\\\/produktpraesentation\\\/aromatherapie\\\/raumbeduftung\\\/ventilator\\\/\",\"url\":\"https:\\\/\\\/bien-etreiris.ch\\\/de\\\/produktpraesentation\\\/aromatherapie\\\/raumbeduftung\\\/ventilator\\\/\",\"name\":\"VENTILATOR - WOHLBEFINDEN\",\"isPartOf\":{\"@id\":\"https:\\\/\\\/bien-etreiris.ch\\\/de\\\/#website\"},\"primaryImageOfPage\":{\"@id\":\"https:\\\/\\\/bien-etreiris.ch\\\/de\\\/produktpraesentation\\\/aromatherapie\\\/raumbeduftung\\\/ventilator\\\/#primaryimage\"},\"image\":{\"@id\":\"https:\\\/\\\/bien-etreiris.ch\\\/de\\\/produktpraesentation\\\/aromatherapie\\\/raumbeduftung\\\/ventilator\\\/#primaryimage\"},\"thumbnailUrl\":\"https:\\\/\\\/bien-etreiris.ch\\\/wp-content\\\/uploads\\\/2026\\\/02\\\/acceuil-ventilateur.jpg\",\"datePublished\":\"2020-11-02T21:48:58+00:00\",\"dateModified\":\"2021-06-02T07:44:57+00:00\",\"breadcrumb\":{\"@id\":\"https:\\\/\\\/bien-etreiris.ch\\\/de\\\/produktpraesentation\\\/aromatherapie\\\/raumbeduftung\\\/ventilator\\\/#breadcrumb\"},\"inLanguage\":\"de\",\"potentialAction\":[{\"@type\":\"ReadAction\",\"target\":[\"https:\\\/\\\/bien-etreiris.ch\\\/de\\\/produktpraesentation\\\/aromatherapie\\\/raumbeduftung\\\/ventilator\\\/\"]}]},{\"@type\":\"ImageObject\",\"inLanguage\":\"de\",\"@id\":\"https:\\\/\\\/bien-etreiris.ch\\\/de\\\/produktpraesentation\\\/aromatherapie\\\/raumbeduftung\\\/ventilator\\\/#primaryimage\",\"url\":\"https:\\\/\\\/bien-etreiris.ch\\\/wp-content\\\/uploads\\\/2026\\\/02\\\/acceuil-ventilateur.jpg\",\"contentUrl\":\"https:\\\/\\\/bien-etreiris.ch\\\/wp-content\\\/uploads\\\/2026\\\/02\\\/acceuil-ventilateur.jpg\",\"width\":370,\"height\":226},{\"@type\":\"BreadcrumbList\",\"@id\":\"https:\\\/\\\/bien-etreiris.ch\\\/de\\\/produktpraesentation\\\/aromatherapie\\\/raumbeduftung\\\/ventilator\\\/#breadcrumb\",\"itemListElement\":[{\"@type\":\"ListItem\",\"position\":1,\"name\":\"Home\",\"item\":\"https:\\\/\\\/bien-etreiris.ch\\\/de\\\/\"},{\"@type\":\"ListItem\",\"position\":2,\"name\":\"PRODUKTPR\u00c4SENTATION\",\"item\":\"https:\\\/\\\/bien-etreiris.ch\\\/de\\\/produktpraesentation\\\/\"},{\"@type\":\"ListItem\",\"position\":3,\"name\":\"AROMATHERAPIE\",\"item\":\"https:\\\/\\\/bien-etreiris.ch\\\/de\\\/produktpraesentation\\\/aromatherapie\\\/\"},{\"@type\":\"ListItem\",\"position\":4,\"name\":\"RAUMBEDUFTUNG\",\"item\":\"https:\\\/\\\/bien-etreiris.ch\\\/de\\\/produktpraesentation\\\/aromatherapie\\\/raumbeduftung\\\/\"},{\"@type\":\"ListItem\",\"position\":5,\"name\":\"VENTILATOR\"}]},{\"@type\":\"WebSite\",\"@id\":\"https:\\\/\\\/bien-etreiris.ch\\\/de\\\/#website\",\"url\":\"https:\\\/\\\/bien-etreiris.ch\\\/de\\\/\",\"name\":\"Bien-\u00eatre Iris\",\"description\":\"IHRE Gesundheit ist uns wichtig\",\"potentialAction\":[{\"@type\":\"SearchAction\",\"target\":{\"@type\":\"EntryPoint\",\"urlTemplate\":\"https:\\\/\\\/bien-etreiris.ch\\\/de\\\/?s={search_term_string}\"},\"query-input\":{\"@type\":\"PropertyValueSpecification\",\"valueRequired\":true,\"valueName\":\"search_term_string\"}}],\"inLanguage\":\"de\"}]}<\/script>\n<!-- \/ Yoast SEO plugin. -->","yoast_head_json":{"title":"VENTILATOR - WOHLBEFINDEN","robots":{"index":"index","follow":"follow","max-snippet":"max-snippet:-1","max-image-preview":"max-image-preview:large","max-video-preview":"max-video-preview:-1"},"canonical":"https:\/\/bien-etreiris.ch\/de\/produktpraesentation\/aromatherapie\/raumbeduftung\/ventilator\/","og_locale":"de_DE","og_type":"article","og_title":"VENTILATOR - WOHLBEFINDEN","og_description":"Le ventilateur sur pied Kamome Office est extr\u00eamement silencieux (max. 40 d\u00e9cibels) et poss\u00e8de une oscillation horizontale et verticale avec un flux d'air continu jusqu'\u00e0 17 m. Il dispose \u00e9galement d'une minuterie et d'un arr\u00eat automatique, d'un compartiment pour l'huile essentielle et d'une t\u00e9l\u00e9commande. 1 pi\u00e8ce CHF 185.00 Fonction ar\u00f4me Donnez \u00e0 vos pi\u00e8ces un parfum agr\u00e9able. Mettez simplement quelques&nbsp;Weiter lesen","og_url":"https:\/\/bien-etreiris.ch\/de\/produktpraesentation\/aromatherapie\/raumbeduftung\/ventilator\/","og_site_name":"WOHLBEFINDEN","article_publisher":"https:\/\/www.facebook.com\/bienetreiris\/","article_modified_time":"2021-06-02T07:44:57+00:00","og_image":[{"width":500,"height":305,"url":"https:\/\/bien-etreiris.ch\/wp-content\/uploads\/2021\/04\/Acceuil-ventilateur.jpg","type":"image\/jpeg"}],"twitter_misc":{"Gesch\u00e4tzte Lesezeit":"2\u00a0Minuten"},"schema":{"@context":"https:\/\/schema.org","@graph":[{"@type":"WebPage","@id":"https:\/\/bien-etreiris.ch\/de\/produktpraesentation\/aromatherapie\/raumbeduftung\/ventilator\/","url":"https:\/\/bien-etreiris.ch\/de\/produktpraesentation\/aromatherapie\/raumbeduftung\/ventilator\/","name":"VENTILATOR - WOHLBEFINDEN","isPartOf":{"@id":"https:\/\/bien-etreiris.ch\/de\/#website"},"primaryImageOfPage":{"@id":"https:\/\/bien-etreiris.ch\/de\/produktpraesentation\/aromatherapie\/raumbeduftung\/ventilator\/#primaryimage"},"image":{"@id":"https:\/\/bien-etreiris.ch\/de\/produktpraesentation\/aromatherapie\/raumbeduftung\/ventilator\/#primaryimage"},"thumbnailUrl":"https:\/\/bien-etreiris.ch\/wp-content\/uploads\/2026\/02\/acceuil-ventilateur.jpg","datePublished":"2020-11-02T21:48:58+00:00","dateModified":"2021-06-02T07:44:57+00:00","breadcrumb":{"@id":"https:\/\/bien-etreiris.ch\/de\/produktpraesentation\/aromatherapie\/raumbeduftung\/ventilator\/#breadcrumb"},"inLanguage":"de","potentialAction":[{"@type":"ReadAction","target":["https:\/\/bien-etreiris.ch\/de\/produktpraesentation\/aromatherapie\/raumbeduftung\/ventilator\/"]}]},{"@type":"ImageObject","inLanguage":"de","@id":"https:\/\/bien-etreiris.ch\/de\/produktpraesentation\/aromatherapie\/raumbeduftung\/ventilator\/#primaryimage","url":"https:\/\/bien-etreiris.ch\/wp-content\/uploads\/2026\/02\/acceuil-ventilateur.jpg","contentUrl":"https:\/\/bien-etreiris.ch\/wp-content\/uploads\/2026\/02\/acceuil-ventilateur.jpg","width":370,"height":226},{"@type":"BreadcrumbList","@id":"https:\/\/bien-etreiris.ch\/de\/produktpraesentation\/aromatherapie\/raumbeduftung\/ventilator\/#breadcrumb","itemListElement":[{"@type":"ListItem","position":1,"name":"Home","item":"https:\/\/bien-etreiris.ch\/de\/"},{"@type":"ListItem","position":2,"name":"PRODUKTPR\u00c4SENTATION","item":"https:\/\/bien-etreiris.ch\/de\/produktpraesentation\/"},{"@type":"ListItem","position":3,"name":"AROMATHERAPIE","item":"https:\/\/bien-etreiris.ch\/de\/produktpraesentation\/aromatherapie\/"},{"@type":"ListItem","position":4,"name":"RAUMBEDUFTUNG","item":"https:\/\/bien-etreiris.ch\/de\/produktpraesentation\/aromatherapie\/raumbeduftung\/"},{"@type":"ListItem","position":5,"name":"VENTILATOR"}]},{"@type":"WebSite","@id":"https:\/\/bien-etreiris.ch\/de\/#website","url":"https:\/\/bien-etreiris.ch\/de\/","name":"Bien-\u00eatre Iris","description":"IHRE Gesundheit ist uns wichtig","potentialAction":[{"@type":"SearchAction","target":{"@type":"EntryPoint","urlTemplate":"https:\/\/bien-etreiris.ch\/de\/?s={search_term_string}"},"query-input":{"@type":"PropertyValueSpecification","valueRequired":true,"valueName":"search_term_string"}}],"inLanguage":"de"}]}},"_links":{"self":[{"href":"https:\/\/bien-etreiris.ch\/de\/wp-json\/wp\/v2\/pages\/33543","targetHints":{"allow":["GET"]}}],"collection":[{"href":"https:\/\/bien-etreiris.ch\/de\/wp-json\/wp\/v2\/pages"}],"about":[{"href":"https:\/\/bien-etreiris.ch\/de\/wp-json\/wp\/v2\/types\/page"}],"author":[{"embeddable":true,"href":"https:\/\/bien-etreiris.ch\/de\/wp-json\/wp\/v2\/users\/1"}],"replies":[{"embeddable":true,"href":"https:\/\/bien-etreiris.ch\/de\/wp-json\/wp\/v2\/comments?post=33543"}],"version-history":[{"count":8,"href":"https:\/\/bien-etreiris.ch\/de\/wp-json\/wp\/v2\/pages\/33543\/revisions"}],"predecessor-version":[{"id":48785,"href":"https:\/\/bien-etreiris.ch\/de\/wp-json\/wp\/v2\/pages\/33543\/revisions\/48785"}],"up":[{"embeddable":true,"href":"https:\/\/bien-etreiris.ch\/de\/wp-json\/wp\/v2\/pages\/19409"}],"wp:featuredmedia":[{"embeddable":true,"href":"https:\/\/bien-etreiris.ch\/de\/wp-json\/wp\/v2\/media\/97743"}],"wp:attachment":[{"href":"https:\/\/bien-etreiris.ch\/de\/wp-json\/wp\/v2\/media?parent=33543"}],"curies":[{"name":"wp","href":"https:\/\/api.w.org\/{rel}","templated":true}]}}