{"id":33513,"date":"2020-11-02T20:25:54","date_gmt":"2020-11-02T20:25:54","guid":{"rendered":"https:\/\/bien-etreiris.ch\/leau-de-shungite\/"},"modified":"2021-06-08T16:21:36","modified_gmt":"2021-06-08T14:21:36","slug":"shungite-wasser","status":"publish","type":"page","link":"https:\/\/bien-etreiris.ch\/de\/produktpraesentation\/gesundes-leben\/wasser-quelle-des-lebens\/belebtes-wasser\/shungite-wasser\/","title":{"rendered":"SHUNGITE-WASSER"},"content":{"rendered":"\n<h2>Shungite Wasser<\/h2>\n<h4><strong>Wasserfiltration und menschlicher Verbrauch<\/strong><\/h4>\n\n\n\n<p>In der Neuzeit wurde Shungit bereits 1960 als Filterstein verwendet, um unangenehme Ger\u00fcche aus dem Wasser zu entfernen. Die Verbraucher dieses Wassers erkannten, dass Shungit nicht nur das Wasser reinigte, sondern auch heilende Eigenschaften hatte. Diese Eigenschaften wurden durch wissenschaftliche Analysen best\u00e4tigt und durch das russische Gesundheitsministerium validiert. Shungit hat nachweislich viele absorbierende und sch\u00fctzende Eigenschaften, die dem russischen Volk schon seit Jahrzehnten bekannt sind.<\/p>\n\n\n\n<p>Shungit-Wasser, wenn es oral eingenommen wird, f\u00f6rdert die Qualit\u00e4t der zellul\u00e4ren Wasseraufnahme und verbessert die allgemeine Funktion des Stoffwechsels. Es wird auch in der Hautbehandlung bei verschiedenen Hautproblemen und zur Verbesserung der Hautelastizit\u00e4t eingesetzt. Es reduziert das Vorhandensein von Pestiziden, Schwermetallen, Bakterien, Nitraten und Chlor im Wasser erheblich und entgiftet den K\u00f6rper, indem es ihm hilft, die angesammelten Giftstoffe auszuscheiden. Es verbessert die Funktion der Nieren und die zellul\u00e4re Regeneration.<\/p>\n\n\n\n<p>Sie k\u00f6nnen einen zerkleinerten rohen Shungit verwenden, um Ihr \"Shungit-Wasser\" herzustellen.<\/p>\n\n\n\n<p>Zerkleinerter Shungit, in den Boden eines Gef\u00e4\u00dfes mit Wasser gelegt, wirkt auf drei Arten:<\/p>\n<p><br>1. Es reinigt das Wasser durch Adsorption mit einem sehr breiten Spektrum der Reinigung einschliesslich Schwermetalle, Nitrate, Chlor, Pestizide, organische L\u00f6sungsmittel...<\/p>\n<p><br>2. Er gibt seine energetische Qualit\u00e4t an das Wasser ab und erm\u00f6glicht eine Regulierung des Zellmagnetismus und eine Verankerung in der Erde.<\/p>\n<p><br>3. Es wird einige der darin enthaltenen Mineralelemente sowie Fullerene (Nanokohlenstoffmolek\u00fcle in ihrem nat\u00fcrlichen Zustand) freisetzen.<\/p>\n<p><br>Trinken Sie es in Massen und in Verbindung mit neutraleren W\u00e4ssern. Wir raten Ihnen, dieses Wasser nach und nach zu trinken, damit der K\u00f6rper nicht nur die Energie, die im Wasser enthalten ist, sondern auch den Nanokohlenstoff integrieren kann, der den K\u00f6rper und insbesondere alle organischen Systeme tief reinigt.<\/p>\n<p><br>Alle sechs Monate bis ein Jahr. Es sind ca. 100 g Steine pro Liter zu behandelnden Wassers zu z\u00e4hlen.<\/p>\n","protected":false},"excerpt":{"rendered":"<p>Shungite Wasser Wasserfiltration und menschlicher Verbrauch In der Neuzeit wurde Shungit bereits 1960 als Filterstein verwendet, um unangenehme Ger\u00fcche aus dem Wasser zu entfernen. Die Verbraucher dieses Wassers erkannten, dass Shungit nicht nur das Wasser reinigte, sondern auch heilende Eigenschaften hatte. Diese Eigenschaften wurden durch wissenschaftliche Analysen best\u00e4tigt und durch das russische Gesundheitsministerium validiert. Shungit hat nachweislich viele absorbierende und&nbsp;<a href=\"https:\/\/bien-etreiris.ch\/de\/produktpraesentation\/gesundes-leben\/wasser-quelle-des-lebens\/belebtes-wasser\/shungite-wasser\/\" class=\"read-more\">Weiter lesen<\/a><\/p>\n","protected":false},"author":1,"featured_media":33510,"parent":43741,"menu_order":6882,"comment_status":"closed","ping_status":"closed","template":"page-with-child.php","meta":{"_acf_changed":false,"ngg_post_thumbnail":0,"footnotes":""},"class_list":["post-33513","page","type-page","status-publish","has-post-thumbnail","hentry"],"acf":[],"yoast_head":"<!-- This site is optimized with the Yoast SEO plugin v27.5 - https:\/\/yoast.com\/product\/yoast-seo-wordpress\/ -->\n<title>SHUNGITE-WASSER - WOHLBEFINDEN<\/title>\n<meta name=\"robots\" content=\"index, follow, max-snippet:-1, max-image-preview:large, max-video-preview:-1\" \/>\n<link rel=\"canonical\" href=\"https:\/\/bien-etreiris.ch\/de\/produktpraesentation\/gesundes-leben\/wasser-quelle-des-lebens\/belebtes-wasser\/shungite-wasser\/\" \/>\n<meta property=\"og:locale\" content=\"de_DE\" \/>\n<meta property=\"og:type\" content=\"article\" \/>\n<meta property=\"og:title\" content=\"SHUNGITE-WASSER - WOHLBEFINDEN\" \/>\n<meta property=\"og:description\" content=\"Shungite Wasser Wasserfiltration und menschlicher Verbrauch In der Neuzeit wurde Shungit bereits 1960 als Filterstein verwendet, um unangenehme Ger\u00fcche aus dem Wasser zu entfernen. Die Verbraucher dieses Wassers erkannten, dass Shungit nicht nur das Wasser reinigte, sondern auch heilende Eigenschaften hatte. Diese Eigenschaften wurden durch wissenschaftliche Analysen best\u00e4tigt und durch das russische Gesundheitsministerium validiert. Shungit hat nachweislich viele absorbierende und&nbsp;Weiter lesen\" \/>\n<meta property=\"og:url\" content=\"https:\/\/bien-etreiris.ch\/de\/produktpraesentation\/gesundes-leben\/wasser-quelle-des-lebens\/belebtes-wasser\/shungite-wasser\/\" \/>\n<meta property=\"og:site_name\" content=\"WOHLBEFINDEN\" \/>\n<meta property=\"article:publisher\" content=\"https:\/\/www.facebook.com\/bienetreiris\/\" \/>\n<meta property=\"article:modified_time\" content=\"2021-06-08T14:21:36+00:00\" \/>\n<meta property=\"og:image\" content=\"https:\/\/bien-etreiris.ch\/wp-content\/uploads\/2020\/11\/L\u2019eau-de-Shungite.jpg\" \/>\n\t<meta property=\"og:image:width\" content=\"500\" \/>\n\t<meta property=\"og:image:height\" content=\"334\" \/>\n\t<meta property=\"og:image:type\" content=\"image\/jpeg\" \/>\n<meta name=\"twitter:label1\" content=\"Gesch\u00e4tzte Lesezeit\" \/>\n\t<meta name=\"twitter:data1\" content=\"2\u00a0Minuten\" \/>\n<script type=\"application\/ld+json\" class=\"yoast-schema-graph\">{\"@context\":\"https:\\\/\\\/schema.org\",\"@graph\":[{\"@type\":\"WebPage\",\"@id\":\"https:\\\/\\\/bien-etreiris.ch\\\/de\\\/produktpraesentation\\\/gesundes-leben\\\/wasser-quelle-des-lebens\\\/belebtes-wasser\\\/shungite-wasser\\\/\",\"url\":\"https:\\\/\\\/bien-etreiris.ch\\\/de\\\/produktpraesentation\\\/gesundes-leben\\\/wasser-quelle-des-lebens\\\/belebtes-wasser\\\/shungite-wasser\\\/\",\"name\":\"SHUNGITE-WASSER - WOHLBEFINDEN\",\"isPartOf\":{\"@id\":\"https:\\\/\\\/bien-etreiris.ch\\\/de\\\/#website\"},\"primaryImageOfPage\":{\"@id\":\"https:\\\/\\\/bien-etreiris.ch\\\/de\\\/produktpraesentation\\\/gesundes-leben\\\/wasser-quelle-des-lebens\\\/belebtes-wasser\\\/shungite-wasser\\\/#primaryimage\"},\"image\":{\"@id\":\"https:\\\/\\\/bien-etreiris.ch\\\/de\\\/produktpraesentation\\\/gesundes-leben\\\/wasser-quelle-des-lebens\\\/belebtes-wasser\\\/shungite-wasser\\\/#primaryimage\"},\"thumbnailUrl\":\"https:\\\/\\\/bien-etreiris.ch\\\/wp-content\\\/uploads\\\/2020\\\/11\\\/L\u2019eau-de-Shungite.jpg\",\"datePublished\":\"2020-11-02T20:25:54+00:00\",\"dateModified\":\"2021-06-08T14:21:36+00:00\",\"breadcrumb\":{\"@id\":\"https:\\\/\\\/bien-etreiris.ch\\\/de\\\/produktpraesentation\\\/gesundes-leben\\\/wasser-quelle-des-lebens\\\/belebtes-wasser\\\/shungite-wasser\\\/#breadcrumb\"},\"inLanguage\":\"de\",\"potentialAction\":[{\"@type\":\"ReadAction\",\"target\":[\"https:\\\/\\\/bien-etreiris.ch\\\/de\\\/produktpraesentation\\\/gesundes-leben\\\/wasser-quelle-des-lebens\\\/belebtes-wasser\\\/shungite-wasser\\\/\"]}]},{\"@type\":\"ImageObject\",\"inLanguage\":\"de\",\"@id\":\"https:\\\/\\\/bien-etreiris.ch\\\/de\\\/produktpraesentation\\\/gesundes-leben\\\/wasser-quelle-des-lebens\\\/belebtes-wasser\\\/shungite-wasser\\\/#primaryimage\",\"url\":\"https:\\\/\\\/bien-etreiris.ch\\\/wp-content\\\/uploads\\\/2020\\\/11\\\/L\u2019eau-de-Shungite.jpg\",\"contentUrl\":\"https:\\\/\\\/bien-etreiris.ch\\\/wp-content\\\/uploads\\\/2020\\\/11\\\/L\u2019eau-de-Shungite.jpg\",\"width\":500,\"height\":334},{\"@type\":\"BreadcrumbList\",\"@id\":\"https:\\\/\\\/bien-etreiris.ch\\\/de\\\/produktpraesentation\\\/gesundes-leben\\\/wasser-quelle-des-lebens\\\/belebtes-wasser\\\/shungite-wasser\\\/#breadcrumb\",\"itemListElement\":[{\"@type\":\"ListItem\",\"position\":1,\"name\":\"Home\",\"item\":\"https:\\\/\\\/bien-etreiris.ch\\\/de\\\/\"},{\"@type\":\"ListItem\",\"position\":2,\"name\":\"PRODUKTPR\u00c4SENTATION\",\"item\":\"https:\\\/\\\/bien-etreiris.ch\\\/de\\\/produktpraesentation\\\/\"},{\"@type\":\"ListItem\",\"position\":3,\"name\":\"GESUNDES LEBEN\",\"item\":\"https:\\\/\\\/bien-etreiris.ch\\\/de\\\/produktpraesentation\\\/gesundes-leben\\\/\"},{\"@type\":\"ListItem\",\"position\":4,\"name\":\"WASSER &#8211; QUELLE DES LEBENS\",\"item\":\"https:\\\/\\\/bien-etreiris.ch\\\/de\\\/produktpraesentation\\\/gesundes-leben\\\/wasser-quelle-des-lebens\\\/\"},{\"@type\":\"ListItem\",\"position\":5,\"name\":\"BELEBTES WASSER\",\"item\":\"https:\\\/\\\/bien-etreiris.ch\\\/de\\\/produktpraesentation\\\/gesundes-leben\\\/wasser-quelle-des-lebens\\\/belebtes-wasser\\\/\"},{\"@type\":\"ListItem\",\"position\":6,\"name\":\"SHUNGITE-WASSER\"}]},{\"@type\":\"WebSite\",\"@id\":\"https:\\\/\\\/bien-etreiris.ch\\\/de\\\/#website\",\"url\":\"https:\\\/\\\/bien-etreiris.ch\\\/de\\\/\",\"name\":\"Bien-\u00eatre Iris\",\"description\":\"IHRE Gesundheit ist uns wichtig\",\"potentialAction\":[{\"@type\":\"SearchAction\",\"target\":{\"@type\":\"EntryPoint\",\"urlTemplate\":\"https:\\\/\\\/bien-etreiris.ch\\\/de\\\/?s={search_term_string}\"},\"query-input\":{\"@type\":\"PropertyValueSpecification\",\"valueRequired\":true,\"valueName\":\"search_term_string\"}}],\"inLanguage\":\"de\"}]}<\/script>\n<!-- \/ Yoast SEO plugin. -->","yoast_head_json":{"title":"SHUNGITE-WASSER - WOHLBEFINDEN","robots":{"index":"index","follow":"follow","max-snippet":"max-snippet:-1","max-image-preview":"max-image-preview:large","max-video-preview":"max-video-preview:-1"},"canonical":"https:\/\/bien-etreiris.ch\/de\/produktpraesentation\/gesundes-leben\/wasser-quelle-des-lebens\/belebtes-wasser\/shungite-wasser\/","og_locale":"de_DE","og_type":"article","og_title":"SHUNGITE-WASSER - WOHLBEFINDEN","og_description":"Shungite Wasser Wasserfiltration und menschlicher Verbrauch In der Neuzeit wurde Shungit bereits 1960 als Filterstein verwendet, um unangenehme Ger\u00fcche aus dem Wasser zu entfernen. Die Verbraucher dieses Wassers erkannten, dass Shungit nicht nur das Wasser reinigte, sondern auch heilende Eigenschaften hatte. Diese Eigenschaften wurden durch wissenschaftliche Analysen best\u00e4tigt und durch das russische Gesundheitsministerium validiert. Shungit hat nachweislich viele absorbierende und&nbsp;Weiter lesen","og_url":"https:\/\/bien-etreiris.ch\/de\/produktpraesentation\/gesundes-leben\/wasser-quelle-des-lebens\/belebtes-wasser\/shungite-wasser\/","og_site_name":"WOHLBEFINDEN","article_publisher":"https:\/\/www.facebook.com\/bienetreiris\/","article_modified_time":"2021-06-08T14:21:36+00:00","og_image":[{"width":500,"height":334,"url":"https:\/\/bien-etreiris.ch\/wp-content\/uploads\/2020\/11\/L\u2019eau-de-Shungite.jpg","type":"image\/jpeg"}],"twitter_misc":{"Gesch\u00e4tzte Lesezeit":"2\u00a0Minuten"},"schema":{"@context":"https:\/\/schema.org","@graph":[{"@type":"WebPage","@id":"https:\/\/bien-etreiris.ch\/de\/produktpraesentation\/gesundes-leben\/wasser-quelle-des-lebens\/belebtes-wasser\/shungite-wasser\/","url":"https:\/\/bien-etreiris.ch\/de\/produktpraesentation\/gesundes-leben\/wasser-quelle-des-lebens\/belebtes-wasser\/shungite-wasser\/","name":"SHUNGITE-WASSER - WOHLBEFINDEN","isPartOf":{"@id":"https:\/\/bien-etreiris.ch\/de\/#website"},"primaryImageOfPage":{"@id":"https:\/\/bien-etreiris.ch\/de\/produktpraesentation\/gesundes-leben\/wasser-quelle-des-lebens\/belebtes-wasser\/shungite-wasser\/#primaryimage"},"image":{"@id":"https:\/\/bien-etreiris.ch\/de\/produktpraesentation\/gesundes-leben\/wasser-quelle-des-lebens\/belebtes-wasser\/shungite-wasser\/#primaryimage"},"thumbnailUrl":"https:\/\/bien-etreiris.ch\/wp-content\/uploads\/2020\/11\/L\u2019eau-de-Shungite.jpg","datePublished":"2020-11-02T20:25:54+00:00","dateModified":"2021-06-08T14:21:36+00:00","breadcrumb":{"@id":"https:\/\/bien-etreiris.ch\/de\/produktpraesentation\/gesundes-leben\/wasser-quelle-des-lebens\/belebtes-wasser\/shungite-wasser\/#breadcrumb"},"inLanguage":"de","potentialAction":[{"@type":"ReadAction","target":["https:\/\/bien-etreiris.ch\/de\/produktpraesentation\/gesundes-leben\/wasser-quelle-des-lebens\/belebtes-wasser\/shungite-wasser\/"]}]},{"@type":"ImageObject","inLanguage":"de","@id":"https:\/\/bien-etreiris.ch\/de\/produktpraesentation\/gesundes-leben\/wasser-quelle-des-lebens\/belebtes-wasser\/shungite-wasser\/#primaryimage","url":"https:\/\/bien-etreiris.ch\/wp-content\/uploads\/2020\/11\/L\u2019eau-de-Shungite.jpg","contentUrl":"https:\/\/bien-etreiris.ch\/wp-content\/uploads\/2020\/11\/L\u2019eau-de-Shungite.jpg","width":500,"height":334},{"@type":"BreadcrumbList","@id":"https:\/\/bien-etreiris.ch\/de\/produktpraesentation\/gesundes-leben\/wasser-quelle-des-lebens\/belebtes-wasser\/shungite-wasser\/#breadcrumb","itemListElement":[{"@type":"ListItem","position":1,"name":"Home","item":"https:\/\/bien-etreiris.ch\/de\/"},{"@type":"ListItem","position":2,"name":"PRODUKTPR\u00c4SENTATION","item":"https:\/\/bien-etreiris.ch\/de\/produktpraesentation\/"},{"@type":"ListItem","position":3,"name":"GESUNDES LEBEN","item":"https:\/\/bien-etreiris.ch\/de\/produktpraesentation\/gesundes-leben\/"},{"@type":"ListItem","position":4,"name":"WASSER &#8211; QUELLE DES LEBENS","item":"https:\/\/bien-etreiris.ch\/de\/produktpraesentation\/gesundes-leben\/wasser-quelle-des-lebens\/"},{"@type":"ListItem","position":5,"name":"BELEBTES WASSER","item":"https:\/\/bien-etreiris.ch\/de\/produktpraesentation\/gesundes-leben\/wasser-quelle-des-lebens\/belebtes-wasser\/"},{"@type":"ListItem","position":6,"name":"SHUNGITE-WASSER"}]},{"@type":"WebSite","@id":"https:\/\/bien-etreiris.ch\/de\/#website","url":"https:\/\/bien-etreiris.ch\/de\/","name":"Bien-\u00eatre Iris","description":"IHRE Gesundheit ist uns wichtig","potentialAction":[{"@type":"SearchAction","target":{"@type":"EntryPoint","urlTemplate":"https:\/\/bien-etreiris.ch\/de\/?s={search_term_string}"},"query-input":{"@type":"PropertyValueSpecification","valueRequired":true,"valueName":"search_term_string"}}],"inLanguage":"de"}]}},"_links":{"self":[{"href":"https:\/\/bien-etreiris.ch\/de\/wp-json\/wp\/v2\/pages\/33513","targetHints":{"allow":["GET"]}}],"collection":[{"href":"https:\/\/bien-etreiris.ch\/de\/wp-json\/wp\/v2\/pages"}],"about":[{"href":"https:\/\/bien-etreiris.ch\/de\/wp-json\/wp\/v2\/types\/page"}],"author":[{"embeddable":true,"href":"https:\/\/bien-etreiris.ch\/de\/wp-json\/wp\/v2\/users\/1"}],"replies":[{"embeddable":true,"href":"https:\/\/bien-etreiris.ch\/de\/wp-json\/wp\/v2\/comments?post=33513"}],"version-history":[{"count":6,"href":"https:\/\/bien-etreiris.ch\/de\/wp-json\/wp\/v2\/pages\/33513\/revisions"}],"predecessor-version":[{"id":50075,"href":"https:\/\/bien-etreiris.ch\/de\/wp-json\/wp\/v2\/pages\/33513\/revisions\/50075"}],"up":[{"embeddable":true,"href":"https:\/\/bien-etreiris.ch\/de\/wp-json\/wp\/v2\/pages\/43741"}],"wp:featuredmedia":[{"embeddable":true,"href":"https:\/\/bien-etreiris.ch\/de\/wp-json\/wp\/v2\/media\/33510"}],"wp:attachment":[{"href":"https:\/\/bien-etreiris.ch\/de\/wp-json\/wp\/v2\/media?parent=33513"}],"curies":[{"name":"wp","href":"https:\/\/api.w.org\/{rel}","templated":true}]}}