{"id":32727,"date":"2020-10-10T10:42:38","date_gmt":"2020-10-10T10:42:38","guid":{"rendered":"https:\/\/bien-etreiris.ch\/?page_id=32727"},"modified":"2021-05-29T17:21:16","modified_gmt":"2021-05-29T15:21:16","slug":"saponetta","status":"publish","type":"page","link":"https:\/\/bien-etreiris.ch\/de\/produktpraesentation\/hygiene\/koerperpflege\/seifen\/saponetta\/","title":{"rendered":"SAPONETTA"},"content":{"rendered":"<p><a href=\"https:\/\/decoiris.ch\/wp-content\/uploads\/2020\/10\/saponneta-1.jpg\"><img loading=\"lazy\" decoding=\"async\" class=\"wp-image-32743 size-full alignleft\" src=\"https:\/\/decoiris.ch\/wp-content\/uploads\/2020\/10\/saponneta-1.jpg\" alt=\"\" width=\"572\" height=\"209\" srcset=\"https:\/\/bien-etreiris.ch\/wp-content\/uploads\/2020\/10\/saponneta-1.jpg 572w, https:\/\/bien-etreiris.ch\/wp-content\/uploads\/2020\/10\/saponneta-1-300x110.jpg 300w\" sizes=\"auto, (max-width: 572px) 100vw, 572px\" \/><\/a><\/p>\n<p>&nbsp;<\/p>\n<p>&nbsp;<\/p>\n<p>&nbsp;<\/p>\n<p>&nbsp;<\/p>\n<p>Savon surgras il a \u00e9t\u00e9 saponifi\u00e9 \u00e0 froid par amour&nbsp; \u00e0 Fribourg<\/p>\n<p>Z\u00e9ro-D\u00e9chet locale et \u00e9tique<\/p>\n<p>&nbsp;<\/p>\n<p>&nbsp;<\/p>\n\n\n<h2 class=\"wp-block-heading\">Acn\u00e9<\/h2>\n\n\n<p><a href=\"https:\/\/decoiris.ch\/wp-content\/uploads\/2020\/10\/Acn\u00e9.png\"><img loading=\"lazy\" decoding=\"async\" class=\"size-medium wp-image-32756 alignleft\" src=\"https:\/\/decoiris.ch\/wp-content\/uploads\/2020\/10\/Acn\u00e9-300x199.png\" alt=\"\" width=\"300\" height=\"199\" srcset=\"https:\/\/bien-etreiris.ch\/wp-content\/uploads\/2020\/10\/Acn\u00e9-300x199.png 300w, https:\/\/bien-etreiris.ch\/wp-content\/uploads\/2020\/10\/Acn\u00e9.png 640w\" sizes=\"auto, (max-width: 300px) 100vw, 300px\" \/><\/a>Purifiant<\/p>\n<p>1 pi\u00e8ce entre 80g - 100g <strong>CHF 8.00<\/strong><\/p>\n<p>Huiles saponifi\u00e9es d'olive, de coco, de tournesol et germe de bl\u00e9, eau, argile verte, huiles essentielles de tea tree, g\u00e9ranium, carotte et palmarosa<\/p>\n<p>&nbsp;<\/p>\n<p>&nbsp;<\/p>\n<p>&nbsp;<\/p>\n\n\n<hr class=\"wp-block-separator\"\/>\n\n\n\n<h2 class=\"wp-block-heading\">Anti odeur cuisine<\/h2>\n\n\n<p><a href=\"https:\/\/decoiris.ch\/wp-content\/uploads\/2020\/10\/anti-odeur-cuisine.png\"><img loading=\"lazy\" decoding=\"async\" class=\"size-medium wp-image-32772 alignleft\" src=\"https:\/\/decoiris.ch\/wp-content\/uploads\/2020\/10\/anti-odeur-cuisine-300x298.png\" alt=\"\" width=\"300\" height=\"298\" srcset=\"https:\/\/bien-etreiris.ch\/wp-content\/uploads\/2020\/10\/anti-odeur-cuisine-300x298.png 300w, https:\/\/bien-etreiris.ch\/wp-content\/uploads\/2020\/10\/anti-odeur-cuisine-150x150.png 150w, https:\/\/bien-etreiris.ch\/wp-content\/uploads\/2020\/10\/anti-odeur-cuisine.png 640w\" sizes=\"auto, (max-width: 300px) 100vw, 300px\" \/><\/a><\/p>\n<p>&nbsp;<\/p>\n<p>&nbsp;<\/p>\n<p>&nbsp;<\/p>\n<p>1 pi\u00e8ce entre 80g - 100g <strong>CHF 8.00<\/strong><\/p>\n<p>&nbsp;<\/p>\n<p>&nbsp;<\/p>\n<p>&nbsp;<\/p>\n<p>&nbsp;<\/p>\n<p>&nbsp;<\/p>\n\n\n<hr class=\"wp-block-separator\"\/>\n\n\n\n<h2 class=\"wp-block-heading\">Bois de rose<\/h2>\n\n\n<p><a href=\"https:\/\/decoiris.ch\/wp-content\/uploads\/2020\/10\/Bois-de-rose.png\"><img loading=\"lazy\" decoding=\"async\" class=\"size-medium wp-image-32746 alignleft\" src=\"https:\/\/decoiris.ch\/wp-content\/uploads\/2020\/10\/Bois-de-rose-300x256.png\" alt=\"\" width=\"300\" height=\"256\" srcset=\"https:\/\/bien-etreiris.ch\/wp-content\/uploads\/2020\/10\/Bois-de-rose-300x256.png 300w, https:\/\/bien-etreiris.ch\/wp-content\/uploads\/2020\/10\/Bois-de-rose.png 640w\" sizes=\"auto, (max-width: 300px) 100vw, 300px\" \/><\/a>R\u00e9g\u00e9n\u00e9rant, antioxydant et r\u00e9parateur<\/p>\n<p>1 pi\u00e8ce entre 80g - 100g <strong>CHF 8.00<\/strong><\/p>\n<p>Huiles saponifi\u00e9es de coco, olive, de s\u00e9same et de germe de bl\u00e9, eau, huile essentielle de bois de rose, argile rouge et p\u00e9tales de rose<\/p>\n<p>&nbsp;<\/p>\n<p>&nbsp;<\/p>\n<p>&nbsp;<\/p>\n<p>&nbsp;<\/p>\n\n\n<hr class=\"wp-block-separator\"\/>\n\n\n\n<h2 class=\"wp-block-heading\">Lavande<\/h2>\n\n\n<p><a href=\"https:\/\/decoiris.ch\/wp-content\/uploads\/2020\/10\/lavande-1.png\"><img loading=\"lazy\" decoding=\"async\" class=\"wp-image-32734 size-medium alignleft\" src=\"https:\/\/decoiris.ch\/wp-content\/uploads\/2020\/10\/lavande-1-300x217.png\" alt=\"\" width=\"300\" height=\"217\" srcset=\"https:\/\/bien-etreiris.ch\/wp-content\/uploads\/2020\/10\/lavande-1-300x217.png 300w, https:\/\/bien-etreiris.ch\/wp-content\/uploads\/2020\/10\/lavande-1.png 633w\" sizes=\"auto, (max-width: 300px) 100vw, 300px\" \/><\/a>Calmant et d\u00e9contractant<\/p>\n<p>1 pi\u00e8ce entre 80g - 100g <strong>CHF 8.00<\/strong><\/p>\n<p>Huiles saponifi\u00e9es d'olive, de coco et de d's\u00e9same, eau, huile essentielle de lavande, colorant naturel bleu vague<\/p>\n<p>&nbsp;<\/p>\n<p>&nbsp;<\/p>\n<p>&nbsp;<\/p>\n<p>&nbsp;<\/p>\n\n\n<hr class=\"wp-block-separator\"\/>\n\n\n\n<h2 class=\"wp-block-heading\">Patchouli<\/h2>\n\n\n<p><a href=\"https:\/\/decoiris.ch\/wp-content\/uploads\/2020\/10\/Patchouli-2.png\"><img loading=\"lazy\" decoding=\"async\" class=\"wp-image-32788 size-medium alignleft\" src=\"https:\/\/decoiris.ch\/wp-content\/uploads\/2020\/10\/Patchouli-2-300x190.png\" alt=\"\" width=\"300\" height=\"190\" srcset=\"https:\/\/bien-etreiris.ch\/wp-content\/uploads\/2020\/10\/Patchouli-2-300x190.png 300w, https:\/\/bien-etreiris.ch\/wp-content\/uploads\/2020\/10\/Patchouli-2.png 640w\" sizes=\"auto, (max-width: 300px) 100vw, 300px\" \/><\/a><\/p>\n<p>&nbsp;<\/p>\n<p>1 pi\u00e8ce entre 80g - 100g <strong>CHF 8.00<\/strong><\/p>","protected":false},"excerpt":{"rendered":"<p>&nbsp; &nbsp; &nbsp; &nbsp; Savon surgras il a \u00e9t\u00e9 saponifi\u00e9 \u00e0 froid par amour&nbsp; \u00e0 Fribourg Z\u00e9ro-D\u00e9chet locale et \u00e9tique &nbsp; &nbsp; Acn\u00e9 Purifiant 1 pi\u00e8ce entre 80g - 100g CHF 8.00 Huiles saponifi\u00e9es d'olive, de coco, de tournesol et germe de bl\u00e9, eau, argile verte, huiles essentielles de tea tree, g\u00e9ranium, carotte et palmarosa &nbsp; &nbsp; &nbsp; Anti odeur&nbsp;<a href=\"https:\/\/bien-etreiris.ch\/de\/produktpraesentation\/hygiene\/koerperpflege\/seifen\/saponetta\/\" class=\"read-more\">Weiter lesen<\/a><\/p>\n","protected":false},"author":1,"featured_media":32719,"parent":42493,"menu_order":6955,"comment_status":"closed","ping_status":"closed","template":"page-with-child.php","meta":{"_acf_changed":false,"ngg_post_thumbnail":0,"footnotes":""},"class_list":["post-32727","page","type-page","status-publish","has-post-thumbnail","hentry"],"acf":[],"yoast_head":"<!-- This site is optimized with the Yoast SEO plugin v27.6 - https:\/\/yoast.com\/product\/yoast-seo-wordpress\/ -->\n<title>SAPONETTA - WOHLBEFINDEN<\/title>\n<meta name=\"robots\" content=\"index, follow, max-snippet:-1, max-image-preview:large, max-video-preview:-1\" \/>\n<link rel=\"canonical\" href=\"https:\/\/bien-etreiris.ch\/de\/produktpraesentation\/hygiene\/koerperpflege\/seifen\/saponetta\/\" \/>\n<meta property=\"og:locale\" content=\"de_DE\" \/>\n<meta property=\"og:type\" content=\"article\" \/>\n<meta property=\"og:title\" content=\"SAPONETTA - WOHLBEFINDEN\" \/>\n<meta property=\"og:description\" content=\"&nbsp; &nbsp; &nbsp; &nbsp; Savon surgras il a \u00e9t\u00e9 saponifi\u00e9 \u00e0 froid par amour&nbsp; \u00e0 Fribourg Z\u00e9ro-D\u00e9chet locale et \u00e9tique &nbsp; &nbsp; Acn\u00e9 Purifiant 1 pi\u00e8ce entre 80g - 100g CHF 8.00 Huiles saponifi\u00e9es d&#039;olive, de coco, de tournesol et germe de bl\u00e9, eau, argile verte, huiles essentielles de tea tree, g\u00e9ranium, carotte et palmarosa &nbsp; &nbsp; &nbsp; Anti odeur&nbsp;Weiter lesen\" \/>\n<meta property=\"og:url\" content=\"https:\/\/bien-etreiris.ch\/de\/produktpraesentation\/hygiene\/koerperpflege\/seifen\/saponetta\/\" \/>\n<meta property=\"og:site_name\" content=\"WOHLBEFINDEN\" \/>\n<meta property=\"article:publisher\" content=\"https:\/\/www.facebook.com\/bienetreiris\/\" \/>\n<meta property=\"article:modified_time\" content=\"2021-05-29T15:21:16+00:00\" \/>\n<meta property=\"og:image\" content=\"https:\/\/bien-etreiris.ch\/wp-content\/uploads\/2020\/10\/acceuil-9.jpg\" \/>\n\t<meta property=\"og:image:width\" content=\"640\" \/>\n\t<meta property=\"og:image:height\" content=\"440\" \/>\n\t<meta property=\"og:image:type\" content=\"image\/jpeg\" \/>\n<meta name=\"twitter:label1\" content=\"Gesch\u00e4tzte Lesezeit\" \/>\n\t<meta name=\"twitter:data1\" content=\"2\u00a0Minuten\" \/>\n<script type=\"application\/ld+json\" class=\"yoast-schema-graph\">{\"@context\":\"https:\\\/\\\/schema.org\",\"@graph\":[{\"@type\":\"WebPage\",\"@id\":\"https:\\\/\\\/bien-etreiris.ch\\\/de\\\/produktpraesentation\\\/hygiene\\\/koerperpflege\\\/seifen\\\/saponetta\\\/\",\"url\":\"https:\\\/\\\/bien-etreiris.ch\\\/de\\\/produktpraesentation\\\/hygiene\\\/koerperpflege\\\/seifen\\\/saponetta\\\/\",\"name\":\"SAPONETTA - WOHLBEFINDEN\",\"isPartOf\":{\"@id\":\"https:\\\/\\\/bien-etreiris.ch\\\/de\\\/#website\"},\"primaryImageOfPage\":{\"@id\":\"https:\\\/\\\/bien-etreiris.ch\\\/de\\\/produktpraesentation\\\/hygiene\\\/koerperpflege\\\/seifen\\\/saponetta\\\/#primaryimage\"},\"image\":{\"@id\":\"https:\\\/\\\/bien-etreiris.ch\\\/de\\\/produktpraesentation\\\/hygiene\\\/koerperpflege\\\/seifen\\\/saponetta\\\/#primaryimage\"},\"thumbnailUrl\":\"https:\\\/\\\/bien-etreiris.ch\\\/wp-content\\\/uploads\\\/2020\\\/10\\\/acceuil-9.jpg\",\"datePublished\":\"2020-10-10T10:42:38+00:00\",\"dateModified\":\"2021-05-29T15:21:16+00:00\",\"breadcrumb\":{\"@id\":\"https:\\\/\\\/bien-etreiris.ch\\\/de\\\/produktpraesentation\\\/hygiene\\\/koerperpflege\\\/seifen\\\/saponetta\\\/#breadcrumb\"},\"inLanguage\":\"de\",\"potentialAction\":[{\"@type\":\"ReadAction\",\"target\":[\"https:\\\/\\\/bien-etreiris.ch\\\/de\\\/produktpraesentation\\\/hygiene\\\/koerperpflege\\\/seifen\\\/saponetta\\\/\"]}]},{\"@type\":\"ImageObject\",\"inLanguage\":\"de\",\"@id\":\"https:\\\/\\\/bien-etreiris.ch\\\/de\\\/produktpraesentation\\\/hygiene\\\/koerperpflege\\\/seifen\\\/saponetta\\\/#primaryimage\",\"url\":\"https:\\\/\\\/bien-etreiris.ch\\\/wp-content\\\/uploads\\\/2020\\\/10\\\/acceuil-9.jpg\",\"contentUrl\":\"https:\\\/\\\/bien-etreiris.ch\\\/wp-content\\\/uploads\\\/2020\\\/10\\\/acceuil-9.jpg\",\"width\":640,\"height\":440},{\"@type\":\"BreadcrumbList\",\"@id\":\"https:\\\/\\\/bien-etreiris.ch\\\/de\\\/produktpraesentation\\\/hygiene\\\/koerperpflege\\\/seifen\\\/saponetta\\\/#breadcrumb\",\"itemListElement\":[{\"@type\":\"ListItem\",\"position\":1,\"name\":\"Home\",\"item\":\"https:\\\/\\\/bien-etreiris.ch\\\/de\\\/\"},{\"@type\":\"ListItem\",\"position\":2,\"name\":\"PRODUKTPR\u00c4SENTATION\",\"item\":\"https:\\\/\\\/bien-etreiris.ch\\\/de\\\/produktpraesentation\\\/\"},{\"@type\":\"ListItem\",\"position\":3,\"name\":\"HYGIENE\",\"item\":\"https:\\\/\\\/bien-etreiris.ch\\\/de\\\/produktpraesentation\\\/hygiene\\\/\"},{\"@type\":\"ListItem\",\"position\":4,\"name\":\"K\u00d6RPERPFLEGE\",\"item\":\"https:\\\/\\\/bien-etreiris.ch\\\/de\\\/produktpraesentation\\\/hygiene\\\/koerperpflege\\\/\"},{\"@type\":\"ListItem\",\"position\":5,\"name\":\"SEIFEN\",\"item\":\"https:\\\/\\\/bien-etreiris.ch\\\/de\\\/produktpraesentation\\\/hygiene\\\/koerperpflege\\\/seifen\\\/\"},{\"@type\":\"ListItem\",\"position\":6,\"name\":\"SAPONETTA\"}]},{\"@type\":\"WebSite\",\"@id\":\"https:\\\/\\\/bien-etreiris.ch\\\/de\\\/#website\",\"url\":\"https:\\\/\\\/bien-etreiris.ch\\\/de\\\/\",\"name\":\"Bien-\u00eatre Iris\",\"description\":\"IHRE Gesundheit ist uns wichtig\",\"potentialAction\":[{\"@type\":\"SearchAction\",\"target\":{\"@type\":\"EntryPoint\",\"urlTemplate\":\"https:\\\/\\\/bien-etreiris.ch\\\/de\\\/?s={search_term_string}\"},\"query-input\":{\"@type\":\"PropertyValueSpecification\",\"valueRequired\":true,\"valueName\":\"search_term_string\"}}],\"inLanguage\":\"de\"}]}<\/script>\n<!-- \/ Yoast SEO plugin. -->","yoast_head_json":{"title":"SAPONETTA - WOHLBEFINDEN","robots":{"index":"index","follow":"follow","max-snippet":"max-snippet:-1","max-image-preview":"max-image-preview:large","max-video-preview":"max-video-preview:-1"},"canonical":"https:\/\/bien-etreiris.ch\/de\/produktpraesentation\/hygiene\/koerperpflege\/seifen\/saponetta\/","og_locale":"de_DE","og_type":"article","og_title":"SAPONETTA - WOHLBEFINDEN","og_description":"&nbsp; &nbsp; &nbsp; &nbsp; Savon surgras il a \u00e9t\u00e9 saponifi\u00e9 \u00e0 froid par amour&nbsp; \u00e0 Fribourg Z\u00e9ro-D\u00e9chet locale et \u00e9tique &nbsp; &nbsp; Acn\u00e9 Purifiant 1 pi\u00e8ce entre 80g - 100g CHF 8.00 Huiles saponifi\u00e9es d'olive, de coco, de tournesol et germe de bl\u00e9, eau, argile verte, huiles essentielles de tea tree, g\u00e9ranium, carotte et palmarosa &nbsp; &nbsp; &nbsp; Anti odeur&nbsp;Weiter lesen","og_url":"https:\/\/bien-etreiris.ch\/de\/produktpraesentation\/hygiene\/koerperpflege\/seifen\/saponetta\/","og_site_name":"WOHLBEFINDEN","article_publisher":"https:\/\/www.facebook.com\/bienetreiris\/","article_modified_time":"2021-05-29T15:21:16+00:00","og_image":[{"width":640,"height":440,"url":"https:\/\/bien-etreiris.ch\/wp-content\/uploads\/2020\/10\/acceuil-9.jpg","type":"image\/jpeg"}],"twitter_misc":{"Gesch\u00e4tzte Lesezeit":"2\u00a0Minuten"},"schema":{"@context":"https:\/\/schema.org","@graph":[{"@type":"WebPage","@id":"https:\/\/bien-etreiris.ch\/de\/produktpraesentation\/hygiene\/koerperpflege\/seifen\/saponetta\/","url":"https:\/\/bien-etreiris.ch\/de\/produktpraesentation\/hygiene\/koerperpflege\/seifen\/saponetta\/","name":"SAPONETTA - WOHLBEFINDEN","isPartOf":{"@id":"https:\/\/bien-etreiris.ch\/de\/#website"},"primaryImageOfPage":{"@id":"https:\/\/bien-etreiris.ch\/de\/produktpraesentation\/hygiene\/koerperpflege\/seifen\/saponetta\/#primaryimage"},"image":{"@id":"https:\/\/bien-etreiris.ch\/de\/produktpraesentation\/hygiene\/koerperpflege\/seifen\/saponetta\/#primaryimage"},"thumbnailUrl":"https:\/\/bien-etreiris.ch\/wp-content\/uploads\/2020\/10\/acceuil-9.jpg","datePublished":"2020-10-10T10:42:38+00:00","dateModified":"2021-05-29T15:21:16+00:00","breadcrumb":{"@id":"https:\/\/bien-etreiris.ch\/de\/produktpraesentation\/hygiene\/koerperpflege\/seifen\/saponetta\/#breadcrumb"},"inLanguage":"de","potentialAction":[{"@type":"ReadAction","target":["https:\/\/bien-etreiris.ch\/de\/produktpraesentation\/hygiene\/koerperpflege\/seifen\/saponetta\/"]}]},{"@type":"ImageObject","inLanguage":"de","@id":"https:\/\/bien-etreiris.ch\/de\/produktpraesentation\/hygiene\/koerperpflege\/seifen\/saponetta\/#primaryimage","url":"https:\/\/bien-etreiris.ch\/wp-content\/uploads\/2020\/10\/acceuil-9.jpg","contentUrl":"https:\/\/bien-etreiris.ch\/wp-content\/uploads\/2020\/10\/acceuil-9.jpg","width":640,"height":440},{"@type":"BreadcrumbList","@id":"https:\/\/bien-etreiris.ch\/de\/produktpraesentation\/hygiene\/koerperpflege\/seifen\/saponetta\/#breadcrumb","itemListElement":[{"@type":"ListItem","position":1,"name":"Home","item":"https:\/\/bien-etreiris.ch\/de\/"},{"@type":"ListItem","position":2,"name":"PRODUKTPR\u00c4SENTATION","item":"https:\/\/bien-etreiris.ch\/de\/produktpraesentation\/"},{"@type":"ListItem","position":3,"name":"HYGIENE","item":"https:\/\/bien-etreiris.ch\/de\/produktpraesentation\/hygiene\/"},{"@type":"ListItem","position":4,"name":"K\u00d6RPERPFLEGE","item":"https:\/\/bien-etreiris.ch\/de\/produktpraesentation\/hygiene\/koerperpflege\/"},{"@type":"ListItem","position":5,"name":"SEIFEN","item":"https:\/\/bien-etreiris.ch\/de\/produktpraesentation\/hygiene\/koerperpflege\/seifen\/"},{"@type":"ListItem","position":6,"name":"SAPONETTA"}]},{"@type":"WebSite","@id":"https:\/\/bien-etreiris.ch\/de\/#website","url":"https:\/\/bien-etreiris.ch\/de\/","name":"Bien-\u00eatre Iris","description":"IHRE Gesundheit ist uns wichtig","potentialAction":[{"@type":"SearchAction","target":{"@type":"EntryPoint","urlTemplate":"https:\/\/bien-etreiris.ch\/de\/?s={search_term_string}"},"query-input":{"@type":"PropertyValueSpecification","valueRequired":true,"valueName":"search_term_string"}}],"inLanguage":"de"}]}},"_links":{"self":[{"href":"https:\/\/bien-etreiris.ch\/de\/wp-json\/wp\/v2\/pages\/32727","targetHints":{"allow":["GET"]}}],"collection":[{"href":"https:\/\/bien-etreiris.ch\/de\/wp-json\/wp\/v2\/pages"}],"about":[{"href":"https:\/\/bien-etreiris.ch\/de\/wp-json\/wp\/v2\/types\/page"}],"author":[{"embeddable":true,"href":"https:\/\/bien-etreiris.ch\/de\/wp-json\/wp\/v2\/users\/1"}],"replies":[{"embeddable":true,"href":"https:\/\/bien-etreiris.ch\/de\/wp-json\/wp\/v2\/comments?post=32727"}],"version-history":[{"count":15,"href":"https:\/\/bien-etreiris.ch\/de\/wp-json\/wp\/v2\/pages\/32727\/revisions"}],"predecessor-version":[{"id":48176,"href":"https:\/\/bien-etreiris.ch\/de\/wp-json\/wp\/v2\/pages\/32727\/revisions\/48176"}],"up":[{"embeddable":true,"href":"https:\/\/bien-etreiris.ch\/de\/wp-json\/wp\/v2\/pages\/42493"}],"wp:featuredmedia":[{"embeddable":true,"href":"https:\/\/bien-etreiris.ch\/de\/wp-json\/wp\/v2\/media\/32719"}],"wp:attachment":[{"href":"https:\/\/bien-etreiris.ch\/de\/wp-json\/wp\/v2\/media?parent=32727"}],"curies":[{"name":"wp","href":"https:\/\/api.w.org\/{rel}","templated":true}]}}