{"id":32595,"date":"2020-10-08T05:59:26","date_gmt":"2020-10-08T05:59:26","guid":{"rendered":"https:\/\/bien-etreiris.ch\/wohlbefinden\/basische-produkte-p-jentschura\/buersten\/brosse-pour-bain\/"},"modified":"2022-10-30T14:23:40","modified_gmt":"2022-10-30T12:23:40","slug":"badebuerste","status":"publish","type":"page","link":"https:\/\/bien-etreiris.ch\/de\/produktpraesentation\/hygiene\/koerperpflege\/zubehoer-fuer-die-koerperpflege\/buersten\/badebuerste\/","title":{"rendered":"BADEB\u00dcRSTE"},"content":{"rendered":"<h2 class=\"hyphenate\"><strong>Badeb\u00fcrste von P. Jentschura<\/strong><\/h2>\n<p>&nbsp;<\/p>\n<p><a href=\"https:\/\/bien-etreiris.ch\/wp-content\/uploads\/2022\/10\/brosses-a-bain.jpg\"><img loading=\"lazy\" decoding=\"async\" class=\"size-full wp-image-61340 alignleft\" src=\"https:\/\/bien-etreiris.ch\/wp-content\/uploads\/2022\/10\/brosses-a-bain.jpg\" alt=\"\" width=\"400\" height=\"147\" srcset=\"https:\/\/bien-etreiris.ch\/wp-content\/uploads\/2022\/10\/brosses-a-bain.jpg 400w, https:\/\/bien-etreiris.ch\/wp-content\/uploads\/2022\/10\/brosses-a-bain-300x110.jpg 300w\" sizes=\"auto, (max-width: 400px) 100vw, 400px\" \/><\/a><\/p>\n<ul class=\"list-with-checkmark\" style=\"list-style-type: disc;\">\n<li>Naturborsten<\/li>\n<li>virtualisierendes Massageerlebnis von Kopf bis Fuss<\/li>\n<li>perfekt auch unter der Dusche einsetzbar<\/li>\n<li>gute und leichte Handhabung durch den langen B\u00fcrstenstiel&nbsp;<\/li>\n<\/ul>\n<p><strong>1 St\u00fcck CHF 49.00<\/strong><\/p>\n<p>&nbsp;<\/p>\n<p>&nbsp;<\/p>\n<p>&nbsp;<\/p>\n<p>Genie\u00dfen Sie w\u00e4hrend eines beruhigenden basischen Vollbades doch einmal eine vitalisierende und entspannende B\u00fcrstenmassage mit der Badeb\u00fcrste von P. Jentschura. Die Nassb\u00fcrstung mit der hochwertigen Badeb\u00fcrste ist eine hervorragende M\u00f6glichkeit, um besonders den oberen sowie unteren R\u00fccken zu verw\u00f6hnen. Auch die F\u00fc\u00dfe und Beine lassen sich mit der Badeb\u00fcrste im Vollbad gut erreichen.<\/p>\n<p>&nbsp;<\/p>\n<div class=\"text\">\n<div>\n<h2>&nbsp;<\/h2>\n<h2 class=\"section-with-image-headline word-wrap \"><a href=\"https:\/\/bien-etreiris.ch\/wp-content\/uploads\/2019\/06\/titel-alca-bain.jpg\"><img loading=\"lazy\" decoding=\"async\" class=\" wp-image-19420 alignleft\" src=\"https:\/\/bien-etreiris.ch\/wp-content\/uploads\/2019\/06\/titel-alca-bain.jpg\" alt=\"\" width=\"518\" height=\"305\" srcset=\"https:\/\/bien-etreiris.ch\/wp-content\/uploads\/2019\/06\/titel-alca-bain.jpg 450w, https:\/\/bien-etreiris.ch\/wp-content\/uploads\/2019\/06\/titel-alca-bain-300x177.jpg 300w\" sizes=\"auto, (max-width: 518px) 100vw, 518px\" \/><\/a><\/h2>\n<h2>&nbsp;<\/h2>\n<h2>&nbsp;<\/h2>\n<h2 class=\"section-with-image-headline word-wrap \">Tipp <span class=\"subheadline\">zur Anwendung<\/span><\/h2>\n<p>Wenn es am Morgen schnell gehen muss, eignet sich die Badeb\u00fcrste bestens f\u00fcr eine kr\u00e4ftige und belebende Massage unter der Dusche \u2013 das \u201ekurbelt\u201c den Kreislauf an und bringt ihn in Schwung.<\/p>\n<p>Besonders f\u00fcr Menschen mit eingeschr\u00e4nkter Bewegungsfunktion ist die Badeb\u00fcrste wegen des langen<\/p>\n<p>Stiels eine echte Bereicherung.<\/p>\n<\/div>\n<\/div>\n<p>&nbsp;<\/p>\n<p>&nbsp;<\/p>\n<h4>Das Material<\/h4>\n<ul style=\"list-style-type: disc;\">\n<li><strong>Verwendung:<\/strong> Trocken- und Nassb\u00fcrstungen<\/li>\n<li><strong>Borsten: <\/strong>mittelstarke, helle Borsten<br \/>\n(Wildschweinborsten der Traditionsmarke Chungking, erster Schnitt)<\/li>\n<li><strong>Besteckung:<\/strong> 9 Reihen<\/li>\n<li><strong>Holz:<\/strong> einheimisches Buchenholz (Schichtholz) mit Stiel<\/li>\n<li><strong>Holzschutz:<\/strong> in Wachs getaucht<\/li>\n<\/ul>\n<p>&nbsp;<\/p>\n","protected":false},"excerpt":{"rendered":"<p>Badeb\u00fcrste von P. Jentschura &nbsp; Naturborsten virtualisierendes Massageerlebnis von Kopf bis Fuss perfekt auch unter der Dusche einsetzbar gute und leichte Handhabung durch den langen B\u00fcrstenstiel&nbsp; 1 St\u00fcck CHF 49.00 &nbsp; &nbsp; &nbsp; Genie\u00dfen Sie w\u00e4hrend eines beruhigenden basischen Vollbades doch einmal eine vitalisierende und entspannende B\u00fcrstenmassage mit der Badeb\u00fcrste von P. Jentschura. Die Nassb\u00fcrstung mit der hochwertigen Badeb\u00fcrste ist&nbsp;<a href=\"https:\/\/bien-etreiris.ch\/de\/produktpraesentation\/hygiene\/koerperpflege\/zubehoer-fuer-die-koerperpflege\/buersten\/badebuerste\/\" class=\"read-more\">Weiter lesen<\/a><\/p>\n","protected":false},"author":1,"featured_media":61343,"parent":14802,"menu_order":6966,"comment_status":"closed","ping_status":"closed","template":"page-with-child.php","meta":{"_acf_changed":false,"ngg_post_thumbnail":0,"footnotes":""},"class_list":["post-32595","page","type-page","status-publish","has-post-thumbnail","hentry"],"acf":[],"yoast_head":"<!-- This site is optimized with the Yoast SEO plugin v27.5 - https:\/\/yoast.com\/product\/yoast-seo-wordpress\/ -->\n<title>BADEB\u00dcRSTE - WOHLBEFINDEN<\/title>\n<meta name=\"robots\" content=\"index, follow, max-snippet:-1, max-image-preview:large, max-video-preview:-1\" \/>\n<link rel=\"canonical\" href=\"https:\/\/bien-etreiris.ch\/de\/produktpraesentation\/hygiene\/koerperpflege\/zubehoer-fuer-die-koerperpflege\/buersten\/badebuerste\/\" \/>\n<meta property=\"og:locale\" content=\"de_DE\" \/>\n<meta property=\"og:type\" content=\"article\" \/>\n<meta property=\"og:title\" content=\"BADEB\u00dcRSTE - WOHLBEFINDEN\" \/>\n<meta property=\"og:description\" content=\"Badeb\u00fcrste von P. Jentschura &nbsp; Naturborsten virtualisierendes Massageerlebnis von Kopf bis Fuss perfekt auch unter der Dusche einsetzbar gute und leichte Handhabung durch den langen B\u00fcrstenstiel&nbsp; 1 St\u00fcck CHF 49.00 &nbsp; &nbsp; &nbsp; Genie\u00dfen Sie w\u00e4hrend eines beruhigenden basischen Vollbades doch einmal eine vitalisierende und entspannende B\u00fcrstenmassage mit der Badeb\u00fcrste von P. Jentschura. Die Nassb\u00fcrstung mit der hochwertigen Badeb\u00fcrste ist&nbsp;Weiter lesen\" \/>\n<meta property=\"og:url\" content=\"https:\/\/bien-etreiris.ch\/de\/produktpraesentation\/hygiene\/koerperpflege\/zubehoer-fuer-die-koerperpflege\/buersten\/badebuerste\/\" \/>\n<meta property=\"og:site_name\" content=\"WOHLBEFINDEN\" \/>\n<meta property=\"article:publisher\" content=\"https:\/\/www.facebook.com\/bienetreiris\/\" \/>\n<meta property=\"article:modified_time\" content=\"2022-10-30T12:23:40+00:00\" \/>\n<meta property=\"og:image\" content=\"https:\/\/bien-etreiris.ch\/wp-content\/uploads\/2022\/10\/acceuil-brosses-a-bain.jpg\" \/>\n\t<meta property=\"og:image:width\" content=\"454\" \/>\n\t<meta property=\"og:image:height\" content=\"290\" \/>\n\t<meta property=\"og:image:type\" content=\"image\/jpeg\" \/>\n<meta name=\"twitter:label1\" content=\"Gesch\u00e4tzte Lesezeit\" \/>\n\t<meta name=\"twitter:data1\" content=\"2\u00a0Minuten\" \/>\n<script type=\"application\/ld+json\" class=\"yoast-schema-graph\">{\"@context\":\"https:\\\/\\\/schema.org\",\"@graph\":[{\"@type\":\"WebPage\",\"@id\":\"https:\\\/\\\/bien-etreiris.ch\\\/de\\\/produktpraesentation\\\/hygiene\\\/koerperpflege\\\/zubehoer-fuer-die-koerperpflege\\\/buersten\\\/badebuerste\\\/\",\"url\":\"https:\\\/\\\/bien-etreiris.ch\\\/de\\\/produktpraesentation\\\/hygiene\\\/koerperpflege\\\/zubehoer-fuer-die-koerperpflege\\\/buersten\\\/badebuerste\\\/\",\"name\":\"BADEB\u00dcRSTE - WOHLBEFINDEN\",\"isPartOf\":{\"@id\":\"https:\\\/\\\/bien-etreiris.ch\\\/de\\\/#website\"},\"primaryImageOfPage\":{\"@id\":\"https:\\\/\\\/bien-etreiris.ch\\\/de\\\/produktpraesentation\\\/hygiene\\\/koerperpflege\\\/zubehoer-fuer-die-koerperpflege\\\/buersten\\\/badebuerste\\\/#primaryimage\"},\"image\":{\"@id\":\"https:\\\/\\\/bien-etreiris.ch\\\/de\\\/produktpraesentation\\\/hygiene\\\/koerperpflege\\\/zubehoer-fuer-die-koerperpflege\\\/buersten\\\/badebuerste\\\/#primaryimage\"},\"thumbnailUrl\":\"https:\\\/\\\/bien-etreiris.ch\\\/wp-content\\\/uploads\\\/2022\\\/10\\\/acceuil-brosses-a-bain.jpg\",\"datePublished\":\"2020-10-08T05:59:26+00:00\",\"dateModified\":\"2022-10-30T12:23:40+00:00\",\"breadcrumb\":{\"@id\":\"https:\\\/\\\/bien-etreiris.ch\\\/de\\\/produktpraesentation\\\/hygiene\\\/koerperpflege\\\/zubehoer-fuer-die-koerperpflege\\\/buersten\\\/badebuerste\\\/#breadcrumb\"},\"inLanguage\":\"de\",\"potentialAction\":[{\"@type\":\"ReadAction\",\"target\":[\"https:\\\/\\\/bien-etreiris.ch\\\/de\\\/produktpraesentation\\\/hygiene\\\/koerperpflege\\\/zubehoer-fuer-die-koerperpflege\\\/buersten\\\/badebuerste\\\/\"]}]},{\"@type\":\"ImageObject\",\"inLanguage\":\"de\",\"@id\":\"https:\\\/\\\/bien-etreiris.ch\\\/de\\\/produktpraesentation\\\/hygiene\\\/koerperpflege\\\/zubehoer-fuer-die-koerperpflege\\\/buersten\\\/badebuerste\\\/#primaryimage\",\"url\":\"https:\\\/\\\/bien-etreiris.ch\\\/wp-content\\\/uploads\\\/2022\\\/10\\\/acceuil-brosses-a-bain.jpg\",\"contentUrl\":\"https:\\\/\\\/bien-etreiris.ch\\\/wp-content\\\/uploads\\\/2022\\\/10\\\/acceuil-brosses-a-bain.jpg\",\"width\":454,\"height\":290},{\"@type\":\"BreadcrumbList\",\"@id\":\"https:\\\/\\\/bien-etreiris.ch\\\/de\\\/produktpraesentation\\\/hygiene\\\/koerperpflege\\\/zubehoer-fuer-die-koerperpflege\\\/buersten\\\/badebuerste\\\/#breadcrumb\",\"itemListElement\":[{\"@type\":\"ListItem\",\"position\":1,\"name\":\"Home\",\"item\":\"https:\\\/\\\/bien-etreiris.ch\\\/de\\\/\"},{\"@type\":\"ListItem\",\"position\":2,\"name\":\"PRODUKTPR\u00c4SENTATION\",\"item\":\"https:\\\/\\\/bien-etreiris.ch\\\/de\\\/produktpraesentation\\\/\"},{\"@type\":\"ListItem\",\"position\":3,\"name\":\"HYGIENE\",\"item\":\"https:\\\/\\\/bien-etreiris.ch\\\/de\\\/produktpraesentation\\\/hygiene\\\/\"},{\"@type\":\"ListItem\",\"position\":4,\"name\":\"K\u00d6RPERPFLEGE\",\"item\":\"https:\\\/\\\/bien-etreiris.ch\\\/de\\\/produktpraesentation\\\/hygiene\\\/koerperpflege\\\/\"},{\"@type\":\"ListItem\",\"position\":5,\"name\":\"ZUBEH\u00d6R\",\"item\":\"https:\\\/\\\/bien-etreiris.ch\\\/de\\\/produktpraesentation\\\/hygiene\\\/koerperpflege\\\/zubehoer-fuer-die-koerperpflege\\\/\"},{\"@type\":\"ListItem\",\"position\":6,\"name\":\"B\u00dcRSTEN\",\"item\":\"https:\\\/\\\/bien-etreiris.ch\\\/de\\\/produktpraesentation\\\/hygiene\\\/koerperpflege\\\/zubehoer-fuer-die-koerperpflege\\\/buersten\\\/\"},{\"@type\":\"ListItem\",\"position\":7,\"name\":\"BADEB\u00dcRSTE\"}]},{\"@type\":\"WebSite\",\"@id\":\"https:\\\/\\\/bien-etreiris.ch\\\/de\\\/#website\",\"url\":\"https:\\\/\\\/bien-etreiris.ch\\\/de\\\/\",\"name\":\"Bien-\u00eatre Iris\",\"description\":\"IHRE Gesundheit ist uns wichtig\",\"potentialAction\":[{\"@type\":\"SearchAction\",\"target\":{\"@type\":\"EntryPoint\",\"urlTemplate\":\"https:\\\/\\\/bien-etreiris.ch\\\/de\\\/?s={search_term_string}\"},\"query-input\":{\"@type\":\"PropertyValueSpecification\",\"valueRequired\":true,\"valueName\":\"search_term_string\"}}],\"inLanguage\":\"de\"}]}<\/script>\n<!-- \/ Yoast SEO plugin. -->","yoast_head_json":{"title":"BADEB\u00dcRSTE - WOHLBEFINDEN","robots":{"index":"index","follow":"follow","max-snippet":"max-snippet:-1","max-image-preview":"max-image-preview:large","max-video-preview":"max-video-preview:-1"},"canonical":"https:\/\/bien-etreiris.ch\/de\/produktpraesentation\/hygiene\/koerperpflege\/zubehoer-fuer-die-koerperpflege\/buersten\/badebuerste\/","og_locale":"de_DE","og_type":"article","og_title":"BADEB\u00dcRSTE - WOHLBEFINDEN","og_description":"Badeb\u00fcrste von P. Jentschura &nbsp; Naturborsten virtualisierendes Massageerlebnis von Kopf bis Fuss perfekt auch unter der Dusche einsetzbar gute und leichte Handhabung durch den langen B\u00fcrstenstiel&nbsp; 1 St\u00fcck CHF 49.00 &nbsp; &nbsp; &nbsp; Genie\u00dfen Sie w\u00e4hrend eines beruhigenden basischen Vollbades doch einmal eine vitalisierende und entspannende B\u00fcrstenmassage mit der Badeb\u00fcrste von P. Jentschura. Die Nassb\u00fcrstung mit der hochwertigen Badeb\u00fcrste ist&nbsp;Weiter lesen","og_url":"https:\/\/bien-etreiris.ch\/de\/produktpraesentation\/hygiene\/koerperpflege\/zubehoer-fuer-die-koerperpflege\/buersten\/badebuerste\/","og_site_name":"WOHLBEFINDEN","article_publisher":"https:\/\/www.facebook.com\/bienetreiris\/","article_modified_time":"2022-10-30T12:23:40+00:00","og_image":[{"width":454,"height":290,"url":"https:\/\/bien-etreiris.ch\/wp-content\/uploads\/2022\/10\/acceuil-brosses-a-bain.jpg","type":"image\/jpeg"}],"twitter_misc":{"Gesch\u00e4tzte Lesezeit":"2\u00a0Minuten"},"schema":{"@context":"https:\/\/schema.org","@graph":[{"@type":"WebPage","@id":"https:\/\/bien-etreiris.ch\/de\/produktpraesentation\/hygiene\/koerperpflege\/zubehoer-fuer-die-koerperpflege\/buersten\/badebuerste\/","url":"https:\/\/bien-etreiris.ch\/de\/produktpraesentation\/hygiene\/koerperpflege\/zubehoer-fuer-die-koerperpflege\/buersten\/badebuerste\/","name":"BADEB\u00dcRSTE - WOHLBEFINDEN","isPartOf":{"@id":"https:\/\/bien-etreiris.ch\/de\/#website"},"primaryImageOfPage":{"@id":"https:\/\/bien-etreiris.ch\/de\/produktpraesentation\/hygiene\/koerperpflege\/zubehoer-fuer-die-koerperpflege\/buersten\/badebuerste\/#primaryimage"},"image":{"@id":"https:\/\/bien-etreiris.ch\/de\/produktpraesentation\/hygiene\/koerperpflege\/zubehoer-fuer-die-koerperpflege\/buersten\/badebuerste\/#primaryimage"},"thumbnailUrl":"https:\/\/bien-etreiris.ch\/wp-content\/uploads\/2022\/10\/acceuil-brosses-a-bain.jpg","datePublished":"2020-10-08T05:59:26+00:00","dateModified":"2022-10-30T12:23:40+00:00","breadcrumb":{"@id":"https:\/\/bien-etreiris.ch\/de\/produktpraesentation\/hygiene\/koerperpflege\/zubehoer-fuer-die-koerperpflege\/buersten\/badebuerste\/#breadcrumb"},"inLanguage":"de","potentialAction":[{"@type":"ReadAction","target":["https:\/\/bien-etreiris.ch\/de\/produktpraesentation\/hygiene\/koerperpflege\/zubehoer-fuer-die-koerperpflege\/buersten\/badebuerste\/"]}]},{"@type":"ImageObject","inLanguage":"de","@id":"https:\/\/bien-etreiris.ch\/de\/produktpraesentation\/hygiene\/koerperpflege\/zubehoer-fuer-die-koerperpflege\/buersten\/badebuerste\/#primaryimage","url":"https:\/\/bien-etreiris.ch\/wp-content\/uploads\/2022\/10\/acceuil-brosses-a-bain.jpg","contentUrl":"https:\/\/bien-etreiris.ch\/wp-content\/uploads\/2022\/10\/acceuil-brosses-a-bain.jpg","width":454,"height":290},{"@type":"BreadcrumbList","@id":"https:\/\/bien-etreiris.ch\/de\/produktpraesentation\/hygiene\/koerperpflege\/zubehoer-fuer-die-koerperpflege\/buersten\/badebuerste\/#breadcrumb","itemListElement":[{"@type":"ListItem","position":1,"name":"Home","item":"https:\/\/bien-etreiris.ch\/de\/"},{"@type":"ListItem","position":2,"name":"PRODUKTPR\u00c4SENTATION","item":"https:\/\/bien-etreiris.ch\/de\/produktpraesentation\/"},{"@type":"ListItem","position":3,"name":"HYGIENE","item":"https:\/\/bien-etreiris.ch\/de\/produktpraesentation\/hygiene\/"},{"@type":"ListItem","position":4,"name":"K\u00d6RPERPFLEGE","item":"https:\/\/bien-etreiris.ch\/de\/produktpraesentation\/hygiene\/koerperpflege\/"},{"@type":"ListItem","position":5,"name":"ZUBEH\u00d6R","item":"https:\/\/bien-etreiris.ch\/de\/produktpraesentation\/hygiene\/koerperpflege\/zubehoer-fuer-die-koerperpflege\/"},{"@type":"ListItem","position":6,"name":"B\u00dcRSTEN","item":"https:\/\/bien-etreiris.ch\/de\/produktpraesentation\/hygiene\/koerperpflege\/zubehoer-fuer-die-koerperpflege\/buersten\/"},{"@type":"ListItem","position":7,"name":"BADEB\u00dcRSTE"}]},{"@type":"WebSite","@id":"https:\/\/bien-etreiris.ch\/de\/#website","url":"https:\/\/bien-etreiris.ch\/de\/","name":"Bien-\u00eatre Iris","description":"IHRE Gesundheit ist uns wichtig","potentialAction":[{"@type":"SearchAction","target":{"@type":"EntryPoint","urlTemplate":"https:\/\/bien-etreiris.ch\/de\/?s={search_term_string}"},"query-input":{"@type":"PropertyValueSpecification","valueRequired":true,"valueName":"search_term_string"}}],"inLanguage":"de"}]}},"_links":{"self":[{"href":"https:\/\/bien-etreiris.ch\/de\/wp-json\/wp\/v2\/pages\/32595","targetHints":{"allow":["GET"]}}],"collection":[{"href":"https:\/\/bien-etreiris.ch\/de\/wp-json\/wp\/v2\/pages"}],"about":[{"href":"https:\/\/bien-etreiris.ch\/de\/wp-json\/wp\/v2\/types\/page"}],"author":[{"embeddable":true,"href":"https:\/\/bien-etreiris.ch\/de\/wp-json\/wp\/v2\/users\/1"}],"replies":[{"embeddable":true,"href":"https:\/\/bien-etreiris.ch\/de\/wp-json\/wp\/v2\/comments?post=32595"}],"version-history":[{"count":5,"href":"https:\/\/bien-etreiris.ch\/de\/wp-json\/wp\/v2\/pages\/32595\/revisions"}],"predecessor-version":[{"id":61358,"href":"https:\/\/bien-etreiris.ch\/de\/wp-json\/wp\/v2\/pages\/32595\/revisions\/61358"}],"up":[{"embeddable":true,"href":"https:\/\/bien-etreiris.ch\/de\/wp-json\/wp\/v2\/pages\/14802"}],"wp:featuredmedia":[{"embeddable":true,"href":"https:\/\/bien-etreiris.ch\/de\/wp-json\/wp\/v2\/media\/61343"}],"wp:attachment":[{"href":"https:\/\/bien-etreiris.ch\/de\/wp-json\/wp\/v2\/media?parent=32595"}],"curies":[{"name":"wp","href":"https:\/\/api.w.org\/{rel}","templated":true}]}}