{"id":32579,"date":"2020-10-08T05:39:23","date_gmt":"2020-10-08T05:39:23","guid":{"rendered":"https:\/\/bien-etreiris.ch\/wohlbefinden\/basische-produkte-p-jentschura\/buersten\/brosse-pour-visage\/"},"modified":"2021-06-02T17:26:38","modified_gmt":"2021-06-02T15:26:38","slug":"gesichtsbuerste","status":"publish","type":"page","link":"https:\/\/bien-etreiris.ch\/de\/produktpraesentation\/hygiene\/koerperpflege\/zubehoer-fuer-die-koerperpflege\/buersten\/gesichtsbuerste\/","title":{"rendered":"GESICHTSB\u00dcRSTE"},"content":{"rendered":"<p><strong>La brosse pour le visage P. Jentschura <\/strong><\/p>\n<p>&nbsp;<\/p>\n<p><a href=\"https:\/\/decoiris.ch\/wp-content\/uploads\/2019\/09\/visage.png\"><img loading=\"lazy\" decoding=\"async\" class=\"wp-image-28996 size-medium alignright\" src=\"https:\/\/decoiris.ch\/wp-content\/uploads\/2019\/09\/visage-300x138.png\" alt=\"\" width=\"300\" height=\"138\" srcset=\"https:\/\/bien-etreiris.ch\/wp-content\/uploads\/2019\/09\/visage-300x138.png 300w, https:\/\/bien-etreiris.ch\/wp-content\/uploads\/2019\/09\/visage.png 400w\" sizes=\"auto, (max-width: 300px) 100vw, 300px\" \/><\/a><\/p>\n<ul>\n<li style=\"list-style-type: none;\">\n<ul style=\"list-style-type: disc;\">\n<li style=\"list-style-type: none;\">\n<ul style=\"list-style-type: disc;\">\n<li data-sr-id=\"9\">Poils naturels &nbsp;&nbsp; &nbsp;&nbsp;<\/li>\n<\/ul>\n<\/li>\n<\/ul>\n<p>&nbsp;<\/p>\n<ul style=\"list-style-type: disc;\">\n<li data-sr-id=\"9\">l\u2019effet peeling extra doux &nbsp;&nbsp; &nbsp;<\/li>\n<\/ul>\n<\/li>\n<\/ul>\n<ul style=\"list-style-type: disc;\">\n<li style=\"list-style-type: none;\">\n<ul style=\"list-style-type: disc;\">\n<li data-sr-id=\"11\">Pour toutes les parties cutan\u00e9es sensibles<\/li>\n<li>Soin tout en douceur pour votre b\u00e9b\u00e9<\/li>\n<\/ul>\n<\/li>\n<\/ul>\n<p><strong>&nbsp;&nbsp;&nbsp;&nbsp;&nbsp;&nbsp;&nbsp;&nbsp;&nbsp;&nbsp;&nbsp;&nbsp;&nbsp;&nbsp;&nbsp; 1 pi\u00e8ce CHF 15.00&nbsp;<\/strong><\/p>\n<p>&nbsp;<\/p>\n<div class=\"product-body\">\n<p>Tout en nettoyant d\u00e9licatement le visage, le cou et le d\u00e9collet\u00e9, la brosse pour le visage P.&nbsp;Jentschura stimule aussi, en douceur, la circulation sanguine de ces parties cutan\u00e9es sensibles. La peau est visiblement soulag\u00e9e et, r\u00e9g\u00e9n\u00e9r\u00e9e, elle retrouve sa souplesse.<\/p>\n<p>La peau sensible de b\u00e9b\u00e9 et ses cheveux encore tr\u00e8s fins appr\u00e9cient particuli\u00e8rement ces brossages agr\u00e9ables gr\u00e2ce aux poils doux et souples.<\/p>\n<p>&nbsp;<\/p>\n<p><a href=\"https:\/\/decoiris.ch\/wp-content\/uploads\/2019\/03\/anwendung_gesichtsbuerste.1000x0.jpg\"><img loading=\"lazy\" decoding=\"async\" class=\" wp-image-14791 alignleft\" src=\"https:\/\/decoiris.ch\/wp-content\/uploads\/2019\/03\/anwendung_gesichtsbuerste.1000x0-223x300.jpg\" alt=\"\" width=\"328\" height=\"441\" srcset=\"https:\/\/bien-etreiris.ch\/wp-content\/uploads\/2019\/03\/anwendung_gesichtsbuerste.1000x0-223x300.jpg 223w, https:\/\/bien-etreiris.ch\/wp-content\/uploads\/2019\/03\/anwendung_gesichtsbuerste.1000x0-768x1034.jpg 768w, https:\/\/bien-etreiris.ch\/wp-content\/uploads\/2019\/03\/anwendung_gesichtsbuerste.1000x0-760x1024.jpg 760w, https:\/\/bien-etreiris.ch\/wp-content\/uploads\/2019\/03\/anwendung_gesichtsbuerste.1000x0.jpg 1000w\" sizes=\"auto, (max-width: 328px) 100vw, 328px\" \/><\/a><strong>Conseil <span class=\"subheadline\">d\u2019utilisation<\/span><\/strong><\/p>\n<\/div>\n<p>Pour un soin efficace des parties du nez, du front et des yeux, il est possible de brosser ces parties en formant un 8 allong\u00e9 avec la brosse. Ce faisant, les cellules mortes sont \u00e9limin\u00e9es en douceur.<\/p>\n<p>Les brossages du visage si b\u00e9n\u00e9fiques peuvent \u00eatre r\u00e9alis\u00e9s soit dans un bain complet, soit le matin au lever, soit le soir au coucher. Pr\u00e9f\u00e9rer un brossage du visage dans un bain complet \u00e0 un brossage \u00e0 sec car le brossage est nettement plus doux pour la peau d\u00e9licate du visage. Ce faisant, toujours brosser en direction des aisselles.<\/p>\n<p data-sr-id=\"2\">Composition<\/p>\n<ul>\n<li style=\"list-style-type: none;\">\n<ul>\n<li data-sr-id=\"13\"><strong>Poils <\/strong>: poils clairs et doux, pur crin de cheval<\/li>\n<\/ul>\n<\/li>\n<\/ul>\n<ul>\n<li style=\"list-style-type: none;\">\n<ul>\n<li data-sr-id=\"14\"><strong>Bois<\/strong> : h\u00eatre stratifi\u00e9 d\u2019origine locale, avec manche<\/li>\n<li><strong>Protection du bois<\/strong> : plong\u00e9 dans un bain de cire<\/li>\n<\/ul>\n<\/li>\n<\/ul>\n","protected":false},"excerpt":{"rendered":"<p>La brosse pour le visage P. Jentschura &nbsp; Poils naturels &nbsp;&nbsp; &nbsp;&nbsp; &nbsp; l\u2019effet peeling extra doux &nbsp;&nbsp; &nbsp; Pour toutes les parties cutan\u00e9es sensibles Soin tout en douceur pour votre b\u00e9b\u00e9 &nbsp;&nbsp;&nbsp;&nbsp;&nbsp;&nbsp;&nbsp;&nbsp;&nbsp;&nbsp;&nbsp;&nbsp;&nbsp;&nbsp;&nbsp; 1 pi\u00e8ce CHF 15.00&nbsp; &nbsp; Tout en nettoyant d\u00e9licatement le visage, le cou et le d\u00e9collet\u00e9, la brosse pour le visage P.&nbsp;Jentschura stimule aussi, en douceur, la&nbsp;<a href=\"https:\/\/bien-etreiris.ch\/de\/produktpraesentation\/hygiene\/koerperpflege\/zubehoer-fuer-die-koerperpflege\/buersten\/gesichtsbuerste\/\" class=\"read-more\">Weiter lesen<\/a><\/p>\n","protected":false},"author":1,"featured_media":32586,"parent":14802,"menu_order":6970,"comment_status":"closed","ping_status":"closed","template":"page-with-child.php","meta":{"_acf_changed":false,"ngg_post_thumbnail":0,"footnotes":""},"class_list":["post-32579","page","type-page","status-publish","has-post-thumbnail","hentry"],"acf":[],"yoast_head":"<!-- This site is optimized with the Yoast SEO plugin v27.6 - https:\/\/yoast.com\/product\/yoast-seo-wordpress\/ -->\n<title>GESICHTSB\u00dcRSTE - WOHLBEFINDEN<\/title>\n<meta name=\"robots\" content=\"index, follow, max-snippet:-1, max-image-preview:large, max-video-preview:-1\" \/>\n<link rel=\"canonical\" href=\"https:\/\/bien-etreiris.ch\/de\/produktpraesentation\/hygiene\/koerperpflege\/zubehoer-fuer-die-koerperpflege\/buersten\/gesichtsbuerste\/\" \/>\n<meta property=\"og:locale\" content=\"de_DE\" \/>\n<meta property=\"og:type\" content=\"article\" \/>\n<meta property=\"og:title\" content=\"GESICHTSB\u00dcRSTE - WOHLBEFINDEN\" \/>\n<meta property=\"og:description\" content=\"La brosse pour le visage P. Jentschura &nbsp; Poils naturels &nbsp;&nbsp; &nbsp;&nbsp; &nbsp; l\u2019effet peeling extra doux &nbsp;&nbsp; &nbsp; Pour toutes les parties cutan\u00e9es sensibles Soin tout en douceur pour votre b\u00e9b\u00e9 &nbsp;&nbsp;&nbsp;&nbsp;&nbsp;&nbsp;&nbsp;&nbsp;&nbsp;&nbsp;&nbsp;&nbsp;&nbsp;&nbsp;&nbsp; 1 pi\u00e8ce CHF 15.00&nbsp; &nbsp; Tout en nettoyant d\u00e9licatement le visage, le cou et le d\u00e9collet\u00e9, la brosse pour le visage P.&nbsp;Jentschura stimule aussi, en douceur, la&nbsp;Weiter lesen\" \/>\n<meta property=\"og:url\" content=\"https:\/\/bien-etreiris.ch\/de\/produktpraesentation\/hygiene\/koerperpflege\/zubehoer-fuer-die-koerperpflege\/buersten\/gesichtsbuerste\/\" \/>\n<meta property=\"og:site_name\" content=\"WOHLBEFINDEN\" \/>\n<meta property=\"article:publisher\" content=\"https:\/\/www.facebook.com\/bienetreiris\/\" \/>\n<meta property=\"article:modified_time\" content=\"2021-06-02T15:26:38+00:00\" \/>\n<meta property=\"og:image\" content=\"https:\/\/bien-etreiris.ch\/wp-content\/uploads\/2020\/10\/acceuil-7.jpg\" \/>\n\t<meta property=\"og:image:width\" content=\"450\" \/>\n\t<meta property=\"og:image:height\" content=\"309\" \/>\n\t<meta property=\"og:image:type\" content=\"image\/jpeg\" \/>\n<meta name=\"twitter:label1\" content=\"Gesch\u00e4tzte Lesezeit\" \/>\n\t<meta name=\"twitter:data1\" content=\"2\u00a0Minuten\" \/>\n<script type=\"application\/ld+json\" class=\"yoast-schema-graph\">{\"@context\":\"https:\\\/\\\/schema.org\",\"@graph\":[{\"@type\":\"WebPage\",\"@id\":\"https:\\\/\\\/bien-etreiris.ch\\\/de\\\/produktpraesentation\\\/hygiene\\\/koerperpflege\\\/zubehoer-fuer-die-koerperpflege\\\/buersten\\\/gesichtsbuerste\\\/\",\"url\":\"https:\\\/\\\/bien-etreiris.ch\\\/de\\\/produktpraesentation\\\/hygiene\\\/koerperpflege\\\/zubehoer-fuer-die-koerperpflege\\\/buersten\\\/gesichtsbuerste\\\/\",\"name\":\"GESICHTSB\u00dcRSTE - WOHLBEFINDEN\",\"isPartOf\":{\"@id\":\"https:\\\/\\\/bien-etreiris.ch\\\/de\\\/#website\"},\"primaryImageOfPage\":{\"@id\":\"https:\\\/\\\/bien-etreiris.ch\\\/de\\\/produktpraesentation\\\/hygiene\\\/koerperpflege\\\/zubehoer-fuer-die-koerperpflege\\\/buersten\\\/gesichtsbuerste\\\/#primaryimage\"},\"image\":{\"@id\":\"https:\\\/\\\/bien-etreiris.ch\\\/de\\\/produktpraesentation\\\/hygiene\\\/koerperpflege\\\/zubehoer-fuer-die-koerperpflege\\\/buersten\\\/gesichtsbuerste\\\/#primaryimage\"},\"thumbnailUrl\":\"https:\\\/\\\/bien-etreiris.ch\\\/wp-content\\\/uploads\\\/2020\\\/10\\\/acceuil-7.jpg\",\"datePublished\":\"2020-10-08T05:39:23+00:00\",\"dateModified\":\"2021-06-02T15:26:38+00:00\",\"breadcrumb\":{\"@id\":\"https:\\\/\\\/bien-etreiris.ch\\\/de\\\/produktpraesentation\\\/hygiene\\\/koerperpflege\\\/zubehoer-fuer-die-koerperpflege\\\/buersten\\\/gesichtsbuerste\\\/#breadcrumb\"},\"inLanguage\":\"de\",\"potentialAction\":[{\"@type\":\"ReadAction\",\"target\":[\"https:\\\/\\\/bien-etreiris.ch\\\/de\\\/produktpraesentation\\\/hygiene\\\/koerperpflege\\\/zubehoer-fuer-die-koerperpflege\\\/buersten\\\/gesichtsbuerste\\\/\"]}]},{\"@type\":\"ImageObject\",\"inLanguage\":\"de\",\"@id\":\"https:\\\/\\\/bien-etreiris.ch\\\/de\\\/produktpraesentation\\\/hygiene\\\/koerperpflege\\\/zubehoer-fuer-die-koerperpflege\\\/buersten\\\/gesichtsbuerste\\\/#primaryimage\",\"url\":\"https:\\\/\\\/bien-etreiris.ch\\\/wp-content\\\/uploads\\\/2020\\\/10\\\/acceuil-7.jpg\",\"contentUrl\":\"https:\\\/\\\/bien-etreiris.ch\\\/wp-content\\\/uploads\\\/2020\\\/10\\\/acceuil-7.jpg\",\"width\":450,\"height\":309},{\"@type\":\"BreadcrumbList\",\"@id\":\"https:\\\/\\\/bien-etreiris.ch\\\/de\\\/produktpraesentation\\\/hygiene\\\/koerperpflege\\\/zubehoer-fuer-die-koerperpflege\\\/buersten\\\/gesichtsbuerste\\\/#breadcrumb\",\"itemListElement\":[{\"@type\":\"ListItem\",\"position\":1,\"name\":\"Home\",\"item\":\"https:\\\/\\\/bien-etreiris.ch\\\/de\\\/\"},{\"@type\":\"ListItem\",\"position\":2,\"name\":\"PRODUKTPR\u00c4SENTATION\",\"item\":\"https:\\\/\\\/bien-etreiris.ch\\\/de\\\/produktpraesentation\\\/\"},{\"@type\":\"ListItem\",\"position\":3,\"name\":\"HYGIENE\",\"item\":\"https:\\\/\\\/bien-etreiris.ch\\\/de\\\/produktpraesentation\\\/hygiene\\\/\"},{\"@type\":\"ListItem\",\"position\":4,\"name\":\"K\u00d6RPERPFLEGE\",\"item\":\"https:\\\/\\\/bien-etreiris.ch\\\/de\\\/produktpraesentation\\\/hygiene\\\/koerperpflege\\\/\"},{\"@type\":\"ListItem\",\"position\":5,\"name\":\"ZUBEH\u00d6R\",\"item\":\"https:\\\/\\\/bien-etreiris.ch\\\/de\\\/produktpraesentation\\\/hygiene\\\/koerperpflege\\\/zubehoer-fuer-die-koerperpflege\\\/\"},{\"@type\":\"ListItem\",\"position\":6,\"name\":\"B\u00dcRSTEN\",\"item\":\"https:\\\/\\\/bien-etreiris.ch\\\/de\\\/produktpraesentation\\\/hygiene\\\/koerperpflege\\\/zubehoer-fuer-die-koerperpflege\\\/buersten\\\/\"},{\"@type\":\"ListItem\",\"position\":7,\"name\":\"GESICHTSB\u00dcRSTE\"}]},{\"@type\":\"WebSite\",\"@id\":\"https:\\\/\\\/bien-etreiris.ch\\\/de\\\/#website\",\"url\":\"https:\\\/\\\/bien-etreiris.ch\\\/de\\\/\",\"name\":\"Bien-\u00eatre Iris\",\"description\":\"IHRE Gesundheit ist uns wichtig\",\"potentialAction\":[{\"@type\":\"SearchAction\",\"target\":{\"@type\":\"EntryPoint\",\"urlTemplate\":\"https:\\\/\\\/bien-etreiris.ch\\\/de\\\/?s={search_term_string}\"},\"query-input\":{\"@type\":\"PropertyValueSpecification\",\"valueRequired\":true,\"valueName\":\"search_term_string\"}}],\"inLanguage\":\"de\"}]}<\/script>\n<!-- \/ Yoast SEO plugin. -->","yoast_head_json":{"title":"GESICHTSB\u00dcRSTE - WOHLBEFINDEN","robots":{"index":"index","follow":"follow","max-snippet":"max-snippet:-1","max-image-preview":"max-image-preview:large","max-video-preview":"max-video-preview:-1"},"canonical":"https:\/\/bien-etreiris.ch\/de\/produktpraesentation\/hygiene\/koerperpflege\/zubehoer-fuer-die-koerperpflege\/buersten\/gesichtsbuerste\/","og_locale":"de_DE","og_type":"article","og_title":"GESICHTSB\u00dcRSTE - WOHLBEFINDEN","og_description":"La brosse pour le visage P. Jentschura &nbsp; Poils naturels &nbsp;&nbsp; &nbsp;&nbsp; &nbsp; l\u2019effet peeling extra doux &nbsp;&nbsp; &nbsp; Pour toutes les parties cutan\u00e9es sensibles Soin tout en douceur pour votre b\u00e9b\u00e9 &nbsp;&nbsp;&nbsp;&nbsp;&nbsp;&nbsp;&nbsp;&nbsp;&nbsp;&nbsp;&nbsp;&nbsp;&nbsp;&nbsp;&nbsp; 1 pi\u00e8ce CHF 15.00&nbsp; &nbsp; Tout en nettoyant d\u00e9licatement le visage, le cou et le d\u00e9collet\u00e9, la brosse pour le visage P.&nbsp;Jentschura stimule aussi, en douceur, la&nbsp;Weiter lesen","og_url":"https:\/\/bien-etreiris.ch\/de\/produktpraesentation\/hygiene\/koerperpflege\/zubehoer-fuer-die-koerperpflege\/buersten\/gesichtsbuerste\/","og_site_name":"WOHLBEFINDEN","article_publisher":"https:\/\/www.facebook.com\/bienetreiris\/","article_modified_time":"2021-06-02T15:26:38+00:00","og_image":[{"width":450,"height":309,"url":"https:\/\/bien-etreiris.ch\/wp-content\/uploads\/2020\/10\/acceuil-7.jpg","type":"image\/jpeg"}],"twitter_misc":{"Gesch\u00e4tzte Lesezeit":"2\u00a0Minuten"},"schema":{"@context":"https:\/\/schema.org","@graph":[{"@type":"WebPage","@id":"https:\/\/bien-etreiris.ch\/de\/produktpraesentation\/hygiene\/koerperpflege\/zubehoer-fuer-die-koerperpflege\/buersten\/gesichtsbuerste\/","url":"https:\/\/bien-etreiris.ch\/de\/produktpraesentation\/hygiene\/koerperpflege\/zubehoer-fuer-die-koerperpflege\/buersten\/gesichtsbuerste\/","name":"GESICHTSB\u00dcRSTE - WOHLBEFINDEN","isPartOf":{"@id":"https:\/\/bien-etreiris.ch\/de\/#website"},"primaryImageOfPage":{"@id":"https:\/\/bien-etreiris.ch\/de\/produktpraesentation\/hygiene\/koerperpflege\/zubehoer-fuer-die-koerperpflege\/buersten\/gesichtsbuerste\/#primaryimage"},"image":{"@id":"https:\/\/bien-etreiris.ch\/de\/produktpraesentation\/hygiene\/koerperpflege\/zubehoer-fuer-die-koerperpflege\/buersten\/gesichtsbuerste\/#primaryimage"},"thumbnailUrl":"https:\/\/bien-etreiris.ch\/wp-content\/uploads\/2020\/10\/acceuil-7.jpg","datePublished":"2020-10-08T05:39:23+00:00","dateModified":"2021-06-02T15:26:38+00:00","breadcrumb":{"@id":"https:\/\/bien-etreiris.ch\/de\/produktpraesentation\/hygiene\/koerperpflege\/zubehoer-fuer-die-koerperpflege\/buersten\/gesichtsbuerste\/#breadcrumb"},"inLanguage":"de","potentialAction":[{"@type":"ReadAction","target":["https:\/\/bien-etreiris.ch\/de\/produktpraesentation\/hygiene\/koerperpflege\/zubehoer-fuer-die-koerperpflege\/buersten\/gesichtsbuerste\/"]}]},{"@type":"ImageObject","inLanguage":"de","@id":"https:\/\/bien-etreiris.ch\/de\/produktpraesentation\/hygiene\/koerperpflege\/zubehoer-fuer-die-koerperpflege\/buersten\/gesichtsbuerste\/#primaryimage","url":"https:\/\/bien-etreiris.ch\/wp-content\/uploads\/2020\/10\/acceuil-7.jpg","contentUrl":"https:\/\/bien-etreiris.ch\/wp-content\/uploads\/2020\/10\/acceuil-7.jpg","width":450,"height":309},{"@type":"BreadcrumbList","@id":"https:\/\/bien-etreiris.ch\/de\/produktpraesentation\/hygiene\/koerperpflege\/zubehoer-fuer-die-koerperpflege\/buersten\/gesichtsbuerste\/#breadcrumb","itemListElement":[{"@type":"ListItem","position":1,"name":"Home","item":"https:\/\/bien-etreiris.ch\/de\/"},{"@type":"ListItem","position":2,"name":"PRODUKTPR\u00c4SENTATION","item":"https:\/\/bien-etreiris.ch\/de\/produktpraesentation\/"},{"@type":"ListItem","position":3,"name":"HYGIENE","item":"https:\/\/bien-etreiris.ch\/de\/produktpraesentation\/hygiene\/"},{"@type":"ListItem","position":4,"name":"K\u00d6RPERPFLEGE","item":"https:\/\/bien-etreiris.ch\/de\/produktpraesentation\/hygiene\/koerperpflege\/"},{"@type":"ListItem","position":5,"name":"ZUBEH\u00d6R","item":"https:\/\/bien-etreiris.ch\/de\/produktpraesentation\/hygiene\/koerperpflege\/zubehoer-fuer-die-koerperpflege\/"},{"@type":"ListItem","position":6,"name":"B\u00dcRSTEN","item":"https:\/\/bien-etreiris.ch\/de\/produktpraesentation\/hygiene\/koerperpflege\/zubehoer-fuer-die-koerperpflege\/buersten\/"},{"@type":"ListItem","position":7,"name":"GESICHTSB\u00dcRSTE"}]},{"@type":"WebSite","@id":"https:\/\/bien-etreiris.ch\/de\/#website","url":"https:\/\/bien-etreiris.ch\/de\/","name":"Bien-\u00eatre Iris","description":"IHRE Gesundheit ist uns wichtig","potentialAction":[{"@type":"SearchAction","target":{"@type":"EntryPoint","urlTemplate":"https:\/\/bien-etreiris.ch\/de\/?s={search_term_string}"},"query-input":{"@type":"PropertyValueSpecification","valueRequired":true,"valueName":"search_term_string"}}],"inLanguage":"de"}]}},"_links":{"self":[{"href":"https:\/\/bien-etreiris.ch\/de\/wp-json\/wp\/v2\/pages\/32579","targetHints":{"allow":["GET"]}}],"collection":[{"href":"https:\/\/bien-etreiris.ch\/de\/wp-json\/wp\/v2\/pages"}],"about":[{"href":"https:\/\/bien-etreiris.ch\/de\/wp-json\/wp\/v2\/types\/page"}],"author":[{"embeddable":true,"href":"https:\/\/bien-etreiris.ch\/de\/wp-json\/wp\/v2\/users\/1"}],"replies":[{"embeddable":true,"href":"https:\/\/bien-etreiris.ch\/de\/wp-json\/wp\/v2\/comments?post=32579"}],"version-history":[{"count":2,"href":"https:\/\/bien-etreiris.ch\/de\/wp-json\/wp\/v2\/pages\/32579\/revisions"}],"predecessor-version":[{"id":49065,"href":"https:\/\/bien-etreiris.ch\/de\/wp-json\/wp\/v2\/pages\/32579\/revisions\/49065"}],"up":[{"embeddable":true,"href":"https:\/\/bien-etreiris.ch\/de\/wp-json\/wp\/v2\/pages\/14802"}],"wp:featuredmedia":[{"embeddable":true,"href":"https:\/\/bien-etreiris.ch\/de\/wp-json\/wp\/v2\/media\/32586"}],"wp:attachment":[{"href":"https:\/\/bien-etreiris.ch\/de\/wp-json\/wp\/v2\/media?parent=32579"}],"curies":[{"name":"wp","href":"https:\/\/api.w.org\/{rel}","templated":true}]}}