{"id":32553,"date":"2020-08-29T09:48:02","date_gmt":"2020-08-29T09:48:02","guid":{"rendered":"https:\/\/bien-etreiris.ch\/wohlbefinden\/electrosmog\/"},"modified":"2023-10-29T02:10:59","modified_gmt":"2023-10-29T00:10:59","slug":"electrobiologie","status":"publish","type":"page","link":"https:\/\/bien-etreiris.ch\/de\/produktpraesentation\/gesundes-leben\/electrobiologie\/","title":{"rendered":"ELECTROBIOLOGIE"},"content":{"rendered":"\n<h2>Electrobiologie &amp; Neutralisation von l'e-smog<\/h2>\n<p>&nbsp;<\/p>\n\n\n<h4><span class=\"tlid-translation translation\" lang=\"fr\"><span title=\"\">Leiden Sie unter:<\/span><\/span><\/h4>\n<div class=\"text-wrap tlid-copy-target\">\n<div class=\"result-shield-container tlid-copy-target\" tabindex=\"0\"><span class=\"tlid-translation translation\" lang=\"fr\"><br><span title=\"\">K\u00f6nnen Sie nicht schlafen? Kopfschmerzen? Schlechte Konzentration? Immunschw\u00e4che? Stoffwechselst\u00f6rungen? Mangelnde Motivation?<br>Verlust der Libido? Tinnitus? Nervosit\u00e4t? Schwindelgef\u00fchl? Herzprobleme? Leuk\u00e4mie \/ Krebs? Schirme <\/span><\/span><\/div>\n<div class=\"result-shield-container tlid-copy-target\" tabindex=\"0\"><span class=\"tlid-translation translation\" lang=\"fr\"><span title=\"\">professionell, wir helfen Ihnen<\/span><\/span><\/div>\n<\/div>\n<p>&nbsp;<\/p>\n<div tabindex=\"0\">&nbsp;<\/div>\n<div tabindex=\"0\">&nbsp;<\/div>\n<div tabindex=\"0\">\n<h4><em><span style=\"color: #99cc00;\"><a style=\"color: #99cc00;\" href=\"https:\/\/bien-etreiris.ch\/guide-lumiere-conseil\/theme-electrobiologie\/\" target=\"_blank\" rel=\"noopener\"><strong>Alles \u00fcber Elektrobiologie<\/strong><\/a><\/span><\/em><\/h4>\n<p>&nbsp;<\/p>\n<p><a href=\"https:\/\/bien-etreiris.ch\/guide-lumiere-conseil\/theme-electrobiologie\/\" target=\"_blank\" rel=\"noopener\"><img loading=\"lazy\" decoding=\"async\" class=\"alignnone wp-image-61710\" src=\"https:\/\/bien-etreiris.ch\/wp-content\/uploads\/2022\/11\/acceuil.jpg\" alt=\"\" width=\"364\" height=\"273\" srcset=\"https:\/\/bien-etreiris.ch\/wp-content\/uploads\/2022\/11\/acceuil.jpg 500w, https:\/\/bien-etreiris.ch\/wp-content\/uploads\/2022\/11\/acceuil-300x225.jpg 300w, https:\/\/bien-etreiris.ch\/wp-content\/uploads\/2022\/11\/acceuil-200x150.jpg 200w\" sizes=\"auto, (max-width: 364px) 100vw, 364px\" \/><\/a><\/p>\n<h4><span style=\"color: #33cccc;\">Die Elektrobiologie (im Volksmund auch Elektrosmog genannt) besch\u00e4ftigt sich mit den biophysikalischen Auswirkungen elektromagnetischer Felder auf die biologischen Systeme von Menschen, Tieren und Pflanzen und erkl\u00e4rt die Ursache-Wirkungs-Beziehungen.<\/span><\/h4>\n<\/div>\n<div tabindex=\"0\">&nbsp;<\/div>\n<div tabindex=\"0\">&nbsp;<\/div>\n<div tabindex=\"0\">&nbsp;<\/div>\n\n\n<h4><a href=\"https:\/\/bien-etreiris.ch\/de\/ratgeber-klarheit-beratung\/gesunder-lebensstil\/thematik-elektrosmog\/neutraliser-lelectrosmog\/\" target=\"_blank\" rel=\"noopener\"><em><span style=\"color: #99cc00;\">Elektrosmog neutralisieren<\/span><\/em><\/a><\/h4>\n<p>&nbsp;<\/p>\n<p><a href=\"https:\/\/bien-etreiris.ch\/guide-lumiere-conseil\/theme-electrobiologie\/neutraliser-lelectrosmog\/\" target=\"_blank\" rel=\"noopener\"><img loading=\"lazy\" decoding=\"async\" class=\"alignnone  wp-image-61698\" src=\"https:\/\/bien-etreiris.ch\/wp-content\/uploads\/2022\/11\/acceuil-neutraliser-lelectrosmog.jpg\" alt=\"\" width=\"358\" height=\"269\" srcset=\"https:\/\/bien-etreiris.ch\/wp-content\/uploads\/2022\/11\/acceuil-neutraliser-lelectrosmog.jpg 500w, https:\/\/bien-etreiris.ch\/wp-content\/uploads\/2022\/11\/acceuil-neutraliser-lelectrosmog-300x225.jpg 300w, https:\/\/bien-etreiris.ch\/wp-content\/uploads\/2022\/11\/acceuil-neutraliser-lelectrosmog-200x150.jpg 200w\" sizes=\"auto, (max-width: 358px) 100vw, 358px\" \/><\/a><\/p>\n<p>&nbsp;<\/p>\n<h4><span style=\"color: #99cc00;\"><a style=\"color: #99cc00;\" href=\"https:\/\/bien-etreiris.ch\/guide-lumiere-conseil\/theme-electrobiologie\/neutraliser-lelectrosmog\/\" target=\"_blank\" rel=\"noopener\">Das eigentliche Problem sind nicht die elektromagnetischen Felder, sondern deren Informationen, die nicht mit den Zellen unseres K\u00f6rpers harmonieren. So erzeugen diese Felder eine Dissonanz zwischen unseren eigenen Informationen und unserer Umwelt.<\/a><\/span><\/h4>\n<p>&nbsp;<\/p>\n<p>&nbsp;<\/p>\n\n\n\n<p><strong> <\/strong><\/p>\n","protected":false},"excerpt":{"rendered":"<p>Electrobiologie &amp; Neutralisation von l'e-smog &nbsp; Leiden Sie unter: K\u00f6nnen Sie nicht schlafen? Kopfschmerzen? Schlechte Konzentration? Immunschw\u00e4che? Stoffwechselst\u00f6rungen? Mangelnde Motivation?Verlust der Libido? Tinnitus? Nervosit\u00e4t? Schwindelgef\u00fchl? Herzprobleme? Leuk\u00e4mie \/ Krebs? Schirme professionell, wir helfen Ihnen &nbsp; &nbsp; &nbsp; Alles \u00fcber Elektrobiologie &nbsp; Die Elektrobiologie (im Volksmund auch Elektrosmog genannt) besch\u00e4ftigt sich mit den biophysikalischen Auswirkungen elektromagnetischer Felder auf die biologischen Systeme&nbsp;<a href=\"https:\/\/bien-etreiris.ch\/de\/produktpraesentation\/gesundes-leben\/electrobiologie\/\" class=\"read-more\">Weiter lesen<\/a><\/p>\n","protected":false},"author":1,"featured_media":42634,"parent":14839,"menu_order":7085,"comment_status":"closed","ping_status":"closed","template":"page-with-child.php","meta":{"_acf_changed":false,"ngg_post_thumbnail":0,"footnotes":""},"class_list":["post-32553","page","type-page","status-publish","has-post-thumbnail","hentry"],"acf":[],"yoast_head":"<!-- This site is optimized with the Yoast SEO plugin v27.4 - https:\/\/yoast.com\/product\/yoast-seo-wordpress\/ -->\n<title>ELECTROBIOLOGIE - WOHLBEFINDEN<\/title>\n<meta name=\"robots\" content=\"index, follow, max-snippet:-1, max-image-preview:large, max-video-preview:-1\" \/>\n<link rel=\"canonical\" href=\"https:\/\/bien-etreiris.ch\/de\/produktpraesentation\/gesundes-leben\/electrobiologie\/\" \/>\n<meta property=\"og:locale\" content=\"de_DE\" \/>\n<meta property=\"og:type\" content=\"article\" \/>\n<meta property=\"og:title\" content=\"ELECTROBIOLOGIE - WOHLBEFINDEN\" \/>\n<meta property=\"og:description\" content=\"Electrobiologie &amp; Neutralisation von l&#039;e-smog &nbsp; Leiden Sie unter: K\u00f6nnen Sie nicht schlafen? Kopfschmerzen? Schlechte Konzentration? Immunschw\u00e4che? Stoffwechselst\u00f6rungen? Mangelnde Motivation?Verlust der Libido? Tinnitus? Nervosit\u00e4t? Schwindelgef\u00fchl? Herzprobleme? Leuk\u00e4mie \/ Krebs? Schirme professionell, wir helfen Ihnen &nbsp; &nbsp; &nbsp; Alles \u00fcber Elektrobiologie &nbsp; Die Elektrobiologie (im Volksmund auch Elektrosmog genannt) besch\u00e4ftigt sich mit den biophysikalischen Auswirkungen elektromagnetischer Felder auf die biologischen Systeme&nbsp;Weiter lesen\" \/>\n<meta property=\"og:url\" content=\"https:\/\/bien-etreiris.ch\/de\/produktpraesentation\/gesundes-leben\/electrobiologie\/\" \/>\n<meta property=\"og:site_name\" content=\"WOHLBEFINDEN\" \/>\n<meta property=\"article:publisher\" content=\"https:\/\/www.facebook.com\/bienetreiris\/\" \/>\n<meta property=\"article:modified_time\" content=\"2023-10-29T00:10:59+00:00\" \/>\n<meta property=\"og:image\" content=\"https:\/\/bien-etreiris.ch\/wp-content\/uploads\/2021\/04\/acceuil-10.jpg\" \/>\n\t<meta property=\"og:image:width\" content=\"500\" \/>\n\t<meta property=\"og:image:height\" content=\"334\" \/>\n\t<meta property=\"og:image:type\" content=\"image\/jpeg\" \/>\n<meta name=\"twitter:label1\" content=\"Gesch\u00e4tzte Lesezeit\" \/>\n\t<meta name=\"twitter:data1\" content=\"1\u00a0Minute\" \/>\n<script type=\"application\/ld+json\" class=\"yoast-schema-graph\">{\"@context\":\"https:\\\/\\\/schema.org\",\"@graph\":[{\"@type\":\"WebPage\",\"@id\":\"https:\\\/\\\/bien-etreiris.ch\\\/de\\\/produktpraesentation\\\/gesundes-leben\\\/electrobiologie\\\/\",\"url\":\"https:\\\/\\\/bien-etreiris.ch\\\/de\\\/produktpraesentation\\\/gesundes-leben\\\/electrobiologie\\\/\",\"name\":\"ELECTROBIOLOGIE - WOHLBEFINDEN\",\"isPartOf\":{\"@id\":\"https:\\\/\\\/bien-etreiris.ch\\\/de\\\/#website\"},\"primaryImageOfPage\":{\"@id\":\"https:\\\/\\\/bien-etreiris.ch\\\/de\\\/produktpraesentation\\\/gesundes-leben\\\/electrobiologie\\\/#primaryimage\"},\"image\":{\"@id\":\"https:\\\/\\\/bien-etreiris.ch\\\/de\\\/produktpraesentation\\\/gesundes-leben\\\/electrobiologie\\\/#primaryimage\"},\"thumbnailUrl\":\"https:\\\/\\\/bien-etreiris.ch\\\/wp-content\\\/uploads\\\/2021\\\/04\\\/acceuil-10.jpg\",\"datePublished\":\"2020-08-29T09:48:02+00:00\",\"dateModified\":\"2023-10-29T00:10:59+00:00\",\"breadcrumb\":{\"@id\":\"https:\\\/\\\/bien-etreiris.ch\\\/de\\\/produktpraesentation\\\/gesundes-leben\\\/electrobiologie\\\/#breadcrumb\"},\"inLanguage\":\"de\",\"potentialAction\":[{\"@type\":\"ReadAction\",\"target\":[\"https:\\\/\\\/bien-etreiris.ch\\\/de\\\/produktpraesentation\\\/gesundes-leben\\\/electrobiologie\\\/\"]}]},{\"@type\":\"ImageObject\",\"inLanguage\":\"de\",\"@id\":\"https:\\\/\\\/bien-etreiris.ch\\\/de\\\/produktpraesentation\\\/gesundes-leben\\\/electrobiologie\\\/#primaryimage\",\"url\":\"https:\\\/\\\/bien-etreiris.ch\\\/wp-content\\\/uploads\\\/2021\\\/04\\\/acceuil-10.jpg\",\"contentUrl\":\"https:\\\/\\\/bien-etreiris.ch\\\/wp-content\\\/uploads\\\/2021\\\/04\\\/acceuil-10.jpg\",\"width\":500,\"height\":334},{\"@type\":\"BreadcrumbList\",\"@id\":\"https:\\\/\\\/bien-etreiris.ch\\\/de\\\/produktpraesentation\\\/gesundes-leben\\\/electrobiologie\\\/#breadcrumb\",\"itemListElement\":[{\"@type\":\"ListItem\",\"position\":1,\"name\":\"Home\",\"item\":\"https:\\\/\\\/bien-etreiris.ch\\\/de\\\/\"},{\"@type\":\"ListItem\",\"position\":2,\"name\":\"PRODUKTPR\u00c4SENTATION\",\"item\":\"https:\\\/\\\/bien-etreiris.ch\\\/de\\\/produktpraesentation\\\/\"},{\"@type\":\"ListItem\",\"position\":3,\"name\":\"GESUNDES LEBEN\",\"item\":\"https:\\\/\\\/bien-etreiris.ch\\\/de\\\/produktpraesentation\\\/gesundes-leben\\\/\"},{\"@type\":\"ListItem\",\"position\":4,\"name\":\"ELECTROBIOLOGIE\"}]},{\"@type\":\"WebSite\",\"@id\":\"https:\\\/\\\/bien-etreiris.ch\\\/de\\\/#website\",\"url\":\"https:\\\/\\\/bien-etreiris.ch\\\/de\\\/\",\"name\":\"Bien-\u00eatre Iris\",\"description\":\"IHRE Gesundheit ist uns wichtig\",\"potentialAction\":[{\"@type\":\"SearchAction\",\"target\":{\"@type\":\"EntryPoint\",\"urlTemplate\":\"https:\\\/\\\/bien-etreiris.ch\\\/de\\\/?s={search_term_string}\"},\"query-input\":{\"@type\":\"PropertyValueSpecification\",\"valueRequired\":true,\"valueName\":\"search_term_string\"}}],\"inLanguage\":\"de\"}]}<\/script>\n<!-- \/ Yoast SEO plugin. -->","yoast_head_json":{"title":"ELECTROBIOLOGIE - WOHLBEFINDEN","robots":{"index":"index","follow":"follow","max-snippet":"max-snippet:-1","max-image-preview":"max-image-preview:large","max-video-preview":"max-video-preview:-1"},"canonical":"https:\/\/bien-etreiris.ch\/de\/produktpraesentation\/gesundes-leben\/electrobiologie\/","og_locale":"de_DE","og_type":"article","og_title":"ELECTROBIOLOGIE - WOHLBEFINDEN","og_description":"Electrobiologie &amp; Neutralisation von l'e-smog &nbsp; Leiden Sie unter: K\u00f6nnen Sie nicht schlafen? Kopfschmerzen? Schlechte Konzentration? Immunschw\u00e4che? Stoffwechselst\u00f6rungen? Mangelnde Motivation?Verlust der Libido? Tinnitus? Nervosit\u00e4t? Schwindelgef\u00fchl? Herzprobleme? Leuk\u00e4mie \/ Krebs? Schirme professionell, wir helfen Ihnen &nbsp; &nbsp; &nbsp; Alles \u00fcber Elektrobiologie &nbsp; Die Elektrobiologie (im Volksmund auch Elektrosmog genannt) besch\u00e4ftigt sich mit den biophysikalischen Auswirkungen elektromagnetischer Felder auf die biologischen Systeme&nbsp;Weiter lesen","og_url":"https:\/\/bien-etreiris.ch\/de\/produktpraesentation\/gesundes-leben\/electrobiologie\/","og_site_name":"WOHLBEFINDEN","article_publisher":"https:\/\/www.facebook.com\/bienetreiris\/","article_modified_time":"2023-10-29T00:10:59+00:00","og_image":[{"width":500,"height":334,"url":"https:\/\/bien-etreiris.ch\/wp-content\/uploads\/2021\/04\/acceuil-10.jpg","type":"image\/jpeg"}],"twitter_misc":{"Gesch\u00e4tzte Lesezeit":"1\u00a0Minute"},"schema":{"@context":"https:\/\/schema.org","@graph":[{"@type":"WebPage","@id":"https:\/\/bien-etreiris.ch\/de\/produktpraesentation\/gesundes-leben\/electrobiologie\/","url":"https:\/\/bien-etreiris.ch\/de\/produktpraesentation\/gesundes-leben\/electrobiologie\/","name":"ELECTROBIOLOGIE - WOHLBEFINDEN","isPartOf":{"@id":"https:\/\/bien-etreiris.ch\/de\/#website"},"primaryImageOfPage":{"@id":"https:\/\/bien-etreiris.ch\/de\/produktpraesentation\/gesundes-leben\/electrobiologie\/#primaryimage"},"image":{"@id":"https:\/\/bien-etreiris.ch\/de\/produktpraesentation\/gesundes-leben\/electrobiologie\/#primaryimage"},"thumbnailUrl":"https:\/\/bien-etreiris.ch\/wp-content\/uploads\/2021\/04\/acceuil-10.jpg","datePublished":"2020-08-29T09:48:02+00:00","dateModified":"2023-10-29T00:10:59+00:00","breadcrumb":{"@id":"https:\/\/bien-etreiris.ch\/de\/produktpraesentation\/gesundes-leben\/electrobiologie\/#breadcrumb"},"inLanguage":"de","potentialAction":[{"@type":"ReadAction","target":["https:\/\/bien-etreiris.ch\/de\/produktpraesentation\/gesundes-leben\/electrobiologie\/"]}]},{"@type":"ImageObject","inLanguage":"de","@id":"https:\/\/bien-etreiris.ch\/de\/produktpraesentation\/gesundes-leben\/electrobiologie\/#primaryimage","url":"https:\/\/bien-etreiris.ch\/wp-content\/uploads\/2021\/04\/acceuil-10.jpg","contentUrl":"https:\/\/bien-etreiris.ch\/wp-content\/uploads\/2021\/04\/acceuil-10.jpg","width":500,"height":334},{"@type":"BreadcrumbList","@id":"https:\/\/bien-etreiris.ch\/de\/produktpraesentation\/gesundes-leben\/electrobiologie\/#breadcrumb","itemListElement":[{"@type":"ListItem","position":1,"name":"Home","item":"https:\/\/bien-etreiris.ch\/de\/"},{"@type":"ListItem","position":2,"name":"PRODUKTPR\u00c4SENTATION","item":"https:\/\/bien-etreiris.ch\/de\/produktpraesentation\/"},{"@type":"ListItem","position":3,"name":"GESUNDES LEBEN","item":"https:\/\/bien-etreiris.ch\/de\/produktpraesentation\/gesundes-leben\/"},{"@type":"ListItem","position":4,"name":"ELECTROBIOLOGIE"}]},{"@type":"WebSite","@id":"https:\/\/bien-etreiris.ch\/de\/#website","url":"https:\/\/bien-etreiris.ch\/de\/","name":"Bien-\u00eatre Iris","description":"IHRE Gesundheit ist uns wichtig","potentialAction":[{"@type":"SearchAction","target":{"@type":"EntryPoint","urlTemplate":"https:\/\/bien-etreiris.ch\/de\/?s={search_term_string}"},"query-input":{"@type":"PropertyValueSpecification","valueRequired":true,"valueName":"search_term_string"}}],"inLanguage":"de"}]}},"_links":{"self":[{"href":"https:\/\/bien-etreiris.ch\/de\/wp-json\/wp\/v2\/pages\/32553","targetHints":{"allow":["GET"]}}],"collection":[{"href":"https:\/\/bien-etreiris.ch\/de\/wp-json\/wp\/v2\/pages"}],"about":[{"href":"https:\/\/bien-etreiris.ch\/de\/wp-json\/wp\/v2\/types\/page"}],"author":[{"embeddable":true,"href":"https:\/\/bien-etreiris.ch\/de\/wp-json\/wp\/v2\/users\/1"}],"replies":[{"embeddable":true,"href":"https:\/\/bien-etreiris.ch\/de\/wp-json\/wp\/v2\/comments?post=32553"}],"version-history":[{"count":12,"href":"https:\/\/bien-etreiris.ch\/de\/wp-json\/wp\/v2\/pages\/32553\/revisions"}],"predecessor-version":[{"id":78840,"href":"https:\/\/bien-etreiris.ch\/de\/wp-json\/wp\/v2\/pages\/32553\/revisions\/78840"}],"up":[{"embeddable":true,"href":"https:\/\/bien-etreiris.ch\/de\/wp-json\/wp\/v2\/pages\/14839"}],"wp:featuredmedia":[{"embeddable":true,"href":"https:\/\/bien-etreiris.ch\/de\/wp-json\/wp\/v2\/media\/42634"}],"wp:attachment":[{"href":"https:\/\/bien-etreiris.ch\/de\/wp-json\/wp\/v2\/media?parent=32553"}],"curies":[{"name":"wp","href":"https:\/\/api.w.org\/{rel}","templated":true}]}}