{"id":32190,"date":"2020-09-17T20:16:36","date_gmt":"2020-09-17T20:16:36","guid":{"rendered":"https:\/\/bien-etreiris.ch\/dentifrice-solide\/"},"modified":"2021-05-28T14:26:25","modified_gmt":"2021-05-28T12:26:25","slug":"feste-zahnpasta","status":"publish","type":"page","link":"https:\/\/bien-etreiris.ch\/de\/produktpraesentation\/hygiene\/koerperpflege\/mundhygiene\/feste-zahnpasta\/","title":{"rendered":"FESTE ZAHNPASTA"},"content":{"rendered":"\n<h2 class=\"wp-block-heading\"> <br>Feste Bio-Zahnpasta - Gaiia<\/h2>\n\n\n<p><a href=\"https:\/\/decoiris.ch\/wp-content\/uploads\/2020\/09\/Dentifrice-solide-bio-Gaiia-1.png\"><img loading=\"lazy\" decoding=\"async\" class=\"size-medium wp-image-32185 alignleft\" src=\"https:\/\/decoiris.ch\/wp-content\/uploads\/2020\/09\/Dentifrice-solide-bio-Gaiia-1-300x171.png\" alt=\"\" width=\"300\" height=\"171\" srcset=\"https:\/\/bien-etreiris.ch\/wp-content\/uploads\/2020\/09\/Dentifrice-solide-bio-Gaiia-1-300x171.png 300w, https:\/\/bien-etreiris.ch\/wp-content\/uploads\/2020\/09\/Dentifrice-solide-bio-Gaiia-1-768x437.png 768w, https:\/\/bien-etreiris.ch\/wp-content\/uploads\/2020\/09\/Dentifrice-solide-bio-Gaiia-1.png 849w\" sizes=\"auto, (max-width: 300px) 100vw, 300px\" \/><\/a><\/p>\n<ul style=\"list-style-type: disc;\">\n<li>Super pratique<\/li>\n<li>Super gout<\/li>\n<li>Dure 4\/5 mois<\/li>\n<li>Menthol bio<\/li>\n<li>R\u00e9glisse bio<\/li>\n<li>Charbon actif bio<\/li>\n<li>Non abrasif<\/li>\n<li>Cosm\u00e9tique vegan<\/li>\n<\/ul>\n<p>&nbsp;1 pi\u00e8ces <strong>CHF 8.30<\/strong><\/p>\n<p><strong>SAUVEZ VOS DENTS AVEC LE SAVON DENTIFRICE MODERNE !<\/strong><\/p>\n<p>Des dents propres et une haleine fra\u00eeche \ud83d\ude42<\/p>\n<hr>\n<p><strong>Notre savon dentifrice solide bio&nbsp;est une autre alternative naturelle pour nettoyer vos dents.<\/strong><\/p>\n<ul>\n<li>Il a \u00e9t\u00e9 fabriqu\u00e9 par saponification \u00e0 froid.<\/li>\n<li>Sans aucune substance toxique ni abrasive.<\/li>\n<li>Naturellement riche en glyc\u00e9rine.<\/li>\n<li>Convient \u00e0 toutes les bouches.<\/li>\n<\/ul>\n<hr>\n<p><strong>MODE D\u2019EMPLOI :<\/strong><\/p>\n<p><em>Mouillez l\u00e9g\u00e8rement votre brosse \u00e0 dent et frottez l\u00e0 directement sur votre lingot de dentifrice.<br>Tr\u00e8s peu de mati\u00e8re suffit pour \u00eatre efficace. Brossez vos dents, rincez, souriez \ud83d\ude42<\/em><\/p>\n<hr>\n<p><strong>UN PEU D\u2019HISTOIRE ET NOTRE VISION DES CHOSES.<\/strong><\/p>\n<p>Le savon est utilis\u00e9 pour le brossage des dents depuis plus de 165 ans. Le tube de dentifrice a \u00e9t\u00e9 introduit dans les ann\u00e9es 1890 et contenait du savon. Mais le savon a \u00e9t\u00e9 enlev\u00e9 en 1946 et n\u2019est jamais revenu. Le savon a \u00e9t\u00e9 remplac\u00e9 par d\u2019autres ingr\u00e9dients comme le Sodium lauryl sulfate, un ingr\u00e9dient courant du dentifrice actuel.<\/p>\n<p>Le savon pur est toujours la meilleure chose \u00e0 utiliser sur les dents et les gencives et nous avons avons r\u00e9gl\u00e9 une fois pour toute le probl\u00e8me du go\u00fbt un peu sal\u00e9 du savon chez Gaiia \ud83d\ude42<\/p>\n<p>Nous disons non aux d\u00e9tergents de synth\u00e8se comme les SLS, SLMI et le SCI\u2026 Notre dentifrice solide bio \u00e0 base de savon saponifi\u00e9 \u00e0 froid est id\u00e9al pour maintenir des dents et des gencives saines.<\/p>\n<p>L\u2019objectif de l\u2019utilisation de notre savon dentifrice bio est le nettoyage en profondeur des dents et des gencives. Les soins bucco-dentaires ne se limitent pas \u00e0 blanchir les dents et \u00e0 pr\u00e9venir les caries. L\u2019\u00e9limination de la plaque doit \u00eatre prise au s\u00e9rieux. Tout comme se laver les mains avec du savon apr\u00e8s avoir utilis\u00e9 les toilettes est important pour \u00e9viter de propager des maladies, le brossage avec du savon pour nettoyer les d\u00e9bris alimentaires, la plaque et d\u2019autres contaminants des dents et des gencives est n\u00e9cessaire pour maintenir la sant\u00e9 g\u00e9n\u00e9rale du corps.<\/p>\n<hr>\n<p><img loading=\"lazy\" decoding=\"async\" class=\"alignleft size-full wp-image-45542 lazyloaded\" src=\"https:\/\/mk0gaiia8e9boe9i9wc.kinstacdn.com\/wp-content\/uploads\/2017\/03\/vegan-gaiia.jpg.webp\" alt=\"\" data-ll-status=\"loaded\" width=\"100\" height=\"64\">Un <strong>cosm\u00e9tique V\u00e9gan<\/strong> ne contient&nbsp;aucun ingr\u00e9dient d\u2019origine animale.<br>Un <strong>cosm\u00e9tique V\u00e9gan<\/strong> n\u2019a jamais fait l\u2019objet de tests (ingr\u00e9dients ou produit fini) sur les animaux.<\/p>\n<p>&nbsp;<\/p>\n<hr>\n<p><strong>LES INGREDIENTS DE NOTRE DENTIFRICE SOLIDE BIO<\/strong><\/p>\n<p><strong>COMPOSITION :<\/strong><br>Huile v\u00e9g\u00e9tale de Tournesol Bio, Eau, Glycerine Bio, Menthol Bio, Poudre de Charbon de Coco Bio, Poudre de r\u00e9glisse Bio, Huile essentielle de Menthe Poivr\u00e9e, de Citron vert et de Verveine des Indes.<\/p>\n<p><em>* Ingr\u00e9dient issu de l\u2019agriculture biologique<\/em><\/p>\n<p><strong>INGREDIENTS (INCI) :<\/strong><br>Sodium sunflowerseedate**, Aqua, Glycerin**, Helianthus annuus seed oil*, Menthol*, Charcoal powder*, Glycyrrhiza glabra root powder*, Mentha piperita oil*, Citrus aurantifolia oil*, Cymbopogon citratus oil*, Linalool***, Limonene***, Geraniol***, Citral***.<\/p>\n<p>*&nbsp; &nbsp; &nbsp; Ingr\u00e9dients issus de l\u2019Agriculture Biologique.<br>**&nbsp; &nbsp; Transform\u00e9s \u00e0 partir d\u2019ingr\u00e9dients biologiques.<br>*** Constituants naturels des huiles essentielles.<\/p>\n<p><em>Parfum\u00e9 uniquement aux huiles essentielles !<\/em><\/p>\n<p>&nbsp;<\/p>\n<h4><strong><span class=\"trail-end\">RECHARGE DENTIFRICE SOLIDE BIO<\/span><\/strong><\/h4>\n<p>1 pi\u00e8ce <strong>CHF 7.30<\/strong><\/p>","protected":false},"excerpt":{"rendered":"<p>Feste Bio-Zahnpasta - Gaiia Super pratique Super gout Dure 4\/5 mois Menthol bio R\u00e9glisse bio Charbon actif bio Non abrasif Cosm\u00e9tique vegan &nbsp;1 pi\u00e8ces CHF 8.30 SAUVEZ VOS DENTS AVEC LE SAVON DENTIFRICE MODERNE ! Des dents propres et une haleine fra\u00eeche \ud83d\ude42 Notre savon dentifrice solide bio&nbsp;est une autre alternative naturelle pour nettoyer vos dents. Il a \u00e9t\u00e9 fabriqu\u00e9&nbsp;<a href=\"https:\/\/bien-etreiris.ch\/de\/produktpraesentation\/hygiene\/koerperpflege\/mundhygiene\/feste-zahnpasta\/\" class=\"read-more\">Weiter lesen<\/a><\/p>\n","protected":false},"author":1,"featured_media":32184,"parent":47838,"menu_order":7020,"comment_status":"closed","ping_status":"closed","template":"page-with-child.php","meta":{"_acf_changed":false,"ngg_post_thumbnail":0,"footnotes":""},"class_list":["post-32190","page","type-page","status-publish","has-post-thumbnail","hentry"],"acf":[],"yoast_head":"<!-- This site is optimized with the Yoast SEO plugin v27.5 - https:\/\/yoast.com\/product\/yoast-seo-wordpress\/ -->\n<title>FESTE ZAHNPASTA - WOHLBEFINDEN<\/title>\n<meta name=\"robots\" content=\"index, follow, max-snippet:-1, max-image-preview:large, max-video-preview:-1\" \/>\n<link rel=\"canonical\" href=\"https:\/\/bien-etreiris.ch\/de\/produktpraesentation\/hygiene\/koerperpflege\/mundhygiene\/feste-zahnpasta\/\" \/>\n<meta property=\"og:locale\" content=\"de_DE\" \/>\n<meta property=\"og:type\" content=\"article\" \/>\n<meta property=\"og:title\" content=\"FESTE ZAHNPASTA - WOHLBEFINDEN\" \/>\n<meta property=\"og:description\" content=\"Feste Bio-Zahnpasta - Gaiia Super pratique Super gout Dure 4\/5 mois Menthol bio R\u00e9glisse bio Charbon actif bio Non abrasif Cosm\u00e9tique vegan &nbsp;1 pi\u00e8ces CHF 8.30 SAUVEZ VOS DENTS AVEC LE SAVON DENTIFRICE MODERNE ! Des dents propres et une haleine fra\u00eeche \ud83d\ude42 Notre savon dentifrice solide bio&nbsp;est une autre alternative naturelle pour nettoyer vos dents. Il a \u00e9t\u00e9 fabriqu\u00e9&nbsp;Weiter lesen\" \/>\n<meta property=\"og:url\" content=\"https:\/\/bien-etreiris.ch\/de\/produktpraesentation\/hygiene\/koerperpflege\/mundhygiene\/feste-zahnpasta\/\" \/>\n<meta property=\"og:site_name\" content=\"WOHLBEFINDEN\" \/>\n<meta property=\"article:publisher\" content=\"https:\/\/www.facebook.com\/bienetreiris\/\" \/>\n<meta property=\"article:modified_time\" content=\"2021-05-28T12:26:25+00:00\" \/>\n<meta property=\"og:image\" content=\"https:\/\/bien-etreiris.ch\/wp-content\/uploads\/2020\/09\/Dentifrice-solide-bio-Gaiia.png\" \/>\n\t<meta property=\"og:image:width\" content=\"550\" \/>\n\t<meta property=\"og:image:height\" content=\"301\" \/>\n\t<meta property=\"og:image:type\" content=\"image\/png\" \/>\n<meta name=\"twitter:label1\" content=\"Gesch\u00e4tzte Lesezeit\" \/>\n\t<meta name=\"twitter:data1\" content=\"3\u00a0Minuten\" \/>\n<script type=\"application\/ld+json\" class=\"yoast-schema-graph\">{\"@context\":\"https:\\\/\\\/schema.org\",\"@graph\":[{\"@type\":\"WebPage\",\"@id\":\"https:\\\/\\\/bien-etreiris.ch\\\/de\\\/produktpraesentation\\\/hygiene\\\/koerperpflege\\\/mundhygiene\\\/feste-zahnpasta\\\/\",\"url\":\"https:\\\/\\\/bien-etreiris.ch\\\/de\\\/produktpraesentation\\\/hygiene\\\/koerperpflege\\\/mundhygiene\\\/feste-zahnpasta\\\/\",\"name\":\"FESTE ZAHNPASTA - WOHLBEFINDEN\",\"isPartOf\":{\"@id\":\"https:\\\/\\\/bien-etreiris.ch\\\/de\\\/#website\"},\"primaryImageOfPage\":{\"@id\":\"https:\\\/\\\/bien-etreiris.ch\\\/de\\\/produktpraesentation\\\/hygiene\\\/koerperpflege\\\/mundhygiene\\\/feste-zahnpasta\\\/#primaryimage\"},\"image\":{\"@id\":\"https:\\\/\\\/bien-etreiris.ch\\\/de\\\/produktpraesentation\\\/hygiene\\\/koerperpflege\\\/mundhygiene\\\/feste-zahnpasta\\\/#primaryimage\"},\"thumbnailUrl\":\"https:\\\/\\\/bien-etreiris.ch\\\/wp-content\\\/uploads\\\/2020\\\/09\\\/Dentifrice-solide-bio-Gaiia.png\",\"datePublished\":\"2020-09-17T20:16:36+00:00\",\"dateModified\":\"2021-05-28T12:26:25+00:00\",\"breadcrumb\":{\"@id\":\"https:\\\/\\\/bien-etreiris.ch\\\/de\\\/produktpraesentation\\\/hygiene\\\/koerperpflege\\\/mundhygiene\\\/feste-zahnpasta\\\/#breadcrumb\"},\"inLanguage\":\"de\",\"potentialAction\":[{\"@type\":\"ReadAction\",\"target\":[\"https:\\\/\\\/bien-etreiris.ch\\\/de\\\/produktpraesentation\\\/hygiene\\\/koerperpflege\\\/mundhygiene\\\/feste-zahnpasta\\\/\"]}]},{\"@type\":\"ImageObject\",\"inLanguage\":\"de\",\"@id\":\"https:\\\/\\\/bien-etreiris.ch\\\/de\\\/produktpraesentation\\\/hygiene\\\/koerperpflege\\\/mundhygiene\\\/feste-zahnpasta\\\/#primaryimage\",\"url\":\"https:\\\/\\\/bien-etreiris.ch\\\/wp-content\\\/uploads\\\/2020\\\/09\\\/Dentifrice-solide-bio-Gaiia.png\",\"contentUrl\":\"https:\\\/\\\/bien-etreiris.ch\\\/wp-content\\\/uploads\\\/2020\\\/09\\\/Dentifrice-solide-bio-Gaiia.png\",\"width\":550,\"height\":301},{\"@type\":\"BreadcrumbList\",\"@id\":\"https:\\\/\\\/bien-etreiris.ch\\\/de\\\/produktpraesentation\\\/hygiene\\\/koerperpflege\\\/mundhygiene\\\/feste-zahnpasta\\\/#breadcrumb\",\"itemListElement\":[{\"@type\":\"ListItem\",\"position\":1,\"name\":\"Home\",\"item\":\"https:\\\/\\\/bien-etreiris.ch\\\/de\\\/\"},{\"@type\":\"ListItem\",\"position\":2,\"name\":\"PRODUKTPR\u00c4SENTATION\",\"item\":\"https:\\\/\\\/bien-etreiris.ch\\\/de\\\/produktpraesentation\\\/\"},{\"@type\":\"ListItem\",\"position\":3,\"name\":\"HYGIENE\",\"item\":\"https:\\\/\\\/bien-etreiris.ch\\\/de\\\/produktpraesentation\\\/hygiene\\\/\"},{\"@type\":\"ListItem\",\"position\":4,\"name\":\"K\u00d6RPERPFLEGE\",\"item\":\"https:\\\/\\\/bien-etreiris.ch\\\/de\\\/produktpraesentation\\\/hygiene\\\/koerperpflege\\\/\"},{\"@type\":\"ListItem\",\"position\":5,\"name\":\"MUNDHYGIENE\",\"item\":\"https:\\\/\\\/bien-etreiris.ch\\\/de\\\/produktpraesentation\\\/hygiene\\\/koerperpflege\\\/mundhygiene\\\/\"},{\"@type\":\"ListItem\",\"position\":6,\"name\":\"FESTE ZAHNPASTA\"}]},{\"@type\":\"WebSite\",\"@id\":\"https:\\\/\\\/bien-etreiris.ch\\\/de\\\/#website\",\"url\":\"https:\\\/\\\/bien-etreiris.ch\\\/de\\\/\",\"name\":\"Bien-\u00eatre Iris\",\"description\":\"IHRE Gesundheit ist uns wichtig\",\"potentialAction\":[{\"@type\":\"SearchAction\",\"target\":{\"@type\":\"EntryPoint\",\"urlTemplate\":\"https:\\\/\\\/bien-etreiris.ch\\\/de\\\/?s={search_term_string}\"},\"query-input\":{\"@type\":\"PropertyValueSpecification\",\"valueRequired\":true,\"valueName\":\"search_term_string\"}}],\"inLanguage\":\"de\"}]}<\/script>\n<!-- \/ Yoast SEO plugin. -->","yoast_head_json":{"title":"FESTE ZAHNPASTA - WOHLBEFINDEN","robots":{"index":"index","follow":"follow","max-snippet":"max-snippet:-1","max-image-preview":"max-image-preview:large","max-video-preview":"max-video-preview:-1"},"canonical":"https:\/\/bien-etreiris.ch\/de\/produktpraesentation\/hygiene\/koerperpflege\/mundhygiene\/feste-zahnpasta\/","og_locale":"de_DE","og_type":"article","og_title":"FESTE ZAHNPASTA - WOHLBEFINDEN","og_description":"Feste Bio-Zahnpasta - Gaiia Super pratique Super gout Dure 4\/5 mois Menthol bio R\u00e9glisse bio Charbon actif bio Non abrasif Cosm\u00e9tique vegan &nbsp;1 pi\u00e8ces CHF 8.30 SAUVEZ VOS DENTS AVEC LE SAVON DENTIFRICE MODERNE ! Des dents propres et une haleine fra\u00eeche \ud83d\ude42 Notre savon dentifrice solide bio&nbsp;est une autre alternative naturelle pour nettoyer vos dents. Il a \u00e9t\u00e9 fabriqu\u00e9&nbsp;Weiter lesen","og_url":"https:\/\/bien-etreiris.ch\/de\/produktpraesentation\/hygiene\/koerperpflege\/mundhygiene\/feste-zahnpasta\/","og_site_name":"WOHLBEFINDEN","article_publisher":"https:\/\/www.facebook.com\/bienetreiris\/","article_modified_time":"2021-05-28T12:26:25+00:00","og_image":[{"width":550,"height":301,"url":"https:\/\/bien-etreiris.ch\/wp-content\/uploads\/2020\/09\/Dentifrice-solide-bio-Gaiia.png","type":"image\/png"}],"twitter_misc":{"Gesch\u00e4tzte Lesezeit":"3\u00a0Minuten"},"schema":{"@context":"https:\/\/schema.org","@graph":[{"@type":"WebPage","@id":"https:\/\/bien-etreiris.ch\/de\/produktpraesentation\/hygiene\/koerperpflege\/mundhygiene\/feste-zahnpasta\/","url":"https:\/\/bien-etreiris.ch\/de\/produktpraesentation\/hygiene\/koerperpflege\/mundhygiene\/feste-zahnpasta\/","name":"FESTE ZAHNPASTA - WOHLBEFINDEN","isPartOf":{"@id":"https:\/\/bien-etreiris.ch\/de\/#website"},"primaryImageOfPage":{"@id":"https:\/\/bien-etreiris.ch\/de\/produktpraesentation\/hygiene\/koerperpflege\/mundhygiene\/feste-zahnpasta\/#primaryimage"},"image":{"@id":"https:\/\/bien-etreiris.ch\/de\/produktpraesentation\/hygiene\/koerperpflege\/mundhygiene\/feste-zahnpasta\/#primaryimage"},"thumbnailUrl":"https:\/\/bien-etreiris.ch\/wp-content\/uploads\/2020\/09\/Dentifrice-solide-bio-Gaiia.png","datePublished":"2020-09-17T20:16:36+00:00","dateModified":"2021-05-28T12:26:25+00:00","breadcrumb":{"@id":"https:\/\/bien-etreiris.ch\/de\/produktpraesentation\/hygiene\/koerperpflege\/mundhygiene\/feste-zahnpasta\/#breadcrumb"},"inLanguage":"de","potentialAction":[{"@type":"ReadAction","target":["https:\/\/bien-etreiris.ch\/de\/produktpraesentation\/hygiene\/koerperpflege\/mundhygiene\/feste-zahnpasta\/"]}]},{"@type":"ImageObject","inLanguage":"de","@id":"https:\/\/bien-etreiris.ch\/de\/produktpraesentation\/hygiene\/koerperpflege\/mundhygiene\/feste-zahnpasta\/#primaryimage","url":"https:\/\/bien-etreiris.ch\/wp-content\/uploads\/2020\/09\/Dentifrice-solide-bio-Gaiia.png","contentUrl":"https:\/\/bien-etreiris.ch\/wp-content\/uploads\/2020\/09\/Dentifrice-solide-bio-Gaiia.png","width":550,"height":301},{"@type":"BreadcrumbList","@id":"https:\/\/bien-etreiris.ch\/de\/produktpraesentation\/hygiene\/koerperpflege\/mundhygiene\/feste-zahnpasta\/#breadcrumb","itemListElement":[{"@type":"ListItem","position":1,"name":"Home","item":"https:\/\/bien-etreiris.ch\/de\/"},{"@type":"ListItem","position":2,"name":"PRODUKTPR\u00c4SENTATION","item":"https:\/\/bien-etreiris.ch\/de\/produktpraesentation\/"},{"@type":"ListItem","position":3,"name":"HYGIENE","item":"https:\/\/bien-etreiris.ch\/de\/produktpraesentation\/hygiene\/"},{"@type":"ListItem","position":4,"name":"K\u00d6RPERPFLEGE","item":"https:\/\/bien-etreiris.ch\/de\/produktpraesentation\/hygiene\/koerperpflege\/"},{"@type":"ListItem","position":5,"name":"MUNDHYGIENE","item":"https:\/\/bien-etreiris.ch\/de\/produktpraesentation\/hygiene\/koerperpflege\/mundhygiene\/"},{"@type":"ListItem","position":6,"name":"FESTE ZAHNPASTA"}]},{"@type":"WebSite","@id":"https:\/\/bien-etreiris.ch\/de\/#website","url":"https:\/\/bien-etreiris.ch\/de\/","name":"Bien-\u00eatre Iris","description":"IHRE Gesundheit ist uns wichtig","potentialAction":[{"@type":"SearchAction","target":{"@type":"EntryPoint","urlTemplate":"https:\/\/bien-etreiris.ch\/de\/?s={search_term_string}"},"query-input":{"@type":"PropertyValueSpecification","valueRequired":true,"valueName":"search_term_string"}}],"inLanguage":"de"}]}},"_links":{"self":[{"href":"https:\/\/bien-etreiris.ch\/de\/wp-json\/wp\/v2\/pages\/32190","targetHints":{"allow":["GET"]}}],"collection":[{"href":"https:\/\/bien-etreiris.ch\/de\/wp-json\/wp\/v2\/pages"}],"about":[{"href":"https:\/\/bien-etreiris.ch\/de\/wp-json\/wp\/v2\/types\/page"}],"author":[{"embeddable":true,"href":"https:\/\/bien-etreiris.ch\/de\/wp-json\/wp\/v2\/users\/1"}],"replies":[{"embeddable":true,"href":"https:\/\/bien-etreiris.ch\/de\/wp-json\/wp\/v2\/comments?post=32190"}],"version-history":[{"count":5,"href":"https:\/\/bien-etreiris.ch\/de\/wp-json\/wp\/v2\/pages\/32190\/revisions"}],"predecessor-version":[{"id":47851,"href":"https:\/\/bien-etreiris.ch\/de\/wp-json\/wp\/v2\/pages\/32190\/revisions\/47851"}],"up":[{"embeddable":true,"href":"https:\/\/bien-etreiris.ch\/de\/wp-json\/wp\/v2\/pages\/47838"}],"wp:featuredmedia":[{"embeddable":true,"href":"https:\/\/bien-etreiris.ch\/de\/wp-json\/wp\/v2\/media\/32184"}],"wp:attachment":[{"href":"https:\/\/bien-etreiris.ch\/de\/wp-json\/wp\/v2\/media?parent=32190"}],"curies":[{"name":"wp","href":"https:\/\/api.w.org\/{rel}","templated":true}]}}