{"id":30677,"date":"2020-01-05T11:46:33","date_gmt":"2020-01-05T11:46:33","guid":{"rendered":"https:\/\/bien-etreiris.ch\/wohlbefinden\/naturliche-heilmittel\/infusions\/"},"modified":"2021-06-08T16:58:31","modified_gmt":"2021-06-08T14:58:31","slug":"kraeuter-und-pflanzen","status":"publish","type":"page","link":"https:\/\/bien-etreiris.ch\/de\/produktpraesentation\/gesundes-leben\/nahrungsergaenzungsmittel\/pflanzenheilkunde-gleichgewicht-durch-heilpflanzen\/kraeuter-und-pflanzen\/","title":{"rendered":"KR\u00c4UTER &#038; PFLANZEN"},"content":{"rendered":"\n<h2 class=\"wp-block-heading\">Rinde, Bl\u00e4tter, Bl\u00fcten, Fr\u00fcchte, Samen und Wurzeln nach Gewicht nur in loser Ausf\u00fchrung<\/h2>\n\n\n\n<p><\/p>\n\n\n\n<h2 class=\"wp-block-heading\">Die Vorteile von vollwertigen Trockenpflanzen sind zahlreich, insbesondere in Bezug auf Schlaf, Verdauung, Abnehmen, Anti-Stress <\/h2>\n\n\n<p><span class=\"tlid-translation translation\" lang=\"de\"><span title=\"\">Unterst\u00fctzen Sie Ihre Leber und Ihren Darm auf nat\u00fcrliche Weise mit Infusionen<\/span><\/span><\/p>\n<p><span title=\"\">Die Vorteile von Thymian und Ingwer f\u00fcr die Atemwege<\/span><\/p>\n<p><span title=\"\">Reinigen Sie Ihren K\u00f6rper mit einer Tulsi-Infusion<\/span><\/p>\n<p><span title=\"\">Abnehmen von Aufguss und Kr\u00e4utertee, um eine Geisha-Gr\u00f6\u00dfe wiederzugewinnen<\/span><\/p>\n<p><span title=\"\">Infusion zur Verdauung: die Vorteile asiatischer Gew\u00fcrze<\/span><\/p>\n<p><span class=\"\" title=\"\">Schlafst\u00f6rungen: Pflanzen, die uns helfen, besser zu schlafen<\/span><\/p>\n<p><a href=\"https:\/\/decoiris.ch\/wp-content\/uploads\/2020\/01\/titre-infusions-2.png\"><img loading=\"lazy\" decoding=\"async\" class=\"alignnone size-medium wp-image-30428\" src=\"https:\/\/decoiris.ch\/wp-content\/uploads\/2020\/01\/titre-infusions-2-300x195.png\" alt=\"\" width=\"300\" height=\"195\" srcset=\"https:\/\/bien-etreiris.ch\/wp-content\/uploads\/2020\/01\/titre-infusions-2-300x195.png 300w, https:\/\/bien-etreiris.ch\/wp-content\/uploads\/2020\/01\/titre-infusions-2.png 611w\" sizes=\"auto, (max-width: 300px) 100vw, 300px\" \/> &nbsp; <\/a><a href=\"https:\/\/decoiris.ch\/wp-content\/uploads\/2020\/01\/titre-infusions.png\"><img loading=\"lazy\" decoding=\"async\" class=\"alignnone wp-image-30420 \" src=\"https:\/\/decoiris.ch\/wp-content\/uploads\/2020\/01\/titre-infusions.png\" alt=\"\" width=\"301\" height=\"200\" srcset=\"https:\/\/bien-etreiris.ch\/wp-content\/uploads\/2020\/01\/titre-infusions.png 342w, https:\/\/bien-etreiris.ch\/wp-content\/uploads\/2020\/01\/titre-infusions-300x200.png 300w\" sizes=\"auto, (max-width: 301px) 100vw, 301px\" \/> &nbsp; <\/a><a href=\"https:\/\/decoiris.ch\/wp-content\/uploads\/2020\/01\/titre-infusions-1.png\"><img loading=\"lazy\" decoding=\"async\" class=\"alignnone size-medium wp-image-30425\" src=\"https:\/\/decoiris.ch\/wp-content\/uploads\/2020\/01\/titre-infusions-1-300x182.png\" alt=\"\" width=\"300\" height=\"182\" srcset=\"https:\/\/bien-etreiris.ch\/wp-content\/uploads\/2020\/01\/titre-infusions-1-300x182.png 300w, https:\/\/bien-etreiris.ch\/wp-content\/uploads\/2020\/01\/titre-infusions-1-370x226.png 370w, https:\/\/bien-etreiris.ch\/wp-content\/uploads\/2020\/01\/titre-infusions-1.png 597w\" sizes=\"auto, (max-width: 300px) 100vw, 300px\" \/><\/a><\/p>\n<p><strong>&nbsp;<\/strong><\/p>\n\n\n<p> <br> <br>Sie m\u00fcssen dem Geschmack der Natur nicht k\u00fcnstlich helfen. Keine Farbstoffe, k\u00fcnstlichen aromatischen Zus\u00e4tze oder gar Konservierungsmittel verderben den SONNENTOR-Geschmack. Originelle B\u00f6den, ein sensibler Umgang mit der Natur und die langj\u00e4hrige Erfahrung machen die Produkte von SONNENTOR zu nat\u00fcrlichen und authentischen Lebensmitteln.<br><br>Die Kr\u00e4uter und Gew\u00fcrze werden von unseren Biobauern an bestimmten Tagen schonend geerntet, nicht \u00fcber 40 Grad Celsius getrocknet und von Hand schonend in S\u00e4cke verpackt. Die gro\u00dfen Bl\u00e4tter sind ein Merkmal dieser Langzeitarbeit. Sie k\u00f6nnen diese zus\u00e4tzliche Anstrengung sp\u00fcren und schmecken, da die gesamten Bl\u00e4tter viele \u00e4therische \u00d6le enthalten. Brechen Sie die Kr\u00e4uter kurz vor dem Gebrauch, um ihr Aroma zu entwirren <\/p>\n","protected":false},"excerpt":{"rendered":"<p>Rinde, Bl\u00e4tter, Bl\u00fcten, Fr\u00fcchte, Samen und Wurzeln nach Gewicht nur in loser Ausf\u00fchrung Die Vorteile von vollwertigen Trockenpflanzen sind zahlreich, insbesondere in Bezug auf Schlaf, Verdauung, Abnehmen, Anti-Stress Unterst\u00fctzen Sie Ihre Leber und Ihren Darm auf nat\u00fcrliche Weise mit Infusionen Die Vorteile von Thymian und Ingwer f\u00fcr die Atemwege Reinigen Sie Ihren K\u00f6rper mit einer Tulsi-Infusion Abnehmen von Aufguss und&nbsp;<a href=\"https:\/\/bien-etreiris.ch\/de\/produktpraesentation\/gesundes-leben\/nahrungsergaenzungsmittel\/pflanzenheilkunde-gleichgewicht-durch-heilpflanzen\/kraeuter-und-pflanzen\/\" class=\"read-more\">Weiter lesen<\/a><\/p>\n","protected":false},"author":1,"featured_media":30417,"parent":56768,"menu_order":7198,"comment_status":"closed","ping_status":"closed","template":"page-with-child.php","meta":{"_acf_changed":false,"ngg_post_thumbnail":0,"footnotes":""},"class_list":["post-30677","page","type-page","status-publish","has-post-thumbnail","hentry"],"acf":[],"yoast_head":"<!-- This site is optimized with the Yoast SEO plugin v27.6 - https:\/\/yoast.com\/product\/yoast-seo-wordpress\/ -->\n<title>KR\u00c4UTER &amp; PFLANZEN - WOHLBEFINDEN<\/title>\n<meta name=\"robots\" content=\"index, follow, max-snippet:-1, max-image-preview:large, max-video-preview:-1\" \/>\n<link rel=\"canonical\" href=\"https:\/\/bien-etreiris.ch\/de\/produktpraesentation\/gesundes-leben\/nahrungsergaenzungsmittel\/pflanzenheilkunde-gleichgewicht-durch-heilpflanzen\/kraeuter-und-pflanzen\/\" \/>\n<meta property=\"og:locale\" content=\"de_DE\" \/>\n<meta property=\"og:type\" content=\"article\" \/>\n<meta property=\"og:title\" content=\"KR\u00c4UTER &amp; PFLANZEN - WOHLBEFINDEN\" \/>\n<meta property=\"og:description\" content=\"Rinde, Bl\u00e4tter, Bl\u00fcten, Fr\u00fcchte, Samen und Wurzeln nach Gewicht nur in loser Ausf\u00fchrung Die Vorteile von vollwertigen Trockenpflanzen sind zahlreich, insbesondere in Bezug auf Schlaf, Verdauung, Abnehmen, Anti-Stress Unterst\u00fctzen Sie Ihre Leber und Ihren Darm auf nat\u00fcrliche Weise mit Infusionen Die Vorteile von Thymian und Ingwer f\u00fcr die Atemwege Reinigen Sie Ihren K\u00f6rper mit einer Tulsi-Infusion Abnehmen von Aufguss und&nbsp;Weiter lesen\" \/>\n<meta property=\"og:url\" content=\"https:\/\/bien-etreiris.ch\/de\/produktpraesentation\/gesundes-leben\/nahrungsergaenzungsmittel\/pflanzenheilkunde-gleichgewicht-durch-heilpflanzen\/kraeuter-und-pflanzen\/\" \/>\n<meta property=\"og:site_name\" content=\"WOHLBEFINDEN\" \/>\n<meta property=\"article:publisher\" content=\"https:\/\/www.facebook.com\/bienetreiris\/\" \/>\n<meta property=\"article:modified_time\" content=\"2021-06-08T14:58:31+00:00\" \/>\n<meta property=\"og:image\" content=\"https:\/\/bien-etreiris.ch\/wp-content\/uploads\/2020\/01\/acceuil-infusions.jpg\" \/>\n\t<meta property=\"og:image:width\" content=\"550\" \/>\n\t<meta property=\"og:image:height\" content=\"367\" \/>\n\t<meta property=\"og:image:type\" content=\"image\/jpeg\" \/>\n<meta name=\"twitter:label1\" content=\"Gesch\u00e4tzte Lesezeit\" \/>\n\t<meta name=\"twitter:data1\" content=\"2\u00a0Minuten\" \/>\n<script type=\"application\/ld+json\" class=\"yoast-schema-graph\">{\"@context\":\"https:\\\/\\\/schema.org\",\"@graph\":[{\"@type\":\"WebPage\",\"@id\":\"https:\\\/\\\/bien-etreiris.ch\\\/de\\\/produktpraesentation\\\/gesundes-leben\\\/nahrungsergaenzungsmittel\\\/pflanzenheilkunde-gleichgewicht-durch-heilpflanzen\\\/kraeuter-und-pflanzen\\\/\",\"url\":\"https:\\\/\\\/bien-etreiris.ch\\\/de\\\/produktpraesentation\\\/gesundes-leben\\\/nahrungsergaenzungsmittel\\\/pflanzenheilkunde-gleichgewicht-durch-heilpflanzen\\\/kraeuter-und-pflanzen\\\/\",\"name\":\"KR\u00c4UTER & PFLANZEN - WOHLBEFINDEN\",\"isPartOf\":{\"@id\":\"https:\\\/\\\/bien-etreiris.ch\\\/de\\\/#website\"},\"primaryImageOfPage\":{\"@id\":\"https:\\\/\\\/bien-etreiris.ch\\\/de\\\/produktpraesentation\\\/gesundes-leben\\\/nahrungsergaenzungsmittel\\\/pflanzenheilkunde-gleichgewicht-durch-heilpflanzen\\\/kraeuter-und-pflanzen\\\/#primaryimage\"},\"image\":{\"@id\":\"https:\\\/\\\/bien-etreiris.ch\\\/de\\\/produktpraesentation\\\/gesundes-leben\\\/nahrungsergaenzungsmittel\\\/pflanzenheilkunde-gleichgewicht-durch-heilpflanzen\\\/kraeuter-und-pflanzen\\\/#primaryimage\"},\"thumbnailUrl\":\"https:\\\/\\\/bien-etreiris.ch\\\/wp-content\\\/uploads\\\/2020\\\/01\\\/acceuil-infusions.jpg\",\"datePublished\":\"2020-01-05T11:46:33+00:00\",\"dateModified\":\"2021-06-08T14:58:31+00:00\",\"breadcrumb\":{\"@id\":\"https:\\\/\\\/bien-etreiris.ch\\\/de\\\/produktpraesentation\\\/gesundes-leben\\\/nahrungsergaenzungsmittel\\\/pflanzenheilkunde-gleichgewicht-durch-heilpflanzen\\\/kraeuter-und-pflanzen\\\/#breadcrumb\"},\"inLanguage\":\"de\",\"potentialAction\":[{\"@type\":\"ReadAction\",\"target\":[\"https:\\\/\\\/bien-etreiris.ch\\\/de\\\/produktpraesentation\\\/gesundes-leben\\\/nahrungsergaenzungsmittel\\\/pflanzenheilkunde-gleichgewicht-durch-heilpflanzen\\\/kraeuter-und-pflanzen\\\/\"]}]},{\"@type\":\"ImageObject\",\"inLanguage\":\"de\",\"@id\":\"https:\\\/\\\/bien-etreiris.ch\\\/de\\\/produktpraesentation\\\/gesundes-leben\\\/nahrungsergaenzungsmittel\\\/pflanzenheilkunde-gleichgewicht-durch-heilpflanzen\\\/kraeuter-und-pflanzen\\\/#primaryimage\",\"url\":\"https:\\\/\\\/bien-etreiris.ch\\\/wp-content\\\/uploads\\\/2020\\\/01\\\/acceuil-infusions.jpg\",\"contentUrl\":\"https:\\\/\\\/bien-etreiris.ch\\\/wp-content\\\/uploads\\\/2020\\\/01\\\/acceuil-infusions.jpg\",\"width\":550,\"height\":367},{\"@type\":\"BreadcrumbList\",\"@id\":\"https:\\\/\\\/bien-etreiris.ch\\\/de\\\/produktpraesentation\\\/gesundes-leben\\\/nahrungsergaenzungsmittel\\\/pflanzenheilkunde-gleichgewicht-durch-heilpflanzen\\\/kraeuter-und-pflanzen\\\/#breadcrumb\",\"itemListElement\":[{\"@type\":\"ListItem\",\"position\":1,\"name\":\"Home\",\"item\":\"https:\\\/\\\/bien-etreiris.ch\\\/de\\\/\"},{\"@type\":\"ListItem\",\"position\":2,\"name\":\"PRODUKTPR\u00c4SENTATION\",\"item\":\"https:\\\/\\\/bien-etreiris.ch\\\/de\\\/produktpraesentation\\\/\"},{\"@type\":\"ListItem\",\"position\":3,\"name\":\"GESUNDES LEBEN\",\"item\":\"https:\\\/\\\/bien-etreiris.ch\\\/de\\\/produktpraesentation\\\/gesundes-leben\\\/\"},{\"@type\":\"ListItem\",\"position\":4,\"name\":\"NAHRUNGSERG\u00c4NZUNG\",\"item\":\"https:\\\/\\\/bien-etreiris.ch\\\/de\\\/produktpraesentation\\\/gesundes-leben\\\/nahrungsergaenzungsmittel\\\/\"},{\"@type\":\"ListItem\",\"position\":5,\"name\":\"PFLANZENHEILKUNDE\",\"item\":\"https:\\\/\\\/bien-etreiris.ch\\\/de\\\/produktpraesentation\\\/gesundes-leben\\\/nahrungsergaenzungsmittel\\\/pflanzenheilkunde-gleichgewicht-durch-heilpflanzen\\\/\"},{\"@type\":\"ListItem\",\"position\":6,\"name\":\"KR\u00c4UTER &#038; PFLANZEN\"}]},{\"@type\":\"WebSite\",\"@id\":\"https:\\\/\\\/bien-etreiris.ch\\\/de\\\/#website\",\"url\":\"https:\\\/\\\/bien-etreiris.ch\\\/de\\\/\",\"name\":\"Bien-\u00eatre Iris\",\"description\":\"IHRE Gesundheit ist uns wichtig\",\"potentialAction\":[{\"@type\":\"SearchAction\",\"target\":{\"@type\":\"EntryPoint\",\"urlTemplate\":\"https:\\\/\\\/bien-etreiris.ch\\\/de\\\/?s={search_term_string}\"},\"query-input\":{\"@type\":\"PropertyValueSpecification\",\"valueRequired\":true,\"valueName\":\"search_term_string\"}}],\"inLanguage\":\"de\"}]}<\/script>\n<!-- \/ Yoast SEO plugin. -->","yoast_head_json":{"title":"KR\u00c4UTER & PFLANZEN - WOHLBEFINDEN","robots":{"index":"index","follow":"follow","max-snippet":"max-snippet:-1","max-image-preview":"max-image-preview:large","max-video-preview":"max-video-preview:-1"},"canonical":"https:\/\/bien-etreiris.ch\/de\/produktpraesentation\/gesundes-leben\/nahrungsergaenzungsmittel\/pflanzenheilkunde-gleichgewicht-durch-heilpflanzen\/kraeuter-und-pflanzen\/","og_locale":"de_DE","og_type":"article","og_title":"KR\u00c4UTER & PFLANZEN - WOHLBEFINDEN","og_description":"Rinde, Bl\u00e4tter, Bl\u00fcten, Fr\u00fcchte, Samen und Wurzeln nach Gewicht nur in loser Ausf\u00fchrung Die Vorteile von vollwertigen Trockenpflanzen sind zahlreich, insbesondere in Bezug auf Schlaf, Verdauung, Abnehmen, Anti-Stress Unterst\u00fctzen Sie Ihre Leber und Ihren Darm auf nat\u00fcrliche Weise mit Infusionen Die Vorteile von Thymian und Ingwer f\u00fcr die Atemwege Reinigen Sie Ihren K\u00f6rper mit einer Tulsi-Infusion Abnehmen von Aufguss und&nbsp;Weiter lesen","og_url":"https:\/\/bien-etreiris.ch\/de\/produktpraesentation\/gesundes-leben\/nahrungsergaenzungsmittel\/pflanzenheilkunde-gleichgewicht-durch-heilpflanzen\/kraeuter-und-pflanzen\/","og_site_name":"WOHLBEFINDEN","article_publisher":"https:\/\/www.facebook.com\/bienetreiris\/","article_modified_time":"2021-06-08T14:58:31+00:00","og_image":[{"width":550,"height":367,"url":"https:\/\/bien-etreiris.ch\/wp-content\/uploads\/2020\/01\/acceuil-infusions.jpg","type":"image\/jpeg"}],"twitter_misc":{"Gesch\u00e4tzte Lesezeit":"2\u00a0Minuten"},"schema":{"@context":"https:\/\/schema.org","@graph":[{"@type":"WebPage","@id":"https:\/\/bien-etreiris.ch\/de\/produktpraesentation\/gesundes-leben\/nahrungsergaenzungsmittel\/pflanzenheilkunde-gleichgewicht-durch-heilpflanzen\/kraeuter-und-pflanzen\/","url":"https:\/\/bien-etreiris.ch\/de\/produktpraesentation\/gesundes-leben\/nahrungsergaenzungsmittel\/pflanzenheilkunde-gleichgewicht-durch-heilpflanzen\/kraeuter-und-pflanzen\/","name":"KR\u00c4UTER & PFLANZEN - WOHLBEFINDEN","isPartOf":{"@id":"https:\/\/bien-etreiris.ch\/de\/#website"},"primaryImageOfPage":{"@id":"https:\/\/bien-etreiris.ch\/de\/produktpraesentation\/gesundes-leben\/nahrungsergaenzungsmittel\/pflanzenheilkunde-gleichgewicht-durch-heilpflanzen\/kraeuter-und-pflanzen\/#primaryimage"},"image":{"@id":"https:\/\/bien-etreiris.ch\/de\/produktpraesentation\/gesundes-leben\/nahrungsergaenzungsmittel\/pflanzenheilkunde-gleichgewicht-durch-heilpflanzen\/kraeuter-und-pflanzen\/#primaryimage"},"thumbnailUrl":"https:\/\/bien-etreiris.ch\/wp-content\/uploads\/2020\/01\/acceuil-infusions.jpg","datePublished":"2020-01-05T11:46:33+00:00","dateModified":"2021-06-08T14:58:31+00:00","breadcrumb":{"@id":"https:\/\/bien-etreiris.ch\/de\/produktpraesentation\/gesundes-leben\/nahrungsergaenzungsmittel\/pflanzenheilkunde-gleichgewicht-durch-heilpflanzen\/kraeuter-und-pflanzen\/#breadcrumb"},"inLanguage":"de","potentialAction":[{"@type":"ReadAction","target":["https:\/\/bien-etreiris.ch\/de\/produktpraesentation\/gesundes-leben\/nahrungsergaenzungsmittel\/pflanzenheilkunde-gleichgewicht-durch-heilpflanzen\/kraeuter-und-pflanzen\/"]}]},{"@type":"ImageObject","inLanguage":"de","@id":"https:\/\/bien-etreiris.ch\/de\/produktpraesentation\/gesundes-leben\/nahrungsergaenzungsmittel\/pflanzenheilkunde-gleichgewicht-durch-heilpflanzen\/kraeuter-und-pflanzen\/#primaryimage","url":"https:\/\/bien-etreiris.ch\/wp-content\/uploads\/2020\/01\/acceuil-infusions.jpg","contentUrl":"https:\/\/bien-etreiris.ch\/wp-content\/uploads\/2020\/01\/acceuil-infusions.jpg","width":550,"height":367},{"@type":"BreadcrumbList","@id":"https:\/\/bien-etreiris.ch\/de\/produktpraesentation\/gesundes-leben\/nahrungsergaenzungsmittel\/pflanzenheilkunde-gleichgewicht-durch-heilpflanzen\/kraeuter-und-pflanzen\/#breadcrumb","itemListElement":[{"@type":"ListItem","position":1,"name":"Home","item":"https:\/\/bien-etreiris.ch\/de\/"},{"@type":"ListItem","position":2,"name":"PRODUKTPR\u00c4SENTATION","item":"https:\/\/bien-etreiris.ch\/de\/produktpraesentation\/"},{"@type":"ListItem","position":3,"name":"GESUNDES LEBEN","item":"https:\/\/bien-etreiris.ch\/de\/produktpraesentation\/gesundes-leben\/"},{"@type":"ListItem","position":4,"name":"NAHRUNGSERG\u00c4NZUNG","item":"https:\/\/bien-etreiris.ch\/de\/produktpraesentation\/gesundes-leben\/nahrungsergaenzungsmittel\/"},{"@type":"ListItem","position":5,"name":"PFLANZENHEILKUNDE","item":"https:\/\/bien-etreiris.ch\/de\/produktpraesentation\/gesundes-leben\/nahrungsergaenzungsmittel\/pflanzenheilkunde-gleichgewicht-durch-heilpflanzen\/"},{"@type":"ListItem","position":6,"name":"KR\u00c4UTER &#038; PFLANZEN"}]},{"@type":"WebSite","@id":"https:\/\/bien-etreiris.ch\/de\/#website","url":"https:\/\/bien-etreiris.ch\/de\/","name":"Bien-\u00eatre Iris","description":"IHRE Gesundheit ist uns wichtig","potentialAction":[{"@type":"SearchAction","target":{"@type":"EntryPoint","urlTemplate":"https:\/\/bien-etreiris.ch\/de\/?s={search_term_string}"},"query-input":{"@type":"PropertyValueSpecification","valueRequired":true,"valueName":"search_term_string"}}],"inLanguage":"de"}]}},"_links":{"self":[{"href":"https:\/\/bien-etreiris.ch\/de\/wp-json\/wp\/v2\/pages\/30677","targetHints":{"allow":["GET"]}}],"collection":[{"href":"https:\/\/bien-etreiris.ch\/de\/wp-json\/wp\/v2\/pages"}],"about":[{"href":"https:\/\/bien-etreiris.ch\/de\/wp-json\/wp\/v2\/types\/page"}],"author":[{"embeddable":true,"href":"https:\/\/bien-etreiris.ch\/de\/wp-json\/wp\/v2\/users\/1"}],"replies":[{"embeddable":true,"href":"https:\/\/bien-etreiris.ch\/de\/wp-json\/wp\/v2\/comments?post=30677"}],"version-history":[{"count":9,"href":"https:\/\/bien-etreiris.ch\/de\/wp-json\/wp\/v2\/pages\/30677\/revisions"}],"predecessor-version":[{"id":39022,"href":"https:\/\/bien-etreiris.ch\/de\/wp-json\/wp\/v2\/pages\/30677\/revisions\/39022"}],"up":[{"embeddable":true,"href":"https:\/\/bien-etreiris.ch\/de\/wp-json\/wp\/v2\/pages\/56768"}],"wp:featuredmedia":[{"embeddable":true,"href":"https:\/\/bien-etreiris.ch\/de\/wp-json\/wp\/v2\/media\/30417"}],"wp:attachment":[{"href":"https:\/\/bien-etreiris.ch\/de\/wp-json\/wp\/v2\/media?parent=30677"}],"curies":[{"name":"wp","href":"https:\/\/api.w.org\/{rel}","templated":true}]}}