{"id":30621,"date":"2020-01-06T19:33:51","date_gmt":"2020-01-06T19:33:51","guid":{"rendered":"https:\/\/bien-etreiris.ch\/wohlbefinden\/gesundes-leben\/depot-legumes-et-fruits\/"},"modified":"2021-06-08T10:06:06","modified_gmt":"2021-06-08T08:06:06","slug":"verteiler-gemuese-und-fruechte","status":"publish","type":"page","link":"https:\/\/bien-etreiris.ch\/de\/produktpraesentation\/gesundes-leben\/gesunde-lebensmittel\/gemuese-und-fruechte\/verteiler-gemuese-und-fruechte\/","title":{"rendered":"VERTEILER GEM\u00dcSE &#038; FR\u00dcCHTE"},"content":{"rendered":"\n<p>&#x1f96c;&#x1f955; Direkt vom Hersteller &#x1f34e;&#x1f954; Bien-etre Iris bietet Ihnen eine gute Grundbalance an BIO-Gem\u00fcse und Obst, die Sie direkt auf der Website des Herstellers bestellen k\u00f6nnen<\/p>\n\n\n<p>http:\/\/www.gfellerbio.ch<\/p>\n\n\n<p>So geht's: F\u00fcllen Sie das Kontaktformular zur Kontoer\u00f6ffnung aus. Sie erhalten dann ein Passwort, mit dem Sie sich einloggen k\u00f6nnen. Bestellen Sie bis sp\u00e4testens Freitag mittag. Sie finden Ihre Bestellung in unserem Gesch\u00e4ft Bien-\u00eatreIris in Neyruz; Samstag zwischen 9 und 14 Uhr<\/p>\n\n\n\n<p>Sie haben die Freiheit, in der von Ihnen gew\u00fcnschten H\u00e4ufigkeit zu bestellen (dies ist kein Abonnement) und Sie erhalten eine Rechnung . F\u00fcr weitere Informationen stehen wir Ihnen gerne zur Verf\u00fcgung unter 026\/477 07  27<\/p>\n\n\n\n<p><\/p>\n\n\n<p><!--EndFragment--><\/p>\n<p>&nbsp;<\/p>","protected":false},"excerpt":{"rendered":"<p>&#x1f96c;&#x1f955; Direkt vom Hersteller &#x1f34e;&#x1f954; Bien-etre Iris bietet Ihnen eine gute Grundbalance an BIO-Gem\u00fcse und Obst, die Sie direkt auf der Website des Herstellers bestellen k\u00f6nnen http:\/\/www.gfellerbio.ch So geht's: F\u00fcllen Sie das Kontaktformular zur Kontoer\u00f6ffnung aus. Sie erhalten dann ein Passwort, mit dem Sie sich einloggen k\u00f6nnen. Bestellen Sie bis sp\u00e4testens Freitag mittag. Sie finden Ihre Bestellung in unserem Gesch\u00e4ft&nbsp;<a href=\"https:\/\/bien-etreiris.ch\/de\/produktpraesentation\/gesundes-leben\/gesunde-lebensmittel\/gemuese-und-fruechte\/verteiler-gemuese-und-fruechte\/\" class=\"read-more\">Weiter lesen<\/a><\/p>\n","protected":false},"author":1,"featured_media":30487,"parent":41454,"menu_order":7186,"comment_status":"closed","ping_status":"closed","template":"page-with-child.php","meta":{"_acf_changed":false,"ngg_post_thumbnail":0,"footnotes":""},"class_list":["post-30621","page","type-page","status-publish","has-post-thumbnail","hentry"],"acf":[],"yoast_head":"<!-- This site is optimized with the Yoast SEO plugin v27.4 - https:\/\/yoast.com\/product\/yoast-seo-wordpress\/ -->\n<title>VERTEILER GEM\u00dcSE &amp; FR\u00dcCHTE - WOHLBEFINDEN<\/title>\n<meta name=\"robots\" content=\"index, follow, max-snippet:-1, max-image-preview:large, max-video-preview:-1\" \/>\n<link rel=\"canonical\" href=\"https:\/\/bien-etreiris.ch\/de\/produktpraesentation\/gesundes-leben\/gesunde-lebensmittel\/gemuese-und-fruechte\/verteiler-gemuese-und-fruechte\/\" \/>\n<meta property=\"og:locale\" content=\"de_DE\" \/>\n<meta property=\"og:type\" content=\"article\" \/>\n<meta property=\"og:title\" content=\"VERTEILER GEM\u00dcSE &amp; FR\u00dcCHTE - WOHLBEFINDEN\" \/>\n<meta property=\"og:description\" content=\"&#x1f96c;&#x1f955; Direkt vom Hersteller &#x1f34e;&#x1f954; Bien-etre Iris bietet Ihnen eine gute Grundbalance an BIO-Gem\u00fcse und Obst, die Sie direkt auf der Website des Herstellers bestellen k\u00f6nnen http:\/\/www.gfellerbio.ch So geht&#039;s: F\u00fcllen Sie das Kontaktformular zur Kontoer\u00f6ffnung aus. Sie erhalten dann ein Passwort, mit dem Sie sich einloggen k\u00f6nnen. Bestellen Sie bis sp\u00e4testens Freitag mittag. Sie finden Ihre Bestellung in unserem Gesch\u00e4ft&nbsp;Weiter lesen\" \/>\n<meta property=\"og:url\" content=\"https:\/\/bien-etreiris.ch\/de\/produktpraesentation\/gesundes-leben\/gesunde-lebensmittel\/gemuese-und-fruechte\/verteiler-gemuese-und-fruechte\/\" \/>\n<meta property=\"og:site_name\" content=\"WOHLBEFINDEN\" \/>\n<meta property=\"article:publisher\" content=\"https:\/\/www.facebook.com\/bienetreiris\/\" \/>\n<meta property=\"article:modified_time\" content=\"2021-06-08T08:06:06+00:00\" \/>\n<meta property=\"og:image\" content=\"https:\/\/bien-etreiris.ch\/wp-content\/uploads\/2020\/01\/Dep\u00f4t-legumes-et-fruits.jpg\" \/>\n\t<meta property=\"og:image:width\" content=\"500\" \/>\n\t<meta property=\"og:image:height\" content=\"333\" \/>\n\t<meta property=\"og:image:type\" content=\"image\/jpeg\" \/>\n<meta name=\"twitter:label1\" content=\"Gesch\u00e4tzte Lesezeit\" \/>\n\t<meta name=\"twitter:data1\" content=\"1\u00a0Minute\" \/>\n<script type=\"application\/ld+json\" class=\"yoast-schema-graph\">{\"@context\":\"https:\\\/\\\/schema.org\",\"@graph\":[{\"@type\":\"WebPage\",\"@id\":\"https:\\\/\\\/bien-etreiris.ch\\\/de\\\/produktpraesentation\\\/gesundes-leben\\\/gesunde-lebensmittel\\\/gemuese-und-fruechte\\\/verteiler-gemuese-und-fruechte\\\/\",\"url\":\"https:\\\/\\\/bien-etreiris.ch\\\/de\\\/produktpraesentation\\\/gesundes-leben\\\/gesunde-lebensmittel\\\/gemuese-und-fruechte\\\/verteiler-gemuese-und-fruechte\\\/\",\"name\":\"VERTEILER GEM\u00dcSE & FR\u00dcCHTE - WOHLBEFINDEN\",\"isPartOf\":{\"@id\":\"https:\\\/\\\/bien-etreiris.ch\\\/de\\\/#website\"},\"primaryImageOfPage\":{\"@id\":\"https:\\\/\\\/bien-etreiris.ch\\\/de\\\/produktpraesentation\\\/gesundes-leben\\\/gesunde-lebensmittel\\\/gemuese-und-fruechte\\\/verteiler-gemuese-und-fruechte\\\/#primaryimage\"},\"image\":{\"@id\":\"https:\\\/\\\/bien-etreiris.ch\\\/de\\\/produktpraesentation\\\/gesundes-leben\\\/gesunde-lebensmittel\\\/gemuese-und-fruechte\\\/verteiler-gemuese-und-fruechte\\\/#primaryimage\"},\"thumbnailUrl\":\"https:\\\/\\\/bien-etreiris.ch\\\/wp-content\\\/uploads\\\/2020\\\/01\\\/Dep\u00f4t-legumes-et-fruits.jpg\",\"datePublished\":\"2020-01-06T19:33:51+00:00\",\"dateModified\":\"2021-06-08T08:06:06+00:00\",\"breadcrumb\":{\"@id\":\"https:\\\/\\\/bien-etreiris.ch\\\/de\\\/produktpraesentation\\\/gesundes-leben\\\/gesunde-lebensmittel\\\/gemuese-und-fruechte\\\/verteiler-gemuese-und-fruechte\\\/#breadcrumb\"},\"inLanguage\":\"de\",\"potentialAction\":[{\"@type\":\"ReadAction\",\"target\":[\"https:\\\/\\\/bien-etreiris.ch\\\/de\\\/produktpraesentation\\\/gesundes-leben\\\/gesunde-lebensmittel\\\/gemuese-und-fruechte\\\/verteiler-gemuese-und-fruechte\\\/\"]}]},{\"@type\":\"ImageObject\",\"inLanguage\":\"de\",\"@id\":\"https:\\\/\\\/bien-etreiris.ch\\\/de\\\/produktpraesentation\\\/gesundes-leben\\\/gesunde-lebensmittel\\\/gemuese-und-fruechte\\\/verteiler-gemuese-und-fruechte\\\/#primaryimage\",\"url\":\"https:\\\/\\\/bien-etreiris.ch\\\/wp-content\\\/uploads\\\/2020\\\/01\\\/Dep\u00f4t-legumes-et-fruits.jpg\",\"contentUrl\":\"https:\\\/\\\/bien-etreiris.ch\\\/wp-content\\\/uploads\\\/2020\\\/01\\\/Dep\u00f4t-legumes-et-fruits.jpg\",\"width\":500,\"height\":333},{\"@type\":\"BreadcrumbList\",\"@id\":\"https:\\\/\\\/bien-etreiris.ch\\\/de\\\/produktpraesentation\\\/gesundes-leben\\\/gesunde-lebensmittel\\\/gemuese-und-fruechte\\\/verteiler-gemuese-und-fruechte\\\/#breadcrumb\",\"itemListElement\":[{\"@type\":\"ListItem\",\"position\":1,\"name\":\"Home\",\"item\":\"https:\\\/\\\/bien-etreiris.ch\\\/de\\\/\"},{\"@type\":\"ListItem\",\"position\":2,\"name\":\"PRODUKTPR\u00c4SENTATION\",\"item\":\"https:\\\/\\\/bien-etreiris.ch\\\/de\\\/produktpraesentation\\\/\"},{\"@type\":\"ListItem\",\"position\":3,\"name\":\"GESUNDES LEBEN\",\"item\":\"https:\\\/\\\/bien-etreiris.ch\\\/de\\\/produktpraesentation\\\/gesundes-leben\\\/\"},{\"@type\":\"ListItem\",\"position\":4,\"name\":\"GESUNDE LEBENSMITTEL\",\"item\":\"https:\\\/\\\/bien-etreiris.ch\\\/de\\\/produktpraesentation\\\/gesundes-leben\\\/gesunde-lebensmittel\\\/\"},{\"@type\":\"ListItem\",\"position\":5,\"name\":\"GEM\u00dcSE &#038; FR\u00dcCHTE\",\"item\":\"https:\\\/\\\/bien-etreiris.ch\\\/de\\\/produktpraesentation\\\/gesundes-leben\\\/gesunde-lebensmittel\\\/gemuese-und-fruechte\\\/\"},{\"@type\":\"ListItem\",\"position\":6,\"name\":\"VERTEILER GEM\u00dcSE &#038; FR\u00dcCHTE\"}]},{\"@type\":\"WebSite\",\"@id\":\"https:\\\/\\\/bien-etreiris.ch\\\/de\\\/#website\",\"url\":\"https:\\\/\\\/bien-etreiris.ch\\\/de\\\/\",\"name\":\"Bien-\u00eatre Iris\",\"description\":\"IHRE Gesundheit ist uns wichtig\",\"potentialAction\":[{\"@type\":\"SearchAction\",\"target\":{\"@type\":\"EntryPoint\",\"urlTemplate\":\"https:\\\/\\\/bien-etreiris.ch\\\/de\\\/?s={search_term_string}\"},\"query-input\":{\"@type\":\"PropertyValueSpecification\",\"valueRequired\":true,\"valueName\":\"search_term_string\"}}],\"inLanguage\":\"de\"}]}<\/script>\n<!-- \/ Yoast SEO plugin. -->","yoast_head_json":{"title":"VERTEILER GEM\u00dcSE & FR\u00dcCHTE - WOHLBEFINDEN","robots":{"index":"index","follow":"follow","max-snippet":"max-snippet:-1","max-image-preview":"max-image-preview:large","max-video-preview":"max-video-preview:-1"},"canonical":"https:\/\/bien-etreiris.ch\/de\/produktpraesentation\/gesundes-leben\/gesunde-lebensmittel\/gemuese-und-fruechte\/verteiler-gemuese-und-fruechte\/","og_locale":"de_DE","og_type":"article","og_title":"VERTEILER GEM\u00dcSE & FR\u00dcCHTE - WOHLBEFINDEN","og_description":"&#x1f96c;&#x1f955; Direkt vom Hersteller &#x1f34e;&#x1f954; Bien-etre Iris bietet Ihnen eine gute Grundbalance an BIO-Gem\u00fcse und Obst, die Sie direkt auf der Website des Herstellers bestellen k\u00f6nnen http:\/\/www.gfellerbio.ch So geht's: F\u00fcllen Sie das Kontaktformular zur Kontoer\u00f6ffnung aus. Sie erhalten dann ein Passwort, mit dem Sie sich einloggen k\u00f6nnen. Bestellen Sie bis sp\u00e4testens Freitag mittag. Sie finden Ihre Bestellung in unserem Gesch\u00e4ft&nbsp;Weiter lesen","og_url":"https:\/\/bien-etreiris.ch\/de\/produktpraesentation\/gesundes-leben\/gesunde-lebensmittel\/gemuese-und-fruechte\/verteiler-gemuese-und-fruechte\/","og_site_name":"WOHLBEFINDEN","article_publisher":"https:\/\/www.facebook.com\/bienetreiris\/","article_modified_time":"2021-06-08T08:06:06+00:00","og_image":[{"width":500,"height":333,"url":"https:\/\/bien-etreiris.ch\/wp-content\/uploads\/2020\/01\/Dep\u00f4t-legumes-et-fruits.jpg","type":"image\/jpeg"}],"twitter_misc":{"Gesch\u00e4tzte Lesezeit":"1\u00a0Minute"},"schema":{"@context":"https:\/\/schema.org","@graph":[{"@type":"WebPage","@id":"https:\/\/bien-etreiris.ch\/de\/produktpraesentation\/gesundes-leben\/gesunde-lebensmittel\/gemuese-und-fruechte\/verteiler-gemuese-und-fruechte\/","url":"https:\/\/bien-etreiris.ch\/de\/produktpraesentation\/gesundes-leben\/gesunde-lebensmittel\/gemuese-und-fruechte\/verteiler-gemuese-und-fruechte\/","name":"VERTEILER GEM\u00dcSE & FR\u00dcCHTE - WOHLBEFINDEN","isPartOf":{"@id":"https:\/\/bien-etreiris.ch\/de\/#website"},"primaryImageOfPage":{"@id":"https:\/\/bien-etreiris.ch\/de\/produktpraesentation\/gesundes-leben\/gesunde-lebensmittel\/gemuese-und-fruechte\/verteiler-gemuese-und-fruechte\/#primaryimage"},"image":{"@id":"https:\/\/bien-etreiris.ch\/de\/produktpraesentation\/gesundes-leben\/gesunde-lebensmittel\/gemuese-und-fruechte\/verteiler-gemuese-und-fruechte\/#primaryimage"},"thumbnailUrl":"https:\/\/bien-etreiris.ch\/wp-content\/uploads\/2020\/01\/Dep\u00f4t-legumes-et-fruits.jpg","datePublished":"2020-01-06T19:33:51+00:00","dateModified":"2021-06-08T08:06:06+00:00","breadcrumb":{"@id":"https:\/\/bien-etreiris.ch\/de\/produktpraesentation\/gesundes-leben\/gesunde-lebensmittel\/gemuese-und-fruechte\/verteiler-gemuese-und-fruechte\/#breadcrumb"},"inLanguage":"de","potentialAction":[{"@type":"ReadAction","target":["https:\/\/bien-etreiris.ch\/de\/produktpraesentation\/gesundes-leben\/gesunde-lebensmittel\/gemuese-und-fruechte\/verteiler-gemuese-und-fruechte\/"]}]},{"@type":"ImageObject","inLanguage":"de","@id":"https:\/\/bien-etreiris.ch\/de\/produktpraesentation\/gesundes-leben\/gesunde-lebensmittel\/gemuese-und-fruechte\/verteiler-gemuese-und-fruechte\/#primaryimage","url":"https:\/\/bien-etreiris.ch\/wp-content\/uploads\/2020\/01\/Dep\u00f4t-legumes-et-fruits.jpg","contentUrl":"https:\/\/bien-etreiris.ch\/wp-content\/uploads\/2020\/01\/Dep\u00f4t-legumes-et-fruits.jpg","width":500,"height":333},{"@type":"BreadcrumbList","@id":"https:\/\/bien-etreiris.ch\/de\/produktpraesentation\/gesundes-leben\/gesunde-lebensmittel\/gemuese-und-fruechte\/verteiler-gemuese-und-fruechte\/#breadcrumb","itemListElement":[{"@type":"ListItem","position":1,"name":"Home","item":"https:\/\/bien-etreiris.ch\/de\/"},{"@type":"ListItem","position":2,"name":"PRODUKTPR\u00c4SENTATION","item":"https:\/\/bien-etreiris.ch\/de\/produktpraesentation\/"},{"@type":"ListItem","position":3,"name":"GESUNDES LEBEN","item":"https:\/\/bien-etreiris.ch\/de\/produktpraesentation\/gesundes-leben\/"},{"@type":"ListItem","position":4,"name":"GESUNDE LEBENSMITTEL","item":"https:\/\/bien-etreiris.ch\/de\/produktpraesentation\/gesundes-leben\/gesunde-lebensmittel\/"},{"@type":"ListItem","position":5,"name":"GEM\u00dcSE &#038; FR\u00dcCHTE","item":"https:\/\/bien-etreiris.ch\/de\/produktpraesentation\/gesundes-leben\/gesunde-lebensmittel\/gemuese-und-fruechte\/"},{"@type":"ListItem","position":6,"name":"VERTEILER GEM\u00dcSE &#038; FR\u00dcCHTE"}]},{"@type":"WebSite","@id":"https:\/\/bien-etreiris.ch\/de\/#website","url":"https:\/\/bien-etreiris.ch\/de\/","name":"Bien-\u00eatre Iris","description":"IHRE Gesundheit ist uns wichtig","potentialAction":[{"@type":"SearchAction","target":{"@type":"EntryPoint","urlTemplate":"https:\/\/bien-etreiris.ch\/de\/?s={search_term_string}"},"query-input":{"@type":"PropertyValueSpecification","valueRequired":true,"valueName":"search_term_string"}}],"inLanguage":"de"}]}},"_links":{"self":[{"href":"https:\/\/bien-etreiris.ch\/de\/wp-json\/wp\/v2\/pages\/30621","targetHints":{"allow":["GET"]}}],"collection":[{"href":"https:\/\/bien-etreiris.ch\/de\/wp-json\/wp\/v2\/pages"}],"about":[{"href":"https:\/\/bien-etreiris.ch\/de\/wp-json\/wp\/v2\/types\/page"}],"author":[{"embeddable":true,"href":"https:\/\/bien-etreiris.ch\/de\/wp-json\/wp\/v2\/users\/1"}],"replies":[{"embeddable":true,"href":"https:\/\/bien-etreiris.ch\/de\/wp-json\/wp\/v2\/comments?post=30621"}],"version-history":[{"count":2,"href":"https:\/\/bien-etreiris.ch\/de\/wp-json\/wp\/v2\/pages\/30621\/revisions"}],"predecessor-version":[{"id":30625,"href":"https:\/\/bien-etreiris.ch\/de\/wp-json\/wp\/v2\/pages\/30621\/revisions\/30625"}],"up":[{"embeddable":true,"href":"https:\/\/bien-etreiris.ch\/de\/wp-json\/wp\/v2\/pages\/41454"}],"wp:featuredmedia":[{"embeddable":true,"href":"https:\/\/bien-etreiris.ch\/de\/wp-json\/wp\/v2\/media\/30487"}],"wp:attachment":[{"href":"https:\/\/bien-etreiris.ch\/de\/wp-json\/wp\/v2\/media?parent=30621"}],"curies":[{"name":"wp","href":"https:\/\/api.w.org\/{rel}","templated":true}]}}