{"id":28934,"date":"2019-09-04T16:31:25","date_gmt":"2019-09-04T16:31:25","guid":{"rendered":"https:\/\/bien-etreiris.ch\/wohlbefinden\/basische-produkte-p-jentschura\/wurzelkraft\/zhough-alcavie-pate-epicee-a-base-de-piments-verts\/"},"modified":"2019-09-08T11:23:13","modified_gmt":"2019-09-08T11:23:13","slug":"wurzelkraft-zhough-feurige-gewuerzpaste-aus-gruenen-chilis","status":"publish","type":"page","link":"https:\/\/bien-etreiris.ch\/de\/produktpraesentation\/natuerliche-heilmittel\/saeure-basen-haushalt\/wurzelkraft\/wurzelkraft-zhough-feurige-gewuerzpaste-aus-gruenen-chilis\/","title":{"rendered":"ZHOUGH-GEW\u00dcRZPASTE"},"content":{"rendered":"\n<h2 class=\"wp-block-heading\"> <br>WurzelKraft Zhough - feurige Gew\u00fcrzpaste aus gr\u00fcnen Chilis <\/h2>\n\n\n\n<h2 class=\"wp-block-heading\"><\/h2>\n\n\n<p><strong><a href=\"https:\/\/decoiris.ch\/wp-content\/uploads\/2019\/09\/Zhough-AlcaVie-p\u00e2te-\u00e9pic\u00e9e.jpg\"><img loading=\"lazy\" decoding=\"async\" class=\"alignnone wp-image-27649 size-full\" src=\"https:\/\/decoiris.ch\/wp-content\/uploads\/2019\/09\/Zhough-AlcaVie-p\u00e2te-\u00e9pic\u00e9e.jpg\" alt=\"\" width=\"550\" height=\"392\" srcset=\"https:\/\/bien-etreiris.ch\/wp-content\/uploads\/2019\/09\/Zhough-AlcaVie-p\u00e2te-\u00e9pic\u00e9e.jpg 550w, https:\/\/bien-etreiris.ch\/wp-content\/uploads\/2019\/09\/Zhough-AlcaVie-p\u00e2te-\u00e9pic\u00e9e-300x214.jpg 300w\" sizes=\"auto, (max-width: 550px) 100vw, 550px\" \/><\/a><\/strong><\/p>\n<h4><strong>Zutaten f\u00fcr ca. 350 ml<\/strong><\/h4>\n<table class=\"tablesaw tablesaw-stack table-recipe\" data-tablesaw-mode=\"stack\">\n<tbody>\n<tr class=\"recipe-table-heading\">\n<td colspan=\"2\"><strong>Traditionell feurig<\/strong><\/td>\n<\/tr>\n<tr>\n<td class=\"value\">60 g<\/td>\n<td class=\"ingredient\" data-sr-id=\"1\">Koriander (frisch, ca. 1 Bund)<\/td>\n<\/tr>\n<tr>\n<td class=\"value\">12 g<\/td>\n<td class=\"ingredient\" data-sr-id=\"3\">Petersilie<\/td>\n<\/tr>\n<tr>\n<td class=\"value\">1 EL<\/td>\n<td class=\"ingredient\" data-sr-id=\"4\">WurzelKraft<\/td>\n<\/tr>\n<tr>\n<td class=\"value\">150 ml<\/td>\n<td class=\"ingredient\" data-sr-id=\"5\">Oliven\u00f6l<\/td>\n<\/tr>\n<tr>\n<td class=\"value\">4<\/td>\n<td class=\"ingredient\" data-sr-id=\"6\">Knoblauchzehen<\/td>\n<\/tr>\n<tr>\n<td class=\"value\">4<\/td>\n<td class=\"ingredient\" data-sr-id=\"7\">gr\u00fcne Chilis<\/td>\n<\/tr>\n<tr>\n<td class=\"value\">1 TL<\/td>\n<td class=\"ingredient\" data-sr-id=\"8\">Kardamom, gemahlen<\/td>\n<\/tr>\n<tr>\n<td class=\"value\">1 TL<\/td>\n<td class=\"ingredient\" data-sr-id=\"9\">Meersalz<\/td>\n<\/tr>\n<tr>\n<td class=\"value\">1 TL<\/td>\n<td class=\"ingredient\" data-sr-id=\"10\">Kreuzk\u00fcmmel<\/td>\n<\/tr>\n<tr>\n<td class=\"value\">1\/2 TL<\/td>\n<td class=\"ingredient\" data-sr-id=\"11\">Pul Biber (Paprikaflocken)<\/td>\n<\/tr>\n<tr>\n<td class=\"value\">1\/2<\/td>\n<td class=\"ingredient\" data-sr-id=\"12\">Zitrone (ausgepresst)<\/td>\n<\/tr>\n<\/tbody>\n<\/table>\n<div class=\"recipe-preparation\">\n<div>&nbsp;<\/div>\n<div>&nbsp;<\/div>\n<div class=\"recipe-preparation\">\n<h4 class=\"headline\"><strong>Zubereitung<\/strong><\/h4>\n<p>Alle Zutaten bis auf die WurzelKraft und die Paprikaflocken in einem M\u00f6rser vermengen oder mit einem P\u00fcrierstab fein p\u00fcrieren. Wenn die gew\u00fcnschte Konsistenz erreicht ist, die WurzelKraft und die Paprikaflocken hinzugeben und f\u00fcr mind. 20 Minuten ziehen lassen.<\/p>\n<\/div>\n<\/div>\n<table class=\"tablesaw tablesaw-stack table-recipe\" style=\"height: 418px; width: 326px;\" data-tablesaw-mode=\"stack\">\n<tbody>\n<tr class=\"recipe-table-heading\">\n<td style=\"width: 326px;\" colspan=\"2\"><strong>Entsch\u00e4rft<\/strong><\/td>\n<\/tr>\n<tr>\n<td class=\"value\" style=\"width: 69px;\">50 g<\/td>\n<td class=\"ingredient\" style=\"width: 257px;\" data-sr-id=\"13\">Petersilie, frisch<\/td>\n<\/tr>\n<tr>\n<td class=\"value\" style=\"width: 69px;\">12 g<\/td>\n<td class=\"ingredient\" style=\"width: 257px;\" data-sr-id=\"14\">Kerbel<\/td>\n<\/tr>\n<tr>\n<td class=\"value\" style=\"width: 69px;\">2 EL<\/td>\n<td class=\"ingredient\" style=\"width: 257px;\" data-sr-id=\"15\">WurzelKraft<\/td>\n<\/tr>\n<tr>\n<td class=\"value\" style=\"width: 69px;\">12 g<\/td>\n<td class=\"ingredient\" style=\"width: 257px;\" data-sr-id=\"16\">Koriander<\/td>\n<\/tr>\n<tr>\n<td class=\"value\" style=\"width: 69px;\">150 ml<\/td>\n<td class=\"ingredient\" style=\"width: 257px;\" data-sr-id=\"17\">Oliven\u00f6l<\/td>\n<\/tr>\n<tr>\n<td class=\"value\" style=\"width: 69px;\">4<\/td>\n<td class=\"ingredient\" style=\"width: 257px;\" data-sr-id=\"18\">Knoblauchzehen<\/td>\n<\/tr>\n<tr>\n<td class=\"value\" style=\"width: 69px;\">2 \u2013 3<\/td>\n<td class=\"ingredient\" style=\"width: 257px;\" data-sr-id=\"19\">gr\u00fcne Chilis<\/td>\n<\/tr>\n<tr>\n<td class=\"value\" style=\"width: 69px;\">1 TL<\/td>\n<td class=\"ingredient\" style=\"width: 257px;\" data-sr-id=\"20\">Kardamom, gemahlen<\/td>\n<\/tr>\n<tr>\n<td class=\"value\" style=\"width: 69px;\">1 TL<\/td>\n<td class=\"ingredient\" style=\"width: 257px;\" data-sr-id=\"21\">Meersalz<\/td>\n<\/tr>\n<tr>\n<td class=\"value\" style=\"width: 69px;\">1 TL<\/td>\n<td class=\"ingredient\" style=\"width: 257px;\" data-sr-id=\"22\">Kreuzk\u00fcmmel<\/td>\n<\/tr>\n<tr>\n<td class=\"value\" style=\"width: 69px;\">1\/2 TL<\/td>\n<td class=\"ingredient\" style=\"width: 257px;\" data-sr-id=\"23\">Pul Biber (Paprikaflocken)<\/td>\n<\/tr>\n<tr>\n<td class=\"value\" style=\"width: 69px;\">1\/2<\/td>\n<td class=\"ingredient\" style=\"width: 257px;\" data-sr-id=\"24\">Zitrone (ausgepresst)<\/td>\n<\/tr>\n<\/tbody>\n<\/table>","protected":false},"excerpt":{"rendered":"<p>WurzelKraft Zhough - feurige Gew\u00fcrzpaste aus gr\u00fcnen Chilis Zutaten f\u00fcr ca. 350 ml Traditionell feurig 60 g Koriander (frisch, ca. 1 Bund) 12 g Petersilie 1 EL WurzelKraft 150 ml Oliven\u00f6l 4 Knoblauchzehen 4 gr\u00fcne Chilis 1 TL Kardamom, gemahlen 1 TL Meersalz 1 TL Kreuzk\u00fcmmel 1\/2 TL Pul Biber (Paprikaflocken) 1\/2 Zitrone (ausgepresst) &nbsp; &nbsp; Zubereitung Alle Zutaten bis&nbsp;<a href=\"https:\/\/bien-etreiris.ch\/de\/produktpraesentation\/natuerliche-heilmittel\/saeure-basen-haushalt\/wurzelkraft\/wurzelkraft-zhough-feurige-gewuerzpaste-aus-gruenen-chilis\/\" class=\"read-more\">Weiter lesen<\/a><\/p>\n","protected":false},"author":1,"featured_media":27651,"parent":13815,"menu_order":7378,"comment_status":"closed","ping_status":"closed","template":"page-with-child.php","meta":{"_acf_changed":false,"ngg_post_thumbnail":0,"footnotes":""},"class_list":["post-28934","page","type-page","status-publish","has-post-thumbnail","hentry"],"acf":[],"yoast_head":"<!-- This site is optimized with the Yoast SEO plugin v27.5 - https:\/\/yoast.com\/product\/yoast-seo-wordpress\/ -->\n<title>ZHOUGH-GEW\u00dcRZPASTE - WOHLBEFINDEN<\/title>\n<meta name=\"robots\" content=\"index, follow, max-snippet:-1, max-image-preview:large, max-video-preview:-1\" \/>\n<link rel=\"canonical\" href=\"https:\/\/bien-etreiris.ch\/de\/produktpraesentation\/natuerliche-heilmittel\/saeure-basen-haushalt\/wurzelkraft\/wurzelkraft-zhough-feurige-gewuerzpaste-aus-gruenen-chilis\/\" \/>\n<meta property=\"og:locale\" content=\"de_DE\" \/>\n<meta property=\"og:type\" content=\"article\" \/>\n<meta property=\"og:title\" content=\"ZHOUGH-GEW\u00dcRZPASTE - WOHLBEFINDEN\" \/>\n<meta property=\"og:description\" content=\"WurzelKraft Zhough - feurige Gew\u00fcrzpaste aus gr\u00fcnen Chilis Zutaten f\u00fcr ca. 350 ml Traditionell feurig 60 g Koriander (frisch, ca. 1 Bund) 12 g Petersilie 1 EL WurzelKraft 150 ml Oliven\u00f6l 4 Knoblauchzehen 4 gr\u00fcne Chilis 1 TL Kardamom, gemahlen 1 TL Meersalz 1 TL Kreuzk\u00fcmmel 1\/2 TL Pul Biber (Paprikaflocken) 1\/2 Zitrone (ausgepresst) &nbsp; &nbsp; Zubereitung Alle Zutaten bis&nbsp;Weiter lesen\" \/>\n<meta property=\"og:url\" content=\"https:\/\/bien-etreiris.ch\/de\/produktpraesentation\/natuerliche-heilmittel\/saeure-basen-haushalt\/wurzelkraft\/wurzelkraft-zhough-feurige-gewuerzpaste-aus-gruenen-chilis\/\" \/>\n<meta property=\"og:site_name\" content=\"WOHLBEFINDEN\" \/>\n<meta property=\"article:publisher\" content=\"https:\/\/www.facebook.com\/bienetreiris\/\" \/>\n<meta property=\"article:modified_time\" content=\"2019-09-08T11:23:13+00:00\" \/>\n<meta property=\"og:image\" content=\"https:\/\/bien-etreiris.ch\/wp-content\/uploads\/2019\/09\/Zhough-AlcaVie-p\u00e2te-\u00e9pic\u00e9e.jpg\" \/>\n\t<meta property=\"og:image:width\" content=\"550\" \/>\n\t<meta property=\"og:image:height\" content=\"392\" \/>\n\t<meta property=\"og:image:type\" content=\"image\/jpeg\" \/>\n<meta name=\"twitter:label1\" content=\"Gesch\u00e4tzte Lesezeit\" \/>\n\t<meta name=\"twitter:data1\" content=\"1\u00a0Minute\" \/>\n<script type=\"application\/ld+json\" class=\"yoast-schema-graph\">{\"@context\":\"https:\\\/\\\/schema.org\",\"@graph\":[{\"@type\":\"WebPage\",\"@id\":\"https:\\\/\\\/bien-etreiris.ch\\\/de\\\/produktpraesentation\\\/natuerliche-heilmittel\\\/saeure-basen-haushalt\\\/wurzelkraft\\\/wurzelkraft-zhough-feurige-gewuerzpaste-aus-gruenen-chilis\\\/\",\"url\":\"https:\\\/\\\/bien-etreiris.ch\\\/de\\\/produktpraesentation\\\/natuerliche-heilmittel\\\/saeure-basen-haushalt\\\/wurzelkraft\\\/wurzelkraft-zhough-feurige-gewuerzpaste-aus-gruenen-chilis\\\/\",\"name\":\"ZHOUGH-GEW\u00dcRZPASTE - WOHLBEFINDEN\",\"isPartOf\":{\"@id\":\"https:\\\/\\\/bien-etreiris.ch\\\/de\\\/#website\"},\"primaryImageOfPage\":{\"@id\":\"https:\\\/\\\/bien-etreiris.ch\\\/de\\\/produktpraesentation\\\/natuerliche-heilmittel\\\/saeure-basen-haushalt\\\/wurzelkraft\\\/wurzelkraft-zhough-feurige-gewuerzpaste-aus-gruenen-chilis\\\/#primaryimage\"},\"image\":{\"@id\":\"https:\\\/\\\/bien-etreiris.ch\\\/de\\\/produktpraesentation\\\/natuerliche-heilmittel\\\/saeure-basen-haushalt\\\/wurzelkraft\\\/wurzelkraft-zhough-feurige-gewuerzpaste-aus-gruenen-chilis\\\/#primaryimage\"},\"thumbnailUrl\":\"https:\\\/\\\/bien-etreiris.ch\\\/wp-content\\\/uploads\\\/2019\\\/09\\\/Zhough-AlcaVie-p\u00e2te-\u00e9pic\u00e9e.jpg\",\"datePublished\":\"2019-09-04T16:31:25+00:00\",\"dateModified\":\"2019-09-08T11:23:13+00:00\",\"breadcrumb\":{\"@id\":\"https:\\\/\\\/bien-etreiris.ch\\\/de\\\/produktpraesentation\\\/natuerliche-heilmittel\\\/saeure-basen-haushalt\\\/wurzelkraft\\\/wurzelkraft-zhough-feurige-gewuerzpaste-aus-gruenen-chilis\\\/#breadcrumb\"},\"inLanguage\":\"de\",\"potentialAction\":[{\"@type\":\"ReadAction\",\"target\":[\"https:\\\/\\\/bien-etreiris.ch\\\/de\\\/produktpraesentation\\\/natuerliche-heilmittel\\\/saeure-basen-haushalt\\\/wurzelkraft\\\/wurzelkraft-zhough-feurige-gewuerzpaste-aus-gruenen-chilis\\\/\"]}]},{\"@type\":\"ImageObject\",\"inLanguage\":\"de\",\"@id\":\"https:\\\/\\\/bien-etreiris.ch\\\/de\\\/produktpraesentation\\\/natuerliche-heilmittel\\\/saeure-basen-haushalt\\\/wurzelkraft\\\/wurzelkraft-zhough-feurige-gewuerzpaste-aus-gruenen-chilis\\\/#primaryimage\",\"url\":\"https:\\\/\\\/bien-etreiris.ch\\\/wp-content\\\/uploads\\\/2019\\\/09\\\/Zhough-AlcaVie-p\u00e2te-\u00e9pic\u00e9e.jpg\",\"contentUrl\":\"https:\\\/\\\/bien-etreiris.ch\\\/wp-content\\\/uploads\\\/2019\\\/09\\\/Zhough-AlcaVie-p\u00e2te-\u00e9pic\u00e9e.jpg\",\"width\":550,\"height\":392},{\"@type\":\"BreadcrumbList\",\"@id\":\"https:\\\/\\\/bien-etreiris.ch\\\/de\\\/produktpraesentation\\\/natuerliche-heilmittel\\\/saeure-basen-haushalt\\\/wurzelkraft\\\/wurzelkraft-zhough-feurige-gewuerzpaste-aus-gruenen-chilis\\\/#breadcrumb\",\"itemListElement\":[{\"@type\":\"ListItem\",\"position\":1,\"name\":\"Home\",\"item\":\"https:\\\/\\\/bien-etreiris.ch\\\/de\\\/\"},{\"@type\":\"ListItem\",\"position\":2,\"name\":\"PRODUKTPR\u00c4SENTATION\",\"item\":\"https:\\\/\\\/bien-etreiris.ch\\\/de\\\/produktpraesentation\\\/\"},{\"@type\":\"ListItem\",\"position\":3,\"name\":\"NAT\u00dcRLICHE HEILMITTEL\",\"item\":\"https:\\\/\\\/bien-etreiris.ch\\\/de\\\/produktpraesentation\\\/natuerliche-heilmittel\\\/\"},{\"@type\":\"ListItem\",\"position\":4,\"name\":\"S\u00c4URE-BASEN-HAUSHALT\",\"item\":\"https:\\\/\\\/bien-etreiris.ch\\\/de\\\/produktpraesentation\\\/natuerliche-heilmittel\\\/saeure-basen-haushalt\\\/\"},{\"@type\":\"ListItem\",\"position\":5,\"name\":\"WURZELKRAFT\",\"item\":\"https:\\\/\\\/bien-etreiris.ch\\\/de\\\/produktpraesentation\\\/natuerliche-heilmittel\\\/saeure-basen-haushalt\\\/wurzelkraft\\\/\"},{\"@type\":\"ListItem\",\"position\":6,\"name\":\"ZHOUGH-GEW\u00dcRZPASTE\"}]},{\"@type\":\"WebSite\",\"@id\":\"https:\\\/\\\/bien-etreiris.ch\\\/de\\\/#website\",\"url\":\"https:\\\/\\\/bien-etreiris.ch\\\/de\\\/\",\"name\":\"Bien-\u00eatre Iris\",\"description\":\"IHRE Gesundheit ist uns wichtig\",\"potentialAction\":[{\"@type\":\"SearchAction\",\"target\":{\"@type\":\"EntryPoint\",\"urlTemplate\":\"https:\\\/\\\/bien-etreiris.ch\\\/de\\\/?s={search_term_string}\"},\"query-input\":{\"@type\":\"PropertyValueSpecification\",\"valueRequired\":true,\"valueName\":\"search_term_string\"}}],\"inLanguage\":\"de\"}]}<\/script>\n<!-- \/ Yoast SEO plugin. -->","yoast_head_json":{"title":"ZHOUGH-GEW\u00dcRZPASTE - WOHLBEFINDEN","robots":{"index":"index","follow":"follow","max-snippet":"max-snippet:-1","max-image-preview":"max-image-preview:large","max-video-preview":"max-video-preview:-1"},"canonical":"https:\/\/bien-etreiris.ch\/de\/produktpraesentation\/natuerliche-heilmittel\/saeure-basen-haushalt\/wurzelkraft\/wurzelkraft-zhough-feurige-gewuerzpaste-aus-gruenen-chilis\/","og_locale":"de_DE","og_type":"article","og_title":"ZHOUGH-GEW\u00dcRZPASTE - WOHLBEFINDEN","og_description":"WurzelKraft Zhough - feurige Gew\u00fcrzpaste aus gr\u00fcnen Chilis Zutaten f\u00fcr ca. 350 ml Traditionell feurig 60 g Koriander (frisch, ca. 1 Bund) 12 g Petersilie 1 EL WurzelKraft 150 ml Oliven\u00f6l 4 Knoblauchzehen 4 gr\u00fcne Chilis 1 TL Kardamom, gemahlen 1 TL Meersalz 1 TL Kreuzk\u00fcmmel 1\/2 TL Pul Biber (Paprikaflocken) 1\/2 Zitrone (ausgepresst) &nbsp; &nbsp; Zubereitung Alle Zutaten bis&nbsp;Weiter lesen","og_url":"https:\/\/bien-etreiris.ch\/de\/produktpraesentation\/natuerliche-heilmittel\/saeure-basen-haushalt\/wurzelkraft\/wurzelkraft-zhough-feurige-gewuerzpaste-aus-gruenen-chilis\/","og_site_name":"WOHLBEFINDEN","article_publisher":"https:\/\/www.facebook.com\/bienetreiris\/","article_modified_time":"2019-09-08T11:23:13+00:00","og_image":[{"width":550,"height":392,"url":"https:\/\/bien-etreiris.ch\/wp-content\/uploads\/2019\/09\/Zhough-AlcaVie-p\u00e2te-\u00e9pic\u00e9e.jpg","type":"image\/jpeg"}],"twitter_misc":{"Gesch\u00e4tzte Lesezeit":"1\u00a0Minute"},"schema":{"@context":"https:\/\/schema.org","@graph":[{"@type":"WebPage","@id":"https:\/\/bien-etreiris.ch\/de\/produktpraesentation\/natuerliche-heilmittel\/saeure-basen-haushalt\/wurzelkraft\/wurzelkraft-zhough-feurige-gewuerzpaste-aus-gruenen-chilis\/","url":"https:\/\/bien-etreiris.ch\/de\/produktpraesentation\/natuerliche-heilmittel\/saeure-basen-haushalt\/wurzelkraft\/wurzelkraft-zhough-feurige-gewuerzpaste-aus-gruenen-chilis\/","name":"ZHOUGH-GEW\u00dcRZPASTE - WOHLBEFINDEN","isPartOf":{"@id":"https:\/\/bien-etreiris.ch\/de\/#website"},"primaryImageOfPage":{"@id":"https:\/\/bien-etreiris.ch\/de\/produktpraesentation\/natuerliche-heilmittel\/saeure-basen-haushalt\/wurzelkraft\/wurzelkraft-zhough-feurige-gewuerzpaste-aus-gruenen-chilis\/#primaryimage"},"image":{"@id":"https:\/\/bien-etreiris.ch\/de\/produktpraesentation\/natuerliche-heilmittel\/saeure-basen-haushalt\/wurzelkraft\/wurzelkraft-zhough-feurige-gewuerzpaste-aus-gruenen-chilis\/#primaryimage"},"thumbnailUrl":"https:\/\/bien-etreiris.ch\/wp-content\/uploads\/2019\/09\/Zhough-AlcaVie-p\u00e2te-\u00e9pic\u00e9e.jpg","datePublished":"2019-09-04T16:31:25+00:00","dateModified":"2019-09-08T11:23:13+00:00","breadcrumb":{"@id":"https:\/\/bien-etreiris.ch\/de\/produktpraesentation\/natuerliche-heilmittel\/saeure-basen-haushalt\/wurzelkraft\/wurzelkraft-zhough-feurige-gewuerzpaste-aus-gruenen-chilis\/#breadcrumb"},"inLanguage":"de","potentialAction":[{"@type":"ReadAction","target":["https:\/\/bien-etreiris.ch\/de\/produktpraesentation\/natuerliche-heilmittel\/saeure-basen-haushalt\/wurzelkraft\/wurzelkraft-zhough-feurige-gewuerzpaste-aus-gruenen-chilis\/"]}]},{"@type":"ImageObject","inLanguage":"de","@id":"https:\/\/bien-etreiris.ch\/de\/produktpraesentation\/natuerliche-heilmittel\/saeure-basen-haushalt\/wurzelkraft\/wurzelkraft-zhough-feurige-gewuerzpaste-aus-gruenen-chilis\/#primaryimage","url":"https:\/\/bien-etreiris.ch\/wp-content\/uploads\/2019\/09\/Zhough-AlcaVie-p\u00e2te-\u00e9pic\u00e9e.jpg","contentUrl":"https:\/\/bien-etreiris.ch\/wp-content\/uploads\/2019\/09\/Zhough-AlcaVie-p\u00e2te-\u00e9pic\u00e9e.jpg","width":550,"height":392},{"@type":"BreadcrumbList","@id":"https:\/\/bien-etreiris.ch\/de\/produktpraesentation\/natuerliche-heilmittel\/saeure-basen-haushalt\/wurzelkraft\/wurzelkraft-zhough-feurige-gewuerzpaste-aus-gruenen-chilis\/#breadcrumb","itemListElement":[{"@type":"ListItem","position":1,"name":"Home","item":"https:\/\/bien-etreiris.ch\/de\/"},{"@type":"ListItem","position":2,"name":"PRODUKTPR\u00c4SENTATION","item":"https:\/\/bien-etreiris.ch\/de\/produktpraesentation\/"},{"@type":"ListItem","position":3,"name":"NAT\u00dcRLICHE HEILMITTEL","item":"https:\/\/bien-etreiris.ch\/de\/produktpraesentation\/natuerliche-heilmittel\/"},{"@type":"ListItem","position":4,"name":"S\u00c4URE-BASEN-HAUSHALT","item":"https:\/\/bien-etreiris.ch\/de\/produktpraesentation\/natuerliche-heilmittel\/saeure-basen-haushalt\/"},{"@type":"ListItem","position":5,"name":"WURZELKRAFT","item":"https:\/\/bien-etreiris.ch\/de\/produktpraesentation\/natuerliche-heilmittel\/saeure-basen-haushalt\/wurzelkraft\/"},{"@type":"ListItem","position":6,"name":"ZHOUGH-GEW\u00dcRZPASTE"}]},{"@type":"WebSite","@id":"https:\/\/bien-etreiris.ch\/de\/#website","url":"https:\/\/bien-etreiris.ch\/de\/","name":"Bien-\u00eatre Iris","description":"IHRE Gesundheit ist uns wichtig","potentialAction":[{"@type":"SearchAction","target":{"@type":"EntryPoint","urlTemplate":"https:\/\/bien-etreiris.ch\/de\/?s={search_term_string}"},"query-input":{"@type":"PropertyValueSpecification","valueRequired":true,"valueName":"search_term_string"}}],"inLanguage":"de"}]}},"_links":{"self":[{"href":"https:\/\/bien-etreiris.ch\/de\/wp-json\/wp\/v2\/pages\/28934","targetHints":{"allow":["GET"]}}],"collection":[{"href":"https:\/\/bien-etreiris.ch\/de\/wp-json\/wp\/v2\/pages"}],"about":[{"href":"https:\/\/bien-etreiris.ch\/de\/wp-json\/wp\/v2\/types\/page"}],"author":[{"embeddable":true,"href":"https:\/\/bien-etreiris.ch\/de\/wp-json\/wp\/v2\/users\/1"}],"replies":[{"embeddable":true,"href":"https:\/\/bien-etreiris.ch\/de\/wp-json\/wp\/v2\/comments?post=28934"}],"version-history":[{"count":4,"href":"https:\/\/bien-etreiris.ch\/de\/wp-json\/wp\/v2\/pages\/28934\/revisions"}],"predecessor-version":[{"id":28941,"href":"https:\/\/bien-etreiris.ch\/de\/wp-json\/wp\/v2\/pages\/28934\/revisions\/28941"}],"up":[{"embeddable":true,"href":"https:\/\/bien-etreiris.ch\/de\/wp-json\/wp\/v2\/pages\/13815"}],"wp:featuredmedia":[{"embeddable":true,"href":"https:\/\/bien-etreiris.ch\/de\/wp-json\/wp\/v2\/media\/27651"}],"wp:attachment":[{"href":"https:\/\/bien-etreiris.ch\/de\/wp-json\/wp\/v2\/media?parent=28934"}],"curies":[{"name":"wp","href":"https:\/\/api.w.org\/{rel}","templated":true}]}}