{"id":28927,"date":"2019-09-07T08:02:46","date_gmt":"2019-09-07T08:02:46","guid":{"rendered":"https:\/\/bien-etreiris.ch\/wohlbefinden\/basische-produkte-p-jentschura\/wurzelkraft\/smoothie-vert\/"},"modified":"2019-09-08T11:04:13","modified_gmt":"2019-09-08T11:04:13","slug":"gruener-smoothie","status":"publish","type":"page","link":"https:\/\/bien-etreiris.ch\/de\/produktpraesentation\/natuerliche-heilmittel\/saeure-basen-haushalt\/wurzelkraft\/gruener-smoothie\/","title":{"rendered":"GR\u00dcNER SMOOTHIE"},"content":{"rendered":"\n<h2 class=\"wp-block-heading\"> <br>Gr\u00fcner Smoothie <\/h2>\n\n\n<h4><strong><a href=\"https:\/\/decoiris.ch\/wp-content\/uploads\/2019\/09\/Smoothie-vert-innen.jpg\"><img loading=\"lazy\" decoding=\"async\" class=\"alignnone wp-image-28403 size-full\" src=\"https:\/\/decoiris.ch\/wp-content\/uploads\/2019\/09\/Smoothie-vert-innen.jpg\" alt=\"\" width=\"820\" height=\"687\" srcset=\"https:\/\/bien-etreiris.ch\/wp-content\/uploads\/2019\/09\/Smoothie-vert-innen.jpg 820w, https:\/\/bien-etreiris.ch\/wp-content\/uploads\/2019\/09\/Smoothie-vert-innen-300x251.jpg 300w, https:\/\/bien-etreiris.ch\/wp-content\/uploads\/2019\/09\/Smoothie-vert-innen-768x643.jpg 768w\" sizes=\"auto, (max-width: 820px) 100vw, 820px\" \/><\/a><\/strong><\/h4>\n<h4 class=\"headline\"><strong>Zutaten f\u00fcr 1 Person<\/strong><\/h4>\n<table class=\"tablesaw tablesaw-stack table-recipe\" data-tablesaw-mode=\"stack\">\n<tbody>\n<tr>\n<td class=\"value\">50 \u2013 100 ml<\/td>\n<td class=\"ingredient\" data-sr-id=\"1\">Wasser<\/td>\n<\/tr>\n<tr>\n<td class=\"value\">40 g<\/td>\n<td class=\"ingredient\" data-sr-id=\"3\">Blattsalat<\/td>\n<\/tr>\n<tr>\n<td class=\"value\">30 g<\/td>\n<td class=\"ingredient\" data-sr-id=\"4\">Chicor\u00e9e<\/td>\n<\/tr>\n<tr>\n<td class=\"value\">\u00bd<\/td>\n<td class=\"ingredient\" data-sr-id=\"5\">Pfirsich oder Nektarine<\/td>\n<\/tr>\n<tr>\n<td class=\"value\">\u00bd<\/td>\n<td class=\"ingredient\" data-sr-id=\"6\">Banane<\/td>\n<\/tr>\n<tr>\n<td class=\"value\">1 \u2013 2<\/td>\n<td class=\"ingredient\" data-sr-id=\"7\">Datteln ohne Kerne<\/td>\n<\/tr>\n<tr>\n<td class=\"value\">5 \u2013 6 St\u00fcck<\/td>\n<td class=\"ingredient\" data-sr-id=\"8\">Waln\u00fcsse<\/td>\n<\/tr>\n<tr>\n<td class=\"value\">1 \u2013 2 TL<\/td>\n<td class=\"ingredient\" data-sr-id=\"9\">WurzelKraft<\/td>\n<\/tr>\n<tr>\n<td class=\"value\">&nbsp;<\/td>\n<td class=\"ingredient\" data-sr-id=\"10\">Petersilie, Minze oder Zitronenmelisse (je nach Geschmack)<\/td>\n<\/tr>\n<\/tbody>\n<\/table>\n<p>&nbsp;<\/p>\n<div class=\"recipe-preparation\">\n<div class=\"recipe-preparation\">\n<h4 class=\"headline\">Zubereitung<\/h4>\n<p>Alle Zutaten klein schneiden, in einen Standmixer geben und gut mixen.<\/p>\n<p>Die WurzelKraft kann je nach Geschmack vor oder nach dem Mixen dazugegeben werden.<\/p>\n<\/div>\n<\/div>","protected":false},"excerpt":{"rendered":"<p>Gr\u00fcner Smoothie Zutaten f\u00fcr 1 Person 50 \u2013 100 ml Wasser 40 g Blattsalat 30 g Chicor\u00e9e \u00bd Pfirsich oder Nektarine \u00bd Banane 1 \u2013 2 Datteln ohne Kerne 5 \u2013 6 St\u00fcck Waln\u00fcsse 1 \u2013 2 TL WurzelKraft &nbsp; Petersilie, Minze oder Zitronenmelisse (je nach Geschmack) &nbsp; Zubereitung Alle Zutaten klein schneiden, in einen Standmixer geben und gut mixen.&nbsp;<a href=\"https:\/\/bien-etreiris.ch\/de\/produktpraesentation\/natuerliche-heilmittel\/saeure-basen-haushalt\/wurzelkraft\/gruener-smoothie\/\" class=\"read-more\">Weiter lesen<\/a><\/p>\n","protected":false},"author":1,"featured_media":27968,"parent":13815,"menu_order":7238,"comment_status":"closed","ping_status":"closed","template":"page-with-child.php","meta":{"_acf_changed":false,"ngg_post_thumbnail":0,"footnotes":""},"class_list":["post-28927","page","type-page","status-publish","has-post-thumbnail","hentry"],"acf":[],"yoast_head":"<!-- This site is optimized with the Yoast SEO plugin v27.5 - https:\/\/yoast.com\/product\/yoast-seo-wordpress\/ -->\n<title>GR\u00dcNER SMOOTHIE - WOHLBEFINDEN<\/title>\n<meta name=\"robots\" content=\"index, follow, max-snippet:-1, max-image-preview:large, max-video-preview:-1\" \/>\n<link rel=\"canonical\" href=\"https:\/\/bien-etreiris.ch\/de\/produktpraesentation\/natuerliche-heilmittel\/saeure-basen-haushalt\/wurzelkraft\/gruener-smoothie\/\" \/>\n<meta property=\"og:locale\" content=\"de_DE\" \/>\n<meta property=\"og:type\" content=\"article\" \/>\n<meta property=\"og:title\" content=\"GR\u00dcNER SMOOTHIE - WOHLBEFINDEN\" \/>\n<meta property=\"og:description\" content=\"Gr\u00fcner Smoothie Zutaten f\u00fcr 1 Person 50 \u2013 100 ml Wasser 40 g Blattsalat 30 g Chicor\u00e9e \u00bd Pfirsich oder Nektarine \u00bd Banane 1 \u2013 2 Datteln ohne Kerne 5 \u2013 6 St\u00fcck Waln\u00fcsse 1 \u2013 2 TL WurzelKraft &nbsp; Petersilie, Minze oder Zitronenmelisse (je nach Geschmack) &nbsp; Zubereitung Alle Zutaten klein schneiden, in einen Standmixer geben und gut mixen.&nbsp;Weiter lesen\" \/>\n<meta property=\"og:url\" content=\"https:\/\/bien-etreiris.ch\/de\/produktpraesentation\/natuerliche-heilmittel\/saeure-basen-haushalt\/wurzelkraft\/gruener-smoothie\/\" \/>\n<meta property=\"og:site_name\" content=\"WOHLBEFINDEN\" \/>\n<meta property=\"article:publisher\" content=\"https:\/\/www.facebook.com\/bienetreiris\/\" \/>\n<meta property=\"article:modified_time\" content=\"2019-09-08T11:04:13+00:00\" \/>\n<meta property=\"og:image\" content=\"https:\/\/bien-etreiris.ch\/wp-content\/uploads\/2019\/09\/Smoothie-vert.jpg\" \/>\n\t<meta property=\"og:image:width\" content=\"550\" \/>\n\t<meta property=\"og:image:height\" content=\"367\" \/>\n\t<meta property=\"og:image:type\" content=\"image\/jpeg\" \/>\n<script type=\"application\/ld+json\" class=\"yoast-schema-graph\">{\"@context\":\"https:\\\/\\\/schema.org\",\"@graph\":[{\"@type\":\"WebPage\",\"@id\":\"https:\\\/\\\/bien-etreiris.ch\\\/de\\\/produktpraesentation\\\/natuerliche-heilmittel\\\/saeure-basen-haushalt\\\/wurzelkraft\\\/gruener-smoothie\\\/\",\"url\":\"https:\\\/\\\/bien-etreiris.ch\\\/de\\\/produktpraesentation\\\/natuerliche-heilmittel\\\/saeure-basen-haushalt\\\/wurzelkraft\\\/gruener-smoothie\\\/\",\"name\":\"GR\u00dcNER SMOOTHIE - WOHLBEFINDEN\",\"isPartOf\":{\"@id\":\"https:\\\/\\\/bien-etreiris.ch\\\/de\\\/#website\"},\"primaryImageOfPage\":{\"@id\":\"https:\\\/\\\/bien-etreiris.ch\\\/de\\\/produktpraesentation\\\/natuerliche-heilmittel\\\/saeure-basen-haushalt\\\/wurzelkraft\\\/gruener-smoothie\\\/#primaryimage\"},\"image\":{\"@id\":\"https:\\\/\\\/bien-etreiris.ch\\\/de\\\/produktpraesentation\\\/natuerliche-heilmittel\\\/saeure-basen-haushalt\\\/wurzelkraft\\\/gruener-smoothie\\\/#primaryimage\"},\"thumbnailUrl\":\"https:\\\/\\\/bien-etreiris.ch\\\/wp-content\\\/uploads\\\/2019\\\/09\\\/Smoothie-vert.jpg\",\"datePublished\":\"2019-09-07T08:02:46+00:00\",\"dateModified\":\"2019-09-08T11:04:13+00:00\",\"breadcrumb\":{\"@id\":\"https:\\\/\\\/bien-etreiris.ch\\\/de\\\/produktpraesentation\\\/natuerliche-heilmittel\\\/saeure-basen-haushalt\\\/wurzelkraft\\\/gruener-smoothie\\\/#breadcrumb\"},\"inLanguage\":\"de\",\"potentialAction\":[{\"@type\":\"ReadAction\",\"target\":[\"https:\\\/\\\/bien-etreiris.ch\\\/de\\\/produktpraesentation\\\/natuerliche-heilmittel\\\/saeure-basen-haushalt\\\/wurzelkraft\\\/gruener-smoothie\\\/\"]}]},{\"@type\":\"ImageObject\",\"inLanguage\":\"de\",\"@id\":\"https:\\\/\\\/bien-etreiris.ch\\\/de\\\/produktpraesentation\\\/natuerliche-heilmittel\\\/saeure-basen-haushalt\\\/wurzelkraft\\\/gruener-smoothie\\\/#primaryimage\",\"url\":\"https:\\\/\\\/bien-etreiris.ch\\\/wp-content\\\/uploads\\\/2019\\\/09\\\/Smoothie-vert.jpg\",\"contentUrl\":\"https:\\\/\\\/bien-etreiris.ch\\\/wp-content\\\/uploads\\\/2019\\\/09\\\/Smoothie-vert.jpg\",\"width\":550,\"height\":367},{\"@type\":\"BreadcrumbList\",\"@id\":\"https:\\\/\\\/bien-etreiris.ch\\\/de\\\/produktpraesentation\\\/natuerliche-heilmittel\\\/saeure-basen-haushalt\\\/wurzelkraft\\\/gruener-smoothie\\\/#breadcrumb\",\"itemListElement\":[{\"@type\":\"ListItem\",\"position\":1,\"name\":\"Home\",\"item\":\"https:\\\/\\\/bien-etreiris.ch\\\/de\\\/\"},{\"@type\":\"ListItem\",\"position\":2,\"name\":\"PRODUKTPR\u00c4SENTATION\",\"item\":\"https:\\\/\\\/bien-etreiris.ch\\\/de\\\/produktpraesentation\\\/\"},{\"@type\":\"ListItem\",\"position\":3,\"name\":\"NAT\u00dcRLICHE HEILMITTEL\",\"item\":\"https:\\\/\\\/bien-etreiris.ch\\\/de\\\/produktpraesentation\\\/natuerliche-heilmittel\\\/\"},{\"@type\":\"ListItem\",\"position\":4,\"name\":\"S\u00c4URE-BASEN-HAUSHALT\",\"item\":\"https:\\\/\\\/bien-etreiris.ch\\\/de\\\/produktpraesentation\\\/natuerliche-heilmittel\\\/saeure-basen-haushalt\\\/\"},{\"@type\":\"ListItem\",\"position\":5,\"name\":\"WURZELKRAFT\",\"item\":\"https:\\\/\\\/bien-etreiris.ch\\\/de\\\/produktpraesentation\\\/natuerliche-heilmittel\\\/saeure-basen-haushalt\\\/wurzelkraft\\\/\"},{\"@type\":\"ListItem\",\"position\":6,\"name\":\"GR\u00dcNER SMOOTHIE\"}]},{\"@type\":\"WebSite\",\"@id\":\"https:\\\/\\\/bien-etreiris.ch\\\/de\\\/#website\",\"url\":\"https:\\\/\\\/bien-etreiris.ch\\\/de\\\/\",\"name\":\"Bien-\u00eatre Iris\",\"description\":\"IHRE Gesundheit ist uns wichtig\",\"potentialAction\":[{\"@type\":\"SearchAction\",\"target\":{\"@type\":\"EntryPoint\",\"urlTemplate\":\"https:\\\/\\\/bien-etreiris.ch\\\/de\\\/?s={search_term_string}\"},\"query-input\":{\"@type\":\"PropertyValueSpecification\",\"valueRequired\":true,\"valueName\":\"search_term_string\"}}],\"inLanguage\":\"de\"}]}<\/script>\n<!-- \/ Yoast SEO plugin. -->","yoast_head_json":{"title":"GR\u00dcNER SMOOTHIE - WOHLBEFINDEN","robots":{"index":"index","follow":"follow","max-snippet":"max-snippet:-1","max-image-preview":"max-image-preview:large","max-video-preview":"max-video-preview:-1"},"canonical":"https:\/\/bien-etreiris.ch\/de\/produktpraesentation\/natuerliche-heilmittel\/saeure-basen-haushalt\/wurzelkraft\/gruener-smoothie\/","og_locale":"de_DE","og_type":"article","og_title":"GR\u00dcNER SMOOTHIE - WOHLBEFINDEN","og_description":"Gr\u00fcner Smoothie Zutaten f\u00fcr 1 Person 50 \u2013 100 ml Wasser 40 g Blattsalat 30 g Chicor\u00e9e \u00bd Pfirsich oder Nektarine \u00bd Banane 1 \u2013 2 Datteln ohne Kerne 5 \u2013 6 St\u00fcck Waln\u00fcsse 1 \u2013 2 TL WurzelKraft &nbsp; Petersilie, Minze oder Zitronenmelisse (je nach Geschmack) &nbsp; Zubereitung Alle Zutaten klein schneiden, in einen Standmixer geben und gut mixen.&nbsp;Weiter lesen","og_url":"https:\/\/bien-etreiris.ch\/de\/produktpraesentation\/natuerliche-heilmittel\/saeure-basen-haushalt\/wurzelkraft\/gruener-smoothie\/","og_site_name":"WOHLBEFINDEN","article_publisher":"https:\/\/www.facebook.com\/bienetreiris\/","article_modified_time":"2019-09-08T11:04:13+00:00","og_image":[{"width":550,"height":367,"url":"https:\/\/bien-etreiris.ch\/wp-content\/uploads\/2019\/09\/Smoothie-vert.jpg","type":"image\/jpeg"}],"schema":{"@context":"https:\/\/schema.org","@graph":[{"@type":"WebPage","@id":"https:\/\/bien-etreiris.ch\/de\/produktpraesentation\/natuerliche-heilmittel\/saeure-basen-haushalt\/wurzelkraft\/gruener-smoothie\/","url":"https:\/\/bien-etreiris.ch\/de\/produktpraesentation\/natuerliche-heilmittel\/saeure-basen-haushalt\/wurzelkraft\/gruener-smoothie\/","name":"GR\u00dcNER SMOOTHIE - WOHLBEFINDEN","isPartOf":{"@id":"https:\/\/bien-etreiris.ch\/de\/#website"},"primaryImageOfPage":{"@id":"https:\/\/bien-etreiris.ch\/de\/produktpraesentation\/natuerliche-heilmittel\/saeure-basen-haushalt\/wurzelkraft\/gruener-smoothie\/#primaryimage"},"image":{"@id":"https:\/\/bien-etreiris.ch\/de\/produktpraesentation\/natuerliche-heilmittel\/saeure-basen-haushalt\/wurzelkraft\/gruener-smoothie\/#primaryimage"},"thumbnailUrl":"https:\/\/bien-etreiris.ch\/wp-content\/uploads\/2019\/09\/Smoothie-vert.jpg","datePublished":"2019-09-07T08:02:46+00:00","dateModified":"2019-09-08T11:04:13+00:00","breadcrumb":{"@id":"https:\/\/bien-etreiris.ch\/de\/produktpraesentation\/natuerliche-heilmittel\/saeure-basen-haushalt\/wurzelkraft\/gruener-smoothie\/#breadcrumb"},"inLanguage":"de","potentialAction":[{"@type":"ReadAction","target":["https:\/\/bien-etreiris.ch\/de\/produktpraesentation\/natuerliche-heilmittel\/saeure-basen-haushalt\/wurzelkraft\/gruener-smoothie\/"]}]},{"@type":"ImageObject","inLanguage":"de","@id":"https:\/\/bien-etreiris.ch\/de\/produktpraesentation\/natuerliche-heilmittel\/saeure-basen-haushalt\/wurzelkraft\/gruener-smoothie\/#primaryimage","url":"https:\/\/bien-etreiris.ch\/wp-content\/uploads\/2019\/09\/Smoothie-vert.jpg","contentUrl":"https:\/\/bien-etreiris.ch\/wp-content\/uploads\/2019\/09\/Smoothie-vert.jpg","width":550,"height":367},{"@type":"BreadcrumbList","@id":"https:\/\/bien-etreiris.ch\/de\/produktpraesentation\/natuerliche-heilmittel\/saeure-basen-haushalt\/wurzelkraft\/gruener-smoothie\/#breadcrumb","itemListElement":[{"@type":"ListItem","position":1,"name":"Home","item":"https:\/\/bien-etreiris.ch\/de\/"},{"@type":"ListItem","position":2,"name":"PRODUKTPR\u00c4SENTATION","item":"https:\/\/bien-etreiris.ch\/de\/produktpraesentation\/"},{"@type":"ListItem","position":3,"name":"NAT\u00dcRLICHE HEILMITTEL","item":"https:\/\/bien-etreiris.ch\/de\/produktpraesentation\/natuerliche-heilmittel\/"},{"@type":"ListItem","position":4,"name":"S\u00c4URE-BASEN-HAUSHALT","item":"https:\/\/bien-etreiris.ch\/de\/produktpraesentation\/natuerliche-heilmittel\/saeure-basen-haushalt\/"},{"@type":"ListItem","position":5,"name":"WURZELKRAFT","item":"https:\/\/bien-etreiris.ch\/de\/produktpraesentation\/natuerliche-heilmittel\/saeure-basen-haushalt\/wurzelkraft\/"},{"@type":"ListItem","position":6,"name":"GR\u00dcNER SMOOTHIE"}]},{"@type":"WebSite","@id":"https:\/\/bien-etreiris.ch\/de\/#website","url":"https:\/\/bien-etreiris.ch\/de\/","name":"Bien-\u00eatre Iris","description":"IHRE Gesundheit ist uns wichtig","potentialAction":[{"@type":"SearchAction","target":{"@type":"EntryPoint","urlTemplate":"https:\/\/bien-etreiris.ch\/de\/?s={search_term_string}"},"query-input":{"@type":"PropertyValueSpecification","valueRequired":true,"valueName":"search_term_string"}}],"inLanguage":"de"}]}},"_links":{"self":[{"href":"https:\/\/bien-etreiris.ch\/de\/wp-json\/wp\/v2\/pages\/28927","targetHints":{"allow":["GET"]}}],"collection":[{"href":"https:\/\/bien-etreiris.ch\/de\/wp-json\/wp\/v2\/pages"}],"about":[{"href":"https:\/\/bien-etreiris.ch\/de\/wp-json\/wp\/v2\/types\/page"}],"author":[{"embeddable":true,"href":"https:\/\/bien-etreiris.ch\/de\/wp-json\/wp\/v2\/users\/1"}],"replies":[{"embeddable":true,"href":"https:\/\/bien-etreiris.ch\/de\/wp-json\/wp\/v2\/comments?post=28927"}],"version-history":[{"count":2,"href":"https:\/\/bien-etreiris.ch\/de\/wp-json\/wp\/v2\/pages\/28927\/revisions"}],"predecessor-version":[{"id":28931,"href":"https:\/\/bien-etreiris.ch\/de\/wp-json\/wp\/v2\/pages\/28927\/revisions\/28931"}],"up":[{"embeddable":true,"href":"https:\/\/bien-etreiris.ch\/de\/wp-json\/wp\/v2\/pages\/13815"}],"wp:featuredmedia":[{"embeddable":true,"href":"https:\/\/bien-etreiris.ch\/de\/wp-json\/wp\/v2\/media\/27968"}],"wp:attachment":[{"href":"https:\/\/bien-etreiris.ch\/de\/wp-json\/wp\/v2\/media?parent=28927"}],"curies":[{"name":"wp","href":"https:\/\/api.w.org\/{rel}","templated":true}]}}