{"id":28897,"date":"2019-09-07T07:39:26","date_gmt":"2019-09-07T07:39:26","guid":{"rendered":"https:\/\/bien-etreiris.ch\/wohlbefinden\/basische-produkte-p-jentschura\/wurzelkraft\/salade-composee-bonne-forme-a-la-sauce-citron\/"},"modified":"2019-09-08T10:37:24","modified_gmt":"2019-09-08T10:37:24","slug":"gemischter-fit-salat-mit-zitronendressing","status":"publish","type":"page","link":"https:\/\/bien-etreiris.ch\/de\/produktpraesentation\/natuerliche-heilmittel\/saeure-basen-haushalt\/wurzelkraft\/gemischter-fit-salat-mit-zitronendressing\/","title":{"rendered":"GEMISCHTER SALAT"},"content":{"rendered":"\n<h2 class=\"wp-block-heading\"> <br>Gemischter Fit-Salat mit Zitronendressing <\/h2>\n\n\n<p><a href=\"https:\/\/decoiris.ch\/wp-content\/uploads\/2019\/09\/Salade-compos\u00e9e-bonne-forme-\u00e0-la-sauce-citron-innen.jpg\"><img loading=\"lazy\" decoding=\"async\" class=\"alignnone wp-image-28376 size-full\" src=\"https:\/\/decoiris.ch\/wp-content\/uploads\/2019\/09\/Salade-compos\u00e9e-bonne-forme-\u00e0-la-sauce-citron-innen.jpg\" alt=\"\" width=\"820\" height=\"688\" srcset=\"https:\/\/bien-etreiris.ch\/wp-content\/uploads\/2019\/09\/Salade-compos\u00e9e-bonne-forme-\u00e0-la-sauce-citron-innen.jpg 820w, https:\/\/bien-etreiris.ch\/wp-content\/uploads\/2019\/09\/Salade-compos\u00e9e-bonne-forme-\u00e0-la-sauce-citron-innen-300x252.jpg 300w, https:\/\/bien-etreiris.ch\/wp-content\/uploads\/2019\/09\/Salade-compos\u00e9e-bonne-forme-\u00e0-la-sauce-citron-innen-768x644.jpg 768w\" sizes=\"auto, (max-width: 820px) 100vw, 820px\" \/><\/a><\/p>\n<h4 class=\"headline\"><strong>Zutaten f\u00fcr 4 Personen<\/strong><\/h4>\n<table class=\"tablesaw tablesaw-stack table-recipe\" data-tablesaw-mode=\"stack\">\n<tbody>\n<tr>\n<td class=\"value\">1<\/td>\n<td class=\"ingredient\" data-sr-id=\"1\">Eisbergsalat (oder 2 Salatherzen)<\/td>\n<\/tr>\n<tr>\n<td class=\"value\">200 g<\/td>\n<td class=\"ingredient\" data-sr-id=\"3\">Rotkohl<\/td>\n<\/tr>\n<tr>\n<td class=\"value\">1<\/td>\n<td class=\"ingredient\" data-sr-id=\"4\">Gurke<\/td>\n<\/tr>\n<tr>\n<td class=\"value\">1<\/td>\n<td class=\"ingredient\" data-sr-id=\"5\">Paprika (rot oder orange)<\/td>\n<\/tr>\n<tr>\n<td class=\"value\">2<\/td>\n<td class=\"ingredient\" data-sr-id=\"6\">Tomaten<\/td>\n<\/tr>\n<tr>\n<td class=\"value\">1<\/td>\n<td class=\"ingredient\" data-sr-id=\"7\">Apfel<\/td>\n<\/tr>\n<tr>\n<td class=\"value\">2<\/td>\n<td class=\"ingredient\" data-sr-id=\"8\">Lauchzwiebeln<\/td>\n<\/tr>\n<tr>\n<td class=\"value\">200 g<\/td>\n<td class=\"ingredient\" data-sr-id=\"9\">Schafsk\u00e4se<\/td>\n<\/tr>\n<tr>\n<td class=\"value\">1 \u2013 2 TL<\/td>\n<td class=\"ingredient\" data-sr-id=\"10\">WurzelKraft<\/td>\n<\/tr>\n<tr class=\"recipe-table-heading\">\n<td colspan=\"2\"><strong>F\u00fcr das Dressing<\/strong><\/td>\n<\/tr>\n<tr>\n<td class=\"value\">1<\/td>\n<td class=\"ingredient\" data-sr-id=\"11\">Zitrone, ausgepresst<\/td>\n<\/tr>\n<tr>\n<td class=\"value\">2 EL<\/td>\n<td class=\"ingredient\" data-sr-id=\"12\">Oliven\u00f6l<\/td>\n<\/tr>\n<tr>\n<td class=\"value\">2 EL<\/td>\n<td class=\"ingredient\" data-sr-id=\"13\">Lein\u00f6l<\/td>\n<\/tr>\n<tr>\n<td class=\"value\">1 TL<\/td>\n<td class=\"ingredient\" data-sr-id=\"14\">Honig<\/td>\n<\/tr>\n<tr>\n<td class=\"value\">&nbsp;<\/td>\n<td class=\"ingredient\" data-sr-id=\"15\">Kr\u00e4utersalz, Pfeffer<\/td>\n<\/tr>\n<\/tbody>\n<\/table>\n<p>&nbsp;<\/p>\n<div class=\"recipe-preparation\">\n<h4>&nbsp;<\/h4>\n<div class=\"recipe-preparation\">\n<h4 class=\"headline\"><strong>Zubereitung<\/strong><\/h4>\n<p>Alle Zutaten klein schneiden und auf die Teller anrichten. Die So\u00dfe dar\u00fcber geben und WurzelKraft auf den Salat streuen.<\/p>\n<p>Tipp: Der Salat ist anstelle des K\u00e4ses auch kombinierbar mit H\u00e4hnchenstreifen, Kichererbsen, Avocado, ger\u00f6stetem Tofu, gekochtem Ei u.v.m.<\/p>\n<\/div>\n<\/div>","protected":false},"excerpt":{"rendered":"<p>Gemischter Fit-Salat mit Zitronendressing Zutaten f\u00fcr 4 Personen 1 Eisbergsalat (oder 2 Salatherzen) 200 g Rotkohl 1 Gurke 1 Paprika (rot oder orange) 2 Tomaten 1 Apfel 2 Lauchzwiebeln 200 g Schafsk\u00e4se 1 \u2013 2 TL WurzelKraft F\u00fcr das Dressing 1 Zitrone, ausgepresst 2 EL Oliven\u00f6l 2 EL Lein\u00f6l 1 TL Honig &nbsp; Kr\u00e4utersalz, Pfeffer &nbsp; &nbsp; Zubereitung Alle Zutaten&nbsp;<a href=\"https:\/\/bien-etreiris.ch\/de\/produktpraesentation\/natuerliche-heilmittel\/saeure-basen-haushalt\/wurzelkraft\/gemischter-fit-salat-mit-zitronendressing\/\" class=\"read-more\">Weiter lesen<\/a><\/p>\n","protected":false},"author":1,"featured_media":27956,"parent":13815,"menu_order":7252,"comment_status":"closed","ping_status":"closed","template":"page-with-child.php","meta":{"_acf_changed":false,"ngg_post_thumbnail":0,"footnotes":""},"class_list":["post-28897","page","type-page","status-publish","has-post-thumbnail","hentry"],"acf":[],"yoast_head":"<!-- This site is optimized with the Yoast SEO plugin v27.5 - https:\/\/yoast.com\/product\/yoast-seo-wordpress\/ -->\n<title>GEMISCHTER SALAT - WOHLBEFINDEN<\/title>\n<meta name=\"robots\" content=\"index, follow, max-snippet:-1, max-image-preview:large, max-video-preview:-1\" \/>\n<link rel=\"canonical\" href=\"https:\/\/bien-etreiris.ch\/de\/produktpraesentation\/natuerliche-heilmittel\/saeure-basen-haushalt\/wurzelkraft\/gemischter-fit-salat-mit-zitronendressing\/\" \/>\n<meta property=\"og:locale\" content=\"de_DE\" \/>\n<meta property=\"og:type\" content=\"article\" \/>\n<meta property=\"og:title\" content=\"GEMISCHTER SALAT - WOHLBEFINDEN\" \/>\n<meta property=\"og:description\" content=\"Gemischter Fit-Salat mit Zitronendressing Zutaten f\u00fcr 4 Personen 1 Eisbergsalat (oder 2 Salatherzen) 200 g Rotkohl 1 Gurke 1 Paprika (rot oder orange) 2 Tomaten 1 Apfel 2 Lauchzwiebeln 200 g Schafsk\u00e4se 1 \u2013 2 TL WurzelKraft F\u00fcr das Dressing 1 Zitrone, ausgepresst 2 EL Oliven\u00f6l 2 EL Lein\u00f6l 1 TL Honig &nbsp; Kr\u00e4utersalz, Pfeffer &nbsp; &nbsp; Zubereitung Alle Zutaten&nbsp;Weiter lesen\" \/>\n<meta property=\"og:url\" content=\"https:\/\/bien-etreiris.ch\/de\/produktpraesentation\/natuerliche-heilmittel\/saeure-basen-haushalt\/wurzelkraft\/gemischter-fit-salat-mit-zitronendressing\/\" \/>\n<meta property=\"og:site_name\" content=\"WOHLBEFINDEN\" \/>\n<meta property=\"article:publisher\" content=\"https:\/\/www.facebook.com\/bienetreiris\/\" \/>\n<meta property=\"article:modified_time\" content=\"2019-09-08T10:37:24+00:00\" \/>\n<meta property=\"og:image\" content=\"https:\/\/bien-etreiris.ch\/wp-content\/uploads\/2019\/09\/Salade-compos\u00e9e-bonne-forme-\u00e0-la-sauce-citron.jpg\" \/>\n\t<meta property=\"og:image:width\" content=\"550\" \/>\n\t<meta property=\"og:image:height\" content=\"367\" \/>\n\t<meta property=\"og:image:type\" content=\"image\/jpeg\" \/>\n<script type=\"application\/ld+json\" class=\"yoast-schema-graph\">{\"@context\":\"https:\\\/\\\/schema.org\",\"@graph\":[{\"@type\":\"WebPage\",\"@id\":\"https:\\\/\\\/bien-etreiris.ch\\\/de\\\/produktpraesentation\\\/natuerliche-heilmittel\\\/saeure-basen-haushalt\\\/wurzelkraft\\\/gemischter-fit-salat-mit-zitronendressing\\\/\",\"url\":\"https:\\\/\\\/bien-etreiris.ch\\\/de\\\/produktpraesentation\\\/natuerliche-heilmittel\\\/saeure-basen-haushalt\\\/wurzelkraft\\\/gemischter-fit-salat-mit-zitronendressing\\\/\",\"name\":\"GEMISCHTER SALAT - WOHLBEFINDEN\",\"isPartOf\":{\"@id\":\"https:\\\/\\\/bien-etreiris.ch\\\/de\\\/#website\"},\"primaryImageOfPage\":{\"@id\":\"https:\\\/\\\/bien-etreiris.ch\\\/de\\\/produktpraesentation\\\/natuerliche-heilmittel\\\/saeure-basen-haushalt\\\/wurzelkraft\\\/gemischter-fit-salat-mit-zitronendressing\\\/#primaryimage\"},\"image\":{\"@id\":\"https:\\\/\\\/bien-etreiris.ch\\\/de\\\/produktpraesentation\\\/natuerliche-heilmittel\\\/saeure-basen-haushalt\\\/wurzelkraft\\\/gemischter-fit-salat-mit-zitronendressing\\\/#primaryimage\"},\"thumbnailUrl\":\"https:\\\/\\\/bien-etreiris.ch\\\/wp-content\\\/uploads\\\/2019\\\/09\\\/Salade-compos\u00e9e-bonne-forme-\u00e0-la-sauce-citron.jpg\",\"datePublished\":\"2019-09-07T07:39:26+00:00\",\"dateModified\":\"2019-09-08T10:37:24+00:00\",\"breadcrumb\":{\"@id\":\"https:\\\/\\\/bien-etreiris.ch\\\/de\\\/produktpraesentation\\\/natuerliche-heilmittel\\\/saeure-basen-haushalt\\\/wurzelkraft\\\/gemischter-fit-salat-mit-zitronendressing\\\/#breadcrumb\"},\"inLanguage\":\"de\",\"potentialAction\":[{\"@type\":\"ReadAction\",\"target\":[\"https:\\\/\\\/bien-etreiris.ch\\\/de\\\/produktpraesentation\\\/natuerliche-heilmittel\\\/saeure-basen-haushalt\\\/wurzelkraft\\\/gemischter-fit-salat-mit-zitronendressing\\\/\"]}]},{\"@type\":\"ImageObject\",\"inLanguage\":\"de\",\"@id\":\"https:\\\/\\\/bien-etreiris.ch\\\/de\\\/produktpraesentation\\\/natuerliche-heilmittel\\\/saeure-basen-haushalt\\\/wurzelkraft\\\/gemischter-fit-salat-mit-zitronendressing\\\/#primaryimage\",\"url\":\"https:\\\/\\\/bien-etreiris.ch\\\/wp-content\\\/uploads\\\/2019\\\/09\\\/Salade-compos\u00e9e-bonne-forme-\u00e0-la-sauce-citron.jpg\",\"contentUrl\":\"https:\\\/\\\/bien-etreiris.ch\\\/wp-content\\\/uploads\\\/2019\\\/09\\\/Salade-compos\u00e9e-bonne-forme-\u00e0-la-sauce-citron.jpg\",\"width\":550,\"height\":367},{\"@type\":\"BreadcrumbList\",\"@id\":\"https:\\\/\\\/bien-etreiris.ch\\\/de\\\/produktpraesentation\\\/natuerliche-heilmittel\\\/saeure-basen-haushalt\\\/wurzelkraft\\\/gemischter-fit-salat-mit-zitronendressing\\\/#breadcrumb\",\"itemListElement\":[{\"@type\":\"ListItem\",\"position\":1,\"name\":\"Home\",\"item\":\"https:\\\/\\\/bien-etreiris.ch\\\/de\\\/\"},{\"@type\":\"ListItem\",\"position\":2,\"name\":\"PRODUKTPR\u00c4SENTATION\",\"item\":\"https:\\\/\\\/bien-etreiris.ch\\\/de\\\/produktpraesentation\\\/\"},{\"@type\":\"ListItem\",\"position\":3,\"name\":\"NAT\u00dcRLICHE HEILMITTEL\",\"item\":\"https:\\\/\\\/bien-etreiris.ch\\\/de\\\/produktpraesentation\\\/natuerliche-heilmittel\\\/\"},{\"@type\":\"ListItem\",\"position\":4,\"name\":\"S\u00c4URE-BASEN-HAUSHALT\",\"item\":\"https:\\\/\\\/bien-etreiris.ch\\\/de\\\/produktpraesentation\\\/natuerliche-heilmittel\\\/saeure-basen-haushalt\\\/\"},{\"@type\":\"ListItem\",\"position\":5,\"name\":\"WURZELKRAFT\",\"item\":\"https:\\\/\\\/bien-etreiris.ch\\\/de\\\/produktpraesentation\\\/natuerliche-heilmittel\\\/saeure-basen-haushalt\\\/wurzelkraft\\\/\"},{\"@type\":\"ListItem\",\"position\":6,\"name\":\"GEMISCHTER SALAT\"}]},{\"@type\":\"WebSite\",\"@id\":\"https:\\\/\\\/bien-etreiris.ch\\\/de\\\/#website\",\"url\":\"https:\\\/\\\/bien-etreiris.ch\\\/de\\\/\",\"name\":\"Bien-\u00eatre Iris\",\"description\":\"IHRE Gesundheit ist uns wichtig\",\"potentialAction\":[{\"@type\":\"SearchAction\",\"target\":{\"@type\":\"EntryPoint\",\"urlTemplate\":\"https:\\\/\\\/bien-etreiris.ch\\\/de\\\/?s={search_term_string}\"},\"query-input\":{\"@type\":\"PropertyValueSpecification\",\"valueRequired\":true,\"valueName\":\"search_term_string\"}}],\"inLanguage\":\"de\"}]}<\/script>\n<!-- \/ Yoast SEO plugin. -->","yoast_head_json":{"title":"GEMISCHTER SALAT - WOHLBEFINDEN","robots":{"index":"index","follow":"follow","max-snippet":"max-snippet:-1","max-image-preview":"max-image-preview:large","max-video-preview":"max-video-preview:-1"},"canonical":"https:\/\/bien-etreiris.ch\/de\/produktpraesentation\/natuerliche-heilmittel\/saeure-basen-haushalt\/wurzelkraft\/gemischter-fit-salat-mit-zitronendressing\/","og_locale":"de_DE","og_type":"article","og_title":"GEMISCHTER SALAT - WOHLBEFINDEN","og_description":"Gemischter Fit-Salat mit Zitronendressing Zutaten f\u00fcr 4 Personen 1 Eisbergsalat (oder 2 Salatherzen) 200 g Rotkohl 1 Gurke 1 Paprika (rot oder orange) 2 Tomaten 1 Apfel 2 Lauchzwiebeln 200 g Schafsk\u00e4se 1 \u2013 2 TL WurzelKraft F\u00fcr das Dressing 1 Zitrone, ausgepresst 2 EL Oliven\u00f6l 2 EL Lein\u00f6l 1 TL Honig &nbsp; Kr\u00e4utersalz, Pfeffer &nbsp; &nbsp; Zubereitung Alle Zutaten&nbsp;Weiter lesen","og_url":"https:\/\/bien-etreiris.ch\/de\/produktpraesentation\/natuerliche-heilmittel\/saeure-basen-haushalt\/wurzelkraft\/gemischter-fit-salat-mit-zitronendressing\/","og_site_name":"WOHLBEFINDEN","article_publisher":"https:\/\/www.facebook.com\/bienetreiris\/","article_modified_time":"2019-09-08T10:37:24+00:00","og_image":[{"width":550,"height":367,"url":"https:\/\/bien-etreiris.ch\/wp-content\/uploads\/2019\/09\/Salade-compos\u00e9e-bonne-forme-\u00e0-la-sauce-citron.jpg","type":"image\/jpeg"}],"schema":{"@context":"https:\/\/schema.org","@graph":[{"@type":"WebPage","@id":"https:\/\/bien-etreiris.ch\/de\/produktpraesentation\/natuerliche-heilmittel\/saeure-basen-haushalt\/wurzelkraft\/gemischter-fit-salat-mit-zitronendressing\/","url":"https:\/\/bien-etreiris.ch\/de\/produktpraesentation\/natuerliche-heilmittel\/saeure-basen-haushalt\/wurzelkraft\/gemischter-fit-salat-mit-zitronendressing\/","name":"GEMISCHTER SALAT - WOHLBEFINDEN","isPartOf":{"@id":"https:\/\/bien-etreiris.ch\/de\/#website"},"primaryImageOfPage":{"@id":"https:\/\/bien-etreiris.ch\/de\/produktpraesentation\/natuerliche-heilmittel\/saeure-basen-haushalt\/wurzelkraft\/gemischter-fit-salat-mit-zitronendressing\/#primaryimage"},"image":{"@id":"https:\/\/bien-etreiris.ch\/de\/produktpraesentation\/natuerliche-heilmittel\/saeure-basen-haushalt\/wurzelkraft\/gemischter-fit-salat-mit-zitronendressing\/#primaryimage"},"thumbnailUrl":"https:\/\/bien-etreiris.ch\/wp-content\/uploads\/2019\/09\/Salade-compos\u00e9e-bonne-forme-\u00e0-la-sauce-citron.jpg","datePublished":"2019-09-07T07:39:26+00:00","dateModified":"2019-09-08T10:37:24+00:00","breadcrumb":{"@id":"https:\/\/bien-etreiris.ch\/de\/produktpraesentation\/natuerliche-heilmittel\/saeure-basen-haushalt\/wurzelkraft\/gemischter-fit-salat-mit-zitronendressing\/#breadcrumb"},"inLanguage":"de","potentialAction":[{"@type":"ReadAction","target":["https:\/\/bien-etreiris.ch\/de\/produktpraesentation\/natuerliche-heilmittel\/saeure-basen-haushalt\/wurzelkraft\/gemischter-fit-salat-mit-zitronendressing\/"]}]},{"@type":"ImageObject","inLanguage":"de","@id":"https:\/\/bien-etreiris.ch\/de\/produktpraesentation\/natuerliche-heilmittel\/saeure-basen-haushalt\/wurzelkraft\/gemischter-fit-salat-mit-zitronendressing\/#primaryimage","url":"https:\/\/bien-etreiris.ch\/wp-content\/uploads\/2019\/09\/Salade-compos\u00e9e-bonne-forme-\u00e0-la-sauce-citron.jpg","contentUrl":"https:\/\/bien-etreiris.ch\/wp-content\/uploads\/2019\/09\/Salade-compos\u00e9e-bonne-forme-\u00e0-la-sauce-citron.jpg","width":550,"height":367},{"@type":"BreadcrumbList","@id":"https:\/\/bien-etreiris.ch\/de\/produktpraesentation\/natuerliche-heilmittel\/saeure-basen-haushalt\/wurzelkraft\/gemischter-fit-salat-mit-zitronendressing\/#breadcrumb","itemListElement":[{"@type":"ListItem","position":1,"name":"Home","item":"https:\/\/bien-etreiris.ch\/de\/"},{"@type":"ListItem","position":2,"name":"PRODUKTPR\u00c4SENTATION","item":"https:\/\/bien-etreiris.ch\/de\/produktpraesentation\/"},{"@type":"ListItem","position":3,"name":"NAT\u00dcRLICHE HEILMITTEL","item":"https:\/\/bien-etreiris.ch\/de\/produktpraesentation\/natuerliche-heilmittel\/"},{"@type":"ListItem","position":4,"name":"S\u00c4URE-BASEN-HAUSHALT","item":"https:\/\/bien-etreiris.ch\/de\/produktpraesentation\/natuerliche-heilmittel\/saeure-basen-haushalt\/"},{"@type":"ListItem","position":5,"name":"WURZELKRAFT","item":"https:\/\/bien-etreiris.ch\/de\/produktpraesentation\/natuerliche-heilmittel\/saeure-basen-haushalt\/wurzelkraft\/"},{"@type":"ListItem","position":6,"name":"GEMISCHTER SALAT"}]},{"@type":"WebSite","@id":"https:\/\/bien-etreiris.ch\/de\/#website","url":"https:\/\/bien-etreiris.ch\/de\/","name":"Bien-\u00eatre Iris","description":"IHRE Gesundheit ist uns wichtig","potentialAction":[{"@type":"SearchAction","target":{"@type":"EntryPoint","urlTemplate":"https:\/\/bien-etreiris.ch\/de\/?s={search_term_string}"},"query-input":{"@type":"PropertyValueSpecification","valueRequired":true,"valueName":"search_term_string"}}],"inLanguage":"de"}]}},"_links":{"self":[{"href":"https:\/\/bien-etreiris.ch\/de\/wp-json\/wp\/v2\/pages\/28897","targetHints":{"allow":["GET"]}}],"collection":[{"href":"https:\/\/bien-etreiris.ch\/de\/wp-json\/wp\/v2\/pages"}],"about":[{"href":"https:\/\/bien-etreiris.ch\/de\/wp-json\/wp\/v2\/types\/page"}],"author":[{"embeddable":true,"href":"https:\/\/bien-etreiris.ch\/de\/wp-json\/wp\/v2\/users\/1"}],"replies":[{"embeddable":true,"href":"https:\/\/bien-etreiris.ch\/de\/wp-json\/wp\/v2\/comments?post=28897"}],"version-history":[{"count":3,"href":"https:\/\/bien-etreiris.ch\/de\/wp-json\/wp\/v2\/pages\/28897\/revisions"}],"predecessor-version":[{"id":28903,"href":"https:\/\/bien-etreiris.ch\/de\/wp-json\/wp\/v2\/pages\/28897\/revisions\/28903"}],"up":[{"embeddable":true,"href":"https:\/\/bien-etreiris.ch\/de\/wp-json\/wp\/v2\/pages\/13815"}],"wp:featuredmedia":[{"embeddable":true,"href":"https:\/\/bien-etreiris.ch\/de\/wp-json\/wp\/v2\/media\/27956"}],"wp:attachment":[{"href":"https:\/\/bien-etreiris.ch\/de\/wp-json\/wp\/v2\/media?parent=28897"}],"curies":[{"name":"wp","href":"https:\/\/api.w.org\/{rel}","templated":true}]}}