{"id":28888,"date":"2019-09-07T07:33:27","date_gmt":"2019-09-07T07:33:27","guid":{"rendered":"https:\/\/bien-etreiris.ch\/wohlbefinden\/basische-produkte-p-jentschura\/wurzelkraft\/poelee-de-patate-douce-et-lentilles-epicee-avec-fromage-de-brebis\/"},"modified":"2019-09-08T10:30:57","modified_gmt":"2019-09-08T10:30:57","slug":"wuerzige-suesskartoffel-linsen-pfanne-mit-schafskaese","status":"publish","type":"page","link":"https:\/\/bien-etreiris.ch\/de\/produktpraesentation\/natuerliche-heilmittel\/saeure-basen-haushalt\/wurzelkraft\/wuerzige-suesskartoffel-linsen-pfanne-mit-schafskaese\/","title":{"rendered":"W\u00dcRZIGE S\u00dcSSKARTOFFEL"},"content":{"rendered":"\n<h2 class=\"wp-block-heading\"> <br>W\u00fcrzige S\u00fc\u00dfkartoffel-Linsen Pfanne mit Schafsk\u00e4se  <\/h2>\n\n\n<p><a href=\"https:\/\/decoiris.ch\/wp-content\/uploads\/2019\/09\/Po\u00eal\u00e9e-de-patate-douce-et-lentilles-\u00e9pic\u00e9e-avec-fromage-de-brebis-innen.jpg\"><img loading=\"lazy\" decoding=\"async\" class=\"alignnone wp-image-28369 size-full\" src=\"https:\/\/decoiris.ch\/wp-content\/uploads\/2019\/09\/Po\u00eal\u00e9e-de-patate-douce-et-lentilles-\u00e9pic\u00e9e-avec-fromage-de-brebis-innen.jpg\" alt=\"\" width=\"820\" height=\"688\" srcset=\"https:\/\/bien-etreiris.ch\/wp-content\/uploads\/2019\/09\/Po\u00eal\u00e9e-de-patate-douce-et-lentilles-\u00e9pic\u00e9e-avec-fromage-de-brebis-innen.jpg 820w, https:\/\/bien-etreiris.ch\/wp-content\/uploads\/2019\/09\/Po\u00eal\u00e9e-de-patate-douce-et-lentilles-\u00e9pic\u00e9e-avec-fromage-de-brebis-innen-300x252.jpg 300w, https:\/\/bien-etreiris.ch\/wp-content\/uploads\/2019\/09\/Po\u00eal\u00e9e-de-patate-douce-et-lentilles-\u00e9pic\u00e9e-avec-fromage-de-brebis-innen-768x644.jpg 768w\" sizes=\"auto, (max-width: 820px) 100vw, 820px\" \/><\/a><\/p>\n<h4 class=\"headline\"><strong>Zutaten f\u00fcr 2 \u2013 3 Personen<\/strong><\/h4>\n<table class=\"tablesaw tablesaw-stack table-recipe\" data-tablesaw-mode=\"stack\">\n<tbody>\n<tr>\n<td class=\"value\">150 g<\/td>\n<td class=\"ingredient\" data-sr-id=\"1\">Berglinsen<\/td>\n<\/tr>\n<tr>\n<td class=\"value\">1<\/td>\n<td class=\"ingredient\" data-sr-id=\"3\">rote Zwiebel<\/td>\n<\/tr>\n<tr>\n<td class=\"value\">1<\/td>\n<td class=\"ingredient\" data-sr-id=\"4\">gro\u00dfe S\u00fc\u00dfkartoffel (oder ein kleiner Hokaido-K\u00fcrbis)<\/td>\n<\/tr>\n<tr>\n<td class=\"value\">2 EL<\/td>\n<td class=\"ingredient\" data-sr-id=\"5\">Oliven\u00f6l<\/td>\n<\/tr>\n<tr>\n<td class=\"value\">8 EL<\/td>\n<td class=\"ingredient\" data-sr-id=\"6\">Salbeibl\u00e4tter<\/td>\n<\/tr>\n<tr>\n<td class=\"value\">150 g<\/td>\n<td class=\"ingredient\" data-sr-id=\"7\">Cherrytomaten<\/td>\n<\/tr>\n<tr>\n<td class=\"value\">2 EL<\/td>\n<td class=\"ingredient\" data-sr-id=\"8\">Balsamicoessig<\/td>\n<\/tr>\n<tr>\n<td class=\"value\">2 EL<\/td>\n<td class=\"ingredient\" data-sr-id=\"9\">Cherryessig<\/td>\n<\/tr>\n<tr>\n<td class=\"value\">200 ml<\/td>\n<td class=\"ingredient\" data-sr-id=\"10\">Gem\u00fcsebr\u00fche<\/td>\n<\/tr>\n<tr>\n<td class=\"value\">&nbsp;<\/td>\n<td class=\"ingredient\" data-sr-id=\"11\">Petersilie (frisch oder tiefgek\u00fchlt)<\/td>\n<\/tr>\n<tr>\n<td class=\"value\">150 g<\/td>\n<td class=\"ingredient\" data-sr-id=\"12\">Schafsk\u00e4se<\/td>\n<\/tr>\n<tr>\n<td class=\"value\">1 Paket<\/td>\n<td class=\"ingredient\" data-sr-id=\"13\">R\u00e4uchertofu<\/td>\n<\/tr>\n<tr>\n<td class=\"value\">1 TL<\/td>\n<td class=\"ingredient\" data-sr-id=\"14\">Kokosfett<\/td>\n<\/tr>\n<tr>\n<td class=\"value\">1 \u2013 2 TL<\/td>\n<td class=\"ingredient\" data-sr-id=\"15\">WurzelKraft<\/td>\n<\/tr>\n<\/tbody>\n<\/table>\n<p>&nbsp;<\/p>\n<div class=\"recipe-preparation\">\n<h4>&nbsp;<\/h4>\n<div class=\"recipe-preparation\">\n<h4 class=\"headline\"><strong>Zubereitung<\/strong><\/h4>\n<p>Die Linsen in kochendes Wasser geben und 30 Minuten garen. Abgie\u00dfen und zur Seite stellen.<\/p>\n<p>Die Zwiebel pellen und klein schneiden. Die S\u00fc\u00dfkartoffel abwaschen, die Schale entfernen und in W\u00fcrfel schneiden. In einer Pfanne 2 EL \u00d6L erhitzen und die Zwiebel, Salbeibl\u00e4tter und die S\u00fc\u00dfkartoffelw\u00fcrfel darin and\u00fcnsten. Mit Gem\u00fcsebr\u00fche angie\u00dfen und etwa 20 Minuten garen. Mit dem Essig angie\u00dfen und mit Salz und Pfeffer w\u00fcrzen.<\/p>\n<p>Die Cherrytomaten waschen, halbieren und nach 10 Minuten Garzeit in die Pfanne geben. Den Schafsk\u00e4se w\u00fcrfeln, hineingeben und schmelzen lassen. Zum Schluss die Linsen hineingeben, erw\u00e4rmen und mit der Petersilie bestreuen.<\/p>\n<p>In einer kleinen Pfanne das Kokosfett erhitzen und den gew\u00fcrfelten R\u00e4uchertofu anbraten. Die Linsen-Gem\u00fcsepfanne mit dem Tofu servieren. Dazu schmecken auch Pellkartoffeln, Hirse o. \u00c4.<\/p>\n<p>Nach Abk\u00fchlung mit 1 \u2013 2 TL WurzelKraft verfeinern.<\/p>\n<\/div>\n<\/div>","protected":false},"excerpt":{"rendered":"<p>W\u00fcrzige S\u00fc\u00dfkartoffel-Linsen Pfanne mit Schafsk\u00e4se Zutaten f\u00fcr 2 \u2013 3 Personen 150 g Berglinsen 1 rote Zwiebel 1 gro\u00dfe S\u00fc\u00dfkartoffel (oder ein kleiner Hokaido-K\u00fcrbis) 2 EL Oliven\u00f6l 8 EL Salbeibl\u00e4tter 150 g Cherrytomaten 2 EL Balsamicoessig 2 EL Cherryessig 200 ml Gem\u00fcsebr\u00fche &nbsp; Petersilie (frisch oder tiefgek\u00fchlt) 150 g Schafsk\u00e4se 1 Paket R\u00e4uchertofu 1 TL Kokosfett 1 \u2013 2 TL&nbsp;<a href=\"https:\/\/bien-etreiris.ch\/de\/produktpraesentation\/natuerliche-heilmittel\/saeure-basen-haushalt\/wurzelkraft\/wuerzige-suesskartoffel-linsen-pfanne-mit-schafskaese\/\" class=\"read-more\">Weiter lesen<\/a><\/p>\n","protected":false},"author":1,"featured_media":27953,"parent":13815,"menu_order":7256,"comment_status":"closed","ping_status":"closed","template":"page-with-child.php","meta":{"_acf_changed":false,"ngg_post_thumbnail":0,"footnotes":""},"class_list":["post-28888","page","type-page","status-publish","has-post-thumbnail","hentry"],"acf":[],"yoast_head":"<!-- This site is optimized with the Yoast SEO plugin v27.5 - https:\/\/yoast.com\/product\/yoast-seo-wordpress\/ -->\n<title>W\u00dcRZIGE S\u00dcSSKARTOFFEL - WOHLBEFINDEN<\/title>\n<meta name=\"robots\" content=\"index, follow, max-snippet:-1, max-image-preview:large, max-video-preview:-1\" \/>\n<link rel=\"canonical\" href=\"https:\/\/bien-etreiris.ch\/de\/produktpraesentation\/natuerliche-heilmittel\/saeure-basen-haushalt\/wurzelkraft\/wuerzige-suesskartoffel-linsen-pfanne-mit-schafskaese\/\" \/>\n<meta property=\"og:locale\" content=\"de_DE\" \/>\n<meta property=\"og:type\" content=\"article\" \/>\n<meta property=\"og:title\" content=\"W\u00dcRZIGE S\u00dcSSKARTOFFEL - WOHLBEFINDEN\" \/>\n<meta property=\"og:description\" content=\"W\u00fcrzige S\u00fc\u00dfkartoffel-Linsen Pfanne mit Schafsk\u00e4se Zutaten f\u00fcr 2 \u2013 3 Personen 150 g Berglinsen 1 rote Zwiebel 1 gro\u00dfe S\u00fc\u00dfkartoffel (oder ein kleiner Hokaido-K\u00fcrbis) 2 EL Oliven\u00f6l 8 EL Salbeibl\u00e4tter 150 g Cherrytomaten 2 EL Balsamicoessig 2 EL Cherryessig 200 ml Gem\u00fcsebr\u00fche &nbsp; Petersilie (frisch oder tiefgek\u00fchlt) 150 g Schafsk\u00e4se 1 Paket R\u00e4uchertofu 1 TL Kokosfett 1 \u2013 2 TL&nbsp;Weiter lesen\" \/>\n<meta property=\"og:url\" content=\"https:\/\/bien-etreiris.ch\/de\/produktpraesentation\/natuerliche-heilmittel\/saeure-basen-haushalt\/wurzelkraft\/wuerzige-suesskartoffel-linsen-pfanne-mit-schafskaese\/\" \/>\n<meta property=\"og:site_name\" content=\"WOHLBEFINDEN\" \/>\n<meta property=\"article:publisher\" content=\"https:\/\/www.facebook.com\/bienetreiris\/\" \/>\n<meta property=\"article:modified_time\" content=\"2019-09-08T10:30:57+00:00\" \/>\n<meta property=\"og:image\" content=\"https:\/\/bien-etreiris.ch\/wp-content\/uploads\/2019\/09\/Po\u00eal\u00e9e-de-patate-douce-et-lentilles-\u00e9pic\u00e9e-avec-fromage-de-brebis.jpg\" \/>\n\t<meta property=\"og:image:width\" content=\"550\" \/>\n\t<meta property=\"og:image:height\" content=\"367\" \/>\n\t<meta property=\"og:image:type\" content=\"image\/jpeg\" \/>\n<meta name=\"twitter:label1\" content=\"Gesch\u00e4tzte Lesezeit\" \/>\n\t<meta name=\"twitter:data1\" content=\"1\u00a0Minute\" \/>\n<script type=\"application\/ld+json\" class=\"yoast-schema-graph\">{\"@context\":\"https:\\\/\\\/schema.org\",\"@graph\":[{\"@type\":\"WebPage\",\"@id\":\"https:\\\/\\\/bien-etreiris.ch\\\/de\\\/produktpraesentation\\\/natuerliche-heilmittel\\\/saeure-basen-haushalt\\\/wurzelkraft\\\/wuerzige-suesskartoffel-linsen-pfanne-mit-schafskaese\\\/\",\"url\":\"https:\\\/\\\/bien-etreiris.ch\\\/de\\\/produktpraesentation\\\/natuerliche-heilmittel\\\/saeure-basen-haushalt\\\/wurzelkraft\\\/wuerzige-suesskartoffel-linsen-pfanne-mit-schafskaese\\\/\",\"name\":\"W\u00dcRZIGE S\u00dcSSKARTOFFEL - WOHLBEFINDEN\",\"isPartOf\":{\"@id\":\"https:\\\/\\\/bien-etreiris.ch\\\/de\\\/#website\"},\"primaryImageOfPage\":{\"@id\":\"https:\\\/\\\/bien-etreiris.ch\\\/de\\\/produktpraesentation\\\/natuerliche-heilmittel\\\/saeure-basen-haushalt\\\/wurzelkraft\\\/wuerzige-suesskartoffel-linsen-pfanne-mit-schafskaese\\\/#primaryimage\"},\"image\":{\"@id\":\"https:\\\/\\\/bien-etreiris.ch\\\/de\\\/produktpraesentation\\\/natuerliche-heilmittel\\\/saeure-basen-haushalt\\\/wurzelkraft\\\/wuerzige-suesskartoffel-linsen-pfanne-mit-schafskaese\\\/#primaryimage\"},\"thumbnailUrl\":\"https:\\\/\\\/bien-etreiris.ch\\\/wp-content\\\/uploads\\\/2019\\\/09\\\/Po\u00eal\u00e9e-de-patate-douce-et-lentilles-\u00e9pic\u00e9e-avec-fromage-de-brebis.jpg\",\"datePublished\":\"2019-09-07T07:33:27+00:00\",\"dateModified\":\"2019-09-08T10:30:57+00:00\",\"breadcrumb\":{\"@id\":\"https:\\\/\\\/bien-etreiris.ch\\\/de\\\/produktpraesentation\\\/natuerliche-heilmittel\\\/saeure-basen-haushalt\\\/wurzelkraft\\\/wuerzige-suesskartoffel-linsen-pfanne-mit-schafskaese\\\/#breadcrumb\"},\"inLanguage\":\"de\",\"potentialAction\":[{\"@type\":\"ReadAction\",\"target\":[\"https:\\\/\\\/bien-etreiris.ch\\\/de\\\/produktpraesentation\\\/natuerliche-heilmittel\\\/saeure-basen-haushalt\\\/wurzelkraft\\\/wuerzige-suesskartoffel-linsen-pfanne-mit-schafskaese\\\/\"]}]},{\"@type\":\"ImageObject\",\"inLanguage\":\"de\",\"@id\":\"https:\\\/\\\/bien-etreiris.ch\\\/de\\\/produktpraesentation\\\/natuerliche-heilmittel\\\/saeure-basen-haushalt\\\/wurzelkraft\\\/wuerzige-suesskartoffel-linsen-pfanne-mit-schafskaese\\\/#primaryimage\",\"url\":\"https:\\\/\\\/bien-etreiris.ch\\\/wp-content\\\/uploads\\\/2019\\\/09\\\/Po\u00eal\u00e9e-de-patate-douce-et-lentilles-\u00e9pic\u00e9e-avec-fromage-de-brebis.jpg\",\"contentUrl\":\"https:\\\/\\\/bien-etreiris.ch\\\/wp-content\\\/uploads\\\/2019\\\/09\\\/Po\u00eal\u00e9e-de-patate-douce-et-lentilles-\u00e9pic\u00e9e-avec-fromage-de-brebis.jpg\",\"width\":550,\"height\":367},{\"@type\":\"BreadcrumbList\",\"@id\":\"https:\\\/\\\/bien-etreiris.ch\\\/de\\\/produktpraesentation\\\/natuerliche-heilmittel\\\/saeure-basen-haushalt\\\/wurzelkraft\\\/wuerzige-suesskartoffel-linsen-pfanne-mit-schafskaese\\\/#breadcrumb\",\"itemListElement\":[{\"@type\":\"ListItem\",\"position\":1,\"name\":\"Home\",\"item\":\"https:\\\/\\\/bien-etreiris.ch\\\/de\\\/\"},{\"@type\":\"ListItem\",\"position\":2,\"name\":\"PRODUKTPR\u00c4SENTATION\",\"item\":\"https:\\\/\\\/bien-etreiris.ch\\\/de\\\/produktpraesentation\\\/\"},{\"@type\":\"ListItem\",\"position\":3,\"name\":\"NAT\u00dcRLICHE HEILMITTEL\",\"item\":\"https:\\\/\\\/bien-etreiris.ch\\\/de\\\/produktpraesentation\\\/natuerliche-heilmittel\\\/\"},{\"@type\":\"ListItem\",\"position\":4,\"name\":\"S\u00c4URE-BASEN-HAUSHALT\",\"item\":\"https:\\\/\\\/bien-etreiris.ch\\\/de\\\/produktpraesentation\\\/natuerliche-heilmittel\\\/saeure-basen-haushalt\\\/\"},{\"@type\":\"ListItem\",\"position\":5,\"name\":\"WURZELKRAFT\",\"item\":\"https:\\\/\\\/bien-etreiris.ch\\\/de\\\/produktpraesentation\\\/natuerliche-heilmittel\\\/saeure-basen-haushalt\\\/wurzelkraft\\\/\"},{\"@type\":\"ListItem\",\"position\":6,\"name\":\"W\u00dcRZIGE S\u00dcSSKARTOFFEL\"}]},{\"@type\":\"WebSite\",\"@id\":\"https:\\\/\\\/bien-etreiris.ch\\\/de\\\/#website\",\"url\":\"https:\\\/\\\/bien-etreiris.ch\\\/de\\\/\",\"name\":\"Bien-\u00eatre Iris\",\"description\":\"IHRE Gesundheit ist uns wichtig\",\"potentialAction\":[{\"@type\":\"SearchAction\",\"target\":{\"@type\":\"EntryPoint\",\"urlTemplate\":\"https:\\\/\\\/bien-etreiris.ch\\\/de\\\/?s={search_term_string}\"},\"query-input\":{\"@type\":\"PropertyValueSpecification\",\"valueRequired\":true,\"valueName\":\"search_term_string\"}}],\"inLanguage\":\"de\"}]}<\/script>\n<!-- \/ Yoast SEO plugin. -->","yoast_head_json":{"title":"W\u00dcRZIGE S\u00dcSSKARTOFFEL - WOHLBEFINDEN","robots":{"index":"index","follow":"follow","max-snippet":"max-snippet:-1","max-image-preview":"max-image-preview:large","max-video-preview":"max-video-preview:-1"},"canonical":"https:\/\/bien-etreiris.ch\/de\/produktpraesentation\/natuerliche-heilmittel\/saeure-basen-haushalt\/wurzelkraft\/wuerzige-suesskartoffel-linsen-pfanne-mit-schafskaese\/","og_locale":"de_DE","og_type":"article","og_title":"W\u00dcRZIGE S\u00dcSSKARTOFFEL - WOHLBEFINDEN","og_description":"W\u00fcrzige S\u00fc\u00dfkartoffel-Linsen Pfanne mit Schafsk\u00e4se Zutaten f\u00fcr 2 \u2013 3 Personen 150 g Berglinsen 1 rote Zwiebel 1 gro\u00dfe S\u00fc\u00dfkartoffel (oder ein kleiner Hokaido-K\u00fcrbis) 2 EL Oliven\u00f6l 8 EL Salbeibl\u00e4tter 150 g Cherrytomaten 2 EL Balsamicoessig 2 EL Cherryessig 200 ml Gem\u00fcsebr\u00fche &nbsp; Petersilie (frisch oder tiefgek\u00fchlt) 150 g Schafsk\u00e4se 1 Paket R\u00e4uchertofu 1 TL Kokosfett 1 \u2013 2 TL&nbsp;Weiter lesen","og_url":"https:\/\/bien-etreiris.ch\/de\/produktpraesentation\/natuerliche-heilmittel\/saeure-basen-haushalt\/wurzelkraft\/wuerzige-suesskartoffel-linsen-pfanne-mit-schafskaese\/","og_site_name":"WOHLBEFINDEN","article_publisher":"https:\/\/www.facebook.com\/bienetreiris\/","article_modified_time":"2019-09-08T10:30:57+00:00","og_image":[{"width":550,"height":367,"url":"https:\/\/bien-etreiris.ch\/wp-content\/uploads\/2019\/09\/Po\u00eal\u00e9e-de-patate-douce-et-lentilles-\u00e9pic\u00e9e-avec-fromage-de-brebis.jpg","type":"image\/jpeg"}],"twitter_misc":{"Gesch\u00e4tzte Lesezeit":"1\u00a0Minute"},"schema":{"@context":"https:\/\/schema.org","@graph":[{"@type":"WebPage","@id":"https:\/\/bien-etreiris.ch\/de\/produktpraesentation\/natuerliche-heilmittel\/saeure-basen-haushalt\/wurzelkraft\/wuerzige-suesskartoffel-linsen-pfanne-mit-schafskaese\/","url":"https:\/\/bien-etreiris.ch\/de\/produktpraesentation\/natuerliche-heilmittel\/saeure-basen-haushalt\/wurzelkraft\/wuerzige-suesskartoffel-linsen-pfanne-mit-schafskaese\/","name":"W\u00dcRZIGE S\u00dcSSKARTOFFEL - WOHLBEFINDEN","isPartOf":{"@id":"https:\/\/bien-etreiris.ch\/de\/#website"},"primaryImageOfPage":{"@id":"https:\/\/bien-etreiris.ch\/de\/produktpraesentation\/natuerliche-heilmittel\/saeure-basen-haushalt\/wurzelkraft\/wuerzige-suesskartoffel-linsen-pfanne-mit-schafskaese\/#primaryimage"},"image":{"@id":"https:\/\/bien-etreiris.ch\/de\/produktpraesentation\/natuerliche-heilmittel\/saeure-basen-haushalt\/wurzelkraft\/wuerzige-suesskartoffel-linsen-pfanne-mit-schafskaese\/#primaryimage"},"thumbnailUrl":"https:\/\/bien-etreiris.ch\/wp-content\/uploads\/2019\/09\/Po\u00eal\u00e9e-de-patate-douce-et-lentilles-\u00e9pic\u00e9e-avec-fromage-de-brebis.jpg","datePublished":"2019-09-07T07:33:27+00:00","dateModified":"2019-09-08T10:30:57+00:00","breadcrumb":{"@id":"https:\/\/bien-etreiris.ch\/de\/produktpraesentation\/natuerliche-heilmittel\/saeure-basen-haushalt\/wurzelkraft\/wuerzige-suesskartoffel-linsen-pfanne-mit-schafskaese\/#breadcrumb"},"inLanguage":"de","potentialAction":[{"@type":"ReadAction","target":["https:\/\/bien-etreiris.ch\/de\/produktpraesentation\/natuerliche-heilmittel\/saeure-basen-haushalt\/wurzelkraft\/wuerzige-suesskartoffel-linsen-pfanne-mit-schafskaese\/"]}]},{"@type":"ImageObject","inLanguage":"de","@id":"https:\/\/bien-etreiris.ch\/de\/produktpraesentation\/natuerliche-heilmittel\/saeure-basen-haushalt\/wurzelkraft\/wuerzige-suesskartoffel-linsen-pfanne-mit-schafskaese\/#primaryimage","url":"https:\/\/bien-etreiris.ch\/wp-content\/uploads\/2019\/09\/Po\u00eal\u00e9e-de-patate-douce-et-lentilles-\u00e9pic\u00e9e-avec-fromage-de-brebis.jpg","contentUrl":"https:\/\/bien-etreiris.ch\/wp-content\/uploads\/2019\/09\/Po\u00eal\u00e9e-de-patate-douce-et-lentilles-\u00e9pic\u00e9e-avec-fromage-de-brebis.jpg","width":550,"height":367},{"@type":"BreadcrumbList","@id":"https:\/\/bien-etreiris.ch\/de\/produktpraesentation\/natuerliche-heilmittel\/saeure-basen-haushalt\/wurzelkraft\/wuerzige-suesskartoffel-linsen-pfanne-mit-schafskaese\/#breadcrumb","itemListElement":[{"@type":"ListItem","position":1,"name":"Home","item":"https:\/\/bien-etreiris.ch\/de\/"},{"@type":"ListItem","position":2,"name":"PRODUKTPR\u00c4SENTATION","item":"https:\/\/bien-etreiris.ch\/de\/produktpraesentation\/"},{"@type":"ListItem","position":3,"name":"NAT\u00dcRLICHE HEILMITTEL","item":"https:\/\/bien-etreiris.ch\/de\/produktpraesentation\/natuerliche-heilmittel\/"},{"@type":"ListItem","position":4,"name":"S\u00c4URE-BASEN-HAUSHALT","item":"https:\/\/bien-etreiris.ch\/de\/produktpraesentation\/natuerliche-heilmittel\/saeure-basen-haushalt\/"},{"@type":"ListItem","position":5,"name":"WURZELKRAFT","item":"https:\/\/bien-etreiris.ch\/de\/produktpraesentation\/natuerliche-heilmittel\/saeure-basen-haushalt\/wurzelkraft\/"},{"@type":"ListItem","position":6,"name":"W\u00dcRZIGE S\u00dcSSKARTOFFEL"}]},{"@type":"WebSite","@id":"https:\/\/bien-etreiris.ch\/de\/#website","url":"https:\/\/bien-etreiris.ch\/de\/","name":"Bien-\u00eatre Iris","description":"IHRE Gesundheit ist uns wichtig","potentialAction":[{"@type":"SearchAction","target":{"@type":"EntryPoint","urlTemplate":"https:\/\/bien-etreiris.ch\/de\/?s={search_term_string}"},"query-input":{"@type":"PropertyValueSpecification","valueRequired":true,"valueName":"search_term_string"}}],"inLanguage":"de"}]}},"_links":{"self":[{"href":"https:\/\/bien-etreiris.ch\/de\/wp-json\/wp\/v2\/pages\/28888","targetHints":{"allow":["GET"]}}],"collection":[{"href":"https:\/\/bien-etreiris.ch\/de\/wp-json\/wp\/v2\/pages"}],"about":[{"href":"https:\/\/bien-etreiris.ch\/de\/wp-json\/wp\/v2\/types\/page"}],"author":[{"embeddable":true,"href":"https:\/\/bien-etreiris.ch\/de\/wp-json\/wp\/v2\/users\/1"}],"replies":[{"embeddable":true,"href":"https:\/\/bien-etreiris.ch\/de\/wp-json\/wp\/v2\/comments?post=28888"}],"version-history":[{"count":2,"href":"https:\/\/bien-etreiris.ch\/de\/wp-json\/wp\/v2\/pages\/28888\/revisions"}],"predecessor-version":[{"id":28893,"href":"https:\/\/bien-etreiris.ch\/de\/wp-json\/wp\/v2\/pages\/28888\/revisions\/28893"}],"up":[{"embeddable":true,"href":"https:\/\/bien-etreiris.ch\/de\/wp-json\/wp\/v2\/pages\/13815"}],"wp:featuredmedia":[{"embeddable":true,"href":"https:\/\/bien-etreiris.ch\/de\/wp-json\/wp\/v2\/media\/27953"}],"wp:attachment":[{"href":"https:\/\/bien-etreiris.ch\/de\/wp-json\/wp\/v2\/media?parent=28888"}],"curies":[{"name":"wp","href":"https:\/\/api.w.org\/{rel}","templated":true}]}}