{"id":28879,"date":"2019-09-07T07:28:12","date_gmt":"2019-09-07T07:28:12","guid":{"rendered":"https:\/\/bien-etreiris.ch\/wohlbefinden\/basische-produkte-p-jentschura\/wurzelkraft\/pate-a-tartiner-au-poivron-et-aux-noix\/"},"modified":"2019-09-08T07:54:24","modified_gmt":"2019-09-08T07:54:24","slug":"paprika-nuss-aufstrich","status":"publish","type":"page","link":"https:\/\/bien-etreiris.ch\/de\/produktpraesentation\/natuerliche-heilmittel\/saeure-basen-haushalt\/wurzelkraft\/paprika-nuss-aufstrich\/","title":{"rendered":"PAPRIKA-NUSS-AUFSTRICH"},"content":{"rendered":"\n<h2 class=\"wp-block-heading\"> <br>Paprika-Nuss-Aufstrich <\/h2>\n\n\n<p><a href=\"https:\/\/decoiris.ch\/wp-content\/uploads\/2019\/09\/P\u00e2te-\u00e0-tartiner-au-poivron-et-aux-noix-innen.jpg\"><img loading=\"lazy\" decoding=\"async\" class=\"alignnone wp-image-28362 size-full\" src=\"https:\/\/decoiris.ch\/wp-content\/uploads\/2019\/09\/P\u00e2te-\u00e0-tartiner-au-poivron-et-aux-noix-innen.jpg\" alt=\"\" width=\"820\" height=\"688\" srcset=\"https:\/\/bien-etreiris.ch\/wp-content\/uploads\/2019\/09\/P\u00e2te-\u00e0-tartiner-au-poivron-et-aux-noix-innen.jpg 820w, https:\/\/bien-etreiris.ch\/wp-content\/uploads\/2019\/09\/P\u00e2te-\u00e0-tartiner-au-poivron-et-aux-noix-innen-300x252.jpg 300w, https:\/\/bien-etreiris.ch\/wp-content\/uploads\/2019\/09\/P\u00e2te-\u00e0-tartiner-au-poivron-et-aux-noix-innen-768x644.jpg 768w\" sizes=\"auto, (max-width: 820px) 100vw, 820px\" \/><\/a><\/p>\n<div class=\"headline\">Zutaten f\u00fcr ca. 250 ml<\/div>\n<table class=\"tablesaw tablesaw-stack table-recipe\" data-tablesaw-mode=\"stack\">\n<tbody>\n<tr>\n<td class=\"value\">1<\/td>\n<td class=\"ingredient\" data-sr-id=\"1\">gro\u00dfe Paprika (rot oder orange)<\/td>\n<\/tr>\n<tr>\n<td class=\"value\">90 g<\/td>\n<td class=\"ingredient\" data-sr-id=\"3\">Waln\u00fcsse<\/td>\n<\/tr>\n<tr>\n<td class=\"value\">30 g<\/td>\n<td class=\"ingredient\" data-sr-id=\"4\">Sesam<\/td>\n<\/tr>\n<tr>\n<td class=\"value\">1 EL<\/td>\n<td class=\"ingredient\" data-sr-id=\"5\">Tomatenmark<\/td>\n<\/tr>\n<tr>\n<td class=\"value\">1 EL<\/td>\n<td class=\"ingredient\" data-sr-id=\"6\">Pflanzen\u00f6l<\/td>\n<\/tr>\n<tr>\n<td class=\"value\">&nbsp;<\/td>\n<td class=\"ingredient\" data-sr-id=\"7\">Kr\u00e4utersalz, Pfeffer, Paprikapulver<\/td>\n<\/tr>\n<tr>\n<td class=\"value\">1 \u2013 2 TL<\/td>\n<td class=\"ingredient\" data-sr-id=\"8\">WurzelKraft<\/td>\n<\/tr>\n<\/tbody>\n<\/table>\n<p>&nbsp;<\/p>\n<div class=\"recipe-preparation\">\n<h4>&nbsp;<\/h4>\n<div class=\"recipe-preparation\">\n<h4 class=\"headline\"><strong>Zubereitung<\/strong><\/h4>\n<p>Die Paprika waschen, entkernen und halbieren. Auf ein einge\u00f6ltes Backblech in den Ofen schieben (Grillfunktion). So wird die Paprika sch\u00f6n anger\u00f6stet und die Haut l\u00e4sst sich prima abziehen. Die Paprika anschlie\u00dfend mit allen anderen Zutaten im Mixer p\u00fcrieren. Dann den Dipp auf das Brot streichen und die WurzelKraft dar\u00fcber streuen.<\/p>\n<\/div>\n<\/div>","protected":false},"excerpt":{"rendered":"<p>Paprika-Nuss-Aufstrich Zutaten f\u00fcr ca. 250 ml 1 gro\u00dfe Paprika (rot oder orange) 90 g Waln\u00fcsse 30 g Sesam 1 EL Tomatenmark 1 EL Pflanzen\u00f6l &nbsp; Kr\u00e4utersalz, Pfeffer, Paprikapulver 1 \u2013 2 TL WurzelKraft &nbsp; &nbsp; Zubereitung Die Paprika waschen, entkernen und halbieren. Auf ein einge\u00f6ltes Backblech in den Ofen schieben (Grillfunktion). So wird die Paprika sch\u00f6n anger\u00f6stet und die Haut&nbsp;<a href=\"https:\/\/bien-etreiris.ch\/de\/produktpraesentation\/natuerliche-heilmittel\/saeure-basen-haushalt\/wurzelkraft\/paprika-nuss-aufstrich\/\" class=\"read-more\">Weiter lesen<\/a><\/p>\n","protected":false},"author":1,"featured_media":27950,"parent":13815,"menu_order":7258,"comment_status":"closed","ping_status":"closed","template":"page-with-child.php","meta":{"_acf_changed":false,"ngg_post_thumbnail":0,"footnotes":""},"class_list":["post-28879","page","type-page","status-publish","has-post-thumbnail","hentry"],"acf":[],"yoast_head":"<!-- This site is optimized with the Yoast SEO plugin v27.5 - https:\/\/yoast.com\/product\/yoast-seo-wordpress\/ -->\n<title>PAPRIKA-NUSS-AUFSTRICH - WOHLBEFINDEN<\/title>\n<meta name=\"robots\" content=\"index, follow, max-snippet:-1, max-image-preview:large, max-video-preview:-1\" \/>\n<link rel=\"canonical\" href=\"https:\/\/bien-etreiris.ch\/de\/produktpraesentation\/natuerliche-heilmittel\/saeure-basen-haushalt\/wurzelkraft\/paprika-nuss-aufstrich\/\" \/>\n<meta property=\"og:locale\" content=\"de_DE\" \/>\n<meta property=\"og:type\" content=\"article\" \/>\n<meta property=\"og:title\" content=\"PAPRIKA-NUSS-AUFSTRICH - WOHLBEFINDEN\" \/>\n<meta property=\"og:description\" content=\"Paprika-Nuss-Aufstrich Zutaten f\u00fcr ca. 250 ml 1 gro\u00dfe Paprika (rot oder orange) 90 g Waln\u00fcsse 30 g Sesam 1 EL Tomatenmark 1 EL Pflanzen\u00f6l &nbsp; Kr\u00e4utersalz, Pfeffer, Paprikapulver 1 \u2013 2 TL WurzelKraft &nbsp; &nbsp; Zubereitung Die Paprika waschen, entkernen und halbieren. Auf ein einge\u00f6ltes Backblech in den Ofen schieben (Grillfunktion). So wird die Paprika sch\u00f6n anger\u00f6stet und die Haut&nbsp;Weiter lesen\" \/>\n<meta property=\"og:url\" content=\"https:\/\/bien-etreiris.ch\/de\/produktpraesentation\/natuerliche-heilmittel\/saeure-basen-haushalt\/wurzelkraft\/paprika-nuss-aufstrich\/\" \/>\n<meta property=\"og:site_name\" content=\"WOHLBEFINDEN\" \/>\n<meta property=\"article:publisher\" content=\"https:\/\/www.facebook.com\/bienetreiris\/\" \/>\n<meta property=\"article:modified_time\" content=\"2019-09-08T07:54:24+00:00\" \/>\n<meta property=\"og:image\" content=\"https:\/\/bien-etreiris.ch\/wp-content\/uploads\/2019\/09\/P\u00e2te-\u00e0-tartiner-au-poivron-et-aux-noix.jpg\" \/>\n\t<meta property=\"og:image:width\" content=\"550\" \/>\n\t<meta property=\"og:image:height\" content=\"367\" \/>\n\t<meta property=\"og:image:type\" content=\"image\/jpeg\" \/>\n<script type=\"application\/ld+json\" class=\"yoast-schema-graph\">{\"@context\":\"https:\\\/\\\/schema.org\",\"@graph\":[{\"@type\":\"WebPage\",\"@id\":\"https:\\\/\\\/bien-etreiris.ch\\\/de\\\/produktpraesentation\\\/natuerliche-heilmittel\\\/saeure-basen-haushalt\\\/wurzelkraft\\\/paprika-nuss-aufstrich\\\/\",\"url\":\"https:\\\/\\\/bien-etreiris.ch\\\/de\\\/produktpraesentation\\\/natuerliche-heilmittel\\\/saeure-basen-haushalt\\\/wurzelkraft\\\/paprika-nuss-aufstrich\\\/\",\"name\":\"PAPRIKA-NUSS-AUFSTRICH - WOHLBEFINDEN\",\"isPartOf\":{\"@id\":\"https:\\\/\\\/bien-etreiris.ch\\\/de\\\/#website\"},\"primaryImageOfPage\":{\"@id\":\"https:\\\/\\\/bien-etreiris.ch\\\/de\\\/produktpraesentation\\\/natuerliche-heilmittel\\\/saeure-basen-haushalt\\\/wurzelkraft\\\/paprika-nuss-aufstrich\\\/#primaryimage\"},\"image\":{\"@id\":\"https:\\\/\\\/bien-etreiris.ch\\\/de\\\/produktpraesentation\\\/natuerliche-heilmittel\\\/saeure-basen-haushalt\\\/wurzelkraft\\\/paprika-nuss-aufstrich\\\/#primaryimage\"},\"thumbnailUrl\":\"https:\\\/\\\/bien-etreiris.ch\\\/wp-content\\\/uploads\\\/2019\\\/09\\\/P\u00e2te-\u00e0-tartiner-au-poivron-et-aux-noix.jpg\",\"datePublished\":\"2019-09-07T07:28:12+00:00\",\"dateModified\":\"2019-09-08T07:54:24+00:00\",\"breadcrumb\":{\"@id\":\"https:\\\/\\\/bien-etreiris.ch\\\/de\\\/produktpraesentation\\\/natuerliche-heilmittel\\\/saeure-basen-haushalt\\\/wurzelkraft\\\/paprika-nuss-aufstrich\\\/#breadcrumb\"},\"inLanguage\":\"de\",\"potentialAction\":[{\"@type\":\"ReadAction\",\"target\":[\"https:\\\/\\\/bien-etreiris.ch\\\/de\\\/produktpraesentation\\\/natuerliche-heilmittel\\\/saeure-basen-haushalt\\\/wurzelkraft\\\/paprika-nuss-aufstrich\\\/\"]}]},{\"@type\":\"ImageObject\",\"inLanguage\":\"de\",\"@id\":\"https:\\\/\\\/bien-etreiris.ch\\\/de\\\/produktpraesentation\\\/natuerliche-heilmittel\\\/saeure-basen-haushalt\\\/wurzelkraft\\\/paprika-nuss-aufstrich\\\/#primaryimage\",\"url\":\"https:\\\/\\\/bien-etreiris.ch\\\/wp-content\\\/uploads\\\/2019\\\/09\\\/P\u00e2te-\u00e0-tartiner-au-poivron-et-aux-noix.jpg\",\"contentUrl\":\"https:\\\/\\\/bien-etreiris.ch\\\/wp-content\\\/uploads\\\/2019\\\/09\\\/P\u00e2te-\u00e0-tartiner-au-poivron-et-aux-noix.jpg\",\"width\":550,\"height\":367},{\"@type\":\"BreadcrumbList\",\"@id\":\"https:\\\/\\\/bien-etreiris.ch\\\/de\\\/produktpraesentation\\\/natuerliche-heilmittel\\\/saeure-basen-haushalt\\\/wurzelkraft\\\/paprika-nuss-aufstrich\\\/#breadcrumb\",\"itemListElement\":[{\"@type\":\"ListItem\",\"position\":1,\"name\":\"Home\",\"item\":\"https:\\\/\\\/bien-etreiris.ch\\\/de\\\/\"},{\"@type\":\"ListItem\",\"position\":2,\"name\":\"PRODUKTPR\u00c4SENTATION\",\"item\":\"https:\\\/\\\/bien-etreiris.ch\\\/de\\\/produktpraesentation\\\/\"},{\"@type\":\"ListItem\",\"position\":3,\"name\":\"NAT\u00dcRLICHE HEILMITTEL\",\"item\":\"https:\\\/\\\/bien-etreiris.ch\\\/de\\\/produktpraesentation\\\/natuerliche-heilmittel\\\/\"},{\"@type\":\"ListItem\",\"position\":4,\"name\":\"S\u00c4URE-BASEN-HAUSHALT\",\"item\":\"https:\\\/\\\/bien-etreiris.ch\\\/de\\\/produktpraesentation\\\/natuerliche-heilmittel\\\/saeure-basen-haushalt\\\/\"},{\"@type\":\"ListItem\",\"position\":5,\"name\":\"WURZELKRAFT\",\"item\":\"https:\\\/\\\/bien-etreiris.ch\\\/de\\\/produktpraesentation\\\/natuerliche-heilmittel\\\/saeure-basen-haushalt\\\/wurzelkraft\\\/\"},{\"@type\":\"ListItem\",\"position\":6,\"name\":\"PAPRIKA-NUSS-AUFSTRICH\"}]},{\"@type\":\"WebSite\",\"@id\":\"https:\\\/\\\/bien-etreiris.ch\\\/de\\\/#website\",\"url\":\"https:\\\/\\\/bien-etreiris.ch\\\/de\\\/\",\"name\":\"Bien-\u00eatre Iris\",\"description\":\"IHRE Gesundheit ist uns wichtig\",\"potentialAction\":[{\"@type\":\"SearchAction\",\"target\":{\"@type\":\"EntryPoint\",\"urlTemplate\":\"https:\\\/\\\/bien-etreiris.ch\\\/de\\\/?s={search_term_string}\"},\"query-input\":{\"@type\":\"PropertyValueSpecification\",\"valueRequired\":true,\"valueName\":\"search_term_string\"}}],\"inLanguage\":\"de\"}]}<\/script>\n<!-- \/ Yoast SEO plugin. -->","yoast_head_json":{"title":"PAPRIKA-NUSS-AUFSTRICH - WOHLBEFINDEN","robots":{"index":"index","follow":"follow","max-snippet":"max-snippet:-1","max-image-preview":"max-image-preview:large","max-video-preview":"max-video-preview:-1"},"canonical":"https:\/\/bien-etreiris.ch\/de\/produktpraesentation\/natuerliche-heilmittel\/saeure-basen-haushalt\/wurzelkraft\/paprika-nuss-aufstrich\/","og_locale":"de_DE","og_type":"article","og_title":"PAPRIKA-NUSS-AUFSTRICH - WOHLBEFINDEN","og_description":"Paprika-Nuss-Aufstrich Zutaten f\u00fcr ca. 250 ml 1 gro\u00dfe Paprika (rot oder orange) 90 g Waln\u00fcsse 30 g Sesam 1 EL Tomatenmark 1 EL Pflanzen\u00f6l &nbsp; Kr\u00e4utersalz, Pfeffer, Paprikapulver 1 \u2013 2 TL WurzelKraft &nbsp; &nbsp; Zubereitung Die Paprika waschen, entkernen und halbieren. Auf ein einge\u00f6ltes Backblech in den Ofen schieben (Grillfunktion). So wird die Paprika sch\u00f6n anger\u00f6stet und die Haut&nbsp;Weiter lesen","og_url":"https:\/\/bien-etreiris.ch\/de\/produktpraesentation\/natuerliche-heilmittel\/saeure-basen-haushalt\/wurzelkraft\/paprika-nuss-aufstrich\/","og_site_name":"WOHLBEFINDEN","article_publisher":"https:\/\/www.facebook.com\/bienetreiris\/","article_modified_time":"2019-09-08T07:54:24+00:00","og_image":[{"width":550,"height":367,"url":"https:\/\/bien-etreiris.ch\/wp-content\/uploads\/2019\/09\/P\u00e2te-\u00e0-tartiner-au-poivron-et-aux-noix.jpg","type":"image\/jpeg"}],"schema":{"@context":"https:\/\/schema.org","@graph":[{"@type":"WebPage","@id":"https:\/\/bien-etreiris.ch\/de\/produktpraesentation\/natuerliche-heilmittel\/saeure-basen-haushalt\/wurzelkraft\/paprika-nuss-aufstrich\/","url":"https:\/\/bien-etreiris.ch\/de\/produktpraesentation\/natuerliche-heilmittel\/saeure-basen-haushalt\/wurzelkraft\/paprika-nuss-aufstrich\/","name":"PAPRIKA-NUSS-AUFSTRICH - WOHLBEFINDEN","isPartOf":{"@id":"https:\/\/bien-etreiris.ch\/de\/#website"},"primaryImageOfPage":{"@id":"https:\/\/bien-etreiris.ch\/de\/produktpraesentation\/natuerliche-heilmittel\/saeure-basen-haushalt\/wurzelkraft\/paprika-nuss-aufstrich\/#primaryimage"},"image":{"@id":"https:\/\/bien-etreiris.ch\/de\/produktpraesentation\/natuerliche-heilmittel\/saeure-basen-haushalt\/wurzelkraft\/paprika-nuss-aufstrich\/#primaryimage"},"thumbnailUrl":"https:\/\/bien-etreiris.ch\/wp-content\/uploads\/2019\/09\/P\u00e2te-\u00e0-tartiner-au-poivron-et-aux-noix.jpg","datePublished":"2019-09-07T07:28:12+00:00","dateModified":"2019-09-08T07:54:24+00:00","breadcrumb":{"@id":"https:\/\/bien-etreiris.ch\/de\/produktpraesentation\/natuerliche-heilmittel\/saeure-basen-haushalt\/wurzelkraft\/paprika-nuss-aufstrich\/#breadcrumb"},"inLanguage":"de","potentialAction":[{"@type":"ReadAction","target":["https:\/\/bien-etreiris.ch\/de\/produktpraesentation\/natuerliche-heilmittel\/saeure-basen-haushalt\/wurzelkraft\/paprika-nuss-aufstrich\/"]}]},{"@type":"ImageObject","inLanguage":"de","@id":"https:\/\/bien-etreiris.ch\/de\/produktpraesentation\/natuerliche-heilmittel\/saeure-basen-haushalt\/wurzelkraft\/paprika-nuss-aufstrich\/#primaryimage","url":"https:\/\/bien-etreiris.ch\/wp-content\/uploads\/2019\/09\/P\u00e2te-\u00e0-tartiner-au-poivron-et-aux-noix.jpg","contentUrl":"https:\/\/bien-etreiris.ch\/wp-content\/uploads\/2019\/09\/P\u00e2te-\u00e0-tartiner-au-poivron-et-aux-noix.jpg","width":550,"height":367},{"@type":"BreadcrumbList","@id":"https:\/\/bien-etreiris.ch\/de\/produktpraesentation\/natuerliche-heilmittel\/saeure-basen-haushalt\/wurzelkraft\/paprika-nuss-aufstrich\/#breadcrumb","itemListElement":[{"@type":"ListItem","position":1,"name":"Home","item":"https:\/\/bien-etreiris.ch\/de\/"},{"@type":"ListItem","position":2,"name":"PRODUKTPR\u00c4SENTATION","item":"https:\/\/bien-etreiris.ch\/de\/produktpraesentation\/"},{"@type":"ListItem","position":3,"name":"NAT\u00dcRLICHE HEILMITTEL","item":"https:\/\/bien-etreiris.ch\/de\/produktpraesentation\/natuerliche-heilmittel\/"},{"@type":"ListItem","position":4,"name":"S\u00c4URE-BASEN-HAUSHALT","item":"https:\/\/bien-etreiris.ch\/de\/produktpraesentation\/natuerliche-heilmittel\/saeure-basen-haushalt\/"},{"@type":"ListItem","position":5,"name":"WURZELKRAFT","item":"https:\/\/bien-etreiris.ch\/de\/produktpraesentation\/natuerliche-heilmittel\/saeure-basen-haushalt\/wurzelkraft\/"},{"@type":"ListItem","position":6,"name":"PAPRIKA-NUSS-AUFSTRICH"}]},{"@type":"WebSite","@id":"https:\/\/bien-etreiris.ch\/de\/#website","url":"https:\/\/bien-etreiris.ch\/de\/","name":"Bien-\u00eatre Iris","description":"IHRE Gesundheit ist uns wichtig","potentialAction":[{"@type":"SearchAction","target":{"@type":"EntryPoint","urlTemplate":"https:\/\/bien-etreiris.ch\/de\/?s={search_term_string}"},"query-input":{"@type":"PropertyValueSpecification","valueRequired":true,"valueName":"search_term_string"}}],"inLanguage":"de"}]}},"_links":{"self":[{"href":"https:\/\/bien-etreiris.ch\/de\/wp-json\/wp\/v2\/pages\/28879","targetHints":{"allow":["GET"]}}],"collection":[{"href":"https:\/\/bien-etreiris.ch\/de\/wp-json\/wp\/v2\/pages"}],"about":[{"href":"https:\/\/bien-etreiris.ch\/de\/wp-json\/wp\/v2\/types\/page"}],"author":[{"embeddable":true,"href":"https:\/\/bien-etreiris.ch\/de\/wp-json\/wp\/v2\/users\/1"}],"replies":[{"embeddable":true,"href":"https:\/\/bien-etreiris.ch\/de\/wp-json\/wp\/v2\/comments?post=28879"}],"version-history":[{"count":2,"href":"https:\/\/bien-etreiris.ch\/de\/wp-json\/wp\/v2\/pages\/28879\/revisions"}],"predecessor-version":[{"id":28883,"href":"https:\/\/bien-etreiris.ch\/de\/wp-json\/wp\/v2\/pages\/28879\/revisions\/28883"}],"up":[{"embeddable":true,"href":"https:\/\/bien-etreiris.ch\/de\/wp-json\/wp\/v2\/pages\/13815"}],"wp:featuredmedia":[{"embeddable":true,"href":"https:\/\/bien-etreiris.ch\/de\/wp-json\/wp\/v2\/media\/27950"}],"wp:attachment":[{"href":"https:\/\/bien-etreiris.ch\/de\/wp-json\/wp\/v2\/media?parent=28879"}],"curies":[{"name":"wp","href":"https:\/\/api.w.org\/{rel}","templated":true}]}}