{"id":28862,"date":"2019-09-07T07:19:53","date_gmt":"2019-09-07T07:19:53","guid":{"rendered":"https:\/\/bien-etreiris.ch\/wohlbefinden\/basische-produkte-p-jentschura\/wurzelkraft\/legumes-cuits-au-four-et-dip-dhoumous\/"},"modified":"2019-09-08T07:38:57","modified_gmt":"2019-09-08T07:38:57","slug":"ofengemuese-mit-hummus-dip","status":"publish","type":"page","link":"https:\/\/bien-etreiris.ch\/de\/produktpraesentation\/natuerliche-heilmittel\/saeure-basen-haushalt\/wurzelkraft\/ofengemuese-mit-hummus-dip\/","title":{"rendered":"OFENGEM\u00dcSE"},"content":{"rendered":"\n<h2 class=\"wp-block-heading\"> <br>Ofengem\u00fcse mit Hummus-Dip <\/h2>\n\n\n<p><a href=\"https:\/\/decoiris.ch\/wp-content\/uploads\/2019\/09\/L\u00e9gumes-cuits-au-four-et-dip-d\u2019houmous-innen.jpg\"><img loading=\"lazy\" decoding=\"async\" class=\"alignnone wp-image-28353 size-full\" src=\"https:\/\/decoiris.ch\/wp-content\/uploads\/2019\/09\/L\u00e9gumes-cuits-au-four-et-dip-d\u2019houmous-innen.jpg\" alt=\"\" width=\"820\" height=\"687\" srcset=\"https:\/\/bien-etreiris.ch\/wp-content\/uploads\/2019\/09\/L\u00e9gumes-cuits-au-four-et-dip-d\u2019houmous-innen.jpg 820w, https:\/\/bien-etreiris.ch\/wp-content\/uploads\/2019\/09\/L\u00e9gumes-cuits-au-four-et-dip-d\u2019houmous-innen-300x251.jpg 300w, https:\/\/bien-etreiris.ch\/wp-content\/uploads\/2019\/09\/L\u00e9gumes-cuits-au-four-et-dip-d\u2019houmous-innen-768x643.jpg 768w\" sizes=\"auto, (max-width: 820px) 100vw, 820px\" \/><\/a><\/p>\n<h4 class=\"headline\"><strong>Zutaten f\u00fcr 2 Personen<\/strong><\/h4>\n<table class=\"tablesaw tablesaw-stack table-recipe\" data-tablesaw-mode=\"stack\">\n<tbody>\n<tr>\n<td class=\"value\">8 \u2013 10<\/td>\n<td class=\"ingredient\" data-sr-id=\"1\">verschiedene Gem\u00fcsesorten nach Saison<\/td>\n<\/tr>\n<tr>\n<td class=\"value\">&nbsp;<\/td>\n<td class=\"ingredient\" data-sr-id=\"3\">Oliven- oder Avocado\u00f6l<\/td>\n<\/tr>\n<tr>\n<td class=\"value\">&nbsp;<\/td>\n<td class=\"ingredient\" data-sr-id=\"4\">Sesam<\/td>\n<\/tr>\n<tr>\n<td class=\"value\">&nbsp;<\/td>\n<td class=\"ingredient\" data-sr-id=\"5\">Kr\u00e4utersalz, Pfeffer, Rosmarin, Thymian oder Kr\u00e4uter der Provence<\/td>\n<\/tr>\n<tr>\n<td class=\"value\">2 \u2013 3 TL<\/td>\n<td class=\"ingredient\" data-sr-id=\"6\">WurzelKraft<\/td>\n<\/tr>\n<tr class=\"recipe-table-heading\">\n<td colspan=\"2\">F\u00fcr den Hummus-Dip:<\/td>\n<\/tr>\n<tr>\n<td class=\"value\">125 g<\/td>\n<td class=\"ingredient\" data-sr-id=\"7\">Kichererbsen (Glas)<\/td>\n<\/tr>\n<tr>\n<td class=\"value\">1 \u2013 2<\/td>\n<td class=\"ingredient\" data-sr-id=\"8\">Knoblauchzehen<\/td>\n<\/tr>\n<tr>\n<td class=\"value\">2 \u2013 3 EL<\/td>\n<td class=\"ingredient\" data-sr-id=\"9\">Limetten- oder Zitronensaft<\/td>\n<\/tr>\n<tr>\n<td class=\"value\">1 EL<\/td>\n<td class=\"ingredient\" data-sr-id=\"10\">Oliven\u00f6l<\/td>\n<\/tr>\n<tr>\n<td class=\"value\">35 g<\/td>\n<td class=\"ingredient\" data-sr-id=\"11\">Sesammus (Glas)<\/td>\n<\/tr>\n<tr>\n<td class=\"value\">&nbsp;<\/td>\n<td class=\"ingredient\" data-sr-id=\"12\">Kreuzk\u00fcmmel, Paprikapulver, edels\u00fc\u00df, Kr\u00e4utersalz, Pfeffer<\/td>\n<\/tr>\n<\/tbody>\n<\/table>\n<p>&nbsp;<\/p>\n<div class=\"recipe-preparation\">\n<h4>&nbsp;<\/h4>\n<div class=\"recipe-preparation\">\n<h4 class=\"headline\"><strong>Zubereitung<\/strong><\/h4>\n<p>Den Backofen auf 180 \u00b0C vorheizen.<\/p>\n<p>Verschiedene Gem\u00fcsesorten (je nach Saison) beliebig auf ein mit Backpapier belegtes Blech geben und f\u00fcr 20 \u2013 30 Minuten auf mittlerer Schiene backen. Sie k\u00f6nnen zum Beispiel M\u00f6hren und Zucchini in d\u00fcnne Scheiben schneiden. Im Herbst eignet sich ein Hokkaidok\u00fcrbis, der in d\u00fcnne Spalten geschnitten wird. Ansonsten sind Porree und Auberginen, in Scheiben geschnitten, eine sch\u00f6ne Erg\u00e4nzung.<\/p>\n<p>Das Gem\u00fcse nun mit Avocado- oder Oliven\u00f6l bepinseln, salzen und mit Sesam oder mediterran mit Rosmarin oder Thymian bestreuen.<\/p>\n<p>F\u00fcr den Dip die Kichererbsen in ein Sieb sch\u00fctten und waschen. Knoblauch zerdr\u00fccken und mit Kichererbsen, Limettensaft, Oliven\u00f6l, Sesammus, Gew\u00fcrzen und ggf. 1 \u2013 2 EL Wasser p\u00fcrieren. Der Dip h\u00e4lt sich 2 \u2013 3 Tage, verschlossen im K\u00fchlschrank.<\/p>\n<p>Das fertige Gem\u00fcse und den Dip auf die Teller geben, etwas abk\u00fchlen lassen und die WurzelKraft dar\u00fcberstreuen.<\/p>\n<\/div>\n<\/div>","protected":false},"excerpt":{"rendered":"<p>Ofengem\u00fcse mit Hummus-Dip Zutaten f\u00fcr 2 Personen 8 \u2013 10 verschiedene Gem\u00fcsesorten nach Saison &nbsp; Oliven- oder Avocado\u00f6l &nbsp; Sesam &nbsp; Kr\u00e4utersalz, Pfeffer, Rosmarin, Thymian oder Kr\u00e4uter der Provence 2 \u2013 3 TL WurzelKraft F\u00fcr den Hummus-Dip: 125 g Kichererbsen (Glas) 1 \u2013 2 Knoblauchzehen 2 \u2013 3 EL Limetten- oder Zitronensaft 1 EL Oliven\u00f6l 35 g Sesammus (Glas) &nbsp;&nbsp;<a href=\"https:\/\/bien-etreiris.ch\/de\/produktpraesentation\/natuerliche-heilmittel\/saeure-basen-haushalt\/wurzelkraft\/ofengemuese-mit-hummus-dip\/\" class=\"read-more\">Weiter lesen<\/a><\/p>\n","protected":false},"author":1,"featured_media":28352,"parent":13815,"menu_order":7266,"comment_status":"closed","ping_status":"closed","template":"","meta":{"_acf_changed":false,"ngg_post_thumbnail":0,"footnotes":""},"class_list":["post-28862","page","type-page","status-publish","has-post-thumbnail","hentry"],"acf":[],"yoast_head":"<!-- This site is optimized with the Yoast SEO plugin v27.5 - https:\/\/yoast.com\/product\/yoast-seo-wordpress\/ -->\n<title>OFENGEM\u00dcSE - WOHLBEFINDEN<\/title>\n<meta name=\"robots\" content=\"index, follow, max-snippet:-1, max-image-preview:large, max-video-preview:-1\" \/>\n<link rel=\"canonical\" href=\"https:\/\/bien-etreiris.ch\/de\/produktpraesentation\/natuerliche-heilmittel\/saeure-basen-haushalt\/wurzelkraft\/ofengemuese-mit-hummus-dip\/\" \/>\n<meta property=\"og:locale\" content=\"de_DE\" \/>\n<meta property=\"og:type\" content=\"article\" \/>\n<meta property=\"og:title\" content=\"OFENGEM\u00dcSE - WOHLBEFINDEN\" \/>\n<meta property=\"og:description\" content=\"Ofengem\u00fcse mit Hummus-Dip Zutaten f\u00fcr 2 Personen 8 \u2013 10 verschiedene Gem\u00fcsesorten nach Saison &nbsp; Oliven- oder Avocado\u00f6l &nbsp; Sesam &nbsp; Kr\u00e4utersalz, Pfeffer, Rosmarin, Thymian oder Kr\u00e4uter der Provence 2 \u2013 3 TL WurzelKraft F\u00fcr den Hummus-Dip: 125 g Kichererbsen (Glas) 1 \u2013 2 Knoblauchzehen 2 \u2013 3 EL Limetten- oder Zitronensaft 1 EL Oliven\u00f6l 35 g Sesammus (Glas) &nbsp;&nbsp;Weiter lesen\" \/>\n<meta property=\"og:url\" content=\"https:\/\/bien-etreiris.ch\/de\/produktpraesentation\/natuerliche-heilmittel\/saeure-basen-haushalt\/wurzelkraft\/ofengemuese-mit-hummus-dip\/\" \/>\n<meta property=\"og:site_name\" content=\"WOHLBEFINDEN\" \/>\n<meta property=\"article:publisher\" content=\"https:\/\/www.facebook.com\/bienetreiris\/\" \/>\n<meta property=\"article:modified_time\" content=\"2019-09-08T07:38:57+00:00\" \/>\n<meta property=\"og:image\" content=\"https:\/\/bien-etreiris.ch\/wp-content\/uploads\/2019\/09\/L\u00e9gumes-cuits-au-four-et-dip-d\u2019houmous-1.jpg\" \/>\n\t<meta property=\"og:image:width\" content=\"550\" \/>\n\t<meta property=\"og:image:height\" content=\"367\" \/>\n\t<meta property=\"og:image:type\" content=\"image\/jpeg\" \/>\n<meta name=\"twitter:label1\" content=\"Gesch\u00e4tzte Lesezeit\" \/>\n\t<meta name=\"twitter:data1\" content=\"1\u00a0Minute\" \/>\n<script type=\"application\/ld+json\" class=\"yoast-schema-graph\">{\"@context\":\"https:\\\/\\\/schema.org\",\"@graph\":[{\"@type\":\"WebPage\",\"@id\":\"https:\\\/\\\/bien-etreiris.ch\\\/de\\\/produktpraesentation\\\/natuerliche-heilmittel\\\/saeure-basen-haushalt\\\/wurzelkraft\\\/ofengemuese-mit-hummus-dip\\\/\",\"url\":\"https:\\\/\\\/bien-etreiris.ch\\\/de\\\/produktpraesentation\\\/natuerliche-heilmittel\\\/saeure-basen-haushalt\\\/wurzelkraft\\\/ofengemuese-mit-hummus-dip\\\/\",\"name\":\"OFENGEM\u00dcSE - WOHLBEFINDEN\",\"isPartOf\":{\"@id\":\"https:\\\/\\\/bien-etreiris.ch\\\/de\\\/#website\"},\"primaryImageOfPage\":{\"@id\":\"https:\\\/\\\/bien-etreiris.ch\\\/de\\\/produktpraesentation\\\/natuerliche-heilmittel\\\/saeure-basen-haushalt\\\/wurzelkraft\\\/ofengemuese-mit-hummus-dip\\\/#primaryimage\"},\"image\":{\"@id\":\"https:\\\/\\\/bien-etreiris.ch\\\/de\\\/produktpraesentation\\\/natuerliche-heilmittel\\\/saeure-basen-haushalt\\\/wurzelkraft\\\/ofengemuese-mit-hummus-dip\\\/#primaryimage\"},\"thumbnailUrl\":\"https:\\\/\\\/bien-etreiris.ch\\\/wp-content\\\/uploads\\\/2019\\\/09\\\/L\u00e9gumes-cuits-au-four-et-dip-d\u2019houmous-1.jpg\",\"datePublished\":\"2019-09-07T07:19:53+00:00\",\"dateModified\":\"2019-09-08T07:38:57+00:00\",\"breadcrumb\":{\"@id\":\"https:\\\/\\\/bien-etreiris.ch\\\/de\\\/produktpraesentation\\\/natuerliche-heilmittel\\\/saeure-basen-haushalt\\\/wurzelkraft\\\/ofengemuese-mit-hummus-dip\\\/#breadcrumb\"},\"inLanguage\":\"de\",\"potentialAction\":[{\"@type\":\"ReadAction\",\"target\":[\"https:\\\/\\\/bien-etreiris.ch\\\/de\\\/produktpraesentation\\\/natuerliche-heilmittel\\\/saeure-basen-haushalt\\\/wurzelkraft\\\/ofengemuese-mit-hummus-dip\\\/\"]}]},{\"@type\":\"ImageObject\",\"inLanguage\":\"de\",\"@id\":\"https:\\\/\\\/bien-etreiris.ch\\\/de\\\/produktpraesentation\\\/natuerliche-heilmittel\\\/saeure-basen-haushalt\\\/wurzelkraft\\\/ofengemuese-mit-hummus-dip\\\/#primaryimage\",\"url\":\"https:\\\/\\\/bien-etreiris.ch\\\/wp-content\\\/uploads\\\/2019\\\/09\\\/L\u00e9gumes-cuits-au-four-et-dip-d\u2019houmous-1.jpg\",\"contentUrl\":\"https:\\\/\\\/bien-etreiris.ch\\\/wp-content\\\/uploads\\\/2019\\\/09\\\/L\u00e9gumes-cuits-au-four-et-dip-d\u2019houmous-1.jpg\",\"width\":550,\"height\":367},{\"@type\":\"BreadcrumbList\",\"@id\":\"https:\\\/\\\/bien-etreiris.ch\\\/de\\\/produktpraesentation\\\/natuerliche-heilmittel\\\/saeure-basen-haushalt\\\/wurzelkraft\\\/ofengemuese-mit-hummus-dip\\\/#breadcrumb\",\"itemListElement\":[{\"@type\":\"ListItem\",\"position\":1,\"name\":\"Home\",\"item\":\"https:\\\/\\\/bien-etreiris.ch\\\/de\\\/\"},{\"@type\":\"ListItem\",\"position\":2,\"name\":\"PRODUKTPR\u00c4SENTATION\",\"item\":\"https:\\\/\\\/bien-etreiris.ch\\\/de\\\/produktpraesentation\\\/\"},{\"@type\":\"ListItem\",\"position\":3,\"name\":\"NAT\u00dcRLICHE HEILMITTEL\",\"item\":\"https:\\\/\\\/bien-etreiris.ch\\\/de\\\/produktpraesentation\\\/natuerliche-heilmittel\\\/\"},{\"@type\":\"ListItem\",\"position\":4,\"name\":\"S\u00c4URE-BASEN-HAUSHALT\",\"item\":\"https:\\\/\\\/bien-etreiris.ch\\\/de\\\/produktpraesentation\\\/natuerliche-heilmittel\\\/saeure-basen-haushalt\\\/\"},{\"@type\":\"ListItem\",\"position\":5,\"name\":\"WURZELKRAFT\",\"item\":\"https:\\\/\\\/bien-etreiris.ch\\\/de\\\/produktpraesentation\\\/natuerliche-heilmittel\\\/saeure-basen-haushalt\\\/wurzelkraft\\\/\"},{\"@type\":\"ListItem\",\"position\":6,\"name\":\"OFENGEM\u00dcSE\"}]},{\"@type\":\"WebSite\",\"@id\":\"https:\\\/\\\/bien-etreiris.ch\\\/de\\\/#website\",\"url\":\"https:\\\/\\\/bien-etreiris.ch\\\/de\\\/\",\"name\":\"Bien-\u00eatre Iris\",\"description\":\"IHRE Gesundheit ist uns wichtig\",\"potentialAction\":[{\"@type\":\"SearchAction\",\"target\":{\"@type\":\"EntryPoint\",\"urlTemplate\":\"https:\\\/\\\/bien-etreiris.ch\\\/de\\\/?s={search_term_string}\"},\"query-input\":{\"@type\":\"PropertyValueSpecification\",\"valueRequired\":true,\"valueName\":\"search_term_string\"}}],\"inLanguage\":\"de\"}]}<\/script>\n<!-- \/ Yoast SEO plugin. -->","yoast_head_json":{"title":"OFENGEM\u00dcSE - WOHLBEFINDEN","robots":{"index":"index","follow":"follow","max-snippet":"max-snippet:-1","max-image-preview":"max-image-preview:large","max-video-preview":"max-video-preview:-1"},"canonical":"https:\/\/bien-etreiris.ch\/de\/produktpraesentation\/natuerliche-heilmittel\/saeure-basen-haushalt\/wurzelkraft\/ofengemuese-mit-hummus-dip\/","og_locale":"de_DE","og_type":"article","og_title":"OFENGEM\u00dcSE - WOHLBEFINDEN","og_description":"Ofengem\u00fcse mit Hummus-Dip Zutaten f\u00fcr 2 Personen 8 \u2013 10 verschiedene Gem\u00fcsesorten nach Saison &nbsp; Oliven- oder Avocado\u00f6l &nbsp; Sesam &nbsp; Kr\u00e4utersalz, Pfeffer, Rosmarin, Thymian oder Kr\u00e4uter der Provence 2 \u2013 3 TL WurzelKraft F\u00fcr den Hummus-Dip: 125 g Kichererbsen (Glas) 1 \u2013 2 Knoblauchzehen 2 \u2013 3 EL Limetten- oder Zitronensaft 1 EL Oliven\u00f6l 35 g Sesammus (Glas) &nbsp;&nbsp;Weiter lesen","og_url":"https:\/\/bien-etreiris.ch\/de\/produktpraesentation\/natuerliche-heilmittel\/saeure-basen-haushalt\/wurzelkraft\/ofengemuese-mit-hummus-dip\/","og_site_name":"WOHLBEFINDEN","article_publisher":"https:\/\/www.facebook.com\/bienetreiris\/","article_modified_time":"2019-09-08T07:38:57+00:00","og_image":[{"width":550,"height":367,"url":"https:\/\/bien-etreiris.ch\/wp-content\/uploads\/2019\/09\/L\u00e9gumes-cuits-au-four-et-dip-d\u2019houmous-1.jpg","type":"image\/jpeg"}],"twitter_misc":{"Gesch\u00e4tzte Lesezeit":"1\u00a0Minute"},"schema":{"@context":"https:\/\/schema.org","@graph":[{"@type":"WebPage","@id":"https:\/\/bien-etreiris.ch\/de\/produktpraesentation\/natuerliche-heilmittel\/saeure-basen-haushalt\/wurzelkraft\/ofengemuese-mit-hummus-dip\/","url":"https:\/\/bien-etreiris.ch\/de\/produktpraesentation\/natuerliche-heilmittel\/saeure-basen-haushalt\/wurzelkraft\/ofengemuese-mit-hummus-dip\/","name":"OFENGEM\u00dcSE - WOHLBEFINDEN","isPartOf":{"@id":"https:\/\/bien-etreiris.ch\/de\/#website"},"primaryImageOfPage":{"@id":"https:\/\/bien-etreiris.ch\/de\/produktpraesentation\/natuerliche-heilmittel\/saeure-basen-haushalt\/wurzelkraft\/ofengemuese-mit-hummus-dip\/#primaryimage"},"image":{"@id":"https:\/\/bien-etreiris.ch\/de\/produktpraesentation\/natuerliche-heilmittel\/saeure-basen-haushalt\/wurzelkraft\/ofengemuese-mit-hummus-dip\/#primaryimage"},"thumbnailUrl":"https:\/\/bien-etreiris.ch\/wp-content\/uploads\/2019\/09\/L\u00e9gumes-cuits-au-four-et-dip-d\u2019houmous-1.jpg","datePublished":"2019-09-07T07:19:53+00:00","dateModified":"2019-09-08T07:38:57+00:00","breadcrumb":{"@id":"https:\/\/bien-etreiris.ch\/de\/produktpraesentation\/natuerliche-heilmittel\/saeure-basen-haushalt\/wurzelkraft\/ofengemuese-mit-hummus-dip\/#breadcrumb"},"inLanguage":"de","potentialAction":[{"@type":"ReadAction","target":["https:\/\/bien-etreiris.ch\/de\/produktpraesentation\/natuerliche-heilmittel\/saeure-basen-haushalt\/wurzelkraft\/ofengemuese-mit-hummus-dip\/"]}]},{"@type":"ImageObject","inLanguage":"de","@id":"https:\/\/bien-etreiris.ch\/de\/produktpraesentation\/natuerliche-heilmittel\/saeure-basen-haushalt\/wurzelkraft\/ofengemuese-mit-hummus-dip\/#primaryimage","url":"https:\/\/bien-etreiris.ch\/wp-content\/uploads\/2019\/09\/L\u00e9gumes-cuits-au-four-et-dip-d\u2019houmous-1.jpg","contentUrl":"https:\/\/bien-etreiris.ch\/wp-content\/uploads\/2019\/09\/L\u00e9gumes-cuits-au-four-et-dip-d\u2019houmous-1.jpg","width":550,"height":367},{"@type":"BreadcrumbList","@id":"https:\/\/bien-etreiris.ch\/de\/produktpraesentation\/natuerliche-heilmittel\/saeure-basen-haushalt\/wurzelkraft\/ofengemuese-mit-hummus-dip\/#breadcrumb","itemListElement":[{"@type":"ListItem","position":1,"name":"Home","item":"https:\/\/bien-etreiris.ch\/de\/"},{"@type":"ListItem","position":2,"name":"PRODUKTPR\u00c4SENTATION","item":"https:\/\/bien-etreiris.ch\/de\/produktpraesentation\/"},{"@type":"ListItem","position":3,"name":"NAT\u00dcRLICHE HEILMITTEL","item":"https:\/\/bien-etreiris.ch\/de\/produktpraesentation\/natuerliche-heilmittel\/"},{"@type":"ListItem","position":4,"name":"S\u00c4URE-BASEN-HAUSHALT","item":"https:\/\/bien-etreiris.ch\/de\/produktpraesentation\/natuerliche-heilmittel\/saeure-basen-haushalt\/"},{"@type":"ListItem","position":5,"name":"WURZELKRAFT","item":"https:\/\/bien-etreiris.ch\/de\/produktpraesentation\/natuerliche-heilmittel\/saeure-basen-haushalt\/wurzelkraft\/"},{"@type":"ListItem","position":6,"name":"OFENGEM\u00dcSE"}]},{"@type":"WebSite","@id":"https:\/\/bien-etreiris.ch\/de\/#website","url":"https:\/\/bien-etreiris.ch\/de\/","name":"Bien-\u00eatre Iris","description":"IHRE Gesundheit ist uns wichtig","potentialAction":[{"@type":"SearchAction","target":{"@type":"EntryPoint","urlTemplate":"https:\/\/bien-etreiris.ch\/de\/?s={search_term_string}"},"query-input":{"@type":"PropertyValueSpecification","valueRequired":true,"valueName":"search_term_string"}}],"inLanguage":"de"}]}},"_links":{"self":[{"href":"https:\/\/bien-etreiris.ch\/de\/wp-json\/wp\/v2\/pages\/28862","targetHints":{"allow":["GET"]}}],"collection":[{"href":"https:\/\/bien-etreiris.ch\/de\/wp-json\/wp\/v2\/pages"}],"about":[{"href":"https:\/\/bien-etreiris.ch\/de\/wp-json\/wp\/v2\/types\/page"}],"author":[{"embeddable":true,"href":"https:\/\/bien-etreiris.ch\/de\/wp-json\/wp\/v2\/users\/1"}],"replies":[{"embeddable":true,"href":"https:\/\/bien-etreiris.ch\/de\/wp-json\/wp\/v2\/comments?post=28862"}],"version-history":[{"count":2,"href":"https:\/\/bien-etreiris.ch\/de\/wp-json\/wp\/v2\/pages\/28862\/revisions"}],"predecessor-version":[{"id":28867,"href":"https:\/\/bien-etreiris.ch\/de\/wp-json\/wp\/v2\/pages\/28862\/revisions\/28867"}],"up":[{"embeddable":true,"href":"https:\/\/bien-etreiris.ch\/de\/wp-json\/wp\/v2\/pages\/13815"}],"wp:featuredmedia":[{"embeddable":true,"href":"https:\/\/bien-etreiris.ch\/de\/wp-json\/wp\/v2\/media\/28352"}],"wp:attachment":[{"href":"https:\/\/bien-etreiris.ch\/de\/wp-json\/wp\/v2\/media?parent=28862"}],"curies":[{"name":"wp","href":"https:\/\/api.w.org\/{rel}","templated":true}]}}