{"id":28853,"date":"2019-09-04T16:45:03","date_gmt":"2019-09-04T16:45:03","guid":{"rendered":"https:\/\/bien-etreiris.ch\/wohlbefinden\/basische-produkte-p-jentschura\/wurzelkraft\/guacamole-alcavie-a-la-sauce-tomate\/"},"modified":"2019-09-08T07:28:52","modified_gmt":"2019-09-08T07:28:52","slug":"wurzelkraft-power-guacamole-mit-tomaten-salsa","status":"publish","type":"page","link":"https:\/\/bien-etreiris.ch\/de\/produktpraesentation\/natuerliche-heilmittel\/saeure-basen-haushalt\/wurzelkraft\/wurzelkraft-power-guacamole-mit-tomaten-salsa\/","title":{"rendered":"GUACAMOLE"},"content":{"rendered":"\n<h2 class=\"wp-block-heading\"> <br>WurzelKraft Power Guacamole mit Tomaten Salsa <\/h2>\n\n\n<p><a href=\"https:\/\/decoiris.ch\/wp-content\/uploads\/2019\/09\/Guacamole-AlcaVie-\u00e0-la-sauce-tomate-innen.jpg\"><img loading=\"lazy\" decoding=\"async\" class=\"alignnone wp-image-28849 size-full\" src=\"https:\/\/decoiris.ch\/wp-content\/uploads\/2019\/09\/Guacamole-AlcaVie-\u00e0-la-sauce-tomate-innen.jpg\" alt=\"\" width=\"820\" height=\"585\" srcset=\"https:\/\/bien-etreiris.ch\/wp-content\/uploads\/2019\/09\/Guacamole-AlcaVie-\u00e0-la-sauce-tomate-innen.jpg 820w, https:\/\/bien-etreiris.ch\/wp-content\/uploads\/2019\/09\/Guacamole-AlcaVie-\u00e0-la-sauce-tomate-innen-300x214.jpg 300w, https:\/\/bien-etreiris.ch\/wp-content\/uploads\/2019\/09\/Guacamole-AlcaVie-\u00e0-la-sauce-tomate-innen-768x548.jpg 768w\" sizes=\"auto, (max-width: 820px) 100vw, 820px\" \/><\/a><\/p>\n<h4 class=\"headline\"><strong>Zutaten f\u00fcr je ca. 300 g<\/strong><\/h4>\n<table class=\"tablesaw tablesaw-stack table-recipe\" data-tablesaw-mode=\"stack\">\n<tbody>\n<tr>\n<td class=\"value\">2<\/td>\n<td class=\"ingredient\" data-sr-id=\"1\">Avocados<\/td>\n<\/tr>\n<tr>\n<td class=\"value\">1 1\/2<\/td>\n<td class=\"ingredient\" data-sr-id=\"3\">Zitronen (ausgepresst)<\/td>\n<\/tr>\n<tr>\n<td class=\"value\">1<\/td>\n<td class=\"ingredient\" data-sr-id=\"4\">gro\u00dfe Knoblauchzehe<\/td>\n<\/tr>\n<tr>\n<td class=\"value\">10<\/td>\n<td class=\"ingredient\" data-sr-id=\"5\">gr\u00fcne Oliven (entsteint)<\/td>\n<\/tr>\n<tr>\n<td class=\"value\">2 EL<\/td>\n<td class=\"ingredient\" data-sr-id=\"6\">Oliven\u00f6l<\/td>\n<\/tr>\n<tr>\n<td class=\"value\">3 EL<\/td>\n<td class=\"ingredient\" data-sr-id=\"7\">Sahne<\/td>\n<\/tr>\n<tr>\n<td class=\"value\">1 TL<\/td>\n<td class=\"ingredient\" data-sr-id=\"8\">Agavendicksaft<\/td>\n<\/tr>\n<tr>\n<td class=\"value\">2 TL<\/td>\n<td class=\"ingredient\" data-sr-id=\"9\">WurzelKraft<\/td>\n<\/tr>\n<tr>\n<td class=\"value\">&nbsp;<\/td>\n<td class=\"ingredient\" data-sr-id=\"10\">Meersalz, Pfeffer<\/td>\n<\/tr>\n<tr class=\"recipe-table-heading\">\n<td colspan=\"2\"><strong>Tomaten Salsa<\/strong><\/td>\n<\/tr>\n<tr>\n<td class=\"value\">250 g<\/td>\n<td class=\"ingredient\" data-sr-id=\"11\">Tomaten (gew\u00fcrfelt)<\/td>\n<\/tr>\n<tr>\n<td class=\"value\">1<\/td>\n<td class=\"ingredient\" data-sr-id=\"12\">rote Zwiebel (fein gew\u00fcrfelt)<\/td>\n<\/tr>\n<tr>\n<td class=\"value\">2 EL<\/td>\n<td class=\"ingredient\" data-sr-id=\"13\">Oliven\u00f6l<\/td>\n<\/tr>\n<tr>\n<td class=\"value\">ca. 15 g<\/td>\n<td class=\"ingredient\" data-sr-id=\"14\">Petersilie (fein gehackt)<\/td>\n<\/tr>\n<tr>\n<td class=\"value\">1\/2 TL<\/td>\n<td class=\"ingredient\" data-sr-id=\"15\">Chiliflocken<\/td>\n<\/tr>\n<tr>\n<td class=\"value\">&nbsp;<\/td>\n<td class=\"ingredient\" data-sr-id=\"16\">etwas Zitronensaft<\/td>\n<\/tr>\n<tr>\n<td class=\"value\">&nbsp;<\/td>\n<td class=\"ingredient\" data-sr-id=\"17\">Zucker, Salz, Pfeffer<\/td>\n<\/tr>\n<\/tbody>\n<\/table>\n<p>&nbsp;<\/p>\n<div class=\"recipe-preparation\">\n<div class=\"recipe-preparation\">\n<h4 class=\"headline\"><strong>Zubereitung<\/strong><\/h4>\n<p>F\u00fcr die Guacamole geben wir alle Zutaten bis auf die WurzelKraft in einen Standmixer bzw. in eine Sch\u00fcssel und p\u00fcrieren alles mit einem P\u00fcrierstab. Anschlie\u00dfend geben wir die WurzelKraft hinzu und verr\u00fchren alles gut. Die Creme f\u00fcr ein paar Minuten abgedeckt im K\u00fchlschrank ziehen lassen.<\/p>\n<p>F\u00fcr die Tomaten Salsa alle Zutaten in einer Schale gut vermengen und ebenfalls im K\u00fchlschrank f\u00fcr einige Minuten ziehen lassen.<\/p>\n<p>Zusammen angerichtet oder getrennt in Schalen servieren mit Baguette oder Tortilla Chips.<\/p>\n<\/div>\n<\/div>","protected":false},"excerpt":{"rendered":"<p>WurzelKraft Power Guacamole mit Tomaten Salsa Zutaten f\u00fcr je ca. 300 g 2 Avocados 1 1\/2 Zitronen (ausgepresst) 1 gro\u00dfe Knoblauchzehe 10 gr\u00fcne Oliven (entsteint) 2 EL Oliven\u00f6l 3 EL Sahne 1 TL Agavendicksaft 2 TL WurzelKraft &nbsp; Meersalz, Pfeffer Tomaten Salsa 250 g Tomaten (gew\u00fcrfelt) 1 rote Zwiebel (fein gew\u00fcrfelt) 2 EL Oliven\u00f6l ca. 15 g Petersilie (fein gehackt)&nbsp;<a href=\"https:\/\/bien-etreiris.ch\/de\/produktpraesentation\/natuerliche-heilmittel\/saeure-basen-haushalt\/wurzelkraft\/wurzelkraft-power-guacamole-mit-tomaten-salsa\/\" class=\"read-more\">Weiter lesen<\/a><\/p>\n","protected":false},"author":1,"featured_media":27662,"parent":13815,"menu_order":7375,"comment_status":"closed","ping_status":"closed","template":"page-with-child.php","meta":{"_acf_changed":false,"ngg_post_thumbnail":0,"footnotes":""},"class_list":["post-28853","page","type-page","status-publish","has-post-thumbnail","hentry"],"acf":[],"yoast_head":"<!-- This site is optimized with the Yoast SEO plugin v27.5 - https:\/\/yoast.com\/product\/yoast-seo-wordpress\/ -->\n<title>GUACAMOLE - WOHLBEFINDEN<\/title>\n<meta name=\"robots\" content=\"index, follow, max-snippet:-1, max-image-preview:large, max-video-preview:-1\" \/>\n<link rel=\"canonical\" href=\"https:\/\/bien-etreiris.ch\/de\/produktpraesentation\/natuerliche-heilmittel\/saeure-basen-haushalt\/wurzelkraft\/wurzelkraft-power-guacamole-mit-tomaten-salsa\/\" \/>\n<meta property=\"og:locale\" content=\"de_DE\" \/>\n<meta property=\"og:type\" content=\"article\" \/>\n<meta property=\"og:title\" content=\"GUACAMOLE - WOHLBEFINDEN\" \/>\n<meta property=\"og:description\" content=\"WurzelKraft Power Guacamole mit Tomaten Salsa Zutaten f\u00fcr je ca. 300 g 2 Avocados 1 1\/2 Zitronen (ausgepresst) 1 gro\u00dfe Knoblauchzehe 10 gr\u00fcne Oliven (entsteint) 2 EL Oliven\u00f6l 3 EL Sahne 1 TL Agavendicksaft 2 TL WurzelKraft &nbsp; Meersalz, Pfeffer Tomaten Salsa 250 g Tomaten (gew\u00fcrfelt) 1 rote Zwiebel (fein gew\u00fcrfelt) 2 EL Oliven\u00f6l ca. 15 g Petersilie (fein gehackt)&nbsp;Weiter lesen\" \/>\n<meta property=\"og:url\" content=\"https:\/\/bien-etreiris.ch\/de\/produktpraesentation\/natuerliche-heilmittel\/saeure-basen-haushalt\/wurzelkraft\/wurzelkraft-power-guacamole-mit-tomaten-salsa\/\" \/>\n<meta property=\"og:site_name\" content=\"WOHLBEFINDEN\" \/>\n<meta property=\"article:publisher\" content=\"https:\/\/www.facebook.com\/bienetreiris\/\" \/>\n<meta property=\"article:modified_time\" content=\"2019-09-08T07:28:52+00:00\" \/>\n<meta property=\"og:image\" content=\"https:\/\/bien-etreiris.ch\/wp-content\/uploads\/2019\/09\/Guacamole-AlcaVie-\u00e0-la-sauce-tomate.jpg\" \/>\n\t<meta property=\"og:image:width\" content=\"550\" \/>\n\t<meta property=\"og:image:height\" content=\"392\" \/>\n\t<meta property=\"og:image:type\" content=\"image\/jpeg\" \/>\n<meta name=\"twitter:label1\" content=\"Gesch\u00e4tzte Lesezeit\" \/>\n\t<meta name=\"twitter:data1\" content=\"1\u00a0Minute\" \/>\n<script type=\"application\/ld+json\" class=\"yoast-schema-graph\">{\"@context\":\"https:\\\/\\\/schema.org\",\"@graph\":[{\"@type\":\"WebPage\",\"@id\":\"https:\\\/\\\/bien-etreiris.ch\\\/de\\\/produktpraesentation\\\/natuerliche-heilmittel\\\/saeure-basen-haushalt\\\/wurzelkraft\\\/wurzelkraft-power-guacamole-mit-tomaten-salsa\\\/\",\"url\":\"https:\\\/\\\/bien-etreiris.ch\\\/de\\\/produktpraesentation\\\/natuerliche-heilmittel\\\/saeure-basen-haushalt\\\/wurzelkraft\\\/wurzelkraft-power-guacamole-mit-tomaten-salsa\\\/\",\"name\":\"GUACAMOLE - WOHLBEFINDEN\",\"isPartOf\":{\"@id\":\"https:\\\/\\\/bien-etreiris.ch\\\/de\\\/#website\"},\"primaryImageOfPage\":{\"@id\":\"https:\\\/\\\/bien-etreiris.ch\\\/de\\\/produktpraesentation\\\/natuerliche-heilmittel\\\/saeure-basen-haushalt\\\/wurzelkraft\\\/wurzelkraft-power-guacamole-mit-tomaten-salsa\\\/#primaryimage\"},\"image\":{\"@id\":\"https:\\\/\\\/bien-etreiris.ch\\\/de\\\/produktpraesentation\\\/natuerliche-heilmittel\\\/saeure-basen-haushalt\\\/wurzelkraft\\\/wurzelkraft-power-guacamole-mit-tomaten-salsa\\\/#primaryimage\"},\"thumbnailUrl\":\"https:\\\/\\\/bien-etreiris.ch\\\/wp-content\\\/uploads\\\/2019\\\/09\\\/Guacamole-AlcaVie-\u00e0-la-sauce-tomate.jpg\",\"datePublished\":\"2019-09-04T16:45:03+00:00\",\"dateModified\":\"2019-09-08T07:28:52+00:00\",\"breadcrumb\":{\"@id\":\"https:\\\/\\\/bien-etreiris.ch\\\/de\\\/produktpraesentation\\\/natuerliche-heilmittel\\\/saeure-basen-haushalt\\\/wurzelkraft\\\/wurzelkraft-power-guacamole-mit-tomaten-salsa\\\/#breadcrumb\"},\"inLanguage\":\"de\",\"potentialAction\":[{\"@type\":\"ReadAction\",\"target\":[\"https:\\\/\\\/bien-etreiris.ch\\\/de\\\/produktpraesentation\\\/natuerliche-heilmittel\\\/saeure-basen-haushalt\\\/wurzelkraft\\\/wurzelkraft-power-guacamole-mit-tomaten-salsa\\\/\"]}]},{\"@type\":\"ImageObject\",\"inLanguage\":\"de\",\"@id\":\"https:\\\/\\\/bien-etreiris.ch\\\/de\\\/produktpraesentation\\\/natuerliche-heilmittel\\\/saeure-basen-haushalt\\\/wurzelkraft\\\/wurzelkraft-power-guacamole-mit-tomaten-salsa\\\/#primaryimage\",\"url\":\"https:\\\/\\\/bien-etreiris.ch\\\/wp-content\\\/uploads\\\/2019\\\/09\\\/Guacamole-AlcaVie-\u00e0-la-sauce-tomate.jpg\",\"contentUrl\":\"https:\\\/\\\/bien-etreiris.ch\\\/wp-content\\\/uploads\\\/2019\\\/09\\\/Guacamole-AlcaVie-\u00e0-la-sauce-tomate.jpg\",\"width\":550,\"height\":392},{\"@type\":\"BreadcrumbList\",\"@id\":\"https:\\\/\\\/bien-etreiris.ch\\\/de\\\/produktpraesentation\\\/natuerliche-heilmittel\\\/saeure-basen-haushalt\\\/wurzelkraft\\\/wurzelkraft-power-guacamole-mit-tomaten-salsa\\\/#breadcrumb\",\"itemListElement\":[{\"@type\":\"ListItem\",\"position\":1,\"name\":\"Home\",\"item\":\"https:\\\/\\\/bien-etreiris.ch\\\/de\\\/\"},{\"@type\":\"ListItem\",\"position\":2,\"name\":\"PRODUKTPR\u00c4SENTATION\",\"item\":\"https:\\\/\\\/bien-etreiris.ch\\\/de\\\/produktpraesentation\\\/\"},{\"@type\":\"ListItem\",\"position\":3,\"name\":\"NAT\u00dcRLICHE HEILMITTEL\",\"item\":\"https:\\\/\\\/bien-etreiris.ch\\\/de\\\/produktpraesentation\\\/natuerliche-heilmittel\\\/\"},{\"@type\":\"ListItem\",\"position\":4,\"name\":\"S\u00c4URE-BASEN-HAUSHALT\",\"item\":\"https:\\\/\\\/bien-etreiris.ch\\\/de\\\/produktpraesentation\\\/natuerliche-heilmittel\\\/saeure-basen-haushalt\\\/\"},{\"@type\":\"ListItem\",\"position\":5,\"name\":\"WURZELKRAFT\",\"item\":\"https:\\\/\\\/bien-etreiris.ch\\\/de\\\/produktpraesentation\\\/natuerliche-heilmittel\\\/saeure-basen-haushalt\\\/wurzelkraft\\\/\"},{\"@type\":\"ListItem\",\"position\":6,\"name\":\"GUACAMOLE\"}]},{\"@type\":\"WebSite\",\"@id\":\"https:\\\/\\\/bien-etreiris.ch\\\/de\\\/#website\",\"url\":\"https:\\\/\\\/bien-etreiris.ch\\\/de\\\/\",\"name\":\"Bien-\u00eatre Iris\",\"description\":\"IHRE Gesundheit ist uns wichtig\",\"potentialAction\":[{\"@type\":\"SearchAction\",\"target\":{\"@type\":\"EntryPoint\",\"urlTemplate\":\"https:\\\/\\\/bien-etreiris.ch\\\/de\\\/?s={search_term_string}\"},\"query-input\":{\"@type\":\"PropertyValueSpecification\",\"valueRequired\":true,\"valueName\":\"search_term_string\"}}],\"inLanguage\":\"de\"}]}<\/script>\n<!-- \/ Yoast SEO plugin. -->","yoast_head_json":{"title":"GUACAMOLE - WOHLBEFINDEN","robots":{"index":"index","follow":"follow","max-snippet":"max-snippet:-1","max-image-preview":"max-image-preview:large","max-video-preview":"max-video-preview:-1"},"canonical":"https:\/\/bien-etreiris.ch\/de\/produktpraesentation\/natuerliche-heilmittel\/saeure-basen-haushalt\/wurzelkraft\/wurzelkraft-power-guacamole-mit-tomaten-salsa\/","og_locale":"de_DE","og_type":"article","og_title":"GUACAMOLE - WOHLBEFINDEN","og_description":"WurzelKraft Power Guacamole mit Tomaten Salsa Zutaten f\u00fcr je ca. 300 g 2 Avocados 1 1\/2 Zitronen (ausgepresst) 1 gro\u00dfe Knoblauchzehe 10 gr\u00fcne Oliven (entsteint) 2 EL Oliven\u00f6l 3 EL Sahne 1 TL Agavendicksaft 2 TL WurzelKraft &nbsp; Meersalz, Pfeffer Tomaten Salsa 250 g Tomaten (gew\u00fcrfelt) 1 rote Zwiebel (fein gew\u00fcrfelt) 2 EL Oliven\u00f6l ca. 15 g Petersilie (fein gehackt)&nbsp;Weiter lesen","og_url":"https:\/\/bien-etreiris.ch\/de\/produktpraesentation\/natuerliche-heilmittel\/saeure-basen-haushalt\/wurzelkraft\/wurzelkraft-power-guacamole-mit-tomaten-salsa\/","og_site_name":"WOHLBEFINDEN","article_publisher":"https:\/\/www.facebook.com\/bienetreiris\/","article_modified_time":"2019-09-08T07:28:52+00:00","og_image":[{"width":550,"height":392,"url":"https:\/\/bien-etreiris.ch\/wp-content\/uploads\/2019\/09\/Guacamole-AlcaVie-\u00e0-la-sauce-tomate.jpg","type":"image\/jpeg"}],"twitter_misc":{"Gesch\u00e4tzte Lesezeit":"1\u00a0Minute"},"schema":{"@context":"https:\/\/schema.org","@graph":[{"@type":"WebPage","@id":"https:\/\/bien-etreiris.ch\/de\/produktpraesentation\/natuerliche-heilmittel\/saeure-basen-haushalt\/wurzelkraft\/wurzelkraft-power-guacamole-mit-tomaten-salsa\/","url":"https:\/\/bien-etreiris.ch\/de\/produktpraesentation\/natuerliche-heilmittel\/saeure-basen-haushalt\/wurzelkraft\/wurzelkraft-power-guacamole-mit-tomaten-salsa\/","name":"GUACAMOLE - WOHLBEFINDEN","isPartOf":{"@id":"https:\/\/bien-etreiris.ch\/de\/#website"},"primaryImageOfPage":{"@id":"https:\/\/bien-etreiris.ch\/de\/produktpraesentation\/natuerliche-heilmittel\/saeure-basen-haushalt\/wurzelkraft\/wurzelkraft-power-guacamole-mit-tomaten-salsa\/#primaryimage"},"image":{"@id":"https:\/\/bien-etreiris.ch\/de\/produktpraesentation\/natuerliche-heilmittel\/saeure-basen-haushalt\/wurzelkraft\/wurzelkraft-power-guacamole-mit-tomaten-salsa\/#primaryimage"},"thumbnailUrl":"https:\/\/bien-etreiris.ch\/wp-content\/uploads\/2019\/09\/Guacamole-AlcaVie-\u00e0-la-sauce-tomate.jpg","datePublished":"2019-09-04T16:45:03+00:00","dateModified":"2019-09-08T07:28:52+00:00","breadcrumb":{"@id":"https:\/\/bien-etreiris.ch\/de\/produktpraesentation\/natuerliche-heilmittel\/saeure-basen-haushalt\/wurzelkraft\/wurzelkraft-power-guacamole-mit-tomaten-salsa\/#breadcrumb"},"inLanguage":"de","potentialAction":[{"@type":"ReadAction","target":["https:\/\/bien-etreiris.ch\/de\/produktpraesentation\/natuerliche-heilmittel\/saeure-basen-haushalt\/wurzelkraft\/wurzelkraft-power-guacamole-mit-tomaten-salsa\/"]}]},{"@type":"ImageObject","inLanguage":"de","@id":"https:\/\/bien-etreiris.ch\/de\/produktpraesentation\/natuerliche-heilmittel\/saeure-basen-haushalt\/wurzelkraft\/wurzelkraft-power-guacamole-mit-tomaten-salsa\/#primaryimage","url":"https:\/\/bien-etreiris.ch\/wp-content\/uploads\/2019\/09\/Guacamole-AlcaVie-\u00e0-la-sauce-tomate.jpg","contentUrl":"https:\/\/bien-etreiris.ch\/wp-content\/uploads\/2019\/09\/Guacamole-AlcaVie-\u00e0-la-sauce-tomate.jpg","width":550,"height":392},{"@type":"BreadcrumbList","@id":"https:\/\/bien-etreiris.ch\/de\/produktpraesentation\/natuerliche-heilmittel\/saeure-basen-haushalt\/wurzelkraft\/wurzelkraft-power-guacamole-mit-tomaten-salsa\/#breadcrumb","itemListElement":[{"@type":"ListItem","position":1,"name":"Home","item":"https:\/\/bien-etreiris.ch\/de\/"},{"@type":"ListItem","position":2,"name":"PRODUKTPR\u00c4SENTATION","item":"https:\/\/bien-etreiris.ch\/de\/produktpraesentation\/"},{"@type":"ListItem","position":3,"name":"NAT\u00dcRLICHE HEILMITTEL","item":"https:\/\/bien-etreiris.ch\/de\/produktpraesentation\/natuerliche-heilmittel\/"},{"@type":"ListItem","position":4,"name":"S\u00c4URE-BASEN-HAUSHALT","item":"https:\/\/bien-etreiris.ch\/de\/produktpraesentation\/natuerliche-heilmittel\/saeure-basen-haushalt\/"},{"@type":"ListItem","position":5,"name":"WURZELKRAFT","item":"https:\/\/bien-etreiris.ch\/de\/produktpraesentation\/natuerliche-heilmittel\/saeure-basen-haushalt\/wurzelkraft\/"},{"@type":"ListItem","position":6,"name":"GUACAMOLE"}]},{"@type":"WebSite","@id":"https:\/\/bien-etreiris.ch\/de\/#website","url":"https:\/\/bien-etreiris.ch\/de\/","name":"Bien-\u00eatre Iris","description":"IHRE Gesundheit ist uns wichtig","potentialAction":[{"@type":"SearchAction","target":{"@type":"EntryPoint","urlTemplate":"https:\/\/bien-etreiris.ch\/de\/?s={search_term_string}"},"query-input":{"@type":"PropertyValueSpecification","valueRequired":true,"valueName":"search_term_string"}}],"inLanguage":"de"}]}},"_links":{"self":[{"href":"https:\/\/bien-etreiris.ch\/de\/wp-json\/wp\/v2\/pages\/28853","targetHints":{"allow":["GET"]}}],"collection":[{"href":"https:\/\/bien-etreiris.ch\/de\/wp-json\/wp\/v2\/pages"}],"about":[{"href":"https:\/\/bien-etreiris.ch\/de\/wp-json\/wp\/v2\/types\/page"}],"author":[{"embeddable":true,"href":"https:\/\/bien-etreiris.ch\/de\/wp-json\/wp\/v2\/users\/1"}],"replies":[{"embeddable":true,"href":"https:\/\/bien-etreiris.ch\/de\/wp-json\/wp\/v2\/comments?post=28853"}],"version-history":[{"count":2,"href":"https:\/\/bien-etreiris.ch\/de\/wp-json\/wp\/v2\/pages\/28853\/revisions"}],"predecessor-version":[{"id":28859,"href":"https:\/\/bien-etreiris.ch\/de\/wp-json\/wp\/v2\/pages\/28853\/revisions\/28859"}],"up":[{"embeddable":true,"href":"https:\/\/bien-etreiris.ch\/de\/wp-json\/wp\/v2\/pages\/13815"}],"wp:featuredmedia":[{"embeddable":true,"href":"https:\/\/bien-etreiris.ch\/de\/wp-json\/wp\/v2\/media\/27662"}],"wp:attachment":[{"href":"https:\/\/bien-etreiris.ch\/de\/wp-json\/wp\/v2\/media?parent=28853"}],"curies":[{"name":"wp","href":"https:\/\/api.w.org\/{rel}","templated":true}]}}