{"id":28839,"date":"2019-09-06T20:57:29","date_gmt":"2019-09-06T20:57:29","guid":{"rendered":"https:\/\/bien-etreiris.ch\/wohlbefinden\/basische-produkte-p-jentschura\/wurzelkraft\/delice-de-fromage-blanc-aux-cerises-chocolat-et-amandes\/"},"modified":"2019-09-08T07:17:26","modified_gmt":"2019-09-08T07:17:26","slug":"schoko-kirsch-quark-creme-mit-mandel-topping","status":"publish","type":"page","link":"https:\/\/bien-etreiris.ch\/de\/produktpraesentation\/natuerliche-heilmittel\/saeure-basen-haushalt\/wurzelkraft\/schoko-kirsch-quark-creme-mit-mandel-topping\/","title":{"rendered":"QUARK-CREME"},"content":{"rendered":"\n<h2 class=\"wp-block-heading\"> <br>Schoko-Kirsch-Quark-Creme mit Mandel-Topping <\/h2>\n\n\n<p>&nbsp;<a href=\"https:\/\/decoiris.ch\/wp-content\/uploads\/2019\/09\/D\u00e9lice-de-fromage-blanc-aux-cerises-chocolat-et-amandes-innen.jpg\"><img loading=\"lazy\" decoding=\"async\" class=\"alignnone wp-image-28834 size-full\" src=\"https:\/\/decoiris.ch\/wp-content\/uploads\/2019\/09\/D\u00e9lice-de-fromage-blanc-aux-cerises-chocolat-et-amandes-innen.jpg\" alt=\"\" width=\"820\" height=\"688\" srcset=\"https:\/\/bien-etreiris.ch\/wp-content\/uploads\/2019\/09\/D\u00e9lice-de-fromage-blanc-aux-cerises-chocolat-et-amandes-innen.jpg 820w, https:\/\/bien-etreiris.ch\/wp-content\/uploads\/2019\/09\/D\u00e9lice-de-fromage-blanc-aux-cerises-chocolat-et-amandes-innen-300x252.jpg 300w, https:\/\/bien-etreiris.ch\/wp-content\/uploads\/2019\/09\/D\u00e9lice-de-fromage-blanc-aux-cerises-chocolat-et-amandes-innen-768x644.jpg 768w\" sizes=\"auto, (max-width: 820px) 100vw, 820px\" \/><\/a><\/p>\n<h4 class=\"headline\"><strong>Zutaten f\u00fcr 4 Personen<\/strong><\/h4>\n<table class=\"tablesaw tablesaw-stack table-recipe\" data-tablesaw-mode=\"stack\">\n<tbody>\n<tr>\n<td class=\"value\">500 g<\/td>\n<td class=\"ingredient\" data-sr-id=\"1\">Magerquark<\/td>\n<\/tr>\n<tr>\n<td class=\"value\">2 TL<\/td>\n<td class=\"ingredient\" data-sr-id=\"3\">Kakaopulver (z. B. Backkakao)<\/td>\n<\/tr>\n<tr>\n<td class=\"value\">3 \u2013 4 TL<\/td>\n<td class=\"ingredient\" data-sr-id=\"4\">Agavendicksaft<\/td>\n<\/tr>\n<tr>\n<td class=\"value\">100 ml<\/td>\n<td class=\"ingredient\" data-sr-id=\"5\">Sahne (aufgeschlagen)<\/td>\n<\/tr>\n<tr>\n<td class=\"value\">1 P\u00e4ckchen<\/td>\n<td class=\"ingredient\" data-sr-id=\"6\">Vanillezucker<\/td>\n<\/tr>\n<tr>\n<td class=\"value\">1 Glas (ca. 250 g)<\/td>\n<td class=\"ingredient\" data-sr-id=\"7\">Kirschmarmelade (mit m\u00f6glichst wenig Zucker)<\/td>\n<\/tr>\n<tr class=\"recipe-table-heading\">\n<td colspan=\"2\">Topping<\/td>\n<\/tr>\n<tr>\n<td class=\"value\">50 g<\/td>\n<td class=\"ingredient\" data-sr-id=\"8\">Mandeln, gesch\u00e4lt<\/td>\n<\/tr>\n<tr>\n<td class=\"value\">20 g<\/td>\n<td class=\"ingredient\" data-sr-id=\"9\">Vollrohrzucker<\/td>\n<\/tr>\n<tr>\n<td class=\"value\">4 tl<\/td>\n<td class=\"ingredient\" data-sr-id=\"10\">Zartbitterschokolade geraspelt<\/td>\n<\/tr>\n<tr>\n<td class=\"value\">1 \u2013 2 tl<\/td>\n<td class=\"ingredient\" data-sr-id=\"11\">WurzelKraft<\/td>\n<\/tr>\n<\/tbody>\n<\/table>\n<p>&nbsp;<\/p>\n<div class=\"recipe-preparation\">\n<div class=\"recipe-preparation\">\n<h4 class=\"headline\"><strong>Zubereitung<\/strong><\/h4>\n<p>Quark in eine Sch\u00fcssel geben und die aufgeschlagene Sahne unterheben. Die Masse mit Kakaopulver, Agavendicksaft und Vanillezucker verr\u00fchren, auf einen Teller anrichten und mit Marmelade bedecken. Die Mandeln hacken. Den Zucker in eine Pfanne geben und bei mittlerer Temperatur karamellisieren. Dann die Mandeln zugeben und von der Platte nehmen. Die auf einem Backpapier abgek\u00fchlten Mandeln \u00fcber das Dessert streuen. Anschlie\u00dfend mit WurzelKraft und Schokoraspeln verfeinern.<\/p>\n<p>Bleibt noch etwas vom Dessert \u00fcbrig, so kann es in einem Schraubglas aufbewahrt werden.<\/p>\n<\/div>\n<\/div>","protected":false},"excerpt":{"rendered":"<p>Schoko-Kirsch-Quark-Creme mit Mandel-Topping &nbsp; Zutaten f\u00fcr 4 Personen 500 g Magerquark 2 TL Kakaopulver (z. B. Backkakao) 3 \u2013 4 TL Agavendicksaft 100 ml Sahne (aufgeschlagen) 1 P\u00e4ckchen Vanillezucker 1 Glas (ca. 250 g) Kirschmarmelade (mit m\u00f6glichst wenig Zucker) Topping 50 g Mandeln, gesch\u00e4lt 20 g Vollrohrzucker 4 tl Zartbitterschokolade geraspelt 1 \u2013 2 tl WurzelKraft &nbsp; Zubereitung Quark in&nbsp;<a href=\"https:\/\/bien-etreiris.ch\/de\/produktpraesentation\/natuerliche-heilmittel\/saeure-basen-haushalt\/wurzelkraft\/schoko-kirsch-quark-creme-mit-mandel-topping\/\" class=\"read-more\">Weiter lesen<\/a><\/p>\n","protected":false},"author":1,"featured_media":27935,"parent":13815,"menu_order":7270,"comment_status":"closed","ping_status":"closed","template":"page-with-child.php","meta":{"_acf_changed":false,"ngg_post_thumbnail":0,"footnotes":""},"class_list":["post-28839","page","type-page","status-publish","has-post-thumbnail","hentry"],"acf":[],"yoast_head":"<!-- This site is optimized with the Yoast SEO plugin v27.5 - https:\/\/yoast.com\/product\/yoast-seo-wordpress\/ -->\n<title>QUARK-CREME - WOHLBEFINDEN<\/title>\n<meta name=\"robots\" content=\"index, follow, max-snippet:-1, max-image-preview:large, max-video-preview:-1\" \/>\n<link rel=\"canonical\" href=\"https:\/\/bien-etreiris.ch\/de\/produktpraesentation\/natuerliche-heilmittel\/saeure-basen-haushalt\/wurzelkraft\/schoko-kirsch-quark-creme-mit-mandel-topping\/\" \/>\n<meta property=\"og:locale\" content=\"de_DE\" \/>\n<meta property=\"og:type\" content=\"article\" \/>\n<meta property=\"og:title\" content=\"QUARK-CREME - WOHLBEFINDEN\" \/>\n<meta property=\"og:description\" content=\"Schoko-Kirsch-Quark-Creme mit Mandel-Topping &nbsp; Zutaten f\u00fcr 4 Personen 500 g Magerquark 2 TL Kakaopulver (z. B. Backkakao) 3 \u2013 4 TL Agavendicksaft 100 ml Sahne (aufgeschlagen) 1 P\u00e4ckchen Vanillezucker 1 Glas (ca. 250 g) Kirschmarmelade (mit m\u00f6glichst wenig Zucker) Topping 50 g Mandeln, gesch\u00e4lt 20 g Vollrohrzucker 4 tl Zartbitterschokolade geraspelt 1 \u2013 2 tl WurzelKraft &nbsp; Zubereitung Quark in&nbsp;Weiter lesen\" \/>\n<meta property=\"og:url\" content=\"https:\/\/bien-etreiris.ch\/de\/produktpraesentation\/natuerliche-heilmittel\/saeure-basen-haushalt\/wurzelkraft\/schoko-kirsch-quark-creme-mit-mandel-topping\/\" \/>\n<meta property=\"og:site_name\" content=\"WOHLBEFINDEN\" \/>\n<meta property=\"article:publisher\" content=\"https:\/\/www.facebook.com\/bienetreiris\/\" \/>\n<meta property=\"article:modified_time\" content=\"2019-09-08T07:17:26+00:00\" \/>\n<meta property=\"og:image\" content=\"https:\/\/bien-etreiris.ch\/wp-content\/uploads\/2019\/09\/D\u00e9lice-de-fromage-blanc-aux-cerises-chocolat-et-amandes.jpg\" \/>\n\t<meta property=\"og:image:width\" content=\"550\" \/>\n\t<meta property=\"og:image:height\" content=\"367\" \/>\n\t<meta property=\"og:image:type\" content=\"image\/jpeg\" \/>\n<meta name=\"twitter:label1\" content=\"Gesch\u00e4tzte Lesezeit\" \/>\n\t<meta name=\"twitter:data1\" content=\"1\u00a0Minute\" \/>\n<script type=\"application\/ld+json\" class=\"yoast-schema-graph\">{\"@context\":\"https:\\\/\\\/schema.org\",\"@graph\":[{\"@type\":\"WebPage\",\"@id\":\"https:\\\/\\\/bien-etreiris.ch\\\/de\\\/produktpraesentation\\\/natuerliche-heilmittel\\\/saeure-basen-haushalt\\\/wurzelkraft\\\/schoko-kirsch-quark-creme-mit-mandel-topping\\\/\",\"url\":\"https:\\\/\\\/bien-etreiris.ch\\\/de\\\/produktpraesentation\\\/natuerliche-heilmittel\\\/saeure-basen-haushalt\\\/wurzelkraft\\\/schoko-kirsch-quark-creme-mit-mandel-topping\\\/\",\"name\":\"QUARK-CREME - WOHLBEFINDEN\",\"isPartOf\":{\"@id\":\"https:\\\/\\\/bien-etreiris.ch\\\/de\\\/#website\"},\"primaryImageOfPage\":{\"@id\":\"https:\\\/\\\/bien-etreiris.ch\\\/de\\\/produktpraesentation\\\/natuerliche-heilmittel\\\/saeure-basen-haushalt\\\/wurzelkraft\\\/schoko-kirsch-quark-creme-mit-mandel-topping\\\/#primaryimage\"},\"image\":{\"@id\":\"https:\\\/\\\/bien-etreiris.ch\\\/de\\\/produktpraesentation\\\/natuerliche-heilmittel\\\/saeure-basen-haushalt\\\/wurzelkraft\\\/schoko-kirsch-quark-creme-mit-mandel-topping\\\/#primaryimage\"},\"thumbnailUrl\":\"https:\\\/\\\/bien-etreiris.ch\\\/wp-content\\\/uploads\\\/2019\\\/09\\\/D\u00e9lice-de-fromage-blanc-aux-cerises-chocolat-et-amandes.jpg\",\"datePublished\":\"2019-09-06T20:57:29+00:00\",\"dateModified\":\"2019-09-08T07:17:26+00:00\",\"breadcrumb\":{\"@id\":\"https:\\\/\\\/bien-etreiris.ch\\\/de\\\/produktpraesentation\\\/natuerliche-heilmittel\\\/saeure-basen-haushalt\\\/wurzelkraft\\\/schoko-kirsch-quark-creme-mit-mandel-topping\\\/#breadcrumb\"},\"inLanguage\":\"de\",\"potentialAction\":[{\"@type\":\"ReadAction\",\"target\":[\"https:\\\/\\\/bien-etreiris.ch\\\/de\\\/produktpraesentation\\\/natuerliche-heilmittel\\\/saeure-basen-haushalt\\\/wurzelkraft\\\/schoko-kirsch-quark-creme-mit-mandel-topping\\\/\"]}]},{\"@type\":\"ImageObject\",\"inLanguage\":\"de\",\"@id\":\"https:\\\/\\\/bien-etreiris.ch\\\/de\\\/produktpraesentation\\\/natuerliche-heilmittel\\\/saeure-basen-haushalt\\\/wurzelkraft\\\/schoko-kirsch-quark-creme-mit-mandel-topping\\\/#primaryimage\",\"url\":\"https:\\\/\\\/bien-etreiris.ch\\\/wp-content\\\/uploads\\\/2019\\\/09\\\/D\u00e9lice-de-fromage-blanc-aux-cerises-chocolat-et-amandes.jpg\",\"contentUrl\":\"https:\\\/\\\/bien-etreiris.ch\\\/wp-content\\\/uploads\\\/2019\\\/09\\\/D\u00e9lice-de-fromage-blanc-aux-cerises-chocolat-et-amandes.jpg\",\"width\":550,\"height\":367},{\"@type\":\"BreadcrumbList\",\"@id\":\"https:\\\/\\\/bien-etreiris.ch\\\/de\\\/produktpraesentation\\\/natuerliche-heilmittel\\\/saeure-basen-haushalt\\\/wurzelkraft\\\/schoko-kirsch-quark-creme-mit-mandel-topping\\\/#breadcrumb\",\"itemListElement\":[{\"@type\":\"ListItem\",\"position\":1,\"name\":\"Home\",\"item\":\"https:\\\/\\\/bien-etreiris.ch\\\/de\\\/\"},{\"@type\":\"ListItem\",\"position\":2,\"name\":\"PRODUKTPR\u00c4SENTATION\",\"item\":\"https:\\\/\\\/bien-etreiris.ch\\\/de\\\/produktpraesentation\\\/\"},{\"@type\":\"ListItem\",\"position\":3,\"name\":\"NAT\u00dcRLICHE HEILMITTEL\",\"item\":\"https:\\\/\\\/bien-etreiris.ch\\\/de\\\/produktpraesentation\\\/natuerliche-heilmittel\\\/\"},{\"@type\":\"ListItem\",\"position\":4,\"name\":\"S\u00c4URE-BASEN-HAUSHALT\",\"item\":\"https:\\\/\\\/bien-etreiris.ch\\\/de\\\/produktpraesentation\\\/natuerliche-heilmittel\\\/saeure-basen-haushalt\\\/\"},{\"@type\":\"ListItem\",\"position\":5,\"name\":\"WURZELKRAFT\",\"item\":\"https:\\\/\\\/bien-etreiris.ch\\\/de\\\/produktpraesentation\\\/natuerliche-heilmittel\\\/saeure-basen-haushalt\\\/wurzelkraft\\\/\"},{\"@type\":\"ListItem\",\"position\":6,\"name\":\"QUARK-CREME\"}]},{\"@type\":\"WebSite\",\"@id\":\"https:\\\/\\\/bien-etreiris.ch\\\/de\\\/#website\",\"url\":\"https:\\\/\\\/bien-etreiris.ch\\\/de\\\/\",\"name\":\"Bien-\u00eatre Iris\",\"description\":\"IHRE Gesundheit ist uns wichtig\",\"potentialAction\":[{\"@type\":\"SearchAction\",\"target\":{\"@type\":\"EntryPoint\",\"urlTemplate\":\"https:\\\/\\\/bien-etreiris.ch\\\/de\\\/?s={search_term_string}\"},\"query-input\":{\"@type\":\"PropertyValueSpecification\",\"valueRequired\":true,\"valueName\":\"search_term_string\"}}],\"inLanguage\":\"de\"}]}<\/script>\n<!-- \/ Yoast SEO plugin. -->","yoast_head_json":{"title":"QUARK-CREME - WOHLBEFINDEN","robots":{"index":"index","follow":"follow","max-snippet":"max-snippet:-1","max-image-preview":"max-image-preview:large","max-video-preview":"max-video-preview:-1"},"canonical":"https:\/\/bien-etreiris.ch\/de\/produktpraesentation\/natuerliche-heilmittel\/saeure-basen-haushalt\/wurzelkraft\/schoko-kirsch-quark-creme-mit-mandel-topping\/","og_locale":"de_DE","og_type":"article","og_title":"QUARK-CREME - WOHLBEFINDEN","og_description":"Schoko-Kirsch-Quark-Creme mit Mandel-Topping &nbsp; Zutaten f\u00fcr 4 Personen 500 g Magerquark 2 TL Kakaopulver (z. B. Backkakao) 3 \u2013 4 TL Agavendicksaft 100 ml Sahne (aufgeschlagen) 1 P\u00e4ckchen Vanillezucker 1 Glas (ca. 250 g) Kirschmarmelade (mit m\u00f6glichst wenig Zucker) Topping 50 g Mandeln, gesch\u00e4lt 20 g Vollrohrzucker 4 tl Zartbitterschokolade geraspelt 1 \u2013 2 tl WurzelKraft &nbsp; Zubereitung Quark in&nbsp;Weiter lesen","og_url":"https:\/\/bien-etreiris.ch\/de\/produktpraesentation\/natuerliche-heilmittel\/saeure-basen-haushalt\/wurzelkraft\/schoko-kirsch-quark-creme-mit-mandel-topping\/","og_site_name":"WOHLBEFINDEN","article_publisher":"https:\/\/www.facebook.com\/bienetreiris\/","article_modified_time":"2019-09-08T07:17:26+00:00","og_image":[{"width":550,"height":367,"url":"https:\/\/bien-etreiris.ch\/wp-content\/uploads\/2019\/09\/D\u00e9lice-de-fromage-blanc-aux-cerises-chocolat-et-amandes.jpg","type":"image\/jpeg"}],"twitter_misc":{"Gesch\u00e4tzte Lesezeit":"1\u00a0Minute"},"schema":{"@context":"https:\/\/schema.org","@graph":[{"@type":"WebPage","@id":"https:\/\/bien-etreiris.ch\/de\/produktpraesentation\/natuerliche-heilmittel\/saeure-basen-haushalt\/wurzelkraft\/schoko-kirsch-quark-creme-mit-mandel-topping\/","url":"https:\/\/bien-etreiris.ch\/de\/produktpraesentation\/natuerliche-heilmittel\/saeure-basen-haushalt\/wurzelkraft\/schoko-kirsch-quark-creme-mit-mandel-topping\/","name":"QUARK-CREME - WOHLBEFINDEN","isPartOf":{"@id":"https:\/\/bien-etreiris.ch\/de\/#website"},"primaryImageOfPage":{"@id":"https:\/\/bien-etreiris.ch\/de\/produktpraesentation\/natuerliche-heilmittel\/saeure-basen-haushalt\/wurzelkraft\/schoko-kirsch-quark-creme-mit-mandel-topping\/#primaryimage"},"image":{"@id":"https:\/\/bien-etreiris.ch\/de\/produktpraesentation\/natuerliche-heilmittel\/saeure-basen-haushalt\/wurzelkraft\/schoko-kirsch-quark-creme-mit-mandel-topping\/#primaryimage"},"thumbnailUrl":"https:\/\/bien-etreiris.ch\/wp-content\/uploads\/2019\/09\/D\u00e9lice-de-fromage-blanc-aux-cerises-chocolat-et-amandes.jpg","datePublished":"2019-09-06T20:57:29+00:00","dateModified":"2019-09-08T07:17:26+00:00","breadcrumb":{"@id":"https:\/\/bien-etreiris.ch\/de\/produktpraesentation\/natuerliche-heilmittel\/saeure-basen-haushalt\/wurzelkraft\/schoko-kirsch-quark-creme-mit-mandel-topping\/#breadcrumb"},"inLanguage":"de","potentialAction":[{"@type":"ReadAction","target":["https:\/\/bien-etreiris.ch\/de\/produktpraesentation\/natuerliche-heilmittel\/saeure-basen-haushalt\/wurzelkraft\/schoko-kirsch-quark-creme-mit-mandel-topping\/"]}]},{"@type":"ImageObject","inLanguage":"de","@id":"https:\/\/bien-etreiris.ch\/de\/produktpraesentation\/natuerliche-heilmittel\/saeure-basen-haushalt\/wurzelkraft\/schoko-kirsch-quark-creme-mit-mandel-topping\/#primaryimage","url":"https:\/\/bien-etreiris.ch\/wp-content\/uploads\/2019\/09\/D\u00e9lice-de-fromage-blanc-aux-cerises-chocolat-et-amandes.jpg","contentUrl":"https:\/\/bien-etreiris.ch\/wp-content\/uploads\/2019\/09\/D\u00e9lice-de-fromage-blanc-aux-cerises-chocolat-et-amandes.jpg","width":550,"height":367},{"@type":"BreadcrumbList","@id":"https:\/\/bien-etreiris.ch\/de\/produktpraesentation\/natuerliche-heilmittel\/saeure-basen-haushalt\/wurzelkraft\/schoko-kirsch-quark-creme-mit-mandel-topping\/#breadcrumb","itemListElement":[{"@type":"ListItem","position":1,"name":"Home","item":"https:\/\/bien-etreiris.ch\/de\/"},{"@type":"ListItem","position":2,"name":"PRODUKTPR\u00c4SENTATION","item":"https:\/\/bien-etreiris.ch\/de\/produktpraesentation\/"},{"@type":"ListItem","position":3,"name":"NAT\u00dcRLICHE HEILMITTEL","item":"https:\/\/bien-etreiris.ch\/de\/produktpraesentation\/natuerliche-heilmittel\/"},{"@type":"ListItem","position":4,"name":"S\u00c4URE-BASEN-HAUSHALT","item":"https:\/\/bien-etreiris.ch\/de\/produktpraesentation\/natuerliche-heilmittel\/saeure-basen-haushalt\/"},{"@type":"ListItem","position":5,"name":"WURZELKRAFT","item":"https:\/\/bien-etreiris.ch\/de\/produktpraesentation\/natuerliche-heilmittel\/saeure-basen-haushalt\/wurzelkraft\/"},{"@type":"ListItem","position":6,"name":"QUARK-CREME"}]},{"@type":"WebSite","@id":"https:\/\/bien-etreiris.ch\/de\/#website","url":"https:\/\/bien-etreiris.ch\/de\/","name":"Bien-\u00eatre Iris","description":"IHRE Gesundheit ist uns wichtig","potentialAction":[{"@type":"SearchAction","target":{"@type":"EntryPoint","urlTemplate":"https:\/\/bien-etreiris.ch\/de\/?s={search_term_string}"},"query-input":{"@type":"PropertyValueSpecification","valueRequired":true,"valueName":"search_term_string"}}],"inLanguage":"de"}]}},"_links":{"self":[{"href":"https:\/\/bien-etreiris.ch\/de\/wp-json\/wp\/v2\/pages\/28839","targetHints":{"allow":["GET"]}}],"collection":[{"href":"https:\/\/bien-etreiris.ch\/de\/wp-json\/wp\/v2\/pages"}],"about":[{"href":"https:\/\/bien-etreiris.ch\/de\/wp-json\/wp\/v2\/types\/page"}],"author":[{"embeddable":true,"href":"https:\/\/bien-etreiris.ch\/de\/wp-json\/wp\/v2\/users\/1"}],"replies":[{"embeddable":true,"href":"https:\/\/bien-etreiris.ch\/de\/wp-json\/wp\/v2\/comments?post=28839"}],"version-history":[{"count":2,"href":"https:\/\/bien-etreiris.ch\/de\/wp-json\/wp\/v2\/pages\/28839\/revisions"}],"predecessor-version":[{"id":28843,"href":"https:\/\/bien-etreiris.ch\/de\/wp-json\/wp\/v2\/pages\/28839\/revisions\/28843"}],"up":[{"embeddable":true,"href":"https:\/\/bien-etreiris.ch\/de\/wp-json\/wp\/v2\/pages\/13815"}],"wp:featuredmedia":[{"embeddable":true,"href":"https:\/\/bien-etreiris.ch\/de\/wp-json\/wp\/v2\/media\/27935"}],"wp:attachment":[{"href":"https:\/\/bien-etreiris.ch\/de\/wp-json\/wp\/v2\/media?parent=28839"}],"curies":[{"name":"wp","href":"https:\/\/api.w.org\/{rel}","templated":true}]}}