{"id":28781,"date":"2019-09-06T15:37:16","date_gmt":"2019-09-06T15:37:16","guid":{"rendered":"https:\/\/bien-etreiris.ch\/wohlbefinden\/basische-produkte-p-jentschura\/tischleindeckdich\/sandwich-daubergine-avec-alcamenu-en-farce-epicee\/"},"modified":"2019-09-07T21:52:41","modified_gmt":"2019-09-07T21:52:41","slug":"auberginensandwich-mit-wuerziger-tischleindeckdich-fuellung","status":"publish","type":"page","link":"https:\/\/bien-etreiris.ch\/de\/produktpraesentation\/natuerliche-heilmittel\/saeure-basen-haushalt\/tischleindeckdich\/auberginensandwich-mit-wuerziger-tischleindeckdich-fuellung\/","title":{"rendered":"AUBERGINENSANDWICH"},"content":{"rendered":"\n<h2 class=\"wp-block-heading\"> <br> <br> <br>Auberginensandwich mit w\u00fcrziger TischleinDeckDich F\u00fcllung <\/h2>\n\n\n<p><a href=\"https:\/\/decoiris.ch\/wp-content\/uploads\/2019\/09\/Sandwich-d\u2019aubergine-avec-AlcaMenu-en-farce-\u00e9pic\u00e9e-innen.jpg\"><img loading=\"lazy\" decoding=\"async\" class=\"alignnone wp-image-28204 size-full\" src=\"https:\/\/decoiris.ch\/wp-content\/uploads\/2019\/09\/Sandwich-d\u2019aubergine-avec-AlcaMenu-en-farce-\u00e9pic\u00e9e-innen.jpg\" alt=\"\" width=\"820\" height=\"687\" srcset=\"https:\/\/bien-etreiris.ch\/wp-content\/uploads\/2019\/09\/Sandwich-d\u2019aubergine-avec-AlcaMenu-en-farce-\u00e9pic\u00e9e-innen.jpg 820w, https:\/\/bien-etreiris.ch\/wp-content\/uploads\/2019\/09\/Sandwich-d\u2019aubergine-avec-AlcaMenu-en-farce-\u00e9pic\u00e9e-innen-300x251.jpg 300w, https:\/\/bien-etreiris.ch\/wp-content\/uploads\/2019\/09\/Sandwich-d\u2019aubergine-avec-AlcaMenu-en-farce-\u00e9pic\u00e9e-innen-768x643.jpg 768w\" sizes=\"auto, (max-width: 820px) 100vw, 820px\" \/><\/a><\/p>\n<h4 class=\"headline\"><strong>Zutaten f\u00fcr ca. 4 Sandwiches<\/strong><\/h4>\n<table class=\"tablesaw tablesaw-stack table-recipe\" data-tablesaw-mode=\"stack\">\n<tbody>\n<tr class=\"recipe-table-heading\">\n<td colspan=\"2\"><strong>F\u00fcr die F\u00fcllung<\/strong><\/td>\n<\/tr>\n<tr>\n<td class=\"value\">4 EL (ca. 40 g)<\/td>\n<td class=\"ingredient\" data-sr-id=\"1\">TischleinDeckDich<\/td>\n<\/tr>\n<tr>\n<td class=\"value\">ca. 135 ml<\/td>\n<td class=\"ingredient\" data-sr-id=\"3\">Wasser oder Gem\u00fcsebr\u00fche<\/td>\n<\/tr>\n<tr>\n<td class=\"value\">2 \u2013 3 TL<\/td>\n<td class=\"ingredient\" data-sr-id=\"4\">Pesto rosso<\/td>\n<\/tr>\n<tr>\n<td class=\"value\">50 g<\/td>\n<td class=\"ingredient\" data-sr-id=\"5\">Schafsk\u00e4se<\/td>\n<\/tr>\n<tr>\n<td class=\"value\">5 St\u00fcck (ca. 60 g)<\/td>\n<td class=\"ingredient\" data-sr-id=\"6\">getrocknete Tomaten<\/td>\n<\/tr>\n<tr>\n<td class=\"value\">6 \u2013 7<\/td>\n<td class=\"ingredient\" data-sr-id=\"7\">gr\u00fcne Oliven ohne Stein<\/td>\n<\/tr>\n<tr>\n<td class=\"value\">&nbsp;<\/td>\n<td class=\"ingredient\" data-sr-id=\"8\">Kr\u00e4utersalz, Pfeffer, Basilikum<\/td>\n<\/tr>\n<tr class=\"recipe-table-heading\">\n<td colspan=\"2\"><strong>F\u00fcr die Sandwiches<\/strong><\/td>\n<\/tr>\n<tr>\n<td class=\"value\">1<\/td>\n<td class=\"ingredient\" data-sr-id=\"9\">Aubergine (ca. 260 g = 8 Scheiben)<\/td>\n<\/tr>\n<tr>\n<td class=\"value\">5 \u2013 6 EL<\/td>\n<td class=\"ingredient\" data-sr-id=\"10\">Oliven- oder Avocado\u00f6l<\/td>\n<\/tr>\n<tr>\n<td class=\"value\">1 \u2013 2<\/td>\n<td class=\"ingredient\" data-sr-id=\"11\">Knoblauchzehen<\/td>\n<\/tr>\n<tr>\n<td class=\"value\">&nbsp;<\/td>\n<td class=\"ingredient\" data-sr-id=\"12\">Kr\u00e4utersalz, Pfeffer, Basilikum<\/td>\n<\/tr>\n<\/tbody>\n<\/table>\n<p>&nbsp;<\/p>\n<div class=\"recipe-preparation\">\n<h4>&nbsp;<\/h4>\n<div class=\"recipe-preparation\">\n<h4 class=\"headline\"><strong>Zubereitung<\/strong><\/h4>\n<p>TischleinDeckDich mit ca. 135 ml kochendem Wasser\/Br\u00fche \u00fcbergie\u00dfen, umr\u00fchren und 5 Min. quellen lassen.<\/p>\n<p>Die abgek\u00fchlte Masse mit Pesto und Kr\u00e4utersalz verfeinern. Schafsk\u00e4se mit einer Gabel zerdr\u00fccken und zusammen mit den zerkleinerten getrockneten Tomaten, Oliven und Kr\u00e4utern unter die abgek\u00fchlte TischleinDeckDich Masse r\u00fchren und w\u00fcrzen. Die Masse sollte nicht zu fl\u00fcssig sein.<\/p>\n<p>Aubergine waschen, l\u00e4ngs in Scheiben schneiden und mit Kr\u00e4utersalz bestreuen. Die ausgetretene Fl\u00fcssigkeit mit einem K\u00fcchenpapier abtupfen. 4 \u2013 5 EL \u00d6l in eine Tasse geben und mit zerdr\u00fccktem Knoblauch, Basilikum sowie Pfeffer und Kr\u00e4utersalz vermischen. Die Auberginenscheiben von einer Seite mit dem Kr\u00e4uter\u00f6l bepinseln. Die Mischung jeweils auf eine Auberginenscheibe streichen. Mit einer zweiten Scheibe abdecken und andr\u00fccken. Dabei sollten die mit \u00d6l bepinselten Seiten au\u00dfen sein. 1 EL \u00d6l in einer Pfanne erhitzen und die Sandwiches hineinlegen und von beiden Seiten br\u00e4unen.<\/p>\n<p><strong>Zum Grillen:<\/strong><\/p>\n<p>Die TischleinDeckDich Mischung nicht ganz bis zum \u00e4u\u00dferen Rand der Auberginenscheibe aufstreichen. Mit einer zweiten Auberginenscheibe abdecken und andr\u00fccken. Auf dem Grill 10 \u2013 15 Minuten von beiden Seiten r\u00f6sten, am besten auf einen Doppelgrillspie\u00df stechen.<\/p>\n<\/div>\n<\/div>","protected":false},"excerpt":{"rendered":"<p>Auberginensandwich mit w\u00fcrziger TischleinDeckDich F\u00fcllung Zutaten f\u00fcr ca. 4 Sandwiches F\u00fcr die F\u00fcllung 4 EL (ca. 40 g) TischleinDeckDich ca. 135 ml Wasser oder Gem\u00fcsebr\u00fche 2 \u2013 3 TL Pesto rosso 50 g Schafsk\u00e4se 5 St\u00fcck (ca. 60 g) getrocknete Tomaten 6 \u2013 7 gr\u00fcne Oliven ohne Stein &nbsp; Kr\u00e4utersalz, Pfeffer, Basilikum F\u00fcr die Sandwiches 1 Aubergine (ca. 260 g&nbsp;<a href=\"https:\/\/bien-etreiris.ch\/de\/produktpraesentation\/natuerliche-heilmittel\/saeure-basen-haushalt\/tischleindeckdich\/auberginensandwich-mit-wuerziger-tischleindeckdich-fuellung\/\" class=\"read-more\">Weiter lesen<\/a><\/p>\n","protected":false},"author":1,"featured_media":28011,"parent":13722,"menu_order":7303,"comment_status":"closed","ping_status":"closed","template":"page-with-child.php","meta":{"_acf_changed":false,"ngg_post_thumbnail":0,"footnotes":""},"class_list":["post-28781","page","type-page","status-publish","has-post-thumbnail","hentry"],"acf":[],"yoast_head":"<!-- This site is optimized with the Yoast SEO plugin v27.5 - https:\/\/yoast.com\/product\/yoast-seo-wordpress\/ -->\n<title>AUBERGINENSANDWICH - WOHLBEFINDEN<\/title>\n<meta name=\"robots\" content=\"index, follow, max-snippet:-1, max-image-preview:large, max-video-preview:-1\" \/>\n<link rel=\"canonical\" href=\"https:\/\/bien-etreiris.ch\/de\/produktpraesentation\/natuerliche-heilmittel\/saeure-basen-haushalt\/tischleindeckdich\/auberginensandwich-mit-wuerziger-tischleindeckdich-fuellung\/\" \/>\n<meta property=\"og:locale\" content=\"de_DE\" \/>\n<meta property=\"og:type\" content=\"article\" \/>\n<meta property=\"og:title\" content=\"AUBERGINENSANDWICH - WOHLBEFINDEN\" \/>\n<meta property=\"og:description\" content=\"Auberginensandwich mit w\u00fcrziger TischleinDeckDich F\u00fcllung Zutaten f\u00fcr ca. 4 Sandwiches F\u00fcr die F\u00fcllung 4 EL (ca. 40 g) TischleinDeckDich ca. 135 ml Wasser oder Gem\u00fcsebr\u00fche 2 \u2013 3 TL Pesto rosso 50 g Schafsk\u00e4se 5 St\u00fcck (ca. 60 g) getrocknete Tomaten 6 \u2013 7 gr\u00fcne Oliven ohne Stein &nbsp; Kr\u00e4utersalz, Pfeffer, Basilikum F\u00fcr die Sandwiches 1 Aubergine (ca. 260 g&nbsp;Weiter lesen\" \/>\n<meta property=\"og:url\" content=\"https:\/\/bien-etreiris.ch\/de\/produktpraesentation\/natuerliche-heilmittel\/saeure-basen-haushalt\/tischleindeckdich\/auberginensandwich-mit-wuerziger-tischleindeckdich-fuellung\/\" \/>\n<meta property=\"og:site_name\" content=\"WOHLBEFINDEN\" \/>\n<meta property=\"article:publisher\" content=\"https:\/\/www.facebook.com\/bienetreiris\/\" \/>\n<meta property=\"article:modified_time\" content=\"2019-09-07T21:52:41+00:00\" \/>\n<meta property=\"og:image\" content=\"https:\/\/bien-etreiris.ch\/wp-content\/uploads\/2019\/09\/Sandwich-d\u2019aubergine-avec-AlcaMenu-en-farce-\u00e9pic\u00e9e.jpg\" \/>\n\t<meta property=\"og:image:width\" content=\"550\" \/>\n\t<meta property=\"og:image:height\" content=\"366\" \/>\n\t<meta property=\"og:image:type\" content=\"image\/jpeg\" \/>\n<meta name=\"twitter:label1\" content=\"Gesch\u00e4tzte Lesezeit\" \/>\n\t<meta name=\"twitter:data1\" content=\"1\u00a0Minute\" \/>\n<script type=\"application\/ld+json\" class=\"yoast-schema-graph\">{\"@context\":\"https:\\\/\\\/schema.org\",\"@graph\":[{\"@type\":\"WebPage\",\"@id\":\"https:\\\/\\\/bien-etreiris.ch\\\/de\\\/produktpraesentation\\\/natuerliche-heilmittel\\\/saeure-basen-haushalt\\\/tischleindeckdich\\\/auberginensandwich-mit-wuerziger-tischleindeckdich-fuellung\\\/\",\"url\":\"https:\\\/\\\/bien-etreiris.ch\\\/de\\\/produktpraesentation\\\/natuerliche-heilmittel\\\/saeure-basen-haushalt\\\/tischleindeckdich\\\/auberginensandwich-mit-wuerziger-tischleindeckdich-fuellung\\\/\",\"name\":\"AUBERGINENSANDWICH - WOHLBEFINDEN\",\"isPartOf\":{\"@id\":\"https:\\\/\\\/bien-etreiris.ch\\\/de\\\/#website\"},\"primaryImageOfPage\":{\"@id\":\"https:\\\/\\\/bien-etreiris.ch\\\/de\\\/produktpraesentation\\\/natuerliche-heilmittel\\\/saeure-basen-haushalt\\\/tischleindeckdich\\\/auberginensandwich-mit-wuerziger-tischleindeckdich-fuellung\\\/#primaryimage\"},\"image\":{\"@id\":\"https:\\\/\\\/bien-etreiris.ch\\\/de\\\/produktpraesentation\\\/natuerliche-heilmittel\\\/saeure-basen-haushalt\\\/tischleindeckdich\\\/auberginensandwich-mit-wuerziger-tischleindeckdich-fuellung\\\/#primaryimage\"},\"thumbnailUrl\":\"https:\\\/\\\/bien-etreiris.ch\\\/wp-content\\\/uploads\\\/2019\\\/09\\\/Sandwich-d\u2019aubergine-avec-AlcaMenu-en-farce-\u00e9pic\u00e9e.jpg\",\"datePublished\":\"2019-09-06T15:37:16+00:00\",\"dateModified\":\"2019-09-07T21:52:41+00:00\",\"breadcrumb\":{\"@id\":\"https:\\\/\\\/bien-etreiris.ch\\\/de\\\/produktpraesentation\\\/natuerliche-heilmittel\\\/saeure-basen-haushalt\\\/tischleindeckdich\\\/auberginensandwich-mit-wuerziger-tischleindeckdich-fuellung\\\/#breadcrumb\"},\"inLanguage\":\"de\",\"potentialAction\":[{\"@type\":\"ReadAction\",\"target\":[\"https:\\\/\\\/bien-etreiris.ch\\\/de\\\/produktpraesentation\\\/natuerliche-heilmittel\\\/saeure-basen-haushalt\\\/tischleindeckdich\\\/auberginensandwich-mit-wuerziger-tischleindeckdich-fuellung\\\/\"]}]},{\"@type\":\"ImageObject\",\"inLanguage\":\"de\",\"@id\":\"https:\\\/\\\/bien-etreiris.ch\\\/de\\\/produktpraesentation\\\/natuerliche-heilmittel\\\/saeure-basen-haushalt\\\/tischleindeckdich\\\/auberginensandwich-mit-wuerziger-tischleindeckdich-fuellung\\\/#primaryimage\",\"url\":\"https:\\\/\\\/bien-etreiris.ch\\\/wp-content\\\/uploads\\\/2019\\\/09\\\/Sandwich-d\u2019aubergine-avec-AlcaMenu-en-farce-\u00e9pic\u00e9e.jpg\",\"contentUrl\":\"https:\\\/\\\/bien-etreiris.ch\\\/wp-content\\\/uploads\\\/2019\\\/09\\\/Sandwich-d\u2019aubergine-avec-AlcaMenu-en-farce-\u00e9pic\u00e9e.jpg\",\"width\":550,\"height\":366},{\"@type\":\"BreadcrumbList\",\"@id\":\"https:\\\/\\\/bien-etreiris.ch\\\/de\\\/produktpraesentation\\\/natuerliche-heilmittel\\\/saeure-basen-haushalt\\\/tischleindeckdich\\\/auberginensandwich-mit-wuerziger-tischleindeckdich-fuellung\\\/#breadcrumb\",\"itemListElement\":[{\"@type\":\"ListItem\",\"position\":1,\"name\":\"Home\",\"item\":\"https:\\\/\\\/bien-etreiris.ch\\\/de\\\/\"},{\"@type\":\"ListItem\",\"position\":2,\"name\":\"PRODUKTPR\u00c4SENTATION\",\"item\":\"https:\\\/\\\/bien-etreiris.ch\\\/de\\\/produktpraesentation\\\/\"},{\"@type\":\"ListItem\",\"position\":3,\"name\":\"NAT\u00dcRLICHE HEILMITTEL\",\"item\":\"https:\\\/\\\/bien-etreiris.ch\\\/de\\\/produktpraesentation\\\/natuerliche-heilmittel\\\/\"},{\"@type\":\"ListItem\",\"position\":4,\"name\":\"S\u00c4URE-BASEN-HAUSHALT\",\"item\":\"https:\\\/\\\/bien-etreiris.ch\\\/de\\\/produktpraesentation\\\/natuerliche-heilmittel\\\/saeure-basen-haushalt\\\/\"},{\"@type\":\"ListItem\",\"position\":5,\"name\":\"TISCHLEINDECKDICH\",\"item\":\"https:\\\/\\\/bien-etreiris.ch\\\/de\\\/produktpraesentation\\\/natuerliche-heilmittel\\\/saeure-basen-haushalt\\\/tischleindeckdich\\\/\"},{\"@type\":\"ListItem\",\"position\":6,\"name\":\"AUBERGINENSANDWICH\"}]},{\"@type\":\"WebSite\",\"@id\":\"https:\\\/\\\/bien-etreiris.ch\\\/de\\\/#website\",\"url\":\"https:\\\/\\\/bien-etreiris.ch\\\/de\\\/\",\"name\":\"Bien-\u00eatre Iris\",\"description\":\"IHRE Gesundheit ist uns wichtig\",\"potentialAction\":[{\"@type\":\"SearchAction\",\"target\":{\"@type\":\"EntryPoint\",\"urlTemplate\":\"https:\\\/\\\/bien-etreiris.ch\\\/de\\\/?s={search_term_string}\"},\"query-input\":{\"@type\":\"PropertyValueSpecification\",\"valueRequired\":true,\"valueName\":\"search_term_string\"}}],\"inLanguage\":\"de\"}]}<\/script>\n<!-- \/ Yoast SEO plugin. -->","yoast_head_json":{"title":"AUBERGINENSANDWICH - WOHLBEFINDEN","robots":{"index":"index","follow":"follow","max-snippet":"max-snippet:-1","max-image-preview":"max-image-preview:large","max-video-preview":"max-video-preview:-1"},"canonical":"https:\/\/bien-etreiris.ch\/de\/produktpraesentation\/natuerliche-heilmittel\/saeure-basen-haushalt\/tischleindeckdich\/auberginensandwich-mit-wuerziger-tischleindeckdich-fuellung\/","og_locale":"de_DE","og_type":"article","og_title":"AUBERGINENSANDWICH - WOHLBEFINDEN","og_description":"Auberginensandwich mit w\u00fcrziger TischleinDeckDich F\u00fcllung Zutaten f\u00fcr ca. 4 Sandwiches F\u00fcr die F\u00fcllung 4 EL (ca. 40 g) TischleinDeckDich ca. 135 ml Wasser oder Gem\u00fcsebr\u00fche 2 \u2013 3 TL Pesto rosso 50 g Schafsk\u00e4se 5 St\u00fcck (ca. 60 g) getrocknete Tomaten 6 \u2013 7 gr\u00fcne Oliven ohne Stein &nbsp; Kr\u00e4utersalz, Pfeffer, Basilikum F\u00fcr die Sandwiches 1 Aubergine (ca. 260 g&nbsp;Weiter lesen","og_url":"https:\/\/bien-etreiris.ch\/de\/produktpraesentation\/natuerliche-heilmittel\/saeure-basen-haushalt\/tischleindeckdich\/auberginensandwich-mit-wuerziger-tischleindeckdich-fuellung\/","og_site_name":"WOHLBEFINDEN","article_publisher":"https:\/\/www.facebook.com\/bienetreiris\/","article_modified_time":"2019-09-07T21:52:41+00:00","og_image":[{"width":550,"height":366,"url":"https:\/\/bien-etreiris.ch\/wp-content\/uploads\/2019\/09\/Sandwich-d\u2019aubergine-avec-AlcaMenu-en-farce-\u00e9pic\u00e9e.jpg","type":"image\/jpeg"}],"twitter_misc":{"Gesch\u00e4tzte Lesezeit":"1\u00a0Minute"},"schema":{"@context":"https:\/\/schema.org","@graph":[{"@type":"WebPage","@id":"https:\/\/bien-etreiris.ch\/de\/produktpraesentation\/natuerliche-heilmittel\/saeure-basen-haushalt\/tischleindeckdich\/auberginensandwich-mit-wuerziger-tischleindeckdich-fuellung\/","url":"https:\/\/bien-etreiris.ch\/de\/produktpraesentation\/natuerliche-heilmittel\/saeure-basen-haushalt\/tischleindeckdich\/auberginensandwich-mit-wuerziger-tischleindeckdich-fuellung\/","name":"AUBERGINENSANDWICH - WOHLBEFINDEN","isPartOf":{"@id":"https:\/\/bien-etreiris.ch\/de\/#website"},"primaryImageOfPage":{"@id":"https:\/\/bien-etreiris.ch\/de\/produktpraesentation\/natuerliche-heilmittel\/saeure-basen-haushalt\/tischleindeckdich\/auberginensandwich-mit-wuerziger-tischleindeckdich-fuellung\/#primaryimage"},"image":{"@id":"https:\/\/bien-etreiris.ch\/de\/produktpraesentation\/natuerliche-heilmittel\/saeure-basen-haushalt\/tischleindeckdich\/auberginensandwich-mit-wuerziger-tischleindeckdich-fuellung\/#primaryimage"},"thumbnailUrl":"https:\/\/bien-etreiris.ch\/wp-content\/uploads\/2019\/09\/Sandwich-d\u2019aubergine-avec-AlcaMenu-en-farce-\u00e9pic\u00e9e.jpg","datePublished":"2019-09-06T15:37:16+00:00","dateModified":"2019-09-07T21:52:41+00:00","breadcrumb":{"@id":"https:\/\/bien-etreiris.ch\/de\/produktpraesentation\/natuerliche-heilmittel\/saeure-basen-haushalt\/tischleindeckdich\/auberginensandwich-mit-wuerziger-tischleindeckdich-fuellung\/#breadcrumb"},"inLanguage":"de","potentialAction":[{"@type":"ReadAction","target":["https:\/\/bien-etreiris.ch\/de\/produktpraesentation\/natuerliche-heilmittel\/saeure-basen-haushalt\/tischleindeckdich\/auberginensandwich-mit-wuerziger-tischleindeckdich-fuellung\/"]}]},{"@type":"ImageObject","inLanguage":"de","@id":"https:\/\/bien-etreiris.ch\/de\/produktpraesentation\/natuerliche-heilmittel\/saeure-basen-haushalt\/tischleindeckdich\/auberginensandwich-mit-wuerziger-tischleindeckdich-fuellung\/#primaryimage","url":"https:\/\/bien-etreiris.ch\/wp-content\/uploads\/2019\/09\/Sandwich-d\u2019aubergine-avec-AlcaMenu-en-farce-\u00e9pic\u00e9e.jpg","contentUrl":"https:\/\/bien-etreiris.ch\/wp-content\/uploads\/2019\/09\/Sandwich-d\u2019aubergine-avec-AlcaMenu-en-farce-\u00e9pic\u00e9e.jpg","width":550,"height":366},{"@type":"BreadcrumbList","@id":"https:\/\/bien-etreiris.ch\/de\/produktpraesentation\/natuerliche-heilmittel\/saeure-basen-haushalt\/tischleindeckdich\/auberginensandwich-mit-wuerziger-tischleindeckdich-fuellung\/#breadcrumb","itemListElement":[{"@type":"ListItem","position":1,"name":"Home","item":"https:\/\/bien-etreiris.ch\/de\/"},{"@type":"ListItem","position":2,"name":"PRODUKTPR\u00c4SENTATION","item":"https:\/\/bien-etreiris.ch\/de\/produktpraesentation\/"},{"@type":"ListItem","position":3,"name":"NAT\u00dcRLICHE HEILMITTEL","item":"https:\/\/bien-etreiris.ch\/de\/produktpraesentation\/natuerliche-heilmittel\/"},{"@type":"ListItem","position":4,"name":"S\u00c4URE-BASEN-HAUSHALT","item":"https:\/\/bien-etreiris.ch\/de\/produktpraesentation\/natuerliche-heilmittel\/saeure-basen-haushalt\/"},{"@type":"ListItem","position":5,"name":"TISCHLEINDECKDICH","item":"https:\/\/bien-etreiris.ch\/de\/produktpraesentation\/natuerliche-heilmittel\/saeure-basen-haushalt\/tischleindeckdich\/"},{"@type":"ListItem","position":6,"name":"AUBERGINENSANDWICH"}]},{"@type":"WebSite","@id":"https:\/\/bien-etreiris.ch\/de\/#website","url":"https:\/\/bien-etreiris.ch\/de\/","name":"Bien-\u00eatre Iris","description":"IHRE Gesundheit ist uns wichtig","potentialAction":[{"@type":"SearchAction","target":{"@type":"EntryPoint","urlTemplate":"https:\/\/bien-etreiris.ch\/de\/?s={search_term_string}"},"query-input":{"@type":"PropertyValueSpecification","valueRequired":true,"valueName":"search_term_string"}}],"inLanguage":"de"}]}},"_links":{"self":[{"href":"https:\/\/bien-etreiris.ch\/de\/wp-json\/wp\/v2\/pages\/28781","targetHints":{"allow":["GET"]}}],"collection":[{"href":"https:\/\/bien-etreiris.ch\/de\/wp-json\/wp\/v2\/pages"}],"about":[{"href":"https:\/\/bien-etreiris.ch\/de\/wp-json\/wp\/v2\/types\/page"}],"author":[{"embeddable":true,"href":"https:\/\/bien-etreiris.ch\/de\/wp-json\/wp\/v2\/users\/1"}],"replies":[{"embeddable":true,"href":"https:\/\/bien-etreiris.ch\/de\/wp-json\/wp\/v2\/comments?post=28781"}],"version-history":[{"count":3,"href":"https:\/\/bien-etreiris.ch\/de\/wp-json\/wp\/v2\/pages\/28781\/revisions"}],"predecessor-version":[{"id":28787,"href":"https:\/\/bien-etreiris.ch\/de\/wp-json\/wp\/v2\/pages\/28781\/revisions\/28787"}],"up":[{"embeddable":true,"href":"https:\/\/bien-etreiris.ch\/de\/wp-json\/wp\/v2\/pages\/13722"}],"wp:featuredmedia":[{"embeddable":true,"href":"https:\/\/bien-etreiris.ch\/de\/wp-json\/wp\/v2\/media\/28011"}],"wp:attachment":[{"href":"https:\/\/bien-etreiris.ch\/de\/wp-json\/wp\/v2\/media?parent=28781"}],"curies":[{"name":"wp","href":"https:\/\/api.w.org\/{rel}","templated":true}]}}