{"id":28771,"date":"2019-09-06T14:40:46","date_gmt":"2019-09-06T14:40:46","guid":{"rendered":"https:\/\/bien-etreiris.ch\/wohlbefinden\/basische-produkte-p-jentschura\/tischleindeckdich\/salade-de-carottes\/"},"modified":"2019-09-07T21:31:39","modified_gmt":"2019-09-07T21:31:39","slug":"tischleindeckdich-moehren-salat-mit-curry-ingwer-dressing","status":"publish","type":"page","link":"https:\/\/bien-etreiris.ch\/de\/produktpraesentation\/natuerliche-heilmittel\/saeure-basen-haushalt\/tischleindeckdich\/tischleindeckdich-moehren-salat-mit-curry-ingwer-dressing\/","title":{"rendered":"M\u00d6HREN SALAT"},"content":{"rendered":"\n<h2 class=\"wp-block-heading\"> <br>TischleinDeckDich M\u00f6hren-Salat mit Curry-Ingwer-Dressing  <\/h2>\n\n\n<p><a href=\"https:\/\/decoiris.ch\/wp-content\/uploads\/2019\/09\/AlcaMenu-et-salade-de-carottes-sauce-de-salade-au-curry-et-au-gingembre-innen.jpg\"><img loading=\"lazy\" decoding=\"async\" class=\"alignnone wp-image-28156 size-full\" src=\"https:\/\/decoiris.ch\/wp-content\/uploads\/2019\/09\/AlcaMenu-et-salade-de-carottes-sauce-de-salade-au-curry-et-au-gingembre-innen.jpg\" alt=\"\" width=\"820\" height=\"687\" srcset=\"https:\/\/bien-etreiris.ch\/wp-content\/uploads\/2019\/09\/AlcaMenu-et-salade-de-carottes-sauce-de-salade-au-curry-et-au-gingembre-innen.jpg 820w, https:\/\/bien-etreiris.ch\/wp-content\/uploads\/2019\/09\/AlcaMenu-et-salade-de-carottes-sauce-de-salade-au-curry-et-au-gingembre-innen-300x251.jpg 300w, https:\/\/bien-etreiris.ch\/wp-content\/uploads\/2019\/09\/AlcaMenu-et-salade-de-carottes-sauce-de-salade-au-curry-et-au-gingembre-innen-768x643.jpg 768w\" sizes=\"auto, (max-width: 820px) 100vw, 820px\" \/><\/a><\/p>\n\n\n<p>              <\/p>\n\n\n<h4 class=\"headline\"><strong>Zutaten f\u00fcr 1 Person<\/strong><\/h4>\n<table class=\"tablesaw tablesaw-stack table-recipe\" data-tablesaw-mode=\"stack\">\n<tbody>\n<tr>\n<td class=\"value\">5 EL (ca. 50 g)<\/td>\n<td class=\"ingredient\" data-sr-id=\"1\">TischleinDeckDich<\/td>\n<\/tr>\n<tr>\n<td class=\"value\">200 ml<\/td>\n<td class=\"ingredient\" data-sr-id=\"3\">Gem\u00fcsebr\u00fche<\/td>\n<\/tr>\n<tr>\n<td class=\"value\">125 g<\/td>\n<td class=\"ingredient\" data-sr-id=\"4\">M\u00f6hre<\/td>\n<\/tr>\n<tr>\n<td class=\"value\">50 g<\/td>\n<td class=\"ingredient\" data-sr-id=\"5\">Apfel<\/td>\n<\/tr>\n<tr>\n<td class=\"value\">\u00bd<\/td>\n<td class=\"ingredient\" data-sr-id=\"6\">Knoblauchzehe<\/td>\n<\/tr>\n<tr>\n<td class=\"value\">1 St\u00fcck (ca. 1 cm)<\/td>\n<td class=\"ingredient\" data-sr-id=\"7\">frischer Ingwer<\/td>\n<\/tr>\n<tr>\n<td class=\"value\">70 g<\/td>\n<td class=\"ingredient\" data-sr-id=\"8\">Naturjoghurt, als vegane Variante Sojajoghurt verwenden<\/td>\n<\/tr>\n<tr>\n<td class=\"value\">\u00bd TL<\/td>\n<td class=\"ingredient\" data-sr-id=\"9\">Agavendicksaft<\/td>\n<\/tr>\n<tr>\n<td class=\"value\">1 TL<\/td>\n<td class=\"ingredient\" data-sr-id=\"10\">Zitronensaft<\/td>\n<\/tr>\n<tr>\n<td class=\"value\">25 g<\/td>\n<td class=\"ingredient\" data-sr-id=\"11\">Cashewkerne<\/td>\n<\/tr>\n<tr>\n<td class=\"value\">&nbsp;<\/td>\n<td class=\"ingredient\" data-sr-id=\"12\">Kr\u00e4utersalz, Curry<\/td>\n<\/tr>\n<\/tbody>\n<\/table>\n<p>&nbsp;<\/p>\n<div class=\"recipe-preparation\">\n<h4>&nbsp;<\/h4>\n<div class=\"recipe-preparation\">\n<h4 class=\"headline\"><strong>Zubereitung<\/strong><\/h4>\n<p>TischleinDeckDich in ca. 200 ml Gem\u00fcsebr\u00fche einr\u00fchren und unter gelegentlichem R\u00fchren zum Kochen bringen. Auf niedriger Stufe 4 \u2013 5 Minuten k\u00f6cheln lassen. Zwischendurch umr\u00fchren.<\/p>\n<p>M\u00f6hre sch\u00e4len und fein raspeln. Apfel waschen und in kleine St\u00fccke schneiden. Knoblauch und Ingwer sch\u00e4len und mit einer feinen K\u00fcchenreibe in den Joghurt reiben. Mit Kr\u00e4utersalz, Curry, Agavendicksaft und Zitronensaft abschmecken.<\/p>\n<p>Cashewkerne zerkleinern und in einer Pfanne ohne Fett bei mittlerer Hitze goldgelb r\u00f6sten. Zum Anrichten nun in einem gr\u00f6\u00dferen Glas die Zutaten von unten nach oben schichten: eine H\u00e4lfte des TischleinDeckDich, M\u00f6hren, zweite H\u00e4lfte TischleinDeckDich, Apfel, Joghurt-Dressing und zum Schluss die ger\u00f6steten Cashewkerne.<\/p>\n<\/div>\n<\/div>\n\n","protected":false},"excerpt":{"rendered":"<p>TischleinDeckDich M\u00f6hren-Salat mit Curry-Ingwer-Dressing Zutaten f\u00fcr 1 Person 5 EL (ca. 50 g) TischleinDeckDich 200 ml Gem\u00fcsebr\u00fche 125 g M\u00f6hre 50 g Apfel \u00bd Knoblauchzehe 1 St\u00fcck (ca. 1 cm) frischer Ingwer 70 g Naturjoghurt, als vegane Variante Sojajoghurt verwenden \u00bd TL Agavendicksaft 1 TL Zitronensaft 25 g Cashewkerne &nbsp; Kr\u00e4utersalz, Curry &nbsp; &nbsp; Zubereitung TischleinDeckDich in ca. 200 ml&nbsp;<a href=\"https:\/\/bien-etreiris.ch\/de\/produktpraesentation\/natuerliche-heilmittel\/saeure-basen-haushalt\/tischleindeckdich\/tischleindeckdich-moehren-salat-mit-curry-ingwer-dressing\/\" class=\"read-more\">Weiter lesen<\/a><\/p>\n","protected":false},"author":1,"featured_media":27987,"parent":13722,"menu_order":7321,"comment_status":"closed","ping_status":"closed","template":"page-with-child.php","meta":{"_acf_changed":false,"ngg_post_thumbnail":0,"footnotes":""},"class_list":["post-28771","page","type-page","status-publish","has-post-thumbnail","hentry"],"acf":[],"yoast_head":"<!-- This site is optimized with the Yoast SEO plugin v27.3 - https:\/\/yoast.com\/product\/yoast-seo-wordpress\/ -->\n<title>M\u00d6HREN SALAT - WOHLBEFINDEN<\/title>\n<meta name=\"robots\" content=\"index, follow, max-snippet:-1, max-image-preview:large, max-video-preview:-1\" \/>\n<link rel=\"canonical\" href=\"https:\/\/bien-etreiris.ch\/de\/produktpraesentation\/natuerliche-heilmittel\/saeure-basen-haushalt\/tischleindeckdich\/tischleindeckdich-moehren-salat-mit-curry-ingwer-dressing\/\" \/>\n<meta property=\"og:locale\" content=\"de_DE\" \/>\n<meta property=\"og:type\" content=\"article\" \/>\n<meta property=\"og:title\" content=\"M\u00d6HREN SALAT - WOHLBEFINDEN\" \/>\n<meta property=\"og:description\" content=\"TischleinDeckDich M\u00f6hren-Salat mit Curry-Ingwer-Dressing Zutaten f\u00fcr 1 Person 5 EL (ca. 50 g) TischleinDeckDich 200 ml Gem\u00fcsebr\u00fche 125 g M\u00f6hre 50 g Apfel \u00bd Knoblauchzehe 1 St\u00fcck (ca. 1 cm) frischer Ingwer 70 g Naturjoghurt, als vegane Variante Sojajoghurt verwenden \u00bd TL Agavendicksaft 1 TL Zitronensaft 25 g Cashewkerne &nbsp; Kr\u00e4utersalz, Curry &nbsp; &nbsp; Zubereitung TischleinDeckDich in ca. 200 ml&nbsp;Weiter lesen\" \/>\n<meta property=\"og:url\" content=\"https:\/\/bien-etreiris.ch\/de\/produktpraesentation\/natuerliche-heilmittel\/saeure-basen-haushalt\/tischleindeckdich\/tischleindeckdich-moehren-salat-mit-curry-ingwer-dressing\/\" \/>\n<meta property=\"og:site_name\" content=\"WOHLBEFINDEN\" \/>\n<meta property=\"article:publisher\" content=\"https:\/\/www.facebook.com\/bienetreiris\/\" \/>\n<meta property=\"article:modified_time\" content=\"2019-09-07T21:31:39+00:00\" \/>\n<meta property=\"og:image\" content=\"https:\/\/bien-etreiris.ch\/wp-content\/uploads\/2019\/09\/AlcaMenu-et-salade-de-carottes-sauce-de-salade-au-curry-et-au-gingembre.jpg\" \/>\n\t<meta property=\"og:image:width\" content=\"550\" \/>\n\t<meta property=\"og:image:height\" content=\"367\" \/>\n\t<meta property=\"og:image:type\" content=\"image\/jpeg\" \/>\n<meta name=\"twitter:label1\" content=\"Gesch\u00e4tzte Lesezeit\" \/>\n\t<meta name=\"twitter:data1\" content=\"1\u00a0Minute\" \/>\n<script type=\"application\/ld+json\" class=\"yoast-schema-graph\">{\"@context\":\"https:\\\/\\\/schema.org\",\"@graph\":[{\"@type\":\"WebPage\",\"@id\":\"https:\\\/\\\/bien-etreiris.ch\\\/de\\\/produktpraesentation\\\/natuerliche-heilmittel\\\/saeure-basen-haushalt\\\/tischleindeckdich\\\/tischleindeckdich-moehren-salat-mit-curry-ingwer-dressing\\\/\",\"url\":\"https:\\\/\\\/bien-etreiris.ch\\\/de\\\/produktpraesentation\\\/natuerliche-heilmittel\\\/saeure-basen-haushalt\\\/tischleindeckdich\\\/tischleindeckdich-moehren-salat-mit-curry-ingwer-dressing\\\/\",\"name\":\"M\u00d6HREN SALAT - WOHLBEFINDEN\",\"isPartOf\":{\"@id\":\"https:\\\/\\\/bien-etreiris.ch\\\/de\\\/#website\"},\"primaryImageOfPage\":{\"@id\":\"https:\\\/\\\/bien-etreiris.ch\\\/de\\\/produktpraesentation\\\/natuerliche-heilmittel\\\/saeure-basen-haushalt\\\/tischleindeckdich\\\/tischleindeckdich-moehren-salat-mit-curry-ingwer-dressing\\\/#primaryimage\"},\"image\":{\"@id\":\"https:\\\/\\\/bien-etreiris.ch\\\/de\\\/produktpraesentation\\\/natuerliche-heilmittel\\\/saeure-basen-haushalt\\\/tischleindeckdich\\\/tischleindeckdich-moehren-salat-mit-curry-ingwer-dressing\\\/#primaryimage\"},\"thumbnailUrl\":\"https:\\\/\\\/bien-etreiris.ch\\\/wp-content\\\/uploads\\\/2019\\\/09\\\/AlcaMenu-et-salade-de-carottes-sauce-de-salade-au-curry-et-au-gingembre.jpg\",\"datePublished\":\"2019-09-06T14:40:46+00:00\",\"dateModified\":\"2019-09-07T21:31:39+00:00\",\"breadcrumb\":{\"@id\":\"https:\\\/\\\/bien-etreiris.ch\\\/de\\\/produktpraesentation\\\/natuerliche-heilmittel\\\/saeure-basen-haushalt\\\/tischleindeckdich\\\/tischleindeckdich-moehren-salat-mit-curry-ingwer-dressing\\\/#breadcrumb\"},\"inLanguage\":\"de\",\"potentialAction\":[{\"@type\":\"ReadAction\",\"target\":[\"https:\\\/\\\/bien-etreiris.ch\\\/de\\\/produktpraesentation\\\/natuerliche-heilmittel\\\/saeure-basen-haushalt\\\/tischleindeckdich\\\/tischleindeckdich-moehren-salat-mit-curry-ingwer-dressing\\\/\"]}]},{\"@type\":\"ImageObject\",\"inLanguage\":\"de\",\"@id\":\"https:\\\/\\\/bien-etreiris.ch\\\/de\\\/produktpraesentation\\\/natuerliche-heilmittel\\\/saeure-basen-haushalt\\\/tischleindeckdich\\\/tischleindeckdich-moehren-salat-mit-curry-ingwer-dressing\\\/#primaryimage\",\"url\":\"https:\\\/\\\/bien-etreiris.ch\\\/wp-content\\\/uploads\\\/2019\\\/09\\\/AlcaMenu-et-salade-de-carottes-sauce-de-salade-au-curry-et-au-gingembre.jpg\",\"contentUrl\":\"https:\\\/\\\/bien-etreiris.ch\\\/wp-content\\\/uploads\\\/2019\\\/09\\\/AlcaMenu-et-salade-de-carottes-sauce-de-salade-au-curry-et-au-gingembre.jpg\",\"width\":550,\"height\":367},{\"@type\":\"BreadcrumbList\",\"@id\":\"https:\\\/\\\/bien-etreiris.ch\\\/de\\\/produktpraesentation\\\/natuerliche-heilmittel\\\/saeure-basen-haushalt\\\/tischleindeckdich\\\/tischleindeckdich-moehren-salat-mit-curry-ingwer-dressing\\\/#breadcrumb\",\"itemListElement\":[{\"@type\":\"ListItem\",\"position\":1,\"name\":\"Home\",\"item\":\"https:\\\/\\\/bien-etreiris.ch\\\/de\\\/\"},{\"@type\":\"ListItem\",\"position\":2,\"name\":\"PRODUKTPR\u00c4SENTATION\",\"item\":\"https:\\\/\\\/bien-etreiris.ch\\\/de\\\/produktpraesentation\\\/\"},{\"@type\":\"ListItem\",\"position\":3,\"name\":\"NAT\u00dcRLICHE HEILMITTEL\",\"item\":\"https:\\\/\\\/bien-etreiris.ch\\\/de\\\/produktpraesentation\\\/natuerliche-heilmittel\\\/\"},{\"@type\":\"ListItem\",\"position\":4,\"name\":\"S\u00c4URE-BASEN-HAUSHALT\",\"item\":\"https:\\\/\\\/bien-etreiris.ch\\\/de\\\/produktpraesentation\\\/natuerliche-heilmittel\\\/saeure-basen-haushalt\\\/\"},{\"@type\":\"ListItem\",\"position\":5,\"name\":\"TISCHLEINDECKDICH\",\"item\":\"https:\\\/\\\/bien-etreiris.ch\\\/de\\\/produktpraesentation\\\/natuerliche-heilmittel\\\/saeure-basen-haushalt\\\/tischleindeckdich\\\/\"},{\"@type\":\"ListItem\",\"position\":6,\"name\":\"M\u00d6HREN SALAT\"}]},{\"@type\":\"WebSite\",\"@id\":\"https:\\\/\\\/bien-etreiris.ch\\\/de\\\/#website\",\"url\":\"https:\\\/\\\/bien-etreiris.ch\\\/de\\\/\",\"name\":\"Bien-\u00eatre Iris\",\"description\":\"IHRE Gesundheit ist uns wichtig\",\"potentialAction\":[{\"@type\":\"SearchAction\",\"target\":{\"@type\":\"EntryPoint\",\"urlTemplate\":\"https:\\\/\\\/bien-etreiris.ch\\\/de\\\/?s={search_term_string}\"},\"query-input\":{\"@type\":\"PropertyValueSpecification\",\"valueRequired\":true,\"valueName\":\"search_term_string\"}}],\"inLanguage\":\"de\"}]}<\/script>\n<!-- \/ Yoast SEO plugin. -->","yoast_head_json":{"title":"M\u00d6HREN SALAT - WOHLBEFINDEN","robots":{"index":"index","follow":"follow","max-snippet":"max-snippet:-1","max-image-preview":"max-image-preview:large","max-video-preview":"max-video-preview:-1"},"canonical":"https:\/\/bien-etreiris.ch\/de\/produktpraesentation\/natuerliche-heilmittel\/saeure-basen-haushalt\/tischleindeckdich\/tischleindeckdich-moehren-salat-mit-curry-ingwer-dressing\/","og_locale":"de_DE","og_type":"article","og_title":"M\u00d6HREN SALAT - WOHLBEFINDEN","og_description":"TischleinDeckDich M\u00f6hren-Salat mit Curry-Ingwer-Dressing Zutaten f\u00fcr 1 Person 5 EL (ca. 50 g) TischleinDeckDich 200 ml Gem\u00fcsebr\u00fche 125 g M\u00f6hre 50 g Apfel \u00bd Knoblauchzehe 1 St\u00fcck (ca. 1 cm) frischer Ingwer 70 g Naturjoghurt, als vegane Variante Sojajoghurt verwenden \u00bd TL Agavendicksaft 1 TL Zitronensaft 25 g Cashewkerne &nbsp; Kr\u00e4utersalz, Curry &nbsp; &nbsp; Zubereitung TischleinDeckDich in ca. 200 ml&nbsp;Weiter lesen","og_url":"https:\/\/bien-etreiris.ch\/de\/produktpraesentation\/natuerliche-heilmittel\/saeure-basen-haushalt\/tischleindeckdich\/tischleindeckdich-moehren-salat-mit-curry-ingwer-dressing\/","og_site_name":"WOHLBEFINDEN","article_publisher":"https:\/\/www.facebook.com\/bienetreiris\/","article_modified_time":"2019-09-07T21:31:39+00:00","og_image":[{"width":550,"height":367,"url":"https:\/\/bien-etreiris.ch\/wp-content\/uploads\/2019\/09\/AlcaMenu-et-salade-de-carottes-sauce-de-salade-au-curry-et-au-gingembre.jpg","type":"image\/jpeg"}],"twitter_misc":{"Gesch\u00e4tzte Lesezeit":"1\u00a0Minute"},"schema":{"@context":"https:\/\/schema.org","@graph":[{"@type":"WebPage","@id":"https:\/\/bien-etreiris.ch\/de\/produktpraesentation\/natuerliche-heilmittel\/saeure-basen-haushalt\/tischleindeckdich\/tischleindeckdich-moehren-salat-mit-curry-ingwer-dressing\/","url":"https:\/\/bien-etreiris.ch\/de\/produktpraesentation\/natuerliche-heilmittel\/saeure-basen-haushalt\/tischleindeckdich\/tischleindeckdich-moehren-salat-mit-curry-ingwer-dressing\/","name":"M\u00d6HREN SALAT - WOHLBEFINDEN","isPartOf":{"@id":"https:\/\/bien-etreiris.ch\/de\/#website"},"primaryImageOfPage":{"@id":"https:\/\/bien-etreiris.ch\/de\/produktpraesentation\/natuerliche-heilmittel\/saeure-basen-haushalt\/tischleindeckdich\/tischleindeckdich-moehren-salat-mit-curry-ingwer-dressing\/#primaryimage"},"image":{"@id":"https:\/\/bien-etreiris.ch\/de\/produktpraesentation\/natuerliche-heilmittel\/saeure-basen-haushalt\/tischleindeckdich\/tischleindeckdich-moehren-salat-mit-curry-ingwer-dressing\/#primaryimage"},"thumbnailUrl":"https:\/\/bien-etreiris.ch\/wp-content\/uploads\/2019\/09\/AlcaMenu-et-salade-de-carottes-sauce-de-salade-au-curry-et-au-gingembre.jpg","datePublished":"2019-09-06T14:40:46+00:00","dateModified":"2019-09-07T21:31:39+00:00","breadcrumb":{"@id":"https:\/\/bien-etreiris.ch\/de\/produktpraesentation\/natuerliche-heilmittel\/saeure-basen-haushalt\/tischleindeckdich\/tischleindeckdich-moehren-salat-mit-curry-ingwer-dressing\/#breadcrumb"},"inLanguage":"de","potentialAction":[{"@type":"ReadAction","target":["https:\/\/bien-etreiris.ch\/de\/produktpraesentation\/natuerliche-heilmittel\/saeure-basen-haushalt\/tischleindeckdich\/tischleindeckdich-moehren-salat-mit-curry-ingwer-dressing\/"]}]},{"@type":"ImageObject","inLanguage":"de","@id":"https:\/\/bien-etreiris.ch\/de\/produktpraesentation\/natuerliche-heilmittel\/saeure-basen-haushalt\/tischleindeckdich\/tischleindeckdich-moehren-salat-mit-curry-ingwer-dressing\/#primaryimage","url":"https:\/\/bien-etreiris.ch\/wp-content\/uploads\/2019\/09\/AlcaMenu-et-salade-de-carottes-sauce-de-salade-au-curry-et-au-gingembre.jpg","contentUrl":"https:\/\/bien-etreiris.ch\/wp-content\/uploads\/2019\/09\/AlcaMenu-et-salade-de-carottes-sauce-de-salade-au-curry-et-au-gingembre.jpg","width":550,"height":367},{"@type":"BreadcrumbList","@id":"https:\/\/bien-etreiris.ch\/de\/produktpraesentation\/natuerliche-heilmittel\/saeure-basen-haushalt\/tischleindeckdich\/tischleindeckdich-moehren-salat-mit-curry-ingwer-dressing\/#breadcrumb","itemListElement":[{"@type":"ListItem","position":1,"name":"Home","item":"https:\/\/bien-etreiris.ch\/de\/"},{"@type":"ListItem","position":2,"name":"PRODUKTPR\u00c4SENTATION","item":"https:\/\/bien-etreiris.ch\/de\/produktpraesentation\/"},{"@type":"ListItem","position":3,"name":"NAT\u00dcRLICHE HEILMITTEL","item":"https:\/\/bien-etreiris.ch\/de\/produktpraesentation\/natuerliche-heilmittel\/"},{"@type":"ListItem","position":4,"name":"S\u00c4URE-BASEN-HAUSHALT","item":"https:\/\/bien-etreiris.ch\/de\/produktpraesentation\/natuerliche-heilmittel\/saeure-basen-haushalt\/"},{"@type":"ListItem","position":5,"name":"TISCHLEINDECKDICH","item":"https:\/\/bien-etreiris.ch\/de\/produktpraesentation\/natuerliche-heilmittel\/saeure-basen-haushalt\/tischleindeckdich\/"},{"@type":"ListItem","position":6,"name":"M\u00d6HREN SALAT"}]},{"@type":"WebSite","@id":"https:\/\/bien-etreiris.ch\/de\/#website","url":"https:\/\/bien-etreiris.ch\/de\/","name":"Bien-\u00eatre Iris","description":"IHRE Gesundheit ist uns wichtig","potentialAction":[{"@type":"SearchAction","target":{"@type":"EntryPoint","urlTemplate":"https:\/\/bien-etreiris.ch\/de\/?s={search_term_string}"},"query-input":{"@type":"PropertyValueSpecification","valueRequired":true,"valueName":"search_term_string"}}],"inLanguage":"de"}]}},"_links":{"self":[{"href":"https:\/\/bien-etreiris.ch\/de\/wp-json\/wp\/v2\/pages\/28771","targetHints":{"allow":["GET"]}}],"collection":[{"href":"https:\/\/bien-etreiris.ch\/de\/wp-json\/wp\/v2\/pages"}],"about":[{"href":"https:\/\/bien-etreiris.ch\/de\/wp-json\/wp\/v2\/types\/page"}],"author":[{"embeddable":true,"href":"https:\/\/bien-etreiris.ch\/de\/wp-json\/wp\/v2\/users\/1"}],"replies":[{"embeddable":true,"href":"https:\/\/bien-etreiris.ch\/de\/wp-json\/wp\/v2\/comments?post=28771"}],"version-history":[{"count":3,"href":"https:\/\/bien-etreiris.ch\/de\/wp-json\/wp\/v2\/pages\/28771\/revisions"}],"predecessor-version":[{"id":28777,"href":"https:\/\/bien-etreiris.ch\/de\/wp-json\/wp\/v2\/pages\/28771\/revisions\/28777"}],"up":[{"embeddable":true,"href":"https:\/\/bien-etreiris.ch\/de\/wp-json\/wp\/v2\/pages\/13722"}],"wp:featuredmedia":[{"embeddable":true,"href":"https:\/\/bien-etreiris.ch\/de\/wp-json\/wp\/v2\/media\/27987"}],"wp:attachment":[{"href":"https:\/\/bien-etreiris.ch\/de\/wp-json\/wp\/v2\/media?parent=28771"}],"curies":[{"name":"wp","href":"https:\/\/api.w.org\/{rel}","templated":true}]}}