{"id":28762,"date":"2019-09-06T14:19:27","date_gmt":"2019-09-06T14:19:27","guid":{"rendered":"https:\/\/bien-etreiris.ch\/wohlbefinden\/basische-produkte-p-jentschura\/tischleindeckdich\/alcamenu-en-salade-composee-de-mangue-de-noix-de-cajou-et-de-pois-chiches\/"},"modified":"2019-09-07T21:15:28","modified_gmt":"2019-09-07T21:15:28","slug":"tischleindeckdich-salat-mit-mango-cashewkernen-und-kichererbsen","status":"publish","type":"page","link":"https:\/\/bien-etreiris.ch\/de\/produktpraesentation\/natuerliche-heilmittel\/saeure-basen-haushalt\/tischleindeckdich\/tischleindeckdich-salat-mit-mango-cashewkernen-und-kichererbsen\/","title":{"rendered":"SALAT MIT MANGO"},"content":{"rendered":"\n<h2 class=\"wp-block-heading\"> <br>TischleinDeckDich Salat mit Mango, Cashewkernen und Kichererbsen <\/h2>\n\n\n<p><a href=\"https:\/\/decoiris.ch\/wp-content\/uploads\/2019\/09\/AlcaMenu-en-salade-compos\u00e9e-de-mangue-de-noix-de-cajou-et-de-pois-chiches-innen.jpg\"><img loading=\"lazy\" decoding=\"async\" class=\"alignnone wp-image-28147 size-full\" src=\"https:\/\/decoiris.ch\/wp-content\/uploads\/2019\/09\/AlcaMenu-en-salade-compos\u00e9e-de-mangue-de-noix-de-cajou-et-de-pois-chiches-innen.jpg\" alt=\"\" width=\"820\" height=\"687\" srcset=\"https:\/\/bien-etreiris.ch\/wp-content\/uploads\/2019\/09\/AlcaMenu-en-salade-compos\u00e9e-de-mangue-de-noix-de-cajou-et-de-pois-chiches-innen.jpg 820w, https:\/\/bien-etreiris.ch\/wp-content\/uploads\/2019\/09\/AlcaMenu-en-salade-compos\u00e9e-de-mangue-de-noix-de-cajou-et-de-pois-chiches-innen-300x251.jpg 300w, https:\/\/bien-etreiris.ch\/wp-content\/uploads\/2019\/09\/AlcaMenu-en-salade-compos\u00e9e-de-mangue-de-noix-de-cajou-et-de-pois-chiches-innen-768x643.jpg 768w\" sizes=\"auto, (max-width: 820px) 100vw, 820px\" \/><\/a><\/p>\n<h4 class=\"headline\"><strong>Zutaten f\u00fcr 2 Personen<\/strong><\/h4>\n<table class=\"tablesaw tablesaw-stack table-recipe\" data-tablesaw-mode=\"stack\">\n<tbody>\n<tr>\n<td class=\"value\">8 EL (ca. 80 g)<\/td>\n<td class=\"ingredient\" data-sr-id=\"1\">TischleinDeckDich<\/td>\n<\/tr>\n<tr>\n<td class=\"value\">ca. 270 ml<\/td>\n<td class=\"ingredient\" data-sr-id=\"3\">Wasser oder Gem\u00fcsebr\u00fche<\/td>\n<\/tr>\n<tr>\n<td class=\"value\">50 g<\/td>\n<td class=\"ingredient\" data-sr-id=\"4\">Cashewkerne<\/td>\n<\/tr>\n<tr>\n<td class=\"value\">100 g<\/td>\n<td class=\"ingredient\" data-sr-id=\"5\">Zuckerschoten<\/td>\n<\/tr>\n<tr>\n<td class=\"value\">150 g<\/td>\n<td class=\"ingredient\" data-sr-id=\"6\">Cherrytomaten<\/td>\n<\/tr>\n<tr>\n<td class=\"value\">\u00bd (150 g)<\/td>\n<td class=\"ingredient\" data-sr-id=\"7\">Mango oder Pfirsich<\/td>\n<\/tr>\n<tr>\n<td class=\"value\">70 g<\/td>\n<td class=\"ingredient\" data-sr-id=\"8\">Kichererbsen (Glas)<\/td>\n<\/tr>\n<tr>\n<td class=\"value\">3 \u2013 4 TL<\/td>\n<td class=\"ingredient\" data-sr-id=\"9\">Oliven\u00f6l<\/td>\n<\/tr>\n<tr>\n<td class=\"value\">&nbsp;<\/td>\n<td class=\"ingredient\" data-sr-id=\"10\">Sojaso\u00dfe nach Geschmack oder Balsamicoessig (hell)<\/td>\n<\/tr>\n<tr>\n<td class=\"value\">&nbsp;<\/td>\n<td class=\"ingredient\" data-sr-id=\"11\">Curry, Kr\u00e4utersalz, Pfeffer<\/td>\n<\/tr>\n<\/tbody>\n<\/table>\n<p>&nbsp;<\/p>\n<div class=\"recipe-preparation\">\n<h4>&nbsp;<\/h4>\n<div class=\"recipe-preparation\">\n<h4 class=\"headline\">Zubereitung<\/h4>\n<p>TischleinDeckDich mit ca. 270 ml kochendem Wasser\/Br\u00fche \u00fcbergie\u00dfen, umr\u00fchren und 5 Minuten abgedeckt quellen lassen. Nach dem Abk\u00fchlen die Masse mit ca. 3 TL Oliven\u00f6l verr\u00fchren.<\/p>\n<p>Cashewkerne vierteln und in einer Pfanne mit 1 TL \u00d6l und Curry ca. 2 Minuten anr\u00f6sten. Zuckerschoten halbieren, f\u00fcr 1 Minute in k\u00f6chelndes Wasser geben, absch\u00fctten und abk\u00fchlen lassen. Cherrytomaten halbieren und Mango in 2 cm dicke St\u00fccke schneiden.<\/p>\n<p>Alle Zutaten (au\u00dfer Mango) zusammen in eine Sch\u00fcssel geben, TischleinDeckDich hinzugeben und mit Sojaso\u00dfe (w\u00fcrzige Note) oder Balsamicoessig (fruchtige Note), Curry, Kr\u00e4utersalz und Pfeffer abschmecken. Zum Schluss die Mangost\u00fccke hinzugeben.<\/p>\n<p>Tipp: Dazu passt auch ein H\u00e4hnchenbrustfilet mit einer Curryso\u00dfe.<\/p>\n<\/div>\n<\/div>","protected":false},"excerpt":{"rendered":"<p>TischleinDeckDich Salat mit Mango, Cashewkernen und Kichererbsen Zutaten f\u00fcr 2 Personen 8 EL (ca. 80 g) TischleinDeckDich ca. 270 ml Wasser oder Gem\u00fcsebr\u00fche 50 g Cashewkerne 100 g Zuckerschoten 150 g Cherrytomaten \u00bd (150 g) Mango oder Pfirsich 70 g Kichererbsen (Glas) 3 \u2013 4 TL Oliven\u00f6l &nbsp; Sojaso\u00dfe nach Geschmack oder Balsamicoessig (hell) &nbsp; Curry, Kr\u00e4utersalz, Pfeffer &nbsp; &nbsp;&nbsp;<a href=\"https:\/\/bien-etreiris.ch\/de\/produktpraesentation\/natuerliche-heilmittel\/saeure-basen-haushalt\/tischleindeckdich\/tischleindeckdich-salat-mit-mango-cashewkernen-und-kichererbsen\/\" class=\"read-more\">Weiter lesen<\/a><\/p>\n","protected":false},"author":1,"featured_media":27983,"parent":13722,"menu_order":7330,"comment_status":"closed","ping_status":"closed","template":"page-with-child.php","meta":{"_acf_changed":false,"ngg_post_thumbnail":0,"footnotes":""},"class_list":["post-28762","page","type-page","status-publish","has-post-thumbnail","hentry"],"acf":[],"yoast_head":"<!-- This site is optimized with the Yoast SEO plugin v27.5 - https:\/\/yoast.com\/product\/yoast-seo-wordpress\/ -->\n<title>SALAT MIT MANGO - WOHLBEFINDEN<\/title>\n<meta name=\"robots\" content=\"index, follow, max-snippet:-1, max-image-preview:large, max-video-preview:-1\" \/>\n<link rel=\"canonical\" href=\"https:\/\/bien-etreiris.ch\/de\/produktpraesentation\/natuerliche-heilmittel\/saeure-basen-haushalt\/tischleindeckdich\/tischleindeckdich-salat-mit-mango-cashewkernen-und-kichererbsen\/\" \/>\n<meta property=\"og:locale\" content=\"de_DE\" \/>\n<meta property=\"og:type\" content=\"article\" \/>\n<meta property=\"og:title\" content=\"SALAT MIT MANGO - WOHLBEFINDEN\" \/>\n<meta property=\"og:description\" content=\"TischleinDeckDich Salat mit Mango, Cashewkernen und Kichererbsen Zutaten f\u00fcr 2 Personen 8 EL (ca. 80 g) TischleinDeckDich ca. 270 ml Wasser oder Gem\u00fcsebr\u00fche 50 g Cashewkerne 100 g Zuckerschoten 150 g Cherrytomaten \u00bd (150 g) Mango oder Pfirsich 70 g Kichererbsen (Glas) 3 \u2013 4 TL Oliven\u00f6l &nbsp; Sojaso\u00dfe nach Geschmack oder Balsamicoessig (hell) &nbsp; Curry, Kr\u00e4utersalz, Pfeffer &nbsp; &nbsp;&nbsp;Weiter lesen\" \/>\n<meta property=\"og:url\" content=\"https:\/\/bien-etreiris.ch\/de\/produktpraesentation\/natuerliche-heilmittel\/saeure-basen-haushalt\/tischleindeckdich\/tischleindeckdich-salat-mit-mango-cashewkernen-und-kichererbsen\/\" \/>\n<meta property=\"og:site_name\" content=\"WOHLBEFINDEN\" \/>\n<meta property=\"article:publisher\" content=\"https:\/\/www.facebook.com\/bienetreiris\/\" \/>\n<meta property=\"article:modified_time\" content=\"2019-09-07T21:15:28+00:00\" \/>\n<meta property=\"og:image\" content=\"https:\/\/bien-etreiris.ch\/wp-content\/uploads\/2019\/09\/AlcaMenu-en-salade-compos\u00e9e-de-mangue-de-noix-de-cajou-et-de-pois-chiches.jpg\" \/>\n\t<meta property=\"og:image:width\" content=\"550\" \/>\n\t<meta property=\"og:image:height\" content=\"367\" \/>\n\t<meta property=\"og:image:type\" content=\"image\/jpeg\" \/>\n<meta name=\"twitter:label1\" content=\"Gesch\u00e4tzte Lesezeit\" \/>\n\t<meta name=\"twitter:data1\" content=\"1\u00a0Minute\" \/>\n<script type=\"application\/ld+json\" class=\"yoast-schema-graph\">{\"@context\":\"https:\\\/\\\/schema.org\",\"@graph\":[{\"@type\":\"WebPage\",\"@id\":\"https:\\\/\\\/bien-etreiris.ch\\\/de\\\/produktpraesentation\\\/natuerliche-heilmittel\\\/saeure-basen-haushalt\\\/tischleindeckdich\\\/tischleindeckdich-salat-mit-mango-cashewkernen-und-kichererbsen\\\/\",\"url\":\"https:\\\/\\\/bien-etreiris.ch\\\/de\\\/produktpraesentation\\\/natuerliche-heilmittel\\\/saeure-basen-haushalt\\\/tischleindeckdich\\\/tischleindeckdich-salat-mit-mango-cashewkernen-und-kichererbsen\\\/\",\"name\":\"SALAT MIT MANGO - WOHLBEFINDEN\",\"isPartOf\":{\"@id\":\"https:\\\/\\\/bien-etreiris.ch\\\/de\\\/#website\"},\"primaryImageOfPage\":{\"@id\":\"https:\\\/\\\/bien-etreiris.ch\\\/de\\\/produktpraesentation\\\/natuerliche-heilmittel\\\/saeure-basen-haushalt\\\/tischleindeckdich\\\/tischleindeckdich-salat-mit-mango-cashewkernen-und-kichererbsen\\\/#primaryimage\"},\"image\":{\"@id\":\"https:\\\/\\\/bien-etreiris.ch\\\/de\\\/produktpraesentation\\\/natuerliche-heilmittel\\\/saeure-basen-haushalt\\\/tischleindeckdich\\\/tischleindeckdich-salat-mit-mango-cashewkernen-und-kichererbsen\\\/#primaryimage\"},\"thumbnailUrl\":\"https:\\\/\\\/bien-etreiris.ch\\\/wp-content\\\/uploads\\\/2019\\\/09\\\/AlcaMenu-en-salade-compos\u00e9e-de-mangue-de-noix-de-cajou-et-de-pois-chiches.jpg\",\"datePublished\":\"2019-09-06T14:19:27+00:00\",\"dateModified\":\"2019-09-07T21:15:28+00:00\",\"breadcrumb\":{\"@id\":\"https:\\\/\\\/bien-etreiris.ch\\\/de\\\/produktpraesentation\\\/natuerliche-heilmittel\\\/saeure-basen-haushalt\\\/tischleindeckdich\\\/tischleindeckdich-salat-mit-mango-cashewkernen-und-kichererbsen\\\/#breadcrumb\"},\"inLanguage\":\"de\",\"potentialAction\":[{\"@type\":\"ReadAction\",\"target\":[\"https:\\\/\\\/bien-etreiris.ch\\\/de\\\/produktpraesentation\\\/natuerliche-heilmittel\\\/saeure-basen-haushalt\\\/tischleindeckdich\\\/tischleindeckdich-salat-mit-mango-cashewkernen-und-kichererbsen\\\/\"]}]},{\"@type\":\"ImageObject\",\"inLanguage\":\"de\",\"@id\":\"https:\\\/\\\/bien-etreiris.ch\\\/de\\\/produktpraesentation\\\/natuerliche-heilmittel\\\/saeure-basen-haushalt\\\/tischleindeckdich\\\/tischleindeckdich-salat-mit-mango-cashewkernen-und-kichererbsen\\\/#primaryimage\",\"url\":\"https:\\\/\\\/bien-etreiris.ch\\\/wp-content\\\/uploads\\\/2019\\\/09\\\/AlcaMenu-en-salade-compos\u00e9e-de-mangue-de-noix-de-cajou-et-de-pois-chiches.jpg\",\"contentUrl\":\"https:\\\/\\\/bien-etreiris.ch\\\/wp-content\\\/uploads\\\/2019\\\/09\\\/AlcaMenu-en-salade-compos\u00e9e-de-mangue-de-noix-de-cajou-et-de-pois-chiches.jpg\",\"width\":550,\"height\":367},{\"@type\":\"BreadcrumbList\",\"@id\":\"https:\\\/\\\/bien-etreiris.ch\\\/de\\\/produktpraesentation\\\/natuerliche-heilmittel\\\/saeure-basen-haushalt\\\/tischleindeckdich\\\/tischleindeckdich-salat-mit-mango-cashewkernen-und-kichererbsen\\\/#breadcrumb\",\"itemListElement\":[{\"@type\":\"ListItem\",\"position\":1,\"name\":\"Home\",\"item\":\"https:\\\/\\\/bien-etreiris.ch\\\/de\\\/\"},{\"@type\":\"ListItem\",\"position\":2,\"name\":\"PRODUKTPR\u00c4SENTATION\",\"item\":\"https:\\\/\\\/bien-etreiris.ch\\\/de\\\/produktpraesentation\\\/\"},{\"@type\":\"ListItem\",\"position\":3,\"name\":\"NAT\u00dcRLICHE HEILMITTEL\",\"item\":\"https:\\\/\\\/bien-etreiris.ch\\\/de\\\/produktpraesentation\\\/natuerliche-heilmittel\\\/\"},{\"@type\":\"ListItem\",\"position\":4,\"name\":\"S\u00c4URE-BASEN-HAUSHALT\",\"item\":\"https:\\\/\\\/bien-etreiris.ch\\\/de\\\/produktpraesentation\\\/natuerliche-heilmittel\\\/saeure-basen-haushalt\\\/\"},{\"@type\":\"ListItem\",\"position\":5,\"name\":\"TISCHLEINDECKDICH\",\"item\":\"https:\\\/\\\/bien-etreiris.ch\\\/de\\\/produktpraesentation\\\/natuerliche-heilmittel\\\/saeure-basen-haushalt\\\/tischleindeckdich\\\/\"},{\"@type\":\"ListItem\",\"position\":6,\"name\":\"SALAT MIT MANGO\"}]},{\"@type\":\"WebSite\",\"@id\":\"https:\\\/\\\/bien-etreiris.ch\\\/de\\\/#website\",\"url\":\"https:\\\/\\\/bien-etreiris.ch\\\/de\\\/\",\"name\":\"Bien-\u00eatre Iris\",\"description\":\"IHRE Gesundheit ist uns wichtig\",\"potentialAction\":[{\"@type\":\"SearchAction\",\"target\":{\"@type\":\"EntryPoint\",\"urlTemplate\":\"https:\\\/\\\/bien-etreiris.ch\\\/de\\\/?s={search_term_string}\"},\"query-input\":{\"@type\":\"PropertyValueSpecification\",\"valueRequired\":true,\"valueName\":\"search_term_string\"}}],\"inLanguage\":\"de\"}]}<\/script>\n<!-- \/ Yoast SEO plugin. -->","yoast_head_json":{"title":"SALAT MIT MANGO - WOHLBEFINDEN","robots":{"index":"index","follow":"follow","max-snippet":"max-snippet:-1","max-image-preview":"max-image-preview:large","max-video-preview":"max-video-preview:-1"},"canonical":"https:\/\/bien-etreiris.ch\/de\/produktpraesentation\/natuerliche-heilmittel\/saeure-basen-haushalt\/tischleindeckdich\/tischleindeckdich-salat-mit-mango-cashewkernen-und-kichererbsen\/","og_locale":"de_DE","og_type":"article","og_title":"SALAT MIT MANGO - WOHLBEFINDEN","og_description":"TischleinDeckDich Salat mit Mango, Cashewkernen und Kichererbsen Zutaten f\u00fcr 2 Personen 8 EL (ca. 80 g) TischleinDeckDich ca. 270 ml Wasser oder Gem\u00fcsebr\u00fche 50 g Cashewkerne 100 g Zuckerschoten 150 g Cherrytomaten \u00bd (150 g) Mango oder Pfirsich 70 g Kichererbsen (Glas) 3 \u2013 4 TL Oliven\u00f6l &nbsp; Sojaso\u00dfe nach Geschmack oder Balsamicoessig (hell) &nbsp; Curry, Kr\u00e4utersalz, Pfeffer &nbsp; &nbsp;&nbsp;Weiter lesen","og_url":"https:\/\/bien-etreiris.ch\/de\/produktpraesentation\/natuerliche-heilmittel\/saeure-basen-haushalt\/tischleindeckdich\/tischleindeckdich-salat-mit-mango-cashewkernen-und-kichererbsen\/","og_site_name":"WOHLBEFINDEN","article_publisher":"https:\/\/www.facebook.com\/bienetreiris\/","article_modified_time":"2019-09-07T21:15:28+00:00","og_image":[{"width":550,"height":367,"url":"https:\/\/bien-etreiris.ch\/wp-content\/uploads\/2019\/09\/AlcaMenu-en-salade-compos\u00e9e-de-mangue-de-noix-de-cajou-et-de-pois-chiches.jpg","type":"image\/jpeg"}],"twitter_misc":{"Gesch\u00e4tzte Lesezeit":"1\u00a0Minute"},"schema":{"@context":"https:\/\/schema.org","@graph":[{"@type":"WebPage","@id":"https:\/\/bien-etreiris.ch\/de\/produktpraesentation\/natuerliche-heilmittel\/saeure-basen-haushalt\/tischleindeckdich\/tischleindeckdich-salat-mit-mango-cashewkernen-und-kichererbsen\/","url":"https:\/\/bien-etreiris.ch\/de\/produktpraesentation\/natuerliche-heilmittel\/saeure-basen-haushalt\/tischleindeckdich\/tischleindeckdich-salat-mit-mango-cashewkernen-und-kichererbsen\/","name":"SALAT MIT MANGO - WOHLBEFINDEN","isPartOf":{"@id":"https:\/\/bien-etreiris.ch\/de\/#website"},"primaryImageOfPage":{"@id":"https:\/\/bien-etreiris.ch\/de\/produktpraesentation\/natuerliche-heilmittel\/saeure-basen-haushalt\/tischleindeckdich\/tischleindeckdich-salat-mit-mango-cashewkernen-und-kichererbsen\/#primaryimage"},"image":{"@id":"https:\/\/bien-etreiris.ch\/de\/produktpraesentation\/natuerliche-heilmittel\/saeure-basen-haushalt\/tischleindeckdich\/tischleindeckdich-salat-mit-mango-cashewkernen-und-kichererbsen\/#primaryimage"},"thumbnailUrl":"https:\/\/bien-etreiris.ch\/wp-content\/uploads\/2019\/09\/AlcaMenu-en-salade-compos\u00e9e-de-mangue-de-noix-de-cajou-et-de-pois-chiches.jpg","datePublished":"2019-09-06T14:19:27+00:00","dateModified":"2019-09-07T21:15:28+00:00","breadcrumb":{"@id":"https:\/\/bien-etreiris.ch\/de\/produktpraesentation\/natuerliche-heilmittel\/saeure-basen-haushalt\/tischleindeckdich\/tischleindeckdich-salat-mit-mango-cashewkernen-und-kichererbsen\/#breadcrumb"},"inLanguage":"de","potentialAction":[{"@type":"ReadAction","target":["https:\/\/bien-etreiris.ch\/de\/produktpraesentation\/natuerliche-heilmittel\/saeure-basen-haushalt\/tischleindeckdich\/tischleindeckdich-salat-mit-mango-cashewkernen-und-kichererbsen\/"]}]},{"@type":"ImageObject","inLanguage":"de","@id":"https:\/\/bien-etreiris.ch\/de\/produktpraesentation\/natuerliche-heilmittel\/saeure-basen-haushalt\/tischleindeckdich\/tischleindeckdich-salat-mit-mango-cashewkernen-und-kichererbsen\/#primaryimage","url":"https:\/\/bien-etreiris.ch\/wp-content\/uploads\/2019\/09\/AlcaMenu-en-salade-compos\u00e9e-de-mangue-de-noix-de-cajou-et-de-pois-chiches.jpg","contentUrl":"https:\/\/bien-etreiris.ch\/wp-content\/uploads\/2019\/09\/AlcaMenu-en-salade-compos\u00e9e-de-mangue-de-noix-de-cajou-et-de-pois-chiches.jpg","width":550,"height":367},{"@type":"BreadcrumbList","@id":"https:\/\/bien-etreiris.ch\/de\/produktpraesentation\/natuerliche-heilmittel\/saeure-basen-haushalt\/tischleindeckdich\/tischleindeckdich-salat-mit-mango-cashewkernen-und-kichererbsen\/#breadcrumb","itemListElement":[{"@type":"ListItem","position":1,"name":"Home","item":"https:\/\/bien-etreiris.ch\/de\/"},{"@type":"ListItem","position":2,"name":"PRODUKTPR\u00c4SENTATION","item":"https:\/\/bien-etreiris.ch\/de\/produktpraesentation\/"},{"@type":"ListItem","position":3,"name":"NAT\u00dcRLICHE HEILMITTEL","item":"https:\/\/bien-etreiris.ch\/de\/produktpraesentation\/natuerliche-heilmittel\/"},{"@type":"ListItem","position":4,"name":"S\u00c4URE-BASEN-HAUSHALT","item":"https:\/\/bien-etreiris.ch\/de\/produktpraesentation\/natuerliche-heilmittel\/saeure-basen-haushalt\/"},{"@type":"ListItem","position":5,"name":"TISCHLEINDECKDICH","item":"https:\/\/bien-etreiris.ch\/de\/produktpraesentation\/natuerliche-heilmittel\/saeure-basen-haushalt\/tischleindeckdich\/"},{"@type":"ListItem","position":6,"name":"SALAT MIT MANGO"}]},{"@type":"WebSite","@id":"https:\/\/bien-etreiris.ch\/de\/#website","url":"https:\/\/bien-etreiris.ch\/de\/","name":"Bien-\u00eatre Iris","description":"IHRE Gesundheit ist uns wichtig","potentialAction":[{"@type":"SearchAction","target":{"@type":"EntryPoint","urlTemplate":"https:\/\/bien-etreiris.ch\/de\/?s={search_term_string}"},"query-input":{"@type":"PropertyValueSpecification","valueRequired":true,"valueName":"search_term_string"}}],"inLanguage":"de"}]}},"_links":{"self":[{"href":"https:\/\/bien-etreiris.ch\/de\/wp-json\/wp\/v2\/pages\/28762","targetHints":{"allow":["GET"]}}],"collection":[{"href":"https:\/\/bien-etreiris.ch\/de\/wp-json\/wp\/v2\/pages"}],"about":[{"href":"https:\/\/bien-etreiris.ch\/de\/wp-json\/wp\/v2\/types\/page"}],"author":[{"embeddable":true,"href":"https:\/\/bien-etreiris.ch\/de\/wp-json\/wp\/v2\/users\/1"}],"replies":[{"embeddable":true,"href":"https:\/\/bien-etreiris.ch\/de\/wp-json\/wp\/v2\/comments?post=28762"}],"version-history":[{"count":2,"href":"https:\/\/bien-etreiris.ch\/de\/wp-json\/wp\/v2\/pages\/28762\/revisions"}],"predecessor-version":[{"id":28767,"href":"https:\/\/bien-etreiris.ch\/de\/wp-json\/wp\/v2\/pages\/28762\/revisions\/28767"}],"up":[{"embeddable":true,"href":"https:\/\/bien-etreiris.ch\/de\/wp-json\/wp\/v2\/pages\/13722"}],"wp:featuredmedia":[{"embeddable":true,"href":"https:\/\/bien-etreiris.ch\/de\/wp-json\/wp\/v2\/media\/27983"}],"wp:attachment":[{"href":"https:\/\/bien-etreiris.ch\/de\/wp-json\/wp\/v2\/media?parent=28762"}],"curies":[{"name":"wp","href":"https:\/\/api.w.org\/{rel}","templated":true}]}}