{"id":28744,"date":"2019-09-06T15:26:36","date_gmt":"2019-09-06T15:26:36","guid":{"rendered":"https:\/\/bien-etreiris.ch\/wohlbefinden\/basische-produkte-p-jentschura\/tischleindeckdich\/pain-croquant\/"},"modified":"2019-09-07T20:41:47","modified_gmt":"2019-09-07T20:41:47","slug":"pain-croquant","status":"publish","type":"page","link":"https:\/\/bien-etreiris.ch\/de\/produktpraesentation\/natuerliche-heilmittel\/saeure-basen-haushalt\/tischleindeckdich\/pain-croquant\/","title":{"rendered":"KN\u00c4CKEBROT"},"content":{"rendered":"\n<h2 class=\"wp-block-heading\"> <br>TischleinDeckDich Kn\u00e4ckebrot <\/h2>\n\n\n<p><a href=\"https:\/\/decoiris.ch\/wp-content\/uploads\/2019\/09\/Pain-croquant-su\u00e9dois-et-AlcaMenu-innen.jpg\"><img loading=\"lazy\" decoding=\"async\" class=\"alignnone wp-image-28189 size-full\" src=\"https:\/\/decoiris.ch\/wp-content\/uploads\/2019\/09\/Pain-croquant-su\u00e9dois-et-AlcaMenu-innen.jpg\" alt=\"\" width=\"820\" height=\"687\" srcset=\"https:\/\/bien-etreiris.ch\/wp-content\/uploads\/2019\/09\/Pain-croquant-su\u00e9dois-et-AlcaMenu-innen.jpg 820w, https:\/\/bien-etreiris.ch\/wp-content\/uploads\/2019\/09\/Pain-croquant-su\u00e9dois-et-AlcaMenu-innen-300x251.jpg 300w, https:\/\/bien-etreiris.ch\/wp-content\/uploads\/2019\/09\/Pain-croquant-su\u00e9dois-et-AlcaMenu-innen-768x643.jpg 768w\" sizes=\"auto, (max-width: 820px) 100vw, 820px\" \/><\/a><\/p>\n<h4 class=\"headline\"><strong>Zutaten<\/strong><\/h4>\n<table class=\"tablesaw tablesaw-stack table-recipe\" data-tablesaw-mode=\"stack\">\n<tbody>\n<tr>\n<td class=\"value\">150 g<\/td>\n<td class=\"ingredient\" data-sr-id=\"1\">TischleinDeckDich<\/td>\n<\/tr>\n<tr>\n<td class=\"value\">3 TL<\/td>\n<td class=\"ingredient\" data-sr-id=\"3\">rotes oder gr\u00fcnes Pesto<\/td>\n<\/tr>\n<tr>\n<td class=\"value\">1<\/td>\n<td class=\"ingredient\" data-sr-id=\"4\">kleines Glas getrocknete Tomaten<\/td>\n<\/tr>\n<tr>\n<td class=\"value\">2 EL<\/td>\n<td class=\"ingredient\" data-sr-id=\"5\">K\u00fcrbiskerne<\/td>\n<\/tr>\n<tr>\n<td class=\"value\">2 EL<\/td>\n<td class=\"ingredient\" data-sr-id=\"6\">Pinienkerne<\/td>\n<\/tr>\n<tr>\n<td class=\"value\">\u00bd TL<\/td>\n<td class=\"ingredient\" data-sr-id=\"7\">Salz<\/td>\n<\/tr>\n<\/tbody>\n<\/table>\n<p>&nbsp;<\/p>\n<div class=\"recipe-preparation\">\n<h4>&nbsp;<\/h4>\n<div class=\"recipe-preparation\">\n<h4 class=\"headline\"><strong>Zubereitung<\/strong><\/h4>\n<p>TischleinDeckDich in eine Schale geben und mit 480 ml kochendem Wasser \u00fcbergie\u00dfen, umr\u00fchren und 5 Minuten quellen lassen. Anschlie\u00dfend mit Salz und Pesto w\u00fcrzen.<\/p>\n<p>Die eingelegten getrockneten Tomaten abgie\u00dfen, in St\u00fccke schneiden und unter die TischleinDeckDich-Masse heben.<\/p>\n<p>Ein Backblech mit Backpapier auslegen und die TischleinDeckDich-Masse m\u00f6glichst d\u00fcnn (ca. 3 mm) auf dem Blech ausstreichen. Sollte vom TischleinDeckDich etwas \u00fcbrig bleiben, auf einem zweiten Blech ausstreichen oder einfach aufessen.<\/p>\n<p>Auf der Masse die K\u00fcrbis- und Pinienkerne verteilen und gut andr\u00fccken. Den Ofen auf 180 \u00b0C vorheizen (am besten das Programm \u201eUmluft\u201c w\u00e4hlen) und f\u00fcr ca. 20 Minuten auf mittlerer Schiene backen.<\/p>\n<p>Dann das Blech aus dem Ofen nehmen, diesen aber noch nicht ausschalten. Die Teigplatte mit einem scharfen Messer in beliebig gro\u00dfe Streifen schneiden und das Kn\u00e4ckebrot dann bei 150\u00b0C f\u00fcr weitere 40 Minuten backen. Das Kn\u00e4ckebrot abk\u00fchlen lassen und mit einem leckeren Kr\u00e4uterquark oder einem anderen Dip genie\u00dfen.<\/p>\n<\/div>\n<\/div>","protected":false},"excerpt":{"rendered":"<p>TischleinDeckDich Kn\u00e4ckebrot Zutaten 150 g TischleinDeckDich 3 TL rotes oder gr\u00fcnes Pesto 1 kleines Glas getrocknete Tomaten 2 EL K\u00fcrbiskerne 2 EL Pinienkerne \u00bd TL Salz &nbsp; &nbsp; Zubereitung TischleinDeckDich in eine Schale geben und mit 480 ml kochendem Wasser \u00fcbergie\u00dfen, umr\u00fchren und 5 Minuten quellen lassen. Anschlie\u00dfend mit Salz und Pesto w\u00fcrzen. Die eingelegten getrockneten Tomaten abgie\u00dfen, in St\u00fccke&nbsp;<a href=\"https:\/\/bien-etreiris.ch\/de\/produktpraesentation\/natuerliche-heilmittel\/saeure-basen-haushalt\/tischleindeckdich\/pain-croquant\/\" class=\"read-more\">Weiter lesen<\/a><\/p>\n","protected":false},"author":1,"featured_media":28005,"parent":13722,"menu_order":7310,"comment_status":"closed","ping_status":"closed","template":"page-with-child.php","meta":{"_acf_changed":false,"ngg_post_thumbnail":0,"footnotes":""},"class_list":["post-28744","page","type-page","status-publish","has-post-thumbnail","hentry"],"acf":[],"yoast_head":"<!-- This site is optimized with the Yoast SEO plugin v27.5 - https:\/\/yoast.com\/product\/yoast-seo-wordpress\/ -->\n<title>KN\u00c4CKEBROT - WOHLBEFINDEN<\/title>\n<meta name=\"robots\" content=\"index, follow, max-snippet:-1, max-image-preview:large, max-video-preview:-1\" \/>\n<link rel=\"canonical\" href=\"https:\/\/bien-etreiris.ch\/de\/produktpraesentation\/natuerliche-heilmittel\/saeure-basen-haushalt\/tischleindeckdich\/pain-croquant\/\" \/>\n<meta property=\"og:locale\" content=\"de_DE\" \/>\n<meta property=\"og:type\" content=\"article\" \/>\n<meta property=\"og:title\" content=\"KN\u00c4CKEBROT - WOHLBEFINDEN\" \/>\n<meta property=\"og:description\" content=\"TischleinDeckDich Kn\u00e4ckebrot Zutaten 150 g TischleinDeckDich 3 TL rotes oder gr\u00fcnes Pesto 1 kleines Glas getrocknete Tomaten 2 EL K\u00fcrbiskerne 2 EL Pinienkerne \u00bd TL Salz &nbsp; &nbsp; Zubereitung TischleinDeckDich in eine Schale geben und mit 480 ml kochendem Wasser \u00fcbergie\u00dfen, umr\u00fchren und 5 Minuten quellen lassen. Anschlie\u00dfend mit Salz und Pesto w\u00fcrzen. Die eingelegten getrockneten Tomaten abgie\u00dfen, in St\u00fccke&nbsp;Weiter lesen\" \/>\n<meta property=\"og:url\" content=\"https:\/\/bien-etreiris.ch\/de\/produktpraesentation\/natuerliche-heilmittel\/saeure-basen-haushalt\/tischleindeckdich\/pain-croquant\/\" \/>\n<meta property=\"og:site_name\" content=\"WOHLBEFINDEN\" \/>\n<meta property=\"article:publisher\" content=\"https:\/\/www.facebook.com\/bienetreiris\/\" \/>\n<meta property=\"article:modified_time\" content=\"2019-09-07T20:41:47+00:00\" \/>\n<meta property=\"og:image\" content=\"https:\/\/bien-etreiris.ch\/wp-content\/uploads\/2019\/09\/Pain-croquant-su\u00e9dois-et-AlcaMenu.jpg\" \/>\n\t<meta property=\"og:image:width\" content=\"550\" \/>\n\t<meta property=\"og:image:height\" content=\"367\" \/>\n\t<meta property=\"og:image:type\" content=\"image\/jpeg\" \/>\n<meta name=\"twitter:label1\" content=\"Gesch\u00e4tzte Lesezeit\" \/>\n\t<meta name=\"twitter:data1\" content=\"1\u00a0Minute\" \/>\n<script type=\"application\/ld+json\" class=\"yoast-schema-graph\">{\"@context\":\"https:\\\/\\\/schema.org\",\"@graph\":[{\"@type\":\"WebPage\",\"@id\":\"https:\\\/\\\/bien-etreiris.ch\\\/de\\\/produktpraesentation\\\/natuerliche-heilmittel\\\/saeure-basen-haushalt\\\/tischleindeckdich\\\/pain-croquant\\\/\",\"url\":\"https:\\\/\\\/bien-etreiris.ch\\\/de\\\/produktpraesentation\\\/natuerliche-heilmittel\\\/saeure-basen-haushalt\\\/tischleindeckdich\\\/pain-croquant\\\/\",\"name\":\"KN\u00c4CKEBROT - WOHLBEFINDEN\",\"isPartOf\":{\"@id\":\"https:\\\/\\\/bien-etreiris.ch\\\/de\\\/#website\"},\"primaryImageOfPage\":{\"@id\":\"https:\\\/\\\/bien-etreiris.ch\\\/de\\\/produktpraesentation\\\/natuerliche-heilmittel\\\/saeure-basen-haushalt\\\/tischleindeckdich\\\/pain-croquant\\\/#primaryimage\"},\"image\":{\"@id\":\"https:\\\/\\\/bien-etreiris.ch\\\/de\\\/produktpraesentation\\\/natuerliche-heilmittel\\\/saeure-basen-haushalt\\\/tischleindeckdich\\\/pain-croquant\\\/#primaryimage\"},\"thumbnailUrl\":\"https:\\\/\\\/bien-etreiris.ch\\\/wp-content\\\/uploads\\\/2019\\\/09\\\/Pain-croquant-su\u00e9dois-et-AlcaMenu.jpg\",\"datePublished\":\"2019-09-06T15:26:36+00:00\",\"dateModified\":\"2019-09-07T20:41:47+00:00\",\"breadcrumb\":{\"@id\":\"https:\\\/\\\/bien-etreiris.ch\\\/de\\\/produktpraesentation\\\/natuerliche-heilmittel\\\/saeure-basen-haushalt\\\/tischleindeckdich\\\/pain-croquant\\\/#breadcrumb\"},\"inLanguage\":\"de\",\"potentialAction\":[{\"@type\":\"ReadAction\",\"target\":[\"https:\\\/\\\/bien-etreiris.ch\\\/de\\\/produktpraesentation\\\/natuerliche-heilmittel\\\/saeure-basen-haushalt\\\/tischleindeckdich\\\/pain-croquant\\\/\"]}]},{\"@type\":\"ImageObject\",\"inLanguage\":\"de\",\"@id\":\"https:\\\/\\\/bien-etreiris.ch\\\/de\\\/produktpraesentation\\\/natuerliche-heilmittel\\\/saeure-basen-haushalt\\\/tischleindeckdich\\\/pain-croquant\\\/#primaryimage\",\"url\":\"https:\\\/\\\/bien-etreiris.ch\\\/wp-content\\\/uploads\\\/2019\\\/09\\\/Pain-croquant-su\u00e9dois-et-AlcaMenu.jpg\",\"contentUrl\":\"https:\\\/\\\/bien-etreiris.ch\\\/wp-content\\\/uploads\\\/2019\\\/09\\\/Pain-croquant-su\u00e9dois-et-AlcaMenu.jpg\",\"width\":550,\"height\":367},{\"@type\":\"BreadcrumbList\",\"@id\":\"https:\\\/\\\/bien-etreiris.ch\\\/de\\\/produktpraesentation\\\/natuerliche-heilmittel\\\/saeure-basen-haushalt\\\/tischleindeckdich\\\/pain-croquant\\\/#breadcrumb\",\"itemListElement\":[{\"@type\":\"ListItem\",\"position\":1,\"name\":\"Home\",\"item\":\"https:\\\/\\\/bien-etreiris.ch\\\/de\\\/\"},{\"@type\":\"ListItem\",\"position\":2,\"name\":\"PRODUKTPR\u00c4SENTATION\",\"item\":\"https:\\\/\\\/bien-etreiris.ch\\\/de\\\/produktpraesentation\\\/\"},{\"@type\":\"ListItem\",\"position\":3,\"name\":\"NAT\u00dcRLICHE HEILMITTEL\",\"item\":\"https:\\\/\\\/bien-etreiris.ch\\\/de\\\/produktpraesentation\\\/natuerliche-heilmittel\\\/\"},{\"@type\":\"ListItem\",\"position\":4,\"name\":\"S\u00c4URE-BASEN-HAUSHALT\",\"item\":\"https:\\\/\\\/bien-etreiris.ch\\\/de\\\/produktpraesentation\\\/natuerliche-heilmittel\\\/saeure-basen-haushalt\\\/\"},{\"@type\":\"ListItem\",\"position\":5,\"name\":\"TISCHLEINDECKDICH\",\"item\":\"https:\\\/\\\/bien-etreiris.ch\\\/de\\\/produktpraesentation\\\/natuerliche-heilmittel\\\/saeure-basen-haushalt\\\/tischleindeckdich\\\/\"},{\"@type\":\"ListItem\",\"position\":6,\"name\":\"KN\u00c4CKEBROT\"}]},{\"@type\":\"WebSite\",\"@id\":\"https:\\\/\\\/bien-etreiris.ch\\\/de\\\/#website\",\"url\":\"https:\\\/\\\/bien-etreiris.ch\\\/de\\\/\",\"name\":\"Bien-\u00eatre Iris\",\"description\":\"IHRE Gesundheit ist uns wichtig\",\"potentialAction\":[{\"@type\":\"SearchAction\",\"target\":{\"@type\":\"EntryPoint\",\"urlTemplate\":\"https:\\\/\\\/bien-etreiris.ch\\\/de\\\/?s={search_term_string}\"},\"query-input\":{\"@type\":\"PropertyValueSpecification\",\"valueRequired\":true,\"valueName\":\"search_term_string\"}}],\"inLanguage\":\"de\"}]}<\/script>\n<!-- \/ Yoast SEO plugin. -->","yoast_head_json":{"title":"KN\u00c4CKEBROT - WOHLBEFINDEN","robots":{"index":"index","follow":"follow","max-snippet":"max-snippet:-1","max-image-preview":"max-image-preview:large","max-video-preview":"max-video-preview:-1"},"canonical":"https:\/\/bien-etreiris.ch\/de\/produktpraesentation\/natuerliche-heilmittel\/saeure-basen-haushalt\/tischleindeckdich\/pain-croquant\/","og_locale":"de_DE","og_type":"article","og_title":"KN\u00c4CKEBROT - WOHLBEFINDEN","og_description":"TischleinDeckDich Kn\u00e4ckebrot Zutaten 150 g TischleinDeckDich 3 TL rotes oder gr\u00fcnes Pesto 1 kleines Glas getrocknete Tomaten 2 EL K\u00fcrbiskerne 2 EL Pinienkerne \u00bd TL Salz &nbsp; &nbsp; Zubereitung TischleinDeckDich in eine Schale geben und mit 480 ml kochendem Wasser \u00fcbergie\u00dfen, umr\u00fchren und 5 Minuten quellen lassen. Anschlie\u00dfend mit Salz und Pesto w\u00fcrzen. Die eingelegten getrockneten Tomaten abgie\u00dfen, in St\u00fccke&nbsp;Weiter lesen","og_url":"https:\/\/bien-etreiris.ch\/de\/produktpraesentation\/natuerliche-heilmittel\/saeure-basen-haushalt\/tischleindeckdich\/pain-croquant\/","og_site_name":"WOHLBEFINDEN","article_publisher":"https:\/\/www.facebook.com\/bienetreiris\/","article_modified_time":"2019-09-07T20:41:47+00:00","og_image":[{"width":550,"height":367,"url":"https:\/\/bien-etreiris.ch\/wp-content\/uploads\/2019\/09\/Pain-croquant-su\u00e9dois-et-AlcaMenu.jpg","type":"image\/jpeg"}],"twitter_misc":{"Gesch\u00e4tzte Lesezeit":"1\u00a0Minute"},"schema":{"@context":"https:\/\/schema.org","@graph":[{"@type":"WebPage","@id":"https:\/\/bien-etreiris.ch\/de\/produktpraesentation\/natuerliche-heilmittel\/saeure-basen-haushalt\/tischleindeckdich\/pain-croquant\/","url":"https:\/\/bien-etreiris.ch\/de\/produktpraesentation\/natuerliche-heilmittel\/saeure-basen-haushalt\/tischleindeckdich\/pain-croquant\/","name":"KN\u00c4CKEBROT - WOHLBEFINDEN","isPartOf":{"@id":"https:\/\/bien-etreiris.ch\/de\/#website"},"primaryImageOfPage":{"@id":"https:\/\/bien-etreiris.ch\/de\/produktpraesentation\/natuerliche-heilmittel\/saeure-basen-haushalt\/tischleindeckdich\/pain-croquant\/#primaryimage"},"image":{"@id":"https:\/\/bien-etreiris.ch\/de\/produktpraesentation\/natuerliche-heilmittel\/saeure-basen-haushalt\/tischleindeckdich\/pain-croquant\/#primaryimage"},"thumbnailUrl":"https:\/\/bien-etreiris.ch\/wp-content\/uploads\/2019\/09\/Pain-croquant-su\u00e9dois-et-AlcaMenu.jpg","datePublished":"2019-09-06T15:26:36+00:00","dateModified":"2019-09-07T20:41:47+00:00","breadcrumb":{"@id":"https:\/\/bien-etreiris.ch\/de\/produktpraesentation\/natuerliche-heilmittel\/saeure-basen-haushalt\/tischleindeckdich\/pain-croquant\/#breadcrumb"},"inLanguage":"de","potentialAction":[{"@type":"ReadAction","target":["https:\/\/bien-etreiris.ch\/de\/produktpraesentation\/natuerliche-heilmittel\/saeure-basen-haushalt\/tischleindeckdich\/pain-croquant\/"]}]},{"@type":"ImageObject","inLanguage":"de","@id":"https:\/\/bien-etreiris.ch\/de\/produktpraesentation\/natuerliche-heilmittel\/saeure-basen-haushalt\/tischleindeckdich\/pain-croquant\/#primaryimage","url":"https:\/\/bien-etreiris.ch\/wp-content\/uploads\/2019\/09\/Pain-croquant-su\u00e9dois-et-AlcaMenu.jpg","contentUrl":"https:\/\/bien-etreiris.ch\/wp-content\/uploads\/2019\/09\/Pain-croquant-su\u00e9dois-et-AlcaMenu.jpg","width":550,"height":367},{"@type":"BreadcrumbList","@id":"https:\/\/bien-etreiris.ch\/de\/produktpraesentation\/natuerliche-heilmittel\/saeure-basen-haushalt\/tischleindeckdich\/pain-croquant\/#breadcrumb","itemListElement":[{"@type":"ListItem","position":1,"name":"Home","item":"https:\/\/bien-etreiris.ch\/de\/"},{"@type":"ListItem","position":2,"name":"PRODUKTPR\u00c4SENTATION","item":"https:\/\/bien-etreiris.ch\/de\/produktpraesentation\/"},{"@type":"ListItem","position":3,"name":"NAT\u00dcRLICHE HEILMITTEL","item":"https:\/\/bien-etreiris.ch\/de\/produktpraesentation\/natuerliche-heilmittel\/"},{"@type":"ListItem","position":4,"name":"S\u00c4URE-BASEN-HAUSHALT","item":"https:\/\/bien-etreiris.ch\/de\/produktpraesentation\/natuerliche-heilmittel\/saeure-basen-haushalt\/"},{"@type":"ListItem","position":5,"name":"TISCHLEINDECKDICH","item":"https:\/\/bien-etreiris.ch\/de\/produktpraesentation\/natuerliche-heilmittel\/saeure-basen-haushalt\/tischleindeckdich\/"},{"@type":"ListItem","position":6,"name":"KN\u00c4CKEBROT"}]},{"@type":"WebSite","@id":"https:\/\/bien-etreiris.ch\/de\/#website","url":"https:\/\/bien-etreiris.ch\/de\/","name":"Bien-\u00eatre Iris","description":"IHRE Gesundheit ist uns wichtig","potentialAction":[{"@type":"SearchAction","target":{"@type":"EntryPoint","urlTemplate":"https:\/\/bien-etreiris.ch\/de\/?s={search_term_string}"},"query-input":{"@type":"PropertyValueSpecification","valueRequired":true,"valueName":"search_term_string"}}],"inLanguage":"de"}]}},"_links":{"self":[{"href":"https:\/\/bien-etreiris.ch\/de\/wp-json\/wp\/v2\/pages\/28744","targetHints":{"allow":["GET"]}}],"collection":[{"href":"https:\/\/bien-etreiris.ch\/de\/wp-json\/wp\/v2\/pages"}],"about":[{"href":"https:\/\/bien-etreiris.ch\/de\/wp-json\/wp\/v2\/types\/page"}],"author":[{"embeddable":true,"href":"https:\/\/bien-etreiris.ch\/de\/wp-json\/wp\/v2\/users\/1"}],"replies":[{"embeddable":true,"href":"https:\/\/bien-etreiris.ch\/de\/wp-json\/wp\/v2\/comments?post=28744"}],"version-history":[{"count":2,"href":"https:\/\/bien-etreiris.ch\/de\/wp-json\/wp\/v2\/pages\/28744\/revisions"}],"predecessor-version":[{"id":28749,"href":"https:\/\/bien-etreiris.ch\/de\/wp-json\/wp\/v2\/pages\/28744\/revisions\/28749"}],"up":[{"embeddable":true,"href":"https:\/\/bien-etreiris.ch\/de\/wp-json\/wp\/v2\/pages\/13722"}],"wp:featuredmedia":[{"embeddable":true,"href":"https:\/\/bien-etreiris.ch\/de\/wp-json\/wp\/v2\/media\/28005"}],"wp:attachment":[{"href":"https:\/\/bien-etreiris.ch\/de\/wp-json\/wp\/v2\/media?parent=28744"}],"curies":[{"name":"wp","href":"https:\/\/api.w.org\/{rel}","templated":true}]}}