{"id":28735,"date":"2019-09-06T15:22:15","date_gmt":"2019-09-06T15:22:15","guid":{"rendered":"https:\/\/bien-etreiris.ch\/wohlbefinden\/basische-produkte-p-jentschura\/tischleindeckdich\/gratin-mediterraneen-aux-epinards-et-alcamenu\/"},"modified":"2019-09-07T20:30:38","modified_gmt":"2019-09-07T20:30:38","slug":"mediterraner-spinatauflauf-mit-tischleindeckdich","status":"publish","type":"page","link":"https:\/\/bien-etreiris.ch\/de\/produktpraesentation\/natuerliche-heilmittel\/saeure-basen-haushalt\/tischleindeckdich\/mediterraner-spinatauflauf-mit-tischleindeckdich\/","title":{"rendered":"SPINATAUFLAUF"},"content":{"rendered":"\n<h2 class=\"wp-block-heading\"> <br>Mediterraner Spinatauflauf mit TischleinDeckDich <\/h2>\n\n\n<p><a href=\"https:\/\/decoiris.ch\/wp-content\/uploads\/2019\/09\/Gratin-m\u00e9diterran\u00e9en-aux-\u00e9pinards-et-AlcaMenu-innen.jpg\"><img loading=\"lazy\" decoding=\"async\" class=\"alignnone wp-image-28183 size-full\" src=\"https:\/\/decoiris.ch\/wp-content\/uploads\/2019\/09\/Gratin-m\u00e9diterran\u00e9en-aux-\u00e9pinards-et-AlcaMenu-innen.jpg\" alt=\"\" width=\"820\" height=\"615\" srcset=\"https:\/\/bien-etreiris.ch\/wp-content\/uploads\/2019\/09\/Gratin-m\u00e9diterran\u00e9en-aux-\u00e9pinards-et-AlcaMenu-innen.jpg 820w, https:\/\/bien-etreiris.ch\/wp-content\/uploads\/2019\/09\/Gratin-m\u00e9diterran\u00e9en-aux-\u00e9pinards-et-AlcaMenu-innen-300x225.jpg 300w, https:\/\/bien-etreiris.ch\/wp-content\/uploads\/2019\/09\/Gratin-m\u00e9diterran\u00e9en-aux-\u00e9pinards-et-AlcaMenu-innen-768x576.jpg 768w, https:\/\/bien-etreiris.ch\/wp-content\/uploads\/2019\/09\/Gratin-m\u00e9diterran\u00e9en-aux-\u00e9pinards-et-AlcaMenu-innen-200x150.jpg 200w\" sizes=\"auto, (max-width: 820px) 100vw, 820px\" \/><\/a><\/p>\n<h4 class=\"headline\"><strong>Zutaten f\u00fcr 2 Personen<\/strong><\/h4>\n<table class=\"tablesaw tablesaw-stack table-recipe\" data-tablesaw-mode=\"stack\">\n<tbody>\n<tr>\n<td class=\"value\">8 EL (ca. 80 g)<\/td>\n<td class=\"ingredient\" data-sr-id=\"1\">TischleinDeckDich<\/td>\n<\/tr>\n<tr>\n<td class=\"value\">ca. 270 ml<\/td>\n<td class=\"ingredient\" data-sr-id=\"3\">Wasser oder Gem\u00fcsebr\u00fche<\/td>\n<\/tr>\n<tr>\n<td class=\"value\">3 TL<\/td>\n<td class=\"ingredient\" data-sr-id=\"4\">Pesto rosso<\/td>\n<\/tr>\n<tr>\n<td class=\"value\">250 g<\/td>\n<td class=\"ingredient\" data-sr-id=\"5\">Blattspinat (tiefgek\u00fchlt)<\/td>\n<\/tr>\n<tr>\n<td class=\"value\">3 EL<\/td>\n<td class=\"ingredient\" data-sr-id=\"6\">Pinienkerne (oder eine Kernmischung)<\/td>\n<\/tr>\n<tr>\n<td class=\"value\">1 \u2013 2 TL<\/td>\n<td class=\"ingredient\" data-sr-id=\"7\">Oliven\u00f6l<\/td>\n<\/tr>\n<tr>\n<td class=\"value\">2<\/td>\n<td class=\"ingredient\" data-sr-id=\"8\">Zwiebeln<\/td>\n<\/tr>\n<tr>\n<td class=\"value\">1 \u2013 2<\/td>\n<td class=\"ingredient\" data-sr-id=\"9\">Knoblauchzehen<\/td>\n<\/tr>\n<tr>\n<td class=\"value\">400 g<\/td>\n<td class=\"ingredient\" data-sr-id=\"10\">Tomatenst\u00fccke aus dem Glas<\/td>\n<\/tr>\n<tr>\n<td class=\"value\">6 \u2013 7<\/td>\n<td class=\"ingredient\" data-sr-id=\"11\">getrocknete Tomaten<\/td>\n<\/tr>\n<tr>\n<td class=\"value\">100 g<\/td>\n<td class=\"ingredient\" data-sr-id=\"12\">Schafsk\u00e4se<\/td>\n<\/tr>\n<tr>\n<td class=\"value\">&nbsp;<\/td>\n<td class=\"ingredient\" data-sr-id=\"13\">Kr\u00e4utersalz, Pfeffer, Thymian, Basilikum, Rosmarin<\/td>\n<\/tr>\n<\/tbody>\n<\/table>\n<p>&nbsp;<\/p>\n<div class=\"recipe-preparation\">\n<h4>&nbsp;<\/h4>\n<div class=\"recipe-preparation\">\n<h4 class=\"headline\"><strong>Zubereitung<\/strong><\/h4>\n<p>TischleinDeckDich mit ca. 270 ml kochendem Wasser\/Br\u00fche \u00fcbergie\u00dfen, umr\u00fchren und 5 Minuten quellen lassen.<\/p>\n<p>Die abgek\u00fchlte Masse mit rotem Pesto verfeinern und als eine ca. 4 \u2013 5 cm dicke Schicht in eine gefettete Auflaufform f\u00fcllen und andr\u00fccken. Blattspinat in einem Topf auf kleiner Flamme auftauen lassen und das Wasser abgie\u00dfen. Kerne in einer Pfanne kurz anr\u00f6sten und herausnehmen.<\/p>\n<p>\u00d6l in einer Pfanne erhitzen, klein geschnittene Zwiebeln mit dem zerdr\u00fcckten Knoblauch darin and\u00fcnsten und mit Tomatenst\u00fccken abl\u00f6schen. Je 2 TL Thymian und Basilikum sowie 1 TL Rosmarin zugeben. Mit Kr\u00e4utersalz und Pfeffer w\u00fcrzen. Dann Spinat, Kerne und zerkleinerte getrocknete Tomaten unterr\u00fchren und auf die TischleinDeckDich Schicht in die Auflaufform geben. Schafsk\u00e4se klein schneiden und auf dem Auflauf verteilen.<\/p>\n<p>Bei 220 \u00b0C ca. 15 Minuten im Backofen (Oberhitze) \u00fcberbacken.<\/p>\n<p>Tipp: Dazu passt ein gr\u00fcner Salat, z. B. mit Gurken, Tomaten, M\u00f6hrenstreifen, Kr\u00e4utern und einer leichten Essig-\u00d6l-Vinaigrette.<\/p>\n<\/div>\n<\/div>","protected":false},"excerpt":{"rendered":"<p>Mediterraner Spinatauflauf mit TischleinDeckDich Zutaten f\u00fcr 2 Personen 8 EL (ca. 80 g) TischleinDeckDich ca. 270 ml Wasser oder Gem\u00fcsebr\u00fche 3 TL Pesto rosso 250 g Blattspinat (tiefgek\u00fchlt) 3 EL Pinienkerne (oder eine Kernmischung) 1 \u2013 2 TL Oliven\u00f6l 2 Zwiebeln 1 \u2013 2 Knoblauchzehen 400 g Tomatenst\u00fccke aus dem Glas 6 \u2013 7 getrocknete Tomaten 100 g Schafsk\u00e4se &nbsp;&nbsp;<a href=\"https:\/\/bien-etreiris.ch\/de\/produktpraesentation\/natuerliche-heilmittel\/saeure-basen-haushalt\/tischleindeckdich\/mediterraner-spinatauflauf-mit-tischleindeckdich\/\" class=\"read-more\">Weiter lesen<\/a><\/p>\n","protected":false},"author":1,"featured_media":28002,"parent":13722,"menu_order":7313,"comment_status":"closed","ping_status":"closed","template":"page-with-child.php","meta":{"_acf_changed":false,"ngg_post_thumbnail":0,"footnotes":""},"class_list":["post-28735","page","type-page","status-publish","has-post-thumbnail","hentry"],"acf":[],"yoast_head":"<!-- This site is optimized with the Yoast SEO plugin v27.5 - https:\/\/yoast.com\/product\/yoast-seo-wordpress\/ -->\n<title>SPINATAUFLAUF - WOHLBEFINDEN<\/title>\n<meta name=\"robots\" content=\"index, follow, max-snippet:-1, max-image-preview:large, max-video-preview:-1\" \/>\n<link rel=\"canonical\" href=\"https:\/\/bien-etreiris.ch\/de\/produktpraesentation\/natuerliche-heilmittel\/saeure-basen-haushalt\/tischleindeckdich\/mediterraner-spinatauflauf-mit-tischleindeckdich\/\" \/>\n<meta property=\"og:locale\" content=\"de_DE\" \/>\n<meta property=\"og:type\" content=\"article\" \/>\n<meta property=\"og:title\" content=\"SPINATAUFLAUF - WOHLBEFINDEN\" \/>\n<meta property=\"og:description\" content=\"Mediterraner Spinatauflauf mit TischleinDeckDich Zutaten f\u00fcr 2 Personen 8 EL (ca. 80 g) TischleinDeckDich ca. 270 ml Wasser oder Gem\u00fcsebr\u00fche 3 TL Pesto rosso 250 g Blattspinat (tiefgek\u00fchlt) 3 EL Pinienkerne (oder eine Kernmischung) 1 \u2013 2 TL Oliven\u00f6l 2 Zwiebeln 1 \u2013 2 Knoblauchzehen 400 g Tomatenst\u00fccke aus dem Glas 6 \u2013 7 getrocknete Tomaten 100 g Schafsk\u00e4se &nbsp;&nbsp;Weiter lesen\" \/>\n<meta property=\"og:url\" content=\"https:\/\/bien-etreiris.ch\/de\/produktpraesentation\/natuerliche-heilmittel\/saeure-basen-haushalt\/tischleindeckdich\/mediterraner-spinatauflauf-mit-tischleindeckdich\/\" \/>\n<meta property=\"og:site_name\" content=\"WOHLBEFINDEN\" \/>\n<meta property=\"article:publisher\" content=\"https:\/\/www.facebook.com\/bienetreiris\/\" \/>\n<meta property=\"article:modified_time\" content=\"2019-09-07T20:30:38+00:00\" \/>\n<meta property=\"og:image\" content=\"https:\/\/bien-etreiris.ch\/wp-content\/uploads\/2019\/09\/Gratin-m\u00e9diterran\u00e9en-aux-\u00e9pinards-et-AlcaMenu.jpg\" \/>\n\t<meta property=\"og:image:width\" content=\"550\" \/>\n\t<meta property=\"og:image:height\" content=\"367\" \/>\n\t<meta property=\"og:image:type\" content=\"image\/jpeg\" \/>\n<meta name=\"twitter:label1\" content=\"Gesch\u00e4tzte Lesezeit\" \/>\n\t<meta name=\"twitter:data1\" content=\"1\u00a0Minute\" \/>\n<script type=\"application\/ld+json\" class=\"yoast-schema-graph\">{\"@context\":\"https:\\\/\\\/schema.org\",\"@graph\":[{\"@type\":\"WebPage\",\"@id\":\"https:\\\/\\\/bien-etreiris.ch\\\/de\\\/produktpraesentation\\\/natuerliche-heilmittel\\\/saeure-basen-haushalt\\\/tischleindeckdich\\\/mediterraner-spinatauflauf-mit-tischleindeckdich\\\/\",\"url\":\"https:\\\/\\\/bien-etreiris.ch\\\/de\\\/produktpraesentation\\\/natuerliche-heilmittel\\\/saeure-basen-haushalt\\\/tischleindeckdich\\\/mediterraner-spinatauflauf-mit-tischleindeckdich\\\/\",\"name\":\"SPINATAUFLAUF - WOHLBEFINDEN\",\"isPartOf\":{\"@id\":\"https:\\\/\\\/bien-etreiris.ch\\\/de\\\/#website\"},\"primaryImageOfPage\":{\"@id\":\"https:\\\/\\\/bien-etreiris.ch\\\/de\\\/produktpraesentation\\\/natuerliche-heilmittel\\\/saeure-basen-haushalt\\\/tischleindeckdich\\\/mediterraner-spinatauflauf-mit-tischleindeckdich\\\/#primaryimage\"},\"image\":{\"@id\":\"https:\\\/\\\/bien-etreiris.ch\\\/de\\\/produktpraesentation\\\/natuerliche-heilmittel\\\/saeure-basen-haushalt\\\/tischleindeckdich\\\/mediterraner-spinatauflauf-mit-tischleindeckdich\\\/#primaryimage\"},\"thumbnailUrl\":\"https:\\\/\\\/bien-etreiris.ch\\\/wp-content\\\/uploads\\\/2019\\\/09\\\/Gratin-m\u00e9diterran\u00e9en-aux-\u00e9pinards-et-AlcaMenu.jpg\",\"datePublished\":\"2019-09-06T15:22:15+00:00\",\"dateModified\":\"2019-09-07T20:30:38+00:00\",\"breadcrumb\":{\"@id\":\"https:\\\/\\\/bien-etreiris.ch\\\/de\\\/produktpraesentation\\\/natuerliche-heilmittel\\\/saeure-basen-haushalt\\\/tischleindeckdich\\\/mediterraner-spinatauflauf-mit-tischleindeckdich\\\/#breadcrumb\"},\"inLanguage\":\"de\",\"potentialAction\":[{\"@type\":\"ReadAction\",\"target\":[\"https:\\\/\\\/bien-etreiris.ch\\\/de\\\/produktpraesentation\\\/natuerliche-heilmittel\\\/saeure-basen-haushalt\\\/tischleindeckdich\\\/mediterraner-spinatauflauf-mit-tischleindeckdich\\\/\"]}]},{\"@type\":\"ImageObject\",\"inLanguage\":\"de\",\"@id\":\"https:\\\/\\\/bien-etreiris.ch\\\/de\\\/produktpraesentation\\\/natuerliche-heilmittel\\\/saeure-basen-haushalt\\\/tischleindeckdich\\\/mediterraner-spinatauflauf-mit-tischleindeckdich\\\/#primaryimage\",\"url\":\"https:\\\/\\\/bien-etreiris.ch\\\/wp-content\\\/uploads\\\/2019\\\/09\\\/Gratin-m\u00e9diterran\u00e9en-aux-\u00e9pinards-et-AlcaMenu.jpg\",\"contentUrl\":\"https:\\\/\\\/bien-etreiris.ch\\\/wp-content\\\/uploads\\\/2019\\\/09\\\/Gratin-m\u00e9diterran\u00e9en-aux-\u00e9pinards-et-AlcaMenu.jpg\",\"width\":550,\"height\":367},{\"@type\":\"BreadcrumbList\",\"@id\":\"https:\\\/\\\/bien-etreiris.ch\\\/de\\\/produktpraesentation\\\/natuerliche-heilmittel\\\/saeure-basen-haushalt\\\/tischleindeckdich\\\/mediterraner-spinatauflauf-mit-tischleindeckdich\\\/#breadcrumb\",\"itemListElement\":[{\"@type\":\"ListItem\",\"position\":1,\"name\":\"Home\",\"item\":\"https:\\\/\\\/bien-etreiris.ch\\\/de\\\/\"},{\"@type\":\"ListItem\",\"position\":2,\"name\":\"PRODUKTPR\u00c4SENTATION\",\"item\":\"https:\\\/\\\/bien-etreiris.ch\\\/de\\\/produktpraesentation\\\/\"},{\"@type\":\"ListItem\",\"position\":3,\"name\":\"NAT\u00dcRLICHE HEILMITTEL\",\"item\":\"https:\\\/\\\/bien-etreiris.ch\\\/de\\\/produktpraesentation\\\/natuerliche-heilmittel\\\/\"},{\"@type\":\"ListItem\",\"position\":4,\"name\":\"S\u00c4URE-BASEN-HAUSHALT\",\"item\":\"https:\\\/\\\/bien-etreiris.ch\\\/de\\\/produktpraesentation\\\/natuerliche-heilmittel\\\/saeure-basen-haushalt\\\/\"},{\"@type\":\"ListItem\",\"position\":5,\"name\":\"TISCHLEINDECKDICH\",\"item\":\"https:\\\/\\\/bien-etreiris.ch\\\/de\\\/produktpraesentation\\\/natuerliche-heilmittel\\\/saeure-basen-haushalt\\\/tischleindeckdich\\\/\"},{\"@type\":\"ListItem\",\"position\":6,\"name\":\"SPINATAUFLAUF\"}]},{\"@type\":\"WebSite\",\"@id\":\"https:\\\/\\\/bien-etreiris.ch\\\/de\\\/#website\",\"url\":\"https:\\\/\\\/bien-etreiris.ch\\\/de\\\/\",\"name\":\"Bien-\u00eatre Iris\",\"description\":\"IHRE Gesundheit ist uns wichtig\",\"potentialAction\":[{\"@type\":\"SearchAction\",\"target\":{\"@type\":\"EntryPoint\",\"urlTemplate\":\"https:\\\/\\\/bien-etreiris.ch\\\/de\\\/?s={search_term_string}\"},\"query-input\":{\"@type\":\"PropertyValueSpecification\",\"valueRequired\":true,\"valueName\":\"search_term_string\"}}],\"inLanguage\":\"de\"}]}<\/script>\n<!-- \/ Yoast SEO plugin. -->","yoast_head_json":{"title":"SPINATAUFLAUF - WOHLBEFINDEN","robots":{"index":"index","follow":"follow","max-snippet":"max-snippet:-1","max-image-preview":"max-image-preview:large","max-video-preview":"max-video-preview:-1"},"canonical":"https:\/\/bien-etreiris.ch\/de\/produktpraesentation\/natuerliche-heilmittel\/saeure-basen-haushalt\/tischleindeckdich\/mediterraner-spinatauflauf-mit-tischleindeckdich\/","og_locale":"de_DE","og_type":"article","og_title":"SPINATAUFLAUF - WOHLBEFINDEN","og_description":"Mediterraner Spinatauflauf mit TischleinDeckDich Zutaten f\u00fcr 2 Personen 8 EL (ca. 80 g) TischleinDeckDich ca. 270 ml Wasser oder Gem\u00fcsebr\u00fche 3 TL Pesto rosso 250 g Blattspinat (tiefgek\u00fchlt) 3 EL Pinienkerne (oder eine Kernmischung) 1 \u2013 2 TL Oliven\u00f6l 2 Zwiebeln 1 \u2013 2 Knoblauchzehen 400 g Tomatenst\u00fccke aus dem Glas 6 \u2013 7 getrocknete Tomaten 100 g Schafsk\u00e4se &nbsp;&nbsp;Weiter lesen","og_url":"https:\/\/bien-etreiris.ch\/de\/produktpraesentation\/natuerliche-heilmittel\/saeure-basen-haushalt\/tischleindeckdich\/mediterraner-spinatauflauf-mit-tischleindeckdich\/","og_site_name":"WOHLBEFINDEN","article_publisher":"https:\/\/www.facebook.com\/bienetreiris\/","article_modified_time":"2019-09-07T20:30:38+00:00","og_image":[{"width":550,"height":367,"url":"https:\/\/bien-etreiris.ch\/wp-content\/uploads\/2019\/09\/Gratin-m\u00e9diterran\u00e9en-aux-\u00e9pinards-et-AlcaMenu.jpg","type":"image\/jpeg"}],"twitter_misc":{"Gesch\u00e4tzte Lesezeit":"1\u00a0Minute"},"schema":{"@context":"https:\/\/schema.org","@graph":[{"@type":"WebPage","@id":"https:\/\/bien-etreiris.ch\/de\/produktpraesentation\/natuerliche-heilmittel\/saeure-basen-haushalt\/tischleindeckdich\/mediterraner-spinatauflauf-mit-tischleindeckdich\/","url":"https:\/\/bien-etreiris.ch\/de\/produktpraesentation\/natuerliche-heilmittel\/saeure-basen-haushalt\/tischleindeckdich\/mediterraner-spinatauflauf-mit-tischleindeckdich\/","name":"SPINATAUFLAUF - WOHLBEFINDEN","isPartOf":{"@id":"https:\/\/bien-etreiris.ch\/de\/#website"},"primaryImageOfPage":{"@id":"https:\/\/bien-etreiris.ch\/de\/produktpraesentation\/natuerliche-heilmittel\/saeure-basen-haushalt\/tischleindeckdich\/mediterraner-spinatauflauf-mit-tischleindeckdich\/#primaryimage"},"image":{"@id":"https:\/\/bien-etreiris.ch\/de\/produktpraesentation\/natuerliche-heilmittel\/saeure-basen-haushalt\/tischleindeckdich\/mediterraner-spinatauflauf-mit-tischleindeckdich\/#primaryimage"},"thumbnailUrl":"https:\/\/bien-etreiris.ch\/wp-content\/uploads\/2019\/09\/Gratin-m\u00e9diterran\u00e9en-aux-\u00e9pinards-et-AlcaMenu.jpg","datePublished":"2019-09-06T15:22:15+00:00","dateModified":"2019-09-07T20:30:38+00:00","breadcrumb":{"@id":"https:\/\/bien-etreiris.ch\/de\/produktpraesentation\/natuerliche-heilmittel\/saeure-basen-haushalt\/tischleindeckdich\/mediterraner-spinatauflauf-mit-tischleindeckdich\/#breadcrumb"},"inLanguage":"de","potentialAction":[{"@type":"ReadAction","target":["https:\/\/bien-etreiris.ch\/de\/produktpraesentation\/natuerliche-heilmittel\/saeure-basen-haushalt\/tischleindeckdich\/mediterraner-spinatauflauf-mit-tischleindeckdich\/"]}]},{"@type":"ImageObject","inLanguage":"de","@id":"https:\/\/bien-etreiris.ch\/de\/produktpraesentation\/natuerliche-heilmittel\/saeure-basen-haushalt\/tischleindeckdich\/mediterraner-spinatauflauf-mit-tischleindeckdich\/#primaryimage","url":"https:\/\/bien-etreiris.ch\/wp-content\/uploads\/2019\/09\/Gratin-m\u00e9diterran\u00e9en-aux-\u00e9pinards-et-AlcaMenu.jpg","contentUrl":"https:\/\/bien-etreiris.ch\/wp-content\/uploads\/2019\/09\/Gratin-m\u00e9diterran\u00e9en-aux-\u00e9pinards-et-AlcaMenu.jpg","width":550,"height":367},{"@type":"BreadcrumbList","@id":"https:\/\/bien-etreiris.ch\/de\/produktpraesentation\/natuerliche-heilmittel\/saeure-basen-haushalt\/tischleindeckdich\/mediterraner-spinatauflauf-mit-tischleindeckdich\/#breadcrumb","itemListElement":[{"@type":"ListItem","position":1,"name":"Home","item":"https:\/\/bien-etreiris.ch\/de\/"},{"@type":"ListItem","position":2,"name":"PRODUKTPR\u00c4SENTATION","item":"https:\/\/bien-etreiris.ch\/de\/produktpraesentation\/"},{"@type":"ListItem","position":3,"name":"NAT\u00dcRLICHE HEILMITTEL","item":"https:\/\/bien-etreiris.ch\/de\/produktpraesentation\/natuerliche-heilmittel\/"},{"@type":"ListItem","position":4,"name":"S\u00c4URE-BASEN-HAUSHALT","item":"https:\/\/bien-etreiris.ch\/de\/produktpraesentation\/natuerliche-heilmittel\/saeure-basen-haushalt\/"},{"@type":"ListItem","position":5,"name":"TISCHLEINDECKDICH","item":"https:\/\/bien-etreiris.ch\/de\/produktpraesentation\/natuerliche-heilmittel\/saeure-basen-haushalt\/tischleindeckdich\/"},{"@type":"ListItem","position":6,"name":"SPINATAUFLAUF"}]},{"@type":"WebSite","@id":"https:\/\/bien-etreiris.ch\/de\/#website","url":"https:\/\/bien-etreiris.ch\/de\/","name":"Bien-\u00eatre Iris","description":"IHRE Gesundheit ist uns wichtig","potentialAction":[{"@type":"SearchAction","target":{"@type":"EntryPoint","urlTemplate":"https:\/\/bien-etreiris.ch\/de\/?s={search_term_string}"},"query-input":{"@type":"PropertyValueSpecification","valueRequired":true,"valueName":"search_term_string"}}],"inLanguage":"de"}]}},"_links":{"self":[{"href":"https:\/\/bien-etreiris.ch\/de\/wp-json\/wp\/v2\/pages\/28735","targetHints":{"allow":["GET"]}}],"collection":[{"href":"https:\/\/bien-etreiris.ch\/de\/wp-json\/wp\/v2\/pages"}],"about":[{"href":"https:\/\/bien-etreiris.ch\/de\/wp-json\/wp\/v2\/types\/page"}],"author":[{"embeddable":true,"href":"https:\/\/bien-etreiris.ch\/de\/wp-json\/wp\/v2\/users\/1"}],"replies":[{"embeddable":true,"href":"https:\/\/bien-etreiris.ch\/de\/wp-json\/wp\/v2\/comments?post=28735"}],"version-history":[{"count":3,"href":"https:\/\/bien-etreiris.ch\/de\/wp-json\/wp\/v2\/pages\/28735\/revisions"}],"predecessor-version":[{"id":28741,"href":"https:\/\/bien-etreiris.ch\/de\/wp-json\/wp\/v2\/pages\/28735\/revisions\/28741"}],"up":[{"embeddable":true,"href":"https:\/\/bien-etreiris.ch\/de\/wp-json\/wp\/v2\/pages\/13722"}],"wp:featuredmedia":[{"embeddable":true,"href":"https:\/\/bien-etreiris.ch\/de\/wp-json\/wp\/v2\/media\/28002"}],"wp:attachment":[{"href":"https:\/\/bien-etreiris.ch\/de\/wp-json\/wp\/v2\/media?parent=28735"}],"curies":[{"name":"wp","href":"https:\/\/api.w.org\/{rel}","templated":true}]}}