{"id":28726,"date":"2019-09-06T15:03:36","date_gmt":"2019-09-06T15:03:36","guid":{"rendered":"https:\/\/bien-etreiris.ch\/wohlbefinden\/basische-produkte-p-jentschura\/tischleindeckdich\/croustillantes-galettes-de-pommes-de-terre-avec-alcamenu\/"},"modified":"2019-09-07T20:11:49","modified_gmt":"2019-09-07T20:11:49","slug":"herzhafte-latkes-mit-tischleindeckdich-dazu-pikantes-wurzelkraft-zhough","status":"publish","type":"page","link":"https:\/\/bien-etreiris.ch\/de\/produktpraesentation\/natuerliche-heilmittel\/saeure-basen-haushalt\/tischleindeckdich\/herzhafte-latkes-mit-tischleindeckdich-dazu-pikantes-wurzelkraft-zhough\/","title":{"rendered":"LATKES"},"content":{"rendered":"\n<h2 class=\"wp-block-heading\"> <br>Herzhafte Latkes mit TischleinDeckDich - dazu pikantes WurzelKraft Zhough <\/h2>\n\n\n<p><a href=\"https:\/\/decoiris.ch\/wp-content\/uploads\/2019\/09\/Croustillantes-galettes-de-pommes-de-terre-avec-AlcaMenu-innen.jpg\"><img loading=\"lazy\" decoding=\"async\" class=\"alignnone wp-image-28178 size-full\" src=\"https:\/\/decoiris.ch\/wp-content\/uploads\/2019\/09\/Croustillantes-galettes-de-pommes-de-terre-avec-AlcaMenu-innen.jpg\" alt=\"\" width=\"820\" height=\"585\" srcset=\"https:\/\/bien-etreiris.ch\/wp-content\/uploads\/2019\/09\/Croustillantes-galettes-de-pommes-de-terre-avec-AlcaMenu-innen.jpg 820w, https:\/\/bien-etreiris.ch\/wp-content\/uploads\/2019\/09\/Croustillantes-galettes-de-pommes-de-terre-avec-AlcaMenu-innen-300x214.jpg 300w, https:\/\/bien-etreiris.ch\/wp-content\/uploads\/2019\/09\/Croustillantes-galettes-de-pommes-de-terre-avec-AlcaMenu-innen-768x548.jpg 768w\" sizes=\"auto, (max-width: 820px) 100vw, 820px\" \/><\/a><\/p>\n<h4 class=\"headline\"><strong>Zutaten f\u00fcr ca. 10 St\u00fcck<\/strong><\/h4>\n<table class=\"tablesaw tablesaw-stack table-recipe\" data-tablesaw-mode=\"stack\">\n<tbody>\n<tr>\n<td class=\"value\">600 g<\/td>\n<td class=\"ingredient\" data-sr-id=\"1\">Kartoffeln (festkochend)<\/td>\n<\/tr>\n<tr>\n<td class=\"value\">2<\/td>\n<td class=\"ingredient\" data-sr-id=\"3\">Schalotten (alternativ 1 Gem\u00fcsezwiebel)<\/td>\n<\/tr>\n<tr>\n<td class=\"value\">2 \u2013 3 EL<\/td>\n<td class=\"ingredient\" data-sr-id=\"4\">TischleinDeckDich<\/td>\n<\/tr>\n<tr>\n<td class=\"value\">1 \u2013 2 EL<\/td>\n<td class=\"ingredient\" data-sr-id=\"5\">Paniermehl<\/td>\n<\/tr>\n<tr>\n<td class=\"value\">2 EL<\/td>\n<td class=\"ingredient\" data-sr-id=\"6\">Kartoffelmehl<\/td>\n<\/tr>\n<tr>\n<td class=\"value\">1 TL<\/td>\n<td class=\"ingredient\" data-sr-id=\"7\">Meersalz<\/td>\n<\/tr>\n<tr>\n<td class=\"value\">&nbsp;<\/td>\n<td class=\"ingredient\" data-sr-id=\"8\">Pfeffer<\/td>\n<\/tr>\n<tr>\n<td class=\"value\">&nbsp;<\/td>\n<td class=\"ingredient\" data-sr-id=\"9\">Brat\u00f6l<\/td>\n<\/tr>\n<tr class=\"recipe-table-heading\">\n<td colspan=\"2\">F\u00fcr den Dip<\/td>\n<\/tr>\n<tr>\n<td class=\"value\">200 g<\/td>\n<td class=\"ingredient\" data-sr-id=\"10\">Mandeljoghurt<\/td>\n<\/tr>\n<tr>\n<td class=\"value\">2 \u2013 3 EL<\/td>\n<td class=\"ingredient\" data-sr-id=\"11\">WurzelKraft Zhough<\/td>\n<\/tr>\n<tr>\n<td class=\"value\">1 TL<\/td>\n<td class=\"ingredient\" data-sr-id=\"12\">Agavendicksaft<\/td>\n<\/tr>\n<\/tbody>\n<\/table>\n<p>&nbsp;<\/p>\n<div class=\"recipe-preparation\">\n<h4>&nbsp;<\/h4>\n<div class=\"recipe-preparation\">\n<h4 class=\"headline\"><strong>Zubereitung<\/strong><\/h4>\n<p>Die Kartoffeln sch\u00e4len, mit einer Reibe oder einem Food Prozessor reiben und in einer gro\u00dfen Sch\u00fcssel in Eiswasser f\u00fcr ca. 10 Minuten auswaschen. W\u00e4hrenddessen die Schalotten fein hacken. Die Kartoffeln abseihen in ein Passier- oder Geschirrtuch und die Masse gut ausdr\u00fccken. Die Schalotten sowie die restlichen Zutaten zu der Masse geben und alles gut verr\u00fchren. F\u00fcr ca. 5 Minuten ziehen lassen.<\/p>\n<p>In der Zeit r\u00fchren wir den Dip an und lassen diesen f\u00fcr ca. 15 Minuten im K\u00fchlschrank ziehen.<\/p>\n<p>In eine Keramik beschichtete oder eiserne Pfanne hoch erhitzbares \u00d6l geben bis es knapp 1 cm hoch den Boden bedeckt und auf hoher Stufe erw\u00e4rmen. Die Latkes mit den H\u00e4nden zu kleinen K\u00fcchlein formen und ein wenig ausdr\u00fccken, falls \u00fcbersch\u00fcssiges Wasser vorhanden ist.<\/p>\n<p>Sie sollten ca. 2 EL Masse daf\u00fcr nehmen, damit die Latkes nicht zu gro\u00df werden. Die Latkes in das \u00d6l geben und goldbraun ausbacken. Wenden Sie die Latkes so wenig wie m\u00f6glich.<\/p>\n<p>Auf einem Gitter die Latkes austropfen und leicht abk\u00fchlen lassen. Die Latkes mit dem Dip servieren und genie\u00dfen.<\/p>\n<\/div>\n<\/div>","protected":false},"excerpt":{"rendered":"<p>Herzhafte Latkes mit TischleinDeckDich - dazu pikantes WurzelKraft Zhough Zutaten f\u00fcr ca. 10 St\u00fcck 600 g Kartoffeln (festkochend) 2 Schalotten (alternativ 1 Gem\u00fcsezwiebel) 2 \u2013 3 EL TischleinDeckDich 1 \u2013 2 EL Paniermehl 2 EL Kartoffelmehl 1 TL Meersalz &nbsp; Pfeffer &nbsp; Brat\u00f6l F\u00fcr den Dip 200 g Mandeljoghurt 2 \u2013 3 EL WurzelKraft Zhough 1 TL Agavendicksaft &nbsp; &nbsp;&nbsp;<a href=\"https:\/\/bien-etreiris.ch\/de\/produktpraesentation\/natuerliche-heilmittel\/saeure-basen-haushalt\/tischleindeckdich\/herzhafte-latkes-mit-tischleindeckdich-dazu-pikantes-wurzelkraft-zhough\/\" class=\"read-more\">Weiter lesen<\/a><\/p>\n","protected":false},"author":1,"featured_media":27999,"parent":13722,"menu_order":7315,"comment_status":"closed","ping_status":"closed","template":"page-with-child.php","meta":{"_acf_changed":false,"ngg_post_thumbnail":0,"footnotes":""},"class_list":["post-28726","page","type-page","status-publish","has-post-thumbnail","hentry"],"acf":[],"yoast_head":"<!-- This site is optimized with the Yoast SEO plugin v27.5 - https:\/\/yoast.com\/product\/yoast-seo-wordpress\/ -->\n<title>LATKES - WOHLBEFINDEN<\/title>\n<meta name=\"robots\" content=\"index, follow, max-snippet:-1, max-image-preview:large, max-video-preview:-1\" \/>\n<link rel=\"canonical\" href=\"https:\/\/bien-etreiris.ch\/de\/produktpraesentation\/natuerliche-heilmittel\/saeure-basen-haushalt\/tischleindeckdich\/herzhafte-latkes-mit-tischleindeckdich-dazu-pikantes-wurzelkraft-zhough\/\" \/>\n<meta property=\"og:locale\" content=\"de_DE\" \/>\n<meta property=\"og:type\" content=\"article\" \/>\n<meta property=\"og:title\" content=\"LATKES - WOHLBEFINDEN\" \/>\n<meta property=\"og:description\" content=\"Herzhafte Latkes mit TischleinDeckDich - dazu pikantes WurzelKraft Zhough Zutaten f\u00fcr ca. 10 St\u00fcck 600 g Kartoffeln (festkochend) 2 Schalotten (alternativ 1 Gem\u00fcsezwiebel) 2 \u2013 3 EL TischleinDeckDich 1 \u2013 2 EL Paniermehl 2 EL Kartoffelmehl 1 TL Meersalz &nbsp; Pfeffer &nbsp; Brat\u00f6l F\u00fcr den Dip 200 g Mandeljoghurt 2 \u2013 3 EL WurzelKraft Zhough 1 TL Agavendicksaft &nbsp; &nbsp;&nbsp;Weiter lesen\" \/>\n<meta property=\"og:url\" content=\"https:\/\/bien-etreiris.ch\/de\/produktpraesentation\/natuerliche-heilmittel\/saeure-basen-haushalt\/tischleindeckdich\/herzhafte-latkes-mit-tischleindeckdich-dazu-pikantes-wurzelkraft-zhough\/\" \/>\n<meta property=\"og:site_name\" content=\"WOHLBEFINDEN\" \/>\n<meta property=\"article:publisher\" content=\"https:\/\/www.facebook.com\/bienetreiris\/\" \/>\n<meta property=\"article:modified_time\" content=\"2019-09-07T20:11:49+00:00\" \/>\n<meta property=\"og:image\" content=\"https:\/\/bien-etreiris.ch\/wp-content\/uploads\/2019\/09\/Croustillantes-galettes-de-pommes-de-terre-avec-AlcaMenu-1.jpg\" \/>\n\t<meta property=\"og:image:width\" content=\"550\" \/>\n\t<meta property=\"og:image:height\" content=\"367\" \/>\n\t<meta property=\"og:image:type\" content=\"image\/jpeg\" \/>\n<meta name=\"twitter:label1\" content=\"Gesch\u00e4tzte Lesezeit\" \/>\n\t<meta name=\"twitter:data1\" content=\"1\u00a0Minute\" \/>\n<script type=\"application\/ld+json\" class=\"yoast-schema-graph\">{\"@context\":\"https:\\\/\\\/schema.org\",\"@graph\":[{\"@type\":\"WebPage\",\"@id\":\"https:\\\/\\\/bien-etreiris.ch\\\/de\\\/produktpraesentation\\\/natuerliche-heilmittel\\\/saeure-basen-haushalt\\\/tischleindeckdich\\\/herzhafte-latkes-mit-tischleindeckdich-dazu-pikantes-wurzelkraft-zhough\\\/\",\"url\":\"https:\\\/\\\/bien-etreiris.ch\\\/de\\\/produktpraesentation\\\/natuerliche-heilmittel\\\/saeure-basen-haushalt\\\/tischleindeckdich\\\/herzhafte-latkes-mit-tischleindeckdich-dazu-pikantes-wurzelkraft-zhough\\\/\",\"name\":\"LATKES - WOHLBEFINDEN\",\"isPartOf\":{\"@id\":\"https:\\\/\\\/bien-etreiris.ch\\\/de\\\/#website\"},\"primaryImageOfPage\":{\"@id\":\"https:\\\/\\\/bien-etreiris.ch\\\/de\\\/produktpraesentation\\\/natuerliche-heilmittel\\\/saeure-basen-haushalt\\\/tischleindeckdich\\\/herzhafte-latkes-mit-tischleindeckdich-dazu-pikantes-wurzelkraft-zhough\\\/#primaryimage\"},\"image\":{\"@id\":\"https:\\\/\\\/bien-etreiris.ch\\\/de\\\/produktpraesentation\\\/natuerliche-heilmittel\\\/saeure-basen-haushalt\\\/tischleindeckdich\\\/herzhafte-latkes-mit-tischleindeckdich-dazu-pikantes-wurzelkraft-zhough\\\/#primaryimage\"},\"thumbnailUrl\":\"https:\\\/\\\/bien-etreiris.ch\\\/wp-content\\\/uploads\\\/2019\\\/09\\\/Croustillantes-galettes-de-pommes-de-terre-avec-AlcaMenu-1.jpg\",\"datePublished\":\"2019-09-06T15:03:36+00:00\",\"dateModified\":\"2019-09-07T20:11:49+00:00\",\"breadcrumb\":{\"@id\":\"https:\\\/\\\/bien-etreiris.ch\\\/de\\\/produktpraesentation\\\/natuerliche-heilmittel\\\/saeure-basen-haushalt\\\/tischleindeckdich\\\/herzhafte-latkes-mit-tischleindeckdich-dazu-pikantes-wurzelkraft-zhough\\\/#breadcrumb\"},\"inLanguage\":\"de\",\"potentialAction\":[{\"@type\":\"ReadAction\",\"target\":[\"https:\\\/\\\/bien-etreiris.ch\\\/de\\\/produktpraesentation\\\/natuerliche-heilmittel\\\/saeure-basen-haushalt\\\/tischleindeckdich\\\/herzhafte-latkes-mit-tischleindeckdich-dazu-pikantes-wurzelkraft-zhough\\\/\"]}]},{\"@type\":\"ImageObject\",\"inLanguage\":\"de\",\"@id\":\"https:\\\/\\\/bien-etreiris.ch\\\/de\\\/produktpraesentation\\\/natuerliche-heilmittel\\\/saeure-basen-haushalt\\\/tischleindeckdich\\\/herzhafte-latkes-mit-tischleindeckdich-dazu-pikantes-wurzelkraft-zhough\\\/#primaryimage\",\"url\":\"https:\\\/\\\/bien-etreiris.ch\\\/wp-content\\\/uploads\\\/2019\\\/09\\\/Croustillantes-galettes-de-pommes-de-terre-avec-AlcaMenu-1.jpg\",\"contentUrl\":\"https:\\\/\\\/bien-etreiris.ch\\\/wp-content\\\/uploads\\\/2019\\\/09\\\/Croustillantes-galettes-de-pommes-de-terre-avec-AlcaMenu-1.jpg\",\"width\":550,\"height\":367},{\"@type\":\"BreadcrumbList\",\"@id\":\"https:\\\/\\\/bien-etreiris.ch\\\/de\\\/produktpraesentation\\\/natuerliche-heilmittel\\\/saeure-basen-haushalt\\\/tischleindeckdich\\\/herzhafte-latkes-mit-tischleindeckdich-dazu-pikantes-wurzelkraft-zhough\\\/#breadcrumb\",\"itemListElement\":[{\"@type\":\"ListItem\",\"position\":1,\"name\":\"Home\",\"item\":\"https:\\\/\\\/bien-etreiris.ch\\\/de\\\/\"},{\"@type\":\"ListItem\",\"position\":2,\"name\":\"PRODUKTPR\u00c4SENTATION\",\"item\":\"https:\\\/\\\/bien-etreiris.ch\\\/de\\\/produktpraesentation\\\/\"},{\"@type\":\"ListItem\",\"position\":3,\"name\":\"NAT\u00dcRLICHE HEILMITTEL\",\"item\":\"https:\\\/\\\/bien-etreiris.ch\\\/de\\\/produktpraesentation\\\/natuerliche-heilmittel\\\/\"},{\"@type\":\"ListItem\",\"position\":4,\"name\":\"S\u00c4URE-BASEN-HAUSHALT\",\"item\":\"https:\\\/\\\/bien-etreiris.ch\\\/de\\\/produktpraesentation\\\/natuerliche-heilmittel\\\/saeure-basen-haushalt\\\/\"},{\"@type\":\"ListItem\",\"position\":5,\"name\":\"TISCHLEINDECKDICH\",\"item\":\"https:\\\/\\\/bien-etreiris.ch\\\/de\\\/produktpraesentation\\\/natuerliche-heilmittel\\\/saeure-basen-haushalt\\\/tischleindeckdich\\\/\"},{\"@type\":\"ListItem\",\"position\":6,\"name\":\"LATKES\"}]},{\"@type\":\"WebSite\",\"@id\":\"https:\\\/\\\/bien-etreiris.ch\\\/de\\\/#website\",\"url\":\"https:\\\/\\\/bien-etreiris.ch\\\/de\\\/\",\"name\":\"Bien-\u00eatre Iris\",\"description\":\"IHRE Gesundheit ist uns wichtig\",\"potentialAction\":[{\"@type\":\"SearchAction\",\"target\":{\"@type\":\"EntryPoint\",\"urlTemplate\":\"https:\\\/\\\/bien-etreiris.ch\\\/de\\\/?s={search_term_string}\"},\"query-input\":{\"@type\":\"PropertyValueSpecification\",\"valueRequired\":true,\"valueName\":\"search_term_string\"}}],\"inLanguage\":\"de\"}]}<\/script>\n<!-- \/ Yoast SEO plugin. -->","yoast_head_json":{"title":"LATKES - WOHLBEFINDEN","robots":{"index":"index","follow":"follow","max-snippet":"max-snippet:-1","max-image-preview":"max-image-preview:large","max-video-preview":"max-video-preview:-1"},"canonical":"https:\/\/bien-etreiris.ch\/de\/produktpraesentation\/natuerliche-heilmittel\/saeure-basen-haushalt\/tischleindeckdich\/herzhafte-latkes-mit-tischleindeckdich-dazu-pikantes-wurzelkraft-zhough\/","og_locale":"de_DE","og_type":"article","og_title":"LATKES - WOHLBEFINDEN","og_description":"Herzhafte Latkes mit TischleinDeckDich - dazu pikantes WurzelKraft Zhough Zutaten f\u00fcr ca. 10 St\u00fcck 600 g Kartoffeln (festkochend) 2 Schalotten (alternativ 1 Gem\u00fcsezwiebel) 2 \u2013 3 EL TischleinDeckDich 1 \u2013 2 EL Paniermehl 2 EL Kartoffelmehl 1 TL Meersalz &nbsp; Pfeffer &nbsp; Brat\u00f6l F\u00fcr den Dip 200 g Mandeljoghurt 2 \u2013 3 EL WurzelKraft Zhough 1 TL Agavendicksaft &nbsp; &nbsp;&nbsp;Weiter lesen","og_url":"https:\/\/bien-etreiris.ch\/de\/produktpraesentation\/natuerliche-heilmittel\/saeure-basen-haushalt\/tischleindeckdich\/herzhafte-latkes-mit-tischleindeckdich-dazu-pikantes-wurzelkraft-zhough\/","og_site_name":"WOHLBEFINDEN","article_publisher":"https:\/\/www.facebook.com\/bienetreiris\/","article_modified_time":"2019-09-07T20:11:49+00:00","og_image":[{"width":550,"height":367,"url":"https:\/\/bien-etreiris.ch\/wp-content\/uploads\/2019\/09\/Croustillantes-galettes-de-pommes-de-terre-avec-AlcaMenu-1.jpg","type":"image\/jpeg"}],"twitter_misc":{"Gesch\u00e4tzte Lesezeit":"1\u00a0Minute"},"schema":{"@context":"https:\/\/schema.org","@graph":[{"@type":"WebPage","@id":"https:\/\/bien-etreiris.ch\/de\/produktpraesentation\/natuerliche-heilmittel\/saeure-basen-haushalt\/tischleindeckdich\/herzhafte-latkes-mit-tischleindeckdich-dazu-pikantes-wurzelkraft-zhough\/","url":"https:\/\/bien-etreiris.ch\/de\/produktpraesentation\/natuerliche-heilmittel\/saeure-basen-haushalt\/tischleindeckdich\/herzhafte-latkes-mit-tischleindeckdich-dazu-pikantes-wurzelkraft-zhough\/","name":"LATKES - WOHLBEFINDEN","isPartOf":{"@id":"https:\/\/bien-etreiris.ch\/de\/#website"},"primaryImageOfPage":{"@id":"https:\/\/bien-etreiris.ch\/de\/produktpraesentation\/natuerliche-heilmittel\/saeure-basen-haushalt\/tischleindeckdich\/herzhafte-latkes-mit-tischleindeckdich-dazu-pikantes-wurzelkraft-zhough\/#primaryimage"},"image":{"@id":"https:\/\/bien-etreiris.ch\/de\/produktpraesentation\/natuerliche-heilmittel\/saeure-basen-haushalt\/tischleindeckdich\/herzhafte-latkes-mit-tischleindeckdich-dazu-pikantes-wurzelkraft-zhough\/#primaryimage"},"thumbnailUrl":"https:\/\/bien-etreiris.ch\/wp-content\/uploads\/2019\/09\/Croustillantes-galettes-de-pommes-de-terre-avec-AlcaMenu-1.jpg","datePublished":"2019-09-06T15:03:36+00:00","dateModified":"2019-09-07T20:11:49+00:00","breadcrumb":{"@id":"https:\/\/bien-etreiris.ch\/de\/produktpraesentation\/natuerliche-heilmittel\/saeure-basen-haushalt\/tischleindeckdich\/herzhafte-latkes-mit-tischleindeckdich-dazu-pikantes-wurzelkraft-zhough\/#breadcrumb"},"inLanguage":"de","potentialAction":[{"@type":"ReadAction","target":["https:\/\/bien-etreiris.ch\/de\/produktpraesentation\/natuerliche-heilmittel\/saeure-basen-haushalt\/tischleindeckdich\/herzhafte-latkes-mit-tischleindeckdich-dazu-pikantes-wurzelkraft-zhough\/"]}]},{"@type":"ImageObject","inLanguage":"de","@id":"https:\/\/bien-etreiris.ch\/de\/produktpraesentation\/natuerliche-heilmittel\/saeure-basen-haushalt\/tischleindeckdich\/herzhafte-latkes-mit-tischleindeckdich-dazu-pikantes-wurzelkraft-zhough\/#primaryimage","url":"https:\/\/bien-etreiris.ch\/wp-content\/uploads\/2019\/09\/Croustillantes-galettes-de-pommes-de-terre-avec-AlcaMenu-1.jpg","contentUrl":"https:\/\/bien-etreiris.ch\/wp-content\/uploads\/2019\/09\/Croustillantes-galettes-de-pommes-de-terre-avec-AlcaMenu-1.jpg","width":550,"height":367},{"@type":"BreadcrumbList","@id":"https:\/\/bien-etreiris.ch\/de\/produktpraesentation\/natuerliche-heilmittel\/saeure-basen-haushalt\/tischleindeckdich\/herzhafte-latkes-mit-tischleindeckdich-dazu-pikantes-wurzelkraft-zhough\/#breadcrumb","itemListElement":[{"@type":"ListItem","position":1,"name":"Home","item":"https:\/\/bien-etreiris.ch\/de\/"},{"@type":"ListItem","position":2,"name":"PRODUKTPR\u00c4SENTATION","item":"https:\/\/bien-etreiris.ch\/de\/produktpraesentation\/"},{"@type":"ListItem","position":3,"name":"NAT\u00dcRLICHE HEILMITTEL","item":"https:\/\/bien-etreiris.ch\/de\/produktpraesentation\/natuerliche-heilmittel\/"},{"@type":"ListItem","position":4,"name":"S\u00c4URE-BASEN-HAUSHALT","item":"https:\/\/bien-etreiris.ch\/de\/produktpraesentation\/natuerliche-heilmittel\/saeure-basen-haushalt\/"},{"@type":"ListItem","position":5,"name":"TISCHLEINDECKDICH","item":"https:\/\/bien-etreiris.ch\/de\/produktpraesentation\/natuerliche-heilmittel\/saeure-basen-haushalt\/tischleindeckdich\/"},{"@type":"ListItem","position":6,"name":"LATKES"}]},{"@type":"WebSite","@id":"https:\/\/bien-etreiris.ch\/de\/#website","url":"https:\/\/bien-etreiris.ch\/de\/","name":"Bien-\u00eatre Iris","description":"IHRE Gesundheit ist uns wichtig","potentialAction":[{"@type":"SearchAction","target":{"@type":"EntryPoint","urlTemplate":"https:\/\/bien-etreiris.ch\/de\/?s={search_term_string}"},"query-input":{"@type":"PropertyValueSpecification","valueRequired":true,"valueName":"search_term_string"}}],"inLanguage":"de"}]}},"_links":{"self":[{"href":"https:\/\/bien-etreiris.ch\/de\/wp-json\/wp\/v2\/pages\/28726","targetHints":{"allow":["GET"]}}],"collection":[{"href":"https:\/\/bien-etreiris.ch\/de\/wp-json\/wp\/v2\/pages"}],"about":[{"href":"https:\/\/bien-etreiris.ch\/de\/wp-json\/wp\/v2\/types\/page"}],"author":[{"embeddable":true,"href":"https:\/\/bien-etreiris.ch\/de\/wp-json\/wp\/v2\/users\/1"}],"replies":[{"embeddable":true,"href":"https:\/\/bien-etreiris.ch\/de\/wp-json\/wp\/v2\/comments?post=28726"}],"version-history":[{"count":2,"href":"https:\/\/bien-etreiris.ch\/de\/wp-json\/wp\/v2\/pages\/28726\/revisions"}],"predecessor-version":[{"id":28731,"href":"https:\/\/bien-etreiris.ch\/de\/wp-json\/wp\/v2\/pages\/28726\/revisions\/28731"}],"up":[{"embeddable":true,"href":"https:\/\/bien-etreiris.ch\/de\/wp-json\/wp\/v2\/pages\/13722"}],"wp:featuredmedia":[{"embeddable":true,"href":"https:\/\/bien-etreiris.ch\/de\/wp-json\/wp\/v2\/media\/27999"}],"wp:attachment":[{"href":"https:\/\/bien-etreiris.ch\/de\/wp-json\/wp\/v2\/media?parent=28726"}],"curies":[{"name":"wp","href":"https:\/\/api.w.org\/{rel}","templated":true}]}}