{"id":28718,"date":"2019-09-06T14:57:41","date_gmt":"2019-09-06T14:57:41","guid":{"rendered":"https:\/\/bien-etreiris.ch\/wohlbefinden\/basische-produkte-p-jentschura\/tischleindeckdich\/courgettes-farcies\/"},"modified":"2019-09-07T19:53:53","modified_gmt":"2019-09-07T19:53:53","slug":"gefullte-zucchinihalften","status":"publish","type":"page","link":"https:\/\/bien-etreiris.ch\/de\/produktpraesentation\/natuerliche-heilmittel\/saeure-basen-haushalt\/tischleindeckdich\/gefullte-zucchinihalften\/","title":{"rendered":"GEF\u00dcLLTE ZUCCHINIH\u00c4LFTEN"},"content":{"rendered":"\n<h2 class=\"wp-block-heading\"> <br>Gef\u00fcllte Zucchinih\u00e4lften <\/h2>\n\n\n<p><a href=\"https:\/\/decoiris.ch\/wp-content\/uploads\/2019\/09\/Courgettes-farcies-innen.jpg\"><img loading=\"lazy\" decoding=\"async\" class=\"alignnone wp-image-28173 size-full\" src=\"https:\/\/decoiris.ch\/wp-content\/uploads\/2019\/09\/Courgettes-farcies-innen.jpg\" alt=\"\" width=\"820\" height=\"687\" srcset=\"https:\/\/bien-etreiris.ch\/wp-content\/uploads\/2019\/09\/Courgettes-farcies-innen.jpg 820w, https:\/\/bien-etreiris.ch\/wp-content\/uploads\/2019\/09\/Courgettes-farcies-innen-300x251.jpg 300w, https:\/\/bien-etreiris.ch\/wp-content\/uploads\/2019\/09\/Courgettes-farcies-innen-768x643.jpg 768w\" sizes=\"auto, (max-width: 820px) 100vw, 820px\" \/><\/a><\/p>\n<h4 class=\"headline\"><strong>Zutaten f\u00fcr 2 Personen<\/strong><\/h4>\n<table class=\"tablesaw tablesaw-stack table-recipe\" style=\"height: 384px;\" data-tablesaw-mode=\"stack\">\n<tbody>\n<tr style=\"height: 32px;\">\n<td class=\"value\" style=\"height: 32px; width: 159.117px;\">10 EL (ca. 100 g)<\/td>\n<td class=\"ingredient\" style=\"height: 32px; width: 401.417px;\" data-sr-id=\"1\">TischleinDeckDich<\/td>\n<\/tr>\n<tr style=\"height: 32px;\">\n<td class=\"value\" style=\"height: 32px; width: 159.117px;\">400 ml<\/td>\n<td class=\"ingredient\" style=\"height: 32px; width: 401.417px;\" data-sr-id=\"3\">Gem\u00fcsebr\u00fche<\/td>\n<\/tr>\n<tr style=\"height: 32px;\">\n<td class=\"value\" style=\"height: 32px; width: 159.117px;\">2 gro\u00dfe<\/td>\n<td class=\"ingredient\" style=\"height: 32px; width: 401.417px;\" data-sr-id=\"4\">Zucchini<\/td>\n<\/tr>\n<tr style=\"height: 32px;\">\n<td class=\"value\" style=\"height: 32px; width: 159.117px;\">1<\/td>\n<td class=\"ingredient\" style=\"height: 32px; width: 401.417px;\" data-sr-id=\"5\">Zwiebel<\/td>\n<\/tr>\n<tr style=\"height: 32px;\">\n<td class=\"value\" style=\"height: 32px; width: 159.117px;\">1<\/td>\n<td class=\"ingredient\" style=\"height: 32px; width: 401.417px;\" data-sr-id=\"6\">Knoblauchzehe<\/td>\n<\/tr>\n<tr style=\"height: 32px;\">\n<td class=\"value\" style=\"height: 32px; width: 159.117px;\">1 TL<\/td>\n<td class=\"ingredient\" style=\"height: 32px; width: 401.417px;\" data-sr-id=\"7\">Pflanzenfett, z. B. Kokosfett<\/td>\n<\/tr>\n<tr style=\"height: 32px;\">\n<td class=\"value\" style=\"height: 32px; width: 159.117px;\">1<\/td>\n<td class=\"ingredient\" style=\"height: 32px; width: 401.417px;\" data-sr-id=\"8\">Paprika<\/td>\n<\/tr>\n<tr style=\"height: 32px;\">\n<td class=\"value\" style=\"height: 32px; width: 159.117px;\">200 g<\/td>\n<td class=\"ingredient\" style=\"height: 32px; width: 401.417px;\" data-sr-id=\"9\">Champignons<\/td>\n<\/tr>\n<tr style=\"height: 32px;\">\n<td class=\"value\" style=\"height: 32px; width: 159.117px;\">2<\/td>\n<td class=\"ingredient\" style=\"height: 32px; width: 401.417px;\" data-sr-id=\"10\">M\u00f6hren, geraspelt<\/td>\n<\/tr>\n<tr style=\"height: 32px;\">\n<td class=\"value\" style=\"height: 32px; width: 159.117px;\">2 TL<\/td>\n<td class=\"ingredient\" style=\"height: 32px; width: 401.417px;\" data-sr-id=\"11\">Frischk\u00e4se<\/td>\n<\/tr>\n<tr style=\"height: 32px;\">\n<td class=\"value\" style=\"height: 32px; width: 159.117px;\">&nbsp;<\/td>\n<td class=\"ingredient\" style=\"height: 32px; width: 401.417px;\" data-sr-id=\"12\">Kr\u00e4utersalz, Pfeffer<\/td>\n<\/tr>\n<tr style=\"height: 32px;\">\n<td class=\"value\" style=\"height: 32px; width: 159.117px;\">&nbsp;<\/td>\n<td class=\"ingredient\" style=\"height: 32px; width: 401.417px;\" data-sr-id=\"13\">frisch geriebener Parmesan, nach Bedarf<\/td>\n<\/tr>\n<\/tbody>\n<\/table>\n<p>&nbsp;<\/p>\n<div class=\"recipe-preparation\">\n<div class=\"recipe-preparation\">\n<h4 class=\"headline\">Zubereitung<\/h4>\n<p>TischleinDeckDich mit ca. 340 ml kochender Gem\u00fcsebr\u00fche \u00fcbergie\u00dfen, umr\u00fchren und abgedeckt quellen lassen.<\/p>\n<p>Die Zucchini waschen, l\u00e4ngs halbieren und mit einem L\u00f6ffel aush\u00f6hlen. Fruchtfleisch klein schneiden. Zwiebel sch\u00e4len, klein schneiden und zusammen mit zerdr\u00fccktem Knoblauch in etwas Fett in einer Pfanne and\u00fcnsten. Paprika und Champignons waschen, klein schneiden und zusammen mit den geraspelten M\u00f6hren und dem Zucchinifruchtfleisch in der Pfanne mitd\u00fcnsten. Die Gem\u00fcsemischung mit dem TischleinDeckDich vermischen. Frischk\u00e4se hinzugeben. Mit Kr\u00e4utersalz und Pfeffer abschmecken.<\/p>\n<p>Die Zucchinih\u00e4lften in eine Auflaufform setzen und diese mit der Mischung f\u00fcllen. Mit Parmesan bestreuen. Den Rest der F\u00fcllung in der Form verteilen und mit der restlichen Gem\u00fcsebr\u00fche umgie\u00dfen. Im Backofen bei 180 \u00b0C etwa 30 Minuten \u00fcberbacken.<\/p>\n<p>Weitere Varianten f\u00fcr F\u00fcllungen:<\/p>\n<p>1. Mit Zwiebeln, schwarzen Oliven, Tomatenw\u00fcrfeln, vegetarischem Aufstrich, (z. B. Tomate oder Pesto), etwas Sahne, Kr\u00e4utern und Parmesan<\/p>\n<p>2. Mit Fr\u00fchlingszwiebeln, Knoblauch, Walnusskernen, saurer Sahne, Basilikum und Schafsk\u00e4se<\/p>\n<\/div>\n<\/div>","protected":false},"excerpt":{"rendered":"<p>Gef\u00fcllte Zucchinih\u00e4lften Zutaten f\u00fcr 2 Personen 10 EL (ca. 100 g) TischleinDeckDich 400 ml Gem\u00fcsebr\u00fche 2 gro\u00dfe Zucchini 1 Zwiebel 1 Knoblauchzehe 1 TL Pflanzenfett, z. B. Kokosfett 1 Paprika 200 g Champignons 2 M\u00f6hren, geraspelt 2 TL Frischk\u00e4se &nbsp; Kr\u00e4utersalz, Pfeffer &nbsp; frisch geriebener Parmesan, nach Bedarf &nbsp; Zubereitung TischleinDeckDich mit ca. 340 ml kochender Gem\u00fcsebr\u00fche \u00fcbergie\u00dfen, umr\u00fchren und&nbsp;<a href=\"https:\/\/bien-etreiris.ch\/de\/produktpraesentation\/natuerliche-heilmittel\/saeure-basen-haushalt\/tischleindeckdich\/gefullte-zucchinihalften\/\" class=\"read-more\">Weiter lesen<\/a><\/p>\n","protected":false},"author":1,"featured_media":27996,"parent":13722,"menu_order":7318,"comment_status":"closed","ping_status":"closed","template":"page-with-child.php","meta":{"_acf_changed":false,"ngg_post_thumbnail":0,"footnotes":""},"class_list":["post-28718","page","type-page","status-publish","has-post-thumbnail","hentry"],"acf":[],"yoast_head":"<!-- This site is optimized with the Yoast SEO plugin v27.5 - https:\/\/yoast.com\/product\/yoast-seo-wordpress\/ -->\n<title>GEF\u00dcLLTE ZUCCHINIH\u00c4LFTEN - WOHLBEFINDEN<\/title>\n<meta name=\"robots\" content=\"index, follow, max-snippet:-1, max-image-preview:large, max-video-preview:-1\" \/>\n<link rel=\"canonical\" href=\"https:\/\/bien-etreiris.ch\/de\/produktpraesentation\/natuerliche-heilmittel\/saeure-basen-haushalt\/tischleindeckdich\/gefullte-zucchinihalften\/\" \/>\n<meta property=\"og:locale\" content=\"de_DE\" \/>\n<meta property=\"og:type\" content=\"article\" \/>\n<meta property=\"og:title\" content=\"GEF\u00dcLLTE ZUCCHINIH\u00c4LFTEN - WOHLBEFINDEN\" \/>\n<meta property=\"og:description\" content=\"Gef\u00fcllte Zucchinih\u00e4lften Zutaten f\u00fcr 2 Personen 10 EL (ca. 100 g) TischleinDeckDich 400 ml Gem\u00fcsebr\u00fche 2 gro\u00dfe Zucchini 1 Zwiebel 1 Knoblauchzehe 1 TL Pflanzenfett, z. B. Kokosfett 1 Paprika 200 g Champignons 2 M\u00f6hren, geraspelt 2 TL Frischk\u00e4se &nbsp; Kr\u00e4utersalz, Pfeffer &nbsp; frisch geriebener Parmesan, nach Bedarf &nbsp; Zubereitung TischleinDeckDich mit ca. 340 ml kochender Gem\u00fcsebr\u00fche \u00fcbergie\u00dfen, umr\u00fchren und&nbsp;Weiter lesen\" \/>\n<meta property=\"og:url\" content=\"https:\/\/bien-etreiris.ch\/de\/produktpraesentation\/natuerliche-heilmittel\/saeure-basen-haushalt\/tischleindeckdich\/gefullte-zucchinihalften\/\" \/>\n<meta property=\"og:site_name\" content=\"WOHLBEFINDEN\" \/>\n<meta property=\"article:publisher\" content=\"https:\/\/www.facebook.com\/bienetreiris\/\" \/>\n<meta property=\"article:modified_time\" content=\"2019-09-07T19:53:53+00:00\" \/>\n<meta property=\"og:image\" content=\"https:\/\/bien-etreiris.ch\/wp-content\/uploads\/2019\/09\/Courgettes-farcies.jpg\" \/>\n\t<meta property=\"og:image:width\" content=\"550\" \/>\n\t<meta property=\"og:image:height\" content=\"367\" \/>\n\t<meta property=\"og:image:type\" content=\"image\/jpeg\" \/>\n<meta name=\"twitter:label1\" content=\"Gesch\u00e4tzte Lesezeit\" \/>\n\t<meta name=\"twitter:data1\" content=\"1\u00a0Minute\" \/>\n<script type=\"application\/ld+json\" class=\"yoast-schema-graph\">{\"@context\":\"https:\\\/\\\/schema.org\",\"@graph\":[{\"@type\":\"WebPage\",\"@id\":\"https:\\\/\\\/bien-etreiris.ch\\\/de\\\/produktpraesentation\\\/natuerliche-heilmittel\\\/saeure-basen-haushalt\\\/tischleindeckdich\\\/gefullte-zucchinihalften\\\/\",\"url\":\"https:\\\/\\\/bien-etreiris.ch\\\/de\\\/produktpraesentation\\\/natuerliche-heilmittel\\\/saeure-basen-haushalt\\\/tischleindeckdich\\\/gefullte-zucchinihalften\\\/\",\"name\":\"GEF\u00dcLLTE ZUCCHINIH\u00c4LFTEN - WOHLBEFINDEN\",\"isPartOf\":{\"@id\":\"https:\\\/\\\/bien-etreiris.ch\\\/de\\\/#website\"},\"primaryImageOfPage\":{\"@id\":\"https:\\\/\\\/bien-etreiris.ch\\\/de\\\/produktpraesentation\\\/natuerliche-heilmittel\\\/saeure-basen-haushalt\\\/tischleindeckdich\\\/gefullte-zucchinihalften\\\/#primaryimage\"},\"image\":{\"@id\":\"https:\\\/\\\/bien-etreiris.ch\\\/de\\\/produktpraesentation\\\/natuerliche-heilmittel\\\/saeure-basen-haushalt\\\/tischleindeckdich\\\/gefullte-zucchinihalften\\\/#primaryimage\"},\"thumbnailUrl\":\"https:\\\/\\\/bien-etreiris.ch\\\/wp-content\\\/uploads\\\/2019\\\/09\\\/Courgettes-farcies.jpg\",\"datePublished\":\"2019-09-06T14:57:41+00:00\",\"dateModified\":\"2019-09-07T19:53:53+00:00\",\"breadcrumb\":{\"@id\":\"https:\\\/\\\/bien-etreiris.ch\\\/de\\\/produktpraesentation\\\/natuerliche-heilmittel\\\/saeure-basen-haushalt\\\/tischleindeckdich\\\/gefullte-zucchinihalften\\\/#breadcrumb\"},\"inLanguage\":\"de\",\"potentialAction\":[{\"@type\":\"ReadAction\",\"target\":[\"https:\\\/\\\/bien-etreiris.ch\\\/de\\\/produktpraesentation\\\/natuerliche-heilmittel\\\/saeure-basen-haushalt\\\/tischleindeckdich\\\/gefullte-zucchinihalften\\\/\"]}]},{\"@type\":\"ImageObject\",\"inLanguage\":\"de\",\"@id\":\"https:\\\/\\\/bien-etreiris.ch\\\/de\\\/produktpraesentation\\\/natuerliche-heilmittel\\\/saeure-basen-haushalt\\\/tischleindeckdich\\\/gefullte-zucchinihalften\\\/#primaryimage\",\"url\":\"https:\\\/\\\/bien-etreiris.ch\\\/wp-content\\\/uploads\\\/2019\\\/09\\\/Courgettes-farcies.jpg\",\"contentUrl\":\"https:\\\/\\\/bien-etreiris.ch\\\/wp-content\\\/uploads\\\/2019\\\/09\\\/Courgettes-farcies.jpg\",\"width\":550,\"height\":367},{\"@type\":\"BreadcrumbList\",\"@id\":\"https:\\\/\\\/bien-etreiris.ch\\\/de\\\/produktpraesentation\\\/natuerliche-heilmittel\\\/saeure-basen-haushalt\\\/tischleindeckdich\\\/gefullte-zucchinihalften\\\/#breadcrumb\",\"itemListElement\":[{\"@type\":\"ListItem\",\"position\":1,\"name\":\"Home\",\"item\":\"https:\\\/\\\/bien-etreiris.ch\\\/de\\\/\"},{\"@type\":\"ListItem\",\"position\":2,\"name\":\"PRODUKTPR\u00c4SENTATION\",\"item\":\"https:\\\/\\\/bien-etreiris.ch\\\/de\\\/produktpraesentation\\\/\"},{\"@type\":\"ListItem\",\"position\":3,\"name\":\"NAT\u00dcRLICHE HEILMITTEL\",\"item\":\"https:\\\/\\\/bien-etreiris.ch\\\/de\\\/produktpraesentation\\\/natuerliche-heilmittel\\\/\"},{\"@type\":\"ListItem\",\"position\":4,\"name\":\"S\u00c4URE-BASEN-HAUSHALT\",\"item\":\"https:\\\/\\\/bien-etreiris.ch\\\/de\\\/produktpraesentation\\\/natuerliche-heilmittel\\\/saeure-basen-haushalt\\\/\"},{\"@type\":\"ListItem\",\"position\":5,\"name\":\"TISCHLEINDECKDICH\",\"item\":\"https:\\\/\\\/bien-etreiris.ch\\\/de\\\/produktpraesentation\\\/natuerliche-heilmittel\\\/saeure-basen-haushalt\\\/tischleindeckdich\\\/\"},{\"@type\":\"ListItem\",\"position\":6,\"name\":\"GEF\u00dcLLTE ZUCCHINIH\u00c4LFTEN\"}]},{\"@type\":\"WebSite\",\"@id\":\"https:\\\/\\\/bien-etreiris.ch\\\/de\\\/#website\",\"url\":\"https:\\\/\\\/bien-etreiris.ch\\\/de\\\/\",\"name\":\"Bien-\u00eatre Iris\",\"description\":\"IHRE Gesundheit ist uns wichtig\",\"potentialAction\":[{\"@type\":\"SearchAction\",\"target\":{\"@type\":\"EntryPoint\",\"urlTemplate\":\"https:\\\/\\\/bien-etreiris.ch\\\/de\\\/?s={search_term_string}\"},\"query-input\":{\"@type\":\"PropertyValueSpecification\",\"valueRequired\":true,\"valueName\":\"search_term_string\"}}],\"inLanguage\":\"de\"}]}<\/script>\n<!-- \/ Yoast SEO plugin. -->","yoast_head_json":{"title":"GEF\u00dcLLTE ZUCCHINIH\u00c4LFTEN - WOHLBEFINDEN","robots":{"index":"index","follow":"follow","max-snippet":"max-snippet:-1","max-image-preview":"max-image-preview:large","max-video-preview":"max-video-preview:-1"},"canonical":"https:\/\/bien-etreiris.ch\/de\/produktpraesentation\/natuerliche-heilmittel\/saeure-basen-haushalt\/tischleindeckdich\/gefullte-zucchinihalften\/","og_locale":"de_DE","og_type":"article","og_title":"GEF\u00dcLLTE ZUCCHINIH\u00c4LFTEN - WOHLBEFINDEN","og_description":"Gef\u00fcllte Zucchinih\u00e4lften Zutaten f\u00fcr 2 Personen 10 EL (ca. 100 g) TischleinDeckDich 400 ml Gem\u00fcsebr\u00fche 2 gro\u00dfe Zucchini 1 Zwiebel 1 Knoblauchzehe 1 TL Pflanzenfett, z. B. Kokosfett 1 Paprika 200 g Champignons 2 M\u00f6hren, geraspelt 2 TL Frischk\u00e4se &nbsp; Kr\u00e4utersalz, Pfeffer &nbsp; frisch geriebener Parmesan, nach Bedarf &nbsp; Zubereitung TischleinDeckDich mit ca. 340 ml kochender Gem\u00fcsebr\u00fche \u00fcbergie\u00dfen, umr\u00fchren und&nbsp;Weiter lesen","og_url":"https:\/\/bien-etreiris.ch\/de\/produktpraesentation\/natuerliche-heilmittel\/saeure-basen-haushalt\/tischleindeckdich\/gefullte-zucchinihalften\/","og_site_name":"WOHLBEFINDEN","article_publisher":"https:\/\/www.facebook.com\/bienetreiris\/","article_modified_time":"2019-09-07T19:53:53+00:00","og_image":[{"width":550,"height":367,"url":"https:\/\/bien-etreiris.ch\/wp-content\/uploads\/2019\/09\/Courgettes-farcies.jpg","type":"image\/jpeg"}],"twitter_misc":{"Gesch\u00e4tzte Lesezeit":"1\u00a0Minute"},"schema":{"@context":"https:\/\/schema.org","@graph":[{"@type":"WebPage","@id":"https:\/\/bien-etreiris.ch\/de\/produktpraesentation\/natuerliche-heilmittel\/saeure-basen-haushalt\/tischleindeckdich\/gefullte-zucchinihalften\/","url":"https:\/\/bien-etreiris.ch\/de\/produktpraesentation\/natuerliche-heilmittel\/saeure-basen-haushalt\/tischleindeckdich\/gefullte-zucchinihalften\/","name":"GEF\u00dcLLTE ZUCCHINIH\u00c4LFTEN - WOHLBEFINDEN","isPartOf":{"@id":"https:\/\/bien-etreiris.ch\/de\/#website"},"primaryImageOfPage":{"@id":"https:\/\/bien-etreiris.ch\/de\/produktpraesentation\/natuerliche-heilmittel\/saeure-basen-haushalt\/tischleindeckdich\/gefullte-zucchinihalften\/#primaryimage"},"image":{"@id":"https:\/\/bien-etreiris.ch\/de\/produktpraesentation\/natuerliche-heilmittel\/saeure-basen-haushalt\/tischleindeckdich\/gefullte-zucchinihalften\/#primaryimage"},"thumbnailUrl":"https:\/\/bien-etreiris.ch\/wp-content\/uploads\/2019\/09\/Courgettes-farcies.jpg","datePublished":"2019-09-06T14:57:41+00:00","dateModified":"2019-09-07T19:53:53+00:00","breadcrumb":{"@id":"https:\/\/bien-etreiris.ch\/de\/produktpraesentation\/natuerliche-heilmittel\/saeure-basen-haushalt\/tischleindeckdich\/gefullte-zucchinihalften\/#breadcrumb"},"inLanguage":"de","potentialAction":[{"@type":"ReadAction","target":["https:\/\/bien-etreiris.ch\/de\/produktpraesentation\/natuerliche-heilmittel\/saeure-basen-haushalt\/tischleindeckdich\/gefullte-zucchinihalften\/"]}]},{"@type":"ImageObject","inLanguage":"de","@id":"https:\/\/bien-etreiris.ch\/de\/produktpraesentation\/natuerliche-heilmittel\/saeure-basen-haushalt\/tischleindeckdich\/gefullte-zucchinihalften\/#primaryimage","url":"https:\/\/bien-etreiris.ch\/wp-content\/uploads\/2019\/09\/Courgettes-farcies.jpg","contentUrl":"https:\/\/bien-etreiris.ch\/wp-content\/uploads\/2019\/09\/Courgettes-farcies.jpg","width":550,"height":367},{"@type":"BreadcrumbList","@id":"https:\/\/bien-etreiris.ch\/de\/produktpraesentation\/natuerliche-heilmittel\/saeure-basen-haushalt\/tischleindeckdich\/gefullte-zucchinihalften\/#breadcrumb","itemListElement":[{"@type":"ListItem","position":1,"name":"Home","item":"https:\/\/bien-etreiris.ch\/de\/"},{"@type":"ListItem","position":2,"name":"PRODUKTPR\u00c4SENTATION","item":"https:\/\/bien-etreiris.ch\/de\/produktpraesentation\/"},{"@type":"ListItem","position":3,"name":"NAT\u00dcRLICHE HEILMITTEL","item":"https:\/\/bien-etreiris.ch\/de\/produktpraesentation\/natuerliche-heilmittel\/"},{"@type":"ListItem","position":4,"name":"S\u00c4URE-BASEN-HAUSHALT","item":"https:\/\/bien-etreiris.ch\/de\/produktpraesentation\/natuerliche-heilmittel\/saeure-basen-haushalt\/"},{"@type":"ListItem","position":5,"name":"TISCHLEINDECKDICH","item":"https:\/\/bien-etreiris.ch\/de\/produktpraesentation\/natuerliche-heilmittel\/saeure-basen-haushalt\/tischleindeckdich\/"},{"@type":"ListItem","position":6,"name":"GEF\u00dcLLTE ZUCCHINIH\u00c4LFTEN"}]},{"@type":"WebSite","@id":"https:\/\/bien-etreiris.ch\/de\/#website","url":"https:\/\/bien-etreiris.ch\/de\/","name":"Bien-\u00eatre Iris","description":"IHRE Gesundheit ist uns wichtig","potentialAction":[{"@type":"SearchAction","target":{"@type":"EntryPoint","urlTemplate":"https:\/\/bien-etreiris.ch\/de\/?s={search_term_string}"},"query-input":{"@type":"PropertyValueSpecification","valueRequired":true,"valueName":"search_term_string"}}],"inLanguage":"de"}]}},"_links":{"self":[{"href":"https:\/\/bien-etreiris.ch\/de\/wp-json\/wp\/v2\/pages\/28718","targetHints":{"allow":["GET"]}}],"collection":[{"href":"https:\/\/bien-etreiris.ch\/de\/wp-json\/wp\/v2\/pages"}],"about":[{"href":"https:\/\/bien-etreiris.ch\/de\/wp-json\/wp\/v2\/types\/page"}],"author":[{"embeddable":true,"href":"https:\/\/bien-etreiris.ch\/de\/wp-json\/wp\/v2\/users\/1"}],"replies":[{"embeddable":true,"href":"https:\/\/bien-etreiris.ch\/de\/wp-json\/wp\/v2\/comments?post=28718"}],"version-history":[{"count":2,"href":"https:\/\/bien-etreiris.ch\/de\/wp-json\/wp\/v2\/pages\/28718\/revisions"}],"predecessor-version":[{"id":28723,"href":"https:\/\/bien-etreiris.ch\/de\/wp-json\/wp\/v2\/pages\/28718\/revisions\/28723"}],"up":[{"embeddable":true,"href":"https:\/\/bien-etreiris.ch\/de\/wp-json\/wp\/v2\/pages\/13722"}],"wp:featuredmedia":[{"embeddable":true,"href":"https:\/\/bien-etreiris.ch\/de\/wp-json\/wp\/v2\/media\/27996"}],"wp:attachment":[{"href":"https:\/\/bien-etreiris.ch\/de\/wp-json\/wp\/v2\/media?parent=28718"}],"curies":[{"name":"wp","href":"https:\/\/api.w.org\/{rel}","templated":true}]}}