{"id":28710,"date":"2019-09-06T14:53:09","date_gmt":"2019-09-06T14:53:09","guid":{"rendered":"https:\/\/bien-etreiris.ch\/wohlbefinden\/basische-produkte-p-jentschura\/tischleindeckdich\/alcamenu-mets-pimente-aux-tomates-et-lentilles\/"},"modified":"2019-09-07T19:37:02","modified_gmt":"2019-09-07T19:37:02","slug":"feuriger-tischleindeckdich-eintopf-mit-tomaten-und-linsen","status":"publish","type":"page","link":"https:\/\/bien-etreiris.ch\/de\/produktpraesentation\/natuerliche-heilmittel\/saeure-basen-haushalt\/tischleindeckdich\/feuriger-tischleindeckdich-eintopf-mit-tomaten-und-linsen\/","title":{"rendered":"FEURIGER EINTOPF"},"content":{"rendered":"\n<h2 class=\"wp-block-heading\"> <br> <br> <br>Feuriger TischleinDeckDich Eintopf mit Tomaten und Linsen <\/h2>\n\n\n<p><a href=\"https:\/\/decoiris.ch\/wp-content\/uploads\/2019\/09\/AlcaMenu-mets-piment\u00e9-aux-tomates-et-lentilles-innen.jpg\"><img loading=\"lazy\" decoding=\"async\" class=\"alignnone wp-image-28168 size-full\" src=\"https:\/\/decoiris.ch\/wp-content\/uploads\/2019\/09\/AlcaMenu-mets-piment\u00e9-aux-tomates-et-lentilles-innen.jpg\" alt=\"\" width=\"820\" height=\"687\" srcset=\"https:\/\/bien-etreiris.ch\/wp-content\/uploads\/2019\/09\/AlcaMenu-mets-piment\u00e9-aux-tomates-et-lentilles-innen.jpg 820w, https:\/\/bien-etreiris.ch\/wp-content\/uploads\/2019\/09\/AlcaMenu-mets-piment\u00e9-aux-tomates-et-lentilles-innen-300x251.jpg 300w, https:\/\/bien-etreiris.ch\/wp-content\/uploads\/2019\/09\/AlcaMenu-mets-piment\u00e9-aux-tomates-et-lentilles-innen-768x643.jpg 768w\" sizes=\"auto, (max-width: 820px) 100vw, 820px\" \/><\/a><\/p>\n<h4 class=\"headline\"><strong>Zutaten f\u00fcr 2 Personen<\/strong><\/h4>\n<table class=\"tablesaw tablesaw-stack table-recipe\" data-tablesaw-mode=\"stack\">\n<tbody>\n<tr>\n<td class=\"value\">10 EL (ca. 100 g)<\/td>\n<td class=\"ingredient\" data-sr-id=\"1\">TischleinDeckDich<\/td>\n<\/tr>\n<tr>\n<td class=\"value\">ca. 340 ml<\/td>\n<td class=\"ingredient\" data-sr-id=\"3\">Wasser<\/td>\n<\/tr>\n<tr>\n<td class=\"value\">80 g<\/td>\n<td class=\"ingredient\" data-sr-id=\"4\">Zwiebeln<\/td>\n<\/tr>\n<tr>\n<td class=\"value\">10 g<\/td>\n<td class=\"ingredient\" data-sr-id=\"5\">frischer Ingwer<\/td>\n<\/tr>\n<tr>\n<td class=\"value\">1<\/td>\n<td class=\"ingredient\" data-sr-id=\"6\">Knoblauchzehe<\/td>\n<\/tr>\n<tr>\n<td class=\"value\">80 g<\/td>\n<td class=\"ingredient\" data-sr-id=\"7\">rote Linsen<\/td>\n<\/tr>\n<tr>\n<td class=\"value\">1 TL<\/td>\n<td class=\"ingredient\" data-sr-id=\"8\">Kokos- oder Palmkernfett<\/td>\n<\/tr>\n<tr>\n<td class=\"value\">1 EL<\/td>\n<td class=\"ingredient\" data-sr-id=\"9\">Tomatenmark<\/td>\n<\/tr>\n<tr>\n<td class=\"value\">1 \u2013 2 TL<\/td>\n<td class=\"ingredient\" data-sr-id=\"10\">rote Thaipaste<\/td>\n<\/tr>\n<tr>\n<td class=\"value\">250 ml<\/td>\n<td class=\"ingredient\" data-sr-id=\"11\">Gem\u00fcsebr\u00fche<\/td>\n<\/tr>\n<tr>\n<td class=\"value\">400 g<\/td>\n<td class=\"ingredient\" data-sr-id=\"12\">st\u00fcckige Tomaten, Glas<\/td>\n<\/tr>\n<tr>\n<td class=\"value\">\u00bd Bund<\/td>\n<td class=\"ingredient\" data-sr-id=\"13\">Koriander oder Petersilie<\/td>\n<\/tr>\n<tr>\n<td class=\"value\">2 TL<\/td>\n<td class=\"ingredient\" data-sr-id=\"14\">saure Sahne, als vegane Variante Sojasahne verwenden<\/td>\n<\/tr>\n<tr>\n<td class=\"value\">&nbsp;<\/td>\n<td class=\"ingredient\" data-sr-id=\"15\">Kr\u00e4utersalz, Pfeffer<\/td>\n<\/tr>\n<\/tbody>\n<\/table>\n<p>&nbsp;<\/p>\n<div class=\"recipe-preparation\">\n<h4>&nbsp;<\/h4>\n<div class=\"recipe-preparation\">\n<h4 class=\"headline\"><strong>Zubereitung<\/strong><\/h4>\n<p>TischleinDeckDich in eine Schale geben, mit ca. 340 ml kochendem Wasser \u00fcbergie\u00dfen, umr\u00fchren, 5 Minuten abgedeckt quellen lassen und zur Seite stellen.<\/p>\n<p>Zwiebeln, Ingwer und Knoblauch sch\u00e4len und fein hacken. Die Linsen in einem Sieb waschen.<\/p>\n<p>Das Fett in einem Topf erhitzen und Zwiebeln, Knoblauch und Ingwer darin and\u00fcnsten. Tomatenmark und Thaipaste kurz darin anr\u00f6sten. Nun die roten Linsen zugeben, auch kurz and\u00fcnsten und mit der Gem\u00fcsebr\u00fche abl\u00f6schen. Etwa 5 Minuten k\u00f6cheln lassen.<\/p>\n<p>Die Tomatenst\u00fccke zugeben und weitere 10 \u2013 15 Minuten k\u00f6cheln lassen. Mit Kr\u00e4utersalz und Pfeffer w\u00fcrzen und kurz vor Ende der Garzeit den klein gehackten Koriander und die saure Sahne zugeben.<\/p>\n<p>Nun TischleinDeckDich hinzugeben, vermischen und auf die Teller verteilen.<\/p>\n<\/div>\n<\/div>","protected":false},"excerpt":{"rendered":"<p>Feuriger TischleinDeckDich Eintopf mit Tomaten und Linsen Zutaten f\u00fcr 2 Personen 10 EL (ca. 100 g) TischleinDeckDich ca. 340 ml Wasser 80 g Zwiebeln 10 g frischer Ingwer 1 Knoblauchzehe 80 g rote Linsen 1 TL Kokos- oder Palmkernfett 1 EL Tomatenmark 1 \u2013 2 TL rote Thaipaste 250 ml Gem\u00fcsebr\u00fche 400 g st\u00fcckige Tomaten, Glas \u00bd Bund Koriander oder&nbsp;<a href=\"https:\/\/bien-etreiris.ch\/de\/produktpraesentation\/natuerliche-heilmittel\/saeure-basen-haushalt\/tischleindeckdich\/feuriger-tischleindeckdich-eintopf-mit-tomaten-und-linsen\/\" class=\"read-more\">Weiter lesen<\/a><\/p>\n","protected":false},"author":1,"featured_media":27993,"parent":13722,"menu_order":7321,"comment_status":"closed","ping_status":"closed","template":"page-with-child.php","meta":{"_acf_changed":false,"ngg_post_thumbnail":0,"footnotes":""},"class_list":["post-28710","page","type-page","status-publish","has-post-thumbnail","hentry"],"acf":[],"yoast_head":"<!-- This site is optimized with the Yoast SEO plugin v27.5 - https:\/\/yoast.com\/product\/yoast-seo-wordpress\/ -->\n<title>FEURIGER EINTOPF - WOHLBEFINDEN<\/title>\n<meta name=\"robots\" content=\"index, follow, max-snippet:-1, max-image-preview:large, max-video-preview:-1\" \/>\n<link rel=\"canonical\" href=\"https:\/\/bien-etreiris.ch\/de\/produktpraesentation\/natuerliche-heilmittel\/saeure-basen-haushalt\/tischleindeckdich\/feuriger-tischleindeckdich-eintopf-mit-tomaten-und-linsen\/\" \/>\n<meta property=\"og:locale\" content=\"de_DE\" \/>\n<meta property=\"og:type\" content=\"article\" \/>\n<meta property=\"og:title\" content=\"FEURIGER EINTOPF - WOHLBEFINDEN\" \/>\n<meta property=\"og:description\" content=\"Feuriger TischleinDeckDich Eintopf mit Tomaten und Linsen Zutaten f\u00fcr 2 Personen 10 EL (ca. 100 g) TischleinDeckDich ca. 340 ml Wasser 80 g Zwiebeln 10 g frischer Ingwer 1 Knoblauchzehe 80 g rote Linsen 1 TL Kokos- oder Palmkernfett 1 EL Tomatenmark 1 \u2013 2 TL rote Thaipaste 250 ml Gem\u00fcsebr\u00fche 400 g st\u00fcckige Tomaten, Glas \u00bd Bund Koriander oder&nbsp;Weiter lesen\" \/>\n<meta property=\"og:url\" content=\"https:\/\/bien-etreiris.ch\/de\/produktpraesentation\/natuerliche-heilmittel\/saeure-basen-haushalt\/tischleindeckdich\/feuriger-tischleindeckdich-eintopf-mit-tomaten-und-linsen\/\" \/>\n<meta property=\"og:site_name\" content=\"WOHLBEFINDEN\" \/>\n<meta property=\"article:publisher\" content=\"https:\/\/www.facebook.com\/bienetreiris\/\" \/>\n<meta property=\"article:modified_time\" content=\"2019-09-07T19:37:02+00:00\" \/>\n<meta property=\"og:image\" content=\"https:\/\/bien-etreiris.ch\/wp-content\/uploads\/2019\/09\/AlcaMenu-mets-piment\u00e9-aux-tomates-et-lentilles.jpg\" \/>\n\t<meta property=\"og:image:width\" content=\"550\" \/>\n\t<meta property=\"og:image:height\" content=\"367\" \/>\n\t<meta property=\"og:image:type\" content=\"image\/jpeg\" \/>\n<meta name=\"twitter:label1\" content=\"Gesch\u00e4tzte Lesezeit\" \/>\n\t<meta name=\"twitter:data1\" content=\"1\u00a0Minute\" \/>\n<script type=\"application\/ld+json\" class=\"yoast-schema-graph\">{\"@context\":\"https:\\\/\\\/schema.org\",\"@graph\":[{\"@type\":\"WebPage\",\"@id\":\"https:\\\/\\\/bien-etreiris.ch\\\/de\\\/produktpraesentation\\\/natuerliche-heilmittel\\\/saeure-basen-haushalt\\\/tischleindeckdich\\\/feuriger-tischleindeckdich-eintopf-mit-tomaten-und-linsen\\\/\",\"url\":\"https:\\\/\\\/bien-etreiris.ch\\\/de\\\/produktpraesentation\\\/natuerliche-heilmittel\\\/saeure-basen-haushalt\\\/tischleindeckdich\\\/feuriger-tischleindeckdich-eintopf-mit-tomaten-und-linsen\\\/\",\"name\":\"FEURIGER EINTOPF - WOHLBEFINDEN\",\"isPartOf\":{\"@id\":\"https:\\\/\\\/bien-etreiris.ch\\\/de\\\/#website\"},\"primaryImageOfPage\":{\"@id\":\"https:\\\/\\\/bien-etreiris.ch\\\/de\\\/produktpraesentation\\\/natuerliche-heilmittel\\\/saeure-basen-haushalt\\\/tischleindeckdich\\\/feuriger-tischleindeckdich-eintopf-mit-tomaten-und-linsen\\\/#primaryimage\"},\"image\":{\"@id\":\"https:\\\/\\\/bien-etreiris.ch\\\/de\\\/produktpraesentation\\\/natuerliche-heilmittel\\\/saeure-basen-haushalt\\\/tischleindeckdich\\\/feuriger-tischleindeckdich-eintopf-mit-tomaten-und-linsen\\\/#primaryimage\"},\"thumbnailUrl\":\"https:\\\/\\\/bien-etreiris.ch\\\/wp-content\\\/uploads\\\/2019\\\/09\\\/AlcaMenu-mets-piment\u00e9-aux-tomates-et-lentilles.jpg\",\"datePublished\":\"2019-09-06T14:53:09+00:00\",\"dateModified\":\"2019-09-07T19:37:02+00:00\",\"breadcrumb\":{\"@id\":\"https:\\\/\\\/bien-etreiris.ch\\\/de\\\/produktpraesentation\\\/natuerliche-heilmittel\\\/saeure-basen-haushalt\\\/tischleindeckdich\\\/feuriger-tischleindeckdich-eintopf-mit-tomaten-und-linsen\\\/#breadcrumb\"},\"inLanguage\":\"de\",\"potentialAction\":[{\"@type\":\"ReadAction\",\"target\":[\"https:\\\/\\\/bien-etreiris.ch\\\/de\\\/produktpraesentation\\\/natuerliche-heilmittel\\\/saeure-basen-haushalt\\\/tischleindeckdich\\\/feuriger-tischleindeckdich-eintopf-mit-tomaten-und-linsen\\\/\"]}]},{\"@type\":\"ImageObject\",\"inLanguage\":\"de\",\"@id\":\"https:\\\/\\\/bien-etreiris.ch\\\/de\\\/produktpraesentation\\\/natuerliche-heilmittel\\\/saeure-basen-haushalt\\\/tischleindeckdich\\\/feuriger-tischleindeckdich-eintopf-mit-tomaten-und-linsen\\\/#primaryimage\",\"url\":\"https:\\\/\\\/bien-etreiris.ch\\\/wp-content\\\/uploads\\\/2019\\\/09\\\/AlcaMenu-mets-piment\u00e9-aux-tomates-et-lentilles.jpg\",\"contentUrl\":\"https:\\\/\\\/bien-etreiris.ch\\\/wp-content\\\/uploads\\\/2019\\\/09\\\/AlcaMenu-mets-piment\u00e9-aux-tomates-et-lentilles.jpg\",\"width\":550,\"height\":367},{\"@type\":\"BreadcrumbList\",\"@id\":\"https:\\\/\\\/bien-etreiris.ch\\\/de\\\/produktpraesentation\\\/natuerliche-heilmittel\\\/saeure-basen-haushalt\\\/tischleindeckdich\\\/feuriger-tischleindeckdich-eintopf-mit-tomaten-und-linsen\\\/#breadcrumb\",\"itemListElement\":[{\"@type\":\"ListItem\",\"position\":1,\"name\":\"Home\",\"item\":\"https:\\\/\\\/bien-etreiris.ch\\\/de\\\/\"},{\"@type\":\"ListItem\",\"position\":2,\"name\":\"PRODUKTPR\u00c4SENTATION\",\"item\":\"https:\\\/\\\/bien-etreiris.ch\\\/de\\\/produktpraesentation\\\/\"},{\"@type\":\"ListItem\",\"position\":3,\"name\":\"NAT\u00dcRLICHE HEILMITTEL\",\"item\":\"https:\\\/\\\/bien-etreiris.ch\\\/de\\\/produktpraesentation\\\/natuerliche-heilmittel\\\/\"},{\"@type\":\"ListItem\",\"position\":4,\"name\":\"S\u00c4URE-BASEN-HAUSHALT\",\"item\":\"https:\\\/\\\/bien-etreiris.ch\\\/de\\\/produktpraesentation\\\/natuerliche-heilmittel\\\/saeure-basen-haushalt\\\/\"},{\"@type\":\"ListItem\",\"position\":5,\"name\":\"TISCHLEINDECKDICH\",\"item\":\"https:\\\/\\\/bien-etreiris.ch\\\/de\\\/produktpraesentation\\\/natuerliche-heilmittel\\\/saeure-basen-haushalt\\\/tischleindeckdich\\\/\"},{\"@type\":\"ListItem\",\"position\":6,\"name\":\"FEURIGER EINTOPF\"}]},{\"@type\":\"WebSite\",\"@id\":\"https:\\\/\\\/bien-etreiris.ch\\\/de\\\/#website\",\"url\":\"https:\\\/\\\/bien-etreiris.ch\\\/de\\\/\",\"name\":\"Bien-\u00eatre Iris\",\"description\":\"IHRE Gesundheit ist uns wichtig\",\"potentialAction\":[{\"@type\":\"SearchAction\",\"target\":{\"@type\":\"EntryPoint\",\"urlTemplate\":\"https:\\\/\\\/bien-etreiris.ch\\\/de\\\/?s={search_term_string}\"},\"query-input\":{\"@type\":\"PropertyValueSpecification\",\"valueRequired\":true,\"valueName\":\"search_term_string\"}}],\"inLanguage\":\"de\"}]}<\/script>\n<!-- \/ Yoast SEO plugin. -->","yoast_head_json":{"title":"FEURIGER EINTOPF - WOHLBEFINDEN","robots":{"index":"index","follow":"follow","max-snippet":"max-snippet:-1","max-image-preview":"max-image-preview:large","max-video-preview":"max-video-preview:-1"},"canonical":"https:\/\/bien-etreiris.ch\/de\/produktpraesentation\/natuerliche-heilmittel\/saeure-basen-haushalt\/tischleindeckdich\/feuriger-tischleindeckdich-eintopf-mit-tomaten-und-linsen\/","og_locale":"de_DE","og_type":"article","og_title":"FEURIGER EINTOPF - WOHLBEFINDEN","og_description":"Feuriger TischleinDeckDich Eintopf mit Tomaten und Linsen Zutaten f\u00fcr 2 Personen 10 EL (ca. 100 g) TischleinDeckDich ca. 340 ml Wasser 80 g Zwiebeln 10 g frischer Ingwer 1 Knoblauchzehe 80 g rote Linsen 1 TL Kokos- oder Palmkernfett 1 EL Tomatenmark 1 \u2013 2 TL rote Thaipaste 250 ml Gem\u00fcsebr\u00fche 400 g st\u00fcckige Tomaten, Glas \u00bd Bund Koriander oder&nbsp;Weiter lesen","og_url":"https:\/\/bien-etreiris.ch\/de\/produktpraesentation\/natuerliche-heilmittel\/saeure-basen-haushalt\/tischleindeckdich\/feuriger-tischleindeckdich-eintopf-mit-tomaten-und-linsen\/","og_site_name":"WOHLBEFINDEN","article_publisher":"https:\/\/www.facebook.com\/bienetreiris\/","article_modified_time":"2019-09-07T19:37:02+00:00","og_image":[{"width":550,"height":367,"url":"https:\/\/bien-etreiris.ch\/wp-content\/uploads\/2019\/09\/AlcaMenu-mets-piment\u00e9-aux-tomates-et-lentilles.jpg","type":"image\/jpeg"}],"twitter_misc":{"Gesch\u00e4tzte Lesezeit":"1\u00a0Minute"},"schema":{"@context":"https:\/\/schema.org","@graph":[{"@type":"WebPage","@id":"https:\/\/bien-etreiris.ch\/de\/produktpraesentation\/natuerliche-heilmittel\/saeure-basen-haushalt\/tischleindeckdich\/feuriger-tischleindeckdich-eintopf-mit-tomaten-und-linsen\/","url":"https:\/\/bien-etreiris.ch\/de\/produktpraesentation\/natuerliche-heilmittel\/saeure-basen-haushalt\/tischleindeckdich\/feuriger-tischleindeckdich-eintopf-mit-tomaten-und-linsen\/","name":"FEURIGER EINTOPF - WOHLBEFINDEN","isPartOf":{"@id":"https:\/\/bien-etreiris.ch\/de\/#website"},"primaryImageOfPage":{"@id":"https:\/\/bien-etreiris.ch\/de\/produktpraesentation\/natuerliche-heilmittel\/saeure-basen-haushalt\/tischleindeckdich\/feuriger-tischleindeckdich-eintopf-mit-tomaten-und-linsen\/#primaryimage"},"image":{"@id":"https:\/\/bien-etreiris.ch\/de\/produktpraesentation\/natuerliche-heilmittel\/saeure-basen-haushalt\/tischleindeckdich\/feuriger-tischleindeckdich-eintopf-mit-tomaten-und-linsen\/#primaryimage"},"thumbnailUrl":"https:\/\/bien-etreiris.ch\/wp-content\/uploads\/2019\/09\/AlcaMenu-mets-piment\u00e9-aux-tomates-et-lentilles.jpg","datePublished":"2019-09-06T14:53:09+00:00","dateModified":"2019-09-07T19:37:02+00:00","breadcrumb":{"@id":"https:\/\/bien-etreiris.ch\/de\/produktpraesentation\/natuerliche-heilmittel\/saeure-basen-haushalt\/tischleindeckdich\/feuriger-tischleindeckdich-eintopf-mit-tomaten-und-linsen\/#breadcrumb"},"inLanguage":"de","potentialAction":[{"@type":"ReadAction","target":["https:\/\/bien-etreiris.ch\/de\/produktpraesentation\/natuerliche-heilmittel\/saeure-basen-haushalt\/tischleindeckdich\/feuriger-tischleindeckdich-eintopf-mit-tomaten-und-linsen\/"]}]},{"@type":"ImageObject","inLanguage":"de","@id":"https:\/\/bien-etreiris.ch\/de\/produktpraesentation\/natuerliche-heilmittel\/saeure-basen-haushalt\/tischleindeckdich\/feuriger-tischleindeckdich-eintopf-mit-tomaten-und-linsen\/#primaryimage","url":"https:\/\/bien-etreiris.ch\/wp-content\/uploads\/2019\/09\/AlcaMenu-mets-piment\u00e9-aux-tomates-et-lentilles.jpg","contentUrl":"https:\/\/bien-etreiris.ch\/wp-content\/uploads\/2019\/09\/AlcaMenu-mets-piment\u00e9-aux-tomates-et-lentilles.jpg","width":550,"height":367},{"@type":"BreadcrumbList","@id":"https:\/\/bien-etreiris.ch\/de\/produktpraesentation\/natuerliche-heilmittel\/saeure-basen-haushalt\/tischleindeckdich\/feuriger-tischleindeckdich-eintopf-mit-tomaten-und-linsen\/#breadcrumb","itemListElement":[{"@type":"ListItem","position":1,"name":"Home","item":"https:\/\/bien-etreiris.ch\/de\/"},{"@type":"ListItem","position":2,"name":"PRODUKTPR\u00c4SENTATION","item":"https:\/\/bien-etreiris.ch\/de\/produktpraesentation\/"},{"@type":"ListItem","position":3,"name":"NAT\u00dcRLICHE HEILMITTEL","item":"https:\/\/bien-etreiris.ch\/de\/produktpraesentation\/natuerliche-heilmittel\/"},{"@type":"ListItem","position":4,"name":"S\u00c4URE-BASEN-HAUSHALT","item":"https:\/\/bien-etreiris.ch\/de\/produktpraesentation\/natuerliche-heilmittel\/saeure-basen-haushalt\/"},{"@type":"ListItem","position":5,"name":"TISCHLEINDECKDICH","item":"https:\/\/bien-etreiris.ch\/de\/produktpraesentation\/natuerliche-heilmittel\/saeure-basen-haushalt\/tischleindeckdich\/"},{"@type":"ListItem","position":6,"name":"FEURIGER EINTOPF"}]},{"@type":"WebSite","@id":"https:\/\/bien-etreiris.ch\/de\/#website","url":"https:\/\/bien-etreiris.ch\/de\/","name":"Bien-\u00eatre Iris","description":"IHRE Gesundheit ist uns wichtig","potentialAction":[{"@type":"SearchAction","target":{"@type":"EntryPoint","urlTemplate":"https:\/\/bien-etreiris.ch\/de\/?s={search_term_string}"},"query-input":{"@type":"PropertyValueSpecification","valueRequired":true,"valueName":"search_term_string"}}],"inLanguage":"de"}]}},"_links":{"self":[{"href":"https:\/\/bien-etreiris.ch\/de\/wp-json\/wp\/v2\/pages\/28710","targetHints":{"allow":["GET"]}}],"collection":[{"href":"https:\/\/bien-etreiris.ch\/de\/wp-json\/wp\/v2\/pages"}],"about":[{"href":"https:\/\/bien-etreiris.ch\/de\/wp-json\/wp\/v2\/types\/page"}],"author":[{"embeddable":true,"href":"https:\/\/bien-etreiris.ch\/de\/wp-json\/wp\/v2\/users\/1"}],"replies":[{"embeddable":true,"href":"https:\/\/bien-etreiris.ch\/de\/wp-json\/wp\/v2\/comments?post=28710"}],"version-history":[{"count":2,"href":"https:\/\/bien-etreiris.ch\/de\/wp-json\/wp\/v2\/pages\/28710\/revisions"}],"predecessor-version":[{"id":28715,"href":"https:\/\/bien-etreiris.ch\/de\/wp-json\/wp\/v2\/pages\/28710\/revisions\/28715"}],"up":[{"embeddable":true,"href":"https:\/\/bien-etreiris.ch\/de\/wp-json\/wp\/v2\/pages\/13722"}],"wp:featuredmedia":[{"embeddable":true,"href":"https:\/\/bien-etreiris.ch\/de\/wp-json\/wp\/v2\/media\/27993"}],"wp:attachment":[{"href":"https:\/\/bien-etreiris.ch\/de\/wp-json\/wp\/v2\/media?parent=28710"}],"curies":[{"name":"wp","href":"https:\/\/api.w.org\/{rel}","templated":true}]}}