{"id":28696,"date":"2019-09-06T14:44:05","date_gmt":"2019-09-06T14:44:05","guid":{"rendered":"https:\/\/bien-etreiris.ch\/wohlbefinden\/basische-produkte-p-jentschura\/tischleindeckdich\/alcamenu-fruite-a-lananas\/"},"modified":"2019-09-07T19:11:30","modified_gmt":"2019-09-07T19:11:30","slug":"tischleindeckdich-fruchtig-mit-ananas","status":"publish","type":"page","link":"https:\/\/bien-etreiris.ch\/de\/produktpraesentation\/natuerliche-heilmittel\/saeure-basen-haushalt\/tischleindeckdich\/tischleindeckdich-fruchtig-mit-ananas\/","title":{"rendered":"FRUCHTIG MIT ANANAS"},"content":{"rendered":"\n<h2 class=\"wp-block-heading\"> <br>TischleinDeckDich fruchtig mit Ananas  <\/h2>\n\n\n<p><a href=\"https:\/\/decoiris.ch\/wp-content\/uploads\/2019\/09\/AlcaMenu-fruit\u00e9-\u00e0-l\u2018ananas-innen.jpg\"><img loading=\"lazy\" decoding=\"async\" class=\"alignnone wp-image-28163 size-full\" src=\"https:\/\/decoiris.ch\/wp-content\/uploads\/2019\/09\/AlcaMenu-fruit\u00e9-\u00e0-l\u2018ananas-innen.jpg\" alt=\"\" width=\"820\" height=\"687\" srcset=\"https:\/\/bien-etreiris.ch\/wp-content\/uploads\/2019\/09\/AlcaMenu-fruit\u00e9-\u00e0-l\u2018ananas-innen.jpg 820w, https:\/\/bien-etreiris.ch\/wp-content\/uploads\/2019\/09\/AlcaMenu-fruit\u00e9-\u00e0-l\u2018ananas-innen-300x251.jpg 300w, https:\/\/bien-etreiris.ch\/wp-content\/uploads\/2019\/09\/AlcaMenu-fruit\u00e9-\u00e0-l\u2018ananas-innen-768x643.jpg 768w\" sizes=\"auto, (max-width: 820px) 100vw, 820px\" \/><\/a><\/p>\n<h4 class=\"headline\"><strong>Zutaten f\u00fcr 1 Person<\/strong><\/h4>\n<table class=\"tablesaw tablesaw-stack table-recipe\" data-tablesaw-mode=\"stack\">\n<tbody>\n<tr>\n<td class=\"value\">5 EL (ca. 50 g)<\/td>\n<td class=\"ingredient\" data-sr-id=\"1\">TischleinDeckDich<\/td>\n<\/tr>\n<tr>\n<td class=\"value\">ca. 170 ml<\/td>\n<td class=\"ingredient\" data-sr-id=\"3\">Gem\u00fcsebr\u00fche<\/td>\n<\/tr>\n<tr>\n<td class=\"value\">\u00bd<\/td>\n<td class=\"ingredient\" data-sr-id=\"4\">Zwiebel<\/td>\n<\/tr>\n<tr>\n<td class=\"value\">1<\/td>\n<td class=\"ingredient\" data-sr-id=\"5\">M\u00f6hre<\/td>\n<\/tr>\n<tr>\n<td class=\"value\">\u00bd<\/td>\n<td class=\"ingredient\" data-sr-id=\"6\">Zucchini<\/td>\n<\/tr>\n<tr>\n<td class=\"value\">\u00bd<\/td>\n<td class=\"ingredient\" data-sr-id=\"7\">Paprika, rot, oder 2 Tomaten<\/td>\n<\/tr>\n<tr>\n<td class=\"value\">1 \u2013 2<\/td>\n<td class=\"ingredient\" data-sr-id=\"8\">Knoblauchzehen<\/td>\n<\/tr>\n<tr>\n<td class=\"value\">1 \u2013 2 TL<\/td>\n<td class=\"ingredient\" data-sr-id=\"9\">Kokosfett<\/td>\n<\/tr>\n<tr>\n<td class=\"value\">60 \u2013 70 ml<\/td>\n<td class=\"ingredient\" data-sr-id=\"10\">Ananassaft und ggf. etwas Br\u00fche<\/td>\n<\/tr>\n<tr>\n<td class=\"value\">80 \u2013 100 g<\/td>\n<td class=\"ingredient\" data-sr-id=\"11\">Ananas, frisch oder aus dem Glas<\/td>\n<\/tr>\n<tr>\n<td class=\"value\">30 g<\/td>\n<td class=\"ingredient\" data-sr-id=\"12\">Schafsk\u00e4se<\/td>\n<\/tr>\n<tr>\n<td class=\"value\">&nbsp;<\/td>\n<td class=\"ingredient\" data-sr-id=\"13\">Curry, Kurkuma, Kreuzk\u00fcmmel, Zimt und Kr\u00e4utersalz<\/td>\n<\/tr>\n<\/tbody>\n<\/table>\n<p>&nbsp;<\/p>\n<div class=\"recipe-preparation\">\n<div class=\"recipe-preparation\">\n<h4 class=\"headline\"><strong>Zubereitung<\/strong><\/h4>\n<p>TischleinDeckDich mit ca. 170 ml kochender Gem\u00fcsebr\u00fche \u00fcbergie\u00dfen, umr\u00fchren und 5 Minuten abgedeckt quellen lassen.<\/p>\n<p>Das Gem\u00fcse waschen und zerkleinern. Zwiebel in einer Pfanne mit Fett and\u00fcnsten, nach ca. 2 Minuten das restliche Gem\u00fcse dazugeben. Auf mittlerer Hitze ca. 5 Minuten d\u00fcnsten. Mit dem Ananassaft abl\u00f6schen, w\u00fcrzen und garen.<\/p>\n<p>Zum Schluss klein geschnittenen K\u00e4se und Ananas sowie die TischleinDeckDich Masse hinzugeben.<\/p>\n<\/div>\n<\/div>","protected":false},"excerpt":{"rendered":"<p>TischleinDeckDich fruchtig mit Ananas Zutaten f\u00fcr 1 Person 5 EL (ca. 50 g) TischleinDeckDich ca. 170 ml Gem\u00fcsebr\u00fche \u00bd Zwiebel 1 M\u00f6hre \u00bd Zucchini \u00bd Paprika, rot, oder 2 Tomaten 1 \u2013 2 Knoblauchzehen 1 \u2013 2 TL Kokosfett 60 \u2013 70 ml Ananassaft und ggf. etwas Br\u00fche 80 \u2013 100 g Ananas, frisch oder aus dem Glas 30 g&nbsp;<a href=\"https:\/\/bien-etreiris.ch\/de\/produktpraesentation\/natuerliche-heilmittel\/saeure-basen-haushalt\/tischleindeckdich\/tischleindeckdich-fruchtig-mit-ananas\/\" class=\"read-more\">Weiter lesen<\/a><\/p>\n","protected":false},"author":1,"featured_media":27990,"parent":13722,"menu_order":7324,"comment_status":"closed","ping_status":"closed","template":"page-with-child.php","meta":{"_acf_changed":false,"ngg_post_thumbnail":0,"footnotes":""},"class_list":["post-28696","page","type-page","status-publish","has-post-thumbnail","hentry"],"acf":[],"yoast_head":"<!-- This site is optimized with the Yoast SEO plugin v27.5 - https:\/\/yoast.com\/product\/yoast-seo-wordpress\/ -->\n<title>FRUCHTIG MIT ANANAS - WOHLBEFINDEN<\/title>\n<meta name=\"robots\" content=\"index, follow, max-snippet:-1, max-image-preview:large, max-video-preview:-1\" \/>\n<link rel=\"canonical\" href=\"https:\/\/bien-etreiris.ch\/de\/produktpraesentation\/natuerliche-heilmittel\/saeure-basen-haushalt\/tischleindeckdich\/tischleindeckdich-fruchtig-mit-ananas\/\" \/>\n<meta property=\"og:locale\" content=\"de_DE\" \/>\n<meta property=\"og:type\" content=\"article\" \/>\n<meta property=\"og:title\" content=\"FRUCHTIG MIT ANANAS - WOHLBEFINDEN\" \/>\n<meta property=\"og:description\" content=\"TischleinDeckDich fruchtig mit Ananas Zutaten f\u00fcr 1 Person 5 EL (ca. 50 g) TischleinDeckDich ca. 170 ml Gem\u00fcsebr\u00fche \u00bd Zwiebel 1 M\u00f6hre \u00bd Zucchini \u00bd Paprika, rot, oder 2 Tomaten 1 \u2013 2 Knoblauchzehen 1 \u2013 2 TL Kokosfett 60 \u2013 70 ml Ananassaft und ggf. etwas Br\u00fche 80 \u2013 100 g Ananas, frisch oder aus dem Glas 30 g&nbsp;Weiter lesen\" \/>\n<meta property=\"og:url\" content=\"https:\/\/bien-etreiris.ch\/de\/produktpraesentation\/natuerliche-heilmittel\/saeure-basen-haushalt\/tischleindeckdich\/tischleindeckdich-fruchtig-mit-ananas\/\" \/>\n<meta property=\"og:site_name\" content=\"WOHLBEFINDEN\" \/>\n<meta property=\"article:publisher\" content=\"https:\/\/www.facebook.com\/bienetreiris\/\" \/>\n<meta property=\"article:modified_time\" content=\"2019-09-07T19:11:30+00:00\" \/>\n<meta property=\"og:image\" content=\"https:\/\/bien-etreiris.ch\/wp-content\/uploads\/2019\/09\/AlcaMenu-fruit\u00e9-\u00e0-l\u2018ananas.jpg\" \/>\n\t<meta property=\"og:image:width\" content=\"550\" \/>\n\t<meta property=\"og:image:height\" content=\"367\" \/>\n\t<meta property=\"og:image:type\" content=\"image\/jpeg\" \/>\n<meta name=\"twitter:label1\" content=\"Gesch\u00e4tzte Lesezeit\" \/>\n\t<meta name=\"twitter:data1\" content=\"1\u00a0Minute\" \/>\n<script type=\"application\/ld+json\" class=\"yoast-schema-graph\">{\"@context\":\"https:\\\/\\\/schema.org\",\"@graph\":[{\"@type\":\"WebPage\",\"@id\":\"https:\\\/\\\/bien-etreiris.ch\\\/de\\\/produktpraesentation\\\/natuerliche-heilmittel\\\/saeure-basen-haushalt\\\/tischleindeckdich\\\/tischleindeckdich-fruchtig-mit-ananas\\\/\",\"url\":\"https:\\\/\\\/bien-etreiris.ch\\\/de\\\/produktpraesentation\\\/natuerliche-heilmittel\\\/saeure-basen-haushalt\\\/tischleindeckdich\\\/tischleindeckdich-fruchtig-mit-ananas\\\/\",\"name\":\"FRUCHTIG MIT ANANAS - WOHLBEFINDEN\",\"isPartOf\":{\"@id\":\"https:\\\/\\\/bien-etreiris.ch\\\/de\\\/#website\"},\"primaryImageOfPage\":{\"@id\":\"https:\\\/\\\/bien-etreiris.ch\\\/de\\\/produktpraesentation\\\/natuerliche-heilmittel\\\/saeure-basen-haushalt\\\/tischleindeckdich\\\/tischleindeckdich-fruchtig-mit-ananas\\\/#primaryimage\"},\"image\":{\"@id\":\"https:\\\/\\\/bien-etreiris.ch\\\/de\\\/produktpraesentation\\\/natuerliche-heilmittel\\\/saeure-basen-haushalt\\\/tischleindeckdich\\\/tischleindeckdich-fruchtig-mit-ananas\\\/#primaryimage\"},\"thumbnailUrl\":\"https:\\\/\\\/bien-etreiris.ch\\\/wp-content\\\/uploads\\\/2019\\\/09\\\/AlcaMenu-fruit\u00e9-\u00e0-l\u2018ananas.jpg\",\"datePublished\":\"2019-09-06T14:44:05+00:00\",\"dateModified\":\"2019-09-07T19:11:30+00:00\",\"breadcrumb\":{\"@id\":\"https:\\\/\\\/bien-etreiris.ch\\\/de\\\/produktpraesentation\\\/natuerliche-heilmittel\\\/saeure-basen-haushalt\\\/tischleindeckdich\\\/tischleindeckdich-fruchtig-mit-ananas\\\/#breadcrumb\"},\"inLanguage\":\"de\",\"potentialAction\":[{\"@type\":\"ReadAction\",\"target\":[\"https:\\\/\\\/bien-etreiris.ch\\\/de\\\/produktpraesentation\\\/natuerliche-heilmittel\\\/saeure-basen-haushalt\\\/tischleindeckdich\\\/tischleindeckdich-fruchtig-mit-ananas\\\/\"]}]},{\"@type\":\"ImageObject\",\"inLanguage\":\"de\",\"@id\":\"https:\\\/\\\/bien-etreiris.ch\\\/de\\\/produktpraesentation\\\/natuerliche-heilmittel\\\/saeure-basen-haushalt\\\/tischleindeckdich\\\/tischleindeckdich-fruchtig-mit-ananas\\\/#primaryimage\",\"url\":\"https:\\\/\\\/bien-etreiris.ch\\\/wp-content\\\/uploads\\\/2019\\\/09\\\/AlcaMenu-fruit\u00e9-\u00e0-l\u2018ananas.jpg\",\"contentUrl\":\"https:\\\/\\\/bien-etreiris.ch\\\/wp-content\\\/uploads\\\/2019\\\/09\\\/AlcaMenu-fruit\u00e9-\u00e0-l\u2018ananas.jpg\",\"width\":550,\"height\":367},{\"@type\":\"BreadcrumbList\",\"@id\":\"https:\\\/\\\/bien-etreiris.ch\\\/de\\\/produktpraesentation\\\/natuerliche-heilmittel\\\/saeure-basen-haushalt\\\/tischleindeckdich\\\/tischleindeckdich-fruchtig-mit-ananas\\\/#breadcrumb\",\"itemListElement\":[{\"@type\":\"ListItem\",\"position\":1,\"name\":\"Home\",\"item\":\"https:\\\/\\\/bien-etreiris.ch\\\/de\\\/\"},{\"@type\":\"ListItem\",\"position\":2,\"name\":\"PRODUKTPR\u00c4SENTATION\",\"item\":\"https:\\\/\\\/bien-etreiris.ch\\\/de\\\/produktpraesentation\\\/\"},{\"@type\":\"ListItem\",\"position\":3,\"name\":\"NAT\u00dcRLICHE HEILMITTEL\",\"item\":\"https:\\\/\\\/bien-etreiris.ch\\\/de\\\/produktpraesentation\\\/natuerliche-heilmittel\\\/\"},{\"@type\":\"ListItem\",\"position\":4,\"name\":\"S\u00c4URE-BASEN-HAUSHALT\",\"item\":\"https:\\\/\\\/bien-etreiris.ch\\\/de\\\/produktpraesentation\\\/natuerliche-heilmittel\\\/saeure-basen-haushalt\\\/\"},{\"@type\":\"ListItem\",\"position\":5,\"name\":\"TISCHLEINDECKDICH\",\"item\":\"https:\\\/\\\/bien-etreiris.ch\\\/de\\\/produktpraesentation\\\/natuerliche-heilmittel\\\/saeure-basen-haushalt\\\/tischleindeckdich\\\/\"},{\"@type\":\"ListItem\",\"position\":6,\"name\":\"FRUCHTIG MIT ANANAS\"}]},{\"@type\":\"WebSite\",\"@id\":\"https:\\\/\\\/bien-etreiris.ch\\\/de\\\/#website\",\"url\":\"https:\\\/\\\/bien-etreiris.ch\\\/de\\\/\",\"name\":\"Bien-\u00eatre Iris\",\"description\":\"IHRE Gesundheit ist uns wichtig\",\"potentialAction\":[{\"@type\":\"SearchAction\",\"target\":{\"@type\":\"EntryPoint\",\"urlTemplate\":\"https:\\\/\\\/bien-etreiris.ch\\\/de\\\/?s={search_term_string}\"},\"query-input\":{\"@type\":\"PropertyValueSpecification\",\"valueRequired\":true,\"valueName\":\"search_term_string\"}}],\"inLanguage\":\"de\"}]}<\/script>\n<!-- \/ Yoast SEO plugin. -->","yoast_head_json":{"title":"FRUCHTIG MIT ANANAS - WOHLBEFINDEN","robots":{"index":"index","follow":"follow","max-snippet":"max-snippet:-1","max-image-preview":"max-image-preview:large","max-video-preview":"max-video-preview:-1"},"canonical":"https:\/\/bien-etreiris.ch\/de\/produktpraesentation\/natuerliche-heilmittel\/saeure-basen-haushalt\/tischleindeckdich\/tischleindeckdich-fruchtig-mit-ananas\/","og_locale":"de_DE","og_type":"article","og_title":"FRUCHTIG MIT ANANAS - WOHLBEFINDEN","og_description":"TischleinDeckDich fruchtig mit Ananas Zutaten f\u00fcr 1 Person 5 EL (ca. 50 g) TischleinDeckDich ca. 170 ml Gem\u00fcsebr\u00fche \u00bd Zwiebel 1 M\u00f6hre \u00bd Zucchini \u00bd Paprika, rot, oder 2 Tomaten 1 \u2013 2 Knoblauchzehen 1 \u2013 2 TL Kokosfett 60 \u2013 70 ml Ananassaft und ggf. etwas Br\u00fche 80 \u2013 100 g Ananas, frisch oder aus dem Glas 30 g&nbsp;Weiter lesen","og_url":"https:\/\/bien-etreiris.ch\/de\/produktpraesentation\/natuerliche-heilmittel\/saeure-basen-haushalt\/tischleindeckdich\/tischleindeckdich-fruchtig-mit-ananas\/","og_site_name":"WOHLBEFINDEN","article_publisher":"https:\/\/www.facebook.com\/bienetreiris\/","article_modified_time":"2019-09-07T19:11:30+00:00","og_image":[{"width":550,"height":367,"url":"https:\/\/bien-etreiris.ch\/wp-content\/uploads\/2019\/09\/AlcaMenu-fruit\u00e9-\u00e0-l\u2018ananas.jpg","type":"image\/jpeg"}],"twitter_misc":{"Gesch\u00e4tzte Lesezeit":"1\u00a0Minute"},"schema":{"@context":"https:\/\/schema.org","@graph":[{"@type":"WebPage","@id":"https:\/\/bien-etreiris.ch\/de\/produktpraesentation\/natuerliche-heilmittel\/saeure-basen-haushalt\/tischleindeckdich\/tischleindeckdich-fruchtig-mit-ananas\/","url":"https:\/\/bien-etreiris.ch\/de\/produktpraesentation\/natuerliche-heilmittel\/saeure-basen-haushalt\/tischleindeckdich\/tischleindeckdich-fruchtig-mit-ananas\/","name":"FRUCHTIG MIT ANANAS - WOHLBEFINDEN","isPartOf":{"@id":"https:\/\/bien-etreiris.ch\/de\/#website"},"primaryImageOfPage":{"@id":"https:\/\/bien-etreiris.ch\/de\/produktpraesentation\/natuerliche-heilmittel\/saeure-basen-haushalt\/tischleindeckdich\/tischleindeckdich-fruchtig-mit-ananas\/#primaryimage"},"image":{"@id":"https:\/\/bien-etreiris.ch\/de\/produktpraesentation\/natuerliche-heilmittel\/saeure-basen-haushalt\/tischleindeckdich\/tischleindeckdich-fruchtig-mit-ananas\/#primaryimage"},"thumbnailUrl":"https:\/\/bien-etreiris.ch\/wp-content\/uploads\/2019\/09\/AlcaMenu-fruit\u00e9-\u00e0-l\u2018ananas.jpg","datePublished":"2019-09-06T14:44:05+00:00","dateModified":"2019-09-07T19:11:30+00:00","breadcrumb":{"@id":"https:\/\/bien-etreiris.ch\/de\/produktpraesentation\/natuerliche-heilmittel\/saeure-basen-haushalt\/tischleindeckdich\/tischleindeckdich-fruchtig-mit-ananas\/#breadcrumb"},"inLanguage":"de","potentialAction":[{"@type":"ReadAction","target":["https:\/\/bien-etreiris.ch\/de\/produktpraesentation\/natuerliche-heilmittel\/saeure-basen-haushalt\/tischleindeckdich\/tischleindeckdich-fruchtig-mit-ananas\/"]}]},{"@type":"ImageObject","inLanguage":"de","@id":"https:\/\/bien-etreiris.ch\/de\/produktpraesentation\/natuerliche-heilmittel\/saeure-basen-haushalt\/tischleindeckdich\/tischleindeckdich-fruchtig-mit-ananas\/#primaryimage","url":"https:\/\/bien-etreiris.ch\/wp-content\/uploads\/2019\/09\/AlcaMenu-fruit\u00e9-\u00e0-l\u2018ananas.jpg","contentUrl":"https:\/\/bien-etreiris.ch\/wp-content\/uploads\/2019\/09\/AlcaMenu-fruit\u00e9-\u00e0-l\u2018ananas.jpg","width":550,"height":367},{"@type":"BreadcrumbList","@id":"https:\/\/bien-etreiris.ch\/de\/produktpraesentation\/natuerliche-heilmittel\/saeure-basen-haushalt\/tischleindeckdich\/tischleindeckdich-fruchtig-mit-ananas\/#breadcrumb","itemListElement":[{"@type":"ListItem","position":1,"name":"Home","item":"https:\/\/bien-etreiris.ch\/de\/"},{"@type":"ListItem","position":2,"name":"PRODUKTPR\u00c4SENTATION","item":"https:\/\/bien-etreiris.ch\/de\/produktpraesentation\/"},{"@type":"ListItem","position":3,"name":"NAT\u00dcRLICHE HEILMITTEL","item":"https:\/\/bien-etreiris.ch\/de\/produktpraesentation\/natuerliche-heilmittel\/"},{"@type":"ListItem","position":4,"name":"S\u00c4URE-BASEN-HAUSHALT","item":"https:\/\/bien-etreiris.ch\/de\/produktpraesentation\/natuerliche-heilmittel\/saeure-basen-haushalt\/"},{"@type":"ListItem","position":5,"name":"TISCHLEINDECKDICH","item":"https:\/\/bien-etreiris.ch\/de\/produktpraesentation\/natuerliche-heilmittel\/saeure-basen-haushalt\/tischleindeckdich\/"},{"@type":"ListItem","position":6,"name":"FRUCHTIG MIT ANANAS"}]},{"@type":"WebSite","@id":"https:\/\/bien-etreiris.ch\/de\/#website","url":"https:\/\/bien-etreiris.ch\/de\/","name":"Bien-\u00eatre Iris","description":"IHRE Gesundheit ist uns wichtig","potentialAction":[{"@type":"SearchAction","target":{"@type":"EntryPoint","urlTemplate":"https:\/\/bien-etreiris.ch\/de\/?s={search_term_string}"},"query-input":{"@type":"PropertyValueSpecification","valueRequired":true,"valueName":"search_term_string"}}],"inLanguage":"de"}]}},"_links":{"self":[{"href":"https:\/\/bien-etreiris.ch\/de\/wp-json\/wp\/v2\/pages\/28696","targetHints":{"allow":["GET"]}}],"collection":[{"href":"https:\/\/bien-etreiris.ch\/de\/wp-json\/wp\/v2\/pages"}],"about":[{"href":"https:\/\/bien-etreiris.ch\/de\/wp-json\/wp\/v2\/types\/page"}],"author":[{"embeddable":true,"href":"https:\/\/bien-etreiris.ch\/de\/wp-json\/wp\/v2\/users\/1"}],"replies":[{"embeddable":true,"href":"https:\/\/bien-etreiris.ch\/de\/wp-json\/wp\/v2\/comments?post=28696"}],"version-history":[{"count":2,"href":"https:\/\/bien-etreiris.ch\/de\/wp-json\/wp\/v2\/pages\/28696\/revisions"}],"predecessor-version":[{"id":28700,"href":"https:\/\/bien-etreiris.ch\/de\/wp-json\/wp\/v2\/pages\/28696\/revisions\/28700"}],"up":[{"embeddable":true,"href":"https:\/\/bien-etreiris.ch\/de\/wp-json\/wp\/v2\/pages\/13722"}],"wp:featuredmedia":[{"embeddable":true,"href":"https:\/\/bien-etreiris.ch\/de\/wp-json\/wp\/v2\/media\/27990"}],"wp:attachment":[{"href":"https:\/\/bien-etreiris.ch\/de\/wp-json\/wp\/v2\/media?parent=28696"}],"curies":[{"name":"wp","href":"https:\/\/api.w.org\/{rel}","templated":true}]}}